{"id":9348,"date":"2020-04-28T14:16:12","date_gmt":"2020-04-28T18:16:12","guid":{"rendered":"https:\/\/www.caissealliance.com\/?page_id=9348"},"modified":"2025-05-07T14:17:28","modified_gmt":"2025-05-07T18:17:28","slug":"bilan-social-2018","status":"publish","type":"page","link":"https:\/\/www.caissealliance.com\/fr\/ma-caisse\/implication-sociale\/projets-et-realisations\/bilan-social-2018\/","title":{"rendered":"Bilan social 2018"},"content":{"rendered":"<h1>Bilan social 2018<\/h1>\n<h3><a href=\"https:\/\/www.caissealliance.com\/wp-content\/uploads\/Rapport_annuel_2018.pdf\">Cliquez ici<\/a> pour consulter le rapport annuel 2018.<\/h3>\n<p>&nbsp;<\/p>\n<table data-wrap-id=\"table-id-glimg\">\n<tbody>\n<tr data-wrap-id=\"table-row-xwzcm\">\n<td style=\"width: 178px;\" data-wrap-id=\"table-cell-yjewv\"><strong>R\u00e9gions<\/strong><\/td>\n<td style=\"width: 338px;\" data-wrap-id=\"table-cell-mojqe\"><strong>Dons et commandites 2018<\/strong><\/td>\n<\/tr>\n<tr data-wrap-id=\"table-row-sogoz\">\n<td style=\"width: 178px;\" data-wrap-id=\"table-cell-duelq\">R\u00e9gion Nord-Ouest<\/td>\n<td style=\"width: 338px;\" data-wrap-id=\"table-cell-pagri\"><strong>56 980 $<br \/>\n<\/strong>+ <strong>470 000 $ <\/strong>&#8211; Fonds d\u2019aide aux communaut\u00e9s<\/td>\n<\/tr>\n<tr data-wrap-id=\"table-row-crrdb\">\n<td style=\"width: 178px;\" data-wrap-id=\"table-cell-htjxj\">R\u00e9gion Nord-Centre<\/td>\n<td style=\"width: 338px;\" data-wrap-id=\"table-cell-yqyyf\"><strong>44 000 $<br \/>\n<\/strong>+ <strong>46 000 $<\/strong> &#8211; Fonds d\u2019aide aux communaut\u00e9s<\/td>\n<\/tr>\n<tr data-wrap-id=\"table-row-utrkx\">\n<td style=\"width: 178px;\" data-wrap-id=\"table-cell-loxww\">R\u00e9gion Nord-Est<\/td>\n<td style=\"width: 338px;\" data-wrap-id=\"table-cell-mnsjb\"><strong>68 367 $<\/strong><\/td>\n<\/tr>\n<tr data-wrap-id=\"table-row-tliee\">\n<td style=\"width: 178px;\" data-wrap-id=\"table-cell-sqmmc\">R\u00e9gion Nipissing-Ouest<\/td>\n<td style=\"width: 338px;\" data-wrap-id=\"table-cell-tfcem\"><strong>70 320 $<\/strong><\/td>\n<\/tr>\n<tr data-wrap-id=\"table-row-bexzj\">\n<td style=\"width: 178px;\" data-wrap-id=\"table-cell-kpxmj\">R\u00e9gion Nipissing-Centre<\/td>\n<td style=\"width: 338px;\" data-wrap-id=\"table-cell-ihmtw\"><strong>38 316 $<br \/>\n<\/strong>+ <strong>70 000 $<\/strong> &#8211; Fonds d\u2019aide aux communaut\u00e9s<\/td>\n<\/tr>\n<tr data-wrap-id=\"table-row-sxqgr\">\n<td style=\"width: 178px;\" data-wrap-id=\"table-cell-lticl\">R\u00e9gion Nipissing-Est<\/td>\n<td style=\"width: 338px;\" data-wrap-id=\"table-cell-qgnvi\"><strong>56 500 $<\/strong><\/td>\n<\/tr>\n<tr data-wrap-id=\"table-row-okfbu\">\n<td style=\"width: 178px;\" data-wrap-id=\"table-cell-hxafe\">Si\u00e8ge social<\/td>\n<td style=\"width: 338px;\" data-wrap-id=\"table-cell-wxiyq\"><strong>57 650 $<\/strong><\/td>\n<\/tr>\n<tr data-wrap-id=\"table-row-fjyti\">\n<td style=\"width: 178px;\" data-wrap-id=\"table-cell-euqsr\"><strong>TOTAL<\/strong><\/td>\n<td style=\"width: 338px;\" data-wrap-id=\"table-cell-qqzhr\"><strong>978 133 $<\/strong><\/td>\n<\/tr>\n<\/tbody>\n<\/table>\n<h2>Caisse populaire Alliance<\/h2>\n<h3>Dons et commandites en 2018<\/h3>\n<p><strong>978 133 $<\/strong><\/p>\n<p>En 2018, la Caisse a maintenu sa distinction coop\u00e9rative en versant une somme de <u>978 133 $<\/u> \u00e0 ses communaut\u00e9s sous forme de dons et commandites. Fid\u00e8le \u00e0 sa mission, sa vision et ses valeurs, la Caisse est \u00e0 l\u2019\u00e9coute des besoins des communaut\u00e9s desservies et investi aupr\u00e8s d\u2019organisations locales \u00e0 vocation culturelle, sociale, \u00e9ducative, sportive, m\u00e9dicale, \u00e9conomique et communautaire. Ce bilan s\u2019inscrit dans le prolongement de ce qui nous distingue en tant que coop\u00e9rative.<\/p>\n<h2>R\u00e9gion Nord-Ouest<\/h2>\n<p><strong>56 980 $ <\/strong>+ <strong>470 000 $<\/strong> provenant du Fonds d\u2019aide aux communaut\u00e9s<\/p>\n<p>Suivant son mandat coop\u00e9ratif, la Caisse s\u2019est d\u00e9marqu\u00e9e par son implication communautaire en contribuant \u00e0 l\u2019essor des communaut\u00e9s de Hearst, Mattice et Longlac. 56 980 $ ont \u00e9t\u00e9 vers\u00e9s sous forme de dons et de commandites. Gr\u00e2ce au Fonds d\u2019aide aux communaut\u00e9s, une somme additionnelle de 470 000 $ a \u00e9t\u00e9 investie dans nos communaut\u00e9s.<\/p>\n<p><img fetchpriority=\"high\" decoding=\"async\" class=\"alignnone size-full wp-image-6210\" src=\"https:\/\/www.caissealliance.com\/wp-content\/uploads\/Region-Nord-ouest.jpg\" alt=\"\" width=\"810\" height=\"540\" srcset=\"https:\/\/www.caissealliance.com\/wp-content\/uploads\/Region-Nord-ouest.jpg 810w, https:\/\/www.caissealliance.com\/wp-content\/uploads\/Region-Nord-ouest-300x200.jpg 300w, https:\/\/www.caissealliance.com\/wp-content\/uploads\/Region-Nord-ouest-768x512.jpg 768w, https:\/\/www.caissealliance.com\/wp-content\/uploads\/Region-Nord-ouest-250x167.jpg 250w\" sizes=\"(max-width: 810px) 100vw, 810px\" \/><\/p>\n<h2>R\u00e9gion Nord-Centre<\/h2>\n<p><strong>44 000 $ <\/strong>+ <strong>46 000 $<\/strong> provenant du Fonds d\u2019aide aux communaut\u00e9s<\/p>\n<p>Vos Centres de services de Fauquier, Kapuskasing, Moonbeam, Opasatika, Smooth Rock Falls et Val Rita ont fait valoir leur distinction coop\u00e9rative en distribuant 44 000 $ sous forme de dons et de commandites. Une contribution additionnelle de 46 000 $ a \u00e9t\u00e9 offerte gr\u00e2ce au Fonds d\u2019aide aux communaut\u00e9s.<\/p>\n<p><img decoding=\"async\" class=\"alignnone size-full wp-image-6212\" src=\"https:\/\/www.caissealliance.com\/wp-content\/uploads\/Region-Nord-centre.jpg\" alt=\"\" width=\"810\" height=\"367\" srcset=\"https:\/\/www.caissealliance.com\/wp-content\/uploads\/Region-Nord-centre.jpg 810w, https:\/\/www.caissealliance.com\/wp-content\/uploads\/Region-Nord-centre-300x136.jpg 300w, https:\/\/www.caissealliance.com\/wp-content\/uploads\/Region-Nord-centre-768x348.jpg 768w, https:\/\/www.caissealliance.com\/wp-content\/uploads\/Region-Nord-centre-250x113.jpg 250w\" sizes=\"(max-width: 810px) 100vw, 810px\" \/><\/p>\n<h2>R\u00e9gion Nord-Est<\/h2>\n<p><strong>68 367 $<\/strong><\/p>\n<p>Notre engagement communautaire demeure au c\u0153ur de nos valeurs coop\u00e9ratives. Cette ann\u00e9e, le succ\u00e8s financier de la Caisse a permis d\u2019offrir 68 367 $ en dons et commandites. En plus des appuis financiers, nous sommes fiers d\u2019avoir particip\u00e9 \u00e0 plusieurs diff\u00e9rentes activit\u00e9s nous permettant de contribuer \u00e0 l\u2019\u00e9panouissement des communaut\u00e9s de Timmins, Iroquois Falls et Val Gagn\u00e9.<\/p>\n<p><img decoding=\"async\" class=\"alignnone size-full wp-image-6214\" src=\"https:\/\/www.caissealliance.com\/wp-content\/uploads\/Region-Nord-est.jpg\" alt=\"\" width=\"810\" height=\"428\" srcset=\"https:\/\/www.caissealliance.com\/wp-content\/uploads\/Region-Nord-est.jpg 810w, https:\/\/www.caissealliance.com\/wp-content\/uploads\/Region-Nord-est-300x159.jpg 300w, https:\/\/www.caissealliance.com\/wp-content\/uploads\/Region-Nord-est-768x406.jpg 768w, https:\/\/www.caissealliance.com\/wp-content\/uploads\/Region-Nord-est-250x132.jpg 250w\" sizes=\"(max-width: 810px) 100vw, 810px\" \/><\/p>\n<h2>R\u00e9gion Nipissing-Ouest<\/h2>\n<p><strong>70 320 $<\/strong><\/p>\n<p>La Caisse est au coeur du d\u00e9veloppement des communaut\u00e9s d\u2019Alban, Argyle, Markstay-Warren, No\u00eblville, St-Charles et Verner. Pour contribuer au succ\u00e8s de nos membres, une somme de 70 320 $ a \u00e9t\u00e9 vers\u00e9e sous forme de dons et de commandites dans diff\u00e9rents secteurs.<\/p>\n<p><img loading=\"lazy\" decoding=\"async\" class=\"alignnone size-full wp-image-6216\" src=\"https:\/\/www.caissealliance.com\/wp-content\/uploads\/Region-Nipissing-Ouest.jpg\" alt=\"\" width=\"810\" height=\"335\" srcset=\"https:\/\/www.caissealliance.com\/wp-content\/uploads\/Region-Nipissing-Ouest.jpg 810w, https:\/\/www.caissealliance.com\/wp-content\/uploads\/Region-Nipissing-Ouest-300x124.jpg 300w, https:\/\/www.caissealliance.com\/wp-content\/uploads\/Region-Nipissing-Ouest-768x318.jpg 768w, https:\/\/www.caissealliance.com\/wp-content\/uploads\/Region-Nipissing-Ouest-250x103.jpg 250w\" sizes=\"(max-width: 810px) 100vw, 810px\" \/><\/p>\n<h2>R\u00e9gion Nipissing-Centre<\/h2>\n<p><strong>38 316 $ <\/strong>+ <strong>70 000 $<\/strong> provenant du Fonds d\u2019aide aux communaut\u00e9s<\/p>\n<p>La Caisse s\u2019implique dans une multitude d\u2019activit\u00e9s tant par la pr\u00e9sence et l\u2019engagement de ses employ\u00e9s que par les dons et les commandites vers\u00e9s dans les communaut\u00e9s de Sturgeon Falls et Field. Cette ann\u00e9e, c\u2019est un montant de 38 316 $ qui a \u00e9t\u00e9 distribu\u00e9, en plus de 70 000 $ provenant du Fonds d\u2019aide aux communaut\u00e9s.<\/p>\n<p><img loading=\"lazy\" decoding=\"async\" class=\"alignnone size-full wp-image-6218\" src=\"https:\/\/www.caissealliance.com\/wp-content\/uploads\/Region-Nipissing-centre.jpg\" alt=\"\" width=\"810\" height=\"345\" srcset=\"https:\/\/www.caissealliance.com\/wp-content\/uploads\/Region-Nipissing-centre.jpg 810w, https:\/\/www.caissealliance.com\/wp-content\/uploads\/Region-Nipissing-centre-300x128.jpg 300w, https:\/\/www.caissealliance.com\/wp-content\/uploads\/Region-Nipissing-centre-768x327.jpg 768w, https:\/\/www.caissealliance.com\/wp-content\/uploads\/Region-Nipissing-centre-250x106.jpg 250w\" sizes=\"(max-width: 810px) 100vw, 810px\" \/><\/p>\n<h2>R\u00e9gion Nipissing-Est<\/h2>\n<p><strong>56 500 $<\/strong><\/p>\n<p>Les Centres de services de Bonfield, Mattawa et North Bay ont fait preuve de coop\u00e9ration en participant activement \u00e0 l\u2019\u00e9panouissement de leurs communaut\u00e9s et en contribuant au mieux-\u00eatre des gens qui les constituent. En somme, c\u2019est une contribution de 56 500 $ qui a \u00e9t\u00e9 offerte en dons et commandites.<\/p>\n<p><img loading=\"lazy\" decoding=\"async\" class=\"alignnone size-full wp-image-6220\" src=\"https:\/\/www.caissealliance.com\/wp-content\/uploads\/Region-Nipissing-est.jpg\" alt=\"\" width=\"810\" height=\"259\" srcset=\"https:\/\/www.caissealliance.com\/wp-content\/uploads\/Region-Nipissing-est.jpg 810w, https:\/\/www.caissealliance.com\/wp-content\/uploads\/Region-Nipissing-est-300x96.jpg 300w, https:\/\/www.caissealliance.com\/wp-content\/uploads\/Region-Nipissing-est-768x246.jpg 768w, https:\/\/www.caissealliance.com\/wp-content\/uploads\/Region-Nipissing-est-250x80.jpg 250w\" sizes=\"(max-width: 810px) 100vw, 810px\" \/><\/p>\n<h2>Si\u00e8ge social<\/h2>\n<p><strong>57 650 $<\/strong><\/p>\n<p>Le si\u00e8ge social a soutenu des projets significatifs contribuant au dynamisme de ses communaut\u00e9s, tout en offrant \u00e0 ses membres et \u00e0 la population un milieu o\u00f9 il fait bon vivre. Une somme de 57 650 $ a \u00e9t\u00e9 distribu\u00e9e en dons et commandites.<\/p>\n<p><strong>Chers membres, merci de votre fid\u00e9lit\u00e9!<\/strong><\/p>\n<p><iframe src=\"https:\/\/www.youtube.com\/embed\/F6r6lZCmK2g\" width=\"560\" height=\"315\" frameborder=\"0\" allowfullscreen=\"allowfullscreen\" data-mce-fragment=\"1\"><\/iframe><\/p>\n<h2>Vous voulez suivre les projets en cours dans votre communaut\u00e9?<\/h2>\n<p>Chaque Caisse est sp\u00e9cialement engag\u00e9e \u00e0 produire un impact concret dans sa communaut\u00e9. Rendez-vous sur la page Facebook de votre Caisse locale pour conna\u00eetre les projets qui produisent un impact direct pr\u00e8s de chez vous.<\/p>\n<h3><a href=\"https:\/\/www.caissealliance.com\/fr\/centres-de-services\/\">Trouvez la page Facebook de votre Caisse<\/a><\/h3>\n<p>Notre carte interactive vous dirigera en quelques clics sur la page Facebook de la Caisse la plus pr\u00e8s de chez vous.<\/p>\n","protected":false},"excerpt":{"rendered":"<p>&nbsp; R\u00e9gions Dons et commandites 2018 R\u00e9gion Nord-Ouest 56 980 $ + 470 000 $ &#8211; Fonds d\u2019aide aux communaut\u00e9s R\u00e9gion Nord-Centre 44 000 $ + 46 000 $ &#8211; Fonds d\u2019aide aux communaut\u00e9s R\u00e9gion Nord-Est 68 367 $ R\u00e9gion Nipissing-Ouest 70 320 $ R\u00e9gion Nipissing-Centre 38 316 $ + 70 000 $ &#8211; Fonds [&#8230;]<\/p>\n","protected":false},"author":7,"featured_media":0,"parent":2323,"menu_order":1,"comment_status":"closed","ping_status":"closed","template":"","meta":{"_acf_changed":false,"_monsterinsights_skip_tracking":false,"_monsterinsights_sitenote_active":false,"_monsterinsights_sitenote_note":"","_monsterinsights_sitenote_category":0,"footnotes":""},"class_list":["post-9348","page","type-page","status-publish","hentry"],"acf":[],"yoast_head":"<!-- This site is optimized with the Yoast SEO plugin v27.3 - https:\/\/yoast.com\/product\/yoast-seo-wordpress\/ -->\n<title>Bilan social 2018 | Caisse Alliance<\/title>\n<meta name=\"robots\" content=\"index, follow, max-snippet:-1, max-image-preview:large, max-video-preview:-1\" \/>\n<link rel=\"canonical\" href=\"https:\/\/www.caissealliance.com\/fr\/ma-caisse\/implication-sociale\/projets-et-realisations\/bilan-social-2018\/\" \/>\n<meta property=\"og:locale\" content=\"fr_FR\" \/>\n<meta property=\"og:type\" content=\"article\" \/>\n<meta property=\"og:title\" content=\"Bilan social 2018 | Caisse Alliance\" \/>\n<meta property=\"og:description\" content=\"&nbsp; R\u00e9gions Dons et commandites 2018 R\u00e9gion Nord-Ouest 56 980 $ + 470 000 $ &#8211; Fonds d\u2019aide aux communaut\u00e9s R\u00e9gion Nord-Centre 44 000 $ + 46 000 $ &#8211; Fonds d\u2019aide aux communaut\u00e9s R\u00e9gion Nord-Est 68 367 $ R\u00e9gion Nipissing-Ouest 70 320 $ R\u00e9gion Nipissing-Centre 38 316 $ + 70 000 $ &#8211; Fonds [...]\" \/>\n<meta property=\"og:url\" content=\"https:\/\/www.caissealliance.com\/fr\/ma-caisse\/implication-sociale\/projets-et-realisations\/bilan-social-2018\/\" \/>\n<meta property=\"og:site_name\" content=\"Caisse Alliance\" \/>\n<meta property=\"article:modified_time\" content=\"2025-05-07T18:17:28+00:00\" \/>\n<meta property=\"og:image\" content=\"https:\/\/www.caissealliance.com\/wp-content\/uploads\/Region-Nord-ouest.jpg\" \/>\n\t<meta property=\"og:image:width\" content=\"810\" \/>\n\t<meta property=\"og:image:height\" content=\"540\" \/>\n\t<meta property=\"og:image:type\" content=\"image\/jpeg\" \/>\n<meta name=\"twitter:card\" content=\"summary_large_image\" \/>\n<meta name=\"twitter:label1\" content=\"Dur\u00e9e de lecture estim\u00e9e\" \/>\n\t<meta name=\"twitter:data1\" content=\"5 minutes\" \/>\n<script type=\"application\/ld+json\" class=\"yoast-schema-graph\">{\"@context\":\"https:\\\/\\\/schema.org\",\"@graph\":[{\"@type\":\"WebPage\",\"@id\":\"https:\\\/\\\/www.caissealliance.com\\\/fr\\\/ma-caisse\\\/implication-sociale\\\/projets-et-realisations\\\/bilan-social-2018\\\/\",\"url\":\"https:\\\/\\\/www.caissealliance.com\\\/fr\\\/ma-caisse\\\/implication-sociale\\\/projets-et-realisations\\\/bilan-social-2018\\\/\",\"name\":\"Bilan social 2018 | Caisse Alliance\",\"isPartOf\":{\"@id\":\"https:\\\/\\\/www.caissealliance.com\\\/fr\\\/#website\"},\"primaryImageOfPage\":{\"@id\":\"https:\\\/\\\/www.caissealliance.com\\\/fr\\\/ma-caisse\\\/implication-sociale\\\/projets-et-realisations\\\/bilan-social-2018\\\/#primaryimage\"},\"image\":{\"@id\":\"https:\\\/\\\/www.caissealliance.com\\\/fr\\\/ma-caisse\\\/implication-sociale\\\/projets-et-realisations\\\/bilan-social-2018\\\/#primaryimage\"},\"thumbnailUrl\":\"https:\\\/\\\/www.caissealliance.com\\\/wp-content\\\/uploads\\\/Region-Nord-ouest.jpg\",\"datePublished\":\"2020-04-28T18:16:12+00:00\",\"dateModified\":\"2025-05-07T18:17:28+00:00\",\"breadcrumb\":{\"@id\":\"https:\\\/\\\/www.caissealliance.com\\\/fr\\\/ma-caisse\\\/implication-sociale\\\/projets-et-realisations\\\/bilan-social-2018\\\/#breadcrumb\"},\"inLanguage\":\"fr-FR\",\"potentialAction\":[{\"@type\":\"ReadAction\",\"target\":[\"https:\\\/\\\/www.caissealliance.com\\\/fr\\\/ma-caisse\\\/implication-sociale\\\/projets-et-realisations\\\/bilan-social-2018\\\/\"]}]},{\"@type\":\"ImageObject\",\"inLanguage\":\"fr-FR\",\"@id\":\"https:\\\/\\\/www.caissealliance.com\\\/fr\\\/ma-caisse\\\/implication-sociale\\\/projets-et-realisations\\\/bilan-social-2018\\\/#primaryimage\",\"url\":\"https:\\\/\\\/www.caissealliance.com\\\/wp-content\\\/uploads\\\/Region-Nord-ouest.jpg\",\"contentUrl\":\"https:\\\/\\\/www.caissealliance.com\\\/wp-content\\\/uploads\\\/Region-Nord-ouest.jpg\"},{\"@type\":\"BreadcrumbList\",\"@id\":\"https:\\\/\\\/www.caissealliance.com\\\/fr\\\/ma-caisse\\\/implication-sociale\\\/projets-et-realisations\\\/bilan-social-2018\\\/#breadcrumb\",\"itemListElement\":[{\"@type\":\"ListItem\",\"position\":1,\"name\":\"Home\",\"item\":\"https:\\\/\\\/www.caissealliance.com\\\/fr\\\/\"},{\"@type\":\"ListItem\",\"position\":2,\"name\":\"Ma Caisse\",\"item\":\"https:\\\/\\\/www.caissealliance.com\\\/fr\\\/ma-caisse\\\/\"},{\"@type\":\"ListItem\",\"position\":3,\"name\":\"Implication sociale\",\"item\":\"https:\\\/\\\/www.caissealliance.com\\\/fr\\\/ma-caisse\\\/implication-sociale\\\/\"},{\"@type\":\"ListItem\",\"position\":4,\"name\":\"Projets et r\u00e9alisations\",\"item\":\"https:\\\/\\\/www.caissealliance.com\\\/fr\\\/ma-caisse\\\/implication-sociale\\\/projets-et-realisations\\\/\"},{\"@type\":\"ListItem\",\"position\":5,\"name\":\"Bilan social 2018\"}]},{\"@type\":\"WebSite\",\"@id\":\"https:\\\/\\\/www.caissealliance.com\\\/fr\\\/#website\",\"url\":\"https:\\\/\\\/www.caissealliance.com\\\/fr\\\/\",\"name\":\"Caisse Alliance\",\"description\":\"Site Web de la Caisse Alliance\",\"potentialAction\":[{\"@type\":\"SearchAction\",\"target\":{\"@type\":\"EntryPoint\",\"urlTemplate\":\"https:\\\/\\\/www.caissealliance.com\\\/fr\\\/?s={search_term_string}\"},\"query-input\":{\"@type\":\"PropertyValueSpecification\",\"valueRequired\":true,\"valueName\":\"search_term_string\"}}],\"inLanguage\":\"fr-FR\"}]}<\/script>\n<!-- \/ Yoast SEO plugin. -->","yoast_head_json":{"title":"Bilan social 2018 | Caisse Alliance","robots":{"index":"index","follow":"follow","max-snippet":"max-snippet:-1","max-image-preview":"max-image-preview:large","max-video-preview":"max-video-preview:-1"},"canonical":"https:\/\/www.caissealliance.com\/fr\/ma-caisse\/implication-sociale\/projets-et-realisations\/bilan-social-2018\/","og_locale":"fr_FR","og_type":"article","og_title":"Bilan social 2018 | Caisse Alliance","og_description":"&nbsp; R\u00e9gions Dons et commandites 2018 R\u00e9gion Nord-Ouest 56 980 $ + 470 000 $ &#8211; Fonds d\u2019aide aux communaut\u00e9s R\u00e9gion Nord-Centre 44 000 $ + 46 000 $ &#8211; Fonds d\u2019aide aux communaut\u00e9s R\u00e9gion Nord-Est 68 367 $ R\u00e9gion Nipissing-Ouest 70 320 $ R\u00e9gion Nipissing-Centre 38 316 $ + 70 000 $ &#8211; Fonds [...]","og_url":"https:\/\/www.caissealliance.com\/fr\/ma-caisse\/implication-sociale\/projets-et-realisations\/bilan-social-2018\/","og_site_name":"Caisse Alliance","article_modified_time":"2025-05-07T18:17:28+00:00","og_image":[{"width":810,"height":540,"url":"https:\/\/www.caissealliance.com\/wp-content\/uploads\/Region-Nord-ouest.jpg","type":"image\/jpeg"}],"twitter_card":"summary_large_image","twitter_misc":{"Dur\u00e9e de lecture estim\u00e9e":"5 minutes"},"schema":{"@context":"https:\/\/schema.org","@graph":[{"@type":"WebPage","@id":"https:\/\/www.caissealliance.com\/fr\/ma-caisse\/implication-sociale\/projets-et-realisations\/bilan-social-2018\/","url":"https:\/\/www.caissealliance.com\/fr\/ma-caisse\/implication-sociale\/projets-et-realisations\/bilan-social-2018\/","name":"Bilan social 2018 | Caisse Alliance","isPartOf":{"@id":"https:\/\/www.caissealliance.com\/fr\/#website"},"primaryImageOfPage":{"@id":"https:\/\/www.caissealliance.com\/fr\/ma-caisse\/implication-sociale\/projets-et-realisations\/bilan-social-2018\/#primaryimage"},"image":{"@id":"https:\/\/www.caissealliance.com\/fr\/ma-caisse\/implication-sociale\/projets-et-realisations\/bilan-social-2018\/#primaryimage"},"thumbnailUrl":"https:\/\/www.caissealliance.com\/wp-content\/uploads\/Region-Nord-ouest.jpg","datePublished":"2020-04-28T18:16:12+00:00","dateModified":"2025-05-07T18:17:28+00:00","breadcrumb":{"@id":"https:\/\/www.caissealliance.com\/fr\/ma-caisse\/implication-sociale\/projets-et-realisations\/bilan-social-2018\/#breadcrumb"},"inLanguage":"fr-FR","potentialAction":[{"@type":"ReadAction","target":["https:\/\/www.caissealliance.com\/fr\/ma-caisse\/implication-sociale\/projets-et-realisations\/bilan-social-2018\/"]}]},{"@type":"ImageObject","inLanguage":"fr-FR","@id":"https:\/\/www.caissealliance.com\/fr\/ma-caisse\/implication-sociale\/projets-et-realisations\/bilan-social-2018\/#primaryimage","url":"https:\/\/www.caissealliance.com\/wp-content\/uploads\/Region-Nord-ouest.jpg","contentUrl":"https:\/\/www.caissealliance.com\/wp-content\/uploads\/Region-Nord-ouest.jpg"},{"@type":"BreadcrumbList","@id":"https:\/\/www.caissealliance.com\/fr\/ma-caisse\/implication-sociale\/projets-et-realisations\/bilan-social-2018\/#breadcrumb","itemListElement":[{"@type":"ListItem","position":1,"name":"Home","item":"https:\/\/www.caissealliance.com\/fr\/"},{"@type":"ListItem","position":2,"name":"Ma Caisse","item":"https:\/\/www.caissealliance.com\/fr\/ma-caisse\/"},{"@type":"ListItem","position":3,"name":"Implication sociale","item":"https:\/\/www.caissealliance.com\/fr\/ma-caisse\/implication-sociale\/"},{"@type":"ListItem","position":4,"name":"Projets et r\u00e9alisations","item":"https:\/\/www.caissealliance.com\/fr\/ma-caisse\/implication-sociale\/projets-et-realisations\/"},{"@type":"ListItem","position":5,"name":"Bilan social 2018"}]},{"@type":"WebSite","@id":"https:\/\/www.caissealliance.com\/fr\/#website","url":"https:\/\/www.caissealliance.com\/fr\/","name":"Caisse Alliance","description":"Site Web de la Caisse Alliance","potentialAction":[{"@type":"SearchAction","target":{"@type":"EntryPoint","urlTemplate":"https:\/\/www.caissealliance.com\/fr\/?s={search_term_string}"},"query-input":{"@type":"PropertyValueSpecification","valueRequired":true,"valueName":"search_term_string"}}],"inLanguage":"fr-FR"}]}},"publishpress_future_action":{"enabled":false,"date":"2026-04-26 00:51:31","action":"change-status","newStatus":"draft","terms":[],"taxonomy":"section","extraData":[]},"publishpress_future_workflow_manual_trigger":{"enabledWorkflows":[]},"_links":{"self":[{"href":"https:\/\/www.caissealliance.com\/fr\/wp-json\/wp\/v2\/pages\/9348","targetHints":{"allow":["GET"]}}],"collection":[{"href":"https:\/\/www.caissealliance.com\/fr\/wp-json\/wp\/v2\/pages"}],"about":[{"href":"https:\/\/www.caissealliance.com\/fr\/wp-json\/wp\/v2\/types\/page"}],"author":[{"embeddable":true,"href":"https:\/\/www.caissealliance.com\/fr\/wp-json\/wp\/v2\/users\/7"}],"replies":[{"embeddable":true,"href":"https:\/\/www.caissealliance.com\/fr\/wp-json\/wp\/v2\/comments?post=9348"}],"version-history":[{"count":2,"href":"https:\/\/www.caissealliance.com\/fr\/wp-json\/wp\/v2\/pages\/9348\/revisions"}],"predecessor-version":[{"id":9440,"href":"https:\/\/www.caissealliance.com\/fr\/wp-json\/wp\/v2\/pages\/9348\/revisions\/9440"}],"up":[{"embeddable":true,"href":"https:\/\/www.caissealliance.com\/fr\/wp-json\/wp\/v2\/pages\/2323"}],"wp:attachment":[{"href":"https:\/\/www.caissealliance.com\/fr\/wp-json\/wp\/v2\/media?parent=9348"}],"curies":[{"name":"wp","href":"https:\/\/api.w.org\/{rel}","templated":true}]}}