{"id":9342,"date":"2020-04-29T17:25:00","date_gmt":"2020-04-29T21:25:00","guid":{"rendered":"https:\/\/www.caissealliance.com\/?page_id=9342"},"modified":"2025-05-07T14:17:33","modified_gmt":"2025-05-07T18:17:33","slug":"bilan-social-2019","status":"publish","type":"page","link":"https:\/\/www.caissealliance.com\/fr\/ma-caisse\/implication-sociale\/projets-et-realisations\/bilan-social-2019\/","title":{"rendered":"Bilan social 2019"},"content":{"rendered":"<h1>Bilan social 2019<\/h1>\n<h3><iframe src=\"https:\/\/www.youtube.com\/embed\/jnmrA3CiEq8?autoplay=0&amp;fs=0&amp;iv_load_policy=3&amp;showinfo=0&amp;rel=0&amp;cc_load_policy=0&amp;start=0&amp;end=0&amp;origin=https:\/\/youtubeembedcode.com\" width=\"788.54\" height=\"443\" frameborder=\"0\" marginwidth=\"0\" marginheight=\"0\" scrolling=\"no\"><\/iframe><\/h3>\n<p>T\u00e9moignages de gens de chez vous.<em> (Vid\u00e9o : 3:48)<\/em><\/p>\n<p>&nbsp;<\/p>\n<h3><a href=\"https:\/\/www.caissealliance.com\/wp-content\/uploads\/Rapport_annuel_2019.pdf\">Cliquez ici<\/a> pour consulter le rapport annuel 2019.<\/h3>\n<p>&nbsp;<\/p>\n<table style=\"width: 763px; height: 342px;\" data-wrap-id=\"table-id-glimg\">\n<tbody>\n<tr data-wrap-id=\"table-row-xwzcm\">\n<td style=\"width: 252px;\" data-wrap-id=\"table-cell-yjewv\"><strong>R\u00e9gions<\/strong><\/td>\n<td style=\"width: 495px;\" data-wrap-id=\"table-cell-mojqe\"><strong>Dons et commandites 2019<\/strong><\/td>\n<\/tr>\n<tr data-wrap-id=\"table-row-sogoz\">\n<td style=\"width: 252px;\" data-wrap-id=\"table-cell-duelq\">R\u00e9gion Nord-Ouest<\/td>\n<td style=\"width: 495px;\" data-wrap-id=\"table-cell-pagri\"><strong>50 315 $ <\/strong>+ <strong>85 000 $ <\/strong>provenant du fonds communautaire<\/td>\n<\/tr>\n<tr data-wrap-id=\"table-row-crrdb\">\n<td style=\"width: 252px;\" data-wrap-id=\"table-cell-htjxj\">R\u00e9gion Nord-Centre<\/td>\n<td style=\"width: 495px;\" data-wrap-id=\"table-cell-yqyyf\"><strong>42 522 $ <\/strong>+ <strong>17 500 $<\/strong> provenant du fonds communautaire<\/td>\n<\/tr>\n<tr data-wrap-id=\"table-row-utrkx\">\n<td style=\"width: 252px;\" data-wrap-id=\"table-cell-loxww\">R\u00e9gion Nord-Est<\/td>\n<td style=\"width: 495px;\" data-wrap-id=\"table-cell-mnsjb\"><strong>57 716 $ <\/strong>+\u00a0<strong>40 000 $ <\/strong>provenant du fonds communautaire<\/td>\n<\/tr>\n<tr data-wrap-id=\"table-row-tliee\">\n<td style=\"width: 252px;\" data-wrap-id=\"table-cell-sqmmc\">R\u00e9gion Nipissing-Ouest<\/td>\n<td style=\"width: 495px;\" data-wrap-id=\"table-cell-tfcem\"><strong>44 597 $\u00a0<\/strong>+\u00a0<strong>110 000 $ <\/strong>provenant du fonds communautaire<\/td>\n<\/tr>\n<tr data-wrap-id=\"table-row-bexzj\">\n<td style=\"width: 252px;\" data-wrap-id=\"table-cell-kpxmj\">R\u00e9gion Nipissing-Centre<\/td>\n<td style=\"width: 495px;\" data-wrap-id=\"table-cell-ihmtw\"><strong>49 235 $<\/strong><\/td>\n<\/tr>\n<tr data-wrap-id=\"table-row-sxqgr\">\n<td style=\"width: 252px;\" data-wrap-id=\"table-cell-lticl\">R\u00e9gion Nipissing-Est<\/td>\n<td style=\"width: 495px;\" data-wrap-id=\"table-cell-qgnvi\"><strong>46 410 $\u00a0<\/strong>+\u00a0<strong>80 000 $\u00a0<\/strong> provenant du fonds communautaire<\/td>\n<\/tr>\n<tr data-wrap-id=\"table-row-okfbu\">\n<td style=\"width: 252px;\" data-wrap-id=\"table-cell-hxafe\">Si\u00e8ge social<\/td>\n<td style=\"width: 495px;\" data-wrap-id=\"table-cell-wxiyq\"><strong>52 721 $<\/strong><\/td>\n<\/tr>\n<tr data-wrap-id=\"table-row-fjyti\">\n<td style=\"width: 252px;\" data-wrap-id=\"table-cell-euqsr\"><strong>TOTAL<\/strong><\/td>\n<td style=\"width: 495px;\" data-wrap-id=\"table-cell-qqzhr\"><strong>676 016 $<\/strong><\/td>\n<\/tr>\n<\/tbody>\n<\/table>\n<h2>Caisse Alliance<\/h2>\n<h3>Dons et commandites en 2019<\/h3>\n<p><strong>676 016 $<\/strong><\/p>\n<p>En 2019, la Caisse a maintenu sa distinction coop\u00e9rative en versant une somme de <u>676 016 $<\/u> \u00e0 ses communaut\u00e9s sous forme de dons et commandites, incluant le fonds communautaire. Fid\u00e8le \u00e0 sa mission, sa vision et ses valeurs, la Caisse est \u00e0 l\u2019\u00e9coute des besoins des communaut\u00e9s desservies et investi aupr\u00e8s d\u2019organisations locales \u00e0 vocation culturelle, sociale, \u00e9ducative, sportive, m\u00e9dicale, \u00e9conomique et communautaire. Ce bilan s\u2019inscrit dans le prolongement de ce qui nous distingue en tant que coop\u00e9rative.<\/p>\n<h2>R\u00e9gion Nord-Ouest<\/h2>\n<p><strong>50 315 $ <\/strong>+ <strong>85\u00a0000 $<\/strong> provenant du fonds communautaire<\/p>\n<p>La Caisse Alliance est fi\u00e8re d\u2019avoir vers\u00e9 135 315 $ en dons et commandites dans la r\u00e9gion Nord-Ouest au cours de l\u2019ann\u00e9e 2019. Toujours pr\u00e8s des membres, la Caisse s\u2019est engag\u00e9e dans diff\u00e9rentes initiatives communautaires et notre personnel a si\u00e9g\u00e9 \u00e0 divers conseils d\u2019administration et comit\u00e9s, en plus de participer \u00e0 maintes campagnes de sensibilisation et activit\u00e9s communautaires \u00e0 Hearst, Longlac et Mattice.<\/p>\n<p><img fetchpriority=\"high\" decoding=\"async\" class=\"alignnone wp-image-9410\" src=\"https:\/\/www.caissealliance.com\/wp-content\/uploads\/BilanSocial2019_NordOuest.jpg\" alt=\"\" width=\"892\" height=\"476\" srcset=\"https:\/\/www.caissealliance.com\/wp-content\/uploads\/BilanSocial2019_NordOuest.jpg 1600w, https:\/\/www.caissealliance.com\/wp-content\/uploads\/BilanSocial2019_NordOuest-300x160.jpg 300w, https:\/\/www.caissealliance.com\/wp-content\/uploads\/BilanSocial2019_NordOuest-1024x547.jpg 1024w, https:\/\/www.caissealliance.com\/wp-content\/uploads\/BilanSocial2019_NordOuest-768x410.jpg 768w, https:\/\/www.caissealliance.com\/wp-content\/uploads\/BilanSocial2019_NordOuest-1536x820.jpg 1536w, https:\/\/www.caissealliance.com\/wp-content\/uploads\/BilanSocial2019_NordOuest-250x133.jpg 250w\" sizes=\"(max-width: 892px) 100vw, 892px\" \/><\/p>\n<h2>R\u00e9gion Nord-Centre<\/h2>\n<p><strong>42 522 $ <\/strong>+ <strong>17<\/strong><strong> 500 $<\/strong> provenant du fonds communautaire<\/p>\n<p>Fid\u00e8les \u00e0 la mission de la Caisse Alliance, vos centres de services de Fauquier, Moonbeam, Kapuskasing, Smooth Rock Falls, Val Rita et Opasatika se sont d\u00e9marqu\u00e9s par leur implication communautaire. C\u2019est \u00e0 travers notre bilan social que vous pourrez constater la distinction coop\u00e9rative de votre Caisse et sa pr\u00e9occupation constante \u00e0 contribuer au d\u00e9veloppement ainsi qu\u2019au bien-\u00eatre de ses collectivit\u00e9s et des gens qui les composent.<\/p>\n<p><img decoding=\"async\" class=\"alignnone wp-image-9406\" src=\"https:\/\/www.caissealliance.com\/wp-content\/uploads\/BilanSocial2019_NordCentre-scaled.jpg\" alt=\"\" width=\"886\" height=\"590\" srcset=\"https:\/\/www.caissealliance.com\/wp-content\/uploads\/BilanSocial2019_NordCentre-scaled.jpg 2560w, https:\/\/www.caissealliance.com\/wp-content\/uploads\/BilanSocial2019_NordCentre-300x200.jpg 300w, https:\/\/www.caissealliance.com\/wp-content\/uploads\/BilanSocial2019_NordCentre-1024x683.jpg 1024w, https:\/\/www.caissealliance.com\/wp-content\/uploads\/BilanSocial2019_NordCentre-768x512.jpg 768w, https:\/\/www.caissealliance.com\/wp-content\/uploads\/BilanSocial2019_NordCentre-1536x1024.jpg 1536w, https:\/\/www.caissealliance.com\/wp-content\/uploads\/BilanSocial2019_NordCentre-2048x1365.jpg 2048w, https:\/\/www.caissealliance.com\/wp-content\/uploads\/BilanSocial2019_NordCentre-250x167.jpg 250w\" sizes=\"(max-width: 886px) 100vw, 886px\" \/><\/p>\n<h2>R\u00e9gion Nord-Est<\/h2>\n<p><strong>57 716 $ <\/strong>+ <strong>40 000\u00a0$<\/strong> provenant du fonds communautaire<\/p>\n<p>Notre engagement communautaire demeure au coeur de nos valeurs coop\u00e9ratives. Cette ann\u00e9e encore, le succ\u00e8s financier de la Caisse a permis d\u2019investir une somme totale de 97 716 $ dans la r\u00e9gion Nord-Est. Nous sommes fiers d\u2019avoir appuy\u00e9 diff\u00e9rents projets et contribu\u00e9 \u00e0 l\u2019\u00e9panouissement de nos communaut\u00e9s de Timmins, Iroquois Falls et Val Gagn\u00e9.<\/p>\n<p><img decoding=\"async\" class=\" wp-image-9408\" src=\"https:\/\/www.caissealliance.com\/wp-content\/uploads\/BilanSocial2019_NordEst-scaled.jpg\" alt=\"\" width=\"904\" height=\"422\" srcset=\"https:\/\/www.caissealliance.com\/wp-content\/uploads\/BilanSocial2019_NordEst-scaled.jpg 2560w, https:\/\/www.caissealliance.com\/wp-content\/uploads\/BilanSocial2019_NordEst-300x140.jpg 300w, https:\/\/www.caissealliance.com\/wp-content\/uploads\/BilanSocial2019_NordEst-1024x478.jpg 1024w, https:\/\/www.caissealliance.com\/wp-content\/uploads\/BilanSocial2019_NordEst-768x359.jpg 768w, https:\/\/www.caissealliance.com\/wp-content\/uploads\/BilanSocial2019_NordEst-1536x717.jpg 1536w, https:\/\/www.caissealliance.com\/wp-content\/uploads\/BilanSocial2019_NordEst-2048x956.jpg 2048w, https:\/\/www.caissealliance.com\/wp-content\/uploads\/BilanSocial2019_NordEst-250x117.jpg 250w\" sizes=\"(max-width: 904px) 100vw, 904px\" \/><\/p>\n<h2>R\u00e9gion Nipissing-Ouest<\/h2>\n<p><strong>44 597 $ <\/strong>+ <strong>110 000 $<\/strong> provenant du fonds communautaire<\/p>\n<p>La performance financi\u00e8re de la Caisse Alliance a permis encore cette ann\u00e9e de contribuer \u00e0 l\u2019essor des communaut\u00e9s d\u2019Alban, Argyle, No\u00eblville, St. Charles, Markstay-Warren et Verner en versant une somme de 154 597 $ sous forme de dons et de commandites dans diff\u00e9rents secteurs. D\u2019autre part, les membres du personnel s\u2019investissent dans les communaut\u00e9s de la r\u00e9gion Nipissing-Ouest en veillant notamment \u00e0 les garder bien actives et en sant\u00e9.<\/p>\n<p><img loading=\"lazy\" decoding=\"async\" class=\"alignnone wp-image-9404\" src=\"https:\/\/www.caissealliance.com\/wp-content\/uploads\/BilanSocial2019_NipOuest.jpg\" alt=\"\" width=\"1029\" height=\"506\" srcset=\"https:\/\/www.caissealliance.com\/wp-content\/uploads\/BilanSocial2019_NipOuest.jpg 960w, https:\/\/www.caissealliance.com\/wp-content\/uploads\/BilanSocial2019_NipOuest-300x148.jpg 300w, https:\/\/www.caissealliance.com\/wp-content\/uploads\/BilanSocial2019_NipOuest-768x378.jpg 768w, https:\/\/www.caissealliance.com\/wp-content\/uploads\/BilanSocial2019_NipOuest-250x123.jpg 250w\" sizes=\"(max-width: 1029px) 100vw, 1029px\" \/><\/p>\n<h2>R\u00e9gion Nipissing-Centre<\/h2>\n<p><strong>49 235 $<\/strong><\/p>\n<p>La Caisse Alliance s\u2019est impliqu\u00e9e dans diverses activit\u00e9s, tant par la pr\u00e9sence physique de ses employ\u00e9s que par les dons et commandites offerts dans les communaut\u00e9s de la r\u00e9gion Nipissing-Centre. En 2019, 49 235 $ ont \u00e9t\u00e9 vers\u00e9s en appui \u00e0 des oeuvres communautaires et humanitaires, ainsi que dans les secteurs sportif, r\u00e9cr\u00e9atif, culturel et \u00e9ducatif dans les collectivit\u00e9s de Sturgeon Falls et Field.<\/p>\n<p><img loading=\"lazy\" decoding=\"async\" class=\"alignnone wp-image-9400\" src=\"https:\/\/www.caissealliance.com\/wp-content\/uploads\/BilanSocial2019_NipCentre-scaled.jpg\" alt=\"\" width=\"1033\" height=\"518\" srcset=\"https:\/\/www.caissealliance.com\/wp-content\/uploads\/BilanSocial2019_NipCentre-scaled.jpg 2560w, https:\/\/www.caissealliance.com\/wp-content\/uploads\/BilanSocial2019_NipCentre-300x151.jpg 300w, https:\/\/www.caissealliance.com\/wp-content\/uploads\/BilanSocial2019_NipCentre-1024x514.jpg 1024w, https:\/\/www.caissealliance.com\/wp-content\/uploads\/BilanSocial2019_NipCentre-768x386.jpg 768w, https:\/\/www.caissealliance.com\/wp-content\/uploads\/BilanSocial2019_NipCentre-1536x771.jpg 1536w, https:\/\/www.caissealliance.com\/wp-content\/uploads\/BilanSocial2019_NipCentre-2048x1028.jpg 2048w, https:\/\/www.caissealliance.com\/wp-content\/uploads\/BilanSocial2019_NipCentre-250x126.jpg 250w\" sizes=\"(max-width: 1033px) 100vw, 1033px\" \/><\/p>\n<h2>R\u00e9gion Nipissing-Est<\/h2>\n<p><strong>46 410 $ <\/strong>+ <strong>80\u00a0000 $<\/strong> provenant du fonds communautaire<\/p>\n<p>La Caisse Alliance s\u2019engage dans la croissance, le soutien et le bien-\u00eatre de ses communaut\u00e9s. Notre bilan social, que vous trouverez dans notre rapport annuel, d\u00e9montre l\u2019impact positif qu\u2019ont les centres de services du Nipissing-Est dans les communaut\u00e9s de Bonfield, Mattawa et North Bay, y compris West Ferris.<\/p>\n<p><img loading=\"lazy\" decoding=\"async\" class=\"alignnone wp-image-9402\" src=\"https:\/\/www.caissealliance.com\/wp-content\/uploads\/BilanSocial2019_NipEst-scaled.jpg\" alt=\"\" width=\"1010\" height=\"525\" srcset=\"https:\/\/www.caissealliance.com\/wp-content\/uploads\/BilanSocial2019_NipEst-scaled.jpg 2560w, https:\/\/www.caissealliance.com\/wp-content\/uploads\/BilanSocial2019_NipEst-300x156.jpg 300w, https:\/\/www.caissealliance.com\/wp-content\/uploads\/BilanSocial2019_NipEst-1024x532.jpg 1024w, https:\/\/www.caissealliance.com\/wp-content\/uploads\/BilanSocial2019_NipEst-768x399.jpg 768w, https:\/\/www.caissealliance.com\/wp-content\/uploads\/BilanSocial2019_NipEst-1536x798.jpg 1536w, https:\/\/www.caissealliance.com\/wp-content\/uploads\/BilanSocial2019_NipEst-2048x1065.jpg 2048w, https:\/\/www.caissealliance.com\/wp-content\/uploads\/BilanSocial2019_NipEst-250x130.jpg 250w\" sizes=\"(max-width: 1010px) 100vw, 1010px\" \/><\/p>\n<h2>Si\u00e8ge social<\/h2>\n<p><strong>52 721 $<\/strong><\/p>\n<p>En 2019, le si\u00e8ge social a maintenu sa distinction coop\u00e9rative en retournant 52 721 $ \u00e0 ses communaut\u00e9s sous forme de dons et de commandites. La Caisse Alliance a choisi de soutenir des organismes et des initiatives qui contribuent \u00e0 la vitalit\u00e9 de nos communaut\u00e9s tout en offrant aux populations un environnement o\u00f9 il fait bon vivre, s\u2019\u00e9duquer et se r\u00e9cr\u00e9er.<\/p>\n<p><img loading=\"lazy\" decoding=\"async\" class=\"alignnone wp-image-9412\" src=\"https:\/\/www.caissealliance.com\/wp-content\/uploads\/BilanSocial2019_SiegeSocial.jpg\" alt=\"\" width=\"1075\" height=\"523\" srcset=\"https:\/\/www.caissealliance.com\/wp-content\/uploads\/BilanSocial2019_SiegeSocial.jpg 1200w, https:\/\/www.caissealliance.com\/wp-content\/uploads\/BilanSocial2019_SiegeSocial-300x146.jpg 300w, https:\/\/www.caissealliance.com\/wp-content\/uploads\/BilanSocial2019_SiegeSocial-1024x498.jpg 1024w, https:\/\/www.caissealliance.com\/wp-content\/uploads\/BilanSocial2019_SiegeSocial-768x374.jpg 768w, https:\/\/www.caissealliance.com\/wp-content\/uploads\/BilanSocial2019_SiegeSocial-250x122.jpg 250w\" sizes=\"(max-width: 1075px) 100vw, 1075px\" \/><\/p>\n<p><strong>Merci \u00e0 nos membres<\/strong><\/p>\n<p>Chers soci\u00e9taires, merci de contribuer au mouvement coop\u00e9ratif et merci de la confiance que vous nous t\u00e9moignez.<\/p>\n","protected":false},"excerpt":{"rendered":"<p>T\u00e9moignages de gens de chez vous. (Vid\u00e9o : 3:48) &nbsp; &nbsp; R\u00e9gions Dons et commandites 2019 R\u00e9gion Nord-Ouest 50 315 $ + 85 000 $ provenant du fonds communautaire R\u00e9gion Nord-Centre 42 522 $ + 17 500 $ provenant du fonds communautaire R\u00e9gion Nord-Est 57 716 $ +\u00a040 000 $ provenant du fonds communautaire R\u00e9gion [&#8230;]<\/p>\n","protected":false},"author":7,"featured_media":0,"parent":2323,"menu_order":2,"comment_status":"closed","ping_status":"closed","template":"","meta":{"_acf_changed":false,"_monsterinsights_skip_tracking":false,"_monsterinsights_sitenote_active":false,"_monsterinsights_sitenote_note":"","_monsterinsights_sitenote_category":0,"footnotes":""},"class_list":["post-9342","page","type-page","status-publish","hentry","section-ma-caisse"],"acf":[],"yoast_head":"<!-- This site is optimized with the Yoast SEO plugin v27.5 - https:\/\/yoast.com\/product\/yoast-seo-wordpress\/ -->\n<title>Bilan social 2019 | Caisse Alliance<\/title>\n<meta name=\"robots\" content=\"index, follow, max-snippet:-1, max-image-preview:large, max-video-preview:-1\" \/>\n<link rel=\"canonical\" href=\"https:\/\/www.caissealliance.com\/fr\/ma-caisse\/implication-sociale\/projets-et-realisations\/bilan-social-2019\/\" \/>\n<meta property=\"og:locale\" content=\"fr_FR\" \/>\n<meta property=\"og:type\" content=\"article\" \/>\n<meta property=\"og:title\" content=\"Bilan social 2019 | Caisse Alliance\" \/>\n<meta property=\"og:description\" content=\"T\u00e9moignages de gens de chez vous. (Vid\u00e9o : 3:48) &nbsp; &nbsp; R\u00e9gions Dons et commandites 2019 R\u00e9gion Nord-Ouest 50 315 $ + 85 000 $ provenant du fonds communautaire R\u00e9gion Nord-Centre 42 522 $ + 17 500 $ provenant du fonds communautaire R\u00e9gion Nord-Est 57 716 $ +\u00a040 000 $ provenant du fonds communautaire R\u00e9gion [...]\" \/>\n<meta property=\"og:url\" content=\"https:\/\/www.caissealliance.com\/fr\/ma-caisse\/implication-sociale\/projets-et-realisations\/bilan-social-2019\/\" \/>\n<meta property=\"og:site_name\" content=\"Caisse Alliance\" \/>\n<meta property=\"article:modified_time\" content=\"2025-05-07T18:17:33+00:00\" \/>\n<meta property=\"og:image\" content=\"https:\/\/www.caissealliance.com\/wp-content\/uploads\/BilanSocial2019_NordOuest.jpg\" \/>\n\t<meta property=\"og:image:width\" content=\"1600\" \/>\n\t<meta property=\"og:image:height\" content=\"854\" \/>\n\t<meta property=\"og:image:type\" content=\"image\/jpeg\" \/>\n<meta name=\"twitter:card\" content=\"summary_large_image\" \/>\n<meta name=\"twitter:label1\" content=\"Dur\u00e9e de lecture estim\u00e9e\" \/>\n\t<meta name=\"twitter:data1\" content=\"6 minutes\" \/>\n<script type=\"application\/ld+json\" class=\"yoast-schema-graph\">{\"@context\":\"https:\\\/\\\/schema.org\",\"@graph\":[{\"@type\":\"WebPage\",\"@id\":\"https:\\\/\\\/www.caissealliance.com\\\/fr\\\/ma-caisse\\\/implication-sociale\\\/projets-et-realisations\\\/bilan-social-2019\\\/\",\"url\":\"https:\\\/\\\/www.caissealliance.com\\\/fr\\\/ma-caisse\\\/implication-sociale\\\/projets-et-realisations\\\/bilan-social-2019\\\/\",\"name\":\"Bilan social 2019 | Caisse Alliance\",\"isPartOf\":{\"@id\":\"https:\\\/\\\/www.caissealliance.com\\\/fr\\\/#website\"},\"primaryImageOfPage\":{\"@id\":\"https:\\\/\\\/www.caissealliance.com\\\/fr\\\/ma-caisse\\\/implication-sociale\\\/projets-et-realisations\\\/bilan-social-2019\\\/#primaryimage\"},\"image\":{\"@id\":\"https:\\\/\\\/www.caissealliance.com\\\/fr\\\/ma-caisse\\\/implication-sociale\\\/projets-et-realisations\\\/bilan-social-2019\\\/#primaryimage\"},\"thumbnailUrl\":\"https:\\\/\\\/www.caissealliance.com\\\/wp-content\\\/uploads\\\/BilanSocial2019_NordOuest.jpg\",\"datePublished\":\"2020-04-29T21:25:00+00:00\",\"dateModified\":\"2025-05-07T18:17:33+00:00\",\"breadcrumb\":{\"@id\":\"https:\\\/\\\/www.caissealliance.com\\\/fr\\\/ma-caisse\\\/implication-sociale\\\/projets-et-realisations\\\/bilan-social-2019\\\/#breadcrumb\"},\"inLanguage\":\"fr-FR\",\"potentialAction\":[{\"@type\":\"ReadAction\",\"target\":[\"https:\\\/\\\/www.caissealliance.com\\\/fr\\\/ma-caisse\\\/implication-sociale\\\/projets-et-realisations\\\/bilan-social-2019\\\/\"]}]},{\"@type\":\"ImageObject\",\"inLanguage\":\"fr-FR\",\"@id\":\"https:\\\/\\\/www.caissealliance.com\\\/fr\\\/ma-caisse\\\/implication-sociale\\\/projets-et-realisations\\\/bilan-social-2019\\\/#primaryimage\",\"url\":\"https:\\\/\\\/www.caissealliance.com\\\/wp-content\\\/uploads\\\/BilanSocial2019_NordOuest.jpg\",\"contentUrl\":\"https:\\\/\\\/www.caissealliance.com\\\/wp-content\\\/uploads\\\/BilanSocial2019_NordOuest.jpg\"},{\"@type\":\"BreadcrumbList\",\"@id\":\"https:\\\/\\\/www.caissealliance.com\\\/fr\\\/ma-caisse\\\/implication-sociale\\\/projets-et-realisations\\\/bilan-social-2019\\\/#breadcrumb\",\"itemListElement\":[{\"@type\":\"ListItem\",\"position\":1,\"name\":\"Home\",\"item\":\"https:\\\/\\\/www.caissealliance.com\\\/fr\\\/\"},{\"@type\":\"ListItem\",\"position\":2,\"name\":\"Ma Caisse\",\"item\":\"https:\\\/\\\/www.caissealliance.com\\\/fr\\\/ma-caisse\\\/\"},{\"@type\":\"ListItem\",\"position\":3,\"name\":\"Implication sociale\",\"item\":\"https:\\\/\\\/www.caissealliance.com\\\/fr\\\/ma-caisse\\\/implication-sociale\\\/\"},{\"@type\":\"ListItem\",\"position\":4,\"name\":\"Projets et r\u00e9alisations\",\"item\":\"https:\\\/\\\/www.caissealliance.com\\\/fr\\\/ma-caisse\\\/implication-sociale\\\/projets-et-realisations\\\/\"},{\"@type\":\"ListItem\",\"position\":5,\"name\":\"Bilan social 2019\"}]},{\"@type\":\"WebSite\",\"@id\":\"https:\\\/\\\/www.caissealliance.com\\\/fr\\\/#website\",\"url\":\"https:\\\/\\\/www.caissealliance.com\\\/fr\\\/\",\"name\":\"Caisse Alliance\",\"description\":\"Site Web de la Caisse Alliance\",\"potentialAction\":[{\"@type\":\"SearchAction\",\"target\":{\"@type\":\"EntryPoint\",\"urlTemplate\":\"https:\\\/\\\/www.caissealliance.com\\\/fr\\\/?s={search_term_string}\"},\"query-input\":{\"@type\":\"PropertyValueSpecification\",\"valueRequired\":true,\"valueName\":\"search_term_string\"}}],\"inLanguage\":\"fr-FR\"}]}<\/script>\n<!-- \/ Yoast SEO plugin. -->","yoast_head_json":{"title":"Bilan social 2019 | Caisse Alliance","robots":{"index":"index","follow":"follow","max-snippet":"max-snippet:-1","max-image-preview":"max-image-preview:large","max-video-preview":"max-video-preview:-1"},"canonical":"https:\/\/www.caissealliance.com\/fr\/ma-caisse\/implication-sociale\/projets-et-realisations\/bilan-social-2019\/","og_locale":"fr_FR","og_type":"article","og_title":"Bilan social 2019 | Caisse Alliance","og_description":"T\u00e9moignages de gens de chez vous. (Vid\u00e9o : 3:48) &nbsp; &nbsp; R\u00e9gions Dons et commandites 2019 R\u00e9gion Nord-Ouest 50 315 $ + 85 000 $ provenant du fonds communautaire R\u00e9gion Nord-Centre 42 522 $ + 17 500 $ provenant du fonds communautaire R\u00e9gion Nord-Est 57 716 $ +\u00a040 000 $ provenant du fonds communautaire R\u00e9gion [...]","og_url":"https:\/\/www.caissealliance.com\/fr\/ma-caisse\/implication-sociale\/projets-et-realisations\/bilan-social-2019\/","og_site_name":"Caisse Alliance","article_modified_time":"2025-05-07T18:17:33+00:00","og_image":[{"width":1600,"height":854,"url":"https:\/\/www.caissealliance.com\/wp-content\/uploads\/BilanSocial2019_NordOuest.jpg","type":"image\/jpeg"}],"twitter_card":"summary_large_image","twitter_misc":{"Dur\u00e9e de lecture estim\u00e9e":"6 minutes"},"schema":{"@context":"https:\/\/schema.org","@graph":[{"@type":"WebPage","@id":"https:\/\/www.caissealliance.com\/fr\/ma-caisse\/implication-sociale\/projets-et-realisations\/bilan-social-2019\/","url":"https:\/\/www.caissealliance.com\/fr\/ma-caisse\/implication-sociale\/projets-et-realisations\/bilan-social-2019\/","name":"Bilan social 2019 | Caisse Alliance","isPartOf":{"@id":"https:\/\/www.caissealliance.com\/fr\/#website"},"primaryImageOfPage":{"@id":"https:\/\/www.caissealliance.com\/fr\/ma-caisse\/implication-sociale\/projets-et-realisations\/bilan-social-2019\/#primaryimage"},"image":{"@id":"https:\/\/www.caissealliance.com\/fr\/ma-caisse\/implication-sociale\/projets-et-realisations\/bilan-social-2019\/#primaryimage"},"thumbnailUrl":"https:\/\/www.caissealliance.com\/wp-content\/uploads\/BilanSocial2019_NordOuest.jpg","datePublished":"2020-04-29T21:25:00+00:00","dateModified":"2025-05-07T18:17:33+00:00","breadcrumb":{"@id":"https:\/\/www.caissealliance.com\/fr\/ma-caisse\/implication-sociale\/projets-et-realisations\/bilan-social-2019\/#breadcrumb"},"inLanguage":"fr-FR","potentialAction":[{"@type":"ReadAction","target":["https:\/\/www.caissealliance.com\/fr\/ma-caisse\/implication-sociale\/projets-et-realisations\/bilan-social-2019\/"]}]},{"@type":"ImageObject","inLanguage":"fr-FR","@id":"https:\/\/www.caissealliance.com\/fr\/ma-caisse\/implication-sociale\/projets-et-realisations\/bilan-social-2019\/#primaryimage","url":"https:\/\/www.caissealliance.com\/wp-content\/uploads\/BilanSocial2019_NordOuest.jpg","contentUrl":"https:\/\/www.caissealliance.com\/wp-content\/uploads\/BilanSocial2019_NordOuest.jpg"},{"@type":"BreadcrumbList","@id":"https:\/\/www.caissealliance.com\/fr\/ma-caisse\/implication-sociale\/projets-et-realisations\/bilan-social-2019\/#breadcrumb","itemListElement":[{"@type":"ListItem","position":1,"name":"Home","item":"https:\/\/www.caissealliance.com\/fr\/"},{"@type":"ListItem","position":2,"name":"Ma Caisse","item":"https:\/\/www.caissealliance.com\/fr\/ma-caisse\/"},{"@type":"ListItem","position":3,"name":"Implication sociale","item":"https:\/\/www.caissealliance.com\/fr\/ma-caisse\/implication-sociale\/"},{"@type":"ListItem","position":4,"name":"Projets et r\u00e9alisations","item":"https:\/\/www.caissealliance.com\/fr\/ma-caisse\/implication-sociale\/projets-et-realisations\/"},{"@type":"ListItem","position":5,"name":"Bilan social 2019"}]},{"@type":"WebSite","@id":"https:\/\/www.caissealliance.com\/fr\/#website","url":"https:\/\/www.caissealliance.com\/fr\/","name":"Caisse Alliance","description":"Site Web de la Caisse Alliance","potentialAction":[{"@type":"SearchAction","target":{"@type":"EntryPoint","urlTemplate":"https:\/\/www.caissealliance.com\/fr\/?s={search_term_string}"},"query-input":{"@type":"PropertyValueSpecification","valueRequired":true,"valueName":"search_term_string"}}],"inLanguage":"fr-FR"}]}},"publishpress_future_action":{"enabled":false,"date":"2026-05-16 11:13:55","action":"change-status","newStatus":"draft","terms":[],"taxonomy":"section","extraData":[]},"publishpress_future_workflow_manual_trigger":{"enabledWorkflows":[]},"_links":{"self":[{"href":"https:\/\/www.caissealliance.com\/fr\/wp-json\/wp\/v2\/pages\/9342","targetHints":{"allow":["GET"]}}],"collection":[{"href":"https:\/\/www.caissealliance.com\/fr\/wp-json\/wp\/v2\/pages"}],"about":[{"href":"https:\/\/www.caissealliance.com\/fr\/wp-json\/wp\/v2\/types\/page"}],"author":[{"embeddable":true,"href":"https:\/\/www.caissealliance.com\/fr\/wp-json\/wp\/v2\/users\/7"}],"replies":[{"embeddable":true,"href":"https:\/\/www.caissealliance.com\/fr\/wp-json\/wp\/v2\/comments?post=9342"}],"version-history":[{"count":24,"href":"https:\/\/www.caissealliance.com\/fr\/wp-json\/wp\/v2\/pages\/9342\/revisions"}],"predecessor-version":[{"id":12323,"href":"https:\/\/www.caissealliance.com\/fr\/wp-json\/wp\/v2\/pages\/9342\/revisions\/12323"}],"up":[{"embeddable":true,"href":"https:\/\/www.caissealliance.com\/fr\/wp-json\/wp\/v2\/pages\/2323"}],"wp:attachment":[{"href":"https:\/\/www.caissealliance.com\/fr\/wp-json\/wp\/v2\/media?parent=9342"}],"curies":[{"name":"wp","href":"https:\/\/api.w.org\/{rel}","templated":true}]}}