{"id":877,"date":"2019-03-07T14:49:17","date_gmt":"2019-03-07T19:49:17","guid":{"rendered":"http:\/\/caissealliance.absoludev.ca\/?page_id=877"},"modified":"2026-04-09T07:01:35","modified_gmt":"2026-04-09T11:01:35","slug":"entreprises","status":"publish","type":"page","link":"https:\/\/www.caissealliance.com\/fr\/entreprises\/","title":{"rendered":"Entreprises"},"content":{"rendered":"<h1>Votre bonheur<br \/>\nest capital.<\/h1>\n<p>Choississez une institution financi\u00e8re o\u00f9 il est possible de parler \u00e0 une vraie personne et o\u00f9 vos projets sont au coeur des d\u00e9cisions.<\/p>\n<p><a href=\"https:\/\/accweb.mouv.desjardins.com\/identifiantunique\/doce?domaineVirtuel=acpol&amp;langueCible=fr\">Devenez membre<\/a><a href=\"https:\/\/www.caissealliance.com\/fr\/ma-caisse\/qui-nous-sommes\/pourquoi-choisir-une-caisse-plutot-quune-banque\/\">Nos avantages<\/a><\/p>\n","protected":false},"excerpt":{"rendered":"<p>Votre bonheur est capital. Choississez une institution financi\u00e8re o\u00f9 il est possible de parler \u00e0 une vraie personne et o\u00f9 vos projets sont au coeur des d\u00e9cisions. Devenez membreNos avantages<\/p>\n","protected":false},"author":1,"featured_media":4139,"parent":0,"menu_order":319,"comment_status":"closed","ping_status":"closed","template":"page-template-entreprise.php","meta":{"_acf_changed":false,"_monsterinsights_skip_tracking":false,"_monsterinsights_sitenote_active":false,"_monsterinsights_sitenote_note":"","_monsterinsights_sitenote_category":0,"footnotes":""},"class_list":["post-877","page","type-page","status-publish","has-post-thumbnail","hentry","section-accueil","section-services-entreprise"],"acf":[],"yoast_head":"<!-- This site is optimized with the Yoast SEO plugin v27.5 - https:\/\/yoast.com\/product\/yoast-seo-wordpress\/ -->\n<title>Entreprises | Caisse Alliance<\/title>\n<meta name=\"robots\" content=\"index, follow, max-snippet:-1, max-image-preview:large, max-video-preview:-1\" \/>\n<link rel=\"canonical\" href=\"https:\/\/www.caissealliance.com\/fr\/entreprises\/\" \/>\n<meta property=\"og:locale\" content=\"fr_FR\" \/>\n<meta property=\"og:type\" content=\"article\" \/>\n<meta property=\"og:title\" content=\"Entreprises | Caisse Alliance\" \/>\n<meta property=\"og:description\" content=\"Votre bonheur est capital. Choississez une institution financi\u00e8re o\u00f9 il est possible de parler \u00e0 une vraie personne et o\u00f9 vos projets sont au coeur des d\u00e9cisions. Devenez membreNos avantages\" \/>\n<meta property=\"og:url\" content=\"https:\/\/www.caissealliance.com\/fr\/entreprises\/\" \/>\n<meta property=\"og:site_name\" content=\"Caisse Alliance\" \/>\n<meta property=\"article:modified_time\" content=\"2026-04-09T11:01:35+00:00\" \/>\n<meta property=\"og:image\" content=\"https:\/\/www.caissealliance.com\/wp-content\/uploads\/entreprise_general_description.jpg\" \/>\n\t<meta property=\"og:image:width\" content=\"1724\" \/>\n\t<meta property=\"og:image:height\" content=\"1254\" \/>\n\t<meta property=\"og:image:type\" content=\"image\/jpeg\" \/>\n<meta name=\"twitter:card\" content=\"summary_large_image\" \/>\n<meta name=\"twitter:label1\" content=\"Dur\u00e9e de lecture estim\u00e9e\" \/>\n\t<meta name=\"twitter:data1\" content=\"1 minute\" \/>\n<script type=\"application\/ld+json\" class=\"yoast-schema-graph\">{\"@context\":\"https:\\\/\\\/schema.org\",\"@graph\":[{\"@type\":\"WebPage\",\"@id\":\"https:\\\/\\\/www.caissealliance.com\\\/fr\\\/entreprises\\\/\",\"url\":\"https:\\\/\\\/www.caissealliance.com\\\/fr\\\/entreprises\\\/\",\"name\":\"Entreprises | Caisse Alliance\",\"isPartOf\":{\"@id\":\"https:\\\/\\\/www.caissealliance.com\\\/fr\\\/#website\"},\"primaryImageOfPage\":{\"@id\":\"https:\\\/\\\/www.caissealliance.com\\\/fr\\\/entreprises\\\/#primaryimage\"},\"image\":{\"@id\":\"https:\\\/\\\/www.caissealliance.com\\\/fr\\\/entreprises\\\/#primaryimage\"},\"thumbnailUrl\":\"https:\\\/\\\/www.caissealliance.com\\\/wp-content\\\/uploads\\\/entreprise_general_description.jpg\",\"datePublished\":\"2019-03-07T19:49:17+00:00\",\"dateModified\":\"2026-04-09T11:01:35+00:00\",\"breadcrumb\":{\"@id\":\"https:\\\/\\\/www.caissealliance.com\\\/fr\\\/entreprises\\\/#breadcrumb\"},\"inLanguage\":\"fr-FR\",\"potentialAction\":[{\"@type\":\"ReadAction\",\"target\":[\"https:\\\/\\\/www.caissealliance.com\\\/fr\\\/entreprises\\\/\"]}]},{\"@type\":\"ImageObject\",\"inLanguage\":\"fr-FR\",\"@id\":\"https:\\\/\\\/www.caissealliance.com\\\/fr\\\/entreprises\\\/#primaryimage\",\"url\":\"https:\\\/\\\/www.caissealliance.com\\\/wp-content\\\/uploads\\\/entreprise_general_description.jpg\",\"contentUrl\":\"https:\\\/\\\/www.caissealliance.com\\\/wp-content\\\/uploads\\\/entreprise_general_description.jpg\",\"width\":1724,\"height\":1254},{\"@type\":\"BreadcrumbList\",\"@id\":\"https:\\\/\\\/www.caissealliance.com\\\/fr\\\/entreprises\\\/#breadcrumb\",\"itemListElement\":[{\"@type\":\"ListItem\",\"position\":1,\"name\":\"Home\",\"item\":\"https:\\\/\\\/www.caissealliance.com\\\/fr\\\/\"},{\"@type\":\"ListItem\",\"position\":2,\"name\":\"Entreprises\"}]},{\"@type\":\"WebSite\",\"@id\":\"https:\\\/\\\/www.caissealliance.com\\\/fr\\\/#website\",\"url\":\"https:\\\/\\\/www.caissealliance.com\\\/fr\\\/\",\"name\":\"Caisse Alliance\",\"description\":\"Site Web de la Caisse Alliance\",\"potentialAction\":[{\"@type\":\"SearchAction\",\"target\":{\"@type\":\"EntryPoint\",\"urlTemplate\":\"https:\\\/\\\/www.caissealliance.com\\\/fr\\\/?s={search_term_string}\"},\"query-input\":{\"@type\":\"PropertyValueSpecification\",\"valueRequired\":true,\"valueName\":\"search_term_string\"}}],\"inLanguage\":\"fr-FR\"}]}<\/script>\n<!-- \/ Yoast SEO plugin. -->","yoast_head_json":{"title":"Entreprises | Caisse Alliance","robots":{"index":"index","follow":"follow","max-snippet":"max-snippet:-1","max-image-preview":"max-image-preview:large","max-video-preview":"max-video-preview:-1"},"canonical":"https:\/\/www.caissealliance.com\/fr\/entreprises\/","og_locale":"fr_FR","og_type":"article","og_title":"Entreprises | Caisse Alliance","og_description":"Votre bonheur est capital. Choississez une institution financi\u00e8re o\u00f9 il est possible de parler \u00e0 une vraie personne et o\u00f9 vos projets sont au coeur des d\u00e9cisions. Devenez membreNos avantages","og_url":"https:\/\/www.caissealliance.com\/fr\/entreprises\/","og_site_name":"Caisse Alliance","article_modified_time":"2026-04-09T11:01:35+00:00","og_image":[{"width":1724,"height":1254,"url":"https:\/\/www.caissealliance.com\/wp-content\/uploads\/entreprise_general_description.jpg","type":"image\/jpeg"}],"twitter_card":"summary_large_image","twitter_misc":{"Dur\u00e9e de lecture estim\u00e9e":"1 minute"},"schema":{"@context":"https:\/\/schema.org","@graph":[{"@type":"WebPage","@id":"https:\/\/www.caissealliance.com\/fr\/entreprises\/","url":"https:\/\/www.caissealliance.com\/fr\/entreprises\/","name":"Entreprises | Caisse Alliance","isPartOf":{"@id":"https:\/\/www.caissealliance.com\/fr\/#website"},"primaryImageOfPage":{"@id":"https:\/\/www.caissealliance.com\/fr\/entreprises\/#primaryimage"},"image":{"@id":"https:\/\/www.caissealliance.com\/fr\/entreprises\/#primaryimage"},"thumbnailUrl":"https:\/\/www.caissealliance.com\/wp-content\/uploads\/entreprise_general_description.jpg","datePublished":"2019-03-07T19:49:17+00:00","dateModified":"2026-04-09T11:01:35+00:00","breadcrumb":{"@id":"https:\/\/www.caissealliance.com\/fr\/entreprises\/#breadcrumb"},"inLanguage":"fr-FR","potentialAction":[{"@type":"ReadAction","target":["https:\/\/www.caissealliance.com\/fr\/entreprises\/"]}]},{"@type":"ImageObject","inLanguage":"fr-FR","@id":"https:\/\/www.caissealliance.com\/fr\/entreprises\/#primaryimage","url":"https:\/\/www.caissealliance.com\/wp-content\/uploads\/entreprise_general_description.jpg","contentUrl":"https:\/\/www.caissealliance.com\/wp-content\/uploads\/entreprise_general_description.jpg","width":1724,"height":1254},{"@type":"BreadcrumbList","@id":"https:\/\/www.caissealliance.com\/fr\/entreprises\/#breadcrumb","itemListElement":[{"@type":"ListItem","position":1,"name":"Home","item":"https:\/\/www.caissealliance.com\/fr\/"},{"@type":"ListItem","position":2,"name":"Entreprises"}]},{"@type":"WebSite","@id":"https:\/\/www.caissealliance.com\/fr\/#website","url":"https:\/\/www.caissealliance.com\/fr\/","name":"Caisse Alliance","description":"Site Web de la Caisse Alliance","potentialAction":[{"@type":"SearchAction","target":{"@type":"EntryPoint","urlTemplate":"https:\/\/www.caissealliance.com\/fr\/?s={search_term_string}"},"query-input":{"@type":"PropertyValueSpecification","valueRequired":true,"valueName":"search_term_string"}}],"inLanguage":"fr-FR"}]}},"publishpress_future_action":{"enabled":false,"date":"2026-05-11 10:27:04","action":"change-status","newStatus":"draft","terms":[],"taxonomy":"section","extraData":[]},"publishpress_future_workflow_manual_trigger":{"enabledWorkflows":[]},"_links":{"self":[{"href":"https:\/\/www.caissealliance.com\/fr\/wp-json\/wp\/v2\/pages\/877","targetHints":{"allow":["GET"]}}],"collection":[{"href":"https:\/\/www.caissealliance.com\/fr\/wp-json\/wp\/v2\/pages"}],"about":[{"href":"https:\/\/www.caissealliance.com\/fr\/wp-json\/wp\/v2\/types\/page"}],"author":[{"embeddable":true,"href":"https:\/\/www.caissealliance.com\/fr\/wp-json\/wp\/v2\/users\/1"}],"replies":[{"embeddable":true,"href":"https:\/\/www.caissealliance.com\/fr\/wp-json\/wp\/v2\/comments?post=877"}],"version-history":[{"count":5,"href":"https:\/\/www.caissealliance.com\/fr\/wp-json\/wp\/v2\/pages\/877\/revisions"}],"predecessor-version":[{"id":36508,"href":"https:\/\/www.caissealliance.com\/fr\/wp-json\/wp\/v2\/pages\/877\/revisions\/36508"}],"wp:featuredmedia":[{"embeddable":true,"href":"https:\/\/www.caissealliance.com\/fr\/wp-json\/wp\/v2\/media\/4139"}],"wp:attachment":[{"href":"https:\/\/www.caissealliance.com\/fr\/wp-json\/wp\/v2\/media?parent=877"}],"curies":[{"name":"wp","href":"https:\/\/api.w.org\/{rel}","templated":true}]}}