{"id":84,"date":"2019-02-01T10:48:07","date_gmt":"2019-02-01T15:48:07","guid":{"rendered":"http:\/\/localhost\/caisse-alliance\/?page_id=84"},"modified":"2025-02-24T11:18:12","modified_gmt":"2025-02-24T16:18:12","slug":"finances-pret-etudiants","status":"publish","type":"page","link":"https:\/\/www.caissealliance.com\/fr\/moments-de-vie\/finances-pret-etudiants\/","title":{"rendered":"\u00c9tudier dans un domaine qui vous passionne, c\u2019est le bonheur!"},"content":{"rendered":"\t\t<div data-elementor-type=\"wp-page\" data-elementor-id=\"84\" class=\"elementor elementor-84\" data-elementor-post-type=\"page\">\n\t\t\t\t\t\t<section class=\"elementor-section elementor-top-section elementor-element elementor-element-47695e80 elementor-section-boxed elementor-section-height-default elementor-section-height-default\" data-id=\"47695e80\" data-element_type=\"section\" data-e-type=\"section\">\n\t\t\t\t\t\t<div class=\"elementor-container elementor-column-gap-default\">\n\t\t\t\t\t<div class=\"elementor-column elementor-col-100 elementor-top-column elementor-element elementor-element-57166ba1\" data-id=\"57166ba1\" data-element_type=\"column\" data-e-type=\"column\">\n\t\t\t<div class=\"elementor-widget-wrap elementor-element-populated\">\n\t\t\t\t\t\t<div class=\"elementor-element elementor-element-1ed16725 elementor-widget elementor-widget-text-editor\" data-id=\"1ed16725\" data-element_type=\"widget\" data-e-type=\"widget\" data-widget_type=\"text-editor.default\">\n\t\t\t\t<div class=\"elementor-widget-container\">\n\t\t\t\t\t\t\t\t\t<p>Vous vous donnez \u00e0 110% dans vos \u00e9tudes. Peut-\u00eatre travaillez-vous les soirs et les fins des semaines pour gagner un peu d\u2019argent. Entre les frais de scolarit\u00e9, les livres, le loyer et l\u2019\u00e9picerie, la marge de manoeuvre est souvent mince. Votre budget est peut-\u00eatre serr\u00e9, mais vous voulez quand m\u00eame profiter de la vie, voyager avec vos amis ou acheter votre premi\u00e8re voiture.<\/p><p>Du financement de vos \u00e9tudes \u00e0 la gestion \u00e9clair\u00e9e de vos pr\u00eats et bourses, votre Caisse a des outils et des conseils expr\u00e8s pour vous.<\/p><p><strong>Parce qu\u2019investir dans son avenir, c\u2019est capital!<\/strong><\/p>\t\t\t\t\t\t\t\t<\/div>\n\t\t\t\t<\/div>\n\t\t\t\t\t<\/div>\n\t\t<\/div>\n\t\t\t\t\t<\/div>\n\t\t<\/section>\n\t\t\t\t<\/div>\n\t\t","protected":false},"excerpt":{"rendered":"<p>Vous vous donnez \u00e0 110% dans vos \u00e9tudes. Peut-\u00eatre travaillez-vous les soirs et les fins des semaines pour gagner un peu d\u2019argent. Entre les frais de scolarit\u00e9, les livres, le loyer et l\u2019\u00e9picerie, la marge de manoeuvre est souvent mince. Votre budget est peut-\u00eatre serr\u00e9, mais vous voulez quand m\u00eame profiter de la vie, voyager [&#8230;]<\/p>\n","protected":false},"author":1,"featured_media":2023,"parent":82,"menu_order":1,"comment_status":"closed","ping_status":"closed","template":"page-accueil-moment-vie.php","meta":{"_acf_changed":false,"_monsterinsights_skip_tracking":false,"_monsterinsights_sitenote_active":false,"_monsterinsights_sitenote_note":"","_monsterinsights_sitenote_category":0,"footnotes":""},"class_list":["post-84","page","type-page","status-publish","has-post-thumbnail","hentry","section-moments-de-vie"],"acf":[],"yoast_head":"<!-- This site is optimized with the Yoast SEO plugin v27.5 - https:\/\/yoast.com\/product\/yoast-seo-wordpress\/ -->\n<title>Services financiers, placement et pr\u00eats pour \u00e9tudiant | Caisse Alliance<\/title>\n<meta name=\"robots\" content=\"index, follow, max-snippet:-1, max-image-preview:large, max-video-preview:-1\" \/>\n<link rel=\"canonical\" href=\"https:\/\/www.caissealliance.com\/fr\/moments-de-vie\/finances-pret-etudiants\/\" \/>\n<meta property=\"og:locale\" content=\"fr_FR\" \/>\n<meta property=\"og:type\" content=\"article\" \/>\n<meta property=\"og:title\" content=\"Services financiers, placement et pr\u00eats pour \u00e9tudiant | Caisse Alliance\" \/>\n<meta property=\"og:description\" content=\"Vous vous donnez \u00e0 110% dans vos \u00e9tudes. Peut-\u00eatre travaillez-vous les soirs et les fins des semaines pour gagner un peu d\u2019argent. Entre les frais de scolarit\u00e9, les livres, le loyer et l\u2019\u00e9picerie, la marge de manoeuvre est souvent mince. Votre budget est peut-\u00eatre serr\u00e9, mais vous voulez quand m\u00eame profiter de la vie, voyager [...]\" \/>\n<meta property=\"og:url\" content=\"https:\/\/www.caissealliance.com\/fr\/moments-de-vie\/finances-pret-etudiants\/\" \/>\n<meta property=\"og:site_name\" content=\"Caisse Alliance\" \/>\n<meta property=\"article:modified_time\" content=\"2025-02-24T16:18:12+00:00\" \/>\n<meta property=\"og:image\" content=\"https:\/\/www.caissealliance.com\/wp-content\/uploads\/etudiant_moment_secondaire-1.jpg\" \/>\n\t<meta property=\"og:image:width\" content=\"1996\" \/>\n\t<meta property=\"og:image:height\" content=\"1418\" \/>\n\t<meta property=\"og:image:type\" content=\"image\/jpeg\" \/>\n<meta name=\"twitter:card\" content=\"summary_large_image\" \/>\n<meta name=\"twitter:label1\" content=\"Dur\u00e9e de lecture estim\u00e9e\" \/>\n\t<meta name=\"twitter:data1\" content=\"1 minute\" \/>\n<script type=\"application\/ld+json\" class=\"yoast-schema-graph\">{\"@context\":\"https:\\\/\\\/schema.org\",\"@graph\":[{\"@type\":\"WebPage\",\"@id\":\"https:\\\/\\\/www.caissealliance.com\\\/fr\\\/moments-de-vie\\\/finances-pret-etudiants\\\/\",\"url\":\"https:\\\/\\\/www.caissealliance.com\\\/fr\\\/moments-de-vie\\\/finances-pret-etudiants\\\/\",\"name\":\"Services financiers, placement et pr\u00eats pour \u00e9tudiant | Caisse Alliance\",\"isPartOf\":{\"@id\":\"https:\\\/\\\/www.caissealliance.com\\\/fr\\\/#website\"},\"primaryImageOfPage\":{\"@id\":\"https:\\\/\\\/www.caissealliance.com\\\/fr\\\/moments-de-vie\\\/finances-pret-etudiants\\\/#primaryimage\"},\"image\":{\"@id\":\"https:\\\/\\\/www.caissealliance.com\\\/fr\\\/moments-de-vie\\\/finances-pret-etudiants\\\/#primaryimage\"},\"thumbnailUrl\":\"https:\\\/\\\/www.caissealliance.com\\\/wp-content\\\/uploads\\\/etudiant_moment_secondaire-1.jpg\",\"datePublished\":\"2019-02-01T15:48:07+00:00\",\"dateModified\":\"2025-02-24T16:18:12+00:00\",\"breadcrumb\":{\"@id\":\"https:\\\/\\\/www.caissealliance.com\\\/fr\\\/moments-de-vie\\\/finances-pret-etudiants\\\/#breadcrumb\"},\"inLanguage\":\"fr-FR\",\"potentialAction\":[{\"@type\":\"ReadAction\",\"target\":[\"https:\\\/\\\/www.caissealliance.com\\\/fr\\\/moments-de-vie\\\/finances-pret-etudiants\\\/\"]}]},{\"@type\":\"ImageObject\",\"inLanguage\":\"fr-FR\",\"@id\":\"https:\\\/\\\/www.caissealliance.com\\\/fr\\\/moments-de-vie\\\/finances-pret-etudiants\\\/#primaryimage\",\"url\":\"https:\\\/\\\/www.caissealliance.com\\\/wp-content\\\/uploads\\\/etudiant_moment_secondaire-1.jpg\",\"contentUrl\":\"https:\\\/\\\/www.caissealliance.com\\\/wp-content\\\/uploads\\\/etudiant_moment_secondaire-1.jpg\",\"width\":1996,\"height\":1418},{\"@type\":\"BreadcrumbList\",\"@id\":\"https:\\\/\\\/www.caissealliance.com\\\/fr\\\/moments-de-vie\\\/finances-pret-etudiants\\\/#breadcrumb\",\"itemListElement\":[{\"@type\":\"ListItem\",\"position\":1,\"name\":\"Home\",\"item\":\"https:\\\/\\\/www.caissealliance.com\\\/fr\\\/\"},{\"@type\":\"ListItem\",\"position\":2,\"name\":\"Moments de vie\",\"item\":\"https:\\\/\\\/www.caissealliance.com\\\/fr\\\/life-event\\\/\"},{\"@type\":\"ListItem\",\"position\":3,\"name\":\"\u00c9tudier dans un domaine qui vous passionne, c\u2019est le bonheur!\"}]},{\"@type\":\"WebSite\",\"@id\":\"https:\\\/\\\/www.caissealliance.com\\\/fr\\\/#website\",\"url\":\"https:\\\/\\\/www.caissealliance.com\\\/fr\\\/\",\"name\":\"Caisse Alliance\",\"description\":\"Site Web de la Caisse Alliance\",\"potentialAction\":[{\"@type\":\"SearchAction\",\"target\":{\"@type\":\"EntryPoint\",\"urlTemplate\":\"https:\\\/\\\/www.caissealliance.com\\\/fr\\\/?s={search_term_string}\"},\"query-input\":{\"@type\":\"PropertyValueSpecification\",\"valueRequired\":true,\"valueName\":\"search_term_string\"}}],\"inLanguage\":\"fr-FR\"}]}<\/script>\n<!-- \/ Yoast SEO plugin. -->","yoast_head_json":{"title":"Services financiers, placement et pr\u00eats pour \u00e9tudiant | Caisse Alliance","robots":{"index":"index","follow":"follow","max-snippet":"max-snippet:-1","max-image-preview":"max-image-preview:large","max-video-preview":"max-video-preview:-1"},"canonical":"https:\/\/www.caissealliance.com\/fr\/moments-de-vie\/finances-pret-etudiants\/","og_locale":"fr_FR","og_type":"article","og_title":"Services financiers, placement et pr\u00eats pour \u00e9tudiant | Caisse Alliance","og_description":"Vous vous donnez \u00e0 110% dans vos \u00e9tudes. Peut-\u00eatre travaillez-vous les soirs et les fins des semaines pour gagner un peu d\u2019argent. Entre les frais de scolarit\u00e9, les livres, le loyer et l\u2019\u00e9picerie, la marge de manoeuvre est souvent mince. Votre budget est peut-\u00eatre serr\u00e9, mais vous voulez quand m\u00eame profiter de la vie, voyager [...]","og_url":"https:\/\/www.caissealliance.com\/fr\/moments-de-vie\/finances-pret-etudiants\/","og_site_name":"Caisse Alliance","article_modified_time":"2025-02-24T16:18:12+00:00","og_image":[{"width":1996,"height":1418,"url":"https:\/\/www.caissealliance.com\/wp-content\/uploads\/etudiant_moment_secondaire-1.jpg","type":"image\/jpeg"}],"twitter_card":"summary_large_image","twitter_misc":{"Dur\u00e9e de lecture estim\u00e9e":"1 minute"},"schema":{"@context":"https:\/\/schema.org","@graph":[{"@type":"WebPage","@id":"https:\/\/www.caissealliance.com\/fr\/moments-de-vie\/finances-pret-etudiants\/","url":"https:\/\/www.caissealliance.com\/fr\/moments-de-vie\/finances-pret-etudiants\/","name":"Services financiers, placement et pr\u00eats pour \u00e9tudiant | Caisse Alliance","isPartOf":{"@id":"https:\/\/www.caissealliance.com\/fr\/#website"},"primaryImageOfPage":{"@id":"https:\/\/www.caissealliance.com\/fr\/moments-de-vie\/finances-pret-etudiants\/#primaryimage"},"image":{"@id":"https:\/\/www.caissealliance.com\/fr\/moments-de-vie\/finances-pret-etudiants\/#primaryimage"},"thumbnailUrl":"https:\/\/www.caissealliance.com\/wp-content\/uploads\/etudiant_moment_secondaire-1.jpg","datePublished":"2019-02-01T15:48:07+00:00","dateModified":"2025-02-24T16:18:12+00:00","breadcrumb":{"@id":"https:\/\/www.caissealliance.com\/fr\/moments-de-vie\/finances-pret-etudiants\/#breadcrumb"},"inLanguage":"fr-FR","potentialAction":[{"@type":"ReadAction","target":["https:\/\/www.caissealliance.com\/fr\/moments-de-vie\/finances-pret-etudiants\/"]}]},{"@type":"ImageObject","inLanguage":"fr-FR","@id":"https:\/\/www.caissealliance.com\/fr\/moments-de-vie\/finances-pret-etudiants\/#primaryimage","url":"https:\/\/www.caissealliance.com\/wp-content\/uploads\/etudiant_moment_secondaire-1.jpg","contentUrl":"https:\/\/www.caissealliance.com\/wp-content\/uploads\/etudiant_moment_secondaire-1.jpg","width":1996,"height":1418},{"@type":"BreadcrumbList","@id":"https:\/\/www.caissealliance.com\/fr\/moments-de-vie\/finances-pret-etudiants\/#breadcrumb","itemListElement":[{"@type":"ListItem","position":1,"name":"Home","item":"https:\/\/www.caissealliance.com\/fr\/"},{"@type":"ListItem","position":2,"name":"Moments de vie","item":"https:\/\/www.caissealliance.com\/fr\/life-event\/"},{"@type":"ListItem","position":3,"name":"\u00c9tudier dans un domaine qui vous passionne, c\u2019est le bonheur!"}]},{"@type":"WebSite","@id":"https:\/\/www.caissealliance.com\/fr\/#website","url":"https:\/\/www.caissealliance.com\/fr\/","name":"Caisse Alliance","description":"Site Web de la Caisse Alliance","potentialAction":[{"@type":"SearchAction","target":{"@type":"EntryPoint","urlTemplate":"https:\/\/www.caissealliance.com\/fr\/?s={search_term_string}"},"query-input":{"@type":"PropertyValueSpecification","valueRequired":true,"valueName":"search_term_string"}}],"inLanguage":"fr-FR"}]}},"publishpress_future_action":{"enabled":false,"date":"2026-05-11 10:23:50","action":"change-status","newStatus":"draft","terms":[],"taxonomy":"section","extraData":[]},"publishpress_future_workflow_manual_trigger":{"enabledWorkflows":[]},"_links":{"self":[{"href":"https:\/\/www.caissealliance.com\/fr\/wp-json\/wp\/v2\/pages\/84","targetHints":{"allow":["GET"]}}],"collection":[{"href":"https:\/\/www.caissealliance.com\/fr\/wp-json\/wp\/v2\/pages"}],"about":[{"href":"https:\/\/www.caissealliance.com\/fr\/wp-json\/wp\/v2\/types\/page"}],"author":[{"embeddable":true,"href":"https:\/\/www.caissealliance.com\/fr\/wp-json\/wp\/v2\/users\/1"}],"replies":[{"embeddable":true,"href":"https:\/\/www.caissealliance.com\/fr\/wp-json\/wp\/v2\/comments?post=84"}],"version-history":[{"count":71,"href":"https:\/\/www.caissealliance.com\/fr\/wp-json\/wp\/v2\/pages\/84\/revisions"}],"predecessor-version":[{"id":31296,"href":"https:\/\/www.caissealliance.com\/fr\/wp-json\/wp\/v2\/pages\/84\/revisions\/31296"}],"up":[{"embeddable":true,"href":"https:\/\/www.caissealliance.com\/fr\/wp-json\/wp\/v2\/pages\/82"}],"wp:featuredmedia":[{"embeddable":true,"href":"https:\/\/www.caissealliance.com\/fr\/wp-json\/wp\/v2\/media\/2023"}],"wp:attachment":[{"href":"https:\/\/www.caissealliance.com\/fr\/wp-json\/wp\/v2\/media?parent=84"}],"curies":[{"name":"wp","href":"https:\/\/api.w.org\/{rel}","templated":true}]}}