{"id":8191,"date":"2019-10-02T14:46:33","date_gmt":"2019-10-02T18:46:33","guid":{"rendered":"https:\/\/www.caissealliance.com\/?page_id=8191"},"modified":"2026-01-26T09:19:14","modified_gmt":"2026-01-26T14:19:14","slug":"comparer-le-reer-et-le-celi","status":"publish","type":"page","link":"https:\/\/www.caissealliance.com\/fr\/comparer-le-reer-et-le-celi\/","title":{"rendered":"Comparer le REER et le CELI"},"content":{"rendered":"\t\t<div data-elementor-type=\"wp-page\" data-elementor-id=\"8191\" class=\"elementor elementor-8191\" data-elementor-post-type=\"page\">\n\t\t\t\t<div class=\"elementor-element elementor-element-78ec86b e-flex e-con-boxed e-con e-parent\" data-id=\"78ec86b\" data-element_type=\"container\" data-e-type=\"container\">\n\t\t\t\t\t<div class=\"e-con-inner\">\n\t\t\t\t<div class=\"elementor-element elementor-element-564f0dff elementor-widget elementor-widget-text-editor\" data-id=\"564f0dff\" data-element_type=\"widget\" data-e-type=\"widget\" data-widget_type=\"text-editor.default\">\n\t\t\t\t<div class=\"elementor-widget-container\">\n\t\t\t\t\t\t\t\t\t<div id=\"page\" class=\"fr pleine-page sans-titre cd-typo-temp\"><p>\u00a0<\/p><div id=\"zone-centrale\"><div id=\"centre\"><div id=\"contenu\" class=\"pleine-page sans-titre cd-typo-temp\" tabindex=\"-1\" role=\"main\"><div id=\"corps\"><h2>Deux r\u00e9gimes, deux objectifs<\/h2><div id=\"page\" class=\"fr pleine-page sans-titre cd-typo-temp\"><div id=\"zone-centrale\"><div id=\"centre\"><div id=\"contenu\" class=\"pleine-page sans-titre cd-typo-temp\" tabindex=\"-1\" role=\"main\"><div id=\"corps\"><section class=\"cd-bloc-info\" style=\"background-image: url('\/ressources\/images\/b15-en-bref-reer-celi.jpg');\"><div id=\"page\" class=\"en pleine-page sans-titre cd-typo-temp\"><div id=\"zone-centrale\"><div id=\"centre\"><div id=\"contenu\" class=\"pleine-page sans-titre cd-typo-temp\" tabindex=\"-1\" role=\"main\"><div id=\"corps\"><section class=\"cd-bloc-info\" style=\"background-image: url('\/ressources\/images\/b15-en-bref-reer-celi.jpg');\"><div id=\"page\" class=\"fr pleine-page sans-titre cd-typo-temp\"><div id=\"zone-centrale\"><div id=\"centre\"><div id=\"contenu\" class=\"pleine-page sans-titre cd-typo-temp\" tabindex=\"-1\" role=\"main\"><div id=\"corps\"><section class=\"cd-bloc-info\" style=\"background-image: url('\/ressources\/images\/b15-en-bref-reer-celi.jpg');\"><div><p>Le <a href=\"https:\/\/www.caissealliance.com\/fr\/produits\/reer-ontario\/\">REER<\/a> et le <a href=\"https:\/\/www.caissealliance.com\/fr\/produits\/celi-ontario\/\">CELI<\/a> sont deux r\u00e9gimes enregistr\u00e9s d\u2019\u00e9pargne tr\u00e8s profitables, car ils vous permettent d\u2019accumuler de l\u2019argent \u00e0 l\u2019abri de l\u2019imp\u00f4t.<\/p><p>Comparez-les pour voir lequel conviendra le mieux \u00e0 vos besoins ou, encore, optez pour les deux.<\/p><\/div><\/section><\/div><\/div><\/div><\/div><\/div><\/section><\/div><\/div><\/div><\/div><\/div><\/section><\/div><\/div><\/div><\/div><\/div><div class=\"cd-table-wrap \"><table class=\"cd-tableau-donnees auto\"><thead><tr><th>REER<\/th><th>CELI<\/th><\/tr><\/thead><tbody><tr><td><strong>Objectif\u00a0:<\/strong> accumuler des \u00e9conomies \u00e0 l&#8217;abri de l&#8217;imp\u00f4t pour la retraite, tout en diminuant votre revenu imposable au moment de la cotisation<\/td><td><strong>Objectif\u00a0:<\/strong> accumuler des \u00e9conomies \u00e0 l&#8217;abri de l&#8217;imp\u00f4t pour r\u00e9aliser des projets tout au long de votre vie<\/td><\/tr><tr><td><p><strong>Est utile par exemple pour\u00a0:<\/strong><\/p><ul class=\"cd-liste\"><li>\u00c9pargner en vue de la retraite<\/li><li>Acheter ou construire sa premi\u00e8re r\u00e9sidence<\/li><li>Financer ses \u00e9tudes<\/li><\/ul><\/td><td><p><strong>Est utile par exemple pour\u00a0:<\/strong><\/p><ul class=\"cd-liste\"><li>R\u00e9nover la maison<\/li><li>Acheter une voiture<\/li><li>Lancer une entreprise<\/li><li>Effectuer un voyage<\/li><li>Planifier la retraite<\/li><\/ul><\/td><\/tr><tr><td><strong>Ne peut pas \u00eatre utilis\u00e9 comme mise en garantie<\/strong> pour un pr\u00eat<\/td><td><strong>Peut \u00eatre utilis\u00e9 comme mise en garantie<\/strong> pour un pr\u00eat<\/td><\/tr><\/tbody><\/table><\/div><h2>Quand cotiser<\/h2><div class=\"cd-table-wrap \"><table class=\"cd-tableau-donnees auto\"><thead><tr><th>REER<\/th><th>CELI<\/th><\/tr><\/thead><tbody><tr><td><strong>Date limite : <\/strong>le 2 mars 2026<\/td><td><strong>Date limite\u00a0:<\/strong> le 31 d\u00e9cembre de l&#8217;ann\u00e9e en cours<\/td><\/tr><tr><td><strong>\u00c2ge minimal\u00a0:<\/strong> il n&#8217;y a pas d&#8217;\u00e2ge minimal; vous devez avoir des revenus d&#8217;emploi ou d&#8217;entreprise pour accumuler des droits de cotisation<\/td><td><strong>\u00c2ge minimal\u00a0:<\/strong> 18 ans<\/td><\/tr><tr><td><strong>\u00c2ge maximal\u00a0:<\/strong> l&#8217;ann\u00e9e de votre 71<sup>e<\/sup> anniversaire<\/td><td><strong>\u00c2ge maximal\u00a0:<\/strong> Aucun<\/td><\/tr><\/tbody><\/table><\/div><h2 id=\"cotisations\">Les cotisations<\/h2><div class=\"cd-table-wrap \"><table class=\"cd-tableau-donnees auto\"><thead><tr><th>REER<\/th><th>CELI<\/th><\/tr><\/thead><tbody><tr><td><strong>Cotisation annuelle maximale : <\/strong>18 % du revenu gagn\u00e9 l\u2019ann\u00e9e pr\u00e9c\u00e9dente, jusqu\u2019\u00e0 concurrence de 32 490 $ en 2025, 33 810 $ en 2026, et de 35 390 $ en 2027; notez que la participation \u00e0 un r\u00e9gime de pension offert par votre employeur r\u00e9duit le montant de la cotisation annuelle<\/td><td><p><strong>Cotisation annuelle maximale\u00a0:<\/strong><\/p><ul class=\"cd-liste\"><li>2025 : 7 000 $<\/li><li>2026 : 7 000 $<\/li><\/ul><\/td><\/tr><tr><td><strong>Droits de cotisation\u00a0:<\/strong> c&#8217;est la portion inutilis\u00e9e de votre montant maximal <strong>d\u00e9ductible<\/strong> annuellement qui s&#8217;accumule depuis 1991<\/td><td><strong>Droits de cotisation\u00a0:<\/strong> c&#8217;est la portion inutilis\u00e9e de votre montant maximal <strong>permis<\/strong> annuellement qui s&#8217;accumule depuis 2009<\/td><\/tr><tr><td><strong>Cotisation exc\u00e9dentaire<\/strong> maximum de 2 000 $ de plus que la cotisation annuelle permise<\/td><td><strong>Cotisation exc\u00e9dentaire<\/strong> non permise<\/td><\/tr><tr><td><p><strong>Possibilit\u00e9 de cotiser au REER du conjoint?<\/strong> Oui<\/p><p>C&#8217;est la personne qui cotise qui profite de la d\u00e9duction dans le calcul de son revenu imposable m\u00eame s&#8217;il n&#8217;est pas le b\u00e9n\u00e9ficiaire.<\/p><\/td><td><p><strong>Possibilit\u00e9 de cotiser au CELI du conjoint?<\/strong> Non<\/p><p>Par contre, il est possible de donner une somme au conjoint pour qu&#8217;il cotise \u00e0 son CELI, sans \u00eatre assujettis aux r\u00e8gles d&#8217;attribution.<\/p><\/td><\/tr><\/tbody><\/table><\/div><h2>Les retraits<\/h2><div class=\"cd-table-wrap \"><table class=\"cd-tableau-donnees auto\"><thead><tr><th>REER<\/th><th>CELI<\/th><\/tr><\/thead><tbody><tr><td>Les retraits s\u2019ajoutent au revenu imposable, ils peuvent donc diminuer les <strong>prestations et les cr\u00e9dits gouvernementaux<\/strong> fond\u00e9s sur le revenu<\/td><td>Les retraits n\u2019ont aucune incidence sur l\u2019admissibilit\u00e9 aux <strong>prestations et aux cr\u00e9dits gouvernementaux<\/strong> fond\u00e9s sur le revenu<\/td><\/tr><tr><td><strong>Les montants retir\u00e9s<\/strong> ne peuvent pas \u00eatre cotis\u00e9s \u00e0 nouveau<\/td><td><strong>Les montants des retraits<\/strong> admissibles s&#8217;ajoutent aux droits de cotisation de l&#8217;ann\u00e9e suivante<sup>1<\/sup>. Vous pouvez donc cotiser \u00e0 nouveau l&#8217;\u00e9quivalent du montant retir\u00e9<\/td><\/tr><\/tbody><\/table><\/div><h2>Imposition<\/h2><div class=\"cd-table-wrap cd-spacer\"><table class=\"cd-tableau-donnees auto\"><thead><tr><th>REER<\/th><th>CELI<\/th><\/tr><\/thead><tbody><tr><td><strong>Retraits<\/strong> imposables<sup>2<\/sup><\/td><td><strong>Retraits<\/strong> non imposables<\/td><\/tr><tr><td><strong>Revenus de placement<\/strong> imposables au moment du retrait<\/td><td><strong>Revenus de placement<\/strong> non imposables<\/td><\/tr><tr><td><strong>Imposition au d\u00e9c\u00e8s<\/strong>, sauf si le REER est transf\u00e9r\u00e9 au conjoint qui dispose de droits inutilis\u00e9s, \u00e0 un enfant mineur ou \u00e0 un enfant handicap\u00e9 \u00e0 charge<\/td><td><strong>Aucune imposition au d\u00e9c\u00e8s<\/strong>, le conjoint survivant pourra ajouter les sommes accumul\u00e9es dans son propre CELI sans affecter les droits de cotisation<\/td><\/tr><tr><td><strong>Cotisations d\u00e9ductibles<\/strong> du revenu imposable<\/td><td><strong>Cotisations non d\u00e9ductibles<\/strong> du revenu imposable<\/td><\/tr><\/tbody><\/table><\/div><div id=\"page\" class=\"fr pleine-page sans-titre cd-typo-temp\"><div id=\"zone-centrale\"><div id=\"centre\"><div id=\"contenu\" class=\"pleine-page sans-titre cd-typo-temp\" tabindex=\"-1\" role=\"main\"><div id=\"corps\"><div class=\"note-bas-page ouvert\" tabindex=\"-1\" aria-expanded=\"true\"><ol><li id=\"note-1\">Les retraits li\u00e9s aux cotisations exc\u00e9dentaires, aux placements non admissibles et \u00e0 certaines op\u00e9rations de transfert d\u2019actifs ainsi que le revenu li\u00e9 \u00e0 ces sommes ne donnent pas lieu \u00e0 une augmentation des droits de cotisation \u00e0 un CELI. Certains de ces revenus sont assujettis \u00e0 un taux d\u2019imposition de 100 %.<\/li><li id=\"note-2\">Les montants retir\u00e9s du REER sont assujettis \u00e0 des retenues d&#8217;imp\u00f4t et des frais de retrait peuvent s&#8217;appliquer.<\/li><\/ol><\/div><\/div><\/div><\/div><\/div><\/div><\/div><\/div><\/div><\/div><\/div>\t\t\t\t\t\t\t\t<\/div>\n\t\t\t\t<\/div>\n\t\t\t\t\t<\/div>\n\t\t\t\t<\/div>\n\t\t\t\t<\/div>\n\t\t","protected":false},"excerpt":{"rendered":"<p>\u00a0 Le REER et le CELI sont deux r\u00e9gimes enregistr\u00e9s d\u2019\u00e9pargne tr\u00e8s profitables, car ils vous permettent d\u2019accumuler de l\u2019argent \u00e0 l\u2019abri de l\u2019imp\u00f4t. Comparez-les pour voir lequel conviendra le mieux \u00e0 vos besoins ou, encore, optez pour les deux. REER CELI Objectif\u00a0: accumuler des \u00e9conomies \u00e0 l&#8217;abri de l&#8217;imp\u00f4t pour la retraite, tout en [&#8230;]<\/p>\n","protected":false},"author":6,"featured_media":0,"parent":0,"menu_order":295,"comment_status":"closed","ping_status":"closed","template":"","meta":{"_acf_changed":false,"_monsterinsights_skip_tracking":false,"_monsterinsights_sitenote_active":false,"_monsterinsights_sitenote_note":"","_monsterinsights_sitenote_category":0,"footnotes":""},"class_list":["post-8191","page","type-page","status-publish","hentry"],"acf":[],"yoast_head":"<!-- This site is optimized with the Yoast SEO plugin v27.3 - https:\/\/yoast.com\/product\/yoast-seo-wordpress\/ -->\n<title>Comparer le REER et le CELI | Caisse Alliance<\/title>\n<meta name=\"robots\" content=\"index, follow, max-snippet:-1, max-image-preview:large, max-video-preview:-1\" \/>\n<link rel=\"canonical\" href=\"https:\/\/www.caissealliance.com\/fr\/comparer-le-reer-et-le-celi\/\" \/>\n<meta property=\"og:locale\" content=\"fr_FR\" \/>\n<meta property=\"og:type\" content=\"article\" \/>\n<meta property=\"og:title\" content=\"Comparer le REER et le CELI | Caisse Alliance\" \/>\n<meta property=\"og:description\" content=\"\u00a0 Le REER et le CELI sont deux r\u00e9gimes enregistr\u00e9s d\u2019\u00e9pargne tr\u00e8s profitables, car ils vous permettent d\u2019accumuler de l\u2019argent \u00e0 l\u2019abri de l\u2019imp\u00f4t. Comparez-les pour voir lequel conviendra le mieux \u00e0 vos besoins ou, encore, optez pour les deux. REER CELI Objectif\u00a0: accumuler des \u00e9conomies \u00e0 l&#8217;abri de l&#8217;imp\u00f4t pour la retraite, tout en [...]\" \/>\n<meta property=\"og:url\" content=\"https:\/\/www.caissealliance.com\/fr\/comparer-le-reer-et-le-celi\/\" \/>\n<meta property=\"og:site_name\" content=\"Caisse Alliance\" \/>\n<meta property=\"article:modified_time\" content=\"2026-01-26T14:19:14+00:00\" \/>\n<meta name=\"twitter:card\" content=\"summary_large_image\" \/>\n<meta name=\"twitter:label1\" content=\"Dur\u00e9e de lecture estim\u00e9e\" \/>\n\t<meta name=\"twitter:data1\" content=\"4 minutes\" \/>\n<script type=\"application\/ld+json\" class=\"yoast-schema-graph\">{\"@context\":\"https:\\\/\\\/schema.org\",\"@graph\":[{\"@type\":\"WebPage\",\"@id\":\"https:\\\/\\\/www.caissealliance.com\\\/fr\\\/comparer-le-reer-et-le-celi\\\/\",\"url\":\"https:\\\/\\\/www.caissealliance.com\\\/fr\\\/comparer-le-reer-et-le-celi\\\/\",\"name\":\"Comparer le REER et le CELI | Caisse Alliance\",\"isPartOf\":{\"@id\":\"https:\\\/\\\/www.caissealliance.com\\\/fr\\\/#website\"},\"datePublished\":\"2019-10-02T18:46:33+00:00\",\"dateModified\":\"2026-01-26T14:19:14+00:00\",\"breadcrumb\":{\"@id\":\"https:\\\/\\\/www.caissealliance.com\\\/fr\\\/comparer-le-reer-et-le-celi\\\/#breadcrumb\"},\"inLanguage\":\"fr-FR\",\"potentialAction\":[{\"@type\":\"ReadAction\",\"target\":[\"https:\\\/\\\/www.caissealliance.com\\\/fr\\\/comparer-le-reer-et-le-celi\\\/\"]}]},{\"@type\":\"BreadcrumbList\",\"@id\":\"https:\\\/\\\/www.caissealliance.com\\\/fr\\\/comparer-le-reer-et-le-celi\\\/#breadcrumb\",\"itemListElement\":[{\"@type\":\"ListItem\",\"position\":1,\"name\":\"Home\",\"item\":\"https:\\\/\\\/www.caissealliance.com\\\/fr\\\/\"},{\"@type\":\"ListItem\",\"position\":2,\"name\":\"Comparer le REER et le CELI\"}]},{\"@type\":\"WebSite\",\"@id\":\"https:\\\/\\\/www.caissealliance.com\\\/fr\\\/#website\",\"url\":\"https:\\\/\\\/www.caissealliance.com\\\/fr\\\/\",\"name\":\"Caisse Alliance\",\"description\":\"Site Web de la Caisse Alliance\",\"potentialAction\":[{\"@type\":\"SearchAction\",\"target\":{\"@type\":\"EntryPoint\",\"urlTemplate\":\"https:\\\/\\\/www.caissealliance.com\\\/fr\\\/?s={search_term_string}\"},\"query-input\":{\"@type\":\"PropertyValueSpecification\",\"valueRequired\":true,\"valueName\":\"search_term_string\"}}],\"inLanguage\":\"fr-FR\"}]}<\/script>\n<!-- \/ Yoast SEO plugin. -->","yoast_head_json":{"title":"Comparer le REER et le CELI | Caisse Alliance","robots":{"index":"index","follow":"follow","max-snippet":"max-snippet:-1","max-image-preview":"max-image-preview:large","max-video-preview":"max-video-preview:-1"},"canonical":"https:\/\/www.caissealliance.com\/fr\/comparer-le-reer-et-le-celi\/","og_locale":"fr_FR","og_type":"article","og_title":"Comparer le REER et le CELI | Caisse Alliance","og_description":"\u00a0 Le REER et le CELI sont deux r\u00e9gimes enregistr\u00e9s d\u2019\u00e9pargne tr\u00e8s profitables, car ils vous permettent d\u2019accumuler de l\u2019argent \u00e0 l\u2019abri de l\u2019imp\u00f4t. Comparez-les pour voir lequel conviendra le mieux \u00e0 vos besoins ou, encore, optez pour les deux. REER CELI Objectif\u00a0: accumuler des \u00e9conomies \u00e0 l&#8217;abri de l&#8217;imp\u00f4t pour la retraite, tout en [...]","og_url":"https:\/\/www.caissealliance.com\/fr\/comparer-le-reer-et-le-celi\/","og_site_name":"Caisse Alliance","article_modified_time":"2026-01-26T14:19:14+00:00","twitter_card":"summary_large_image","twitter_misc":{"Dur\u00e9e de lecture estim\u00e9e":"4 minutes"},"schema":{"@context":"https:\/\/schema.org","@graph":[{"@type":"WebPage","@id":"https:\/\/www.caissealliance.com\/fr\/comparer-le-reer-et-le-celi\/","url":"https:\/\/www.caissealliance.com\/fr\/comparer-le-reer-et-le-celi\/","name":"Comparer le REER et le CELI | Caisse Alliance","isPartOf":{"@id":"https:\/\/www.caissealliance.com\/fr\/#website"},"datePublished":"2019-10-02T18:46:33+00:00","dateModified":"2026-01-26T14:19:14+00:00","breadcrumb":{"@id":"https:\/\/www.caissealliance.com\/fr\/comparer-le-reer-et-le-celi\/#breadcrumb"},"inLanguage":"fr-FR","potentialAction":[{"@type":"ReadAction","target":["https:\/\/www.caissealliance.com\/fr\/comparer-le-reer-et-le-celi\/"]}]},{"@type":"BreadcrumbList","@id":"https:\/\/www.caissealliance.com\/fr\/comparer-le-reer-et-le-celi\/#breadcrumb","itemListElement":[{"@type":"ListItem","position":1,"name":"Home","item":"https:\/\/www.caissealliance.com\/fr\/"},{"@type":"ListItem","position":2,"name":"Comparer le REER et le CELI"}]},{"@type":"WebSite","@id":"https:\/\/www.caissealliance.com\/fr\/#website","url":"https:\/\/www.caissealliance.com\/fr\/","name":"Caisse Alliance","description":"Site Web de la Caisse Alliance","potentialAction":[{"@type":"SearchAction","target":{"@type":"EntryPoint","urlTemplate":"https:\/\/www.caissealliance.com\/fr\/?s={search_term_string}"},"query-input":{"@type":"PropertyValueSpecification","valueRequired":true,"valueName":"search_term_string"}}],"inLanguage":"fr-FR"}]}},"publishpress_future_action":{"enabled":false,"date":"2026-04-22 20:39:16","action":"change-status","newStatus":"draft","terms":[],"taxonomy":"section","extraData":[]},"publishpress_future_workflow_manual_trigger":{"enabledWorkflows":[]},"_links":{"self":[{"href":"https:\/\/www.caissealliance.com\/fr\/wp-json\/wp\/v2\/pages\/8191","targetHints":{"allow":["GET"]}}],"collection":[{"href":"https:\/\/www.caissealliance.com\/fr\/wp-json\/wp\/v2\/pages"}],"about":[{"href":"https:\/\/www.caissealliance.com\/fr\/wp-json\/wp\/v2\/types\/page"}],"author":[{"embeddable":true,"href":"https:\/\/www.caissealliance.com\/fr\/wp-json\/wp\/v2\/users\/6"}],"replies":[{"embeddable":true,"href":"https:\/\/www.caissealliance.com\/fr\/wp-json\/wp\/v2\/comments?post=8191"}],"version-history":[{"count":21,"href":"https:\/\/www.caissealliance.com\/fr\/wp-json\/wp\/v2\/pages\/8191\/revisions"}],"predecessor-version":[{"id":35787,"href":"https:\/\/www.caissealliance.com\/fr\/wp-json\/wp\/v2\/pages\/8191\/revisions\/35787"}],"wp:attachment":[{"href":"https:\/\/www.caissealliance.com\/fr\/wp-json\/wp\/v2\/media?parent=8191"}],"curies":[{"name":"wp","href":"https:\/\/api.w.org\/{rel}","templated":true}]}}