{"id":3707,"date":"2019-05-01T11:36:25","date_gmt":"2019-05-01T15:36:25","guid":{"rendered":"http:\/\/caissealliance.absoludev.ca\/?page_id=3707"},"modified":"2024-02-05T12:33:42","modified_gmt":"2024-02-05T17:33:42","slug":"une-identite-bien-protegee","status":"publish","type":"page","link":"https:\/\/www.caissealliance.com\/fr\/une-identite-bien-protegee\/","title":{"rendered":"Une identit\u00e9 bien prot\u00e9g\u00e9e"},"content":{"rendered":"<h1>Une identit\u00e9 bien prot\u00e9g\u00e9e<\/h1>\n<p><iframe src=\"https:\/\/www.youtube.com\/embed\/kPwdklx_j68?feature=oembed&amp;wmode=transparent\" width=\"960\" height=\"540\" frameborder=\"0\" allowfullscreen=\"allowfullscreen\"><\/iframe><\/p>\n","protected":false},"excerpt":{"rendered":"<p>Une identit\u00e9 bien prot\u00e9g\u00e9e<\/p>\n","protected":false},"author":1,"featured_media":0,"parent":0,"menu_order":351,"comment_status":"closed","ping_status":"closed","template":"page_full.php","meta":{"_acf_changed":false,"_monsterinsights_skip_tracking":false,"_monsterinsights_sitenote_active":false,"_monsterinsights_sitenote_note":"","_monsterinsights_sitenote_category":0,"footnotes":""},"class_list":["post-3707","page","type-page","status-publish","hentry","section-clientele-scolaire","section-video"],"acf":[],"yoast_head":"<!-- This site is optimized with the Yoast SEO plugin v27.3 - https:\/\/yoast.com\/product\/yoast-seo-wordpress\/ -->\n<title>Une identit\u00e9 bien prot\u00e9g\u00e9e | Caisse Alliance<\/title>\n<meta name=\"robots\" content=\"index, follow, max-snippet:-1, max-image-preview:large, max-video-preview:-1\" \/>\n<link rel=\"canonical\" href=\"https:\/\/www.caissealliance.com\/fr\/une-identite-bien-protegee\/\" \/>\n<meta property=\"og:locale\" content=\"fr_FR\" \/>\n<meta property=\"og:type\" content=\"article\" \/>\n<meta property=\"og:title\" content=\"Une identit\u00e9 bien prot\u00e9g\u00e9e | Caisse Alliance\" \/>\n<meta property=\"og:description\" content=\"Une identit\u00e9 bien prot\u00e9g\u00e9e\" \/>\n<meta property=\"og:url\" content=\"https:\/\/www.caissealliance.com\/fr\/une-identite-bien-protegee\/\" \/>\n<meta property=\"og:site_name\" content=\"Caisse Alliance\" \/>\n<meta property=\"article:modified_time\" content=\"2024-02-05T17:33:42+00:00\" \/>\n<meta name=\"twitter:card\" content=\"summary_large_image\" \/>\n<script type=\"application\/ld+json\" class=\"yoast-schema-graph\">{\"@context\":\"https:\\\/\\\/schema.org\",\"@graph\":[{\"@type\":\"WebPage\",\"@id\":\"https:\\\/\\\/www.caissealliance.com\\\/fr\\\/une-identite-bien-protegee\\\/\",\"url\":\"https:\\\/\\\/www.caissealliance.com\\\/fr\\\/une-identite-bien-protegee\\\/\",\"name\":\"Une identit\u00e9 bien prot\u00e9g\u00e9e | Caisse Alliance\",\"isPartOf\":{\"@id\":\"https:\\\/\\\/www.caissealliance.com\\\/fr\\\/#website\"},\"datePublished\":\"2019-05-01T15:36:25+00:00\",\"dateModified\":\"2024-02-05T17:33:42+00:00\",\"breadcrumb\":{\"@id\":\"https:\\\/\\\/www.caissealliance.com\\\/fr\\\/une-identite-bien-protegee\\\/#breadcrumb\"},\"inLanguage\":\"fr-FR\",\"potentialAction\":[{\"@type\":\"ReadAction\",\"target\":[\"https:\\\/\\\/www.caissealliance.com\\\/fr\\\/une-identite-bien-protegee\\\/\"]}]},{\"@type\":\"BreadcrumbList\",\"@id\":\"https:\\\/\\\/www.caissealliance.com\\\/fr\\\/une-identite-bien-protegee\\\/#breadcrumb\",\"itemListElement\":[{\"@type\":\"ListItem\",\"position\":1,\"name\":\"Home\",\"item\":\"https:\\\/\\\/www.caissealliance.com\\\/fr\\\/\"},{\"@type\":\"ListItem\",\"position\":2,\"name\":\"Une identit\u00e9 bien prot\u00e9g\u00e9e\"}]},{\"@type\":\"WebSite\",\"@id\":\"https:\\\/\\\/www.caissealliance.com\\\/fr\\\/#website\",\"url\":\"https:\\\/\\\/www.caissealliance.com\\\/fr\\\/\",\"name\":\"Caisse Alliance\",\"description\":\"Site Web de la Caisse Alliance\",\"potentialAction\":[{\"@type\":\"SearchAction\",\"target\":{\"@type\":\"EntryPoint\",\"urlTemplate\":\"https:\\\/\\\/www.caissealliance.com\\\/fr\\\/?s={search_term_string}\"},\"query-input\":{\"@type\":\"PropertyValueSpecification\",\"valueRequired\":true,\"valueName\":\"search_term_string\"}}],\"inLanguage\":\"fr-FR\"}]}<\/script>\n<!-- \/ Yoast SEO plugin. -->","yoast_head_json":{"title":"Une identit\u00e9 bien prot\u00e9g\u00e9e | Caisse Alliance","robots":{"index":"index","follow":"follow","max-snippet":"max-snippet:-1","max-image-preview":"max-image-preview:large","max-video-preview":"max-video-preview:-1"},"canonical":"https:\/\/www.caissealliance.com\/fr\/une-identite-bien-protegee\/","og_locale":"fr_FR","og_type":"article","og_title":"Une identit\u00e9 bien prot\u00e9g\u00e9e | Caisse Alliance","og_description":"Une identit\u00e9 bien prot\u00e9g\u00e9e","og_url":"https:\/\/www.caissealliance.com\/fr\/une-identite-bien-protegee\/","og_site_name":"Caisse Alliance","article_modified_time":"2024-02-05T17:33:42+00:00","twitter_card":"summary_large_image","schema":{"@context":"https:\/\/schema.org","@graph":[{"@type":"WebPage","@id":"https:\/\/www.caissealliance.com\/fr\/une-identite-bien-protegee\/","url":"https:\/\/www.caissealliance.com\/fr\/une-identite-bien-protegee\/","name":"Une identit\u00e9 bien prot\u00e9g\u00e9e | Caisse Alliance","isPartOf":{"@id":"https:\/\/www.caissealliance.com\/fr\/#website"},"datePublished":"2019-05-01T15:36:25+00:00","dateModified":"2024-02-05T17:33:42+00:00","breadcrumb":{"@id":"https:\/\/www.caissealliance.com\/fr\/une-identite-bien-protegee\/#breadcrumb"},"inLanguage":"fr-FR","potentialAction":[{"@type":"ReadAction","target":["https:\/\/www.caissealliance.com\/fr\/une-identite-bien-protegee\/"]}]},{"@type":"BreadcrumbList","@id":"https:\/\/www.caissealliance.com\/fr\/une-identite-bien-protegee\/#breadcrumb","itemListElement":[{"@type":"ListItem","position":1,"name":"Home","item":"https:\/\/www.caissealliance.com\/fr\/"},{"@type":"ListItem","position":2,"name":"Une identit\u00e9 bien prot\u00e9g\u00e9e"}]},{"@type":"WebSite","@id":"https:\/\/www.caissealliance.com\/fr\/#website","url":"https:\/\/www.caissealliance.com\/fr\/","name":"Caisse Alliance","description":"Site Web de la Caisse Alliance","potentialAction":[{"@type":"SearchAction","target":{"@type":"EntryPoint","urlTemplate":"https:\/\/www.caissealliance.com\/fr\/?s={search_term_string}"},"query-input":{"@type":"PropertyValueSpecification","valueRequired":true,"valueName":"search_term_string"}}],"inLanguage":"fr-FR"}]}},"publishpress_future_action":{"enabled":false,"date":"2026-04-26 02:29:06","action":"change-status","newStatus":"draft","terms":[],"taxonomy":"section","extraData":[]},"publishpress_future_workflow_manual_trigger":{"enabledWorkflows":[]},"_links":{"self":[{"href":"https:\/\/www.caissealliance.com\/fr\/wp-json\/wp\/v2\/pages\/3707","targetHints":{"allow":["GET"]}}],"collection":[{"href":"https:\/\/www.caissealliance.com\/fr\/wp-json\/wp\/v2\/pages"}],"about":[{"href":"https:\/\/www.caissealliance.com\/fr\/wp-json\/wp\/v2\/types\/page"}],"author":[{"embeddable":true,"href":"https:\/\/www.caissealliance.com\/fr\/wp-json\/wp\/v2\/users\/1"}],"replies":[{"embeddable":true,"href":"https:\/\/www.caissealliance.com\/fr\/wp-json\/wp\/v2\/comments?post=3707"}],"version-history":[{"count":1,"href":"https:\/\/www.caissealliance.com\/fr\/wp-json\/wp\/v2\/pages\/3707\/revisions"}],"predecessor-version":[{"id":3708,"href":"https:\/\/www.caissealliance.com\/fr\/wp-json\/wp\/v2\/pages\/3707\/revisions\/3708"}],"wp:attachment":[{"href":"https:\/\/www.caissealliance.com\/fr\/wp-json\/wp\/v2\/media?parent=3707"}],"curies":[{"name":"wp","href":"https:\/\/api.w.org\/{rel}","templated":true}]}}