{"id":36406,"date":"2026-04-01T16:31:58","date_gmt":"2026-04-01T20:31:58","guid":{"rendered":"https:\/\/www.caissealliance.com\/?page_id=36406"},"modified":"2026-04-01T16:36:16","modified_gmt":"2026-04-01T20:36:16","slug":"confirmation-inscription","status":"publish","type":"page","link":"https:\/\/www.caissealliance.com\/fr\/aga2026\/confirmation-inscription\/","title":{"rendered":"Confirmation d&#8217;inscription AGA"},"content":{"rendered":"<p><strong>Merci de vous \u00eatre inscrit(e) \u00e0 l\u2019Assembl\u00e9e g\u00e9n\u00e9rale annuelle 2026 de la Caisse Alliance.<\/strong><\/p>\n<h3><\/h3>\n<h3><strong>D\u00e9tails de l\u2019\u00e9v\u00e9nement<\/strong><\/h3>\n<p>Date : le mardi 28 avril 2026<\/p>\n<p>Heure : 19 h<\/p>\n<p><a href=\"https:\/\/www.caissealliance.com\/wp-content\/uploads\/aga-agm-2026.ics\">Ajouter l&#8217;\u00e9v\u00e9nement \u00e0 votre calendrier.<\/a><\/p>\n<p>&nbsp;<\/p>\n<p>Lien de visionnement : <strong><a id=\"menur2afb\" class=\"fui-Link ___1q1shib f2hkw1w f3rmtva f1ewtqcl fyind8e f1k6fduh f1w7gpdv fk6fouc fjoy568 figsok6 f1s184ao f1mk8lai fnbmjn9 f1o700av f13mvf36 f1cmlufx f9n3di6 f1ids18y f1tx3yz7 f1deo86v f1eh06m1 f1iescvh fhgqx19 f1olyrje f1p93eir f1nev41a f1h8hb77 f1lqvz6u f10aw75t fsle3fq f17ae5zn\" title=\"https:\/\/vimeo.com\/event\/5840990\/6e46135f0f?fl=so&amp;fe=fs\" href=\"https:\/\/vimeo.com\/event\/5840990\/6e46135f0f?fl=so&amp;fe=fs\" target=\"_blank\" rel=\"noreferrer noopener\" aria-label=\"Link https:\/\/vimeo.com\/event\/5840990\/6e46135f0f?fl=so&amp;fe=fs\">https:\/\/vimeo.com\/event\/5840990\/6e46135f0f?fl=so&amp;fe=fs<\/a><\/strong><\/p>\n<p>Le jour de l\u2019\u00e9v\u00e9nement, la webdiffusion sera \u00e9galement accessible \u00e0 partir de la page suivante : <a id=\"menur2afd\" class=\"fui-Link ___1q1shib f2hkw1w f3rmtva f1ewtqcl fyind8e f1k6fduh f1w7gpdv fk6fouc fjoy568 figsok6 f1s184ao f1mk8lai fnbmjn9 f1o700av f13mvf36 f1cmlufx f9n3di6 f1ids18y f1tx3yz7 f1deo86v f1eh06m1 f1iescvh fhgqx19 f1olyrje f1p93eir f1nev41a f1h8hb77 f1lqvz6u f10aw75t fsle3fq f17ae5zn\" title=\"https:\/\/caissealliance.com\/fr\/aga2026\" href=\"https:\/\/caissealliance.com\/fr\/aga2026\" target=\"_blank\" rel=\"noreferrer noopener\" aria-label=\"Link caissealliance.com\/fr\/aga2026\"><strong>caissealliance.com\/fr\/aga2026<\/strong><\/a><\/p>\n<p>Merci de votre participation.<\/p>\n","protected":false},"excerpt":{"rendered":"<p>Merci de vous \u00eatre inscrit(e) \u00e0 l\u2019Assembl\u00e9e g\u00e9n\u00e9rale annuelle 2026 de la Caisse Alliance. Date : le mardi 28 avril 2026 Heure : 19 h Ajouter l&#8217;\u00e9v\u00e9nement \u00e0 votre calendrier. &nbsp; Lien de visionnement : https:\/\/vimeo.com\/event\/5840990\/6e46135f0f?fl=so&amp;fe=fs Le jour de l\u2019\u00e9v\u00e9nement, la webdiffusion sera \u00e9galement accessible \u00e0 partir de la page suivante : caissealliance.com\/fr\/aga2026 Merci de [&#8230;]<\/p>\n","protected":false},"author":7,"featured_media":0,"parent":36203,"menu_order":0,"comment_status":"closed","ping_status":"closed","template":"page_full.php","meta":{"_acf_changed":false,"_monsterinsights_skip_tracking":false,"_monsterinsights_sitenote_active":false,"_monsterinsights_sitenote_note":"","_monsterinsights_sitenote_category":0,"footnotes":""},"class_list":["post-36406","page","type-page","status-publish","hentry"],"acf":[],"yoast_head":"<!-- This site is optimized with the Yoast SEO plugin v27.3 - https:\/\/yoast.com\/product\/yoast-seo-wordpress\/ -->\n<title>Confirmation d&#039;inscription AGA | Caisse Alliance<\/title>\n<meta name=\"robots\" content=\"index, follow, max-snippet:-1, max-image-preview:large, max-video-preview:-1\" \/>\n<link rel=\"canonical\" href=\"https:\/\/www.caissealliance.com\/fr\/aga2026\/confirmation-inscription\/\" \/>\n<meta property=\"og:locale\" content=\"fr_FR\" \/>\n<meta property=\"og:type\" content=\"article\" \/>\n<meta property=\"og:title\" content=\"Confirmation d&#039;inscription AGA | Caisse Alliance\" \/>\n<meta property=\"og:description\" content=\"Merci de vous \u00eatre inscrit(e) \u00e0 l\u2019Assembl\u00e9e g\u00e9n\u00e9rale annuelle 2026 de la Caisse Alliance. Date : le mardi 28 avril 2026 Heure : 19 h Ajouter l&#8217;\u00e9v\u00e9nement \u00e0 votre calendrier. &nbsp; Lien de visionnement : https:\/\/vimeo.com\/event\/5840990\/6e46135f0f?fl=so&amp;fe=fs Le jour de l\u2019\u00e9v\u00e9nement, la webdiffusion sera \u00e9galement accessible \u00e0 partir de la page suivante : caissealliance.com\/fr\/aga2026 Merci de [...]\" \/>\n<meta property=\"og:url\" content=\"https:\/\/www.caissealliance.com\/fr\/aga2026\/confirmation-inscription\/\" \/>\n<meta property=\"og:site_name\" content=\"Caisse Alliance\" \/>\n<meta property=\"article:modified_time\" content=\"2026-04-01T20:36:16+00:00\" \/>\n<meta name=\"twitter:card\" content=\"summary_large_image\" \/>\n<meta name=\"twitter:label1\" content=\"Dur\u00e9e de lecture estim\u00e9e\" \/>\n\t<meta name=\"twitter:data1\" content=\"1 minute\" \/>\n<script type=\"application\/ld+json\" class=\"yoast-schema-graph\">{\"@context\":\"https:\\\/\\\/schema.org\",\"@graph\":[{\"@type\":\"WebPage\",\"@id\":\"https:\\\/\\\/www.caissealliance.com\\\/fr\\\/aga2026\\\/confirmation-inscription\\\/\",\"url\":\"https:\\\/\\\/www.caissealliance.com\\\/fr\\\/aga2026\\\/confirmation-inscription\\\/\",\"name\":\"Confirmation d'inscription AGA | Caisse Alliance\",\"isPartOf\":{\"@id\":\"https:\\\/\\\/www.caissealliance.com\\\/fr\\\/#website\"},\"datePublished\":\"2026-04-01T20:31:58+00:00\",\"dateModified\":\"2026-04-01T20:36:16+00:00\",\"breadcrumb\":{\"@id\":\"https:\\\/\\\/www.caissealliance.com\\\/fr\\\/aga2026\\\/confirmation-inscription\\\/#breadcrumb\"},\"inLanguage\":\"fr-FR\",\"potentialAction\":[{\"@type\":\"ReadAction\",\"target\":[\"https:\\\/\\\/www.caissealliance.com\\\/fr\\\/aga2026\\\/confirmation-inscription\\\/\"]}]},{\"@type\":\"BreadcrumbList\",\"@id\":\"https:\\\/\\\/www.caissealliance.com\\\/fr\\\/aga2026\\\/confirmation-inscription\\\/#breadcrumb\",\"itemListElement\":[{\"@type\":\"ListItem\",\"position\":1,\"name\":\"Home\",\"item\":\"https:\\\/\\\/www.caissealliance.com\\\/fr\\\/\"},{\"@type\":\"ListItem\",\"position\":2,\"name\":\"Assembl\u00e9e g\u00e9n\u00e9rale annuelle 2026\",\"item\":\"https:\\\/\\\/www.caissealliance.com\\\/fr\\\/aga2026\\\/\"},{\"@type\":\"ListItem\",\"position\":3,\"name\":\"Confirmation d&#8217;inscription AGA\"}]},{\"@type\":\"WebSite\",\"@id\":\"https:\\\/\\\/www.caissealliance.com\\\/fr\\\/#website\",\"url\":\"https:\\\/\\\/www.caissealliance.com\\\/fr\\\/\",\"name\":\"Caisse Alliance\",\"description\":\"Site Web de la Caisse Alliance\",\"potentialAction\":[{\"@type\":\"SearchAction\",\"target\":{\"@type\":\"EntryPoint\",\"urlTemplate\":\"https:\\\/\\\/www.caissealliance.com\\\/fr\\\/?s={search_term_string}\"},\"query-input\":{\"@type\":\"PropertyValueSpecification\",\"valueRequired\":true,\"valueName\":\"search_term_string\"}}],\"inLanguage\":\"fr-FR\"}]}<\/script>\n<!-- \/ Yoast SEO plugin. -->","yoast_head_json":{"title":"Confirmation d'inscription AGA | Caisse Alliance","robots":{"index":"index","follow":"follow","max-snippet":"max-snippet:-1","max-image-preview":"max-image-preview:large","max-video-preview":"max-video-preview:-1"},"canonical":"https:\/\/www.caissealliance.com\/fr\/aga2026\/confirmation-inscription\/","og_locale":"fr_FR","og_type":"article","og_title":"Confirmation d'inscription AGA | Caisse Alliance","og_description":"Merci de vous \u00eatre inscrit(e) \u00e0 l\u2019Assembl\u00e9e g\u00e9n\u00e9rale annuelle 2026 de la Caisse Alliance. Date : le mardi 28 avril 2026 Heure : 19 h Ajouter l&#8217;\u00e9v\u00e9nement \u00e0 votre calendrier. &nbsp; Lien de visionnement : https:\/\/vimeo.com\/event\/5840990\/6e46135f0f?fl=so&amp;fe=fs Le jour de l\u2019\u00e9v\u00e9nement, la webdiffusion sera \u00e9galement accessible \u00e0 partir de la page suivante : caissealliance.com\/fr\/aga2026 Merci de [...]","og_url":"https:\/\/www.caissealliance.com\/fr\/aga2026\/confirmation-inscription\/","og_site_name":"Caisse Alliance","article_modified_time":"2026-04-01T20:36:16+00:00","twitter_card":"summary_large_image","twitter_misc":{"Dur\u00e9e de lecture estim\u00e9e":"1 minute"},"schema":{"@context":"https:\/\/schema.org","@graph":[{"@type":"WebPage","@id":"https:\/\/www.caissealliance.com\/fr\/aga2026\/confirmation-inscription\/","url":"https:\/\/www.caissealliance.com\/fr\/aga2026\/confirmation-inscription\/","name":"Confirmation d'inscription AGA | Caisse Alliance","isPartOf":{"@id":"https:\/\/www.caissealliance.com\/fr\/#website"},"datePublished":"2026-04-01T20:31:58+00:00","dateModified":"2026-04-01T20:36:16+00:00","breadcrumb":{"@id":"https:\/\/www.caissealliance.com\/fr\/aga2026\/confirmation-inscription\/#breadcrumb"},"inLanguage":"fr-FR","potentialAction":[{"@type":"ReadAction","target":["https:\/\/www.caissealliance.com\/fr\/aga2026\/confirmation-inscription\/"]}]},{"@type":"BreadcrumbList","@id":"https:\/\/www.caissealliance.com\/fr\/aga2026\/confirmation-inscription\/#breadcrumb","itemListElement":[{"@type":"ListItem","position":1,"name":"Home","item":"https:\/\/www.caissealliance.com\/fr\/"},{"@type":"ListItem","position":2,"name":"Assembl\u00e9e g\u00e9n\u00e9rale annuelle 2026","item":"https:\/\/www.caissealliance.com\/fr\/aga2026\/"},{"@type":"ListItem","position":3,"name":"Confirmation d&#8217;inscription AGA"}]},{"@type":"WebSite","@id":"https:\/\/www.caissealliance.com\/fr\/#website","url":"https:\/\/www.caissealliance.com\/fr\/","name":"Caisse Alliance","description":"Site Web de la Caisse Alliance","potentialAction":[{"@type":"SearchAction","target":{"@type":"EntryPoint","urlTemplate":"https:\/\/www.caissealliance.com\/fr\/?s={search_term_string}"},"query-input":{"@type":"PropertyValueSpecification","valueRequired":true,"valueName":"search_term_string"}}],"inLanguage":"fr-FR"}]}},"publishpress_future_action":{"enabled":false,"date":"2026-04-26 00:52:41","action":"change-status","newStatus":"draft","terms":[],"taxonomy":"section","extraData":[]},"publishpress_future_workflow_manual_trigger":{"enabledWorkflows":[]},"_links":{"self":[{"href":"https:\/\/www.caissealliance.com\/fr\/wp-json\/wp\/v2\/pages\/36406","targetHints":{"allow":["GET"]}}],"collection":[{"href":"https:\/\/www.caissealliance.com\/fr\/wp-json\/wp\/v2\/pages"}],"about":[{"href":"https:\/\/www.caissealliance.com\/fr\/wp-json\/wp\/v2\/types\/page"}],"author":[{"embeddable":true,"href":"https:\/\/www.caissealliance.com\/fr\/wp-json\/wp\/v2\/users\/7"}],"replies":[{"embeddable":true,"href":"https:\/\/www.caissealliance.com\/fr\/wp-json\/wp\/v2\/comments?post=36406"}],"version-history":[{"count":3,"href":"https:\/\/www.caissealliance.com\/fr\/wp-json\/wp\/v2\/pages\/36406\/revisions"}],"predecessor-version":[{"id":36416,"href":"https:\/\/www.caissealliance.com\/fr\/wp-json\/wp\/v2\/pages\/36406\/revisions\/36416"}],"up":[{"embeddable":true,"href":"https:\/\/www.caissealliance.com\/fr\/wp-json\/wp\/v2\/pages\/36203"}],"wp:attachment":[{"href":"https:\/\/www.caissealliance.com\/fr\/wp-json\/wp\/v2\/media?parent=36406"}],"curies":[{"name":"wp","href":"https:\/\/api.w.org\/{rel}","templated":true}]}}