{"id":36261,"date":"2026-03-25T16:12:54","date_gmt":"2026-03-25T20:12:54","guid":{"rendered":"https:\/\/www.caissealliance.com\/?page_id=36261"},"modified":"2026-03-25T16:13:20","modified_gmt":"2026-03-25T20:13:20","slug":"allia-probleme-technique","status":"publish","type":"page","link":"https:\/\/www.caissealliance.com\/fr\/avis\/allia-probleme-technique\/","title":{"rendered":"Allia | Probl\u00e8me technique"},"content":{"rendered":"<p>Si vous \u00e9prouvez des probl\u00e8mes de connexion \u00e0 Allia, merci de r\u00e9essayer en vous connectant \u00e0 un r\u00e9seau Wi-Fi ou de r\u00e9essayer un peu plus tard. Nous travaillons \u00e0 r\u00e9tablir la situation le plus rapidement possible.<\/p>\n","protected":false},"excerpt":{"rendered":"<p>Si vous \u00e9prouvez des probl\u00e8mes de connexion \u00e0 Allia, merci de r\u00e9essayer en vous connectant \u00e0 un r\u00e9seau Wi-Fi ou de r\u00e9essayer un peu plus tard. Nous travaillons \u00e0 r\u00e9tablir la situation le plus rapidement possible.<\/p>\n","protected":false},"author":15,"featured_media":0,"parent":34432,"menu_order":0,"comment_status":"closed","ping_status":"closed","template":"","meta":{"_acf_changed":false,"_monsterinsights_skip_tracking":false,"_monsterinsights_sitenote_active":false,"_monsterinsights_sitenote_note":"","_monsterinsights_sitenote_category":0,"footnotes":""},"class_list":["post-36261","page","type-page","status-publish","hentry"],"acf":[],"yoast_head":"<!-- This site is optimized with the Yoast SEO plugin v27.3 - https:\/\/yoast.com\/product\/yoast-seo-wordpress\/ -->\n<title>Allia | Probl\u00e8me technique | Caisse Alliance<\/title>\n<meta name=\"robots\" content=\"index, follow, max-snippet:-1, max-image-preview:large, max-video-preview:-1\" \/>\n<link rel=\"canonical\" href=\"https:\/\/www.caissealliance.com\/fr\/avis\/allia-probleme-technique\/\" \/>\n<meta property=\"og:locale\" content=\"fr_FR\" \/>\n<meta property=\"og:type\" content=\"article\" \/>\n<meta property=\"og:title\" content=\"Allia | Probl\u00e8me technique | Caisse Alliance\" \/>\n<meta property=\"og:description\" content=\"Si vous \u00e9prouvez des probl\u00e8mes de connexion \u00e0 Allia, merci de r\u00e9essayer en vous connectant \u00e0 un r\u00e9seau Wi-Fi ou de r\u00e9essayer un peu plus tard. Nous travaillons \u00e0 r\u00e9tablir la situation le plus rapidement possible.\" \/>\n<meta property=\"og:url\" content=\"https:\/\/www.caissealliance.com\/fr\/avis\/allia-probleme-technique\/\" \/>\n<meta property=\"og:site_name\" content=\"Caisse Alliance\" \/>\n<meta property=\"article:modified_time\" content=\"2026-03-25T20:13:20+00:00\" \/>\n<meta name=\"twitter:card\" content=\"summary_large_image\" \/>\n<meta name=\"twitter:label1\" content=\"Dur\u00e9e de lecture estim\u00e9e\" \/>\n\t<meta name=\"twitter:data1\" content=\"1 minute\" \/>\n<script type=\"application\/ld+json\" class=\"yoast-schema-graph\">{\"@context\":\"https:\\\/\\\/schema.org\",\"@graph\":[{\"@type\":\"WebPage\",\"@id\":\"https:\\\/\\\/www.caissealliance.com\\\/fr\\\/avis\\\/allia-probleme-technique\\\/\",\"url\":\"https:\\\/\\\/www.caissealliance.com\\\/fr\\\/avis\\\/allia-probleme-technique\\\/\",\"name\":\"Allia | Probl\u00e8me technique | Caisse Alliance\",\"isPartOf\":{\"@id\":\"https:\\\/\\\/www.caissealliance.com\\\/fr\\\/#website\"},\"datePublished\":\"2026-03-25T20:12:54+00:00\",\"dateModified\":\"2026-03-25T20:13:20+00:00\",\"breadcrumb\":{\"@id\":\"https:\\\/\\\/www.caissealliance.com\\\/fr\\\/avis\\\/allia-probleme-technique\\\/#breadcrumb\"},\"inLanguage\":\"fr-FR\",\"potentialAction\":[{\"@type\":\"ReadAction\",\"target\":[\"https:\\\/\\\/www.caissealliance.com\\\/fr\\\/avis\\\/allia-probleme-technique\\\/\"]}]},{\"@type\":\"BreadcrumbList\",\"@id\":\"https:\\\/\\\/www.caissealliance.com\\\/fr\\\/avis\\\/allia-probleme-technique\\\/#breadcrumb\",\"itemListElement\":[{\"@type\":\"ListItem\",\"position\":1,\"name\":\"Home\",\"item\":\"https:\\\/\\\/www.caissealliance.com\\\/fr\\\/\"},{\"@type\":\"ListItem\",\"position\":2,\"name\":\"Avis\",\"item\":\"https:\\\/\\\/www.caissealliance.com\\\/fr\\\/avis\\\/\"},{\"@type\":\"ListItem\",\"position\":3,\"name\":\"Allia | Probl\u00e8me technique\"}]},{\"@type\":\"WebSite\",\"@id\":\"https:\\\/\\\/www.caissealliance.com\\\/fr\\\/#website\",\"url\":\"https:\\\/\\\/www.caissealliance.com\\\/fr\\\/\",\"name\":\"Caisse Alliance\",\"description\":\"Site Web de la Caisse Alliance\",\"potentialAction\":[{\"@type\":\"SearchAction\",\"target\":{\"@type\":\"EntryPoint\",\"urlTemplate\":\"https:\\\/\\\/www.caissealliance.com\\\/fr\\\/?s={search_term_string}\"},\"query-input\":{\"@type\":\"PropertyValueSpecification\",\"valueRequired\":true,\"valueName\":\"search_term_string\"}}],\"inLanguage\":\"fr-FR\"}]}<\/script>\n<!-- \/ Yoast SEO plugin. -->","yoast_head_json":{"title":"Allia | Probl\u00e8me technique | Caisse Alliance","robots":{"index":"index","follow":"follow","max-snippet":"max-snippet:-1","max-image-preview":"max-image-preview:large","max-video-preview":"max-video-preview:-1"},"canonical":"https:\/\/www.caissealliance.com\/fr\/avis\/allia-probleme-technique\/","og_locale":"fr_FR","og_type":"article","og_title":"Allia | Probl\u00e8me technique | Caisse Alliance","og_description":"Si vous \u00e9prouvez des probl\u00e8mes de connexion \u00e0 Allia, merci de r\u00e9essayer en vous connectant \u00e0 un r\u00e9seau Wi-Fi ou de r\u00e9essayer un peu plus tard. Nous travaillons \u00e0 r\u00e9tablir la situation le plus rapidement possible.","og_url":"https:\/\/www.caissealliance.com\/fr\/avis\/allia-probleme-technique\/","og_site_name":"Caisse Alliance","article_modified_time":"2026-03-25T20:13:20+00:00","twitter_card":"summary_large_image","twitter_misc":{"Dur\u00e9e de lecture estim\u00e9e":"1 minute"},"schema":{"@context":"https:\/\/schema.org","@graph":[{"@type":"WebPage","@id":"https:\/\/www.caissealliance.com\/fr\/avis\/allia-probleme-technique\/","url":"https:\/\/www.caissealliance.com\/fr\/avis\/allia-probleme-technique\/","name":"Allia | Probl\u00e8me technique | Caisse Alliance","isPartOf":{"@id":"https:\/\/www.caissealliance.com\/fr\/#website"},"datePublished":"2026-03-25T20:12:54+00:00","dateModified":"2026-03-25T20:13:20+00:00","breadcrumb":{"@id":"https:\/\/www.caissealliance.com\/fr\/avis\/allia-probleme-technique\/#breadcrumb"},"inLanguage":"fr-FR","potentialAction":[{"@type":"ReadAction","target":["https:\/\/www.caissealliance.com\/fr\/avis\/allia-probleme-technique\/"]}]},{"@type":"BreadcrumbList","@id":"https:\/\/www.caissealliance.com\/fr\/avis\/allia-probleme-technique\/#breadcrumb","itemListElement":[{"@type":"ListItem","position":1,"name":"Home","item":"https:\/\/www.caissealliance.com\/fr\/"},{"@type":"ListItem","position":2,"name":"Avis","item":"https:\/\/www.caissealliance.com\/fr\/avis\/"},{"@type":"ListItem","position":3,"name":"Allia | Probl\u00e8me technique"}]},{"@type":"WebSite","@id":"https:\/\/www.caissealliance.com\/fr\/#website","url":"https:\/\/www.caissealliance.com\/fr\/","name":"Caisse Alliance","description":"Site Web de la Caisse Alliance","potentialAction":[{"@type":"SearchAction","target":{"@type":"EntryPoint","urlTemplate":"https:\/\/www.caissealliance.com\/fr\/?s={search_term_string}"},"query-input":{"@type":"PropertyValueSpecification","valueRequired":true,"valueName":"search_term_string"}}],"inLanguage":"fr-FR"}]}},"publishpress_future_action":{"enabled":false,"date":"2026-04-23 00:46:16","action":"change-status","newStatus":"draft","terms":[],"taxonomy":"section","extraData":[]},"publishpress_future_workflow_manual_trigger":{"enabledWorkflows":[]},"_links":{"self":[{"href":"https:\/\/www.caissealliance.com\/fr\/wp-json\/wp\/v2\/pages\/36261","targetHints":{"allow":["GET"]}}],"collection":[{"href":"https:\/\/www.caissealliance.com\/fr\/wp-json\/wp\/v2\/pages"}],"about":[{"href":"https:\/\/www.caissealliance.com\/fr\/wp-json\/wp\/v2\/types\/page"}],"author":[{"embeddable":true,"href":"https:\/\/www.caissealliance.com\/fr\/wp-json\/wp\/v2\/users\/15"}],"replies":[{"embeddable":true,"href":"https:\/\/www.caissealliance.com\/fr\/wp-json\/wp\/v2\/comments?post=36261"}],"version-history":[{"count":1,"href":"https:\/\/www.caissealliance.com\/fr\/wp-json\/wp\/v2\/pages\/36261\/revisions"}],"predecessor-version":[{"id":36262,"href":"https:\/\/www.caissealliance.com\/fr\/wp-json\/wp\/v2\/pages\/36261\/revisions\/36262"}],"up":[{"embeddable":true,"href":"https:\/\/www.caissealliance.com\/fr\/wp-json\/wp\/v2\/pages\/34432"}],"wp:attachment":[{"href":"https:\/\/www.caissealliance.com\/fr\/wp-json\/wp\/v2\/media?parent=36261"}],"curies":[{"name":"wp","href":"https:\/\/api.w.org\/{rel}","templated":true}]}}