{"id":36203,"date":"2026-03-24T09:26:44","date_gmt":"2026-03-24T13:26:44","guid":{"rendered":"https:\/\/www.caissealliance.com\/?page_id=36203"},"modified":"2026-04-01T16:35:32","modified_gmt":"2026-04-01T20:35:32","slug":"aga2026","status":"publish","type":"page","link":"https:\/\/www.caissealliance.com\/fr\/aga2026\/","title":{"rendered":"Assembl\u00e9e g\u00e9n\u00e9rale annuelle 2026"},"content":{"rendered":"<p>Vous \u00eates convoqu\u00e9s \u00e0 la 8<sup>e<\/sup> assembl\u00e9e g\u00e9n\u00e9rale annuelle de la Caisse populaire Alliance limit\u00e9e, qui aura lieu le <strong>mardi 28 avril 2026, \u00e0 19 h<\/strong>. Celle-ci se tiendra en mode hybride, c\u2019est-\u00e0-dire en pr\u00e9sentiel au Centre communautaire de Lavigne, situ\u00e9 au <a href=\"https:\/\/www.google.com\/maps?f=q&amp;source=s_q&amp;hl=en&amp;geocode&amp;q=10576+Hwy+64+Lavigne\">10576 route 64, Lavigne,<\/a> et en mode virtuel.<\/p>\n<hr \/>\n\n<div class=\"wpcf7 no-js\" id=\"wpcf7-f36209-o1\" lang=\"en-US\" dir=\"ltr\" data-wpcf7-id=\"36209\">\n<div class=\"screen-reader-response\"><p role=\"status\" aria-live=\"polite\" aria-atomic=\"true\"><\/p> <ul><\/ul><\/div>\n<form action=\"\/fr\/wp-json\/wp\/v2\/pages\/36203#wpcf7-f36209-o1\" method=\"post\" class=\"wpcf7-form init\" aria-label=\"Contact form\" novalidate=\"novalidate\" data-status=\"init\">\n<fieldset class=\"hidden-fields-container\"><input type=\"hidden\" name=\"_wpcf7\" value=\"36209\" \/><input type=\"hidden\" name=\"_wpcf7_version\" value=\"6.1.5\" \/><input type=\"hidden\" name=\"_wpcf7_locale\" value=\"en_US\" \/><input type=\"hidden\" name=\"_wpcf7_unit_tag\" value=\"wpcf7-f36209-o1\" \/><input type=\"hidden\" name=\"_wpcf7_container_post\" value=\"0\" \/><input type=\"hidden\" name=\"_wpcf7_posted_data_hash\" value=\"\" \/>\n<\/fieldset>\n<h3>Formulaire d'inscription en ligne\n<\/h3>\n<p>Pour participer \u00e0 l'AGA 2026 en mode virtuel, veuillez vous inscrire \u00e0 partir du formulaire suivant.\n<\/p>\n<div class=\"limit_width\">\n\t<p><label for=\"your-prenom\">Pr\u00e9nom :*<\/label><span class=\"wpcf7-form-control-wrap\" data-name=\"your-prenom\"><input size=\"40\" maxlength=\"400\" class=\"wpcf7-form-control wpcf7-text wpcf7-validates-as-required\" id=\"your-prenom\" aria-required=\"true\" aria-invalid=\"false\" value=\"\" type=\"text\" name=\"your-prenom\" \/><\/span>\n\t<\/p>\n\t<p><label for=\"your-nom\">Nom :*<\/label><span class=\"wpcf7-form-control-wrap\" data-name=\"your-nom\"><input size=\"40\" maxlength=\"400\" class=\"wpcf7-form-control wpcf7-text wpcf7-validates-as-required\" id=\"your-nom\" aria-required=\"true\" aria-invalid=\"false\" value=\"\" type=\"text\" name=\"your-nom\" \/><\/span>\n\t<\/p>\n\t<p><label for=\"your-email\">Courriel :*<\/label><span class=\"wpcf7-form-control-wrap\" data-name=\"your-email\"><input size=\"40\" maxlength=\"400\" class=\"wpcf7-form-control wpcf7-email wpcf7-validates-as-required wpcf7-text wpcf7-validates-as-email\" id=\"your-email\" aria-required=\"true\" aria-invalid=\"false\" value=\"\" type=\"email\" name=\"your-email\" \/><\/span>\n\t<\/p>\n\t<p><label for=\"your-city\">Ville :*<\/label><span class=\"wpcf7-form-control-wrap\" data-name=\"your-city\"><input size=\"40\" maxlength=\"400\" class=\"wpcf7-form-control wpcf7-text wpcf7-validates-as-required\" id=\"your-city\" aria-required=\"true\" aria-invalid=\"false\" value=\"\" type=\"text\" name=\"your-city\" \/><\/span>\n\t<\/p>\n\t<p><label for=\"membre\">\u00cates-vous membre de la Caisse Alliance?<\/label><span class=\"wpcf7-form-control-wrap\" data-name=\"membre\"><span class=\"wpcf7-form-control wpcf7-radio\" id=\"membre\"><span class=\"wpcf7-list-item first\"><label><input type=\"radio\" name=\"membre\" value=\"Oui\" checked=\"checked\" \/><span class=\"wpcf7-list-item-label\">Oui<\/span><\/label><\/span><span class=\"wpcf7-list-item last\"><label><input type=\"radio\" name=\"membre\" value=\"Non\" \/><span class=\"wpcf7-list-item-label\">Non<\/span><\/label><\/span><\/span><\/span>\n\t<\/p>\n\t<p><label for=\"infolettre\">Infolettre : Recevez les plus r\u00e9centes nouvelles de votre Caisse<\/label><span class=\"wpcf7-form-control-wrap\" data-name=\"infolettre\"><span class=\"wpcf7-form-control wpcf7-checkbox\" id=\"infolettre\"><span class=\"wpcf7-list-item first last\"><label><input type=\"checkbox\" name=\"infolettre[]\" value=\"Je souhaite m&#039;abonner\" \/><span class=\"wpcf7-list-item-label\">Je souhaite m&#039;abonner<\/span><\/label><\/span><\/span><\/span>\n\t<\/p>\n\t<p><input class=\"wpcf7-form-control wpcf7-submit has-spinner\" type=\"submit\" value=\"Soumettre\" \/>\n\t<\/p>\n<\/div><div class=\"wpcf7-response-output\" aria-hidden=\"true\"><\/div>\n<\/form>\n<\/div>\n\n<p>&nbsp;<\/p>\n<h3>Documents<\/h3>\n<p>Les documents seront ajout\u00e9s ici.<\/p>\n<p><a href=\"https:\/\/www.caissealliance.com\/wp-content\/uploads\/CA-AGA-Avis-de-convocation-2026-20x30-1-1-1.pdf\">Avis de convocation<\/a><\/p>\n","protected":false},"excerpt":{"rendered":"<p>Vous \u00eates convoqu\u00e9s \u00e0 la 8e assembl\u00e9e g\u00e9n\u00e9rale annuelle de la Caisse populaire Alliance limit\u00e9e, qui aura lieu le mardi 28 avril 2026, \u00e0 19 h. Celle-ci se tiendra en mode hybride, c\u2019est-\u00e0-dire en pr\u00e9sentiel au Centre communautaire de Lavigne, situ\u00e9 au 10576 route 64, Lavigne, et en mode virtuel. &nbsp; Les documents seront ajout\u00e9s [&#8230;]<\/p>\n","protected":false},"author":7,"featured_media":0,"parent":0,"menu_order":0,"comment_status":"closed","ping_status":"closed","template":"page_full.php","meta":{"_acf_changed":false,"_monsterinsights_skip_tracking":false,"_monsterinsights_sitenote_active":false,"_monsterinsights_sitenote_note":"","_monsterinsights_sitenote_category":0,"footnotes":""},"class_list":["post-36203","page","type-page","status-publish","hentry"],"acf":[],"yoast_head":"<!-- This site is optimized with the Yoast SEO plugin v27.3 - https:\/\/yoast.com\/product\/yoast-seo-wordpress\/ -->\n<title>Assembl\u00e9e g\u00e9n\u00e9rale annuelle 2026 | Caisse Alliance<\/title>\n<meta name=\"robots\" content=\"index, follow, max-snippet:-1, max-image-preview:large, max-video-preview:-1\" \/>\n<link rel=\"canonical\" href=\"https:\/\/www.caissealliance.com\/fr\/aga2026\/\" \/>\n<meta property=\"og:locale\" content=\"fr_FR\" \/>\n<meta property=\"og:type\" content=\"article\" \/>\n<meta property=\"og:title\" content=\"Assembl\u00e9e g\u00e9n\u00e9rale annuelle 2026 | Caisse Alliance\" \/>\n<meta property=\"og:description\" content=\"Vous \u00eates convoqu\u00e9s \u00e0 la 8e assembl\u00e9e g\u00e9n\u00e9rale annuelle de la Caisse populaire Alliance limit\u00e9e, qui aura lieu le mardi 28 avril 2026, \u00e0 19 h. Celle-ci se tiendra en mode hybride, c\u2019est-\u00e0-dire en pr\u00e9sentiel au Centre communautaire de Lavigne, situ\u00e9 au 10576 route 64, Lavigne, et en mode virtuel. &nbsp; Les documents seront ajout\u00e9s [...]\" \/>\n<meta property=\"og:url\" content=\"https:\/\/www.caissealliance.com\/fr\/aga2026\/\" \/>\n<meta property=\"og:site_name\" content=\"Caisse Alliance\" \/>\n<meta property=\"article:modified_time\" content=\"2026-04-01T20:35:32+00:00\" \/>\n<meta name=\"twitter:card\" content=\"summary_large_image\" \/>\n<meta name=\"twitter:label1\" content=\"Dur\u00e9e de lecture estim\u00e9e\" \/>\n\t<meta name=\"twitter:data1\" content=\"1 minute\" \/>\n<script type=\"application\/ld+json\" class=\"yoast-schema-graph\">{\"@context\":\"https:\\\/\\\/schema.org\",\"@graph\":[{\"@type\":\"WebPage\",\"@id\":\"https:\\\/\\\/www.caissealliance.com\\\/fr\\\/aga2026\\\/\",\"url\":\"https:\\\/\\\/www.caissealliance.com\\\/fr\\\/aga2026\\\/\",\"name\":\"Assembl\u00e9e g\u00e9n\u00e9rale annuelle 2026 | Caisse Alliance\",\"isPartOf\":{\"@id\":\"https:\\\/\\\/www.caissealliance.com\\\/fr\\\/#website\"},\"datePublished\":\"2026-03-24T13:26:44+00:00\",\"dateModified\":\"2026-04-01T20:35:32+00:00\",\"breadcrumb\":{\"@id\":\"https:\\\/\\\/www.caissealliance.com\\\/fr\\\/aga2026\\\/#breadcrumb\"},\"inLanguage\":\"fr-FR\",\"potentialAction\":[{\"@type\":\"ReadAction\",\"target\":[\"https:\\\/\\\/www.caissealliance.com\\\/fr\\\/aga2026\\\/\"]}]},{\"@type\":\"BreadcrumbList\",\"@id\":\"https:\\\/\\\/www.caissealliance.com\\\/fr\\\/aga2026\\\/#breadcrumb\",\"itemListElement\":[{\"@type\":\"ListItem\",\"position\":1,\"name\":\"Home\",\"item\":\"https:\\\/\\\/www.caissealliance.com\\\/fr\\\/\"},{\"@type\":\"ListItem\",\"position\":2,\"name\":\"Assembl\u00e9e g\u00e9n\u00e9rale annuelle 2026\"}]},{\"@type\":\"WebSite\",\"@id\":\"https:\\\/\\\/www.caissealliance.com\\\/fr\\\/#website\",\"url\":\"https:\\\/\\\/www.caissealliance.com\\\/fr\\\/\",\"name\":\"Caisse Alliance\",\"description\":\"Site Web de la Caisse Alliance\",\"potentialAction\":[{\"@type\":\"SearchAction\",\"target\":{\"@type\":\"EntryPoint\",\"urlTemplate\":\"https:\\\/\\\/www.caissealliance.com\\\/fr\\\/?s={search_term_string}\"},\"query-input\":{\"@type\":\"PropertyValueSpecification\",\"valueRequired\":true,\"valueName\":\"search_term_string\"}}],\"inLanguage\":\"fr-FR\"}]}<\/script>\n<!-- \/ Yoast SEO plugin. -->","yoast_head_json":{"title":"Assembl\u00e9e g\u00e9n\u00e9rale annuelle 2026 | Caisse Alliance","robots":{"index":"index","follow":"follow","max-snippet":"max-snippet:-1","max-image-preview":"max-image-preview:large","max-video-preview":"max-video-preview:-1"},"canonical":"https:\/\/www.caissealliance.com\/fr\/aga2026\/","og_locale":"fr_FR","og_type":"article","og_title":"Assembl\u00e9e g\u00e9n\u00e9rale annuelle 2026 | Caisse Alliance","og_description":"Vous \u00eates convoqu\u00e9s \u00e0 la 8e assembl\u00e9e g\u00e9n\u00e9rale annuelle de la Caisse populaire Alliance limit\u00e9e, qui aura lieu le mardi 28 avril 2026, \u00e0 19 h. Celle-ci se tiendra en mode hybride, c\u2019est-\u00e0-dire en pr\u00e9sentiel au Centre communautaire de Lavigne, situ\u00e9 au 10576 route 64, Lavigne, et en mode virtuel. &nbsp; Les documents seront ajout\u00e9s [...]","og_url":"https:\/\/www.caissealliance.com\/fr\/aga2026\/","og_site_name":"Caisse Alliance","article_modified_time":"2026-04-01T20:35:32+00:00","twitter_card":"summary_large_image","twitter_misc":{"Dur\u00e9e de lecture estim\u00e9e":"1 minute"},"schema":{"@context":"https:\/\/schema.org","@graph":[{"@type":"WebPage","@id":"https:\/\/www.caissealliance.com\/fr\/aga2026\/","url":"https:\/\/www.caissealliance.com\/fr\/aga2026\/","name":"Assembl\u00e9e g\u00e9n\u00e9rale annuelle 2026 | Caisse Alliance","isPartOf":{"@id":"https:\/\/www.caissealliance.com\/fr\/#website"},"datePublished":"2026-03-24T13:26:44+00:00","dateModified":"2026-04-01T20:35:32+00:00","breadcrumb":{"@id":"https:\/\/www.caissealliance.com\/fr\/aga2026\/#breadcrumb"},"inLanguage":"fr-FR","potentialAction":[{"@type":"ReadAction","target":["https:\/\/www.caissealliance.com\/fr\/aga2026\/"]}]},{"@type":"BreadcrumbList","@id":"https:\/\/www.caissealliance.com\/fr\/aga2026\/#breadcrumb","itemListElement":[{"@type":"ListItem","position":1,"name":"Home","item":"https:\/\/www.caissealliance.com\/fr\/"},{"@type":"ListItem","position":2,"name":"Assembl\u00e9e g\u00e9n\u00e9rale annuelle 2026"}]},{"@type":"WebSite","@id":"https:\/\/www.caissealliance.com\/fr\/#website","url":"https:\/\/www.caissealliance.com\/fr\/","name":"Caisse Alliance","description":"Site Web de la Caisse Alliance","potentialAction":[{"@type":"SearchAction","target":{"@type":"EntryPoint","urlTemplate":"https:\/\/www.caissealliance.com\/fr\/?s={search_term_string}"},"query-input":{"@type":"PropertyValueSpecification","valueRequired":true,"valueName":"search_term_string"}}],"inLanguage":"fr-FR"}]}},"publishpress_future_action":{"enabled":false,"date":"2026-04-23 07:04:38","action":"change-status","newStatus":"draft","terms":[],"taxonomy":"section","extraData":[]},"publishpress_future_workflow_manual_trigger":{"enabledWorkflows":[]},"_links":{"self":[{"href":"https:\/\/www.caissealliance.com\/fr\/wp-json\/wp\/v2\/pages\/36203","targetHints":{"allow":["GET"]}}],"collection":[{"href":"https:\/\/www.caissealliance.com\/fr\/wp-json\/wp\/v2\/pages"}],"about":[{"href":"https:\/\/www.caissealliance.com\/fr\/wp-json\/wp\/v2\/types\/page"}],"author":[{"embeddable":true,"href":"https:\/\/www.caissealliance.com\/fr\/wp-json\/wp\/v2\/users\/7"}],"replies":[{"embeddable":true,"href":"https:\/\/www.caissealliance.com\/fr\/wp-json\/wp\/v2\/comments?post=36203"}],"version-history":[{"count":5,"href":"https:\/\/www.caissealliance.com\/fr\/wp-json\/wp\/v2\/pages\/36203\/revisions"}],"predecessor-version":[{"id":36414,"href":"https:\/\/www.caissealliance.com\/fr\/wp-json\/wp\/v2\/pages\/36203\/revisions\/36414"}],"wp:attachment":[{"href":"https:\/\/www.caissealliance.com\/fr\/wp-json\/wp\/v2\/media?parent=36203"}],"curies":[{"name":"wp","href":"https:\/\/api.w.org\/{rel}","templated":true}]}}