{"id":36201,"date":"2026-03-24T15:51:17","date_gmt":"2026-03-24T19:51:17","guid":{"rendered":"https:\/\/www.caissealliance.com\/?page_id=36201"},"modified":"2026-03-27T09:54:16","modified_gmt":"2026-03-27T13:54:16","slug":"sondage-ristourne-2026","status":"publish","type":"page","link":"https:\/\/www.caissealliance.com\/fr\/sondage-ristourne-2026\/","title":{"rendered":"Sondage Ristourne 2026"},"content":{"rendered":"<p>La ristourne est une fa\u00e7on de redistribuer les r\u00e9sultats \u00e0 nos membres. Mais au-del\u00e0 du montant re\u00e7u, nous souhaitons mieux comprendre ce qu\u2019elle repr\u00e9sente pour vous. Prenez quelques minutes pour r\u00e9pondre \u00e0 notre court sondage et nous dire qu\u2019est-ce que la ristourne signifie pour vous et comment nous pourrions am\u00e9liorer votre exp\u00e9rience comme membre.<\/p>\n\n<div class=\"wpcf7 no-js\" id=\"wpcf7-f36198-o1\" lang=\"en-US\" dir=\"ltr\" data-wpcf7-id=\"36198\">\n<div class=\"screen-reader-response\"><p role=\"status\" aria-live=\"polite\" aria-atomic=\"true\"><\/p> <ul><\/ul><\/div>\n<form action=\"\/fr\/wp-json\/wp\/v2\/pages\/36201#wpcf7-f36198-o1\" method=\"post\" class=\"wpcf7-form init\" aria-label=\"Contact form\" novalidate=\"novalidate\" data-status=\"init\">\n<fieldset class=\"hidden-fields-container\"><input type=\"hidden\" name=\"_wpcf7\" value=\"36198\" \/><input type=\"hidden\" name=\"_wpcf7_version\" value=\"6.1.5\" \/><input type=\"hidden\" name=\"_wpcf7_locale\" value=\"en_US\" \/><input type=\"hidden\" name=\"_wpcf7_unit_tag\" value=\"wpcf7-f36198-o1\" \/><input type=\"hidden\" name=\"_wpcf7_container_post\" value=\"0\" \/><input type=\"hidden\" name=\"_wpcf7_posted_data_hash\" value=\"\" \/>\n<\/fieldset>\n<div id=\"formulaire\" class=\"form-section-top\">\n\t<div class=\"form-text\">\n\t\t<h3>Sondage \u2013 L\u2019impact de votre ristourne\n\t\t<\/h3>\n\t<\/div>\n\t<div class=\"form-choice\">\n\t\t<div class=\"wrap-input\">\n\t\t\t<p><label for=\"question-1\">Dans quelle tranche d\u2019\u00e2ge vous situez-vous?<\/label><br \/>\n<span class=\"wpcf7-form-control-wrap\" data-name=\"age\"><span class=\"wpcf7-form-control wpcf7-radio\"><span class=\"wpcf7-list-item first\"><label><input type=\"radio\" name=\"age\" value=\"18 \u00e0 34 ans\" \/><span class=\"wpcf7-list-item-label\">18 \u00e0 34 ans<\/span><\/label><\/span><span class=\"wpcf7-list-item\"><label><input type=\"radio\" name=\"age\" value=\"35 \u00e0 50 ans\" \/><span class=\"wpcf7-list-item-label\">35 \u00e0 50 ans<\/span><\/label><\/span><span class=\"wpcf7-list-item last\"><label><input type=\"radio\" name=\"age\" value=\"50 ans et plus\" \/><span class=\"wpcf7-list-item-label\">50 ans et plus<\/span><\/label><\/span><\/span><\/span>\n\t\t\t<\/p>\n\t\t<\/div>\n\t\t<div class=\"wrap-input\">\n\t\t\t<p><label for=\"question-2\">Saviez-vous que la ristourne provient des exc\u00e9dents g\u00e9n\u00e9r\u00e9s par les membres?<\/label><br \/>\n<span class=\"wpcf7-form-control-wrap\" data-name=\"connaissance_ristourne\"><span class=\"wpcf7-form-control wpcf7-radio\"><span class=\"wpcf7-list-item first\"><label><input type=\"radio\" name=\"connaissance_ristourne\" value=\"Oui, tr\u00e8s bien\" \/><span class=\"wpcf7-list-item-label\">Oui, tr\u00e8s bien<\/span><\/label><\/span><span class=\"wpcf7-list-item\"><label><input type=\"radio\" name=\"connaissance_ristourne\" value=\"Oui, mais partiellement\" \/><span class=\"wpcf7-list-item-label\">Oui, mais partiellement<\/span><\/label><\/span><span class=\"wpcf7-list-item last\"><label><input type=\"radio\" name=\"connaissance_ristourne\" value=\"Non\" \/><span class=\"wpcf7-list-item-label\">Non<\/span><\/label><\/span><\/span><\/span>\n\t\t\t<\/p>\n\t\t<\/div>\n\t\t<div class=\"wrap-input\">\n\t\t\t<p><label for=\"question-3\">Comprenez-vous comment est calcul\u00e9e votre ristourne?<\/label><br \/>\n<span class=\"wpcf7-form-control-wrap\" data-name=\"comprehension_calcul\"><span class=\"wpcf7-form-control wpcf7-radio\"><span class=\"wpcf7-list-item first\"><label><input type=\"radio\" name=\"comprehension_calcul\" value=\"Tr\u00e8s bien\" \/><span class=\"wpcf7-list-item-label\">Tr\u00e8s bien<\/span><\/label><\/span><span class=\"wpcf7-list-item\"><label><input type=\"radio\" name=\"comprehension_calcul\" value=\"Assez bien\" \/><span class=\"wpcf7-list-item-label\">Assez bien<\/span><\/label><\/span><span class=\"wpcf7-list-item\"><label><input type=\"radio\" name=\"comprehension_calcul\" value=\"Peu\" \/><span class=\"wpcf7-list-item-label\">Peu<\/span><\/label><\/span><span class=\"wpcf7-list-item last\"><label><input type=\"radio\" name=\"comprehension_calcul\" value=\"Pas du tout\" \/><span class=\"wpcf7-list-item-label\">Pas du tout<\/span><\/label><\/span><\/span><\/span>\n\t\t\t<\/p>\n\t\t<\/div>\n\t\t<div class=\"wrap-input\">\n\t\t\t<p><label for=\"question-4\">Selon vous, la ristourne est :<\/label><br \/>\n<span class=\"wpcf7-form-control-wrap\" data-name=\"perception_ristourne\"><span class=\"wpcf7-form-control wpcf7-radio\"><span class=\"wpcf7-list-item first\"><label><input type=\"radio\" name=\"perception_ristourne\" value=\"Un avantage important d\u2019\u00eatre membre\" \/><span class=\"wpcf7-list-item-label\">Un avantage important d\u2019\u00eatre membre<\/span><\/label><\/span><span class=\"wpcf7-list-item\"><label><input type=\"radio\" name=\"perception_ristourne\" value=\"Un avantage int\u00e9ressant, mais secondaire\" \/><span class=\"wpcf7-list-item-label\">Un avantage int\u00e9ressant, mais secondaire<\/span><\/label><\/span><span class=\"wpcf7-list-item\"><label><input type=\"radio\" name=\"perception_ristourne\" value=\"Un simple bonus\" \/><span class=\"wpcf7-list-item-label\">Un simple bonus<\/span><\/label><\/span><span class=\"wpcf7-list-item last\"><label><input type=\"radio\" name=\"perception_ristourne\" value=\"Peu significative\" \/><span class=\"wpcf7-list-item-label\">Peu significative<\/span><\/label><\/span><\/span><\/span>\n\t\t\t<\/p>\n\t\t<\/div>\n\t\t<div class=\"wrap-input\">\n\t\t\t<p><label for=\"question-5\">En fonction du montant re\u00e7u, comment utilisez-vous g\u00e9n\u00e9ralement votre ristourne?<\/label><br \/>\n<span class=\"wpcf7-form-control-wrap\" data-name=\"utilisation_ristourne\"><span class=\"wpcf7-form-control wpcf7-checkbox\"><span class=\"wpcf7-list-item first\"><label><input type=\"checkbox\" name=\"utilisation_ristourne[]\" value=\"\u00c9pargne\" \/><span class=\"wpcf7-list-item-label\">\u00c9pargne<\/span><\/label><\/span><span class=\"wpcf7-list-item\"><label><input type=\"checkbox\" name=\"utilisation_ristourne[]\" value=\"Remboursement de dettes\" \/><span class=\"wpcf7-list-item-label\">Remboursement de dettes<\/span><\/label><\/span><span class=\"wpcf7-list-item\"><label><input type=\"checkbox\" name=\"utilisation_ristourne[]\" value=\"D\u00e9penses courantes\" \/><span class=\"wpcf7-list-item-label\">D\u00e9penses courantes<\/span><\/label><\/span><span class=\"wpcf7-list-item\"><label><input type=\"checkbox\" name=\"utilisation_ristourne[]\" value=\"Investissement\" \/><span class=\"wpcf7-list-item-label\">Investissement<\/span><\/label><\/span><span class=\"wpcf7-list-item\"><label><input type=\"checkbox\" name=\"utilisation_ristourne[]\" value=\"Cadeau \/ loisir\" \/><span class=\"wpcf7-list-item-label\">Cadeau \/ loisir<\/span><\/label><\/span><span class=\"wpcf7-list-item last\"><label><input type=\"checkbox\" name=\"utilisation_ristourne[]\" value=\"Autre\" \/><span class=\"wpcf7-list-item-label\">Autre<\/span><\/label><\/span><\/span><\/span><br \/>\n<span class=\"wpcf7-form-control-wrap\" data-name=\"autre_utilisation\"><input size=\"40\" maxlength=\"400\" class=\"wpcf7-form-control wpcf7-text\" aria-invalid=\"false\" placeholder=\"Si autre, pr\u00e9cisez\" value=\"\" type=\"text\" name=\"autre_utilisation\" \/><\/span>\n\t\t\t<\/p>\n\t\t<\/div>\n\t\t<div class=\"wrap-input\">\n\t\t\t<p><label for=\"question-6\">Sans la ristourne, auriez-vous :<\/label><br \/>\n<span class=\"wpcf7-form-control-wrap\" data-name=\"sans_ristourne\"><span class=\"wpcf7-form-control wpcf7-radio\"><span class=\"wpcf7-list-item first\"><label><input type=\"radio\" name=\"sans_ristourne\" value=\"\u00c9pargn\u00e9 moins\" \/><span class=\"wpcf7-list-item-label\">\u00c9pargn\u00e9 moins<\/span><\/label><\/span><span class=\"wpcf7-list-item\"><label><input type=\"radio\" name=\"sans_ristourne\" value=\"Investi moins\" \/><span class=\"wpcf7-list-item-label\">Investi moins<\/span><\/label><\/span><span class=\"wpcf7-list-item\"><label><input type=\"radio\" name=\"sans_ristourne\" value=\"Rembours\u00e9 moins de dettes\" \/><span class=\"wpcf7-list-item-label\">Rembours\u00e9 moins de dettes<\/span><\/label><\/span><span class=\"wpcf7-list-item\"><label><input type=\"radio\" name=\"sans_ristourne\" value=\"Rien chang\u00e9\" \/><span class=\"wpcf7-list-item-label\">Rien chang\u00e9<\/span><\/label><\/span><span class=\"wpcf7-list-item last\"><label><input type=\"radio\" name=\"sans_ristourne\" value=\"Je ne sais pas\" \/><span class=\"wpcf7-list-item-label\">Je ne sais pas<\/span><\/label><\/span><\/span><\/span>\n\t\t\t<\/p>\n\t\t<\/div>\n\t\t<div class=\"wrap-input\">\n\t\t\t<p><label for=\"question-7\">La ristourne influence-t-elle votre d\u00e9cision de rester membre?<\/label><br \/>\n<span class=\"wpcf7-form-control-wrap\" data-name=\"influence_membre\"><span class=\"wpcf7-form-control wpcf7-radio\"><span class=\"wpcf7-list-item first\"><label><input type=\"radio\" name=\"influence_membre\" value=\"Beaucoup\" \/><span class=\"wpcf7-list-item-label\">Beaucoup<\/span><\/label><\/span><span class=\"wpcf7-list-item\"><label><input type=\"radio\" name=\"influence_membre\" value=\"Un peu\" \/><span class=\"wpcf7-list-item-label\">Un peu<\/span><\/label><\/span><span class=\"wpcf7-list-item\"><label><input type=\"radio\" name=\"influence_membre\" value=\"Pas vraiment\" \/><span class=\"wpcf7-list-item-label\">Pas vraiment<\/span><\/label><\/span><span class=\"wpcf7-list-item last\"><label><input type=\"radio\" name=\"influence_membre\" value=\"Pas du tout\" \/><span class=\"wpcf7-list-item-label\">Pas du tout<\/span><\/label><\/span><\/span><\/span>\n\t\t\t<\/p>\n\t\t<\/div>\n\t\t<div class=\"wrap-input\">\n\t\t\t<p><label for=\"question-8\">La ristourne vous donne-t-elle le sentiment de participer au succ\u00e8s collectif?<\/label><br \/>\n<span class=\"wpcf7-form-control-wrap\" data-name=\"succes_collectif\"><span class=\"wpcf7-form-control wpcf7-radio\"><span class=\"wpcf7-list-item first\"><label><input type=\"radio\" name=\"succes_collectif\" value=\"Oui, fortement\" \/><span class=\"wpcf7-list-item-label\">Oui, fortement<\/span><\/label><\/span><span class=\"wpcf7-list-item\"><label><input type=\"radio\" name=\"succes_collectif\" value=\"Oui, un peu\" \/><span class=\"wpcf7-list-item-label\">Oui, un peu<\/span><\/label><\/span><span class=\"wpcf7-list-item\"><label><input type=\"radio\" name=\"succes_collectif\" value=\"Peu\" \/><span class=\"wpcf7-list-item-label\">Peu<\/span><\/label><\/span><span class=\"wpcf7-list-item last\"><label><input type=\"radio\" name=\"succes_collectif\" value=\"Pas du tout\" \/><span class=\"wpcf7-list-item-label\">Pas du tout<\/span><\/label><\/span><\/span><\/span>\n\t\t\t<\/p>\n\t\t<\/div>\n\t\t<div class=\"wrap-input\">\n\t\t\t<p><label for=\"question-9\">Recommanderiez-vous davantage la Caisse Alliance gr\u00e2ce \u00e0 la ristourne?<\/label><br \/>\n<span class=\"wpcf7-form-control-wrap\" data-name=\"recommander_caisse\"><span class=\"wpcf7-form-control wpcf7-radio\"><span class=\"wpcf7-list-item first\"><label><input type=\"radio\" name=\"recommander_caisse\" value=\"Oui\" \/><span class=\"wpcf7-list-item-label\">Oui<\/span><\/label><\/span><span class=\"wpcf7-list-item\"><label><input type=\"radio\" name=\"recommander_caisse\" value=\"Peut-\u00eatre\" \/><span class=\"wpcf7-list-item-label\">Peut-\u00eatre<\/span><\/label><\/span><span class=\"wpcf7-list-item last\"><label><input type=\"radio\" name=\"recommander_caisse\" value=\"Non\" \/><span class=\"wpcf7-list-item-label\">Non<\/span><\/label><\/span><\/span><\/span>\n\t\t\t<\/p>\n\t\t<\/div>\n\t\t<div class=\"wrap-input\">\n\t\t\t<p><label for=\"question-10\">Que repr\u00e9sente la ristourne pour vous?<\/label><br \/>\n<span class=\"wpcf7-form-control-wrap\" data-name=\"representation_ristourne\"><span class=\"wpcf7-form-control wpcf7-checkbox\"><span class=\"wpcf7-list-item first\"><label><input type=\"checkbox\" name=\"representation_ristourne[]\" value=\"Une r\u00e9compense\" \/><span class=\"wpcf7-list-item-label\">Une r\u00e9compense<\/span><\/label><\/span><span class=\"wpcf7-list-item\"><label><input type=\"checkbox\" name=\"representation_ristourne[]\" value=\"Un partage des profits\" \/><span class=\"wpcf7-list-item-label\">Un partage des profits<\/span><\/label><\/span><span class=\"wpcf7-list-item\"><label><input type=\"checkbox\" name=\"representation_ristourne[]\" value=\"Un retour de valeur\" \/><span class=\"wpcf7-list-item-label\">Un retour de valeur<\/span><\/label><\/span><span class=\"wpcf7-list-item\"><label><input type=\"checkbox\" name=\"representation_ristourne[]\" value=\"Un avantage coop\u00e9ratif unique\" \/><span class=\"wpcf7-list-item-label\">Un avantage coop\u00e9ratif unique<\/span><\/label><\/span><span class=\"wpcf7-list-item last\"><label><input type=\"checkbox\" name=\"representation_ristourne[]\" value=\"Autre\" \/><span class=\"wpcf7-list-item-label\">Autre<\/span><\/label><\/span><\/span><\/span><br \/>\n<span class=\"wpcf7-form-control-wrap\" data-name=\"autre_representation\"><input size=\"40\" maxlength=\"400\" class=\"wpcf7-form-control wpcf7-text\" aria-invalid=\"false\" placeholder=\"Si autre, pr\u00e9cisez\" value=\"\" type=\"text\" name=\"autre_representation\" \/><\/span>\n\t\t\t<\/p>\n\t\t<\/div>\n\t\t<div class=\"wrap-input\">\n\t\t\t<p><label for=\"question-11\">Aimeriez-vous recevoir plus d\u2019information sur :<\/label><br \/>\n<span class=\"wpcf7-form-control-wrap\" data-name=\"plus_information\"><span class=\"wpcf7-form-control wpcf7-checkbox\"><span class=\"wpcf7-list-item first\"><label><input type=\"checkbox\" name=\"plus_information[]\" value=\"Le calcul\" \/><span class=\"wpcf7-list-item-label\">Le calcul<\/span><\/label><\/span><span class=\"wpcf7-list-item\"><label><input type=\"checkbox\" name=\"plus_information[]\" value=\"L\u2019impact collectif\" \/><span class=\"wpcf7-list-item-label\">L\u2019impact collectif<\/span><\/label><\/span><span class=\"wpcf7-list-item\"><label><input type=\"checkbox\" name=\"plus_information[]\" value=\"Les r\u00e9sultats financiers\" \/><span class=\"wpcf7-list-item-label\">Les r\u00e9sultats financiers<\/span><\/label><\/span><span class=\"wpcf7-list-item last\"><label><input type=\"checkbox\" name=\"plus_information[]\" value=\"Non\" \/><span class=\"wpcf7-list-item-label\">Non<\/span><\/label><\/span><\/span><\/span>\n\t\t\t<\/p>\n\t\t<\/div>\n\t\t<div class=\"wrap-input\">\n\t\t\t<p><label for=\"question-11\">Comment pourrions-nous am\u00e9liorer l\u2019exp\u00e9rience de la ristourne?<\/label><br \/>\n<span class=\"wpcf7-form-control-wrap\" data-name=\"amelioration_ristourne\"><textarea cols=\"40\" rows=\"10\" maxlength=\"2000\" class=\"wpcf7-form-control wpcf7-textarea\" aria-invalid=\"false\" placeholder=\"Votre r\u00e9ponse\" name=\"amelioration_ristourne\"><\/textarea><\/span>\n\t\t\t<\/p>\n\t\t<\/div>\n\t\t<p><input class=\"wpcf7-form-control wpcf7-submit has-spinner\" type=\"submit\" value=\"Envoyer\" \/>\n\t\t<\/p>\n\t<\/div>\n<\/div><div class=\"wpcf7-response-output\" aria-hidden=\"true\"><\/div>\n<\/form>\n<\/div>\n\n","protected":false},"excerpt":{"rendered":"<p>La ristourne est une fa\u00e7on de redistribuer les r\u00e9sultats \u00e0 nos membres. Mais au-del\u00e0 du montant re\u00e7u, nous souhaitons mieux comprendre ce qu\u2019elle repr\u00e9sente pour vous. Prenez quelques minutes pour r\u00e9pondre \u00e0 notre court sondage et nous dire qu\u2019est-ce que la ristourne signifie pour vous et comment nous pourrions am\u00e9liorer votre exp\u00e9rience comme membre.<\/p>\n","protected":false},"author":7,"featured_media":0,"parent":0,"menu_order":0,"comment_status":"closed","ping_status":"closed","template":"page_full.php","meta":{"_acf_changed":false,"_monsterinsights_skip_tracking":false,"_monsterinsights_sitenote_active":false,"_monsterinsights_sitenote_note":"","_monsterinsights_sitenote_category":0,"footnotes":""},"class_list":["post-36201","page","type-page","status-publish","hentry"],"acf":[],"yoast_head":"<!-- This site is optimized with the Yoast SEO plugin v27.3 - https:\/\/yoast.com\/product\/yoast-seo-wordpress\/ -->\n<title>Sondage Ristourne 2026 | Caisse Alliance<\/title>\n<meta name=\"robots\" content=\"index, follow, max-snippet:-1, max-image-preview:large, max-video-preview:-1\" \/>\n<link rel=\"canonical\" href=\"https:\/\/www.caissealliance.com\/fr\/sondage-ristourne-2026\/\" \/>\n<meta property=\"og:locale\" content=\"fr_FR\" \/>\n<meta property=\"og:type\" content=\"article\" \/>\n<meta property=\"og:title\" content=\"Sondage Ristourne 2026 | Caisse Alliance\" \/>\n<meta property=\"og:description\" content=\"La ristourne est une fa\u00e7on de redistribuer les r\u00e9sultats \u00e0 nos membres. Mais au-del\u00e0 du montant re\u00e7u, nous souhaitons mieux comprendre ce qu\u2019elle repr\u00e9sente pour vous. Prenez quelques minutes pour r\u00e9pondre \u00e0 notre court sondage et nous dire qu\u2019est-ce que la ristourne signifie pour vous et comment nous pourrions am\u00e9liorer votre exp\u00e9rience comme membre.\" \/>\n<meta property=\"og:url\" content=\"https:\/\/www.caissealliance.com\/fr\/sondage-ristourne-2026\/\" \/>\n<meta property=\"og:site_name\" content=\"Caisse Alliance\" \/>\n<meta property=\"article:modified_time\" content=\"2026-03-27T13:54:16+00:00\" \/>\n<meta name=\"twitter:card\" content=\"summary_large_image\" \/>\n<meta name=\"twitter:label1\" content=\"Dur\u00e9e de lecture estim\u00e9e\" \/>\n\t<meta name=\"twitter:data1\" content=\"1 minute\" \/>\n<script type=\"application\/ld+json\" class=\"yoast-schema-graph\">{\"@context\":\"https:\\\/\\\/schema.org\",\"@graph\":[{\"@type\":\"WebPage\",\"@id\":\"https:\\\/\\\/www.caissealliance.com\\\/fr\\\/sondage-ristourne-2026\\\/\",\"url\":\"https:\\\/\\\/www.caissealliance.com\\\/fr\\\/sondage-ristourne-2026\\\/\",\"name\":\"Sondage Ristourne 2026 | Caisse Alliance\",\"isPartOf\":{\"@id\":\"https:\\\/\\\/www.caissealliance.com\\\/fr\\\/#website\"},\"datePublished\":\"2026-03-24T19:51:17+00:00\",\"dateModified\":\"2026-03-27T13:54:16+00:00\",\"breadcrumb\":{\"@id\":\"https:\\\/\\\/www.caissealliance.com\\\/fr\\\/sondage-ristourne-2026\\\/#breadcrumb\"},\"inLanguage\":\"fr-FR\",\"potentialAction\":[{\"@type\":\"ReadAction\",\"target\":[\"https:\\\/\\\/www.caissealliance.com\\\/fr\\\/sondage-ristourne-2026\\\/\"]}]},{\"@type\":\"BreadcrumbList\",\"@id\":\"https:\\\/\\\/www.caissealliance.com\\\/fr\\\/sondage-ristourne-2026\\\/#breadcrumb\",\"itemListElement\":[{\"@type\":\"ListItem\",\"position\":1,\"name\":\"Home\",\"item\":\"https:\\\/\\\/www.caissealliance.com\\\/fr\\\/\"},{\"@type\":\"ListItem\",\"position\":2,\"name\":\"Sondage Ristourne 2026\"}]},{\"@type\":\"WebSite\",\"@id\":\"https:\\\/\\\/www.caissealliance.com\\\/fr\\\/#website\",\"url\":\"https:\\\/\\\/www.caissealliance.com\\\/fr\\\/\",\"name\":\"Caisse Alliance\",\"description\":\"Site Web de la Caisse Alliance\",\"potentialAction\":[{\"@type\":\"SearchAction\",\"target\":{\"@type\":\"EntryPoint\",\"urlTemplate\":\"https:\\\/\\\/www.caissealliance.com\\\/fr\\\/?s={search_term_string}\"},\"query-input\":{\"@type\":\"PropertyValueSpecification\",\"valueRequired\":true,\"valueName\":\"search_term_string\"}}],\"inLanguage\":\"fr-FR\"}]}<\/script>\n<!-- \/ Yoast SEO plugin. -->","yoast_head_json":{"title":"Sondage Ristourne 2026 | Caisse Alliance","robots":{"index":"index","follow":"follow","max-snippet":"max-snippet:-1","max-image-preview":"max-image-preview:large","max-video-preview":"max-video-preview:-1"},"canonical":"https:\/\/www.caissealliance.com\/fr\/sondage-ristourne-2026\/","og_locale":"fr_FR","og_type":"article","og_title":"Sondage Ristourne 2026 | Caisse Alliance","og_description":"La ristourne est une fa\u00e7on de redistribuer les r\u00e9sultats \u00e0 nos membres. Mais au-del\u00e0 du montant re\u00e7u, nous souhaitons mieux comprendre ce qu\u2019elle repr\u00e9sente pour vous. Prenez quelques minutes pour r\u00e9pondre \u00e0 notre court sondage et nous dire qu\u2019est-ce que la ristourne signifie pour vous et comment nous pourrions am\u00e9liorer votre exp\u00e9rience comme membre.","og_url":"https:\/\/www.caissealliance.com\/fr\/sondage-ristourne-2026\/","og_site_name":"Caisse Alliance","article_modified_time":"2026-03-27T13:54:16+00:00","twitter_card":"summary_large_image","twitter_misc":{"Dur\u00e9e de lecture estim\u00e9e":"1 minute"},"schema":{"@context":"https:\/\/schema.org","@graph":[{"@type":"WebPage","@id":"https:\/\/www.caissealliance.com\/fr\/sondage-ristourne-2026\/","url":"https:\/\/www.caissealliance.com\/fr\/sondage-ristourne-2026\/","name":"Sondage Ristourne 2026 | Caisse Alliance","isPartOf":{"@id":"https:\/\/www.caissealliance.com\/fr\/#website"},"datePublished":"2026-03-24T19:51:17+00:00","dateModified":"2026-03-27T13:54:16+00:00","breadcrumb":{"@id":"https:\/\/www.caissealliance.com\/fr\/sondage-ristourne-2026\/#breadcrumb"},"inLanguage":"fr-FR","potentialAction":[{"@type":"ReadAction","target":["https:\/\/www.caissealliance.com\/fr\/sondage-ristourne-2026\/"]}]},{"@type":"BreadcrumbList","@id":"https:\/\/www.caissealliance.com\/fr\/sondage-ristourne-2026\/#breadcrumb","itemListElement":[{"@type":"ListItem","position":1,"name":"Home","item":"https:\/\/www.caissealliance.com\/fr\/"},{"@type":"ListItem","position":2,"name":"Sondage Ristourne 2026"}]},{"@type":"WebSite","@id":"https:\/\/www.caissealliance.com\/fr\/#website","url":"https:\/\/www.caissealliance.com\/fr\/","name":"Caisse Alliance","description":"Site Web de la Caisse Alliance","potentialAction":[{"@type":"SearchAction","target":{"@type":"EntryPoint","urlTemplate":"https:\/\/www.caissealliance.com\/fr\/?s={search_term_string}"},"query-input":{"@type":"PropertyValueSpecification","valueRequired":true,"valueName":"search_term_string"}}],"inLanguage":"fr-FR"}]}},"publishpress_future_action":{"enabled":false,"date":"2026-04-26 00:25:24","action":"change-status","newStatus":"draft","terms":[],"taxonomy":"section","extraData":[]},"publishpress_future_workflow_manual_trigger":{"enabledWorkflows":[]},"_links":{"self":[{"href":"https:\/\/www.caissealliance.com\/fr\/wp-json\/wp\/v2\/pages\/36201","targetHints":{"allow":["GET"]}}],"collection":[{"href":"https:\/\/www.caissealliance.com\/fr\/wp-json\/wp\/v2\/pages"}],"about":[{"href":"https:\/\/www.caissealliance.com\/fr\/wp-json\/wp\/v2\/types\/page"}],"author":[{"embeddable":true,"href":"https:\/\/www.caissealliance.com\/fr\/wp-json\/wp\/v2\/users\/7"}],"replies":[{"embeddable":true,"href":"https:\/\/www.caissealliance.com\/fr\/wp-json\/wp\/v2\/comments?post=36201"}],"version-history":[{"count":3,"href":"https:\/\/www.caissealliance.com\/fr\/wp-json\/wp\/v2\/pages\/36201\/revisions"}],"predecessor-version":[{"id":36301,"href":"https:\/\/www.caissealliance.com\/fr\/wp-json\/wp\/v2\/pages\/36201\/revisions\/36301"}],"wp:attachment":[{"href":"https:\/\/www.caissealliance.com\/fr\/wp-json\/wp\/v2\/media?parent=36201"}],"curies":[{"name":"wp","href":"https:\/\/api.w.org\/{rel}","templated":true}]}}