{"id":36166,"date":"2026-03-23T11:58:42","date_gmt":"2026-03-23T15:58:42","guid":{"rendered":"https:\/\/www.caissealliance.com\/?page_id=36166"},"modified":"2026-03-30T08:41:09","modified_gmt":"2026-03-30T12:41:09","slug":"promo-preautorisation-hypothecaire","status":"publish","type":"page","link":"https:\/\/www.caissealliance.com\/fr\/promo-preautorisation-hypothecaire\/","title":{"rendered":"Pr\u00e9autorisation hypoth\u00e9caire"},"content":{"rendered":"<h1>Faites le premier pas vers la maison de vos r\u00eaves avec une pr\u00e9autorisation.<\/h1>\n<p>Soumettez une demande pour une pr\u00e9autorisation en ligne et courez la chance de gagner une Carte Compliments COOP d\u2019une valeur de 1 000 $*<\/p>\n\n<div class=\"wpcf7 no-js\" id=\"wpcf7-f36164-o1\" lang=\"en-US\" dir=\"ltr\" data-wpcf7-id=\"36164\">\n<div class=\"screen-reader-response\"><p role=\"status\" aria-live=\"polite\" aria-atomic=\"true\"><\/p> <ul><\/ul><\/div>\n<form action=\"\/fr\/wp-json\/wp\/v2\/pages\/36166#wpcf7-f36164-o1\" method=\"post\" class=\"wpcf7-form init\" aria-label=\"Contact form\" novalidate=\"novalidate\" data-status=\"init\">\n<fieldset class=\"hidden-fields-container\"><input type=\"hidden\" name=\"_wpcf7\" value=\"36164\" \/><input type=\"hidden\" name=\"_wpcf7_version\" value=\"6.1.5\" \/><input type=\"hidden\" name=\"_wpcf7_locale\" value=\"en_US\" \/><input type=\"hidden\" name=\"_wpcf7_unit_tag\" value=\"wpcf7-f36164-o1\" \/><input type=\"hidden\" name=\"_wpcf7_container_post\" value=\"0\" \/><input type=\"hidden\" name=\"_wpcf7_posted_data_hash\" value=\"\" \/>\n<\/fieldset>\n<h3>Vos informations\n<\/h3>\n<hr \/>\n<div class=\"limit_width\">\n\t<p><label for=\"your-prenom\">Pr\u00e9nom*<\/label><span class=\"wpcf7-form-control-wrap\" data-name=\"your-prenom\"><input size=\"40\" maxlength=\"400\" class=\"wpcf7-form-control wpcf7-text wpcf7-validates-as-required\" id=\"your-prenom\" aria-required=\"true\" aria-invalid=\"false\" value=\"\" type=\"text\" name=\"your-prenom\" \/><\/span>\n\t<\/p>\n\t<p><label for=\"your-nom\">Nom*<\/label><span class=\"wpcf7-form-control-wrap\" data-name=\"your-nom\"><input size=\"40\" maxlength=\"400\" class=\"wpcf7-form-control wpcf7-text wpcf7-validates-as-required\" id=\"your-nom\" aria-required=\"true\" aria-invalid=\"false\" value=\"\" type=\"text\" name=\"your-nom\" \/><\/span>\n\t<\/p>\n\t<p><label for=\"telephone\">T\u00e9l\u00e9phone*<\/label><span class=\"wpcf7-form-control-wrap\" data-name=\"telephone\"><input size=\"40\" maxlength=\"400\" class=\"wpcf7-form-control wpcf7-tel wpcf7-validates-as-required wpcf7-text wpcf7-validates-as-tel\" id=\"telephone\" aria-required=\"true\" aria-invalid=\"false\" value=\"\" type=\"tel\" name=\"telephone\" \/><\/span>\n\t<\/p>\n\t<p><label for=\"your-email\">Adresse courriel*<\/label><span class=\"wpcf7-form-control-wrap\" data-name=\"your-email\"><input size=\"40\" maxlength=\"400\" class=\"wpcf7-form-control wpcf7-email wpcf7-validates-as-required wpcf7-text wpcf7-validates-as-email\" id=\"your-email\" aria-required=\"true\" aria-invalid=\"false\" value=\"\" type=\"email\" name=\"your-email\" \/><\/span>\n\t<\/p>\n\t<p><label for for=\"centre-de-service\">Centre de services*<\/label><span class=\"wpcf7-form-control-wrap\" data-name=\"centre-de-service\"><select class=\"wpcf7-form-control wpcf7-select wpcf7-validates-as-required\" id=\"centre-de-service\" aria-required=\"true\" aria-invalid=\"false\" name=\"centre-de-service\"><option value=\"Alban\">Alban<\/option><option value=\"Argyle\">Argyle<\/option><option value=\"Bonfield\">Bonfield<\/option><option value=\"Fauquier\">Fauquier<\/option><option value=\"Field\">Field<\/option><option value=\"Hearst\">Hearst<\/option><option value=\"Iroquois Falls\">Iroquois Falls<\/option><option value=\"Kapuskasing\">Kapuskasing<\/option><option value=\"Longlac\">Longlac<\/option><option value=\"Markstay\">Markstay<\/option><option value=\"Mattawa\">Mattawa<\/option><option value=\"Mattice\">Mattice<\/option><option value=\"Moonbeam\">Moonbeam<\/option><option value=\"No\u00eblville\">No\u00eblville<\/option><option value=\"North Bay\">North Bay<\/option><option value=\"Opasatika\">Opasatika<\/option><option value=\"Smooth Rock Falls\">Smooth Rock Falls<\/option><option value=\"St-Charles\">St-Charles<\/option><option value=\"Sturgeon Falls\">Sturgeon Falls<\/option><option value=\"Timmins\">Timmins<\/option><option value=\"Val Gagn\u00e9\">Val Gagn\u00e9<\/option><option value=\"Val Rita\">Val Rita<\/option><option value=\"Verner\">Verner<\/option><option value=\"Warren\">Warren<\/option><option value=\"West Ferris\">West Ferris<\/option><\/select><\/span>\n\t<\/p>\n\t<p><label for=\"revenu-total\">Revenu total du m\u00e9nage approximatif*<\/label><span class=\"wpcf7-form-control-wrap\" data-name=\"revenu-total\"><input size=\"40\" maxlength=\"400\" class=\"wpcf7-form-control wpcf7-text wpcf7-validates-as-required\" id=\"revenu-total\" aria-required=\"true\" aria-invalid=\"false\" value=\"\" type=\"text\" name=\"revenu-total\" \/><\/span>\n\t<\/p>\n\t<p><label for=\"montant-hypothecaire\">Montant hypoth\u00e9caire approximatif souhait\u00e9*<\/label><span class=\"wpcf7-form-control-wrap\" data-name=\"montant-achat\"><input size=\"40\" maxlength=\"400\" class=\"wpcf7-form-control wpcf7-text wpcf7-validates-as-required\" id=\"montant-achat\" aria-required=\"true\" aria-invalid=\"false\" value=\"\" type=\"text\" name=\"montant-achat\" \/><\/span>\n\t<\/p>\n\t<p><label for=\"date-achat\">Date d\u2019achat anticip\u00e9e*<\/label><span class=\"wpcf7-form-control-wrap\" data-name=\"date-achat-maison\"><input class=\"wpcf7-form-control wpcf7-date wpcf7-validates-as-required wpcf7-validates-as-date\" min=\"2026-04-01\" max=\"2026-07-01\" aria-required=\"true\" aria-invalid=\"false\" value=\"\" type=\"date\" name=\"date-achat-maison\" \/><\/span>\n\t<\/p>\n\t<p class=\"full\"><br \/>\n<label for=\"identification\">Vous \u00eates*<\/label><span class=\"wpcf7-form-control-wrap\" data-name=\"identification\"><span class=\"wpcf7-form-control wpcf7-radio\"><span class=\"wpcf7-list-item first\"><label><input type=\"radio\" name=\"identification\" value=\"Membre\" \/><span class=\"wpcf7-list-item-label\">Membre<\/span><\/label><\/span><span class=\"wpcf7-list-item\"><label><input type=\"radio\" name=\"identification\" value=\"Non-membre\" \/><span class=\"wpcf7-list-item-label\">Non-membre<\/span><\/label><\/span><span class=\"wpcf7-list-item last\"><label><input type=\"radio\" name=\"identification\" value=\"Repr\u00e9sentant de la Caisse Alliance\" \/><span class=\"wpcf7-list-item-label\">Repr\u00e9sentant de la Caisse Alliance<\/span><\/label><\/span><\/span><\/span>\n\t<\/p>\n\t<p class=\"full\">La Caisse Alliance est autoris\u00e9e \u00e0 utiliser les renseignements fournis dans ce formulaire afin d'examiner la demande de financement.\n\t<\/p>\n\t<p class=\"full\"><br \/>\n<input class=\"wpcf7-form-control wpcf7-submit has-spinner\" type=\"submit\" value=\"Envoyer\" \/>\n\t<\/p>\n<\/div><div class=\"wpcf7-response-output\" aria-hidden=\"true\"><\/div>\n<\/form>\n<\/div>\n\n<hr \/>\n<p class=\"notice\">* L&#8217;admissibilit\u00e9 au tirage de la Carte Compliments COOP d\u2019une valeur de 1 000 $ est conditionnelle au consentement \u00e0 la v\u00e9rification des renseignements financiers, \u00e0 la soumission d\u2019une demande de pr\u00eat hypoth\u00e9caire et au d\u00e9boursement du pr\u00eat hypoth\u00e9caire avant le 30 juin 2026. Consulter les <a href=\"https:\/\/www.caissealliance.com\/fr\/promo-preautorisation-hypothecaire\/reglements-du-concours\/\">r\u00e8glements<\/a> complets du concours.<\/p>\n","protected":false},"excerpt":{"rendered":"<p>Soumettez une demande pour une pr\u00e9autorisation en ligne et courez la chance de gagner une Carte Compliments COOP d\u2019une valeur de 1 000 $* * L&#8217;admissibilit\u00e9 au tirage de la Carte Compliments COOP d\u2019une valeur de 1 000 $ est conditionnelle au consentement \u00e0 la v\u00e9rification des renseignements financiers, \u00e0 la soumission d\u2019une demande de [&#8230;]<\/p>\n","protected":false},"author":7,"featured_media":3536,"parent":0,"menu_order":0,"comment_status":"closed","ping_status":"closed","template":"page_full.php","meta":{"_acf_changed":false,"_monsterinsights_skip_tracking":false,"_monsterinsights_sitenote_active":false,"_monsterinsights_sitenote_note":"","_monsterinsights_sitenote_category":0,"footnotes":""},"class_list":["post-36166","page","type-page","status-publish","has-post-thumbnail","hentry"],"acf":[],"yoast_head":"<!-- This site is optimized with the Yoast SEO plugin v27.3 - https:\/\/yoast.com\/product\/yoast-seo-wordpress\/ -->\n<title>Pr\u00e9autorisation hypoth\u00e9caire | Caisse Alliance<\/title>\n<meta name=\"robots\" content=\"index, follow, max-snippet:-1, max-image-preview:large, max-video-preview:-1\" \/>\n<link rel=\"canonical\" href=\"https:\/\/www.caissealliance.com\/fr\/promo-preautorisation-hypothecaire\/\" \/>\n<meta property=\"og:locale\" content=\"fr_FR\" \/>\n<meta property=\"og:type\" content=\"article\" \/>\n<meta property=\"og:title\" content=\"Pr\u00e9autorisation hypoth\u00e9caire | Caisse Alliance\" \/>\n<meta property=\"og:description\" content=\"Soumettez une demande pour une pr\u00e9autorisation en ligne et courez la chance de gagner une Carte Compliments COOP d\u2019une valeur de 1 000 $* * L&#8217;admissibilit\u00e9 au tirage de la Carte Compliments COOP d\u2019une valeur de 1 000 $ est conditionnelle au consentement \u00e0 la v\u00e9rification des renseignements financiers, \u00e0 la soumission d\u2019une demande de [...]\" \/>\n<meta property=\"og:url\" content=\"https:\/\/www.caissealliance.com\/fr\/promo-preautorisation-hypothecaire\/\" \/>\n<meta property=\"og:site_name\" content=\"Caisse Alliance\" \/>\n<meta property=\"article:modified_time\" content=\"2026-03-30T12:41:09+00:00\" \/>\n<meta property=\"og:image\" content=\"https:\/\/www.caissealliance.com\/wp-content\/uploads\/projet_achat-maison.jpg\" \/>\n\t<meta property=\"og:image:width\" content=\"775\" \/>\n\t<meta property=\"og:image:height\" content=\"517\" \/>\n\t<meta property=\"og:image:type\" content=\"image\/jpeg\" \/>\n<meta name=\"twitter:card\" content=\"summary_large_image\" \/>\n<meta name=\"twitter:label1\" content=\"Dur\u00e9e de lecture estim\u00e9e\" \/>\n\t<meta name=\"twitter:data1\" content=\"1 minute\" \/>\n<script type=\"application\/ld+json\" class=\"yoast-schema-graph\">{\"@context\":\"https:\\\/\\\/schema.org\",\"@graph\":[{\"@type\":\"WebPage\",\"@id\":\"https:\\\/\\\/www.caissealliance.com\\\/fr\\\/promo-preautorisation-hypothecaire\\\/\",\"url\":\"https:\\\/\\\/www.caissealliance.com\\\/fr\\\/promo-preautorisation-hypothecaire\\\/\",\"name\":\"Pr\u00e9autorisation hypoth\u00e9caire | Caisse Alliance\",\"isPartOf\":{\"@id\":\"https:\\\/\\\/www.caissealliance.com\\\/fr\\\/#website\"},\"primaryImageOfPage\":{\"@id\":\"https:\\\/\\\/www.caissealliance.com\\\/fr\\\/promo-preautorisation-hypothecaire\\\/#primaryimage\"},\"image\":{\"@id\":\"https:\\\/\\\/www.caissealliance.com\\\/fr\\\/promo-preautorisation-hypothecaire\\\/#primaryimage\"},\"thumbnailUrl\":\"https:\\\/\\\/www.caissealliance.com\\\/wp-content\\\/uploads\\\/projet_achat-maison.jpg\",\"datePublished\":\"2026-03-23T15:58:42+00:00\",\"dateModified\":\"2026-03-30T12:41:09+00:00\",\"breadcrumb\":{\"@id\":\"https:\\\/\\\/www.caissealliance.com\\\/fr\\\/promo-preautorisation-hypothecaire\\\/#breadcrumb\"},\"inLanguage\":\"fr-FR\",\"potentialAction\":[{\"@type\":\"ReadAction\",\"target\":[\"https:\\\/\\\/www.caissealliance.com\\\/fr\\\/promo-preautorisation-hypothecaire\\\/\"]}]},{\"@type\":\"ImageObject\",\"inLanguage\":\"fr-FR\",\"@id\":\"https:\\\/\\\/www.caissealliance.com\\\/fr\\\/promo-preautorisation-hypothecaire\\\/#primaryimage\",\"url\":\"https:\\\/\\\/www.caissealliance.com\\\/wp-content\\\/uploads\\\/projet_achat-maison.jpg\",\"contentUrl\":\"https:\\\/\\\/www.caissealliance.com\\\/wp-content\\\/uploads\\\/projet_achat-maison.jpg\",\"width\":775,\"height\":517},{\"@type\":\"BreadcrumbList\",\"@id\":\"https:\\\/\\\/www.caissealliance.com\\\/fr\\\/promo-preautorisation-hypothecaire\\\/#breadcrumb\",\"itemListElement\":[{\"@type\":\"ListItem\",\"position\":1,\"name\":\"Home\",\"item\":\"https:\\\/\\\/www.caissealliance.com\\\/fr\\\/\"},{\"@type\":\"ListItem\",\"position\":2,\"name\":\"Pr\u00e9autorisation hypoth\u00e9caire\"}]},{\"@type\":\"WebSite\",\"@id\":\"https:\\\/\\\/www.caissealliance.com\\\/fr\\\/#website\",\"url\":\"https:\\\/\\\/www.caissealliance.com\\\/fr\\\/\",\"name\":\"Caisse Alliance\",\"description\":\"Site Web de la Caisse Alliance\",\"potentialAction\":[{\"@type\":\"SearchAction\",\"target\":{\"@type\":\"EntryPoint\",\"urlTemplate\":\"https:\\\/\\\/www.caissealliance.com\\\/fr\\\/?s={search_term_string}\"},\"query-input\":{\"@type\":\"PropertyValueSpecification\",\"valueRequired\":true,\"valueName\":\"search_term_string\"}}],\"inLanguage\":\"fr-FR\"}]}<\/script>\n<!-- \/ Yoast SEO plugin. -->","yoast_head_json":{"title":"Pr\u00e9autorisation hypoth\u00e9caire | Caisse Alliance","robots":{"index":"index","follow":"follow","max-snippet":"max-snippet:-1","max-image-preview":"max-image-preview:large","max-video-preview":"max-video-preview:-1"},"canonical":"https:\/\/www.caissealliance.com\/fr\/promo-preautorisation-hypothecaire\/","og_locale":"fr_FR","og_type":"article","og_title":"Pr\u00e9autorisation hypoth\u00e9caire | Caisse Alliance","og_description":"Soumettez une demande pour une pr\u00e9autorisation en ligne et courez la chance de gagner une Carte Compliments COOP d\u2019une valeur de 1 000 $* * L&#8217;admissibilit\u00e9 au tirage de la Carte Compliments COOP d\u2019une valeur de 1 000 $ est conditionnelle au consentement \u00e0 la v\u00e9rification des renseignements financiers, \u00e0 la soumission d\u2019une demande de [...]","og_url":"https:\/\/www.caissealliance.com\/fr\/promo-preautorisation-hypothecaire\/","og_site_name":"Caisse Alliance","article_modified_time":"2026-03-30T12:41:09+00:00","og_image":[{"width":775,"height":517,"url":"https:\/\/www.caissealliance.com\/wp-content\/uploads\/projet_achat-maison.jpg","type":"image\/jpeg"}],"twitter_card":"summary_large_image","twitter_misc":{"Dur\u00e9e de lecture estim\u00e9e":"1 minute"},"schema":{"@context":"https:\/\/schema.org","@graph":[{"@type":"WebPage","@id":"https:\/\/www.caissealliance.com\/fr\/promo-preautorisation-hypothecaire\/","url":"https:\/\/www.caissealliance.com\/fr\/promo-preautorisation-hypothecaire\/","name":"Pr\u00e9autorisation hypoth\u00e9caire | Caisse Alliance","isPartOf":{"@id":"https:\/\/www.caissealliance.com\/fr\/#website"},"primaryImageOfPage":{"@id":"https:\/\/www.caissealliance.com\/fr\/promo-preautorisation-hypothecaire\/#primaryimage"},"image":{"@id":"https:\/\/www.caissealliance.com\/fr\/promo-preautorisation-hypothecaire\/#primaryimage"},"thumbnailUrl":"https:\/\/www.caissealliance.com\/wp-content\/uploads\/projet_achat-maison.jpg","datePublished":"2026-03-23T15:58:42+00:00","dateModified":"2026-03-30T12:41:09+00:00","breadcrumb":{"@id":"https:\/\/www.caissealliance.com\/fr\/promo-preautorisation-hypothecaire\/#breadcrumb"},"inLanguage":"fr-FR","potentialAction":[{"@type":"ReadAction","target":["https:\/\/www.caissealliance.com\/fr\/promo-preautorisation-hypothecaire\/"]}]},{"@type":"ImageObject","inLanguage":"fr-FR","@id":"https:\/\/www.caissealliance.com\/fr\/promo-preautorisation-hypothecaire\/#primaryimage","url":"https:\/\/www.caissealliance.com\/wp-content\/uploads\/projet_achat-maison.jpg","contentUrl":"https:\/\/www.caissealliance.com\/wp-content\/uploads\/projet_achat-maison.jpg","width":775,"height":517},{"@type":"BreadcrumbList","@id":"https:\/\/www.caissealliance.com\/fr\/promo-preautorisation-hypothecaire\/#breadcrumb","itemListElement":[{"@type":"ListItem","position":1,"name":"Home","item":"https:\/\/www.caissealliance.com\/fr\/"},{"@type":"ListItem","position":2,"name":"Pr\u00e9autorisation hypoth\u00e9caire"}]},{"@type":"WebSite","@id":"https:\/\/www.caissealliance.com\/fr\/#website","url":"https:\/\/www.caissealliance.com\/fr\/","name":"Caisse Alliance","description":"Site Web de la Caisse Alliance","potentialAction":[{"@type":"SearchAction","target":{"@type":"EntryPoint","urlTemplate":"https:\/\/www.caissealliance.com\/fr\/?s={search_term_string}"},"query-input":{"@type":"PropertyValueSpecification","valueRequired":true,"valueName":"search_term_string"}}],"inLanguage":"fr-FR"}]}},"publishpress_future_action":{"enabled":false,"date":"2026-04-22 18:48:58","action":"change-status","newStatus":"draft","terms":[],"taxonomy":"section","extraData":[]},"publishpress_future_workflow_manual_trigger":{"enabledWorkflows":[]},"_links":{"self":[{"href":"https:\/\/www.caissealliance.com\/fr\/wp-json\/wp\/v2\/pages\/36166","targetHints":{"allow":["GET"]}}],"collection":[{"href":"https:\/\/www.caissealliance.com\/fr\/wp-json\/wp\/v2\/pages"}],"about":[{"href":"https:\/\/www.caissealliance.com\/fr\/wp-json\/wp\/v2\/types\/page"}],"author":[{"embeddable":true,"href":"https:\/\/www.caissealliance.com\/fr\/wp-json\/wp\/v2\/users\/7"}],"replies":[{"embeddable":true,"href":"https:\/\/www.caissealliance.com\/fr\/wp-json\/wp\/v2\/comments?post=36166"}],"version-history":[{"count":3,"href":"https:\/\/www.caissealliance.com\/fr\/wp-json\/wp\/v2\/pages\/36166\/revisions"}],"predecessor-version":[{"id":36341,"href":"https:\/\/www.caissealliance.com\/fr\/wp-json\/wp\/v2\/pages\/36166\/revisions\/36341"}],"wp:featuredmedia":[{"embeddable":true,"href":"https:\/\/www.caissealliance.com\/fr\/wp-json\/wp\/v2\/media\/3536"}],"wp:attachment":[{"href":"https:\/\/www.caissealliance.com\/fr\/wp-json\/wp\/v2\/media?parent=36166"}],"curies":[{"name":"wp","href":"https:\/\/api.w.org\/{rel}","templated":true}]}}