{"id":36023,"date":"2026-02-24T10:28:57","date_gmt":"2026-02-24T15:28:57","guid":{"rendered":"https:\/\/www.caissealliance.com\/?page_id=36023"},"modified":"2026-02-24T10:32:29","modified_gmt":"2026-02-24T15:32:29","slug":"calculateurs","status":"publish","type":"page","link":"https:\/\/www.caissealliance.com\/fr\/calculateurs\/","title":{"rendered":"Calculateurs"},"content":{"rendered":"<h1>Planifiez en toute confiance<\/h1>\n<p>Utilisez nos calculateurs financiers pour explorer vos versements, vos objectifs d\u2019\u00e9pargne et vos strat\u00e9gies de remboursement. Ils sont con\u00e7us pour vous aider \u00e0 comparer vos options et \u00e0 prendre des d\u00e9cisions \u00e9clair\u00e9es. Lorsque vous serez pr\u00eat, nos conseillers sont l\u00e0 pour vous accompagner \u00e0 chaque \u00e9tape.<\/p>\n","protected":false},"excerpt":{"rendered":"<p>Utilisez nos calculateurs financiers pour explorer vos versements, vos objectifs d\u2019\u00e9pargne et vos strat\u00e9gies de remboursement. Ils sont con\u00e7us pour vous aider \u00e0 comparer vos options et \u00e0 prendre des d\u00e9cisions \u00e9clair\u00e9es. Lorsque vous serez pr\u00eat, nos conseillers sont l\u00e0 pour vous accompagner \u00e0 chaque \u00e9tape.<\/p>\n","protected":false},"author":7,"featured_media":0,"parent":0,"menu_order":0,"comment_status":"closed","ping_status":"closed","template":"","meta":{"_acf_changed":false,"_monsterinsights_skip_tracking":false,"_monsterinsights_sitenote_active":false,"_monsterinsights_sitenote_note":"","_monsterinsights_sitenote_category":0,"footnotes":""},"class_list":["post-36023","page","type-page","status-publish","hentry","section-calculateurs"],"acf":[],"yoast_head":"<!-- This site is optimized with the Yoast SEO plugin v27.3 - https:\/\/yoast.com\/product\/yoast-seo-wordpress\/ -->\n<title>Calculateurs | Caisse Alliance<\/title>\n<meta name=\"robots\" content=\"index, follow, max-snippet:-1, max-image-preview:large, max-video-preview:-1\" \/>\n<link rel=\"canonical\" href=\"https:\/\/www.caissealliance.com\/fr\/calculateurs\/\" \/>\n<meta property=\"og:locale\" content=\"fr_FR\" \/>\n<meta property=\"og:type\" content=\"article\" \/>\n<meta property=\"og:title\" content=\"Calculateurs | Caisse Alliance\" \/>\n<meta property=\"og:description\" content=\"Utilisez nos calculateurs financiers pour explorer vos versements, vos objectifs d\u2019\u00e9pargne et vos strat\u00e9gies de remboursement. Ils sont con\u00e7us pour vous aider \u00e0 comparer vos options et \u00e0 prendre des d\u00e9cisions \u00e9clair\u00e9es. Lorsque vous serez pr\u00eat, nos conseillers sont l\u00e0 pour vous accompagner \u00e0 chaque \u00e9tape.\" \/>\n<meta property=\"og:url\" content=\"https:\/\/www.caissealliance.com\/fr\/calculateurs\/\" \/>\n<meta property=\"og:site_name\" content=\"Caisse Alliance\" \/>\n<meta property=\"article:modified_time\" content=\"2026-02-24T15:32:29+00:00\" \/>\n<meta name=\"twitter:card\" content=\"summary_large_image\" \/>\n<meta name=\"twitter:label1\" content=\"Dur\u00e9e de lecture estim\u00e9e\" \/>\n\t<meta name=\"twitter:data1\" content=\"1 minute\" \/>\n<script type=\"application\/ld+json\" class=\"yoast-schema-graph\">{\"@context\":\"https:\\\/\\\/schema.org\",\"@graph\":[{\"@type\":\"WebPage\",\"@id\":\"https:\\\/\\\/www.caissealliance.com\\\/fr\\\/calculateurs\\\/\",\"url\":\"https:\\\/\\\/www.caissealliance.com\\\/fr\\\/calculateurs\\\/\",\"name\":\"Calculateurs | Caisse Alliance\",\"isPartOf\":{\"@id\":\"https:\\\/\\\/www.caissealliance.com\\\/fr\\\/#website\"},\"datePublished\":\"2026-02-24T15:28:57+00:00\",\"dateModified\":\"2026-02-24T15:32:29+00:00\",\"breadcrumb\":{\"@id\":\"https:\\\/\\\/www.caissealliance.com\\\/fr\\\/calculateurs\\\/#breadcrumb\"},\"inLanguage\":\"fr-FR\",\"potentialAction\":[{\"@type\":\"ReadAction\",\"target\":[\"https:\\\/\\\/www.caissealliance.com\\\/fr\\\/calculateurs\\\/\"]}]},{\"@type\":\"BreadcrumbList\",\"@id\":\"https:\\\/\\\/www.caissealliance.com\\\/fr\\\/calculateurs\\\/#breadcrumb\",\"itemListElement\":[{\"@type\":\"ListItem\",\"position\":1,\"name\":\"Home\",\"item\":\"https:\\\/\\\/www.caissealliance.com\\\/fr\\\/\"},{\"@type\":\"ListItem\",\"position\":2,\"name\":\"Calculateurs\"}]},{\"@type\":\"WebSite\",\"@id\":\"https:\\\/\\\/www.caissealliance.com\\\/fr\\\/#website\",\"url\":\"https:\\\/\\\/www.caissealliance.com\\\/fr\\\/\",\"name\":\"Caisse Alliance\",\"description\":\"Site Web de la Caisse Alliance\",\"potentialAction\":[{\"@type\":\"SearchAction\",\"target\":{\"@type\":\"EntryPoint\",\"urlTemplate\":\"https:\\\/\\\/www.caissealliance.com\\\/fr\\\/?s={search_term_string}\"},\"query-input\":{\"@type\":\"PropertyValueSpecification\",\"valueRequired\":true,\"valueName\":\"search_term_string\"}}],\"inLanguage\":\"fr-FR\"}]}<\/script>\n<!-- \/ Yoast SEO plugin. -->","yoast_head_json":{"title":"Calculateurs | Caisse Alliance","robots":{"index":"index","follow":"follow","max-snippet":"max-snippet:-1","max-image-preview":"max-image-preview:large","max-video-preview":"max-video-preview:-1"},"canonical":"https:\/\/www.caissealliance.com\/fr\/calculateurs\/","og_locale":"fr_FR","og_type":"article","og_title":"Calculateurs | Caisse Alliance","og_description":"Utilisez nos calculateurs financiers pour explorer vos versements, vos objectifs d\u2019\u00e9pargne et vos strat\u00e9gies de remboursement. Ils sont con\u00e7us pour vous aider \u00e0 comparer vos options et \u00e0 prendre des d\u00e9cisions \u00e9clair\u00e9es. Lorsque vous serez pr\u00eat, nos conseillers sont l\u00e0 pour vous accompagner \u00e0 chaque \u00e9tape.","og_url":"https:\/\/www.caissealliance.com\/fr\/calculateurs\/","og_site_name":"Caisse Alliance","article_modified_time":"2026-02-24T15:32:29+00:00","twitter_card":"summary_large_image","twitter_misc":{"Dur\u00e9e de lecture estim\u00e9e":"1 minute"},"schema":{"@context":"https:\/\/schema.org","@graph":[{"@type":"WebPage","@id":"https:\/\/www.caissealliance.com\/fr\/calculateurs\/","url":"https:\/\/www.caissealliance.com\/fr\/calculateurs\/","name":"Calculateurs | Caisse Alliance","isPartOf":{"@id":"https:\/\/www.caissealliance.com\/fr\/#website"},"datePublished":"2026-02-24T15:28:57+00:00","dateModified":"2026-02-24T15:32:29+00:00","breadcrumb":{"@id":"https:\/\/www.caissealliance.com\/fr\/calculateurs\/#breadcrumb"},"inLanguage":"fr-FR","potentialAction":[{"@type":"ReadAction","target":["https:\/\/www.caissealliance.com\/fr\/calculateurs\/"]}]},{"@type":"BreadcrumbList","@id":"https:\/\/www.caissealliance.com\/fr\/calculateurs\/#breadcrumb","itemListElement":[{"@type":"ListItem","position":1,"name":"Home","item":"https:\/\/www.caissealliance.com\/fr\/"},{"@type":"ListItem","position":2,"name":"Calculateurs"}]},{"@type":"WebSite","@id":"https:\/\/www.caissealliance.com\/fr\/#website","url":"https:\/\/www.caissealliance.com\/fr\/","name":"Caisse Alliance","description":"Site Web de la Caisse Alliance","potentialAction":[{"@type":"SearchAction","target":{"@type":"EntryPoint","urlTemplate":"https:\/\/www.caissealliance.com\/fr\/?s={search_term_string}"},"query-input":{"@type":"PropertyValueSpecification","valueRequired":true,"valueName":"search_term_string"}}],"inLanguage":"fr-FR"}]}},"publishpress_future_action":{"enabled":false,"date":"2026-04-26 00:53:23","action":"change-status","newStatus":"draft","terms":[],"taxonomy":"section","extraData":[]},"publishpress_future_workflow_manual_trigger":{"enabledWorkflows":[]},"_links":{"self":[{"href":"https:\/\/www.caissealliance.com\/fr\/wp-json\/wp\/v2\/pages\/36023","targetHints":{"allow":["GET"]}}],"collection":[{"href":"https:\/\/www.caissealliance.com\/fr\/wp-json\/wp\/v2\/pages"}],"about":[{"href":"https:\/\/www.caissealliance.com\/fr\/wp-json\/wp\/v2\/types\/page"}],"author":[{"embeddable":true,"href":"https:\/\/www.caissealliance.com\/fr\/wp-json\/wp\/v2\/users\/7"}],"replies":[{"embeddable":true,"href":"https:\/\/www.caissealliance.com\/fr\/wp-json\/wp\/v2\/comments?post=36023"}],"version-history":[{"count":3,"href":"https:\/\/www.caissealliance.com\/fr\/wp-json\/wp\/v2\/pages\/36023\/revisions"}],"predecessor-version":[{"id":36028,"href":"https:\/\/www.caissealliance.com\/fr\/wp-json\/wp\/v2\/pages\/36023\/revisions\/36028"}],"wp:attachment":[{"href":"https:\/\/www.caissealliance.com\/fr\/wp-json\/wp\/v2\/media?parent=36023"}],"curies":[{"name":"wp","href":"https:\/\/api.w.org\/{rel}","templated":true}]}}