{"id":34459,"date":"2025-11-10T11:41:17","date_gmt":"2025-11-10T16:41:17","guid":{"rendered":"https:\/\/www.caissealliance.com\/?page_id=34459"},"modified":"2025-11-10T11:41:17","modified_gmt":"2025-11-10T16:41:17","slug":"renforcement-securite-transactions-carte-de-credit","status":"publish","type":"page","link":"https:\/\/www.caissealliance.com\/fr\/avis\/renforcement-securite-transactions-carte-de-credit\/","title":{"rendered":"Renforcement de la s\u00e9curit\u00e9 pour les transactions en ligne avec carte de cr\u00e9dit"},"content":{"rendered":"<p><strong>RENFORCEMENT DE LA S\u00c9CURIT\u00c9 POUR LES TRANSACTIONS EN LIGNE AVEC SA CARTE DE CR\u00c9DIT<\/strong><\/p>\n<p>Dans le cadre de l\u2019engagement continu de notre fournisseur de cartes de cr\u00e9dit \u00e0 offrir des mesures de s\u00e9curit\u00e9 qui s\u2019alignent avec l\u2019industrie pour le commerce \u00e9lectronique et les transactions en ligne, des am\u00e9liorations en termes de protection contre la fraude ont \u00e9t\u00e9 apport\u00e9es.<\/p>\n<p><strong>Lors d\u2019une transaction en ligne, attendez-vous \u00e0 devoir entrer un code d&#8217;acc\u00e8s \u00e0 usage unique \u00e0 six chiffres dans l\u2019\u00e9ventualit\u00e9 o\u00f9 un niveau de s\u00e9curit\u00e9 suppl\u00e9mentaire serait requis.<\/strong><\/p>\n<p><strong>Veuillez communiquer avec les Services aux titulaires de carte au 1.855.341.4643 si<\/strong> on vous demande d\u2019entrer un code, mais que vous ne l\u2019avez pas re\u00e7u, si vous recevez un code pour une transaction que vous n&#8217;avez pas initi\u00e9e ou si vous croyez \u00eatre victime d&#8217;une escroquerie et que vous avez fourni des informations financi\u00e8res \u00e0 une source frauduleuse. <strong>Rappel :<\/strong> Collabria, notre founisseur de cartes de cr\u00e9dit, ne vous contactera jamais et ne vous demandera jamais de partager de code d\u2019usage unique. Collabria ne vous demandera jamais de cliquer ou de partager des informations personnelles telles qu\u2019un num\u00e9ro de compte de carte de cr\u00e9dit, un num\u00e9ro d&#8217;assurance sociale, etc.<\/p>\n","protected":false},"excerpt":{"rendered":"<p>RENFORCEMENT DE LA S\u00c9CURIT\u00c9 POUR LES TRANSACTIONS EN LIGNE AVEC SA CARTE DE CR\u00c9DIT Dans le cadre de l\u2019engagement continu de notre fournisseur de cartes de cr\u00e9dit \u00e0 offrir des mesures de s\u00e9curit\u00e9 qui s\u2019alignent avec l\u2019industrie pour le commerce \u00e9lectronique et les transactions en ligne, des am\u00e9liorations en termes de protection contre la fraude [&#8230;]<\/p>\n","protected":false},"author":7,"featured_media":0,"parent":34432,"menu_order":0,"comment_status":"closed","ping_status":"closed","template":"","meta":{"_acf_changed":false,"_monsterinsights_skip_tracking":false,"_monsterinsights_sitenote_active":false,"_monsterinsights_sitenote_note":"","_monsterinsights_sitenote_category":0,"footnotes":""},"class_list":["post-34459","page","type-page","status-publish","hentry"],"acf":[],"yoast_head":"<!-- This site is optimized with the Yoast SEO plugin v27.5 - https:\/\/yoast.com\/product\/yoast-seo-wordpress\/ -->\n<title>Renforcement de la s\u00e9curit\u00e9 pour les transactions en ligne avec carte de cr\u00e9dit | Caisse Alliance<\/title>\n<meta name=\"robots\" content=\"index, follow, max-snippet:-1, max-image-preview:large, max-video-preview:-1\" \/>\n<link rel=\"canonical\" href=\"https:\/\/www.caissealliance.com\/fr\/avis\/renforcement-securite-transactions-carte-de-credit\/\" \/>\n<meta property=\"og:locale\" content=\"fr_FR\" \/>\n<meta property=\"og:type\" content=\"article\" \/>\n<meta property=\"og:title\" content=\"Renforcement de la s\u00e9curit\u00e9 pour les transactions en ligne avec carte de cr\u00e9dit | Caisse Alliance\" \/>\n<meta property=\"og:description\" content=\"RENFORCEMENT DE LA S\u00c9CURIT\u00c9 POUR LES TRANSACTIONS EN LIGNE AVEC SA CARTE DE CR\u00c9DIT Dans le cadre de l\u2019engagement continu de notre fournisseur de cartes de cr\u00e9dit \u00e0 offrir des mesures de s\u00e9curit\u00e9 qui s\u2019alignent avec l\u2019industrie pour le commerce \u00e9lectronique et les transactions en ligne, des am\u00e9liorations en termes de protection contre la fraude [...]\" \/>\n<meta property=\"og:url\" content=\"https:\/\/www.caissealliance.com\/fr\/avis\/renforcement-securite-transactions-carte-de-credit\/\" \/>\n<meta property=\"og:site_name\" content=\"Caisse Alliance\" \/>\n<meta name=\"twitter:card\" content=\"summary_large_image\" \/>\n<meta name=\"twitter:label1\" content=\"Dur\u00e9e de lecture estim\u00e9e\" \/>\n\t<meta name=\"twitter:data1\" content=\"1 minute\" \/>\n<script type=\"application\/ld+json\" class=\"yoast-schema-graph\">{\"@context\":\"https:\\\/\\\/schema.org\",\"@graph\":[{\"@type\":\"WebPage\",\"@id\":\"https:\\\/\\\/www.caissealliance.com\\\/fr\\\/avis\\\/renforcement-securite-transactions-carte-de-credit\\\/\",\"url\":\"https:\\\/\\\/www.caissealliance.com\\\/fr\\\/avis\\\/renforcement-securite-transactions-carte-de-credit\\\/\",\"name\":\"Renforcement de la s\u00e9curit\u00e9 pour les transactions en ligne avec carte de cr\u00e9dit | Caisse Alliance\",\"isPartOf\":{\"@id\":\"https:\\\/\\\/www.caissealliance.com\\\/fr\\\/#website\"},\"datePublished\":\"2025-11-10T16:41:17+00:00\",\"breadcrumb\":{\"@id\":\"https:\\\/\\\/www.caissealliance.com\\\/fr\\\/avis\\\/renforcement-securite-transactions-carte-de-credit\\\/#breadcrumb\"},\"inLanguage\":\"fr-FR\",\"potentialAction\":[{\"@type\":\"ReadAction\",\"target\":[\"https:\\\/\\\/www.caissealliance.com\\\/fr\\\/avis\\\/renforcement-securite-transactions-carte-de-credit\\\/\"]}]},{\"@type\":\"BreadcrumbList\",\"@id\":\"https:\\\/\\\/www.caissealliance.com\\\/fr\\\/avis\\\/renforcement-securite-transactions-carte-de-credit\\\/#breadcrumb\",\"itemListElement\":[{\"@type\":\"ListItem\",\"position\":1,\"name\":\"Home\",\"item\":\"https:\\\/\\\/www.caissealliance.com\\\/fr\\\/\"},{\"@type\":\"ListItem\",\"position\":2,\"name\":\"Avis\",\"item\":\"https:\\\/\\\/www.caissealliance.com\\\/fr\\\/avis\\\/\"},{\"@type\":\"ListItem\",\"position\":3,\"name\":\"Renforcement de la s\u00e9curit\u00e9 pour les transactions en ligne avec carte de cr\u00e9dit\"}]},{\"@type\":\"WebSite\",\"@id\":\"https:\\\/\\\/www.caissealliance.com\\\/fr\\\/#website\",\"url\":\"https:\\\/\\\/www.caissealliance.com\\\/fr\\\/\",\"name\":\"Caisse Alliance\",\"description\":\"Site Web de la Caisse Alliance\",\"potentialAction\":[{\"@type\":\"SearchAction\",\"target\":{\"@type\":\"EntryPoint\",\"urlTemplate\":\"https:\\\/\\\/www.caissealliance.com\\\/fr\\\/?s={search_term_string}\"},\"query-input\":{\"@type\":\"PropertyValueSpecification\",\"valueRequired\":true,\"valueName\":\"search_term_string\"}}],\"inLanguage\":\"fr-FR\"}]}<\/script>\n<!-- \/ Yoast SEO plugin. -->","yoast_head_json":{"title":"Renforcement de la s\u00e9curit\u00e9 pour les transactions en ligne avec carte de cr\u00e9dit | Caisse Alliance","robots":{"index":"index","follow":"follow","max-snippet":"max-snippet:-1","max-image-preview":"max-image-preview:large","max-video-preview":"max-video-preview:-1"},"canonical":"https:\/\/www.caissealliance.com\/fr\/avis\/renforcement-securite-transactions-carte-de-credit\/","og_locale":"fr_FR","og_type":"article","og_title":"Renforcement de la s\u00e9curit\u00e9 pour les transactions en ligne avec carte de cr\u00e9dit | Caisse Alliance","og_description":"RENFORCEMENT DE LA S\u00c9CURIT\u00c9 POUR LES TRANSACTIONS EN LIGNE AVEC SA CARTE DE CR\u00c9DIT Dans le cadre de l\u2019engagement continu de notre fournisseur de cartes de cr\u00e9dit \u00e0 offrir des mesures de s\u00e9curit\u00e9 qui s\u2019alignent avec l\u2019industrie pour le commerce \u00e9lectronique et les transactions en ligne, des am\u00e9liorations en termes de protection contre la fraude [...]","og_url":"https:\/\/www.caissealliance.com\/fr\/avis\/renforcement-securite-transactions-carte-de-credit\/","og_site_name":"Caisse Alliance","twitter_card":"summary_large_image","twitter_misc":{"Dur\u00e9e de lecture estim\u00e9e":"1 minute"},"schema":{"@context":"https:\/\/schema.org","@graph":[{"@type":"WebPage","@id":"https:\/\/www.caissealliance.com\/fr\/avis\/renforcement-securite-transactions-carte-de-credit\/","url":"https:\/\/www.caissealliance.com\/fr\/avis\/renforcement-securite-transactions-carte-de-credit\/","name":"Renforcement de la s\u00e9curit\u00e9 pour les transactions en ligne avec carte de cr\u00e9dit | Caisse Alliance","isPartOf":{"@id":"https:\/\/www.caissealliance.com\/fr\/#website"},"datePublished":"2025-11-10T16:41:17+00:00","breadcrumb":{"@id":"https:\/\/www.caissealliance.com\/fr\/avis\/renforcement-securite-transactions-carte-de-credit\/#breadcrumb"},"inLanguage":"fr-FR","potentialAction":[{"@type":"ReadAction","target":["https:\/\/www.caissealliance.com\/fr\/avis\/renforcement-securite-transactions-carte-de-credit\/"]}]},{"@type":"BreadcrumbList","@id":"https:\/\/www.caissealliance.com\/fr\/avis\/renforcement-securite-transactions-carte-de-credit\/#breadcrumb","itemListElement":[{"@type":"ListItem","position":1,"name":"Home","item":"https:\/\/www.caissealliance.com\/fr\/"},{"@type":"ListItem","position":2,"name":"Avis","item":"https:\/\/www.caissealliance.com\/fr\/avis\/"},{"@type":"ListItem","position":3,"name":"Renforcement de la s\u00e9curit\u00e9 pour les transactions en ligne avec carte de cr\u00e9dit"}]},{"@type":"WebSite","@id":"https:\/\/www.caissealliance.com\/fr\/#website","url":"https:\/\/www.caissealliance.com\/fr\/","name":"Caisse Alliance","description":"Site Web de la Caisse Alliance","potentialAction":[{"@type":"SearchAction","target":{"@type":"EntryPoint","urlTemplate":"https:\/\/www.caissealliance.com\/fr\/?s={search_term_string}"},"query-input":{"@type":"PropertyValueSpecification","valueRequired":true,"valueName":"search_term_string"}}],"inLanguage":"fr-FR"}]}},"publishpress_future_action":{"enabled":false,"date":"2026-05-13 09:44:37","action":"change-status","newStatus":"draft","terms":[],"taxonomy":"section","extraData":[]},"publishpress_future_workflow_manual_trigger":{"enabledWorkflows":[]},"_links":{"self":[{"href":"https:\/\/www.caissealliance.com\/fr\/wp-json\/wp\/v2\/pages\/34459","targetHints":{"allow":["GET"]}}],"collection":[{"href":"https:\/\/www.caissealliance.com\/fr\/wp-json\/wp\/v2\/pages"}],"about":[{"href":"https:\/\/www.caissealliance.com\/fr\/wp-json\/wp\/v2\/types\/page"}],"author":[{"embeddable":true,"href":"https:\/\/www.caissealliance.com\/fr\/wp-json\/wp\/v2\/users\/7"}],"replies":[{"embeddable":true,"href":"https:\/\/www.caissealliance.com\/fr\/wp-json\/wp\/v2\/comments?post=34459"}],"version-history":[{"count":1,"href":"https:\/\/www.caissealliance.com\/fr\/wp-json\/wp\/v2\/pages\/34459\/revisions"}],"predecessor-version":[{"id":34460,"href":"https:\/\/www.caissealliance.com\/fr\/wp-json\/wp\/v2\/pages\/34459\/revisions\/34460"}],"up":[{"embeddable":true,"href":"https:\/\/www.caissealliance.com\/fr\/wp-json\/wp\/v2\/pages\/34432"}],"wp:attachment":[{"href":"https:\/\/www.caissealliance.com\/fr\/wp-json\/wp\/v2\/media?parent=34459"}],"curies":[{"name":"wp","href":"https:\/\/api.w.org\/{rel}","templated":true}]}}