{"id":34443,"date":"2025-11-10T11:30:56","date_gmt":"2025-11-10T16:30:56","guid":{"rendered":"https:\/\/www.caissealliance.com\/?page_id=34443"},"modified":"2025-11-10T11:30:56","modified_gmt":"2025-11-10T16:30:56","slug":"appels-telephoniques-frauduleux","status":"publish","type":"page","link":"https:\/\/www.caissealliance.com\/fr\/avis\/appels-telephoniques-frauduleux\/","title":{"rendered":"Appels t\u00e9l\u00e9phoniques frauduleux"},"content":{"rendered":"<p><strong>ESCROQUERIE IMPLIQUANT DES APPELS T\u00c9L\u00c9PHONIQUES FRAUDULEUX<\/strong><\/p>\n<p>Si vous recevez un appel douteux qui semble provenir de la Caisse ou de notre d\u00e9partement de fraude :<\/p>\n<ul>\n<li>Ne partagez aucun renseignement personnel ou de compte.<\/li>\n<li>Raccrochez imm\u00e9diatement.<\/li>\n<li>Appelez-nous directement au 1 888 404-2246 pour v\u00e9rifier l\u2019appel.<\/li>\n<\/ul>\n<p><strong>Nous ne vous demanderons jamais de fournir des num\u00e9ros de compte complets, des mots de passe bancaires en ligne, des NIP ou des codes de s\u00e9curit\u00e9 par t\u00e9l\u00e9phone.<\/strong><\/p>\n","protected":false},"excerpt":{"rendered":"<p>ESCROQUERIE IMPLIQUANT DES APPELS T\u00c9L\u00c9PHONIQUES FRAUDULEUX Si vous recevez un appel douteux qui semble provenir de la Caisse ou de notre d\u00e9partement de fraude : Ne partagez aucun renseignement personnel ou de compte. Raccrochez imm\u00e9diatement. Appelez-nous directement au 1 888 404-2246 pour v\u00e9rifier l\u2019appel. Nous ne vous demanderons jamais de fournir des num\u00e9ros de compte [&#8230;]<\/p>\n","protected":false},"author":7,"featured_media":0,"parent":34432,"menu_order":0,"comment_status":"closed","ping_status":"closed","template":"","meta":{"_acf_changed":false,"_monsterinsights_skip_tracking":false,"_monsterinsights_sitenote_active":false,"_monsterinsights_sitenote_note":"","_monsterinsights_sitenote_category":0,"footnotes":""},"class_list":["post-34443","page","type-page","status-publish","hentry"],"acf":[],"yoast_head":"<!-- This site is optimized with the Yoast SEO plugin v27.5 - https:\/\/yoast.com\/product\/yoast-seo-wordpress\/ -->\n<title>Appels t\u00e9l\u00e9phoniques frauduleux | Caisse Alliance<\/title>\n<meta name=\"robots\" content=\"index, follow, max-snippet:-1, max-image-preview:large, max-video-preview:-1\" \/>\n<link rel=\"canonical\" href=\"https:\/\/www.caissealliance.com\/fr\/avis\/appels-telephoniques-frauduleux\/\" \/>\n<meta property=\"og:locale\" content=\"fr_FR\" \/>\n<meta property=\"og:type\" content=\"article\" \/>\n<meta property=\"og:title\" content=\"Appels t\u00e9l\u00e9phoniques frauduleux | Caisse Alliance\" \/>\n<meta property=\"og:description\" content=\"ESCROQUERIE IMPLIQUANT DES APPELS T\u00c9L\u00c9PHONIQUES FRAUDULEUX Si vous recevez un appel douteux qui semble provenir de la Caisse ou de notre d\u00e9partement de fraude : Ne partagez aucun renseignement personnel ou de compte. Raccrochez imm\u00e9diatement. Appelez-nous directement au 1 888 404-2246 pour v\u00e9rifier l\u2019appel. Nous ne vous demanderons jamais de fournir des num\u00e9ros de compte [...]\" \/>\n<meta property=\"og:url\" content=\"https:\/\/www.caissealliance.com\/fr\/avis\/appels-telephoniques-frauduleux\/\" \/>\n<meta property=\"og:site_name\" content=\"Caisse Alliance\" \/>\n<meta name=\"twitter:card\" content=\"summary_large_image\" \/>\n<meta name=\"twitter:label1\" content=\"Dur\u00e9e de lecture estim\u00e9e\" \/>\n\t<meta name=\"twitter:data1\" content=\"1 minute\" \/>\n<script type=\"application\/ld+json\" class=\"yoast-schema-graph\">{\"@context\":\"https:\\\/\\\/schema.org\",\"@graph\":[{\"@type\":\"WebPage\",\"@id\":\"https:\\\/\\\/www.caissealliance.com\\\/fr\\\/avis\\\/appels-telephoniques-frauduleux\\\/\",\"url\":\"https:\\\/\\\/www.caissealliance.com\\\/fr\\\/avis\\\/appels-telephoniques-frauduleux\\\/\",\"name\":\"Appels t\u00e9l\u00e9phoniques frauduleux | Caisse Alliance\",\"isPartOf\":{\"@id\":\"https:\\\/\\\/www.caissealliance.com\\\/fr\\\/#website\"},\"datePublished\":\"2025-11-10T16:30:56+00:00\",\"breadcrumb\":{\"@id\":\"https:\\\/\\\/www.caissealliance.com\\\/fr\\\/avis\\\/appels-telephoniques-frauduleux\\\/#breadcrumb\"},\"inLanguage\":\"fr-FR\",\"potentialAction\":[{\"@type\":\"ReadAction\",\"target\":[\"https:\\\/\\\/www.caissealliance.com\\\/fr\\\/avis\\\/appels-telephoniques-frauduleux\\\/\"]}]},{\"@type\":\"BreadcrumbList\",\"@id\":\"https:\\\/\\\/www.caissealliance.com\\\/fr\\\/avis\\\/appels-telephoniques-frauduleux\\\/#breadcrumb\",\"itemListElement\":[{\"@type\":\"ListItem\",\"position\":1,\"name\":\"Home\",\"item\":\"https:\\\/\\\/www.caissealliance.com\\\/fr\\\/\"},{\"@type\":\"ListItem\",\"position\":2,\"name\":\"Avis\",\"item\":\"https:\\\/\\\/www.caissealliance.com\\\/fr\\\/avis\\\/\"},{\"@type\":\"ListItem\",\"position\":3,\"name\":\"Appels t\u00e9l\u00e9phoniques frauduleux\"}]},{\"@type\":\"WebSite\",\"@id\":\"https:\\\/\\\/www.caissealliance.com\\\/fr\\\/#website\",\"url\":\"https:\\\/\\\/www.caissealliance.com\\\/fr\\\/\",\"name\":\"Caisse Alliance\",\"description\":\"Site Web de la Caisse Alliance\",\"potentialAction\":[{\"@type\":\"SearchAction\",\"target\":{\"@type\":\"EntryPoint\",\"urlTemplate\":\"https:\\\/\\\/www.caissealliance.com\\\/fr\\\/?s={search_term_string}\"},\"query-input\":{\"@type\":\"PropertyValueSpecification\",\"valueRequired\":true,\"valueName\":\"search_term_string\"}}],\"inLanguage\":\"fr-FR\"}]}<\/script>\n<!-- \/ Yoast SEO plugin. -->","yoast_head_json":{"title":"Appels t\u00e9l\u00e9phoniques frauduleux | Caisse Alliance","robots":{"index":"index","follow":"follow","max-snippet":"max-snippet:-1","max-image-preview":"max-image-preview:large","max-video-preview":"max-video-preview:-1"},"canonical":"https:\/\/www.caissealliance.com\/fr\/avis\/appels-telephoniques-frauduleux\/","og_locale":"fr_FR","og_type":"article","og_title":"Appels t\u00e9l\u00e9phoniques frauduleux | Caisse Alliance","og_description":"ESCROQUERIE IMPLIQUANT DES APPELS T\u00c9L\u00c9PHONIQUES FRAUDULEUX Si vous recevez un appel douteux qui semble provenir de la Caisse ou de notre d\u00e9partement de fraude : Ne partagez aucun renseignement personnel ou de compte. Raccrochez imm\u00e9diatement. Appelez-nous directement au 1 888 404-2246 pour v\u00e9rifier l\u2019appel. Nous ne vous demanderons jamais de fournir des num\u00e9ros de compte [...]","og_url":"https:\/\/www.caissealliance.com\/fr\/avis\/appels-telephoniques-frauduleux\/","og_site_name":"Caisse Alliance","twitter_card":"summary_large_image","twitter_misc":{"Dur\u00e9e de lecture estim\u00e9e":"1 minute"},"schema":{"@context":"https:\/\/schema.org","@graph":[{"@type":"WebPage","@id":"https:\/\/www.caissealliance.com\/fr\/avis\/appels-telephoniques-frauduleux\/","url":"https:\/\/www.caissealliance.com\/fr\/avis\/appels-telephoniques-frauduleux\/","name":"Appels t\u00e9l\u00e9phoniques frauduleux | Caisse Alliance","isPartOf":{"@id":"https:\/\/www.caissealliance.com\/fr\/#website"},"datePublished":"2025-11-10T16:30:56+00:00","breadcrumb":{"@id":"https:\/\/www.caissealliance.com\/fr\/avis\/appels-telephoniques-frauduleux\/#breadcrumb"},"inLanguage":"fr-FR","potentialAction":[{"@type":"ReadAction","target":["https:\/\/www.caissealliance.com\/fr\/avis\/appels-telephoniques-frauduleux\/"]}]},{"@type":"BreadcrumbList","@id":"https:\/\/www.caissealliance.com\/fr\/avis\/appels-telephoniques-frauduleux\/#breadcrumb","itemListElement":[{"@type":"ListItem","position":1,"name":"Home","item":"https:\/\/www.caissealliance.com\/fr\/"},{"@type":"ListItem","position":2,"name":"Avis","item":"https:\/\/www.caissealliance.com\/fr\/avis\/"},{"@type":"ListItem","position":3,"name":"Appels t\u00e9l\u00e9phoniques frauduleux"}]},{"@type":"WebSite","@id":"https:\/\/www.caissealliance.com\/fr\/#website","url":"https:\/\/www.caissealliance.com\/fr\/","name":"Caisse Alliance","description":"Site Web de la Caisse Alliance","potentialAction":[{"@type":"SearchAction","target":{"@type":"EntryPoint","urlTemplate":"https:\/\/www.caissealliance.com\/fr\/?s={search_term_string}"},"query-input":{"@type":"PropertyValueSpecification","valueRequired":true,"valueName":"search_term_string"}}],"inLanguage":"fr-FR"}]}},"publishpress_future_action":{"enabled":false,"date":"2026-05-07 17:41:13","action":"change-status","newStatus":"draft","terms":[],"taxonomy":"section","extraData":[]},"publishpress_future_workflow_manual_trigger":{"enabledWorkflows":[]},"_links":{"self":[{"href":"https:\/\/www.caissealliance.com\/fr\/wp-json\/wp\/v2\/pages\/34443","targetHints":{"allow":["GET"]}}],"collection":[{"href":"https:\/\/www.caissealliance.com\/fr\/wp-json\/wp\/v2\/pages"}],"about":[{"href":"https:\/\/www.caissealliance.com\/fr\/wp-json\/wp\/v2\/types\/page"}],"author":[{"embeddable":true,"href":"https:\/\/www.caissealliance.com\/fr\/wp-json\/wp\/v2\/users\/7"}],"replies":[{"embeddable":true,"href":"https:\/\/www.caissealliance.com\/fr\/wp-json\/wp\/v2\/comments?post=34443"}],"version-history":[{"count":1,"href":"https:\/\/www.caissealliance.com\/fr\/wp-json\/wp\/v2\/pages\/34443\/revisions"}],"predecessor-version":[{"id":34444,"href":"https:\/\/www.caissealliance.com\/fr\/wp-json\/wp\/v2\/pages\/34443\/revisions\/34444"}],"up":[{"embeddable":true,"href":"https:\/\/www.caissealliance.com\/fr\/wp-json\/wp\/v2\/pages\/34432"}],"wp:attachment":[{"href":"https:\/\/www.caissealliance.com\/fr\/wp-json\/wp\/v2\/media?parent=34443"}],"curies":[{"name":"wp","href":"https:\/\/api.w.org\/{rel}","templated":true}]}}