{"id":33778,"date":"2025-09-23T09:06:38","date_gmt":"2025-09-23T13:06:38","guid":{"rendered":"https:\/\/www.caissealliance.com\/?page_id=33778"},"modified":"2025-12-08T10:57:11","modified_gmt":"2025-12-08T15:57:11","slug":"comite-coop-vision-jeunesse","status":"publish","type":"page","link":"https:\/\/www.caissealliance.com\/fr\/ma-caisse\/qui-nous-sommes\/structure-democratique\/comite-coop-vision-jeunesse\/","title":{"rendered":"Comit\u00e9 coop vision jeunesse"},"content":{"rendered":"<h2 data-start=\"334\" data-end=\"365\">Pourquoi un comit\u00e9 jeunesse?<\/h2>\n<p data-start=\"366\" data-end=\"681\">La mise en place d\u2019un comit\u00e9 aviseur jeunesse est une initiative importante pour rapprocher la Caisse Alliance de sa client\u00e8le jeune et renforcer notre engagement dans la communaut\u00e9. Ce comit\u00e9 deviendra un <strong data-start=\"578\" data-end=\"600\">levier strat\u00e9gique<\/strong> afin d\u2019assurer la p\u00e9rennit\u00e9, la pertinence et l\u2019innovation de notre coop\u00e9rative.<\/p>\n<h2 data-start=\"683\" data-end=\"699\">Notre mission<\/h2>\n<p>Le <strong data-start=\"703\" data-end=\"734\">Comit\u00e9 coop vision jeunesse<\/strong> donnera une voix aux jeunes membres de la Caisse Alliance. Ses membres partageront leurs id\u00e9es et leurs pr\u00e9occupations sur des sujets comme l\u2019acc\u00e8s \u00e0 des produits financiers adapt\u00e9s, l\u2019engagement communautaire, l\u2019innovation et l\u2019avenir de la coop\u00e9ration. Ils agiront comme ressource strat\u00e9gique aupr\u00e8s du conseil d\u2019administration et de l\u2019\u00e9quipe de gestion.<\/p>\n<h2 data-start=\"1112\" data-end=\"1136\">Qui recherchons-nous?<\/h2>\n<p data-start=\"1137\" data-end=\"1208\">Le comit\u00e9 sera compos\u00e9 de <strong data-start=\"1163\" data-end=\"1204\">12 jeunes membres \u00e2g\u00e9s de 18 \u00e0 34 ans<\/strong> :<\/p>\n<ul>\n<li data-start=\"1211\" data-end=\"1247\">2 \u00e0 6 jeunes membres de la Caisse,<\/li>\n<li data-start=\"1250\" data-end=\"1282\">2 \u00e0 6 jeunes membres d\u2019un CCR,<\/li>\n<li data-start=\"1285\" data-end=\"1332\">4 jeunes employ\u00e9s \u00e0 temps plein de la Caisse.<\/li>\n<\/ul>\n<p data-start=\"1334\" data-end=\"1379\">Nous recherchons une diversit\u00e9 de profils :<\/p>\n<ul>\n<li data-start=\"1382\" data-end=\"1423\">\u00e9tudiants universitaires et coll\u00e9giaux,<\/li>\n<li data-start=\"1426\" data-end=\"1466\">jeunes professionnels et travailleurs,<\/li>\n<li data-start=\"1469\" data-end=\"1498\">parents de jeunes familles,<\/li>\n<li data-start=\"1501\" data-end=\"1543\">entrepreneurs et leaders communautaires.<\/li>\n<\/ul>\n<p data-start=\"1545\" data-end=\"1645\">Plus notre comit\u00e9 sera diversifi\u00e9, plus il repr\u00e9sentera fid\u00e8lement la jeunesse du Nord de l\u2019Ontario.<\/p>\n<h2 data-start=\"1647\" data-end=\"1670\">Comment s\u2019impliquer?<\/h2>\n<p data-start=\"1671\" data-end=\"1784\">Un <strong data-start=\"1674\" data-end=\"1699\">appel de candidatures<\/strong> sera lanc\u00e9 en novembre et les membres seront s\u00e9lectionn\u00e9s d\u2019ici la fin de l\u2019ann\u00e9e.<\/p>\n<p data-start=\"1786\" data-end=\"1991\">Si vous souhaitez contribuer activement au d\u00e9veloppement de la Caisse, nous vous invitons \u00e0 soumettre votre nom d\u00e8s maintenant.<\/p>\n<p data-start=\"1786\" data-end=\"1991\">Consultez la <a href=\"https:\/\/www.caissealliance.com\/wp-content\/uploads\/Trousse-comite-coop-vision-jeunesse-2025.pdf\" target=\"_blank\" rel=\"noopener\">Trousse informative<\/a> pour y retrouver plus de d\u00e9tails ainsi que le formulaire de mise en candidature.<\/p>\n\n<div class=\"wpcf7 no-js\" id=\"wpcf7-f33782-o1\" lang=\"en-US\" dir=\"ltr\" data-wpcf7-id=\"33782\">\n<div class=\"screen-reader-response\"><p role=\"status\" aria-live=\"polite\" aria-atomic=\"true\"><\/p> <ul><\/ul><\/div>\n<form action=\"\/fr\/wp-json\/wp\/v2\/pages\/33778#wpcf7-f33782-o1\" method=\"post\" class=\"wpcf7-form init\" aria-label=\"Contact form\" novalidate=\"novalidate\" data-status=\"init\">\n<fieldset class=\"hidden-fields-container\"><input type=\"hidden\" name=\"_wpcf7\" value=\"33782\" \/><input type=\"hidden\" name=\"_wpcf7_version\" value=\"6.1.5\" \/><input type=\"hidden\" name=\"_wpcf7_locale\" value=\"en_US\" \/><input type=\"hidden\" name=\"_wpcf7_unit_tag\" value=\"wpcf7-f33782-o1\" \/><input type=\"hidden\" name=\"_wpcf7_container_post\" value=\"0\" \/><input type=\"hidden\" name=\"_wpcf7_posted_data_hash\" value=\"\" \/>\n<\/fieldset>\n<h3>Vos informations\n<\/h3>\n<hr \/>\n<div class=\"limit_width\">\n\t<p><label for=\"your-prenom\">Pr\u00e9nom*<\/label><span class=\"wpcf7-form-control-wrap\" data-name=\"your-prenom\"><input size=\"40\" maxlength=\"400\" class=\"wpcf7-form-control wpcf7-text wpcf7-validates-as-required\" id=\"your-prenom\" aria-required=\"true\" aria-invalid=\"false\" value=\"\" type=\"text\" name=\"your-prenom\" \/><\/span>\n\t<\/p>\n\t<p><label for=\"your-nom\">Nom*<\/label><span class=\"wpcf7-form-control-wrap\" data-name=\"your-nom\"><input size=\"40\" maxlength=\"400\" class=\"wpcf7-form-control wpcf7-text wpcf7-validates-as-required\" id=\"your-nom\" aria-required=\"true\" aria-invalid=\"false\" value=\"\" type=\"text\" name=\"your-nom\" \/><\/span>\n\t<\/p>\n\t<p><label for=\"telephone\">T\u00e9l\u00e9phone*<\/label><span class=\"wpcf7-form-control-wrap\" data-name=\"telephone\"><input size=\"40\" maxlength=\"400\" class=\"wpcf7-form-control wpcf7-tel wpcf7-validates-as-required wpcf7-text wpcf7-validates-as-tel\" id=\"telephone\" aria-required=\"true\" aria-invalid=\"false\" value=\"\" type=\"tel\" name=\"telephone\" \/><\/span>\n\t<\/p>\n\t<p><label for=\"your-email\">Adresse courriel*<\/label><span class=\"wpcf7-form-control-wrap\" data-name=\"your-email\"><input size=\"40\" maxlength=\"400\" class=\"wpcf7-form-control wpcf7-email wpcf7-validates-as-required wpcf7-text wpcf7-validates-as-email\" id=\"your-email\" aria-required=\"true\" aria-invalid=\"false\" value=\"\" type=\"email\" name=\"your-email\" \/><\/span>\n\t<\/p>\n\t<p><label class=\"notbottom\" for=\"centre-de-service\">S\u00e9lectionnez votre centre de services<\/label><span class=\"wpcf7-form-control-wrap\" data-name=\"centre-de-services\"><select class=\"wpcf7-form-control wpcf7-select wpcf7-validates-as-required\" id=\"centre-de-services\" aria-required=\"true\" aria-invalid=\"false\" name=\"centre-de-services\"><option value=\"Alban\">Alban<\/option><option value=\"Argyle\">Argyle<\/option><option value=\"Bonfield\">Bonfield<\/option><option value=\"Fauquier\">Fauquier<\/option><option value=\"Field\">Field<\/option><option value=\"Hearst\">Hearst<\/option><option value=\"Iroquois Falls\">Iroquois Falls<\/option><option value=\"Kapuskasing\">Kapuskasing<\/option><option value=\"Longlac\">Longlac<\/option><option value=\"Markstay\">Markstay<\/option><option value=\"Mattawa\">Mattawa<\/option><option value=\"Mattice\">Mattice<\/option><option value=\"Moonbeam\">Moonbeam<\/option><option value=\"No\u00eblville\">No\u00eblville<\/option><option value=\"North Bay\">North Bay<\/option><option value=\"Opasatika\">Opasatika<\/option><option value=\"Smooth Rock Falls\">Smooth Rock Falls<\/option><option value=\"St-Charles\">St-Charles<\/option><option value=\"Sturgeon Falls\">Sturgeon Falls<\/option><option value=\"Timmins\">Timmins<\/option><option value=\"Val Gagn\u00e9\">Val Gagn\u00e9<\/option><option value=\"Val Rita\">Val Rita<\/option><option value=\"Verner\">Verner<\/option><option value=\"Warren\">Warren<\/option><option value=\"West Ferris\">West Ferris<\/option><\/select><\/span>\n\t<\/p>\n\t<p class=\"full\"><br \/>\n<label for=\"profil\">Profil du candidat ou de la candidate*<\/label><span class=\"wpcf7-form-control-wrap\" data-name=\"identification\"><span class=\"wpcf7-form-control wpcf7-radio\"><span class=\"wpcf7-list-item first\"><label><input type=\"radio\" name=\"identification\" value=\"Jeune membre de la Caisse Alliance\" \/><span class=\"wpcf7-list-item-label\">Jeune membre de la Caisse Alliance<\/span><\/label><\/span><span class=\"wpcf7-list-item\"><label><input type=\"radio\" name=\"identification\" value=\"Jeune membre d&#039;un CCR\" \/><span class=\"wpcf7-list-item-label\">Jeune membre d&#039;un CCR<\/span><\/label><\/span><span class=\"wpcf7-list-item last\"><label><input type=\"radio\" name=\"identification\" value=\"Jeune employ\u00e9(e) \u00e0 temps plein de la Caisse\" \/><span class=\"wpcf7-list-item-label\">Jeune employ\u00e9(e) \u00e0 temps plein de la Caisse<\/span><\/label><\/span><\/span><\/span>\n\t<\/p>\n\t<p class=\"full\"><br \/>\n<input class=\"wpcf7-form-control wpcf7-submit has-spinner\" type=\"submit\" value=\"Envoyer\" \/>\n\t<\/p>\n<\/div><div class=\"wpcf7-response-output\" aria-hidden=\"true\"><\/div>\n<\/form>\n<\/div>\n\n","protected":false},"excerpt":{"rendered":"<p>La mise en place d\u2019un comit\u00e9 aviseur jeunesse est une initiative importante pour rapprocher la Caisse Alliance de sa client\u00e8le jeune et renforcer notre engagement dans la communaut\u00e9. Ce comit\u00e9 deviendra un levier strat\u00e9gique afin d\u2019assurer la p\u00e9rennit\u00e9, la pertinence et l\u2019innovation de notre coop\u00e9rative. Le Comit\u00e9 coop vision jeunesse donnera une voix aux jeunes [&#8230;]<\/p>\n","protected":false},"author":7,"featured_media":34605,"parent":2300,"menu_order":0,"comment_status":"closed","ping_status":"closed","template":"","meta":{"_acf_changed":false,"_monsterinsights_skip_tracking":false,"_monsterinsights_sitenote_active":false,"_monsterinsights_sitenote_note":"","_monsterinsights_sitenote_category":0,"footnotes":""},"class_list":["post-33778","page","type-page","status-publish","has-post-thumbnail","hentry","section-ma-caisse"],"acf":[],"yoast_head":"<!-- This site is optimized with the Yoast SEO plugin v27.3 - https:\/\/yoast.com\/product\/yoast-seo-wordpress\/ -->\n<title>Comit\u00e9 coop vision jeunesse | Caisse Alliance<\/title>\n<meta name=\"robots\" content=\"index, follow, max-snippet:-1, max-image-preview:large, max-video-preview:-1\" \/>\n<link rel=\"canonical\" href=\"https:\/\/www.caissealliance.com\/fr\/ma-caisse\/qui-nous-sommes\/structure-democratique\/comite-coop-vision-jeunesse\/\" \/>\n<meta property=\"og:locale\" content=\"fr_FR\" \/>\n<meta property=\"og:type\" content=\"article\" \/>\n<meta property=\"og:title\" content=\"Comit\u00e9 coop vision jeunesse | Caisse Alliance\" \/>\n<meta property=\"og:description\" content=\"La mise en place d\u2019un comit\u00e9 aviseur jeunesse est une initiative importante pour rapprocher la Caisse Alliance de sa client\u00e8le jeune et renforcer notre engagement dans la communaut\u00e9. Ce comit\u00e9 deviendra un levier strat\u00e9gique afin d\u2019assurer la p\u00e9rennit\u00e9, la pertinence et l\u2019innovation de notre coop\u00e9rative. Le Comit\u00e9 coop vision jeunesse donnera une voix aux jeunes [...]\" \/>\n<meta property=\"og:url\" content=\"https:\/\/www.caissealliance.com\/fr\/ma-caisse\/qui-nous-sommes\/structure-democratique\/comite-coop-vision-jeunesse\/\" \/>\n<meta property=\"og:site_name\" content=\"Caisse Alliance\" \/>\n<meta property=\"article:modified_time\" content=\"2025-12-08T15:57:11+00:00\" \/>\n<meta property=\"og:image\" content=\"https:\/\/www.caissealliance.com\/wp-content\/uploads\/thumbnail-coop-vision-jeunesse.webp\" \/>\n\t<meta property=\"og:image:width\" content=\"2402\" \/>\n\t<meta property=\"og:image:height\" content=\"1351\" \/>\n\t<meta property=\"og:image:type\" content=\"image\/webp\" \/>\n<meta name=\"twitter:card\" content=\"summary_large_image\" \/>\n<meta name=\"twitter:label1\" content=\"Dur\u00e9e de lecture estim\u00e9e\" \/>\n\t<meta name=\"twitter:data1\" content=\"2 minutes\" \/>\n<script type=\"application\/ld+json\" class=\"yoast-schema-graph\">{\"@context\":\"https:\\\/\\\/schema.org\",\"@graph\":[{\"@type\":\"WebPage\",\"@id\":\"https:\\\/\\\/www.caissealliance.com\\\/fr\\\/ma-caisse\\\/qui-nous-sommes\\\/structure-democratique\\\/comite-coop-vision-jeunesse\\\/\",\"url\":\"https:\\\/\\\/www.caissealliance.com\\\/fr\\\/ma-caisse\\\/qui-nous-sommes\\\/structure-democratique\\\/comite-coop-vision-jeunesse\\\/\",\"name\":\"Comit\u00e9 coop vision jeunesse | Caisse Alliance\",\"isPartOf\":{\"@id\":\"https:\\\/\\\/www.caissealliance.com\\\/fr\\\/#website\"},\"primaryImageOfPage\":{\"@id\":\"https:\\\/\\\/www.caissealliance.com\\\/fr\\\/ma-caisse\\\/qui-nous-sommes\\\/structure-democratique\\\/comite-coop-vision-jeunesse\\\/#primaryimage\"},\"image\":{\"@id\":\"https:\\\/\\\/www.caissealliance.com\\\/fr\\\/ma-caisse\\\/qui-nous-sommes\\\/structure-democratique\\\/comite-coop-vision-jeunesse\\\/#primaryimage\"},\"thumbnailUrl\":\"https:\\\/\\\/www.caissealliance.com\\\/wp-content\\\/uploads\\\/thumbnail-coop-vision-jeunesse.webp\",\"datePublished\":\"2025-09-23T13:06:38+00:00\",\"dateModified\":\"2025-12-08T15:57:11+00:00\",\"breadcrumb\":{\"@id\":\"https:\\\/\\\/www.caissealliance.com\\\/fr\\\/ma-caisse\\\/qui-nous-sommes\\\/structure-democratique\\\/comite-coop-vision-jeunesse\\\/#breadcrumb\"},\"inLanguage\":\"fr-FR\",\"potentialAction\":[{\"@type\":\"ReadAction\",\"target\":[\"https:\\\/\\\/www.caissealliance.com\\\/fr\\\/ma-caisse\\\/qui-nous-sommes\\\/structure-democratique\\\/comite-coop-vision-jeunesse\\\/\"]}]},{\"@type\":\"ImageObject\",\"inLanguage\":\"fr-FR\",\"@id\":\"https:\\\/\\\/www.caissealliance.com\\\/fr\\\/ma-caisse\\\/qui-nous-sommes\\\/structure-democratique\\\/comite-coop-vision-jeunesse\\\/#primaryimage\",\"url\":\"https:\\\/\\\/www.caissealliance.com\\\/wp-content\\\/uploads\\\/thumbnail-coop-vision-jeunesse.webp\",\"contentUrl\":\"https:\\\/\\\/www.caissealliance.com\\\/wp-content\\\/uploads\\\/thumbnail-coop-vision-jeunesse.webp\",\"width\":2402,\"height\":1351},{\"@type\":\"BreadcrumbList\",\"@id\":\"https:\\\/\\\/www.caissealliance.com\\\/fr\\\/ma-caisse\\\/qui-nous-sommes\\\/structure-democratique\\\/comite-coop-vision-jeunesse\\\/#breadcrumb\",\"itemListElement\":[{\"@type\":\"ListItem\",\"position\":1,\"name\":\"Home\",\"item\":\"https:\\\/\\\/www.caissealliance.com\\\/fr\\\/\"},{\"@type\":\"ListItem\",\"position\":2,\"name\":\"Ma Caisse\",\"item\":\"https:\\\/\\\/www.caissealliance.com\\\/fr\\\/ma-caisse\\\/\"},{\"@type\":\"ListItem\",\"position\":3,\"name\":\"Qui nous sommes\",\"item\":\"https:\\\/\\\/www.caissealliance.com\\\/fr\\\/ma-caisse\\\/qui-nous-sommes\\\/\"},{\"@type\":\"ListItem\",\"position\":4,\"name\":\"Structure d\u00e9mocratique\",\"item\":\"https:\\\/\\\/www.caissealliance.com\\\/fr\\\/ma-caisse\\\/qui-nous-sommes\\\/structure-democratique\\\/\"},{\"@type\":\"ListItem\",\"position\":5,\"name\":\"Comit\u00e9 coop vision jeunesse\"}]},{\"@type\":\"WebSite\",\"@id\":\"https:\\\/\\\/www.caissealliance.com\\\/fr\\\/#website\",\"url\":\"https:\\\/\\\/www.caissealliance.com\\\/fr\\\/\",\"name\":\"Caisse Alliance\",\"description\":\"Site Web de la Caisse Alliance\",\"potentialAction\":[{\"@type\":\"SearchAction\",\"target\":{\"@type\":\"EntryPoint\",\"urlTemplate\":\"https:\\\/\\\/www.caissealliance.com\\\/fr\\\/?s={search_term_string}\"},\"query-input\":{\"@type\":\"PropertyValueSpecification\",\"valueRequired\":true,\"valueName\":\"search_term_string\"}}],\"inLanguage\":\"fr-FR\"}]}<\/script>\n<!-- \/ Yoast SEO plugin. -->","yoast_head_json":{"title":"Comit\u00e9 coop vision jeunesse | Caisse Alliance","robots":{"index":"index","follow":"follow","max-snippet":"max-snippet:-1","max-image-preview":"max-image-preview:large","max-video-preview":"max-video-preview:-1"},"canonical":"https:\/\/www.caissealliance.com\/fr\/ma-caisse\/qui-nous-sommes\/structure-democratique\/comite-coop-vision-jeunesse\/","og_locale":"fr_FR","og_type":"article","og_title":"Comit\u00e9 coop vision jeunesse | Caisse Alliance","og_description":"La mise en place d\u2019un comit\u00e9 aviseur jeunesse est une initiative importante pour rapprocher la Caisse Alliance de sa client\u00e8le jeune et renforcer notre engagement dans la communaut\u00e9. Ce comit\u00e9 deviendra un levier strat\u00e9gique afin d\u2019assurer la p\u00e9rennit\u00e9, la pertinence et l\u2019innovation de notre coop\u00e9rative. Le Comit\u00e9 coop vision jeunesse donnera une voix aux jeunes [...]","og_url":"https:\/\/www.caissealliance.com\/fr\/ma-caisse\/qui-nous-sommes\/structure-democratique\/comite-coop-vision-jeunesse\/","og_site_name":"Caisse Alliance","article_modified_time":"2025-12-08T15:57:11+00:00","og_image":[{"width":2402,"height":1351,"url":"https:\/\/www.caissealliance.com\/wp-content\/uploads\/thumbnail-coop-vision-jeunesse.webp","type":"image\/webp"}],"twitter_card":"summary_large_image","twitter_misc":{"Dur\u00e9e de lecture estim\u00e9e":"2 minutes"},"schema":{"@context":"https:\/\/schema.org","@graph":[{"@type":"WebPage","@id":"https:\/\/www.caissealliance.com\/fr\/ma-caisse\/qui-nous-sommes\/structure-democratique\/comite-coop-vision-jeunesse\/","url":"https:\/\/www.caissealliance.com\/fr\/ma-caisse\/qui-nous-sommes\/structure-democratique\/comite-coop-vision-jeunesse\/","name":"Comit\u00e9 coop vision jeunesse | Caisse Alliance","isPartOf":{"@id":"https:\/\/www.caissealliance.com\/fr\/#website"},"primaryImageOfPage":{"@id":"https:\/\/www.caissealliance.com\/fr\/ma-caisse\/qui-nous-sommes\/structure-democratique\/comite-coop-vision-jeunesse\/#primaryimage"},"image":{"@id":"https:\/\/www.caissealliance.com\/fr\/ma-caisse\/qui-nous-sommes\/structure-democratique\/comite-coop-vision-jeunesse\/#primaryimage"},"thumbnailUrl":"https:\/\/www.caissealliance.com\/wp-content\/uploads\/thumbnail-coop-vision-jeunesse.webp","datePublished":"2025-09-23T13:06:38+00:00","dateModified":"2025-12-08T15:57:11+00:00","breadcrumb":{"@id":"https:\/\/www.caissealliance.com\/fr\/ma-caisse\/qui-nous-sommes\/structure-democratique\/comite-coop-vision-jeunesse\/#breadcrumb"},"inLanguage":"fr-FR","potentialAction":[{"@type":"ReadAction","target":["https:\/\/www.caissealliance.com\/fr\/ma-caisse\/qui-nous-sommes\/structure-democratique\/comite-coop-vision-jeunesse\/"]}]},{"@type":"ImageObject","inLanguage":"fr-FR","@id":"https:\/\/www.caissealliance.com\/fr\/ma-caisse\/qui-nous-sommes\/structure-democratique\/comite-coop-vision-jeunesse\/#primaryimage","url":"https:\/\/www.caissealliance.com\/wp-content\/uploads\/thumbnail-coop-vision-jeunesse.webp","contentUrl":"https:\/\/www.caissealliance.com\/wp-content\/uploads\/thumbnail-coop-vision-jeunesse.webp","width":2402,"height":1351},{"@type":"BreadcrumbList","@id":"https:\/\/www.caissealliance.com\/fr\/ma-caisse\/qui-nous-sommes\/structure-democratique\/comite-coop-vision-jeunesse\/#breadcrumb","itemListElement":[{"@type":"ListItem","position":1,"name":"Home","item":"https:\/\/www.caissealliance.com\/fr\/"},{"@type":"ListItem","position":2,"name":"Ma Caisse","item":"https:\/\/www.caissealliance.com\/fr\/ma-caisse\/"},{"@type":"ListItem","position":3,"name":"Qui nous sommes","item":"https:\/\/www.caissealliance.com\/fr\/ma-caisse\/qui-nous-sommes\/"},{"@type":"ListItem","position":4,"name":"Structure d\u00e9mocratique","item":"https:\/\/www.caissealliance.com\/fr\/ma-caisse\/qui-nous-sommes\/structure-democratique\/"},{"@type":"ListItem","position":5,"name":"Comit\u00e9 coop vision jeunesse"}]},{"@type":"WebSite","@id":"https:\/\/www.caissealliance.com\/fr\/#website","url":"https:\/\/www.caissealliance.com\/fr\/","name":"Caisse Alliance","description":"Site Web de la Caisse Alliance","potentialAction":[{"@type":"SearchAction","target":{"@type":"EntryPoint","urlTemplate":"https:\/\/www.caissealliance.com\/fr\/?s={search_term_string}"},"query-input":{"@type":"PropertyValueSpecification","valueRequired":true,"valueName":"search_term_string"}}],"inLanguage":"fr-FR"}]}},"publishpress_future_action":{"enabled":false,"date":"2026-04-23 07:19:11","action":"change-status","newStatus":"draft","terms":[],"taxonomy":"section","extraData":[]},"publishpress_future_workflow_manual_trigger":{"enabledWorkflows":[]},"_links":{"self":[{"href":"https:\/\/www.caissealliance.com\/fr\/wp-json\/wp\/v2\/pages\/33778","targetHints":{"allow":["GET"]}}],"collection":[{"href":"https:\/\/www.caissealliance.com\/fr\/wp-json\/wp\/v2\/pages"}],"about":[{"href":"https:\/\/www.caissealliance.com\/fr\/wp-json\/wp\/v2\/types\/page"}],"author":[{"embeddable":true,"href":"https:\/\/www.caissealliance.com\/fr\/wp-json\/wp\/v2\/users\/7"}],"replies":[{"embeddable":true,"href":"https:\/\/www.caissealliance.com\/fr\/wp-json\/wp\/v2\/comments?post=33778"}],"version-history":[{"count":8,"href":"https:\/\/www.caissealliance.com\/fr\/wp-json\/wp\/v2\/pages\/33778\/revisions"}],"predecessor-version":[{"id":34853,"href":"https:\/\/www.caissealliance.com\/fr\/wp-json\/wp\/v2\/pages\/33778\/revisions\/34853"}],"up":[{"embeddable":true,"href":"https:\/\/www.caissealliance.com\/fr\/wp-json\/wp\/v2\/pages\/2300"}],"wp:featuredmedia":[{"embeddable":true,"href":"https:\/\/www.caissealliance.com\/fr\/wp-json\/wp\/v2\/media\/34605"}],"wp:attachment":[{"href":"https:\/\/www.caissealliance.com\/fr\/wp-json\/wp\/v2\/media?parent=33778"}],"curies":[{"name":"wp","href":"https:\/\/api.w.org\/{rel}","templated":true}]}}