{"id":33368,"date":"2025-08-01T13:29:10","date_gmt":"2025-08-01T17:29:10","guid":{"rendered":"https:\/\/www.caissealliance.com\/?page_id=33368"},"modified":"2025-09-09T11:25:18","modified_gmt":"2025-09-09T15:25:18","slug":"tablette-identification","status":"publish","type":"page","link":"https:\/\/www.caissealliance.com\/fr\/services\/tablette-identification\/","title":{"rendered":"Tablette d&#8217;identification"},"content":{"rendered":"<h1><b><span data-contrast=\"auto\">Nouveaut\u00e9 dans nos centres de services\u202f: Un nouvel outil pour rehausser la protection de vos renseignements personnels<\/span><\/b><span data-ccp-props=\"{}\">\u00a0<\/span><\/h1>\n<p><span data-contrast=\"auto\">La Caisse Alliance est dot\u00e9e de tablettes d\u2019identification en centre de services. Une solution simple, rapide et s\u00e9curitaire pour vos transactions au comptoir!\u00a0<\/span><span data-ccp-props=\"{}\">\u00a0<\/span><\/p>\n<h3><b><span data-contrast=\"auto\">\u00c0 quoi servent ces tablettes?<\/span><\/b><span data-ccp-props=\"{}\">\u00a0<\/span><\/h3>\n<p><span data-contrast=\"auto\">Ces tablettes sont utilis\u00e9es pour vous authentifier ainsi que pour vous permettre de voir vos transactions et de les approuver \u00e0 l\u2019aide de votre signature. Vous avez donc un meilleur contr\u00f4le sur vos comptes et sur vos transactions.<\/span><span data-ccp-props=\"{}\">\u00a0<\/span><\/p>\n<h3><b><span data-contrast=\"auto\">Comment fonctionne la tablette?<\/span><\/b><span data-ccp-props=\"{}\">\u00a0<\/span><\/h3>\n<p><span data-contrast=\"auto\">C\u2019est tr\u00e8s simple! La tablette est munie d\u2019un lecteur sans contact qui vous reconnait par la paume de votre main, ce qui assure une authentification tr\u00e8s pr\u00e9cise. Une fois authentifi\u00e9, vous pouvez effectuer vos transactions au comptoir en toute discr\u00e9tion. Vous serez en mesure de voir et d&#8217;approuver votre transaction, ce qui assure l\u2019exactitude des transactions.<\/span><span data-ccp-props=\"{}\">\u00a0<\/span><\/p>\n<h3><b><span data-contrast=\"auto\">Ce syst\u00e8me est-il s\u00e9curitaire?<\/span><\/b><\/h3>\n<p><span data-contrast=\"auto\">Ce syst\u00e8me d\u2019identification est hautement s\u00e9curitaire, <\/span><span data-contrast=\"none\">fiable et de plus en plus utilis\u00e9 \u00e0 travers le monde. Il offre une protection suppl\u00e9mentaire contre la fraude.<\/span><span data-ccp-props=\"{}\">\u00a0<\/span><\/p>\n<h3><b><span data-contrast=\"none\">En savoir plus\u202f:<\/span><\/b><span data-ccp-props=\"{}\">\u00a0<\/span><\/h3>\n<p><a href=\"https:\/\/www.caissealliance.com\/fr\/faq-categories\/allia\/tablette-didentification\/\"><b><span data-contrast=\"none\">Consulter notre FAQ<\/span><\/b> <\/a><\/p>\n<p><a href=\"https:\/\/youtu.be\/P9bSQn8_KZc\"><b><span data-contrast=\"none\">Consulter une d\u00e9monstration de la tablette<\/span><\/b><span data-ccp-props=\"{}\">\u00a0<\/span><\/a><\/p>\n<p><iframe title=\"Caisse Alliance Tablette d'identification\" src=\"https:\/\/www.youtube.com\/embed\/fQ8BvYxrgNM\" width=\"1280\" height=\"500\" frameborder=\"0\" allowfullscreen=\"allowfullscreen\"><span data-mce-type=\"bookmark\" style=\"display: inline-block; width: 0px; overflow: hidden; line-height: 0;\" class=\"mce_SELRES_start\">\ufeff<\/span><\/iframe><\/p>\n<p>&nbsp;<\/p>\n","protected":false},"excerpt":{"rendered":"<p>La Caisse Alliance est dot\u00e9e de tablettes d\u2019identification en centre de services. Une solution simple, rapide et s\u00e9curitaire pour vos transactions au comptoir!\u00a0\u00a0 Ces tablettes sont utilis\u00e9es pour vous authentifier ainsi que pour vous permettre de voir vos transactions et de les approuver \u00e0 l\u2019aide de votre signature. Vous avez donc un meilleur contr\u00f4le sur [&#8230;]<\/p>\n","protected":false},"author":7,"featured_media":33411,"parent":678,"menu_order":15,"comment_status":"closed","ping_status":"closed","template":"","meta":{"_acf_changed":false,"_monsterinsights_skip_tracking":false,"_monsterinsights_sitenote_active":false,"_monsterinsights_sitenote_note":"","_monsterinsights_sitenote_category":0,"footnotes":""},"class_list":["post-33368","page","type-page","status-publish","has-post-thumbnail","hentry","section-services-particulier"],"acf":[],"yoast_head":"<!-- This site is optimized with the Yoast SEO plugin v27.3 - https:\/\/yoast.com\/product\/yoast-seo-wordpress\/ -->\n<title>Tablette d&#039;identification | Caisse Alliance<\/title>\n<meta name=\"robots\" content=\"index, follow, max-snippet:-1, max-image-preview:large, max-video-preview:-1\" \/>\n<link rel=\"canonical\" href=\"https:\/\/www.caissealliance.com\/fr\/services\/tablette-identification\/\" \/>\n<meta property=\"og:locale\" content=\"fr_FR\" \/>\n<meta property=\"og:type\" content=\"article\" \/>\n<meta property=\"og:title\" content=\"Tablette d&#039;identification | Caisse Alliance\" \/>\n<meta property=\"og:description\" content=\"La Caisse Alliance est dot\u00e9e de tablettes d\u2019identification en centre de services. Une solution simple, rapide et s\u00e9curitaire pour vos transactions au comptoir!\u00a0\u00a0 Ces tablettes sont utilis\u00e9es pour vous authentifier ainsi que pour vous permettre de voir vos transactions et de les approuver \u00e0 l\u2019aide de votre signature. Vous avez donc un meilleur contr\u00f4le sur [...]\" \/>\n<meta property=\"og:url\" content=\"https:\/\/www.caissealliance.com\/fr\/services\/tablette-identification\/\" \/>\n<meta property=\"og:site_name\" content=\"Caisse Alliance\" \/>\n<meta property=\"article:modified_time\" content=\"2025-09-09T15:25:18+00:00\" \/>\n<meta property=\"og:image\" content=\"https:\/\/www.caissealliance.com\/wp-content\/uploads\/Slider-Verifast-Web-scaled.jpg\" \/>\n\t<meta property=\"og:image:width\" content=\"2560\" \/>\n\t<meta property=\"og:image:height\" content=\"890\" \/>\n\t<meta property=\"og:image:type\" content=\"image\/jpeg\" \/>\n<meta name=\"twitter:card\" content=\"summary_large_image\" \/>\n<meta name=\"twitter:label1\" content=\"Dur\u00e9e de lecture estim\u00e9e\" \/>\n\t<meta name=\"twitter:data1\" content=\"2 minutes\" \/>\n<script type=\"application\/ld+json\" class=\"yoast-schema-graph\">{\"@context\":\"https:\\\/\\\/schema.org\",\"@graph\":[{\"@type\":\"WebPage\",\"@id\":\"https:\\\/\\\/www.caissealliance.com\\\/fr\\\/services\\\/tablette-identification\\\/\",\"url\":\"https:\\\/\\\/www.caissealliance.com\\\/fr\\\/services\\\/tablette-identification\\\/\",\"name\":\"Tablette d'identification | Caisse Alliance\",\"isPartOf\":{\"@id\":\"https:\\\/\\\/www.caissealliance.com\\\/fr\\\/#website\"},\"primaryImageOfPage\":{\"@id\":\"https:\\\/\\\/www.caissealliance.com\\\/fr\\\/services\\\/tablette-identification\\\/#primaryimage\"},\"image\":{\"@id\":\"https:\\\/\\\/www.caissealliance.com\\\/fr\\\/services\\\/tablette-identification\\\/#primaryimage\"},\"thumbnailUrl\":\"https:\\\/\\\/www.caissealliance.com\\\/wp-content\\\/uploads\\\/Slider-Verifast-Web-scaled.jpg\",\"datePublished\":\"2025-08-01T17:29:10+00:00\",\"dateModified\":\"2025-09-09T15:25:18+00:00\",\"breadcrumb\":{\"@id\":\"https:\\\/\\\/www.caissealliance.com\\\/fr\\\/services\\\/tablette-identification\\\/#breadcrumb\"},\"inLanguage\":\"fr-FR\",\"potentialAction\":[{\"@type\":\"ReadAction\",\"target\":[\"https:\\\/\\\/www.caissealliance.com\\\/fr\\\/services\\\/tablette-identification\\\/\"]}]},{\"@type\":\"ImageObject\",\"inLanguage\":\"fr-FR\",\"@id\":\"https:\\\/\\\/www.caissealliance.com\\\/fr\\\/services\\\/tablette-identification\\\/#primaryimage\",\"url\":\"https:\\\/\\\/www.caissealliance.com\\\/wp-content\\\/uploads\\\/Slider-Verifast-Web-scaled.jpg\",\"contentUrl\":\"https:\\\/\\\/www.caissealliance.com\\\/wp-content\\\/uploads\\\/Slider-Verifast-Web-scaled.jpg\",\"width\":2560,\"height\":890},{\"@type\":\"BreadcrumbList\",\"@id\":\"https:\\\/\\\/www.caissealliance.com\\\/fr\\\/services\\\/tablette-identification\\\/#breadcrumb\",\"itemListElement\":[{\"@type\":\"ListItem\",\"position\":1,\"name\":\"Home\",\"item\":\"https:\\\/\\\/www.caissealliance.com\\\/fr\\\/\"},{\"@type\":\"ListItem\",\"position\":2,\"name\":\"Services\",\"item\":\"https:\\\/\\\/www.caissealliance.com\\\/fr\\\/services\\\/\"},{\"@type\":\"ListItem\",\"position\":3,\"name\":\"Tablette d&#8217;identification\"}]},{\"@type\":\"WebSite\",\"@id\":\"https:\\\/\\\/www.caissealliance.com\\\/fr\\\/#website\",\"url\":\"https:\\\/\\\/www.caissealliance.com\\\/fr\\\/\",\"name\":\"Caisse Alliance\",\"description\":\"Site Web de la Caisse Alliance\",\"potentialAction\":[{\"@type\":\"SearchAction\",\"target\":{\"@type\":\"EntryPoint\",\"urlTemplate\":\"https:\\\/\\\/www.caissealliance.com\\\/fr\\\/?s={search_term_string}\"},\"query-input\":{\"@type\":\"PropertyValueSpecification\",\"valueRequired\":true,\"valueName\":\"search_term_string\"}}],\"inLanguage\":\"fr-FR\"}]}<\/script>\n<!-- \/ Yoast SEO plugin. -->","yoast_head_json":{"title":"Tablette d'identification | Caisse Alliance","robots":{"index":"index","follow":"follow","max-snippet":"max-snippet:-1","max-image-preview":"max-image-preview:large","max-video-preview":"max-video-preview:-1"},"canonical":"https:\/\/www.caissealliance.com\/fr\/services\/tablette-identification\/","og_locale":"fr_FR","og_type":"article","og_title":"Tablette d'identification | Caisse Alliance","og_description":"La Caisse Alliance est dot\u00e9e de tablettes d\u2019identification en centre de services. Une solution simple, rapide et s\u00e9curitaire pour vos transactions au comptoir!\u00a0\u00a0 Ces tablettes sont utilis\u00e9es pour vous authentifier ainsi que pour vous permettre de voir vos transactions et de les approuver \u00e0 l\u2019aide de votre signature. Vous avez donc un meilleur contr\u00f4le sur [...]","og_url":"https:\/\/www.caissealliance.com\/fr\/services\/tablette-identification\/","og_site_name":"Caisse Alliance","article_modified_time":"2025-09-09T15:25:18+00:00","og_image":[{"width":2560,"height":890,"url":"https:\/\/www.caissealliance.com\/wp-content\/uploads\/Slider-Verifast-Web-scaled.jpg","type":"image\/jpeg"}],"twitter_card":"summary_large_image","twitter_misc":{"Dur\u00e9e de lecture estim\u00e9e":"2 minutes"},"schema":{"@context":"https:\/\/schema.org","@graph":[{"@type":"WebPage","@id":"https:\/\/www.caissealliance.com\/fr\/services\/tablette-identification\/","url":"https:\/\/www.caissealliance.com\/fr\/services\/tablette-identification\/","name":"Tablette d'identification | Caisse Alliance","isPartOf":{"@id":"https:\/\/www.caissealliance.com\/fr\/#website"},"primaryImageOfPage":{"@id":"https:\/\/www.caissealliance.com\/fr\/services\/tablette-identification\/#primaryimage"},"image":{"@id":"https:\/\/www.caissealliance.com\/fr\/services\/tablette-identification\/#primaryimage"},"thumbnailUrl":"https:\/\/www.caissealliance.com\/wp-content\/uploads\/Slider-Verifast-Web-scaled.jpg","datePublished":"2025-08-01T17:29:10+00:00","dateModified":"2025-09-09T15:25:18+00:00","breadcrumb":{"@id":"https:\/\/www.caissealliance.com\/fr\/services\/tablette-identification\/#breadcrumb"},"inLanguage":"fr-FR","potentialAction":[{"@type":"ReadAction","target":["https:\/\/www.caissealliance.com\/fr\/services\/tablette-identification\/"]}]},{"@type":"ImageObject","inLanguage":"fr-FR","@id":"https:\/\/www.caissealliance.com\/fr\/services\/tablette-identification\/#primaryimage","url":"https:\/\/www.caissealliance.com\/wp-content\/uploads\/Slider-Verifast-Web-scaled.jpg","contentUrl":"https:\/\/www.caissealliance.com\/wp-content\/uploads\/Slider-Verifast-Web-scaled.jpg","width":2560,"height":890},{"@type":"BreadcrumbList","@id":"https:\/\/www.caissealliance.com\/fr\/services\/tablette-identification\/#breadcrumb","itemListElement":[{"@type":"ListItem","position":1,"name":"Home","item":"https:\/\/www.caissealliance.com\/fr\/"},{"@type":"ListItem","position":2,"name":"Services","item":"https:\/\/www.caissealliance.com\/fr\/services\/"},{"@type":"ListItem","position":3,"name":"Tablette d&#8217;identification"}]},{"@type":"WebSite","@id":"https:\/\/www.caissealliance.com\/fr\/#website","url":"https:\/\/www.caissealliance.com\/fr\/","name":"Caisse Alliance","description":"Site Web de la Caisse Alliance","potentialAction":[{"@type":"SearchAction","target":{"@type":"EntryPoint","urlTemplate":"https:\/\/www.caissealliance.com\/fr\/?s={search_term_string}"},"query-input":{"@type":"PropertyValueSpecification","valueRequired":true,"valueName":"search_term_string"}}],"inLanguage":"fr-FR"}]}},"publishpress_future_action":{"enabled":false,"date":"2026-04-23 13:49:49","action":"change-status","newStatus":"draft","terms":[],"taxonomy":"section","extraData":[]},"publishpress_future_workflow_manual_trigger":{"enabledWorkflows":[]},"_links":{"self":[{"href":"https:\/\/www.caissealliance.com\/fr\/wp-json\/wp\/v2\/pages\/33368","targetHints":{"allow":["GET"]}}],"collection":[{"href":"https:\/\/www.caissealliance.com\/fr\/wp-json\/wp\/v2\/pages"}],"about":[{"href":"https:\/\/www.caissealliance.com\/fr\/wp-json\/wp\/v2\/types\/page"}],"author":[{"embeddable":true,"href":"https:\/\/www.caissealliance.com\/fr\/wp-json\/wp\/v2\/users\/7"}],"replies":[{"embeddable":true,"href":"https:\/\/www.caissealliance.com\/fr\/wp-json\/wp\/v2\/comments?post=33368"}],"version-history":[{"count":7,"href":"https:\/\/www.caissealliance.com\/fr\/wp-json\/wp\/v2\/pages\/33368\/revisions"}],"predecessor-version":[{"id":33589,"href":"https:\/\/www.caissealliance.com\/fr\/wp-json\/wp\/v2\/pages\/33368\/revisions\/33589"}],"up":[{"embeddable":true,"href":"https:\/\/www.caissealliance.com\/fr\/wp-json\/wp\/v2\/pages\/678"}],"wp:featuredmedia":[{"embeddable":true,"href":"https:\/\/www.caissealliance.com\/fr\/wp-json\/wp\/v2\/media\/33411"}],"wp:attachment":[{"href":"https:\/\/www.caissealliance.com\/fr\/wp-json\/wp\/v2\/media?parent=33368"}],"curies":[{"name":"wp","href":"https:\/\/api.w.org\/{rel}","templated":true}]}}