{"id":3169,"date":"2019-04-24T12:01:07","date_gmt":"2019-04-24T16:01:07","guid":{"rendered":"http:\/\/caissealliance.absoludev.ca\/?page_id=3169"},"modified":"2024-12-16T14:09:52","modified_gmt":"2024-12-16T19:09:52","slug":"services-mobiles","status":"publish","type":"page","link":"https:\/\/www.caissealliance.com\/fr\/entreprises\/services\/services-mobiles-entreprise\/services-mobiles\/","title":{"rendered":"Services mobiles"},"content":{"rendered":"<h1><strong>Services mobiles<\/strong><\/h1>\n<p>Notre application vous permet d\u2019effectuer vos op\u00e9rations courantes o\u00f9 que vous soyez et en tout temps!<\/p>\n<p>Si vous \u00eates d\u00e9j\u00e0 inscrit \u00e0 Allia, il n\u2019y a aucuns frais suppl\u00e9mentaires li\u00e9s \u00e0 l\u2019utilisation de nos services mobiles<sup>(1)<\/sup>.<\/p>\n<p><a href=\"https:\/\/app.guideflow.com\/player\/yr4leeyclk\">Comment s&#8217;inscrire \u00e0 Allia?<\/a><\/p>\n<h2><strong>Que pouvez-vous faire avec votre appareil mobile?<\/strong><\/h2>\n<ul>\n<li data-gc-list-depth=\"1\" data-gc-list-style=\"bullet\"><a href=\"https:\/\/www.caissealliance.com\/fr\/entreprises\/services\/services-mobiles\/depot-mobile-entreprises\/\" target=\"_blank\" rel=\"noopener noreferrer\" data-gc-link=\"https:\/\/www.caissealliance.com\/fr\/comptes-et-services-relies\/modes-dacces-vos-comptes\/services-mobiles-de-lalliance\/depot-mobile-entreprises-2\/\">D\u00e9poser un ch\u00e8que<\/a>\u00a0en le photographiant, sans avoir \u00e0 vous d\u00e9placer \u00e0 la Caisse ou au guichet automatique.<\/li>\n<li data-gc-list-depth=\"1\" data-gc-list-style=\"bullet\">Consulter le solde de vos comptes.<\/li>\n<li data-gc-list-depth=\"1\" data-gc-list-style=\"bullet\">Consulter vos transactions.<\/li>\n<li data-gc-list-depth=\"1\" data-gc-list-style=\"bullet\">Effectuer des virements et payer des factures ainsi que des fournisseurs.<\/li>\n<li data-gc-list-depth=\"1\" data-gc-list-style=\"bullet\">G\u00e9rer vos codes de s\u00e9curit\u00e9.<\/li>\n<li data-gc-list-depth=\"1\" data-gc-list-style=\"bullet\">Ouvrir un compte.<\/li>\n<li data-gc-list-depth=\"1\" data-gc-list-style=\"bullet\">Consulter et supprimer des transactions en attente.<\/li>\n<li data-gc-list-depth=\"1\" data-gc-list-style=\"bullet\">Ajouter, modifier ou supprimer des fournisseurs.<\/li>\n<li data-gc-list-depth=\"1\" data-gc-list-style=\"bullet\">Localiser un centre de services.<\/li>\n<li data-gc-list-depth=\"1\" data-gc-list-style=\"bullet\">Obtenir les num\u00e9ros de t\u00e9l\u00e9phone pour nous joindre.<\/li>\n<li data-gc-list-depth=\"1\" data-gc-list-style=\"bullet\"><a href=\"https:\/\/www.caissealliance.com\/fr\/faq\/quels-sont-les-avantages-de-la-nouvelle-plateforme-transactionnelle-allia\/\">Cliquez ici<\/a> pour en conna\u00eetre plus.<\/li>\n<\/ul>\n<h2><strong>S\u00e9curit\u00e9 garantie \u00e0 100%<\/strong><\/h2>\n<p><img decoding=\"async\" class=\"alignnone size-full wp-image-7431\" src=\"https:\/\/www.caissealliance.com\/wp-content\/uploads\/secure-1.png\" alt=\"\" width=\"140\" height=\"39\" \/>Les sites transactionnels pour appareils mobiles requ\u00e9rant une authentification sont s\u00e9curis\u00e9s et offrent les m\u00eames caract\u00e9ristiques de s\u00e9curit\u00e9 et de protection que les sites complets, comme le chiffrement de l\u2019information et l\u2019utilisation de questions de s\u00e9curit\u00e9. Consultez notre <a href=\"https:\/\/www.caissealliance.com\/fr\/securite\/\">politique de s\u00e9curit\u00e9<\/a>.<\/p>\n<h3><strong>Se connecter plus rapidement<\/strong><\/h3>\n<p>Connectez-vous \u00e0 Allia \u00e0 l&#8217;aide de l&#8217;identification biom\u00e9trique. Une fa\u00e7on rapide et s\u00e9curitaire d&#8217;acc\u00e9der \u00e0 vos comptes!<\/p>\n<h2><strong>IDENTIFICATION BIOM\u00c9TRIQUE<\/strong><\/h2>\n<ul>\n<li>Utilisez les fonctionnalit\u00e9s Touch ID et Touch ID d&#8217;Apple<sup>MD<\/sup>!<\/li>\n<li>Utilis\u00e9 la fonctionnalit\u00e9 de l&#8217;identification par empreinte digitale d&#8217;Android<sup>MC<\/sup>!<\/li>\n<\/ul>\n<p>C\u2019est rapide, simple et tout aussi s\u00e9curitaire!<\/p>\n<p><strong>Ce qu\u2019il faut savoir<\/strong><\/p>\n<ul>\n<li data-gc-list-depth=\"1\" data-gc-list-style=\"bullet\">Attention : votre identification biom\u00e9trique, enregistr\u00e9e dans les r\u00e9glages de votre appareil peut ouvrir une session dans Allia.<\/li>\n<li data-gc-list-depth=\"1\" data-gc-list-style=\"bullet\">La fonctionnalit\u00e9 doit \u00eatre activ\u00e9e sur votre appareil pour que les services mobiles de la Caisse Alliance vous proposent de l\u2019activer \u00e0 votre prochaine connexion dans Allia. Si ce n\u2019est pas le cas, vous devrez tout d\u2019abord l\u2019activer dans les r\u00e9glages de votre appareil.<\/li>\n<li data-gc-list-depth=\"1\" data-gc-list-style=\"bullet\">Si vous ajoutez ou supprimez l&#8217;identification biom\u00e9trique\u00a0dans les r\u00e9glages de votre appareil apr\u00e8s avoir activ\u00e9 la fonctionnalit\u00e9 pour les services mobiles de la Caisse Alliance, la fonctionnalit\u00e9 sera automatiquement d\u00e9sactiv\u00e9e dans l\u2019application par mesure de s\u00e9curit\u00e9. On vous proposera de la r\u00e9activer \u00e0 votre prochaine connexion \u00e0 Allia.<\/li>\n<li data-gc-list-depth=\"1\" data-gc-list-style=\"bullet\">Si vous utilisez plus d\u2019un appareil, vous devez activer la fonctionnalit\u00e9 d&#8217;identification biom\u00e9trique pour tous vos appareils.<\/li>\n<\/ul>\n<p><sup>MD<\/sup>\u00a0Apple est une marque d\u00e9pos\u00e9e de Apple inc.<br \/>\n<sup>MC<\/sup>\u00a0Android est une marque de Google inc.<\/p>\n<p>1. Il n\u2019y a aucuns frais suppl\u00e9mentaires li\u00e9s \u00e0 l\u2019utilisation des services mobiles de la Caisse Alliance. Les m\u00eames frais li\u00e9s \u00e0 l\u2019utilisation d\u2019Allia Internet s\u2019appliquent, que vous ayez un forfait \u00e0 tarif mensuel fixe ou que vous payiez vos op\u00e9rations \u00e0 la pi\u00e8ce. Informez-vous aupr\u00e8s de votre fournisseur de service sans fil pour toute question relative \u00e0 votre forfait de donn\u00e9es.<\/p>\n","protected":false},"excerpt":{"rendered":"<p>Notre application vous permet d\u2019effectuer vos op\u00e9rations courantes o\u00f9 que vous soyez et en tout temps! Si vous \u00eates d\u00e9j\u00e0 inscrit \u00e0 Allia, il n\u2019y a aucuns frais suppl\u00e9mentaires li\u00e9s \u00e0 l\u2019utilisation de nos services mobiles(1). Comment s&#8217;inscrire \u00e0 Allia? D\u00e9poser un ch\u00e8que\u00a0en le photographiant, sans avoir \u00e0 vous d\u00e9placer \u00e0 la Caisse ou au [&#8230;]<\/p>\n","protected":false},"author":1,"featured_media":0,"parent":1816,"menu_order":0,"comment_status":"closed","ping_status":"closed","template":"","meta":{"_acf_changed":false,"_monsterinsights_skip_tracking":false,"_monsterinsights_sitenote_active":false,"_monsterinsights_sitenote_note":"","_monsterinsights_sitenote_category":0,"footnotes":""},"class_list":["post-3169","page","type-page","status-publish","hentry","section-services-entreprise"],"acf":[],"yoast_head":"<!-- This site is optimized with the Yoast SEO plugin v27.4 - https:\/\/yoast.com\/product\/yoast-seo-wordpress\/ -->\n<title>Services mobiles | Caisse Alliance<\/title>\n<meta name=\"robots\" content=\"index, follow, max-snippet:-1, max-image-preview:large, max-video-preview:-1\" \/>\n<link rel=\"canonical\" href=\"https:\/\/www.caissealliance.com\/fr\/entreprises\/services\/services-mobiles-entreprise\/services-mobiles\/\" \/>\n<meta property=\"og:locale\" content=\"fr_FR\" \/>\n<meta property=\"og:type\" content=\"article\" \/>\n<meta property=\"og:title\" content=\"Services mobiles | Caisse Alliance\" \/>\n<meta property=\"og:description\" content=\"Notre application vous permet d\u2019effectuer vos op\u00e9rations courantes o\u00f9 que vous soyez et en tout temps! Si vous \u00eates d\u00e9j\u00e0 inscrit \u00e0 Allia, il n\u2019y a aucuns frais suppl\u00e9mentaires li\u00e9s \u00e0 l\u2019utilisation de nos services mobiles(1). Comment s&#8217;inscrire \u00e0 Allia? D\u00e9poser un ch\u00e8que\u00a0en le photographiant, sans avoir \u00e0 vous d\u00e9placer \u00e0 la Caisse ou au [...]\" \/>\n<meta property=\"og:url\" content=\"https:\/\/www.caissealliance.com\/fr\/entreprises\/services\/services-mobiles-entreprise\/services-mobiles\/\" \/>\n<meta property=\"og:site_name\" content=\"Caisse Alliance\" \/>\n<meta property=\"article:modified_time\" content=\"2024-12-16T19:09:52+00:00\" \/>\n<meta property=\"og:image\" content=\"https:\/\/www.caissealliance.com\/wp-content\/uploads\/secure-1.png\" \/>\n<meta name=\"twitter:card\" content=\"summary_large_image\" \/>\n<meta name=\"twitter:label1\" content=\"Dur\u00e9e de lecture estim\u00e9e\" \/>\n\t<meta name=\"twitter:data1\" content=\"3 minutes\" \/>\n<script type=\"application\/ld+json\" class=\"yoast-schema-graph\">{\"@context\":\"https:\\\/\\\/schema.org\",\"@graph\":[{\"@type\":\"WebPage\",\"@id\":\"https:\\\/\\\/www.caissealliance.com\\\/fr\\\/entreprises\\\/services\\\/services-mobiles-entreprise\\\/services-mobiles\\\/\",\"url\":\"https:\\\/\\\/www.caissealliance.com\\\/fr\\\/entreprises\\\/services\\\/services-mobiles-entreprise\\\/services-mobiles\\\/\",\"name\":\"Services mobiles | Caisse Alliance\",\"isPartOf\":{\"@id\":\"https:\\\/\\\/www.caissealliance.com\\\/fr\\\/#website\"},\"primaryImageOfPage\":{\"@id\":\"https:\\\/\\\/www.caissealliance.com\\\/fr\\\/entreprises\\\/services\\\/services-mobiles-entreprise\\\/services-mobiles\\\/#primaryimage\"},\"image\":{\"@id\":\"https:\\\/\\\/www.caissealliance.com\\\/fr\\\/entreprises\\\/services\\\/services-mobiles-entreprise\\\/services-mobiles\\\/#primaryimage\"},\"thumbnailUrl\":\"https:\\\/\\\/www.caissealliance.com\\\/wp-content\\\/uploads\\\/secure-1.png\",\"datePublished\":\"2019-04-24T16:01:07+00:00\",\"dateModified\":\"2024-12-16T19:09:52+00:00\",\"breadcrumb\":{\"@id\":\"https:\\\/\\\/www.caissealliance.com\\\/fr\\\/entreprises\\\/services\\\/services-mobiles-entreprise\\\/services-mobiles\\\/#breadcrumb\"},\"inLanguage\":\"fr-FR\",\"potentialAction\":[{\"@type\":\"ReadAction\",\"target\":[\"https:\\\/\\\/www.caissealliance.com\\\/fr\\\/entreprises\\\/services\\\/services-mobiles-entreprise\\\/services-mobiles\\\/\"]}]},{\"@type\":\"ImageObject\",\"inLanguage\":\"fr-FR\",\"@id\":\"https:\\\/\\\/www.caissealliance.com\\\/fr\\\/entreprises\\\/services\\\/services-mobiles-entreprise\\\/services-mobiles\\\/#primaryimage\",\"url\":\"https:\\\/\\\/www.caissealliance.com\\\/wp-content\\\/uploads\\\/secure-1.png\",\"contentUrl\":\"https:\\\/\\\/www.caissealliance.com\\\/wp-content\\\/uploads\\\/secure-1.png\"},{\"@type\":\"BreadcrumbList\",\"@id\":\"https:\\\/\\\/www.caissealliance.com\\\/fr\\\/entreprises\\\/services\\\/services-mobiles-entreprise\\\/services-mobiles\\\/#breadcrumb\",\"itemListElement\":[{\"@type\":\"ListItem\",\"position\":1,\"name\":\"Home\",\"item\":\"https:\\\/\\\/www.caissealliance.com\\\/fr\\\/\"},{\"@type\":\"ListItem\",\"position\":2,\"name\":\"Entreprises\",\"item\":\"https:\\\/\\\/www.caissealliance.com\\\/fr\\\/entreprises\\\/\"},{\"@type\":\"ListItem\",\"position\":3,\"name\":\"Services\",\"item\":\"https:\\\/\\\/www.caissealliance.com\\\/fr\\\/entreprises\\\/services\\\/\"},{\"@type\":\"ListItem\",\"position\":4,\"name\":\"Services mobiles\",\"item\":\"https:\\\/\\\/www.caissealliance.com\\\/fr\\\/entreprises\\\/services\\\/services-mobiles-entreprise\\\/\"},{\"@type\":\"ListItem\",\"position\":5,\"name\":\"Services mobiles\"}]},{\"@type\":\"WebSite\",\"@id\":\"https:\\\/\\\/www.caissealliance.com\\\/fr\\\/#website\",\"url\":\"https:\\\/\\\/www.caissealliance.com\\\/fr\\\/\",\"name\":\"Caisse Alliance\",\"description\":\"Site Web de la Caisse Alliance\",\"potentialAction\":[{\"@type\":\"SearchAction\",\"target\":{\"@type\":\"EntryPoint\",\"urlTemplate\":\"https:\\\/\\\/www.caissealliance.com\\\/fr\\\/?s={search_term_string}\"},\"query-input\":{\"@type\":\"PropertyValueSpecification\",\"valueRequired\":true,\"valueName\":\"search_term_string\"}}],\"inLanguage\":\"fr-FR\"}]}<\/script>\n<!-- \/ Yoast SEO plugin. -->","yoast_head_json":{"title":"Services mobiles | Caisse Alliance","robots":{"index":"index","follow":"follow","max-snippet":"max-snippet:-1","max-image-preview":"max-image-preview:large","max-video-preview":"max-video-preview:-1"},"canonical":"https:\/\/www.caissealliance.com\/fr\/entreprises\/services\/services-mobiles-entreprise\/services-mobiles\/","og_locale":"fr_FR","og_type":"article","og_title":"Services mobiles | Caisse Alliance","og_description":"Notre application vous permet d\u2019effectuer vos op\u00e9rations courantes o\u00f9 que vous soyez et en tout temps! Si vous \u00eates d\u00e9j\u00e0 inscrit \u00e0 Allia, il n\u2019y a aucuns frais suppl\u00e9mentaires li\u00e9s \u00e0 l\u2019utilisation de nos services mobiles(1). Comment s&#8217;inscrire \u00e0 Allia? D\u00e9poser un ch\u00e8que\u00a0en le photographiant, sans avoir \u00e0 vous d\u00e9placer \u00e0 la Caisse ou au [...]","og_url":"https:\/\/www.caissealliance.com\/fr\/entreprises\/services\/services-mobiles-entreprise\/services-mobiles\/","og_site_name":"Caisse Alliance","article_modified_time":"2024-12-16T19:09:52+00:00","og_image":[{"url":"https:\/\/www.caissealliance.com\/wp-content\/uploads\/secure-1.png","type":"","width":"","height":""}],"twitter_card":"summary_large_image","twitter_misc":{"Dur\u00e9e de lecture estim\u00e9e":"3 minutes"},"schema":{"@context":"https:\/\/schema.org","@graph":[{"@type":"WebPage","@id":"https:\/\/www.caissealliance.com\/fr\/entreprises\/services\/services-mobiles-entreprise\/services-mobiles\/","url":"https:\/\/www.caissealliance.com\/fr\/entreprises\/services\/services-mobiles-entreprise\/services-mobiles\/","name":"Services mobiles | Caisse Alliance","isPartOf":{"@id":"https:\/\/www.caissealliance.com\/fr\/#website"},"primaryImageOfPage":{"@id":"https:\/\/www.caissealliance.com\/fr\/entreprises\/services\/services-mobiles-entreprise\/services-mobiles\/#primaryimage"},"image":{"@id":"https:\/\/www.caissealliance.com\/fr\/entreprises\/services\/services-mobiles-entreprise\/services-mobiles\/#primaryimage"},"thumbnailUrl":"https:\/\/www.caissealliance.com\/wp-content\/uploads\/secure-1.png","datePublished":"2019-04-24T16:01:07+00:00","dateModified":"2024-12-16T19:09:52+00:00","breadcrumb":{"@id":"https:\/\/www.caissealliance.com\/fr\/entreprises\/services\/services-mobiles-entreprise\/services-mobiles\/#breadcrumb"},"inLanguage":"fr-FR","potentialAction":[{"@type":"ReadAction","target":["https:\/\/www.caissealliance.com\/fr\/entreprises\/services\/services-mobiles-entreprise\/services-mobiles\/"]}]},{"@type":"ImageObject","inLanguage":"fr-FR","@id":"https:\/\/www.caissealliance.com\/fr\/entreprises\/services\/services-mobiles-entreprise\/services-mobiles\/#primaryimage","url":"https:\/\/www.caissealliance.com\/wp-content\/uploads\/secure-1.png","contentUrl":"https:\/\/www.caissealliance.com\/wp-content\/uploads\/secure-1.png"},{"@type":"BreadcrumbList","@id":"https:\/\/www.caissealliance.com\/fr\/entreprises\/services\/services-mobiles-entreprise\/services-mobiles\/#breadcrumb","itemListElement":[{"@type":"ListItem","position":1,"name":"Home","item":"https:\/\/www.caissealliance.com\/fr\/"},{"@type":"ListItem","position":2,"name":"Entreprises","item":"https:\/\/www.caissealliance.com\/fr\/entreprises\/"},{"@type":"ListItem","position":3,"name":"Services","item":"https:\/\/www.caissealliance.com\/fr\/entreprises\/services\/"},{"@type":"ListItem","position":4,"name":"Services mobiles","item":"https:\/\/www.caissealliance.com\/fr\/entreprises\/services\/services-mobiles-entreprise\/"},{"@type":"ListItem","position":5,"name":"Services mobiles"}]},{"@type":"WebSite","@id":"https:\/\/www.caissealliance.com\/fr\/#website","url":"https:\/\/www.caissealliance.com\/fr\/","name":"Caisse Alliance","description":"Site Web de la Caisse Alliance","potentialAction":[{"@type":"SearchAction","target":{"@type":"EntryPoint","urlTemplate":"https:\/\/www.caissealliance.com\/fr\/?s={search_term_string}"},"query-input":{"@type":"PropertyValueSpecification","valueRequired":true,"valueName":"search_term_string"}}],"inLanguage":"fr-FR"}]}},"publishpress_future_action":{"enabled":false,"date":"2026-05-04 18:13:47","action":"change-status","newStatus":"draft","terms":[],"taxonomy":"section","extraData":[]},"publishpress_future_workflow_manual_trigger":{"enabledWorkflows":[]},"_links":{"self":[{"href":"https:\/\/www.caissealliance.com\/fr\/wp-json\/wp\/v2\/pages\/3169","targetHints":{"allow":["GET"]}}],"collection":[{"href":"https:\/\/www.caissealliance.com\/fr\/wp-json\/wp\/v2\/pages"}],"about":[{"href":"https:\/\/www.caissealliance.com\/fr\/wp-json\/wp\/v2\/types\/page"}],"author":[{"embeddable":true,"href":"https:\/\/www.caissealliance.com\/fr\/wp-json\/wp\/v2\/users\/1"}],"replies":[{"embeddable":true,"href":"https:\/\/www.caissealliance.com\/fr\/wp-json\/wp\/v2\/comments?post=3169"}],"version-history":[{"count":25,"href":"https:\/\/www.caissealliance.com\/fr\/wp-json\/wp\/v2\/pages\/3169\/revisions"}],"predecessor-version":[{"id":30338,"href":"https:\/\/www.caissealliance.com\/fr\/wp-json\/wp\/v2\/pages\/3169\/revisions\/30338"}],"up":[{"embeddable":true,"href":"https:\/\/www.caissealliance.com\/fr\/wp-json\/wp\/v2\/pages\/1816"}],"wp:attachment":[{"href":"https:\/\/www.caissealliance.com\/fr\/wp-json\/wp\/v2\/media?parent=3169"}],"curies":[{"name":"wp","href":"https:\/\/api.w.org\/{rel}","templated":true}]}}