{"id":30194,"date":"2024-11-29T09:54:08","date_gmt":"2024-11-29T14:54:08","guid":{"rendered":"https:\/\/www.caissealliance.com\/?page_id=30194"},"modified":"2024-11-29T10:01:14","modified_gmt":"2024-11-29T15:01:14","slug":"epargne-jeunesse","status":"publish","type":"page","link":"https:\/\/www.caissealliance.com\/fr\/clientele-scolaire\/epargne-jeunesse\/","title":{"rendered":"\u00c9pargne jeunesse"},"content":{"rendered":"<h1>\u00c9pargne jeunesse<\/h1>\n<p>Comme il n\u2019est jamais trop t\u00f4t pour faire l\u2019apprentissage de l\u2019\u00e9pargne, la Caisse Alliance continue d\u2019offrir le programme \u00c9pargne jeunesse aux enfants. Anciennement connu sous le nom de Caisse \u00c9cole, le programme \u00c9pargne jeunesse est la plus ancienne activit\u00e9 \u00e9ducative soutenue par la Caisse. Elle permet aux \u00e9l\u00e8ves de d\u00e9couvrir la valeur de l\u2019\u00e9pargne.<\/p>\n","protected":false},"excerpt":{"rendered":"<p>Comme il n\u2019est jamais trop t\u00f4t pour faire l\u2019apprentissage de l\u2019\u00e9pargne, la Caisse Alliance continue d\u2019offrir le programme \u00c9pargne jeunesse aux enfants. Anciennement connu sous le nom de Caisse \u00c9cole, le programme \u00c9pargne jeunesse est la plus ancienne activit\u00e9 \u00e9ducative soutenue par la Caisse. Elle permet aux \u00e9l\u00e8ves de d\u00e9couvrir la valeur de l\u2019\u00e9pargne.<\/p>\n","protected":false},"author":7,"featured_media":2110,"parent":2496,"menu_order":2,"comment_status":"closed","ping_status":"closed","template":"","meta":{"_acf_changed":false,"_monsterinsights_skip_tracking":false,"_monsterinsights_sitenote_active":false,"_monsterinsights_sitenote_note":"","_monsterinsights_sitenote_category":0,"footnotes":""},"class_list":["post-30194","page","type-page","status-publish","has-post-thumbnail","hentry","section-clientele-scolaire"],"acf":[],"yoast_head":"<!-- This site is optimized with the Yoast SEO plugin v27.5 - https:\/\/yoast.com\/product\/yoast-seo-wordpress\/ -->\n<title>\u00c9pargne jeunesse | Caisse Alliance<\/title>\n<meta name=\"robots\" content=\"index, follow, max-snippet:-1, max-image-preview:large, max-video-preview:-1\" \/>\n<link rel=\"canonical\" href=\"https:\/\/www.caissealliance.com\/fr\/clientele-scolaire\/epargne-jeunesse\/\" \/>\n<meta property=\"og:locale\" content=\"fr_FR\" \/>\n<meta property=\"og:type\" content=\"article\" \/>\n<meta property=\"og:title\" content=\"\u00c9pargne jeunesse | Caisse Alliance\" \/>\n<meta property=\"og:description\" content=\"Comme il n\u2019est jamais trop t\u00f4t pour faire l\u2019apprentissage de l\u2019\u00e9pargne, la Caisse Alliance continue d\u2019offrir le programme \u00c9pargne jeunesse aux enfants. Anciennement connu sous le nom de Caisse \u00c9cole, le programme \u00c9pargne jeunesse est la plus ancienne activit\u00e9 \u00e9ducative soutenue par la Caisse. Elle permet aux \u00e9l\u00e8ves de d\u00e9couvrir la valeur de l\u2019\u00e9pargne.\" \/>\n<meta property=\"og:url\" content=\"https:\/\/www.caissealliance.com\/fr\/clientele-scolaire\/epargne-jeunesse\/\" \/>\n<meta property=\"og:site_name\" content=\"Caisse Alliance\" \/>\n<meta property=\"article:modified_time\" content=\"2024-11-29T15:01:14+00:00\" \/>\n<meta property=\"og:image\" content=\"https:\/\/www.caissealliance.com\/wp-content\/uploads\/jeunesse_produit.jpg\" \/>\n\t<meta property=\"og:image:width\" content=\"1620\" \/>\n\t<meta property=\"og:image:height\" content=\"792\" \/>\n\t<meta property=\"og:image:type\" content=\"image\/jpeg\" \/>\n<meta name=\"twitter:card\" content=\"summary_large_image\" \/>\n<meta name=\"twitter:label1\" content=\"Dur\u00e9e de lecture estim\u00e9e\" \/>\n\t<meta name=\"twitter:data1\" content=\"1 minute\" \/>\n<script type=\"application\/ld+json\" class=\"yoast-schema-graph\">{\"@context\":\"https:\\\/\\\/schema.org\",\"@graph\":[{\"@type\":\"WebPage\",\"@id\":\"https:\\\/\\\/www.caissealliance.com\\\/fr\\\/clientele-scolaire\\\/epargne-jeunesse\\\/\",\"url\":\"https:\\\/\\\/www.caissealliance.com\\\/fr\\\/clientele-scolaire\\\/epargne-jeunesse\\\/\",\"name\":\"\u00c9pargne jeunesse | Caisse Alliance\",\"isPartOf\":{\"@id\":\"https:\\\/\\\/www.caissealliance.com\\\/fr\\\/#website\"},\"primaryImageOfPage\":{\"@id\":\"https:\\\/\\\/www.caissealliance.com\\\/fr\\\/clientele-scolaire\\\/epargne-jeunesse\\\/#primaryimage\"},\"image\":{\"@id\":\"https:\\\/\\\/www.caissealliance.com\\\/fr\\\/clientele-scolaire\\\/epargne-jeunesse\\\/#primaryimage\"},\"thumbnailUrl\":\"https:\\\/\\\/www.caissealliance.com\\\/wp-content\\\/uploads\\\/jeunesse_produit.jpg\",\"datePublished\":\"2024-11-29T14:54:08+00:00\",\"dateModified\":\"2024-11-29T15:01:14+00:00\",\"breadcrumb\":{\"@id\":\"https:\\\/\\\/www.caissealliance.com\\\/fr\\\/clientele-scolaire\\\/epargne-jeunesse\\\/#breadcrumb\"},\"inLanguage\":\"fr-FR\",\"potentialAction\":[{\"@type\":\"ReadAction\",\"target\":[\"https:\\\/\\\/www.caissealliance.com\\\/fr\\\/clientele-scolaire\\\/epargne-jeunesse\\\/\"]}]},{\"@type\":\"ImageObject\",\"inLanguage\":\"fr-FR\",\"@id\":\"https:\\\/\\\/www.caissealliance.com\\\/fr\\\/clientele-scolaire\\\/epargne-jeunesse\\\/#primaryimage\",\"url\":\"https:\\\/\\\/www.caissealliance.com\\\/wp-content\\\/uploads\\\/jeunesse_produit.jpg\",\"contentUrl\":\"https:\\\/\\\/www.caissealliance.com\\\/wp-content\\\/uploads\\\/jeunesse_produit.jpg\",\"width\":1620,\"height\":792},{\"@type\":\"BreadcrumbList\",\"@id\":\"https:\\\/\\\/www.caissealliance.com\\\/fr\\\/clientele-scolaire\\\/epargne-jeunesse\\\/#breadcrumb\",\"itemListElement\":[{\"@type\":\"ListItem\",\"position\":1,\"name\":\"Home\",\"item\":\"https:\\\/\\\/www.caissealliance.com\\\/fr\\\/\"},{\"@type\":\"ListItem\",\"position\":2,\"name\":\"Client\u00e8le scolaire\",\"item\":\"https:\\\/\\\/www.caissealliance.com\\\/fr\\\/school-zone\\\/\"},{\"@type\":\"ListItem\",\"position\":3,\"name\":\"\u00c9pargne jeunesse\"}]},{\"@type\":\"WebSite\",\"@id\":\"https:\\\/\\\/www.caissealliance.com\\\/fr\\\/#website\",\"url\":\"https:\\\/\\\/www.caissealliance.com\\\/fr\\\/\",\"name\":\"Caisse Alliance\",\"description\":\"Site Web de la Caisse Alliance\",\"potentialAction\":[{\"@type\":\"SearchAction\",\"target\":{\"@type\":\"EntryPoint\",\"urlTemplate\":\"https:\\\/\\\/www.caissealliance.com\\\/fr\\\/?s={search_term_string}\"},\"query-input\":{\"@type\":\"PropertyValueSpecification\",\"valueRequired\":true,\"valueName\":\"search_term_string\"}}],\"inLanguage\":\"fr-FR\"}]}<\/script>\n<!-- \/ Yoast SEO plugin. -->","yoast_head_json":{"title":"\u00c9pargne jeunesse | Caisse Alliance","robots":{"index":"index","follow":"follow","max-snippet":"max-snippet:-1","max-image-preview":"max-image-preview:large","max-video-preview":"max-video-preview:-1"},"canonical":"https:\/\/www.caissealliance.com\/fr\/clientele-scolaire\/epargne-jeunesse\/","og_locale":"fr_FR","og_type":"article","og_title":"\u00c9pargne jeunesse | Caisse Alliance","og_description":"Comme il n\u2019est jamais trop t\u00f4t pour faire l\u2019apprentissage de l\u2019\u00e9pargne, la Caisse Alliance continue d\u2019offrir le programme \u00c9pargne jeunesse aux enfants. Anciennement connu sous le nom de Caisse \u00c9cole, le programme \u00c9pargne jeunesse est la plus ancienne activit\u00e9 \u00e9ducative soutenue par la Caisse. Elle permet aux \u00e9l\u00e8ves de d\u00e9couvrir la valeur de l\u2019\u00e9pargne.","og_url":"https:\/\/www.caissealliance.com\/fr\/clientele-scolaire\/epargne-jeunesse\/","og_site_name":"Caisse Alliance","article_modified_time":"2024-11-29T15:01:14+00:00","og_image":[{"width":1620,"height":792,"url":"https:\/\/www.caissealliance.com\/wp-content\/uploads\/jeunesse_produit.jpg","type":"image\/jpeg"}],"twitter_card":"summary_large_image","twitter_misc":{"Dur\u00e9e de lecture estim\u00e9e":"1 minute"},"schema":{"@context":"https:\/\/schema.org","@graph":[{"@type":"WebPage","@id":"https:\/\/www.caissealliance.com\/fr\/clientele-scolaire\/epargne-jeunesse\/","url":"https:\/\/www.caissealliance.com\/fr\/clientele-scolaire\/epargne-jeunesse\/","name":"\u00c9pargne jeunesse | Caisse Alliance","isPartOf":{"@id":"https:\/\/www.caissealliance.com\/fr\/#website"},"primaryImageOfPage":{"@id":"https:\/\/www.caissealliance.com\/fr\/clientele-scolaire\/epargne-jeunesse\/#primaryimage"},"image":{"@id":"https:\/\/www.caissealliance.com\/fr\/clientele-scolaire\/epargne-jeunesse\/#primaryimage"},"thumbnailUrl":"https:\/\/www.caissealliance.com\/wp-content\/uploads\/jeunesse_produit.jpg","datePublished":"2024-11-29T14:54:08+00:00","dateModified":"2024-11-29T15:01:14+00:00","breadcrumb":{"@id":"https:\/\/www.caissealliance.com\/fr\/clientele-scolaire\/epargne-jeunesse\/#breadcrumb"},"inLanguage":"fr-FR","potentialAction":[{"@type":"ReadAction","target":["https:\/\/www.caissealliance.com\/fr\/clientele-scolaire\/epargne-jeunesse\/"]}]},{"@type":"ImageObject","inLanguage":"fr-FR","@id":"https:\/\/www.caissealliance.com\/fr\/clientele-scolaire\/epargne-jeunesse\/#primaryimage","url":"https:\/\/www.caissealliance.com\/wp-content\/uploads\/jeunesse_produit.jpg","contentUrl":"https:\/\/www.caissealliance.com\/wp-content\/uploads\/jeunesse_produit.jpg","width":1620,"height":792},{"@type":"BreadcrumbList","@id":"https:\/\/www.caissealliance.com\/fr\/clientele-scolaire\/epargne-jeunesse\/#breadcrumb","itemListElement":[{"@type":"ListItem","position":1,"name":"Home","item":"https:\/\/www.caissealliance.com\/fr\/"},{"@type":"ListItem","position":2,"name":"Client\u00e8le scolaire","item":"https:\/\/www.caissealliance.com\/fr\/school-zone\/"},{"@type":"ListItem","position":3,"name":"\u00c9pargne jeunesse"}]},{"@type":"WebSite","@id":"https:\/\/www.caissealliance.com\/fr\/#website","url":"https:\/\/www.caissealliance.com\/fr\/","name":"Caisse Alliance","description":"Site Web de la Caisse Alliance","potentialAction":[{"@type":"SearchAction","target":{"@type":"EntryPoint","urlTemplate":"https:\/\/www.caissealliance.com\/fr\/?s={search_term_string}"},"query-input":{"@type":"PropertyValueSpecification","valueRequired":true,"valueName":"search_term_string"}}],"inLanguage":"fr-FR"}]}},"publishpress_future_action":{"enabled":false,"date":"2026-05-08 19:34:41","action":"change-status","newStatus":"draft","terms":[],"taxonomy":"section","extraData":[]},"publishpress_future_workflow_manual_trigger":{"enabledWorkflows":[]},"_links":{"self":[{"href":"https:\/\/www.caissealliance.com\/fr\/wp-json\/wp\/v2\/pages\/30194","targetHints":{"allow":["GET"]}}],"collection":[{"href":"https:\/\/www.caissealliance.com\/fr\/wp-json\/wp\/v2\/pages"}],"about":[{"href":"https:\/\/www.caissealliance.com\/fr\/wp-json\/wp\/v2\/types\/page"}],"author":[{"embeddable":true,"href":"https:\/\/www.caissealliance.com\/fr\/wp-json\/wp\/v2\/users\/7"}],"replies":[{"embeddable":true,"href":"https:\/\/www.caissealliance.com\/fr\/wp-json\/wp\/v2\/comments?post=30194"}],"version-history":[{"count":2,"href":"https:\/\/www.caissealliance.com\/fr\/wp-json\/wp\/v2\/pages\/30194\/revisions"}],"predecessor-version":[{"id":30196,"href":"https:\/\/www.caissealliance.com\/fr\/wp-json\/wp\/v2\/pages\/30194\/revisions\/30196"}],"up":[{"embeddable":true,"href":"https:\/\/www.caissealliance.com\/fr\/wp-json\/wp\/v2\/pages\/2496"}],"wp:featuredmedia":[{"embeddable":true,"href":"https:\/\/www.caissealliance.com\/fr\/wp-json\/wp\/v2\/media\/2110"}],"wp:attachment":[{"href":"https:\/\/www.caissealliance.com\/fr\/wp-json\/wp\/v2\/media?parent=30194"}],"curies":[{"name":"wp","href":"https:\/\/api.w.org\/{rel}","templated":true}]}}