{"id":29885,"date":"2024-11-14T16:08:51","date_gmt":"2024-11-14T21:08:51","guid":{"rendered":"https:\/\/www.caissealliance.com\/?page_id=29885"},"modified":"2025-04-04T13:32:21","modified_gmt":"2025-04-04T17:32:21","slug":"formulaire-de-candidature-pour-un-enfant-a-une-entrevue-sur-la-litteratie-financiere","status":"publish","type":"page","link":"https:\/\/www.caissealliance.com\/fr\/conditions-dutilisation-de-la-carte-de-debit-mastercard\/formulaire-de-candidature-pour-un-enfant-a-une-entrevue-sur-la-litteratie-financiere\/","title":{"rendered":"Formulaire de candidature pour un enfant \u00e0 une entrevue sur la litt\u00e9ratie financi\u00e8re"},"content":{"rendered":"<style id=\"wpforms-css-vars-29864\">\n\t\t\t\t#wpforms-29864 {\n\t\t\t\t\n\t\t\t}\n\t\t\t<\/style><div class=\"wpforms-container wpforms-container-full wpforms-container-save-resume wpforms-render-modern\" id=\"wpforms-29864\"><form id=\"wpforms-form-29864\" class=\"wpforms-validate wpforms-form wpforms-ajax-form\" data-formid=\"29864\" method=\"post\" enctype=\"multipart\/form-data\" action=\"\/fr\/wp-json\/wp\/v2\/pages\/29885\" data-token=\"fcaa2e0e8438cac87a59aa3ce0967754\" data-token-time=\"1776350571\"><noscript class=\"wpforms-error-noscript\">Veuillez activer JavaScript dans votre navigateur pour remplir ce formulaire.<\/noscript><div id=\"wpforms-error-noscript\" style=\"display: none;\">Veuillez activer JavaScript dans votre navigateur pour remplir ce formulaire.<\/div><div class=\"wpforms-field-container\"><div class=\"wpforms-page wpforms-page-1 \" data-page=\"1\"><div id=\"wpforms-29864-field_13-container\" class=\"wpforms-field wpforms-field-pagebreak\" data-field-id=\"13\"><\/div><div id=\"wpforms-29864-field_8-container\" class=\"wpforms-field wpforms-field-text\" data-field-id=\"8\"><label class=\"wpforms-field-label\" for=\"wpforms-29864-field_8\">Pr\u00e9nom et nom de l&#039;enfant :  <span class=\"wpforms-required-label\" aria-hidden=\"true\">*<\/span><\/label><input type=\"text\" id=\"wpforms-29864-field_8\" class=\"wpforms-field-medium wpforms-field-required\" name=\"wpforms[fields][8]\" aria-errormessage=\"wpforms-29864-field_8-error\" required><\/div><div id=\"wpforms-29864-field_10-container\" class=\"wpforms-field wpforms-field-select wpforms-field-select-style-classic\" data-field-id=\"10\"><label class=\"wpforms-field-label\" for=\"wpforms-29864-field_10\">\u00c2ge de l&#039;enfant <span class=\"wpforms-required-label\" aria-hidden=\"true\">*<\/span><\/label><select id=\"wpforms-29864-field_10\" class=\"wpforms-field-medium wpforms-field-required\" name=\"wpforms[fields][10]\" required=\"required\"><option value=\"4 ans\"  class=\"choice-1 depth-1\"  >4 ans<\/option><option value=\"5 ans\"  class=\"choice-2 depth-1\"  >5 ans<\/option><option value=\"6 ans\"  class=\"choice-3 depth-1\"  >6 ans<\/option><option value=\"7 ans\"  class=\"choice-8 depth-1\"  >7 ans<\/option><option value=\"8 ans\"  class=\"choice-7 depth-1\"  >8 ans<\/option><option value=\"9 ans\"  class=\"choice-6 depth-1\"  >9 ans<\/option><option value=\"10 ans\"  class=\"choice-5 depth-1\"  >10 ans<\/option><option value=\"11 ans\"  class=\"choice-4 depth-1\"  >11 ans<\/option><option value=\"12 ans\"  class=\"choice-11 depth-1\"  >12 ans<\/option><option value=\"13 ans\"  class=\"choice-10 depth-1\"  >13 ans<\/option><option value=\"14 ans\"  class=\"choice-9 depth-1\"  >14 ans<\/option><option value=\"15 ans\"  class=\"choice-14 depth-1\"  >15 ans<\/option><option value=\"16 ans\"  class=\"choice-13 depth-1\"  >16 ans<\/option><option value=\"17 ans\"  class=\"choice-12 depth-1\"  >17 ans<\/option><\/select><\/div><div id=\"wpforms-29864-field_15-container\" class=\"wpforms-field wpforms-field-select wpforms-field-select-style-classic\" data-field-id=\"15\"><label class=\"wpforms-field-label\" for=\"wpforms-29864-field_15\">Sexe de l&#039;enfant : <\/label><select id=\"wpforms-29864-field_15\" class=\"wpforms-field-medium\" name=\"wpforms[fields][15]\"><option value=\"Masculin\"  class=\"choice-1 depth-1\"  >Masculin<\/option><option value=\"F\u00e9minin\"  class=\"choice-2 depth-1\"  >F\u00e9minin<\/option><option value=\"Autre\"  class=\"choice-3 depth-1\"  >Autre<\/option><\/select><\/div><div id=\"wpforms-29864-field_9-container\" class=\"wpforms-field wpforms-field-text\" data-field-id=\"9\"><label class=\"wpforms-field-label\" for=\"wpforms-29864-field_9\">Pr\u00e9nom et nom du parent ou tuteur : <span class=\"wpforms-required-label\" aria-hidden=\"true\">*<\/span><\/label><input type=\"text\" id=\"wpforms-29864-field_9\" class=\"wpforms-field-medium wpforms-field-required\" name=\"wpforms[fields][9]\" aria-errormessage=\"wpforms-29864-field_9-error\" required><\/div>\t\t<div id=\"wpforms-29864-field_1-container\"\n\t\t\tclass=\"wpforms-field wpforms-field-text\"\n\t\t\tdata-field-type=\"text\"\n\t\t\tdata-field-id=\"1\"\n\t\t\t>\n\t\t\t<label class=\"wpforms-field-label\" for=\"wpforms-29864-field_1\" >parole d&#039;acteur, :<\/label>\n\t\t\t<input type=\"text\" id=\"wpforms-29864-field_1\" class=\"wpforms-field-medium\" name=\"wpforms[fields][1]\" >\n\t\t<\/div>\n\t\t<div id=\"wpforms-29864-field_2-container\" class=\"wpforms-field wpforms-field-email\" data-field-id=\"2\"><label class=\"wpforms-field-label\" for=\"wpforms-29864-field_2\">Adresse courriel du parent ou tuteur :  <span class=\"wpforms-required-label\" aria-hidden=\"true\">*<\/span><\/label><input type=\"email\" id=\"wpforms-29864-field_2\" class=\"wpforms-field-medium wpforms-field-required\" name=\"wpforms[fields][2]\" spellcheck=\"false\" aria-errormessage=\"wpforms-29864-field_2-error\" required><\/div><div id=\"wpforms-29864-field_22-container\" class=\"wpforms-field wpforms-field-text\" data-field-id=\"22\"><label class=\"wpforms-field-label\" for=\"wpforms-29864-field_22\">Num\u00e9ro de t\u00e9l\u00e9phone du parent ou tuteur : <span class=\"wpforms-required-label\" aria-hidden=\"true\">*<\/span><\/label><input type=\"text\" id=\"wpforms-29864-field_22\" class=\"wpforms-field-medium wpforms-field-required\" name=\"wpforms[fields][22]\" aria-errormessage=\"wpforms-29864-field_22-error\" required><\/div><div id=\"wpforms-29864-field_3-container\" class=\"wpforms-field wpforms-field-textarea\" data-field-id=\"3\"><label class=\"wpforms-field-label\" for=\"wpforms-29864-field_3\">Adresse postale :  <span class=\"wpforms-required-label\" aria-hidden=\"true\">*<\/span><\/label><textarea id=\"wpforms-29864-field_3\" class=\"wpforms-field-medium wpforms-field-required\" name=\"wpforms[fields][3]\" aria-errormessage=\"wpforms-29864-field_3-error\" required><\/textarea><\/div><div id=\"wpforms-29864-field_12-container\" class=\"wpforms-field wpforms-field-pagebreak\" data-field-id=\"12\"><div class=\"wpforms-clear wpforms-pagebreak-left\"><button class=\"wpforms-page-button wpforms-page-next wpforms-disabled\"\n\t\t\t\t\tdata-action=\"next\" data-page=\"1\" data-formid=\"29864\" aria-disabled=\"true\" aria-describedby=\"wpforms-error-noscript\">Suivant<\/button><\/div><\/div><\/div><div class=\"wpforms-page wpforms-page-2 last \" data-page=\"2\" style=\"display:none;\"><div id=\"wpforms-29864-field_17-container\" class=\"wpforms-field wpforms-field-select wpforms-field-select-style-classic\" data-field-id=\"17\"><label class=\"wpforms-field-label\" for=\"wpforms-29864-field_17\">Est-ce que l&#039;enfant parle fran\u00e7ais?<\/label><select id=\"wpforms-29864-field_17\" class=\"wpforms-field-medium\" name=\"wpforms[fields][17]\"><option value=\"Oui\"  class=\"choice-1 depth-1\"  >Oui<\/option><option value=\"Non\"  class=\"choice-2 depth-1\"  >Non<\/option><\/select><\/div><div id=\"wpforms-29864-field_18-container\" class=\"wpforms-field wpforms-field-select wpforms-field-select-style-classic\" data-field-id=\"18\"><label class=\"wpforms-field-label\" for=\"wpforms-29864-field_18\">Est-ce que l&#039;enfant parle anglais? <\/label><select id=\"wpforms-29864-field_18\" class=\"wpforms-field-medium\" name=\"wpforms[fields][18]\"><option value=\"Oui\"  class=\"choice-1 depth-1\"  >Oui<\/option><option value=\"Non\"  class=\"choice-2 depth-1\"  >Non<\/option><\/select><\/div><div id=\"wpforms-29864-field_20-container\" class=\"wpforms-field wpforms-field-textarea\" data-field-id=\"20\"><label class=\"wpforms-field-label\" for=\"wpforms-29864-field_20\">Pourquoi souhaitez-vous que votre enfant participe \u00e0 cette entrevue?<\/label><textarea id=\"wpforms-29864-field_20\" class=\"wpforms-field-medium\" name=\"wpforms[fields][20]\" aria-errormessage=\"wpforms-29864-field_20-error\" ><\/textarea><\/div><div id=\"wpforms-29864-field_19-container\" class=\"wpforms-field wpforms-field-textarea\" data-field-id=\"19\"><label class=\"wpforms-field-label\" for=\"wpforms-29864-field_19\">Listez les comp\u00e9tences ou talents que votre enfant poss\u00e8de et qui pourraient \u00eatre utiles pour le projet vid\u00e9o (par exemple, com\u00e9die, jeu d&#039;acteur, prise de parole en public, naturel, aisance devant la cam\u00e9ra, etc.)<\/label><textarea id=\"wpforms-29864-field_19\" class=\"wpforms-field-medium\" name=\"wpforms[fields][19]\" aria-errormessage=\"wpforms-29864-field_19-error\" ><\/textarea><\/div><div id=\"wpforms-29864-field_14-container\" class=\"wpforms-field wpforms-field-pagebreak\" data-field-id=\"14\"><\/div><\/div><script>\n\t\t\t\t( function() {\n\t\t\t\t\tconst style = document.createElement( 'style' );\n\t\t\t\t\tstyle.appendChild( document.createTextNode( '#wpforms-29864-field_1-container { position: absolute !important; overflow: hidden !important; display: inline !important; height: 1px !important; width: 1px !important; z-index: -1000 !important; padding: 0 !important; } #wpforms-29864-field_1-container input { visibility: hidden; } #wpforms-conversational-form-page #wpforms-29864-field_1-container label { counter-increment: none; }' ) );\n\t\t\t\t\tdocument.head.appendChild( style );\n\t\t\t\t\tdocument.currentScript?.remove();\n\t\t\t\t} )();\n\t\t\t<\/script><\/div><!-- .wpforms-field-container --><div class=\"wpforms-submit-container\" style=\"display:none;\"><input type=\"hidden\" name=\"wpforms[id]\" value=\"29864\"><input type=\"hidden\" name=\"page_title\" value=\"\"><input type=\"hidden\" name=\"page_url\" value=\"https:\/\/www.caissealliance.com\/fr\/wp-json\/wp\/v2\/pages\/29885\"><input type=\"hidden\" name=\"url_referer\" value=\"\"><button type=\"submit\" name=\"wpforms[submit]\" id=\"wpforms-submit-29864\" class=\"wpforms-submit\" data-alt-text=\"Envoi...\" data-submit-text=\"Soumettte\" aria-live=\"assertive\" value=\"wpforms-submit\">Soumettte<\/button><img decoding=\"async\" src=\"https:\/\/www.caissealliance.com\/wp-content\/plugins\/wpforms\/assets\/images\/submit-spin.svg\" class=\"wpforms-submit-spinner\" style=\"display: none;\" width=\"26\" height=\"26\" alt=\"Chargement en cours\"><\/div><\/form><\/div>  <!-- .wpforms-container -->\n","protected":false},"excerpt":{"rendered":"","protected":false},"author":13,"featured_media":0,"parent":30528,"menu_order":0,"comment_status":"closed","ping_status":"closed","template":"","meta":{"_acf_changed":false,"_monsterinsights_skip_tracking":false,"_monsterinsights_sitenote_active":false,"_monsterinsights_sitenote_note":"","_monsterinsights_sitenote_category":0,"footnotes":""},"class_list":["post-29885","page","type-page","status-publish","hentry"],"acf":[],"yoast_head":"<!-- This site is optimized with the Yoast SEO plugin v27.3 - https:\/\/yoast.com\/product\/yoast-seo-wordpress\/ -->\n<title>Formulaire de candidature pour un enfant \u00e0 une entrevue sur la litt\u00e9ratie financi\u00e8re | Caisse Alliance<\/title>\n<meta name=\"robots\" content=\"index, follow, max-snippet:-1, max-image-preview:large, max-video-preview:-1\" \/>\n<link rel=\"canonical\" href=\"https:\/\/www.caissealliance.com\/fr\/conditions-dutilisation-de-la-carte-de-debit-mastercard\/formulaire-de-candidature-pour-un-enfant-a-une-entrevue-sur-la-litteratie-financiere\/\" \/>\n<meta property=\"og:locale\" content=\"fr_FR\" \/>\n<meta property=\"og:type\" content=\"article\" \/>\n<meta property=\"og:title\" content=\"Formulaire de candidature pour un enfant \u00e0 une entrevue sur la litt\u00e9ratie financi\u00e8re | Caisse Alliance\" \/>\n<meta property=\"og:url\" content=\"https:\/\/www.caissealliance.com\/fr\/conditions-dutilisation-de-la-carte-de-debit-mastercard\/formulaire-de-candidature-pour-un-enfant-a-une-entrevue-sur-la-litteratie-financiere\/\" \/>\n<meta property=\"og:site_name\" content=\"Caisse Alliance\" \/>\n<meta property=\"article:modified_time\" content=\"2025-04-04T17:32:21+00:00\" \/>\n<meta name=\"twitter:card\" content=\"summary_large_image\" \/>\n<meta name=\"twitter:label1\" content=\"Dur\u00e9e de lecture estim\u00e9e\" \/>\n\t<meta name=\"twitter:data1\" content=\"1 minute\" \/>\n<script type=\"application\/ld+json\" class=\"yoast-schema-graph\">{\"@context\":\"https:\\\/\\\/schema.org\",\"@graph\":[{\"@type\":\"WebPage\",\"@id\":\"https:\\\/\\\/www.caissealliance.com\\\/fr\\\/conditions-dutilisation-de-la-carte-de-debit-mastercard\\\/formulaire-de-candidature-pour-un-enfant-a-une-entrevue-sur-la-litteratie-financiere\\\/\",\"url\":\"https:\\\/\\\/www.caissealliance.com\\\/fr\\\/conditions-dutilisation-de-la-carte-de-debit-mastercard\\\/formulaire-de-candidature-pour-un-enfant-a-une-entrevue-sur-la-litteratie-financiere\\\/\",\"name\":\"Formulaire de candidature pour un enfant \u00e0 une entrevue sur la litt\u00e9ratie financi\u00e8re | Caisse Alliance\",\"isPartOf\":{\"@id\":\"https:\\\/\\\/www.caissealliance.com\\\/fr\\\/#website\"},\"datePublished\":\"2024-11-14T21:08:51+00:00\",\"dateModified\":\"2025-04-04T17:32:21+00:00\",\"breadcrumb\":{\"@id\":\"https:\\\/\\\/www.caissealliance.com\\\/fr\\\/conditions-dutilisation-de-la-carte-de-debit-mastercard\\\/formulaire-de-candidature-pour-un-enfant-a-une-entrevue-sur-la-litteratie-financiere\\\/#breadcrumb\"},\"inLanguage\":\"fr-FR\",\"potentialAction\":[{\"@type\":\"ReadAction\",\"target\":[\"https:\\\/\\\/www.caissealliance.com\\\/fr\\\/conditions-dutilisation-de-la-carte-de-debit-mastercard\\\/formulaire-de-candidature-pour-un-enfant-a-une-entrevue-sur-la-litteratie-financiere\\\/\"]}]},{\"@type\":\"BreadcrumbList\",\"@id\":\"https:\\\/\\\/www.caissealliance.com\\\/fr\\\/conditions-dutilisation-de-la-carte-de-debit-mastercard\\\/formulaire-de-candidature-pour-un-enfant-a-une-entrevue-sur-la-litteratie-financiere\\\/#breadcrumb\",\"itemListElement\":[{\"@type\":\"ListItem\",\"position\":1,\"name\":\"Home\",\"item\":\"https:\\\/\\\/www.caissealliance.com\\\/fr\\\/\"},{\"@type\":\"ListItem\",\"position\":2,\"name\":\"Conditions d&#8217;utilisation de la carte de d\u00e9bit Mastercard\",\"item\":\"https:\\\/\\\/www.caissealliance.com\\\/fr\\\/conditions-dutilisation-de-la-carte-de-debit-mastercard\\\/\"},{\"@type\":\"ListItem\",\"position\":3,\"name\":\"Formulaire de candidature pour un enfant \u00e0 une entrevue sur la litt\u00e9ratie financi\u00e8re\"}]},{\"@type\":\"WebSite\",\"@id\":\"https:\\\/\\\/www.caissealliance.com\\\/fr\\\/#website\",\"url\":\"https:\\\/\\\/www.caissealliance.com\\\/fr\\\/\",\"name\":\"Caisse Alliance\",\"description\":\"Site Web de la Caisse Alliance\",\"potentialAction\":[{\"@type\":\"SearchAction\",\"target\":{\"@type\":\"EntryPoint\",\"urlTemplate\":\"https:\\\/\\\/www.caissealliance.com\\\/fr\\\/?s={search_term_string}\"},\"query-input\":{\"@type\":\"PropertyValueSpecification\",\"valueRequired\":true,\"valueName\":\"search_term_string\"}}],\"inLanguage\":\"fr-FR\"}]}<\/script>\n<!-- \/ Yoast SEO plugin. -->","yoast_head_json":{"title":"Formulaire de candidature pour un enfant \u00e0 une entrevue sur la litt\u00e9ratie financi\u00e8re | Caisse Alliance","robots":{"index":"index","follow":"follow","max-snippet":"max-snippet:-1","max-image-preview":"max-image-preview:large","max-video-preview":"max-video-preview:-1"},"canonical":"https:\/\/www.caissealliance.com\/fr\/conditions-dutilisation-de-la-carte-de-debit-mastercard\/formulaire-de-candidature-pour-un-enfant-a-une-entrevue-sur-la-litteratie-financiere\/","og_locale":"fr_FR","og_type":"article","og_title":"Formulaire de candidature pour un enfant \u00e0 une entrevue sur la litt\u00e9ratie financi\u00e8re | Caisse Alliance","og_url":"https:\/\/www.caissealliance.com\/fr\/conditions-dutilisation-de-la-carte-de-debit-mastercard\/formulaire-de-candidature-pour-un-enfant-a-une-entrevue-sur-la-litteratie-financiere\/","og_site_name":"Caisse Alliance","article_modified_time":"2025-04-04T17:32:21+00:00","twitter_card":"summary_large_image","twitter_misc":{"Dur\u00e9e de lecture estim\u00e9e":"1 minute"},"schema":{"@context":"https:\/\/schema.org","@graph":[{"@type":"WebPage","@id":"https:\/\/www.caissealliance.com\/fr\/conditions-dutilisation-de-la-carte-de-debit-mastercard\/formulaire-de-candidature-pour-un-enfant-a-une-entrevue-sur-la-litteratie-financiere\/","url":"https:\/\/www.caissealliance.com\/fr\/conditions-dutilisation-de-la-carte-de-debit-mastercard\/formulaire-de-candidature-pour-un-enfant-a-une-entrevue-sur-la-litteratie-financiere\/","name":"Formulaire de candidature pour un enfant \u00e0 une entrevue sur la litt\u00e9ratie financi\u00e8re | Caisse Alliance","isPartOf":{"@id":"https:\/\/www.caissealliance.com\/fr\/#website"},"datePublished":"2024-11-14T21:08:51+00:00","dateModified":"2025-04-04T17:32:21+00:00","breadcrumb":{"@id":"https:\/\/www.caissealliance.com\/fr\/conditions-dutilisation-de-la-carte-de-debit-mastercard\/formulaire-de-candidature-pour-un-enfant-a-une-entrevue-sur-la-litteratie-financiere\/#breadcrumb"},"inLanguage":"fr-FR","potentialAction":[{"@type":"ReadAction","target":["https:\/\/www.caissealliance.com\/fr\/conditions-dutilisation-de-la-carte-de-debit-mastercard\/formulaire-de-candidature-pour-un-enfant-a-une-entrevue-sur-la-litteratie-financiere\/"]}]},{"@type":"BreadcrumbList","@id":"https:\/\/www.caissealliance.com\/fr\/conditions-dutilisation-de-la-carte-de-debit-mastercard\/formulaire-de-candidature-pour-un-enfant-a-une-entrevue-sur-la-litteratie-financiere\/#breadcrumb","itemListElement":[{"@type":"ListItem","position":1,"name":"Home","item":"https:\/\/www.caissealliance.com\/fr\/"},{"@type":"ListItem","position":2,"name":"Conditions d&#8217;utilisation de la carte de d\u00e9bit Mastercard","item":"https:\/\/www.caissealliance.com\/fr\/conditions-dutilisation-de-la-carte-de-debit-mastercard\/"},{"@type":"ListItem","position":3,"name":"Formulaire de candidature pour un enfant \u00e0 une entrevue sur la litt\u00e9ratie financi\u00e8re"}]},{"@type":"WebSite","@id":"https:\/\/www.caissealliance.com\/fr\/#website","url":"https:\/\/www.caissealliance.com\/fr\/","name":"Caisse Alliance","description":"Site Web de la Caisse Alliance","potentialAction":[{"@type":"SearchAction","target":{"@type":"EntryPoint","urlTemplate":"https:\/\/www.caissealliance.com\/fr\/?s={search_term_string}"},"query-input":{"@type":"PropertyValueSpecification","valueRequired":true,"valueName":"search_term_string"}}],"inLanguage":"fr-FR"}]}},"publishpress_future_action":{"enabled":false,"date":"2026-04-23 10:42:51","action":"change-status","newStatus":"draft","terms":[],"taxonomy":"section","extraData":[]},"publishpress_future_workflow_manual_trigger":{"enabledWorkflows":[]},"_links":{"self":[{"href":"https:\/\/www.caissealliance.com\/fr\/wp-json\/wp\/v2\/pages\/29885","targetHints":{"allow":["GET"]}}],"collection":[{"href":"https:\/\/www.caissealliance.com\/fr\/wp-json\/wp\/v2\/pages"}],"about":[{"href":"https:\/\/www.caissealliance.com\/fr\/wp-json\/wp\/v2\/types\/page"}],"author":[{"embeddable":true,"href":"https:\/\/www.caissealliance.com\/fr\/wp-json\/wp\/v2\/users\/13"}],"replies":[{"embeddable":true,"href":"https:\/\/www.caissealliance.com\/fr\/wp-json\/wp\/v2\/comments?post=29885"}],"version-history":[{"count":1,"href":"https:\/\/www.caissealliance.com\/fr\/wp-json\/wp\/v2\/pages\/29885\/revisions"}],"predecessor-version":[{"id":29886,"href":"https:\/\/www.caissealliance.com\/fr\/wp-json\/wp\/v2\/pages\/29885\/revisions\/29886"}],"up":[{"embeddable":true,"href":"https:\/\/www.caissealliance.com\/fr\/wp-json\/wp\/v2\/pages\/30528"}],"wp:attachment":[{"href":"https:\/\/www.caissealliance.com\/fr\/wp-json\/wp\/v2\/media?parent=29885"}],"curies":[{"name":"wp","href":"https:\/\/api.w.org\/{rel}","templated":true}]}}