{"id":27303,"date":"2024-05-16T15:23:26","date_gmt":"2024-05-16T19:23:26","guid":{"rendered":"https:\/\/www.caissealliance.com\/?page_id=27303"},"modified":"2025-12-19T08:38:27","modified_gmt":"2025-12-19T13:38:27","slug":"vie-viser-lindependance-economique","status":"publish","type":"page","link":"https:\/\/www.caissealliance.com\/fr\/vie-viser-lindependance-economique\/","title":{"rendered":"VIE &#8211; Viser l&#8217;ind\u00e9pendance \u00e9conomique"},"content":{"rendered":"<h1 style=\"text-align: center;\"><strong>Tu d\u00e9sires reprendre le contr\u00f4le de tes finances?<\/strong><\/h1>\n<p style=\"text-align: center;\">Une offre financi\u00e8re compl\u00e8te con\u00e7ue pour reprendre ta vie en main t&#8217;es offerte.<\/p>\n<p style=\"text-align: center;\">Nous sommes l\u00e0 pour t&#8217;accompagner.<\/p>\n<p style=\"text-align: center;\"><a href=\"https:\/\/www.caissealliance.com\/wp-content\/uploads\/CA-Depliant-VIE-2024-final.pdf\" target=\"_blank\" rel=\"noopener\">Clique ici<\/a> pour obtenir plus de d\u00e9tails.<\/p>\n<p style=\"text-align: center;\"><img fetchpriority=\"high\" decoding=\"async\" class=\"alignnone wp-image-27306\" src=\"https:\/\/www.caissealliance.com\/wp-content\/uploads\/Vie-128x300.jpg\" alt=\"\" width=\"228\" height=\"534\" srcset=\"https:\/\/www.caissealliance.com\/wp-content\/uploads\/Vie-128x300.jpg 128w, https:\/\/www.caissealliance.com\/wp-content\/uploads\/Vie-107x250.jpg 107w, https:\/\/www.caissealliance.com\/wp-content\/uploads\/Vie.jpg 392w\" sizes=\"(max-width: 228px) 100vw, 228px\" \/><\/p>\n","protected":false},"excerpt":{"rendered":"<p>Une offre financi\u00e8re compl\u00e8te con\u00e7ue pour reprendre ta vie en main t&#8217;es offerte. Nous sommes l\u00e0 pour t&#8217;accompagner. Clique ici pour obtenir plus de d\u00e9tails.<\/p>\n","protected":false},"author":1,"featured_media":0,"parent":0,"menu_order":78,"comment_status":"closed","ping_status":"closed","template":"","meta":{"_acf_changed":false,"_monsterinsights_skip_tracking":false,"_monsterinsights_sitenote_active":false,"_monsterinsights_sitenote_note":"","_monsterinsights_sitenote_category":0,"footnotes":""},"class_list":["post-27303","page","type-page","status-publish","hentry"],"acf":[],"yoast_head":"<!-- This site is optimized with the Yoast SEO plugin v27.3 - https:\/\/yoast.com\/product\/yoast-seo-wordpress\/ -->\n<title>VIE - Viser l&#039;ind\u00e9pendance \u00e9conomique | Caisse Alliance<\/title>\n<meta name=\"robots\" content=\"index, follow, max-snippet:-1, max-image-preview:large, max-video-preview:-1\" \/>\n<link rel=\"canonical\" href=\"https:\/\/www.caissealliance.com\/fr\/vie-viser-lindependance-economique\/\" \/>\n<meta property=\"og:locale\" content=\"fr_FR\" \/>\n<meta property=\"og:type\" content=\"article\" \/>\n<meta property=\"og:title\" content=\"VIE - Viser l&#039;ind\u00e9pendance \u00e9conomique | Caisse Alliance\" \/>\n<meta property=\"og:description\" content=\"Une offre financi\u00e8re compl\u00e8te con\u00e7ue pour reprendre ta vie en main t&#8217;es offerte. Nous sommes l\u00e0 pour t&#8217;accompagner. Clique ici pour obtenir plus de d\u00e9tails.\" \/>\n<meta property=\"og:url\" content=\"https:\/\/www.caissealliance.com\/fr\/vie-viser-lindependance-economique\/\" \/>\n<meta property=\"og:site_name\" content=\"Caisse Alliance\" \/>\n<meta property=\"article:modified_time\" content=\"2025-12-19T13:38:27+00:00\" \/>\n<meta property=\"og:image\" content=\"https:\/\/www.caissealliance.com\/wp-content\/uploads\/Vie.jpg\" \/>\n\t<meta property=\"og:image:width\" content=\"392\" \/>\n\t<meta property=\"og:image:height\" content=\"918\" \/>\n\t<meta property=\"og:image:type\" content=\"image\/jpeg\" \/>\n<meta name=\"twitter:card\" content=\"summary_large_image\" \/>\n<meta name=\"twitter:label1\" content=\"Dur\u00e9e de lecture estim\u00e9e\" \/>\n\t<meta name=\"twitter:data1\" content=\"1 minute\" \/>\n<script type=\"application\/ld+json\" class=\"yoast-schema-graph\">{\"@context\":\"https:\\\/\\\/schema.org\",\"@graph\":[{\"@type\":\"WebPage\",\"@id\":\"https:\\\/\\\/www.caissealliance.com\\\/fr\\\/vie-viser-lindependance-economique\\\/\",\"url\":\"https:\\\/\\\/www.caissealliance.com\\\/fr\\\/vie-viser-lindependance-economique\\\/\",\"name\":\"VIE - Viser l'ind\u00e9pendance \u00e9conomique | Caisse Alliance\",\"isPartOf\":{\"@id\":\"https:\\\/\\\/www.caissealliance.com\\\/fr\\\/#website\"},\"primaryImageOfPage\":{\"@id\":\"https:\\\/\\\/www.caissealliance.com\\\/fr\\\/vie-viser-lindependance-economique\\\/#primaryimage\"},\"image\":{\"@id\":\"https:\\\/\\\/www.caissealliance.com\\\/fr\\\/vie-viser-lindependance-economique\\\/#primaryimage\"},\"thumbnailUrl\":\"https:\\\/\\\/www.caissealliance.com\\\/wp-content\\\/uploads\\\/Vie-128x300.jpg\",\"datePublished\":\"2024-05-16T19:23:26+00:00\",\"dateModified\":\"2025-12-19T13:38:27+00:00\",\"breadcrumb\":{\"@id\":\"https:\\\/\\\/www.caissealliance.com\\\/fr\\\/vie-viser-lindependance-economique\\\/#breadcrumb\"},\"inLanguage\":\"fr-FR\",\"potentialAction\":[{\"@type\":\"ReadAction\",\"target\":[\"https:\\\/\\\/www.caissealliance.com\\\/fr\\\/vie-viser-lindependance-economique\\\/\"]}]},{\"@type\":\"ImageObject\",\"inLanguage\":\"fr-FR\",\"@id\":\"https:\\\/\\\/www.caissealliance.com\\\/fr\\\/vie-viser-lindependance-economique\\\/#primaryimage\",\"url\":\"https:\\\/\\\/www.caissealliance.com\\\/wp-content\\\/uploads\\\/Vie-128x300.jpg\",\"contentUrl\":\"https:\\\/\\\/www.caissealliance.com\\\/wp-content\\\/uploads\\\/Vie-128x300.jpg\"},{\"@type\":\"BreadcrumbList\",\"@id\":\"https:\\\/\\\/www.caissealliance.com\\\/fr\\\/vie-viser-lindependance-economique\\\/#breadcrumb\",\"itemListElement\":[{\"@type\":\"ListItem\",\"position\":1,\"name\":\"Home\",\"item\":\"https:\\\/\\\/www.caissealliance.com\\\/fr\\\/\"},{\"@type\":\"ListItem\",\"position\":2,\"name\":\"VIE &#8211; Viser l&#8217;ind\u00e9pendance \u00e9conomique\"}]},{\"@type\":\"WebSite\",\"@id\":\"https:\\\/\\\/www.caissealliance.com\\\/fr\\\/#website\",\"url\":\"https:\\\/\\\/www.caissealliance.com\\\/fr\\\/\",\"name\":\"Caisse Alliance\",\"description\":\"Site Web de la Caisse Alliance\",\"potentialAction\":[{\"@type\":\"SearchAction\",\"target\":{\"@type\":\"EntryPoint\",\"urlTemplate\":\"https:\\\/\\\/www.caissealliance.com\\\/fr\\\/?s={search_term_string}\"},\"query-input\":{\"@type\":\"PropertyValueSpecification\",\"valueRequired\":true,\"valueName\":\"search_term_string\"}}],\"inLanguage\":\"fr-FR\"}]}<\/script>\n<!-- \/ Yoast SEO plugin. -->","yoast_head_json":{"title":"VIE - Viser l'ind\u00e9pendance \u00e9conomique | Caisse Alliance","robots":{"index":"index","follow":"follow","max-snippet":"max-snippet:-1","max-image-preview":"max-image-preview:large","max-video-preview":"max-video-preview:-1"},"canonical":"https:\/\/www.caissealliance.com\/fr\/vie-viser-lindependance-economique\/","og_locale":"fr_FR","og_type":"article","og_title":"VIE - Viser l'ind\u00e9pendance \u00e9conomique | Caisse Alliance","og_description":"Une offre financi\u00e8re compl\u00e8te con\u00e7ue pour reprendre ta vie en main t&#8217;es offerte. Nous sommes l\u00e0 pour t&#8217;accompagner. Clique ici pour obtenir plus de d\u00e9tails.","og_url":"https:\/\/www.caissealliance.com\/fr\/vie-viser-lindependance-economique\/","og_site_name":"Caisse Alliance","article_modified_time":"2025-12-19T13:38:27+00:00","og_image":[{"width":392,"height":918,"url":"https:\/\/www.caissealliance.com\/wp-content\/uploads\/Vie.jpg","type":"image\/jpeg"}],"twitter_card":"summary_large_image","twitter_misc":{"Dur\u00e9e de lecture estim\u00e9e":"1 minute"},"schema":{"@context":"https:\/\/schema.org","@graph":[{"@type":"WebPage","@id":"https:\/\/www.caissealliance.com\/fr\/vie-viser-lindependance-economique\/","url":"https:\/\/www.caissealliance.com\/fr\/vie-viser-lindependance-economique\/","name":"VIE - Viser l'ind\u00e9pendance \u00e9conomique | Caisse Alliance","isPartOf":{"@id":"https:\/\/www.caissealliance.com\/fr\/#website"},"primaryImageOfPage":{"@id":"https:\/\/www.caissealliance.com\/fr\/vie-viser-lindependance-economique\/#primaryimage"},"image":{"@id":"https:\/\/www.caissealliance.com\/fr\/vie-viser-lindependance-economique\/#primaryimage"},"thumbnailUrl":"https:\/\/www.caissealliance.com\/wp-content\/uploads\/Vie-128x300.jpg","datePublished":"2024-05-16T19:23:26+00:00","dateModified":"2025-12-19T13:38:27+00:00","breadcrumb":{"@id":"https:\/\/www.caissealliance.com\/fr\/vie-viser-lindependance-economique\/#breadcrumb"},"inLanguage":"fr-FR","potentialAction":[{"@type":"ReadAction","target":["https:\/\/www.caissealliance.com\/fr\/vie-viser-lindependance-economique\/"]}]},{"@type":"ImageObject","inLanguage":"fr-FR","@id":"https:\/\/www.caissealliance.com\/fr\/vie-viser-lindependance-economique\/#primaryimage","url":"https:\/\/www.caissealliance.com\/wp-content\/uploads\/Vie-128x300.jpg","contentUrl":"https:\/\/www.caissealliance.com\/wp-content\/uploads\/Vie-128x300.jpg"},{"@type":"BreadcrumbList","@id":"https:\/\/www.caissealliance.com\/fr\/vie-viser-lindependance-economique\/#breadcrumb","itemListElement":[{"@type":"ListItem","position":1,"name":"Home","item":"https:\/\/www.caissealliance.com\/fr\/"},{"@type":"ListItem","position":2,"name":"VIE &#8211; Viser l&#8217;ind\u00e9pendance \u00e9conomique"}]},{"@type":"WebSite","@id":"https:\/\/www.caissealliance.com\/fr\/#website","url":"https:\/\/www.caissealliance.com\/fr\/","name":"Caisse Alliance","description":"Site Web de la Caisse Alliance","potentialAction":[{"@type":"SearchAction","target":{"@type":"EntryPoint","urlTemplate":"https:\/\/www.caissealliance.com\/fr\/?s={search_term_string}"},"query-input":{"@type":"PropertyValueSpecification","valueRequired":true,"valueName":"search_term_string"}}],"inLanguage":"fr-FR"}]}},"publishpress_future_action":{"enabled":false,"date":"2026-04-26 00:56:07","action":"change-status","newStatus":"draft","terms":[],"taxonomy":"section","extraData":[]},"publishpress_future_workflow_manual_trigger":{"enabledWorkflows":[]},"_links":{"self":[{"href":"https:\/\/www.caissealliance.com\/fr\/wp-json\/wp\/v2\/pages\/27303","targetHints":{"allow":["GET"]}}],"collection":[{"href":"https:\/\/www.caissealliance.com\/fr\/wp-json\/wp\/v2\/pages"}],"about":[{"href":"https:\/\/www.caissealliance.com\/fr\/wp-json\/wp\/v2\/types\/page"}],"author":[{"embeddable":true,"href":"https:\/\/www.caissealliance.com\/fr\/wp-json\/wp\/v2\/users\/1"}],"replies":[{"embeddable":true,"href":"https:\/\/www.caissealliance.com\/fr\/wp-json\/wp\/v2\/comments?post=27303"}],"version-history":[{"count":5,"href":"https:\/\/www.caissealliance.com\/fr\/wp-json\/wp\/v2\/pages\/27303\/revisions"}],"predecessor-version":[{"id":27322,"href":"https:\/\/www.caissealliance.com\/fr\/wp-json\/wp\/v2\/pages\/27303\/revisions\/27322"}],"wp:attachment":[{"href":"https:\/\/www.caissealliance.com\/fr\/wp-json\/wp\/v2\/media?parent=27303"}],"curies":[{"name":"wp","href":"https:\/\/api.w.org\/{rel}","templated":true}]}}