{"id":2707,"date":"2019-04-17T10:43:27","date_gmt":"2019-04-17T14:43:27","guid":{"rendered":"http:\/\/caissealliance.absoludev.ca\/?page_id=2707"},"modified":"2019-05-27T23:59:26","modified_gmt":"2019-05-28T03:59:26","slug":"me-lancer-en-affaires","status":"publish","type":"page","link":"https:\/\/www.caissealliance.com\/fr\/moments-de-vie\/demande-de-pret\/me-lancer-en-affaires\/","title":{"rendered":"Me lancer en affaires"},"content":{"rendered":"<p><span class=\"\" data-offset-key=\"0-0-0\">Nous savons \u00e0 quel point ce projet vous tient \u00e0 coeur.<\/span> <span class=\"\" data-offset-key=\"0-0-2\">Votre Caisse a des outils et des conseils expr\u00e8s pour le r\u00e9aliser.<\/span><\/p>\n<p><b class=\"\"><span class=\"\" data-offset-key=\"0-0-5\">Obtenir le meilleur pr\u00eat pour financer <\/span><span class=\"\" data-offset-key=\"0-0-6\">ses<\/span><span class=\"\" data-offset-key=\"0-0-7\"> projets, c\u2019est capital!<\/span><\/b><\/p>\n","protected":false},"excerpt":{"rendered":"<p>Nous savons \u00e0 quel point ce projet vous tient \u00e0 coeur. Votre Caisse a des outils et des conseils expr\u00e8s pour le r\u00e9aliser. Obtenir le meilleur pr\u00eat pour financer ses projets, c\u2019est capital!<\/p>\n","protected":false},"author":1,"featured_media":2056,"parent":451,"menu_order":0,"comment_status":"closed","ping_status":"closed","template":"page-accueil-moment-vie-pret.php","meta":{"_acf_changed":false,"_monsterinsights_skip_tracking":false,"_monsterinsights_sitenote_active":false,"_monsterinsights_sitenote_note":"","_monsterinsights_sitenote_category":0,"footnotes":""},"class_list":["post-2707","page","type-page","status-publish","has-post-thumbnail","hentry","section-projets"],"acf":[],"yoast_head":"<!-- This site is optimized with the Yoast SEO plugin v27.3 - https:\/\/yoast.com\/product\/yoast-seo-wordpress\/ -->\n<title>Me lancer en affaires | Caisse Alliance<\/title>\n<meta name=\"robots\" content=\"index, follow, max-snippet:-1, max-image-preview:large, max-video-preview:-1\" \/>\n<link rel=\"canonical\" href=\"https:\/\/www.caissealliance.com\/fr\/moments-de-vie\/demande-de-pret\/me-lancer-en-affaires\/\" \/>\n<meta property=\"og:locale\" content=\"fr_FR\" \/>\n<meta property=\"og:type\" content=\"article\" \/>\n<meta property=\"og:title\" content=\"Me lancer en affaires | Caisse Alliance\" \/>\n<meta property=\"og:description\" content=\"Nous savons \u00e0 quel point ce projet vous tient \u00e0 coeur. Votre Caisse a des outils et des conseils expr\u00e8s pour le r\u00e9aliser. Obtenir le meilleur pr\u00eat pour financer ses projets, c\u2019est capital!\" \/>\n<meta property=\"og:url\" content=\"https:\/\/www.caissealliance.com\/fr\/moments-de-vie\/demande-de-pret\/me-lancer-en-affaires\/\" \/>\n<meta property=\"og:site_name\" content=\"Caisse Alliance\" \/>\n<meta property=\"article:modified_time\" content=\"2019-05-28T03:59:26+00:00\" \/>\n<meta property=\"og:image\" content=\"https:\/\/www.caissealliance.com\/wp-content\/uploads\/demarrer_moment_principale.jpg\" \/>\n\t<meta property=\"og:image:width\" content=\"3200\" \/>\n\t<meta property=\"og:image:height\" content=\"1684\" \/>\n\t<meta property=\"og:image:type\" content=\"image\/jpeg\" \/>\n<meta name=\"twitter:card\" content=\"summary_large_image\" \/>\n<script type=\"application\/ld+json\" class=\"yoast-schema-graph\">{\"@context\":\"https:\\\/\\\/schema.org\",\"@graph\":[{\"@type\":\"WebPage\",\"@id\":\"https:\\\/\\\/www.caissealliance.com\\\/fr\\\/moments-de-vie\\\/demande-de-pret\\\/me-lancer-en-affaires\\\/\",\"url\":\"https:\\\/\\\/www.caissealliance.com\\\/fr\\\/moments-de-vie\\\/demande-de-pret\\\/me-lancer-en-affaires\\\/\",\"name\":\"Me lancer en affaires | Caisse Alliance\",\"isPartOf\":{\"@id\":\"https:\\\/\\\/www.caissealliance.com\\\/fr\\\/#website\"},\"primaryImageOfPage\":{\"@id\":\"https:\\\/\\\/www.caissealliance.com\\\/fr\\\/moments-de-vie\\\/demande-de-pret\\\/me-lancer-en-affaires\\\/#primaryimage\"},\"image\":{\"@id\":\"https:\\\/\\\/www.caissealliance.com\\\/fr\\\/moments-de-vie\\\/demande-de-pret\\\/me-lancer-en-affaires\\\/#primaryimage\"},\"thumbnailUrl\":\"https:\\\/\\\/www.caissealliance.com\\\/wp-content\\\/uploads\\\/demarrer_moment_principale.jpg\",\"datePublished\":\"2019-04-17T14:43:27+00:00\",\"dateModified\":\"2019-05-28T03:59:26+00:00\",\"breadcrumb\":{\"@id\":\"https:\\\/\\\/www.caissealliance.com\\\/fr\\\/moments-de-vie\\\/demande-de-pret\\\/me-lancer-en-affaires\\\/#breadcrumb\"},\"inLanguage\":\"fr-FR\",\"potentialAction\":[{\"@type\":\"ReadAction\",\"target\":[\"https:\\\/\\\/www.caissealliance.com\\\/fr\\\/moments-de-vie\\\/demande-de-pret\\\/me-lancer-en-affaires\\\/\"]}]},{\"@type\":\"ImageObject\",\"inLanguage\":\"fr-FR\",\"@id\":\"https:\\\/\\\/www.caissealliance.com\\\/fr\\\/moments-de-vie\\\/demande-de-pret\\\/me-lancer-en-affaires\\\/#primaryimage\",\"url\":\"https:\\\/\\\/www.caissealliance.com\\\/wp-content\\\/uploads\\\/demarrer_moment_principale.jpg\",\"contentUrl\":\"https:\\\/\\\/www.caissealliance.com\\\/wp-content\\\/uploads\\\/demarrer_moment_principale.jpg\",\"width\":3200,\"height\":1684},{\"@type\":\"BreadcrumbList\",\"@id\":\"https:\\\/\\\/www.caissealliance.com\\\/fr\\\/moments-de-vie\\\/demande-de-pret\\\/me-lancer-en-affaires\\\/#breadcrumb\",\"itemListElement\":[{\"@type\":\"ListItem\",\"position\":1,\"name\":\"Home\",\"item\":\"https:\\\/\\\/www.caissealliance.com\\\/fr\\\/\"},{\"@type\":\"ListItem\",\"position\":2,\"name\":\"Moments de vie\",\"item\":\"https:\\\/\\\/www.caissealliance.com\\\/fr\\\/life-event\\\/\"},{\"@type\":\"ListItem\",\"position\":3,\"name\":\"Avoir des projets stimulants, c\u2019est le bonheur!\",\"item\":\"https:\\\/\\\/www.caissealliance.com\\\/fr\\\/moments-de-vie\\\/demande-de-pret\\\/\"},{\"@type\":\"ListItem\",\"position\":4,\"name\":\"Me lancer en affaires\"}]},{\"@type\":\"WebSite\",\"@id\":\"https:\\\/\\\/www.caissealliance.com\\\/fr\\\/#website\",\"url\":\"https:\\\/\\\/www.caissealliance.com\\\/fr\\\/\",\"name\":\"Caisse Alliance\",\"description\":\"Site Web de la Caisse Alliance\",\"potentialAction\":[{\"@type\":\"SearchAction\",\"target\":{\"@type\":\"EntryPoint\",\"urlTemplate\":\"https:\\\/\\\/www.caissealliance.com\\\/fr\\\/?s={search_term_string}\"},\"query-input\":{\"@type\":\"PropertyValueSpecification\",\"valueRequired\":true,\"valueName\":\"search_term_string\"}}],\"inLanguage\":\"fr-FR\"}]}<\/script>\n<!-- \/ Yoast SEO plugin. -->","yoast_head_json":{"title":"Me lancer en affaires | Caisse Alliance","robots":{"index":"index","follow":"follow","max-snippet":"max-snippet:-1","max-image-preview":"max-image-preview:large","max-video-preview":"max-video-preview:-1"},"canonical":"https:\/\/www.caissealliance.com\/fr\/moments-de-vie\/demande-de-pret\/me-lancer-en-affaires\/","og_locale":"fr_FR","og_type":"article","og_title":"Me lancer en affaires | Caisse Alliance","og_description":"Nous savons \u00e0 quel point ce projet vous tient \u00e0 coeur. Votre Caisse a des outils et des conseils expr\u00e8s pour le r\u00e9aliser. Obtenir le meilleur pr\u00eat pour financer ses projets, c\u2019est capital!","og_url":"https:\/\/www.caissealliance.com\/fr\/moments-de-vie\/demande-de-pret\/me-lancer-en-affaires\/","og_site_name":"Caisse Alliance","article_modified_time":"2019-05-28T03:59:26+00:00","og_image":[{"width":3200,"height":1684,"url":"https:\/\/www.caissealliance.com\/wp-content\/uploads\/demarrer_moment_principale.jpg","type":"image\/jpeg"}],"twitter_card":"summary_large_image","schema":{"@context":"https:\/\/schema.org","@graph":[{"@type":"WebPage","@id":"https:\/\/www.caissealliance.com\/fr\/moments-de-vie\/demande-de-pret\/me-lancer-en-affaires\/","url":"https:\/\/www.caissealliance.com\/fr\/moments-de-vie\/demande-de-pret\/me-lancer-en-affaires\/","name":"Me lancer en affaires | Caisse Alliance","isPartOf":{"@id":"https:\/\/www.caissealliance.com\/fr\/#website"},"primaryImageOfPage":{"@id":"https:\/\/www.caissealliance.com\/fr\/moments-de-vie\/demande-de-pret\/me-lancer-en-affaires\/#primaryimage"},"image":{"@id":"https:\/\/www.caissealliance.com\/fr\/moments-de-vie\/demande-de-pret\/me-lancer-en-affaires\/#primaryimage"},"thumbnailUrl":"https:\/\/www.caissealliance.com\/wp-content\/uploads\/demarrer_moment_principale.jpg","datePublished":"2019-04-17T14:43:27+00:00","dateModified":"2019-05-28T03:59:26+00:00","breadcrumb":{"@id":"https:\/\/www.caissealliance.com\/fr\/moments-de-vie\/demande-de-pret\/me-lancer-en-affaires\/#breadcrumb"},"inLanguage":"fr-FR","potentialAction":[{"@type":"ReadAction","target":["https:\/\/www.caissealliance.com\/fr\/moments-de-vie\/demande-de-pret\/me-lancer-en-affaires\/"]}]},{"@type":"ImageObject","inLanguage":"fr-FR","@id":"https:\/\/www.caissealliance.com\/fr\/moments-de-vie\/demande-de-pret\/me-lancer-en-affaires\/#primaryimage","url":"https:\/\/www.caissealliance.com\/wp-content\/uploads\/demarrer_moment_principale.jpg","contentUrl":"https:\/\/www.caissealliance.com\/wp-content\/uploads\/demarrer_moment_principale.jpg","width":3200,"height":1684},{"@type":"BreadcrumbList","@id":"https:\/\/www.caissealliance.com\/fr\/moments-de-vie\/demande-de-pret\/me-lancer-en-affaires\/#breadcrumb","itemListElement":[{"@type":"ListItem","position":1,"name":"Home","item":"https:\/\/www.caissealliance.com\/fr\/"},{"@type":"ListItem","position":2,"name":"Moments de vie","item":"https:\/\/www.caissealliance.com\/fr\/life-event\/"},{"@type":"ListItem","position":3,"name":"Avoir des projets stimulants, c\u2019est le bonheur!","item":"https:\/\/www.caissealliance.com\/fr\/moments-de-vie\/demande-de-pret\/"},{"@type":"ListItem","position":4,"name":"Me lancer en affaires"}]},{"@type":"WebSite","@id":"https:\/\/www.caissealliance.com\/fr\/#website","url":"https:\/\/www.caissealliance.com\/fr\/","name":"Caisse Alliance","description":"Site Web de la Caisse Alliance","potentialAction":[{"@type":"SearchAction","target":{"@type":"EntryPoint","urlTemplate":"https:\/\/www.caissealliance.com\/fr\/?s={search_term_string}"},"query-input":{"@type":"PropertyValueSpecification","valueRequired":true,"valueName":"search_term_string"}}],"inLanguage":"fr-FR"}]}},"publishpress_future_action":{"enabled":false,"date":"2026-04-26 01:10:24","action":"change-status","newStatus":"draft","terms":[],"taxonomy":"section","extraData":[]},"publishpress_future_workflow_manual_trigger":{"enabledWorkflows":[]},"_links":{"self":[{"href":"https:\/\/www.caissealliance.com\/fr\/wp-json\/wp\/v2\/pages\/2707","targetHints":{"allow":["GET"]}}],"collection":[{"href":"https:\/\/www.caissealliance.com\/fr\/wp-json\/wp\/v2\/pages"}],"about":[{"href":"https:\/\/www.caissealliance.com\/fr\/wp-json\/wp\/v2\/types\/page"}],"author":[{"embeddable":true,"href":"https:\/\/www.caissealliance.com\/fr\/wp-json\/wp\/v2\/users\/1"}],"replies":[{"embeddable":true,"href":"https:\/\/www.caissealliance.com\/fr\/wp-json\/wp\/v2\/comments?post=2707"}],"version-history":[{"count":8,"href":"https:\/\/www.caissealliance.com\/fr\/wp-json\/wp\/v2\/pages\/2707\/revisions"}],"predecessor-version":[{"id":6867,"href":"https:\/\/www.caissealliance.com\/fr\/wp-json\/wp\/v2\/pages\/2707\/revisions\/6867"}],"up":[{"embeddable":true,"href":"https:\/\/www.caissealliance.com\/fr\/wp-json\/wp\/v2\/pages\/451"}],"wp:featuredmedia":[{"embeddable":true,"href":"https:\/\/www.caissealliance.com\/fr\/wp-json\/wp\/v2\/media\/2056"}],"wp:attachment":[{"href":"https:\/\/www.caissealliance.com\/fr\/wp-json\/wp\/v2\/media?parent=2707"}],"curies":[{"name":"wp","href":"https:\/\/api.w.org\/{rel}","templated":true}]}}