{"id":2692,"date":"2019-04-17T10:32:12","date_gmt":"2019-04-17T14:32:12","guid":{"rendered":"http:\/\/caissealliance.absoludev.ca\/?page_id=2692"},"modified":"2019-05-28T00:13:32","modified_gmt":"2019-05-28T04:13:32","slug":"investir-dans-mes-reer-ou-mes-placements","status":"publish","type":"page","link":"https:\/\/www.caissealliance.com\/fr\/moments-de-vie\/demande-de-pret\/investir-dans-mes-reer-ou-mes-placements\/","title":{"rendered":"Investir dans mes REER ou mes placements"},"content":{"rendered":"<p><span class=\"\" data-offset-key=\"0-0-0\">Nous savons \u00e0 quel point ce projet vous tient \u00e0 coeur.<\/span> <span class=\"\" data-offset-key=\"0-0-2\">Votre Caisse a des outils et des conseils expr\u00e8s pour le r\u00e9aliser.<\/span><\/p>\n<p><b class=\"\"><span class=\"\" data-offset-key=\"0-0-5\">Obtenir le meilleur pr\u00eat pour financer <\/span><span class=\"\" data-offset-key=\"0-0-6\">ses<\/span><span class=\"\" data-offset-key=\"0-0-7\"> projets, c\u2019est capital!<\/span><\/b><\/p>\n","protected":false},"excerpt":{"rendered":"<p>Nous savons \u00e0 quel point ce projet vous tient \u00e0 coeur. Votre Caisse a des outils et des conseils expr\u00e8s pour le r\u00e9aliser. Obtenir le meilleur pr\u00eat pour financer ses projets, c\u2019est capital!<\/p>\n","protected":false},"author":1,"featured_media":3548,"parent":451,"menu_order":0,"comment_status":"closed","ping_status":"closed","template":"page-accueil-moment-vie-pret.php","meta":{"_acf_changed":false,"_monsterinsights_skip_tracking":false,"_monsterinsights_sitenote_active":false,"_monsterinsights_sitenote_note":"","_monsterinsights_sitenote_category":0,"footnotes":""},"class_list":["post-2692","page","type-page","status-publish","has-post-thumbnail","hentry","section-projets"],"acf":[],"yoast_head":"<!-- This site is optimized with the Yoast SEO plugin v27.3 - https:\/\/yoast.com\/product\/yoast-seo-wordpress\/ -->\n<title>Investir dans mes REER ou mes placements | Caisse Alliance<\/title>\n<meta name=\"robots\" content=\"index, follow, max-snippet:-1, max-image-preview:large, max-video-preview:-1\" \/>\n<link rel=\"canonical\" href=\"https:\/\/www.caissealliance.com\/fr\/moments-de-vie\/demande-de-pret\/investir-dans-mes-reer-ou-mes-placements\/\" \/>\n<meta property=\"og:locale\" content=\"fr_FR\" \/>\n<meta property=\"og:type\" content=\"article\" \/>\n<meta property=\"og:title\" content=\"Investir dans mes REER ou mes placements | Caisse Alliance\" \/>\n<meta property=\"og:description\" content=\"Nous savons \u00e0 quel point ce projet vous tient \u00e0 coeur. Votre Caisse a des outils et des conseils expr\u00e8s pour le r\u00e9aliser. Obtenir le meilleur pr\u00eat pour financer ses projets, c\u2019est capital!\" \/>\n<meta property=\"og:url\" content=\"https:\/\/www.caissealliance.com\/fr\/moments-de-vie\/demande-de-pret\/investir-dans-mes-reer-ou-mes-placements\/\" \/>\n<meta property=\"og:site_name\" content=\"Caisse Alliance\" \/>\n<meta property=\"article:modified_time\" content=\"2019-05-28T04:13:32+00:00\" \/>\n<meta property=\"og:image\" content=\"https:\/\/www.caissealliance.com\/wp-content\/uploads\/projet_planifier-ma-retraite.jpg\" \/>\n\t<meta property=\"og:image:width\" content=\"775\" \/>\n\t<meta property=\"og:image:height\" content=\"517\" \/>\n\t<meta property=\"og:image:type\" content=\"image\/jpeg\" \/>\n<meta name=\"twitter:card\" content=\"summary_large_image\" \/>\n<script type=\"application\/ld+json\" class=\"yoast-schema-graph\">{\"@context\":\"https:\\\/\\\/schema.org\",\"@graph\":[{\"@type\":\"WebPage\",\"@id\":\"https:\\\/\\\/www.caissealliance.com\\\/fr\\\/moments-de-vie\\\/demande-de-pret\\\/investir-dans-mes-reer-ou-mes-placements\\\/\",\"url\":\"https:\\\/\\\/www.caissealliance.com\\\/fr\\\/moments-de-vie\\\/demande-de-pret\\\/investir-dans-mes-reer-ou-mes-placements\\\/\",\"name\":\"Investir dans mes REER ou mes placements | Caisse Alliance\",\"isPartOf\":{\"@id\":\"https:\\\/\\\/www.caissealliance.com\\\/fr\\\/#website\"},\"primaryImageOfPage\":{\"@id\":\"https:\\\/\\\/www.caissealliance.com\\\/fr\\\/moments-de-vie\\\/demande-de-pret\\\/investir-dans-mes-reer-ou-mes-placements\\\/#primaryimage\"},\"image\":{\"@id\":\"https:\\\/\\\/www.caissealliance.com\\\/fr\\\/moments-de-vie\\\/demande-de-pret\\\/investir-dans-mes-reer-ou-mes-placements\\\/#primaryimage\"},\"thumbnailUrl\":\"https:\\\/\\\/www.caissealliance.com\\\/wp-content\\\/uploads\\\/projet_planifier-ma-retraite.jpg\",\"datePublished\":\"2019-04-17T14:32:12+00:00\",\"dateModified\":\"2019-05-28T04:13:32+00:00\",\"breadcrumb\":{\"@id\":\"https:\\\/\\\/www.caissealliance.com\\\/fr\\\/moments-de-vie\\\/demande-de-pret\\\/investir-dans-mes-reer-ou-mes-placements\\\/#breadcrumb\"},\"inLanguage\":\"fr-FR\",\"potentialAction\":[{\"@type\":\"ReadAction\",\"target\":[\"https:\\\/\\\/www.caissealliance.com\\\/fr\\\/moments-de-vie\\\/demande-de-pret\\\/investir-dans-mes-reer-ou-mes-placements\\\/\"]}]},{\"@type\":\"ImageObject\",\"inLanguage\":\"fr-FR\",\"@id\":\"https:\\\/\\\/www.caissealliance.com\\\/fr\\\/moments-de-vie\\\/demande-de-pret\\\/investir-dans-mes-reer-ou-mes-placements\\\/#primaryimage\",\"url\":\"https:\\\/\\\/www.caissealliance.com\\\/wp-content\\\/uploads\\\/projet_planifier-ma-retraite.jpg\",\"contentUrl\":\"https:\\\/\\\/www.caissealliance.com\\\/wp-content\\\/uploads\\\/projet_planifier-ma-retraite.jpg\",\"width\":775,\"height\":517},{\"@type\":\"BreadcrumbList\",\"@id\":\"https:\\\/\\\/www.caissealliance.com\\\/fr\\\/moments-de-vie\\\/demande-de-pret\\\/investir-dans-mes-reer-ou-mes-placements\\\/#breadcrumb\",\"itemListElement\":[{\"@type\":\"ListItem\",\"position\":1,\"name\":\"Home\",\"item\":\"https:\\\/\\\/www.caissealliance.com\\\/fr\\\/\"},{\"@type\":\"ListItem\",\"position\":2,\"name\":\"Moments de vie\",\"item\":\"https:\\\/\\\/www.caissealliance.com\\\/fr\\\/life-event\\\/\"},{\"@type\":\"ListItem\",\"position\":3,\"name\":\"Avoir des projets stimulants, c\u2019est le bonheur!\",\"item\":\"https:\\\/\\\/www.caissealliance.com\\\/fr\\\/moments-de-vie\\\/demande-de-pret\\\/\"},{\"@type\":\"ListItem\",\"position\":4,\"name\":\"Investir dans mes REER ou mes placements\"}]},{\"@type\":\"WebSite\",\"@id\":\"https:\\\/\\\/www.caissealliance.com\\\/fr\\\/#website\",\"url\":\"https:\\\/\\\/www.caissealliance.com\\\/fr\\\/\",\"name\":\"Caisse Alliance\",\"description\":\"Site Web de la Caisse Alliance\",\"potentialAction\":[{\"@type\":\"SearchAction\",\"target\":{\"@type\":\"EntryPoint\",\"urlTemplate\":\"https:\\\/\\\/www.caissealliance.com\\\/fr\\\/?s={search_term_string}\"},\"query-input\":{\"@type\":\"PropertyValueSpecification\",\"valueRequired\":true,\"valueName\":\"search_term_string\"}}],\"inLanguage\":\"fr-FR\"}]}<\/script>\n<!-- \/ Yoast SEO plugin. -->","yoast_head_json":{"title":"Investir dans mes REER ou mes placements | Caisse Alliance","robots":{"index":"index","follow":"follow","max-snippet":"max-snippet:-1","max-image-preview":"max-image-preview:large","max-video-preview":"max-video-preview:-1"},"canonical":"https:\/\/www.caissealliance.com\/fr\/moments-de-vie\/demande-de-pret\/investir-dans-mes-reer-ou-mes-placements\/","og_locale":"fr_FR","og_type":"article","og_title":"Investir dans mes REER ou mes placements | Caisse Alliance","og_description":"Nous savons \u00e0 quel point ce projet vous tient \u00e0 coeur. Votre Caisse a des outils et des conseils expr\u00e8s pour le r\u00e9aliser. Obtenir le meilleur pr\u00eat pour financer ses projets, c\u2019est capital!","og_url":"https:\/\/www.caissealliance.com\/fr\/moments-de-vie\/demande-de-pret\/investir-dans-mes-reer-ou-mes-placements\/","og_site_name":"Caisse Alliance","article_modified_time":"2019-05-28T04:13:32+00:00","og_image":[{"width":775,"height":517,"url":"https:\/\/www.caissealliance.com\/wp-content\/uploads\/projet_planifier-ma-retraite.jpg","type":"image\/jpeg"}],"twitter_card":"summary_large_image","schema":{"@context":"https:\/\/schema.org","@graph":[{"@type":"WebPage","@id":"https:\/\/www.caissealliance.com\/fr\/moments-de-vie\/demande-de-pret\/investir-dans-mes-reer-ou-mes-placements\/","url":"https:\/\/www.caissealliance.com\/fr\/moments-de-vie\/demande-de-pret\/investir-dans-mes-reer-ou-mes-placements\/","name":"Investir dans mes REER ou mes placements | Caisse Alliance","isPartOf":{"@id":"https:\/\/www.caissealliance.com\/fr\/#website"},"primaryImageOfPage":{"@id":"https:\/\/www.caissealliance.com\/fr\/moments-de-vie\/demande-de-pret\/investir-dans-mes-reer-ou-mes-placements\/#primaryimage"},"image":{"@id":"https:\/\/www.caissealliance.com\/fr\/moments-de-vie\/demande-de-pret\/investir-dans-mes-reer-ou-mes-placements\/#primaryimage"},"thumbnailUrl":"https:\/\/www.caissealliance.com\/wp-content\/uploads\/projet_planifier-ma-retraite.jpg","datePublished":"2019-04-17T14:32:12+00:00","dateModified":"2019-05-28T04:13:32+00:00","breadcrumb":{"@id":"https:\/\/www.caissealliance.com\/fr\/moments-de-vie\/demande-de-pret\/investir-dans-mes-reer-ou-mes-placements\/#breadcrumb"},"inLanguage":"fr-FR","potentialAction":[{"@type":"ReadAction","target":["https:\/\/www.caissealliance.com\/fr\/moments-de-vie\/demande-de-pret\/investir-dans-mes-reer-ou-mes-placements\/"]}]},{"@type":"ImageObject","inLanguage":"fr-FR","@id":"https:\/\/www.caissealliance.com\/fr\/moments-de-vie\/demande-de-pret\/investir-dans-mes-reer-ou-mes-placements\/#primaryimage","url":"https:\/\/www.caissealliance.com\/wp-content\/uploads\/projet_planifier-ma-retraite.jpg","contentUrl":"https:\/\/www.caissealliance.com\/wp-content\/uploads\/projet_planifier-ma-retraite.jpg","width":775,"height":517},{"@type":"BreadcrumbList","@id":"https:\/\/www.caissealliance.com\/fr\/moments-de-vie\/demande-de-pret\/investir-dans-mes-reer-ou-mes-placements\/#breadcrumb","itemListElement":[{"@type":"ListItem","position":1,"name":"Home","item":"https:\/\/www.caissealliance.com\/fr\/"},{"@type":"ListItem","position":2,"name":"Moments de vie","item":"https:\/\/www.caissealliance.com\/fr\/life-event\/"},{"@type":"ListItem","position":3,"name":"Avoir des projets stimulants, c\u2019est le bonheur!","item":"https:\/\/www.caissealliance.com\/fr\/moments-de-vie\/demande-de-pret\/"},{"@type":"ListItem","position":4,"name":"Investir dans mes REER ou mes placements"}]},{"@type":"WebSite","@id":"https:\/\/www.caissealliance.com\/fr\/#website","url":"https:\/\/www.caissealliance.com\/fr\/","name":"Caisse Alliance","description":"Site Web de la Caisse Alliance","potentialAction":[{"@type":"SearchAction","target":{"@type":"EntryPoint","urlTemplate":"https:\/\/www.caissealliance.com\/fr\/?s={search_term_string}"},"query-input":{"@type":"PropertyValueSpecification","valueRequired":true,"valueName":"search_term_string"}}],"inLanguage":"fr-FR"}]}},"publishpress_future_action":{"enabled":false,"date":"2026-04-23 07:20:55","action":"change-status","newStatus":"draft","terms":[],"taxonomy":"section","extraData":[]},"publishpress_future_workflow_manual_trigger":{"enabledWorkflows":[]},"_links":{"self":[{"href":"https:\/\/www.caissealliance.com\/fr\/wp-json\/wp\/v2\/pages\/2692","targetHints":{"allow":["GET"]}}],"collection":[{"href":"https:\/\/www.caissealliance.com\/fr\/wp-json\/wp\/v2\/pages"}],"about":[{"href":"https:\/\/www.caissealliance.com\/fr\/wp-json\/wp\/v2\/types\/page"}],"author":[{"embeddable":true,"href":"https:\/\/www.caissealliance.com\/fr\/wp-json\/wp\/v2\/users\/1"}],"replies":[{"embeddable":true,"href":"https:\/\/www.caissealliance.com\/fr\/wp-json\/wp\/v2\/comments?post=2692"}],"version-history":[{"count":9,"href":"https:\/\/www.caissealliance.com\/fr\/wp-json\/wp\/v2\/pages\/2692\/revisions"}],"predecessor-version":[{"id":6865,"href":"https:\/\/www.caissealliance.com\/fr\/wp-json\/wp\/v2\/pages\/2692\/revisions\/6865"}],"up":[{"embeddable":true,"href":"https:\/\/www.caissealliance.com\/fr\/wp-json\/wp\/v2\/pages\/451"}],"wp:featuredmedia":[{"embeddable":true,"href":"https:\/\/www.caissealliance.com\/fr\/wp-json\/wp\/v2\/media\/3548"}],"wp:attachment":[{"href":"https:\/\/www.caissealliance.com\/fr\/wp-json\/wp\/v2\/media?parent=2692"}],"curies":[{"name":"wp","href":"https:\/\/api.w.org\/{rel}","templated":true}]}}