{"id":26007,"date":"2024-03-08T10:23:53","date_gmt":"2024-03-08T15:23:53","guid":{"rendered":"https:\/\/www.caissealliance.com\/?page_id=26007"},"modified":"2025-02-10T11:38:18","modified_gmt":"2025-02-10T16:38:18","slug":"don-ou-commandite","status":"publish","type":"page","link":"https:\/\/www.caissealliance.com\/fr\/ma-caisse\/implication-sociale\/fonds-communautaires-dons-et-commandites\/don-ou-commandite\/","title":{"rendered":"Don ou commandite"},"content":{"rendered":"<h2>Don ou commandite<\/h2>\n<p>Notre engagement communautaire demeure au coeur de nos valeurs coop\u00e9ratives. La Caisse soutient le d\u00e9veloppement de ses communaut\u00e9s par l&#8217;entremise de dons et commandites.<\/p>\n<p>Vous avez un projet pour lequel vous souhaitez obtenir le soutien de la Caisse Alliance?<\/p>\n<p>Faites-nous parvenir votre demande \u00e0 partir du formulaire ci-dessous :<\/p>\n<p>Remplir et soumettre le <a href=\"https:\/\/www.caissealliance.com\/fr\/?page_id=26029&amp;preview=true\">formulaire de demande en ligne<\/a><\/p>\n<p><a href=\"https:\/\/www.caissealliance.com\/wp-content\/uploads\/Formulaire-demande-de-dons-et-commandites-FR-1.pdf\">Formulaire de demande (PDF)<\/a><\/p>\n<p>*Pour une demande de plus de 10 000 $, veuillez v\u00e9rifier aupr\u00e8s des autres fonds offerts par la Caisse Alliance.<\/p>\n","protected":false},"excerpt":{"rendered":"<p>Notre engagement communautaire demeure au coeur de nos valeurs coop\u00e9ratives. La Caisse soutient le d\u00e9veloppement de ses communaut\u00e9s par l&#8217;entremise de dons et commandites. Vous avez un projet pour lequel vous souhaitez obtenir le soutien de la Caisse Alliance? Faites-nous parvenir votre demande \u00e0 partir du formulaire ci-dessous : Remplir et soumettre le formulaire de [&#8230;]<\/p>\n","protected":false},"author":15,"featured_media":15419,"parent":15393,"menu_order":1,"comment_status":"closed","ping_status":"closed","template":"","meta":{"_acf_changed":false,"_monsterinsights_skip_tracking":false,"_monsterinsights_sitenote_active":false,"_monsterinsights_sitenote_note":"","_monsterinsights_sitenote_category":0,"footnotes":""},"class_list":["post-26007","page","type-page","status-publish","has-post-thumbnail","hentry","section-ma-caisse"],"acf":[],"yoast_head":"<!-- This site is optimized with the Yoast SEO plugin v27.3 - https:\/\/yoast.com\/product\/yoast-seo-wordpress\/ -->\n<title>Don ou commandite | Caisse Alliance<\/title>\n<meta name=\"robots\" content=\"index, follow, max-snippet:-1, max-image-preview:large, max-video-preview:-1\" \/>\n<link rel=\"canonical\" href=\"https:\/\/www.caissealliance.com\/fr\/ma-caisse\/implication-sociale\/fonds-communautaires-dons-et-commandites\/don-ou-commandite\/\" \/>\n<meta property=\"og:locale\" content=\"fr_FR\" \/>\n<meta property=\"og:type\" content=\"article\" \/>\n<meta property=\"og:title\" content=\"Don ou commandite | Caisse Alliance\" \/>\n<meta property=\"og:description\" content=\"Notre engagement communautaire demeure au coeur de nos valeurs coop\u00e9ratives. La Caisse soutient le d\u00e9veloppement de ses communaut\u00e9s par l&#8217;entremise de dons et commandites. Vous avez un projet pour lequel vous souhaitez obtenir le soutien de la Caisse Alliance? Faites-nous parvenir votre demande \u00e0 partir du formulaire ci-dessous : Remplir et soumettre le formulaire de [...]\" \/>\n<meta property=\"og:url\" content=\"https:\/\/www.caissealliance.com\/fr\/ma-caisse\/implication-sociale\/fonds-communautaires-dons-et-commandites\/don-ou-commandite\/\" \/>\n<meta property=\"og:site_name\" content=\"Caisse Alliance\" \/>\n<meta property=\"article:modified_time\" content=\"2025-02-10T16:38:18+00:00\" \/>\n<meta property=\"og:image\" content=\"https:\/\/www.caissealliance.com\/wp-content\/uploads\/shutterstock_344201303-scaled.jpg\" \/>\n\t<meta property=\"og:image:width\" content=\"2560\" \/>\n\t<meta property=\"og:image:height\" content=\"1707\" \/>\n\t<meta property=\"og:image:type\" content=\"image\/jpeg\" \/>\n<meta name=\"twitter:card\" content=\"summary_large_image\" \/>\n<meta name=\"twitter:label1\" content=\"Dur\u00e9e de lecture estim\u00e9e\" \/>\n\t<meta name=\"twitter:data1\" content=\"1 minute\" \/>\n<script type=\"application\/ld+json\" class=\"yoast-schema-graph\">{\"@context\":\"https:\\\/\\\/schema.org\",\"@graph\":[{\"@type\":\"WebPage\",\"@id\":\"https:\\\/\\\/www.caissealliance.com\\\/fr\\\/ma-caisse\\\/implication-sociale\\\/fonds-communautaires-dons-et-commandites\\\/don-ou-commandite\\\/\",\"url\":\"https:\\\/\\\/www.caissealliance.com\\\/fr\\\/ma-caisse\\\/implication-sociale\\\/fonds-communautaires-dons-et-commandites\\\/don-ou-commandite\\\/\",\"name\":\"Don ou commandite | Caisse Alliance\",\"isPartOf\":{\"@id\":\"https:\\\/\\\/www.caissealliance.com\\\/fr\\\/#website\"},\"primaryImageOfPage\":{\"@id\":\"https:\\\/\\\/www.caissealliance.com\\\/fr\\\/ma-caisse\\\/implication-sociale\\\/fonds-communautaires-dons-et-commandites\\\/don-ou-commandite\\\/#primaryimage\"},\"image\":{\"@id\":\"https:\\\/\\\/www.caissealliance.com\\\/fr\\\/ma-caisse\\\/implication-sociale\\\/fonds-communautaires-dons-et-commandites\\\/don-ou-commandite\\\/#primaryimage\"},\"thumbnailUrl\":\"https:\\\/\\\/www.caissealliance.com\\\/wp-content\\\/uploads\\\/shutterstock_344201303-scaled.jpg\",\"datePublished\":\"2024-03-08T15:23:53+00:00\",\"dateModified\":\"2025-02-10T16:38:18+00:00\",\"breadcrumb\":{\"@id\":\"https:\\\/\\\/www.caissealliance.com\\\/fr\\\/ma-caisse\\\/implication-sociale\\\/fonds-communautaires-dons-et-commandites\\\/don-ou-commandite\\\/#breadcrumb\"},\"inLanguage\":\"fr-FR\",\"potentialAction\":[{\"@type\":\"ReadAction\",\"target\":[\"https:\\\/\\\/www.caissealliance.com\\\/fr\\\/ma-caisse\\\/implication-sociale\\\/fonds-communautaires-dons-et-commandites\\\/don-ou-commandite\\\/\"]}]},{\"@type\":\"ImageObject\",\"inLanguage\":\"fr-FR\",\"@id\":\"https:\\\/\\\/www.caissealliance.com\\\/fr\\\/ma-caisse\\\/implication-sociale\\\/fonds-communautaires-dons-et-commandites\\\/don-ou-commandite\\\/#primaryimage\",\"url\":\"https:\\\/\\\/www.caissealliance.com\\\/wp-content\\\/uploads\\\/shutterstock_344201303-scaled.jpg\",\"contentUrl\":\"https:\\\/\\\/www.caissealliance.com\\\/wp-content\\\/uploads\\\/shutterstock_344201303-scaled.jpg\",\"width\":2560,\"height\":1707},{\"@type\":\"BreadcrumbList\",\"@id\":\"https:\\\/\\\/www.caissealliance.com\\\/fr\\\/ma-caisse\\\/implication-sociale\\\/fonds-communautaires-dons-et-commandites\\\/don-ou-commandite\\\/#breadcrumb\",\"itemListElement\":[{\"@type\":\"ListItem\",\"position\":1,\"name\":\"Home\",\"item\":\"https:\\\/\\\/www.caissealliance.com\\\/fr\\\/\"},{\"@type\":\"ListItem\",\"position\":2,\"name\":\"Ma Caisse\",\"item\":\"https:\\\/\\\/www.caissealliance.com\\\/fr\\\/ma-caisse\\\/\"},{\"@type\":\"ListItem\",\"position\":3,\"name\":\"Implication sociale\",\"item\":\"https:\\\/\\\/www.caissealliance.com\\\/fr\\\/ma-caisse\\\/implication-sociale\\\/\"},{\"@type\":\"ListItem\",\"position\":4,\"name\":\"Fonds communautaires, dons et commandites\",\"item\":\"https:\\\/\\\/www.caissealliance.com\\\/fr\\\/ma-caisse\\\/implication-sociale\\\/fonds-communautaires-dons-et-commandites\\\/\"},{\"@type\":\"ListItem\",\"position\":5,\"name\":\"Don ou commandite\"}]},{\"@type\":\"WebSite\",\"@id\":\"https:\\\/\\\/www.caissealliance.com\\\/fr\\\/#website\",\"url\":\"https:\\\/\\\/www.caissealliance.com\\\/fr\\\/\",\"name\":\"Caisse Alliance\",\"description\":\"Site Web de la Caisse Alliance\",\"potentialAction\":[{\"@type\":\"SearchAction\",\"target\":{\"@type\":\"EntryPoint\",\"urlTemplate\":\"https:\\\/\\\/www.caissealliance.com\\\/fr\\\/?s={search_term_string}\"},\"query-input\":{\"@type\":\"PropertyValueSpecification\",\"valueRequired\":true,\"valueName\":\"search_term_string\"}}],\"inLanguage\":\"fr-FR\"}]}<\/script>\n<!-- \/ Yoast SEO plugin. -->","yoast_head_json":{"title":"Don ou commandite | Caisse Alliance","robots":{"index":"index","follow":"follow","max-snippet":"max-snippet:-1","max-image-preview":"max-image-preview:large","max-video-preview":"max-video-preview:-1"},"canonical":"https:\/\/www.caissealliance.com\/fr\/ma-caisse\/implication-sociale\/fonds-communautaires-dons-et-commandites\/don-ou-commandite\/","og_locale":"fr_FR","og_type":"article","og_title":"Don ou commandite | Caisse Alliance","og_description":"Notre engagement communautaire demeure au coeur de nos valeurs coop\u00e9ratives. La Caisse soutient le d\u00e9veloppement de ses communaut\u00e9s par l&#8217;entremise de dons et commandites. Vous avez un projet pour lequel vous souhaitez obtenir le soutien de la Caisse Alliance? Faites-nous parvenir votre demande \u00e0 partir du formulaire ci-dessous : Remplir et soumettre le formulaire de [...]","og_url":"https:\/\/www.caissealliance.com\/fr\/ma-caisse\/implication-sociale\/fonds-communautaires-dons-et-commandites\/don-ou-commandite\/","og_site_name":"Caisse Alliance","article_modified_time":"2025-02-10T16:38:18+00:00","og_image":[{"width":2560,"height":1707,"url":"https:\/\/www.caissealliance.com\/wp-content\/uploads\/shutterstock_344201303-scaled.jpg","type":"image\/jpeg"}],"twitter_card":"summary_large_image","twitter_misc":{"Dur\u00e9e de lecture estim\u00e9e":"1 minute"},"schema":{"@context":"https:\/\/schema.org","@graph":[{"@type":"WebPage","@id":"https:\/\/www.caissealliance.com\/fr\/ma-caisse\/implication-sociale\/fonds-communautaires-dons-et-commandites\/don-ou-commandite\/","url":"https:\/\/www.caissealliance.com\/fr\/ma-caisse\/implication-sociale\/fonds-communautaires-dons-et-commandites\/don-ou-commandite\/","name":"Don ou commandite | Caisse Alliance","isPartOf":{"@id":"https:\/\/www.caissealliance.com\/fr\/#website"},"primaryImageOfPage":{"@id":"https:\/\/www.caissealliance.com\/fr\/ma-caisse\/implication-sociale\/fonds-communautaires-dons-et-commandites\/don-ou-commandite\/#primaryimage"},"image":{"@id":"https:\/\/www.caissealliance.com\/fr\/ma-caisse\/implication-sociale\/fonds-communautaires-dons-et-commandites\/don-ou-commandite\/#primaryimage"},"thumbnailUrl":"https:\/\/www.caissealliance.com\/wp-content\/uploads\/shutterstock_344201303-scaled.jpg","datePublished":"2024-03-08T15:23:53+00:00","dateModified":"2025-02-10T16:38:18+00:00","breadcrumb":{"@id":"https:\/\/www.caissealliance.com\/fr\/ma-caisse\/implication-sociale\/fonds-communautaires-dons-et-commandites\/don-ou-commandite\/#breadcrumb"},"inLanguage":"fr-FR","potentialAction":[{"@type":"ReadAction","target":["https:\/\/www.caissealliance.com\/fr\/ma-caisse\/implication-sociale\/fonds-communautaires-dons-et-commandites\/don-ou-commandite\/"]}]},{"@type":"ImageObject","inLanguage":"fr-FR","@id":"https:\/\/www.caissealliance.com\/fr\/ma-caisse\/implication-sociale\/fonds-communautaires-dons-et-commandites\/don-ou-commandite\/#primaryimage","url":"https:\/\/www.caissealliance.com\/wp-content\/uploads\/shutterstock_344201303-scaled.jpg","contentUrl":"https:\/\/www.caissealliance.com\/wp-content\/uploads\/shutterstock_344201303-scaled.jpg","width":2560,"height":1707},{"@type":"BreadcrumbList","@id":"https:\/\/www.caissealliance.com\/fr\/ma-caisse\/implication-sociale\/fonds-communautaires-dons-et-commandites\/don-ou-commandite\/#breadcrumb","itemListElement":[{"@type":"ListItem","position":1,"name":"Home","item":"https:\/\/www.caissealliance.com\/fr\/"},{"@type":"ListItem","position":2,"name":"Ma Caisse","item":"https:\/\/www.caissealliance.com\/fr\/ma-caisse\/"},{"@type":"ListItem","position":3,"name":"Implication sociale","item":"https:\/\/www.caissealliance.com\/fr\/ma-caisse\/implication-sociale\/"},{"@type":"ListItem","position":4,"name":"Fonds communautaires, dons et commandites","item":"https:\/\/www.caissealliance.com\/fr\/ma-caisse\/implication-sociale\/fonds-communautaires-dons-et-commandites\/"},{"@type":"ListItem","position":5,"name":"Don ou commandite"}]},{"@type":"WebSite","@id":"https:\/\/www.caissealliance.com\/fr\/#website","url":"https:\/\/www.caissealliance.com\/fr\/","name":"Caisse Alliance","description":"Site Web de la Caisse Alliance","potentialAction":[{"@type":"SearchAction","target":{"@type":"EntryPoint","urlTemplate":"https:\/\/www.caissealliance.com\/fr\/?s={search_term_string}"},"query-input":{"@type":"PropertyValueSpecification","valueRequired":true,"valueName":"search_term_string"}}],"inLanguage":"fr-FR"}]}},"publishpress_future_action":{"enabled":false,"date":"2026-04-23 08:33:44","action":"change-status","newStatus":"draft","terms":[],"taxonomy":"section","extraData":[]},"publishpress_future_workflow_manual_trigger":{"enabledWorkflows":[]},"_links":{"self":[{"href":"https:\/\/www.caissealliance.com\/fr\/wp-json\/wp\/v2\/pages\/26007","targetHints":{"allow":["GET"]}}],"collection":[{"href":"https:\/\/www.caissealliance.com\/fr\/wp-json\/wp\/v2\/pages"}],"about":[{"href":"https:\/\/www.caissealliance.com\/fr\/wp-json\/wp\/v2\/types\/page"}],"author":[{"embeddable":true,"href":"https:\/\/www.caissealliance.com\/fr\/wp-json\/wp\/v2\/users\/15"}],"replies":[{"embeddable":true,"href":"https:\/\/www.caissealliance.com\/fr\/wp-json\/wp\/v2\/comments?post=26007"}],"version-history":[{"count":43,"href":"https:\/\/www.caissealliance.com\/fr\/wp-json\/wp\/v2\/pages\/26007\/revisions"}],"predecessor-version":[{"id":31055,"href":"https:\/\/www.caissealliance.com\/fr\/wp-json\/wp\/v2\/pages\/26007\/revisions\/31055"}],"up":[{"embeddable":true,"href":"https:\/\/www.caissealliance.com\/fr\/wp-json\/wp\/v2\/pages\/15393"}],"wp:featuredmedia":[{"embeddable":true,"href":"https:\/\/www.caissealliance.com\/fr\/wp-json\/wp\/v2\/media\/15419"}],"wp:attachment":[{"href":"https:\/\/www.caissealliance.com\/fr\/wp-json\/wp\/v2\/media?parent=26007"}],"curies":[{"name":"wp","href":"https:\/\/api.w.org\/{rel}","templated":true}]}}