{"id":25391,"date":"2024-02-14T16:02:07","date_gmt":"2024-02-14T21:02:07","guid":{"rendered":"https:\/\/www.caissealliance.com\/?page_id=25391"},"modified":"2026-04-01T11:23:02","modified_gmt":"2026-04-01T15:23:02","slug":"concours-dactivite-speciale","status":"publish","type":"page","link":"https:\/\/www.caissealliance.com\/fr\/concours-dactivite-speciale\/","title":{"rendered":"Concours d&#8217;activit\u00e9 sp\u00e9ciale"},"content":{"rendered":"<p><img fetchpriority=\"high\" decoding=\"async\" src=\"https:\/\/www.caissealliance.com\/wp-content\/uploads\/CA-annonce-Facebook-activite-speciales-generique-1024x1024.jpg\" sizes=\"(max-width: 1024px) 100vw, 1024px\" srcset=\"https:\/\/www.caissealliance.com\/wp-content\/uploads\/CA-annonce-Facebook-activite-speciales-generique-1024x1024.jpg 1024w, https:\/\/www.caissealliance.com\/wp-content\/uploads\/CA-annonce-Facebook-activite-speciales-generique-300x300.jpg 300w, https:\/\/www.caissealliance.com\/wp-content\/uploads\/CA-annonce-Facebook-activite-speciales-generique-150x150.jpg 150w, https:\/\/www.caissealliance.com\/wp-content\/uploads\/CA-annonce-Facebook-activite-speciales-generique-768x768.jpg 768w, https:\/\/www.caissealliance.com\/wp-content\/uploads\/CA-annonce-Facebook-activite-speciales-generique-1536x1536.jpg 1536w, https:\/\/www.caissealliance.com\/wp-content\/uploads\/CA-annonce-Facebook-activite-speciales-generique-2048x2048.jpg 2048w, https:\/\/www.caissealliance.com\/wp-content\/uploads\/CA-annonce-Facebook-activite-speciales-generique-250x250.jpg 250w\" alt=\"\" width=\"1024\" height=\"1024\" \/><\/p>\n<p><a href=\"https:\/\/www.caissealliance.com\/wp-content\/uploads\/Epargne-jeunesse-page-de-coloriage-avril-2026_FR.pdf\">Page de coloriage du mois<\/a><\/p>\n<p><a href=\"https:\/\/www.caissealliance.com\/wp-content\/uploads\/Epargne-jeunesse-activite-avril-2026_FR.pdf\">Activit\u00e9 du mois<\/a><\/p>\n<p><a href=\"https:\/\/www.caissealliance.com\/fr\/reglements-concours-activite-speciale\/\"><br \/>\nR\u00e8glements du concours<br \/>\n<\/a><\/p>\n","protected":false},"excerpt":{"rendered":"<p>Page de coloriage du mois Activit\u00e9 du mois R\u00e8glements du concours<\/p>\n","protected":false},"author":13,"featured_media":0,"parent":0,"menu_order":59,"comment_status":"closed","ping_status":"closed","template":"page_full.php","meta":{"_acf_changed":false,"_monsterinsights_skip_tracking":false,"_monsterinsights_sitenote_active":false,"_monsterinsights_sitenote_note":"","_monsterinsights_sitenote_category":0,"footnotes":""},"class_list":["post-25391","page","type-page","status-publish","hentry"],"acf":[],"yoast_head":"<!-- This site is optimized with the Yoast SEO plugin v27.3 - https:\/\/yoast.com\/product\/yoast-seo-wordpress\/ -->\n<title>Concours d&#039;activit\u00e9 sp\u00e9ciale | Caisse Alliance<\/title>\n<meta name=\"robots\" content=\"index, follow, max-snippet:-1, max-image-preview:large, max-video-preview:-1\" \/>\n<link rel=\"canonical\" href=\"https:\/\/www.caissealliance.com\/fr\/concours-dactivite-speciale\/\" \/>\n<meta property=\"og:locale\" content=\"fr_FR\" \/>\n<meta property=\"og:type\" content=\"article\" \/>\n<meta property=\"og:title\" content=\"Concours d&#039;activit\u00e9 sp\u00e9ciale | Caisse Alliance\" \/>\n<meta property=\"og:description\" content=\"Page de coloriage du mois Activit\u00e9 du mois R\u00e8glements du concours\" \/>\n<meta property=\"og:url\" content=\"https:\/\/www.caissealliance.com\/fr\/concours-dactivite-speciale\/\" \/>\n<meta property=\"og:site_name\" content=\"Caisse Alliance\" \/>\n<meta property=\"article:modified_time\" content=\"2026-04-01T15:23:02+00:00\" \/>\n<meta property=\"og:image\" content=\"https:\/\/www.caissealliance.com\/wp-content\/uploads\/CA-annonce-Facebook-activite-speciales-generique-1024x1024.jpg\" \/>\n<meta name=\"twitter:card\" content=\"summary_large_image\" \/>\n<meta name=\"twitter:label1\" content=\"Dur\u00e9e de lecture estim\u00e9e\" \/>\n\t<meta name=\"twitter:data1\" content=\"1 minute\" \/>\n<script type=\"application\/ld+json\" class=\"yoast-schema-graph\">{\"@context\":\"https:\\\/\\\/schema.org\",\"@graph\":[{\"@type\":\"WebPage\",\"@id\":\"https:\\\/\\\/www.caissealliance.com\\\/fr\\\/concours-dactivite-speciale\\\/\",\"url\":\"https:\\\/\\\/www.caissealliance.com\\\/fr\\\/concours-dactivite-speciale\\\/\",\"name\":\"Concours d'activit\u00e9 sp\u00e9ciale | Caisse Alliance\",\"isPartOf\":{\"@id\":\"https:\\\/\\\/www.caissealliance.com\\\/fr\\\/#website\"},\"primaryImageOfPage\":{\"@id\":\"https:\\\/\\\/www.caissealliance.com\\\/fr\\\/concours-dactivite-speciale\\\/#primaryimage\"},\"image\":{\"@id\":\"https:\\\/\\\/www.caissealliance.com\\\/fr\\\/concours-dactivite-speciale\\\/#primaryimage\"},\"thumbnailUrl\":\"https:\\\/\\\/www.caissealliance.com\\\/wp-content\\\/uploads\\\/CA-annonce-Facebook-activite-speciales-generique-1024x1024.jpg\",\"datePublished\":\"2024-02-14T21:02:07+00:00\",\"dateModified\":\"2026-04-01T15:23:02+00:00\",\"breadcrumb\":{\"@id\":\"https:\\\/\\\/www.caissealliance.com\\\/fr\\\/concours-dactivite-speciale\\\/#breadcrumb\"},\"inLanguage\":\"fr-FR\",\"potentialAction\":[{\"@type\":\"ReadAction\",\"target\":[\"https:\\\/\\\/www.caissealliance.com\\\/fr\\\/concours-dactivite-speciale\\\/\"]}]},{\"@type\":\"ImageObject\",\"inLanguage\":\"fr-FR\",\"@id\":\"https:\\\/\\\/www.caissealliance.com\\\/fr\\\/concours-dactivite-speciale\\\/#primaryimage\",\"url\":\"https:\\\/\\\/www.caissealliance.com\\\/wp-content\\\/uploads\\\/CA-annonce-Facebook-activite-speciales-generique-1024x1024.jpg\",\"contentUrl\":\"https:\\\/\\\/www.caissealliance.com\\\/wp-content\\\/uploads\\\/CA-annonce-Facebook-activite-speciales-generique-1024x1024.jpg\"},{\"@type\":\"BreadcrumbList\",\"@id\":\"https:\\\/\\\/www.caissealliance.com\\\/fr\\\/concours-dactivite-speciale\\\/#breadcrumb\",\"itemListElement\":[{\"@type\":\"ListItem\",\"position\":1,\"name\":\"Home\",\"item\":\"https:\\\/\\\/www.caissealliance.com\\\/fr\\\/\"},{\"@type\":\"ListItem\",\"position\":2,\"name\":\"Concours d&#8217;activit\u00e9 sp\u00e9ciale\"}]},{\"@type\":\"WebSite\",\"@id\":\"https:\\\/\\\/www.caissealliance.com\\\/fr\\\/#website\",\"url\":\"https:\\\/\\\/www.caissealliance.com\\\/fr\\\/\",\"name\":\"Caisse Alliance\",\"description\":\"Site Web de la Caisse Alliance\",\"potentialAction\":[{\"@type\":\"SearchAction\",\"target\":{\"@type\":\"EntryPoint\",\"urlTemplate\":\"https:\\\/\\\/www.caissealliance.com\\\/fr\\\/?s={search_term_string}\"},\"query-input\":{\"@type\":\"PropertyValueSpecification\",\"valueRequired\":true,\"valueName\":\"search_term_string\"}}],\"inLanguage\":\"fr-FR\"}]}<\/script>\n<!-- \/ Yoast SEO plugin. -->","yoast_head_json":{"title":"Concours d'activit\u00e9 sp\u00e9ciale | Caisse Alliance","robots":{"index":"index","follow":"follow","max-snippet":"max-snippet:-1","max-image-preview":"max-image-preview:large","max-video-preview":"max-video-preview:-1"},"canonical":"https:\/\/www.caissealliance.com\/fr\/concours-dactivite-speciale\/","og_locale":"fr_FR","og_type":"article","og_title":"Concours d'activit\u00e9 sp\u00e9ciale | Caisse Alliance","og_description":"Page de coloriage du mois Activit\u00e9 du mois R\u00e8glements du concours","og_url":"https:\/\/www.caissealliance.com\/fr\/concours-dactivite-speciale\/","og_site_name":"Caisse Alliance","article_modified_time":"2026-04-01T15:23:02+00:00","og_image":[{"url":"https:\/\/www.caissealliance.com\/wp-content\/uploads\/CA-annonce-Facebook-activite-speciales-generique-1024x1024.jpg","type":"","width":"","height":""}],"twitter_card":"summary_large_image","twitter_misc":{"Dur\u00e9e de lecture estim\u00e9e":"1 minute"},"schema":{"@context":"https:\/\/schema.org","@graph":[{"@type":"WebPage","@id":"https:\/\/www.caissealliance.com\/fr\/concours-dactivite-speciale\/","url":"https:\/\/www.caissealliance.com\/fr\/concours-dactivite-speciale\/","name":"Concours d'activit\u00e9 sp\u00e9ciale | Caisse Alliance","isPartOf":{"@id":"https:\/\/www.caissealliance.com\/fr\/#website"},"primaryImageOfPage":{"@id":"https:\/\/www.caissealliance.com\/fr\/concours-dactivite-speciale\/#primaryimage"},"image":{"@id":"https:\/\/www.caissealliance.com\/fr\/concours-dactivite-speciale\/#primaryimage"},"thumbnailUrl":"https:\/\/www.caissealliance.com\/wp-content\/uploads\/CA-annonce-Facebook-activite-speciales-generique-1024x1024.jpg","datePublished":"2024-02-14T21:02:07+00:00","dateModified":"2026-04-01T15:23:02+00:00","breadcrumb":{"@id":"https:\/\/www.caissealliance.com\/fr\/concours-dactivite-speciale\/#breadcrumb"},"inLanguage":"fr-FR","potentialAction":[{"@type":"ReadAction","target":["https:\/\/www.caissealliance.com\/fr\/concours-dactivite-speciale\/"]}]},{"@type":"ImageObject","inLanguage":"fr-FR","@id":"https:\/\/www.caissealliance.com\/fr\/concours-dactivite-speciale\/#primaryimage","url":"https:\/\/www.caissealliance.com\/wp-content\/uploads\/CA-annonce-Facebook-activite-speciales-generique-1024x1024.jpg","contentUrl":"https:\/\/www.caissealliance.com\/wp-content\/uploads\/CA-annonce-Facebook-activite-speciales-generique-1024x1024.jpg"},{"@type":"BreadcrumbList","@id":"https:\/\/www.caissealliance.com\/fr\/concours-dactivite-speciale\/#breadcrumb","itemListElement":[{"@type":"ListItem","position":1,"name":"Home","item":"https:\/\/www.caissealliance.com\/fr\/"},{"@type":"ListItem","position":2,"name":"Concours d&#8217;activit\u00e9 sp\u00e9ciale"}]},{"@type":"WebSite","@id":"https:\/\/www.caissealliance.com\/fr\/#website","url":"https:\/\/www.caissealliance.com\/fr\/","name":"Caisse Alliance","description":"Site Web de la Caisse Alliance","potentialAction":[{"@type":"SearchAction","target":{"@type":"EntryPoint","urlTemplate":"https:\/\/www.caissealliance.com\/fr\/?s={search_term_string}"},"query-input":{"@type":"PropertyValueSpecification","valueRequired":true,"valueName":"search_term_string"}}],"inLanguage":"fr-FR"}]}},"publishpress_future_action":{"enabled":false,"date":"2026-04-23 06:47:51","action":"change-status","newStatus":"draft","terms":[],"taxonomy":"section","extraData":[]},"publishpress_future_workflow_manual_trigger":{"enabledWorkflows":[]},"_links":{"self":[{"href":"https:\/\/www.caissealliance.com\/fr\/wp-json\/wp\/v2\/pages\/25391","targetHints":{"allow":["GET"]}}],"collection":[{"href":"https:\/\/www.caissealliance.com\/fr\/wp-json\/wp\/v2\/pages"}],"about":[{"href":"https:\/\/www.caissealliance.com\/fr\/wp-json\/wp\/v2\/types\/page"}],"author":[{"embeddable":true,"href":"https:\/\/www.caissealliance.com\/fr\/wp-json\/wp\/v2\/users\/13"}],"replies":[{"embeddable":true,"href":"https:\/\/www.caissealliance.com\/fr\/wp-json\/wp\/v2\/comments?post=25391"}],"version-history":[{"count":3,"href":"https:\/\/www.caissealliance.com\/fr\/wp-json\/wp\/v2\/pages\/25391\/revisions"}],"predecessor-version":[{"id":36392,"href":"https:\/\/www.caissealliance.com\/fr\/wp-json\/wp\/v2\/pages\/25391\/revisions\/36392"}],"wp:attachment":[{"href":"https:\/\/www.caissealliance.com\/fr\/wp-json\/wp\/v2\/media?parent=25391"}],"curies":[{"name":"wp","href":"https:\/\/api.w.org\/{rel}","templated":true}]}}