{"id":2501,"date":"2019-04-10T13:27:43","date_gmt":"2019-04-10T17:27:43","guid":{"rendered":"http:\/\/caissealliance.absoludev.ca\/liens-interessants\/"},"modified":"2024-11-18T10:38:06","modified_gmt":"2024-11-18T15:38:06","slug":"liens-interessants","status":"publish","type":"page","link":"https:\/\/www.caissealliance.com\/fr\/clientele-scolaire\/liens-interessants\/","title":{"rendered":"Liens int\u00e9ressants"},"content":{"rendered":"<h1>Liens int\u00e9ressants<\/h1>\n<p><strong>Apprendre \u00e0 \u00e9pargner t\u00f4t, c&#8217;est payant!<\/strong><\/p>\n<ul>\n<li data-gc-list-style=\"bullet\" data-gc-list-depth=\"1\"><a href=\"https:\/\/www.caissealliance.com\/fr\/produits\/compte-epargne-enfant-caisse-ecole\/\" target=\"_blank\" rel=\"noopener noreferrer\" data-gc-link=\"https:\/\/www.caissescolaire.com\/enfants\">Compte \u00c9pargne jeunesse<\/a><\/li>\n<\/ul>\n<p><strong>Jeux<\/strong><\/p>\n<ul>\n<li data-gc-list-style=\"unordered\" data-gc-list-depth=\"1\"><a href=\"https:\/\/ici.radio-canada.ca\/jeunesse\/scolaire\" target=\"_blank\" rel=\"noopener noreferrer\" data-gc-link=\"https:\/\/ici.radio-canada.ca\/jeunesse\/scolaire\">Zone Jeunesse (Radio-Canada)<\/a><\/li>\n<li data-gc-list-style=\"unordered\" data-gc-list-depth=\"1\"><a href=\"http:\/\/www.caboucadin.com\/\" target=\"_blank\" rel=\"noopener noreferrer\" data-gc-link=\"http:\/\/www.caboucadin.com\/\">Caboucadin<\/a><\/li>\n<li data-gc-list-style=\"unordered\" data-gc-list-depth=\"1\"><a href=\"http:\/\/www.jeux.com\/\" target=\"_blank\" rel=\"noopener noreferrer\" data-gc-link=\"http:\/\/www.jeux.com\/\">Jeux.com<\/a><\/li>\n<li data-gc-list-style=\"unordered\" data-gc-list-depth=\"1\"><a href=\"https:\/\/www.tfo.org\/fr\/jeux\" target=\"_blank\" rel=\"noopener noreferrer\" data-gc-link=\"https:\/\/www.tfo.org\/fr\/jeux\">Jeux TFO<\/a><\/li>\n<li data-gc-list-style=\"unordered\" data-gc-list-depth=\"1\"><a href=\"http:\/\/www.pepit.be\/\" target=\"_blank\" rel=\"noopener noreferrer\" data-gc-link=\"http:\/\/www.pepit.be\/\">Pepit<\/a><\/li>\n<\/ul>\n","protected":false},"excerpt":{"rendered":"<p>Apprendre \u00e0 \u00e9pargner t\u00f4t, c&#8217;est payant! Compte \u00c9pargne jeunesse Jeux Zone Jeunesse (Radio-Canada) Caboucadin Jeux.com Jeux TFO Pepit<\/p>\n","protected":false},"author":1,"featured_media":2110,"parent":2496,"menu_order":5,"comment_status":"closed","ping_status":"closed","template":"","meta":{"_acf_changed":false,"_monsterinsights_skip_tracking":false,"_monsterinsights_sitenote_active":false,"_monsterinsights_sitenote_note":"","_monsterinsights_sitenote_category":0,"footnotes":""},"class_list":["post-2501","page","type-page","status-publish","has-post-thumbnail","hentry","section-clientele-scolaire"],"acf":[],"yoast_head":"<!-- This site is optimized with the Yoast SEO plugin v27.3 - https:\/\/yoast.com\/product\/yoast-seo-wordpress\/ -->\n<title>Liens int\u00e9ressants | Caisse Alliance<\/title>\n<meta name=\"robots\" content=\"index, follow, max-snippet:-1, max-image-preview:large, max-video-preview:-1\" \/>\n<link rel=\"canonical\" href=\"https:\/\/www.caissealliance.com\/fr\/clientele-scolaire\/liens-interessants\/\" \/>\n<meta property=\"og:locale\" content=\"fr_FR\" \/>\n<meta property=\"og:type\" content=\"article\" \/>\n<meta property=\"og:title\" content=\"Liens int\u00e9ressants | Caisse Alliance\" \/>\n<meta property=\"og:description\" content=\"Apprendre \u00e0 \u00e9pargner t\u00f4t, c&#8217;est payant! Compte \u00c9pargne jeunesse Jeux Zone Jeunesse (Radio-Canada) Caboucadin Jeux.com Jeux TFO Pepit\" \/>\n<meta property=\"og:url\" content=\"https:\/\/www.caissealliance.com\/fr\/clientele-scolaire\/liens-interessants\/\" \/>\n<meta property=\"og:site_name\" content=\"Caisse Alliance\" \/>\n<meta property=\"article:modified_time\" content=\"2024-11-18T15:38:06+00:00\" \/>\n<meta property=\"og:image\" content=\"https:\/\/www.caissealliance.com\/wp-content\/uploads\/jeunesse_produit.jpg\" \/>\n\t<meta property=\"og:image:width\" content=\"1620\" \/>\n\t<meta property=\"og:image:height\" content=\"792\" \/>\n\t<meta property=\"og:image:type\" content=\"image\/jpeg\" \/>\n<meta name=\"twitter:card\" content=\"summary_large_image\" \/>\n<meta name=\"twitter:label1\" content=\"Dur\u00e9e de lecture estim\u00e9e\" \/>\n\t<meta name=\"twitter:data1\" content=\"1 minute\" \/>\n<script type=\"application\/ld+json\" class=\"yoast-schema-graph\">{\"@context\":\"https:\\\/\\\/schema.org\",\"@graph\":[{\"@type\":\"WebPage\",\"@id\":\"https:\\\/\\\/www.caissealliance.com\\\/fr\\\/clientele-scolaire\\\/liens-interessants\\\/\",\"url\":\"https:\\\/\\\/www.caissealliance.com\\\/fr\\\/clientele-scolaire\\\/liens-interessants\\\/\",\"name\":\"Liens int\u00e9ressants | Caisse Alliance\",\"isPartOf\":{\"@id\":\"https:\\\/\\\/www.caissealliance.com\\\/fr\\\/#website\"},\"primaryImageOfPage\":{\"@id\":\"https:\\\/\\\/www.caissealliance.com\\\/fr\\\/clientele-scolaire\\\/liens-interessants\\\/#primaryimage\"},\"image\":{\"@id\":\"https:\\\/\\\/www.caissealliance.com\\\/fr\\\/clientele-scolaire\\\/liens-interessants\\\/#primaryimage\"},\"thumbnailUrl\":\"https:\\\/\\\/www.caissealliance.com\\\/wp-content\\\/uploads\\\/jeunesse_produit.jpg\",\"datePublished\":\"2019-04-10T17:27:43+00:00\",\"dateModified\":\"2024-11-18T15:38:06+00:00\",\"breadcrumb\":{\"@id\":\"https:\\\/\\\/www.caissealliance.com\\\/fr\\\/clientele-scolaire\\\/liens-interessants\\\/#breadcrumb\"},\"inLanguage\":\"fr-FR\",\"potentialAction\":[{\"@type\":\"ReadAction\",\"target\":[\"https:\\\/\\\/www.caissealliance.com\\\/fr\\\/clientele-scolaire\\\/liens-interessants\\\/\"]}]},{\"@type\":\"ImageObject\",\"inLanguage\":\"fr-FR\",\"@id\":\"https:\\\/\\\/www.caissealliance.com\\\/fr\\\/clientele-scolaire\\\/liens-interessants\\\/#primaryimage\",\"url\":\"https:\\\/\\\/www.caissealliance.com\\\/wp-content\\\/uploads\\\/jeunesse_produit.jpg\",\"contentUrl\":\"https:\\\/\\\/www.caissealliance.com\\\/wp-content\\\/uploads\\\/jeunesse_produit.jpg\",\"width\":1620,\"height\":792},{\"@type\":\"BreadcrumbList\",\"@id\":\"https:\\\/\\\/www.caissealliance.com\\\/fr\\\/clientele-scolaire\\\/liens-interessants\\\/#breadcrumb\",\"itemListElement\":[{\"@type\":\"ListItem\",\"position\":1,\"name\":\"Home\",\"item\":\"https:\\\/\\\/www.caissealliance.com\\\/fr\\\/\"},{\"@type\":\"ListItem\",\"position\":2,\"name\":\"Client\u00e8le scolaire\",\"item\":\"https:\\\/\\\/www.caissealliance.com\\\/fr\\\/school-zone\\\/\"},{\"@type\":\"ListItem\",\"position\":3,\"name\":\"Liens int\u00e9ressants\"}]},{\"@type\":\"WebSite\",\"@id\":\"https:\\\/\\\/www.caissealliance.com\\\/fr\\\/#website\",\"url\":\"https:\\\/\\\/www.caissealliance.com\\\/fr\\\/\",\"name\":\"Caisse Alliance\",\"description\":\"Site Web de la Caisse Alliance\",\"potentialAction\":[{\"@type\":\"SearchAction\",\"target\":{\"@type\":\"EntryPoint\",\"urlTemplate\":\"https:\\\/\\\/www.caissealliance.com\\\/fr\\\/?s={search_term_string}\"},\"query-input\":{\"@type\":\"PropertyValueSpecification\",\"valueRequired\":true,\"valueName\":\"search_term_string\"}}],\"inLanguage\":\"fr-FR\"}]}<\/script>\n<!-- \/ Yoast SEO plugin. -->","yoast_head_json":{"title":"Liens int\u00e9ressants | Caisse Alliance","robots":{"index":"index","follow":"follow","max-snippet":"max-snippet:-1","max-image-preview":"max-image-preview:large","max-video-preview":"max-video-preview:-1"},"canonical":"https:\/\/www.caissealliance.com\/fr\/clientele-scolaire\/liens-interessants\/","og_locale":"fr_FR","og_type":"article","og_title":"Liens int\u00e9ressants | Caisse Alliance","og_description":"Apprendre \u00e0 \u00e9pargner t\u00f4t, c&#8217;est payant! Compte \u00c9pargne jeunesse Jeux Zone Jeunesse (Radio-Canada) Caboucadin Jeux.com Jeux TFO Pepit","og_url":"https:\/\/www.caissealliance.com\/fr\/clientele-scolaire\/liens-interessants\/","og_site_name":"Caisse Alliance","article_modified_time":"2024-11-18T15:38:06+00:00","og_image":[{"width":1620,"height":792,"url":"https:\/\/www.caissealliance.com\/wp-content\/uploads\/jeunesse_produit.jpg","type":"image\/jpeg"}],"twitter_card":"summary_large_image","twitter_misc":{"Dur\u00e9e de lecture estim\u00e9e":"1 minute"},"schema":{"@context":"https:\/\/schema.org","@graph":[{"@type":"WebPage","@id":"https:\/\/www.caissealliance.com\/fr\/clientele-scolaire\/liens-interessants\/","url":"https:\/\/www.caissealliance.com\/fr\/clientele-scolaire\/liens-interessants\/","name":"Liens int\u00e9ressants | Caisse Alliance","isPartOf":{"@id":"https:\/\/www.caissealliance.com\/fr\/#website"},"primaryImageOfPage":{"@id":"https:\/\/www.caissealliance.com\/fr\/clientele-scolaire\/liens-interessants\/#primaryimage"},"image":{"@id":"https:\/\/www.caissealliance.com\/fr\/clientele-scolaire\/liens-interessants\/#primaryimage"},"thumbnailUrl":"https:\/\/www.caissealliance.com\/wp-content\/uploads\/jeunesse_produit.jpg","datePublished":"2019-04-10T17:27:43+00:00","dateModified":"2024-11-18T15:38:06+00:00","breadcrumb":{"@id":"https:\/\/www.caissealliance.com\/fr\/clientele-scolaire\/liens-interessants\/#breadcrumb"},"inLanguage":"fr-FR","potentialAction":[{"@type":"ReadAction","target":["https:\/\/www.caissealliance.com\/fr\/clientele-scolaire\/liens-interessants\/"]}]},{"@type":"ImageObject","inLanguage":"fr-FR","@id":"https:\/\/www.caissealliance.com\/fr\/clientele-scolaire\/liens-interessants\/#primaryimage","url":"https:\/\/www.caissealliance.com\/wp-content\/uploads\/jeunesse_produit.jpg","contentUrl":"https:\/\/www.caissealliance.com\/wp-content\/uploads\/jeunesse_produit.jpg","width":1620,"height":792},{"@type":"BreadcrumbList","@id":"https:\/\/www.caissealliance.com\/fr\/clientele-scolaire\/liens-interessants\/#breadcrumb","itemListElement":[{"@type":"ListItem","position":1,"name":"Home","item":"https:\/\/www.caissealliance.com\/fr\/"},{"@type":"ListItem","position":2,"name":"Client\u00e8le scolaire","item":"https:\/\/www.caissealliance.com\/fr\/school-zone\/"},{"@type":"ListItem","position":3,"name":"Liens int\u00e9ressants"}]},{"@type":"WebSite","@id":"https:\/\/www.caissealliance.com\/fr\/#website","url":"https:\/\/www.caissealliance.com\/fr\/","name":"Caisse Alliance","description":"Site Web de la Caisse Alliance","potentialAction":[{"@type":"SearchAction","target":{"@type":"EntryPoint","urlTemplate":"https:\/\/www.caissealliance.com\/fr\/?s={search_term_string}"},"query-input":{"@type":"PropertyValueSpecification","valueRequired":true,"valueName":"search_term_string"}}],"inLanguage":"fr-FR"}]}},"publishpress_future_action":{"enabled":false,"date":"2026-04-26 04:17:19","action":"change-status","newStatus":"draft","terms":[],"taxonomy":"section","extraData":[]},"publishpress_future_workflow_manual_trigger":{"enabledWorkflows":[]},"_links":{"self":[{"href":"https:\/\/www.caissealliance.com\/fr\/wp-json\/wp\/v2\/pages\/2501","targetHints":{"allow":["GET"]}}],"collection":[{"href":"https:\/\/www.caissealliance.com\/fr\/wp-json\/wp\/v2\/pages"}],"about":[{"href":"https:\/\/www.caissealliance.com\/fr\/wp-json\/wp\/v2\/types\/page"}],"author":[{"embeddable":true,"href":"https:\/\/www.caissealliance.com\/fr\/wp-json\/wp\/v2\/users\/1"}],"replies":[{"embeddable":true,"href":"https:\/\/www.caissealliance.com\/fr\/wp-json\/wp\/v2\/comments?post=2501"}],"version-history":[{"count":12,"href":"https:\/\/www.caissealliance.com\/fr\/wp-json\/wp\/v2\/pages\/2501\/revisions"}],"predecessor-version":[{"id":29931,"href":"https:\/\/www.caissealliance.com\/fr\/wp-json\/wp\/v2\/pages\/2501\/revisions\/29931"}],"up":[{"embeddable":true,"href":"https:\/\/www.caissealliance.com\/fr\/wp-json\/wp\/v2\/pages\/2496"}],"wp:featuredmedia":[{"embeddable":true,"href":"https:\/\/www.caissealliance.com\/fr\/wp-json\/wp\/v2\/media\/2110"}],"wp:attachment":[{"href":"https:\/\/www.caissealliance.com\/fr\/wp-json\/wp\/v2\/media?parent=2501"}],"curies":[{"name":"wp","href":"https:\/\/api.w.org\/{rel}","templated":true}]}}