{"id":2498,"date":"2019-04-10T13:27:39","date_gmt":"2019-04-10T17:27:39","guid":{"rendered":"http:\/\/caissealliance.absoludev.ca\/notre-role-educatif\/"},"modified":"2022-11-09T20:15:56","modified_gmt":"2022-11-10T01:15:56","slug":"notre-role-educatif","status":"publish","type":"page","link":"https:\/\/www.caissealliance.com\/fr\/clientele-scolaire\/notre-role-educatif\/","title":{"rendered":"Notre r\u00f4le \u00e9ducatif"},"content":{"rendered":"<h1>Notre r\u00f4le \u00e9ducatif<\/h1>\n<p>La Caisse Alliance veut fournir aux gens les moyens de se prendre en main et ainsi leur donner la possibilit\u00e9 d\u2019exercer un meilleur contr\u00f4le sur leurs conditions de vie. C\u2019est pourquoi il contribue \u00e0 l\u2019\u00e9ducation coop\u00e9rative, \u00e9conomique et financi\u00e8re de ses membres.<\/p>\n<h2><strong>Apprentissage de la gestion d\u2019une coop\u00e9rative de services financiers<\/strong><\/h2>\n<p>Conform\u00e9ment aux valeurs de la coop\u00e9ration, les caisses proposent \u00e0 leurs administrateurs \u00e9lus un programme de formation complet bas\u00e9 sur l\u2019exercice de leurs responsabilit\u00e9s. \u00catre administrateur \u00e9lu de caisse aujourd\u2019hui, c\u2019est devoir se pencher sur des questions de plus en plus complexes et \u00eatre soumis \u00e0 des exigences sans pr\u00e9c\u00e9dent en mati\u00e8re de gouvernance. Pour en savoir plus sur le <a href=\"https:\/\/www.caissealliance.com\/fr\/ma-caisse\/qui-nous-sommes\/structure-democratique\/role-de-ladministrateur-dune-caisse\/\" data-gc-link=\"https:\/\/www.caissealliance.com\/?p=1961\">r\u00f4le de l\u2019administrateur \u00e9lu<\/a>.<\/p>\n<h2><strong>\u00c9pargne jeunesse<\/strong><\/h2>\n<p>Comme il n\u2019est jamais trop t\u00f4t pour faire l\u2019apprentissage de l\u2019\u00e9pargne, la Caisse Alliance continue d\u2019offrir le programme \u00c9pargne jeunesse aux enfants. Anciennement connu sous le nom de Caisse \u00c9cole, le programme \u00c9pargne jeunesse est la plus ancienne activit\u00e9 \u00e9ducative soutenue par la Caisse. Elle permet aux \u00e9l\u00e8ves de d\u00e9couvrir la valeur de l\u2019\u00e9pargne.<\/p>\n<h2><strong>Caisses \u00e9tudiantes<\/strong><\/h2>\n<p>La Caisse est \u00e9galement pr\u00e9sente dans certaines \u00e9coles secondaires avec les caisses \u00e9tudiantes. Les jeunes y apprennent l\u2019importance de faire un budget et se familiarisent avec la gestion d\u2019une coop\u00e9rative financi\u00e8re.<\/p>\n<h2><strong>Soutien financier d\u2019organismes et d\u2019institutions d\u2019\u00e9ducation<\/strong><\/h2>\n<p>Nous appuyons financi\u00e8rement des organismes dont la mission est vou\u00e9e \u00e0 la jeunesse ainsi que des institutions d\u2019enseignement par l\u2019entremise de notre programme de commandites et dons.<\/p>\n","protected":false},"excerpt":{"rendered":"<p>La Caisse Alliance veut fournir aux gens les moyens de se prendre en main et ainsi leur donner la possibilit\u00e9 d\u2019exercer un meilleur contr\u00f4le sur leurs conditions de vie. C\u2019est pourquoi il contribue \u00e0 l\u2019\u00e9ducation coop\u00e9rative, \u00e9conomique et financi\u00e8re de ses membres. Conform\u00e9ment aux valeurs de la coop\u00e9ration, les caisses proposent \u00e0 leurs administrateurs \u00e9lus [&#8230;]<\/p>\n","protected":false},"author":1,"featured_media":2110,"parent":2496,"menu_order":1,"comment_status":"closed","ping_status":"closed","template":"","meta":{"_acf_changed":false,"_monsterinsights_skip_tracking":false,"_monsterinsights_sitenote_active":false,"_monsterinsights_sitenote_note":"","_monsterinsights_sitenote_category":0,"footnotes":""},"class_list":["post-2498","page","type-page","status-publish","has-post-thumbnail","hentry","section-clientele-scolaire"],"acf":[],"yoast_head":"<!-- This site is optimized with the Yoast SEO plugin v27.4 - https:\/\/yoast.com\/product\/yoast-seo-wordpress\/ -->\n<title>Notre r\u00f4le \u00e9ducatif | Caisse Alliance<\/title>\n<meta name=\"robots\" content=\"index, follow, max-snippet:-1, max-image-preview:large, max-video-preview:-1\" \/>\n<link rel=\"canonical\" href=\"https:\/\/www.caissealliance.com\/fr\/clientele-scolaire\/notre-role-educatif\/\" \/>\n<meta property=\"og:locale\" content=\"fr_FR\" \/>\n<meta property=\"og:type\" content=\"article\" \/>\n<meta property=\"og:title\" content=\"Notre r\u00f4le \u00e9ducatif | Caisse Alliance\" \/>\n<meta property=\"og:description\" content=\"La Caisse Alliance veut fournir aux gens les moyens de se prendre en main et ainsi leur donner la possibilit\u00e9 d\u2019exercer un meilleur contr\u00f4le sur leurs conditions de vie. C\u2019est pourquoi il contribue \u00e0 l\u2019\u00e9ducation coop\u00e9rative, \u00e9conomique et financi\u00e8re de ses membres. Conform\u00e9ment aux valeurs de la coop\u00e9ration, les caisses proposent \u00e0 leurs administrateurs \u00e9lus [...]\" \/>\n<meta property=\"og:url\" content=\"https:\/\/www.caissealliance.com\/fr\/clientele-scolaire\/notre-role-educatif\/\" \/>\n<meta property=\"og:site_name\" content=\"Caisse Alliance\" \/>\n<meta property=\"article:modified_time\" content=\"2022-11-10T01:15:56+00:00\" \/>\n<meta property=\"og:image\" content=\"https:\/\/www.caissealliance.com\/wp-content\/uploads\/jeunesse_produit.jpg\" \/>\n\t<meta property=\"og:image:width\" content=\"1620\" \/>\n\t<meta property=\"og:image:height\" content=\"792\" \/>\n\t<meta property=\"og:image:type\" content=\"image\/jpeg\" \/>\n<meta name=\"twitter:card\" content=\"summary_large_image\" \/>\n<meta name=\"twitter:label1\" content=\"Dur\u00e9e de lecture estim\u00e9e\" \/>\n\t<meta name=\"twitter:data1\" content=\"1 minute\" \/>\n<script type=\"application\/ld+json\" class=\"yoast-schema-graph\">{\"@context\":\"https:\\\/\\\/schema.org\",\"@graph\":[{\"@type\":\"WebPage\",\"@id\":\"https:\\\/\\\/www.caissealliance.com\\\/fr\\\/clientele-scolaire\\\/notre-role-educatif\\\/\",\"url\":\"https:\\\/\\\/www.caissealliance.com\\\/fr\\\/clientele-scolaire\\\/notre-role-educatif\\\/\",\"name\":\"Notre r\u00f4le \u00e9ducatif | Caisse Alliance\",\"isPartOf\":{\"@id\":\"https:\\\/\\\/www.caissealliance.com\\\/fr\\\/#website\"},\"primaryImageOfPage\":{\"@id\":\"https:\\\/\\\/www.caissealliance.com\\\/fr\\\/clientele-scolaire\\\/notre-role-educatif\\\/#primaryimage\"},\"image\":{\"@id\":\"https:\\\/\\\/www.caissealliance.com\\\/fr\\\/clientele-scolaire\\\/notre-role-educatif\\\/#primaryimage\"},\"thumbnailUrl\":\"https:\\\/\\\/www.caissealliance.com\\\/wp-content\\\/uploads\\\/jeunesse_produit.jpg\",\"datePublished\":\"2019-04-10T17:27:39+00:00\",\"dateModified\":\"2022-11-10T01:15:56+00:00\",\"breadcrumb\":{\"@id\":\"https:\\\/\\\/www.caissealliance.com\\\/fr\\\/clientele-scolaire\\\/notre-role-educatif\\\/#breadcrumb\"},\"inLanguage\":\"fr-FR\",\"potentialAction\":[{\"@type\":\"ReadAction\",\"target\":[\"https:\\\/\\\/www.caissealliance.com\\\/fr\\\/clientele-scolaire\\\/notre-role-educatif\\\/\"]}]},{\"@type\":\"ImageObject\",\"inLanguage\":\"fr-FR\",\"@id\":\"https:\\\/\\\/www.caissealliance.com\\\/fr\\\/clientele-scolaire\\\/notre-role-educatif\\\/#primaryimage\",\"url\":\"https:\\\/\\\/www.caissealliance.com\\\/wp-content\\\/uploads\\\/jeunesse_produit.jpg\",\"contentUrl\":\"https:\\\/\\\/www.caissealliance.com\\\/wp-content\\\/uploads\\\/jeunesse_produit.jpg\",\"width\":1620,\"height\":792},{\"@type\":\"BreadcrumbList\",\"@id\":\"https:\\\/\\\/www.caissealliance.com\\\/fr\\\/clientele-scolaire\\\/notre-role-educatif\\\/#breadcrumb\",\"itemListElement\":[{\"@type\":\"ListItem\",\"position\":1,\"name\":\"Home\",\"item\":\"https:\\\/\\\/www.caissealliance.com\\\/fr\\\/\"},{\"@type\":\"ListItem\",\"position\":2,\"name\":\"Client\u00e8le scolaire\",\"item\":\"https:\\\/\\\/www.caissealliance.com\\\/fr\\\/school-zone\\\/\"},{\"@type\":\"ListItem\",\"position\":3,\"name\":\"Notre r\u00f4le \u00e9ducatif\"}]},{\"@type\":\"WebSite\",\"@id\":\"https:\\\/\\\/www.caissealliance.com\\\/fr\\\/#website\",\"url\":\"https:\\\/\\\/www.caissealliance.com\\\/fr\\\/\",\"name\":\"Caisse Alliance\",\"description\":\"Site Web de la Caisse Alliance\",\"potentialAction\":[{\"@type\":\"SearchAction\",\"target\":{\"@type\":\"EntryPoint\",\"urlTemplate\":\"https:\\\/\\\/www.caissealliance.com\\\/fr\\\/?s={search_term_string}\"},\"query-input\":{\"@type\":\"PropertyValueSpecification\",\"valueRequired\":true,\"valueName\":\"search_term_string\"}}],\"inLanguage\":\"fr-FR\"}]}<\/script>\n<!-- \/ Yoast SEO plugin. -->","yoast_head_json":{"title":"Notre r\u00f4le \u00e9ducatif | Caisse Alliance","robots":{"index":"index","follow":"follow","max-snippet":"max-snippet:-1","max-image-preview":"max-image-preview:large","max-video-preview":"max-video-preview:-1"},"canonical":"https:\/\/www.caissealliance.com\/fr\/clientele-scolaire\/notre-role-educatif\/","og_locale":"fr_FR","og_type":"article","og_title":"Notre r\u00f4le \u00e9ducatif | Caisse Alliance","og_description":"La Caisse Alliance veut fournir aux gens les moyens de se prendre en main et ainsi leur donner la possibilit\u00e9 d\u2019exercer un meilleur contr\u00f4le sur leurs conditions de vie. C\u2019est pourquoi il contribue \u00e0 l\u2019\u00e9ducation coop\u00e9rative, \u00e9conomique et financi\u00e8re de ses membres. Conform\u00e9ment aux valeurs de la coop\u00e9ration, les caisses proposent \u00e0 leurs administrateurs \u00e9lus [...]","og_url":"https:\/\/www.caissealliance.com\/fr\/clientele-scolaire\/notre-role-educatif\/","og_site_name":"Caisse Alliance","article_modified_time":"2022-11-10T01:15:56+00:00","og_image":[{"width":1620,"height":792,"url":"https:\/\/www.caissealliance.com\/wp-content\/uploads\/jeunesse_produit.jpg","type":"image\/jpeg"}],"twitter_card":"summary_large_image","twitter_misc":{"Dur\u00e9e de lecture estim\u00e9e":"1 minute"},"schema":{"@context":"https:\/\/schema.org","@graph":[{"@type":"WebPage","@id":"https:\/\/www.caissealliance.com\/fr\/clientele-scolaire\/notre-role-educatif\/","url":"https:\/\/www.caissealliance.com\/fr\/clientele-scolaire\/notre-role-educatif\/","name":"Notre r\u00f4le \u00e9ducatif | Caisse Alliance","isPartOf":{"@id":"https:\/\/www.caissealliance.com\/fr\/#website"},"primaryImageOfPage":{"@id":"https:\/\/www.caissealliance.com\/fr\/clientele-scolaire\/notre-role-educatif\/#primaryimage"},"image":{"@id":"https:\/\/www.caissealliance.com\/fr\/clientele-scolaire\/notre-role-educatif\/#primaryimage"},"thumbnailUrl":"https:\/\/www.caissealliance.com\/wp-content\/uploads\/jeunesse_produit.jpg","datePublished":"2019-04-10T17:27:39+00:00","dateModified":"2022-11-10T01:15:56+00:00","breadcrumb":{"@id":"https:\/\/www.caissealliance.com\/fr\/clientele-scolaire\/notre-role-educatif\/#breadcrumb"},"inLanguage":"fr-FR","potentialAction":[{"@type":"ReadAction","target":["https:\/\/www.caissealliance.com\/fr\/clientele-scolaire\/notre-role-educatif\/"]}]},{"@type":"ImageObject","inLanguage":"fr-FR","@id":"https:\/\/www.caissealliance.com\/fr\/clientele-scolaire\/notre-role-educatif\/#primaryimage","url":"https:\/\/www.caissealliance.com\/wp-content\/uploads\/jeunesse_produit.jpg","contentUrl":"https:\/\/www.caissealliance.com\/wp-content\/uploads\/jeunesse_produit.jpg","width":1620,"height":792},{"@type":"BreadcrumbList","@id":"https:\/\/www.caissealliance.com\/fr\/clientele-scolaire\/notre-role-educatif\/#breadcrumb","itemListElement":[{"@type":"ListItem","position":1,"name":"Home","item":"https:\/\/www.caissealliance.com\/fr\/"},{"@type":"ListItem","position":2,"name":"Client\u00e8le scolaire","item":"https:\/\/www.caissealliance.com\/fr\/school-zone\/"},{"@type":"ListItem","position":3,"name":"Notre r\u00f4le \u00e9ducatif"}]},{"@type":"WebSite","@id":"https:\/\/www.caissealliance.com\/fr\/#website","url":"https:\/\/www.caissealliance.com\/fr\/","name":"Caisse Alliance","description":"Site Web de la Caisse Alliance","potentialAction":[{"@type":"SearchAction","target":{"@type":"EntryPoint","urlTemplate":"https:\/\/www.caissealliance.com\/fr\/?s={search_term_string}"},"query-input":{"@type":"PropertyValueSpecification","valueRequired":true,"valueName":"search_term_string"}}],"inLanguage":"fr-FR"}]}},"publishpress_future_action":{"enabled":false,"date":"2026-05-05 20:35:37","action":"change-status","newStatus":"draft","terms":[],"taxonomy":"section","extraData":[]},"publishpress_future_workflow_manual_trigger":{"enabledWorkflows":[]},"_links":{"self":[{"href":"https:\/\/www.caissealliance.com\/fr\/wp-json\/wp\/v2\/pages\/2498","targetHints":{"allow":["GET"]}}],"collection":[{"href":"https:\/\/www.caissealliance.com\/fr\/wp-json\/wp\/v2\/pages"}],"about":[{"href":"https:\/\/www.caissealliance.com\/fr\/wp-json\/wp\/v2\/types\/page"}],"author":[{"embeddable":true,"href":"https:\/\/www.caissealliance.com\/fr\/wp-json\/wp\/v2\/users\/1"}],"replies":[{"embeddable":true,"href":"https:\/\/www.caissealliance.com\/fr\/wp-json\/wp\/v2\/comments?post=2498"}],"version-history":[{"count":9,"href":"https:\/\/www.caissealliance.com\/fr\/wp-json\/wp\/v2\/pages\/2498\/revisions"}],"predecessor-version":[{"id":16870,"href":"https:\/\/www.caissealliance.com\/fr\/wp-json\/wp\/v2\/pages\/2498\/revisions\/16870"}],"up":[{"embeddable":true,"href":"https:\/\/www.caissealliance.com\/fr\/wp-json\/wp\/v2\/pages\/2496"}],"wp:featuredmedia":[{"embeddable":true,"href":"https:\/\/www.caissealliance.com\/fr\/wp-json\/wp\/v2\/media\/2110"}],"wp:attachment":[{"href":"https:\/\/www.caissealliance.com\/fr\/wp-json\/wp\/v2\/media?parent=2498"}],"curies":[{"name":"wp","href":"https:\/\/api.w.org\/{rel}","templated":true}]}}