{"id":2328,"date":"2019-04-08T11:53:54","date_gmt":"2019-04-08T15:53:54","guid":{"rendered":"http:\/\/caissealliance.absoludev.ca\/les-principes-cooperatifs-de-la-caisse\/"},"modified":"2025-02-10T10:04:33","modified_gmt":"2025-02-10T15:04:33","slug":"les-principes-cooperatifs-de-la-caisse","status":"publish","type":"page","link":"https:\/\/www.caissealliance.com\/fr\/ma-caisse\/implication-sociale\/les-principes-cooperatifs-de-la-caisse\/","title":{"rendered":"Les principes coop\u00e9ratifs de la Caisse"},"content":{"rendered":"<h1>Les principes coop\u00e9ratifs de la Caisse<\/h1>\n<p style=\"text-align: justify;\">Chaque caisse populaire fonctionne selon des principes coop\u00e9ratifs qui la distinguent des autres institutions financi\u00e8res.<\/p>\n<h2>Principes coop\u00e9ratifs<\/h2>\n<p>Les principes coop\u00e9ratifs constituent des rep\u00e8res qui guident les coop\u00e9ratives dans l\u2019application de leurs valeurs.<\/p>\n<h3><strong>1. Adh\u00e9sion volontaire et ouverte<\/strong><\/h3>\n<p>Les coop\u00e9ratives sont des organisations volontaires, ouvertes \u00e0 toute personne apte \u00e0 utiliser leurs services et pr\u00eates \u00e0 assumer les responsabilit\u00e9s qu\u2019entra\u00eene l\u2019adh\u00e9sion, sans subir aucune discrimination li\u00e9e \u00e0 son sexe, son statut social, sa race, son affiliation politique ou religieuse.<\/p>\n<h3><strong>2. Contr\u00f4le d\u00e9mocratique exerc\u00e9 par les membres<\/strong><\/h3>\n<p>Les coop\u00e9ratives sont des organisations d\u00e9mocratiques contr\u00f4l\u00e9es par leurs membres. Ceux-ci participent activement \u00e0 l\u2019\u00e9tablissement des politiques et \u00e0 la prise de d\u00e9cisions. Les personnes qui si\u00e8gent en tant que repr\u00e9sentants \u00e9lus sont responsables envers les membres. Dans les coop\u00e9ratives primaires, chaque membre jouit du m\u00eame droit de vote (un membre, une voix). Les coop\u00e9ratives d\u2019autres niveaux sont \u00e9galement organis\u00e9es de mani\u00e8re d\u00e9mocratique.<\/p>\n<h3><strong>3. Participation \u00e9conomique des membres<\/strong><\/h3>\n<p>Les membres contribuent \u00e9quitablement \u00e0, et contr\u00f4lent par voie d\u00e9mocratique, le capital investi dans leur coop\u00e9rative. En g\u00e9n\u00e9ral, au moins une partie de ce capital appartient commun\u00e9ment \u00e0 la coop\u00e9rative. Les membres ne b\u00e9n\u00e9ficient que d\u2019une r\u00e9mun\u00e9ration limit\u00e9e, si tant est qu\u2019ils en re\u00e7oivent une, du capital souscrit comme condition d\u2019adh\u00e9sion \u00e0 la coop\u00e9rative. Les membres allouent les exc\u00e9dents \u00e0 la r\u00e9alisation de tout ou partie des objectifs suivants : d\u00e9velopper leurs coop\u00e9ratives, \u00e9ventuellement en cr\u00e9ant des r\u00e9serves dont au moins une partie est indivisible ; en redistribuant aux membres en fonction des transactions effectu\u00e9es avec la coop\u00e9rative; et en soutenant d\u2019autres activit\u00e9s approuv\u00e9es par les membres.<\/p>\n<h3><strong>4. Autonomie et ind\u00e9pendance<\/strong><\/h3>\n<p>Les coop\u00e9ratives sont des entit\u00e9s autonomes. Elles sont des organisations d\u2019entraide contr\u00f4l\u00e9es par leurs membres. Si elles concluent des accords avec d\u2019autres organisations, y compris avec des gouvernements, ou si elles l\u00e8vent des capitaux provenant de sources externes, elles le font de mani\u00e8re \u00e0 s&#8217;assurer que les membres exercent un contr\u00f4le d\u00e9mocratique et conservent\u00a0leur autonomie.<\/p>\n<h3><strong>5. \u00c9ducation, formation et information<\/strong><\/h3>\n<p>Les coop\u00e9ratives proposent des formations \u00e0 leurs membres, \u00e0 leurs repr\u00e9sentants, \u00e0 leurs gestionnaires et \u00e0 leurs employ\u00e9s afin que ceux-ci puissent contribuer efficacement au d\u00e9veloppement de leur coop\u00e9rative. Elles sensibilisent par ailleurs le grand public, en particulier les jeunes et les d\u00e9cideurs, \u00e0 la nature et aux vertus de la coop\u00e9ration.<\/p>\n<h3><strong>6. Coop\u00e9ration entre les coop\u00e9ratives<\/strong><\/h3>\n<p>Les coop\u00e9ratives servent leurs membres le plus efficacement possible, et renforcent le mouvement coop\u00e9ratif en collaborant via des structures locales, nationales, r\u00e9gionales et internationales.<\/p>\n<h3><strong>7. Engagement envers la communaut\u00e9<\/strong><\/h3>\n<p>Les coop\u00e9ratives \u0153uvrent au d\u00e9veloppement durable de leur collectivit\u00e9 en appliquant des politiques approuv\u00e9es par leurs membres.<\/p>\n<h6><em>Source : Alliance Coop\u00e9rative Internationale<\/em><\/h6>\n","protected":false},"excerpt":{"rendered":"<p>Chaque caisse populaire fonctionne selon des principes coop\u00e9ratifs qui la distinguent des autres institutions financi\u00e8res. Les principes coop\u00e9ratifs constituent des rep\u00e8res qui guident les coop\u00e9ratives dans l\u2019application de leurs valeurs. Les coop\u00e9ratives sont des organisations volontaires, ouvertes \u00e0 toute personne apte \u00e0 utiliser leurs services et pr\u00eates \u00e0 assumer les responsabilit\u00e9s qu\u2019entra\u00eene l\u2019adh\u00e9sion, sans subir [&#8230;]<\/p>\n","protected":false},"author":1,"featured_media":0,"parent":2302,"menu_order":1,"comment_status":"closed","ping_status":"closed","template":"","meta":{"_acf_changed":false,"_monsterinsights_skip_tracking":false,"_monsterinsights_sitenote_active":false,"_monsterinsights_sitenote_note":"","_monsterinsights_sitenote_category":0,"footnotes":""},"class_list":["post-2328","page","type-page","status-publish","hentry","section-ma-caisse"],"acf":[],"yoast_head":"<!-- This site is optimized with the Yoast SEO plugin v27.4 - https:\/\/yoast.com\/product\/yoast-seo-wordpress\/ -->\n<title>Les principes coop\u00e9ratifs de la Caisse | Caisse Alliance<\/title>\n<meta name=\"robots\" content=\"index, follow, max-snippet:-1, max-image-preview:large, max-video-preview:-1\" \/>\n<link rel=\"canonical\" href=\"https:\/\/www.caissealliance.com\/fr\/ma-caisse\/implication-sociale\/les-principes-cooperatifs-de-la-caisse\/\" \/>\n<meta property=\"og:locale\" content=\"fr_FR\" \/>\n<meta property=\"og:type\" content=\"article\" \/>\n<meta property=\"og:title\" content=\"Les principes coop\u00e9ratifs de la Caisse | Caisse Alliance\" \/>\n<meta property=\"og:description\" content=\"Chaque caisse populaire fonctionne selon des principes coop\u00e9ratifs qui la distinguent des autres institutions financi\u00e8res. Les principes coop\u00e9ratifs constituent des rep\u00e8res qui guident les coop\u00e9ratives dans l\u2019application de leurs valeurs. Les coop\u00e9ratives sont des organisations volontaires, ouvertes \u00e0 toute personne apte \u00e0 utiliser leurs services et pr\u00eates \u00e0 assumer les responsabilit\u00e9s qu\u2019entra\u00eene l\u2019adh\u00e9sion, sans subir [...]\" \/>\n<meta property=\"og:url\" content=\"https:\/\/www.caissealliance.com\/fr\/ma-caisse\/implication-sociale\/les-principes-cooperatifs-de-la-caisse\/\" \/>\n<meta property=\"og:site_name\" content=\"Caisse Alliance\" \/>\n<meta property=\"article:modified_time\" content=\"2025-02-10T15:04:33+00:00\" \/>\n<meta name=\"twitter:card\" content=\"summary_large_image\" \/>\n<meta name=\"twitter:label1\" content=\"Dur\u00e9e de lecture estim\u00e9e\" \/>\n\t<meta name=\"twitter:data1\" content=\"3 minutes\" \/>\n<script type=\"application\/ld+json\" class=\"yoast-schema-graph\">{\"@context\":\"https:\\\/\\\/schema.org\",\"@graph\":[{\"@type\":\"WebPage\",\"@id\":\"https:\\\/\\\/www.caissealliance.com\\\/fr\\\/ma-caisse\\\/implication-sociale\\\/les-principes-cooperatifs-de-la-caisse\\\/\",\"url\":\"https:\\\/\\\/www.caissealliance.com\\\/fr\\\/ma-caisse\\\/implication-sociale\\\/les-principes-cooperatifs-de-la-caisse\\\/\",\"name\":\"Les principes coop\u00e9ratifs de la Caisse | Caisse Alliance\",\"isPartOf\":{\"@id\":\"https:\\\/\\\/www.caissealliance.com\\\/fr\\\/#website\"},\"datePublished\":\"2019-04-08T15:53:54+00:00\",\"dateModified\":\"2025-02-10T15:04:33+00:00\",\"breadcrumb\":{\"@id\":\"https:\\\/\\\/www.caissealliance.com\\\/fr\\\/ma-caisse\\\/implication-sociale\\\/les-principes-cooperatifs-de-la-caisse\\\/#breadcrumb\"},\"inLanguage\":\"fr-FR\",\"potentialAction\":[{\"@type\":\"ReadAction\",\"target\":[\"https:\\\/\\\/www.caissealliance.com\\\/fr\\\/ma-caisse\\\/implication-sociale\\\/les-principes-cooperatifs-de-la-caisse\\\/\"]}]},{\"@type\":\"BreadcrumbList\",\"@id\":\"https:\\\/\\\/www.caissealliance.com\\\/fr\\\/ma-caisse\\\/implication-sociale\\\/les-principes-cooperatifs-de-la-caisse\\\/#breadcrumb\",\"itemListElement\":[{\"@type\":\"ListItem\",\"position\":1,\"name\":\"Home\",\"item\":\"https:\\\/\\\/www.caissealliance.com\\\/fr\\\/\"},{\"@type\":\"ListItem\",\"position\":2,\"name\":\"Ma Caisse\",\"item\":\"https:\\\/\\\/www.caissealliance.com\\\/fr\\\/ma-caisse\\\/\"},{\"@type\":\"ListItem\",\"position\":3,\"name\":\"Implication sociale\",\"item\":\"https:\\\/\\\/www.caissealliance.com\\\/fr\\\/ma-caisse\\\/implication-sociale\\\/\"},{\"@type\":\"ListItem\",\"position\":4,\"name\":\"Les principes coop\u00e9ratifs de la Caisse\"}]},{\"@type\":\"WebSite\",\"@id\":\"https:\\\/\\\/www.caissealliance.com\\\/fr\\\/#website\",\"url\":\"https:\\\/\\\/www.caissealliance.com\\\/fr\\\/\",\"name\":\"Caisse Alliance\",\"description\":\"Site Web de la Caisse Alliance\",\"potentialAction\":[{\"@type\":\"SearchAction\",\"target\":{\"@type\":\"EntryPoint\",\"urlTemplate\":\"https:\\\/\\\/www.caissealliance.com\\\/fr\\\/?s={search_term_string}\"},\"query-input\":{\"@type\":\"PropertyValueSpecification\",\"valueRequired\":true,\"valueName\":\"search_term_string\"}}],\"inLanguage\":\"fr-FR\"}]}<\/script>\n<!-- \/ Yoast SEO plugin. -->","yoast_head_json":{"title":"Les principes coop\u00e9ratifs de la Caisse | Caisse Alliance","robots":{"index":"index","follow":"follow","max-snippet":"max-snippet:-1","max-image-preview":"max-image-preview:large","max-video-preview":"max-video-preview:-1"},"canonical":"https:\/\/www.caissealliance.com\/fr\/ma-caisse\/implication-sociale\/les-principes-cooperatifs-de-la-caisse\/","og_locale":"fr_FR","og_type":"article","og_title":"Les principes coop\u00e9ratifs de la Caisse | Caisse Alliance","og_description":"Chaque caisse populaire fonctionne selon des principes coop\u00e9ratifs qui la distinguent des autres institutions financi\u00e8res. Les principes coop\u00e9ratifs constituent des rep\u00e8res qui guident les coop\u00e9ratives dans l\u2019application de leurs valeurs. Les coop\u00e9ratives sont des organisations volontaires, ouvertes \u00e0 toute personne apte \u00e0 utiliser leurs services et pr\u00eates \u00e0 assumer les responsabilit\u00e9s qu\u2019entra\u00eene l\u2019adh\u00e9sion, sans subir [...]","og_url":"https:\/\/www.caissealliance.com\/fr\/ma-caisse\/implication-sociale\/les-principes-cooperatifs-de-la-caisse\/","og_site_name":"Caisse Alliance","article_modified_time":"2025-02-10T15:04:33+00:00","twitter_card":"summary_large_image","twitter_misc":{"Dur\u00e9e de lecture estim\u00e9e":"3 minutes"},"schema":{"@context":"https:\/\/schema.org","@graph":[{"@type":"WebPage","@id":"https:\/\/www.caissealliance.com\/fr\/ma-caisse\/implication-sociale\/les-principes-cooperatifs-de-la-caisse\/","url":"https:\/\/www.caissealliance.com\/fr\/ma-caisse\/implication-sociale\/les-principes-cooperatifs-de-la-caisse\/","name":"Les principes coop\u00e9ratifs de la Caisse | Caisse Alliance","isPartOf":{"@id":"https:\/\/www.caissealliance.com\/fr\/#website"},"datePublished":"2019-04-08T15:53:54+00:00","dateModified":"2025-02-10T15:04:33+00:00","breadcrumb":{"@id":"https:\/\/www.caissealliance.com\/fr\/ma-caisse\/implication-sociale\/les-principes-cooperatifs-de-la-caisse\/#breadcrumb"},"inLanguage":"fr-FR","potentialAction":[{"@type":"ReadAction","target":["https:\/\/www.caissealliance.com\/fr\/ma-caisse\/implication-sociale\/les-principes-cooperatifs-de-la-caisse\/"]}]},{"@type":"BreadcrumbList","@id":"https:\/\/www.caissealliance.com\/fr\/ma-caisse\/implication-sociale\/les-principes-cooperatifs-de-la-caisse\/#breadcrumb","itemListElement":[{"@type":"ListItem","position":1,"name":"Home","item":"https:\/\/www.caissealliance.com\/fr\/"},{"@type":"ListItem","position":2,"name":"Ma Caisse","item":"https:\/\/www.caissealliance.com\/fr\/ma-caisse\/"},{"@type":"ListItem","position":3,"name":"Implication sociale","item":"https:\/\/www.caissealliance.com\/fr\/ma-caisse\/implication-sociale\/"},{"@type":"ListItem","position":4,"name":"Les principes coop\u00e9ratifs de la Caisse"}]},{"@type":"WebSite","@id":"https:\/\/www.caissealliance.com\/fr\/#website","url":"https:\/\/www.caissealliance.com\/fr\/","name":"Caisse Alliance","description":"Site Web de la Caisse Alliance","potentialAction":[{"@type":"SearchAction","target":{"@type":"EntryPoint","urlTemplate":"https:\/\/www.caissealliance.com\/fr\/?s={search_term_string}"},"query-input":{"@type":"PropertyValueSpecification","valueRequired":true,"valueName":"search_term_string"}}],"inLanguage":"fr-FR"}]}},"publishpress_future_action":{"enabled":false,"date":"2026-05-05 19:21:09","action":"change-status","newStatus":"draft","terms":[],"taxonomy":"section","extraData":[]},"publishpress_future_workflow_manual_trigger":{"enabledWorkflows":[]},"_links":{"self":[{"href":"https:\/\/www.caissealliance.com\/fr\/wp-json\/wp\/v2\/pages\/2328","targetHints":{"allow":["GET"]}}],"collection":[{"href":"https:\/\/www.caissealliance.com\/fr\/wp-json\/wp\/v2\/pages"}],"about":[{"href":"https:\/\/www.caissealliance.com\/fr\/wp-json\/wp\/v2\/types\/page"}],"author":[{"embeddable":true,"href":"https:\/\/www.caissealliance.com\/fr\/wp-json\/wp\/v2\/users\/1"}],"replies":[{"embeddable":true,"href":"https:\/\/www.caissealliance.com\/fr\/wp-json\/wp\/v2\/comments?post=2328"}],"version-history":[{"count":16,"href":"https:\/\/www.caissealliance.com\/fr\/wp-json\/wp\/v2\/pages\/2328\/revisions"}],"predecessor-version":[{"id":31047,"href":"https:\/\/www.caissealliance.com\/fr\/wp-json\/wp\/v2\/pages\/2328\/revisions\/31047"}],"up":[{"embeddable":true,"href":"https:\/\/www.caissealliance.com\/fr\/wp-json\/wp\/v2\/pages\/2302"}],"wp:attachment":[{"href":"https:\/\/www.caissealliance.com\/fr\/wp-json\/wp\/v2\/media?parent=2328"}],"curies":[{"name":"wp","href":"https:\/\/api.w.org\/{rel}","templated":true}]}}