{"id":2327,"date":"2019-04-08T11:53:52","date_gmt":"2019-04-08T15:53:52","guid":{"rendered":"http:\/\/caissealliance.absoludev.ca\/pourquoi-choisir-une-caisse-plutot-quune-banque\/"},"modified":"2021-05-05T13:36:11","modified_gmt":"2021-05-05T17:36:11","slug":"pourquoi-choisir-une-caisse-vs-banque","status":"publish","type":"page","link":"https:\/\/www.caissealliance.com\/fr\/ma-caisse\/qui-nous-sommes\/pourquoi-choisir-une-caisse-vs-banque\/","title":{"rendered":"Pourquoi choisir une caisse plut\u00f4t qu&#8217;une banque?"},"content":{"rendered":"<h1>Pourquoi choisir une caisse plut\u00f4t qu&#8217;une banque?<\/h1>\n<h2>Caisse ou banque, y a-t-il vraiment une diff\u00e9rence?<\/h2>\n<p><iframe style=\"float: right;\" title=\"Caisse ou banque, y a-t-il vraiment une diff\u00e9rence?\" src=\"https:\/\/www.youtube.com\/embed\/4lr8r2x3OpQ\" width=\"560\" height=\"315\" frameborder=\"0\" allowfullscreen=\"allowfullscreen\"><span data-mce-type=\"bookmark\" style=\"display: inline-block; width: 0px; overflow: hidden; line-height: 0;\" class=\"mce_SELRES_start\">\ufeff<\/span><\/iframe><br \/>\nLes caisses et les banques sont les deux principaux types d&#8217;institutions financi\u00e8res qui offrent des services bancaires aux particuliers.<\/p>\n<p>C&#8217;est essentiellement le mod\u00e8le coop\u00e9ratif qui distingue une caisse d&#8217;une banque. Alors qu&#8217;une banque est d\u00e9tenue et administr\u00e9e par quelques actionnaires, une caisse appartient \u00e0 ses membres.<\/p>\n<p>En tant que membre d&#8217;une Caisse, vous pouvez participer \u00e0 sa gestion et recevoir une partie de ses surplus financiers sous forme de\u00a0<a href=\"https:\/\/www.caissealliance.com\/fr\/ma-caisse\/qui-nous-sommes\/quest-ce-que-la-ristourne\/\" data-gc-link=\"https:\/\/www.caissealliance.com\/?p=1181\">ristournes<\/a>\u00a0lorsque ses r\u00e9sultats le permettent.<\/p>\n<table data-wrap-id=\"table-id-xnkmr\">\n<tbody>\n<tr data-wrap-id=\"table-row-qaxvk\">\n<th data-wrap-id=\"table-cell-tmtbs\"><\/th>\n<th style=\"text-align: center;\" data-wrap-id=\"table-cell-sayjt\"><strong>Caisse<\/strong><\/th>\n<th style=\"text-align: center;\" data-wrap-id=\"table-cell-zfhbp\"><strong>Banque<\/strong><\/th>\n<\/tr>\n<tr data-wrap-id=\"table-row-wornl\">\n<td data-wrap-id=\"table-cell-fepzs\"><strong>Sa nature<\/strong><\/td>\n<td data-wrap-id=\"table-cell-yfyrb\">Coop\u00e9rative de services financiers.<\/td>\n<td data-wrap-id=\"table-cell-hulkj\">\u00c9tablissement priv\u00e9.<\/td>\n<\/tr>\n<tr data-wrap-id=\"table-row-dkfwi\">\n<td data-wrap-id=\"table-cell-suqkx\"><strong>Ses propri\u00e9taires<\/strong><\/td>\n<td data-wrap-id=\"table-cell-xvpkg\">Les membres de la Caisse.<\/td>\n<td data-wrap-id=\"table-cell-cxhol\">Quelques actionnaires.<\/td>\n<\/tr>\n<tr data-wrap-id=\"table-row-xnyez\">\n<td data-wrap-id=\"table-cell-paazs\"><strong>Son objectif<\/strong><\/td>\n<td data-wrap-id=\"table-cell-tajsm\">Le mieux-\u00eatre \u00e9conomique et social de tous ses membres et le d\u00e9veloppement \u00e9conomique de son milieu, par exemple en :<\/p>\n<ul>\n<li data-gc-list-depth=\"1\" data-gc-list-style=\"bullet\">commanditant un \u00e9v\u00e9nement;<\/li>\n<li data-gc-list-depth=\"1\" data-gc-list-style=\"bullet\">donnant de l\u2019argent \u00e0 un organisme communautaire;<\/li>\n<li data-gc-list-depth=\"1\" data-gc-list-style=\"bullet\">remettant des bourses d\u2019\u00e9tudes.<\/li>\n<\/ul>\n<\/td>\n<td data-wrap-id=\"table-cell-zbkrh\">L\u2019enrichissement de ses actionnaires.<\/td>\n<\/tr>\n<tr data-wrap-id=\"table-row-vhcao\">\n<td data-wrap-id=\"table-cell-jakht\"><strong>Sa gestion<\/strong><\/td>\n<td data-wrap-id=\"table-cell-smmah\">Chaque caisse populaire est administr\u00e9e par des dirigeants du milieu qui sont \u00e9lus par les membres.<\/td>\n<td data-wrap-id=\"table-cell-yybot\">Est g\u00e9r\u00e9e par le si\u00e8ge social qui est souvent situ\u00e9 \u00e0 l\u2019ext\u00e9rieur de la ville de ses clients.<\/td>\n<\/tr>\n<tr data-wrap-id=\"table-row-wqjuj\">\n<td data-wrap-id=\"table-cell-pcpdu\"><strong>Participation \u00e0 l\u2019assembl\u00e9e g\u00e9n\u00e9rale annuelle et vote<\/strong><\/td>\n<td data-wrap-id=\"table-cell-wvbvd\">\n<p>Tous les membres peuvent participer \u00e0 l\u2019assembl\u00e9e g\u00e9n\u00e9rale annuelle de leur caisse populaire, y voter et proposer leur candidature pour devenir dirigeant.<\/p>\n<p>Un membre = un vote<\/td>\n<td data-wrap-id=\"table-cell-efkbz\">\n<p>Seuls les actionnaires assistent \u00e0 l\u2019assembl\u00e9e g\u00e9n\u00e9rale annuelle de la banque.<\/p>\n<p>Une action = un vote<\/td>\n<\/tr>\n<tr data-wrap-id=\"table-row-ygeej\">\n<td data-wrap-id=\"table-cell-eetfc\"><strong>Distribution des surplus d\u2019argent<\/strong><\/td>\n<td data-wrap-id=\"table-cell-zbzap\">Retourne une partie de ses exc\u00e9dents aux membres et \u00e0 la collectivit\u00e9 sous forme de <a href=\"https:\/\/www.caissealliance.com\/fr\/ma-caisse\/qui-nous-sommes\/quest-ce-que-la-ristourne\/\" target=\"_blank\" rel=\"noopener noreferrer\" data-gc-link=\"https:\/\/www.caissealliance.com\/?p=1181\">ristournes<\/a>, lorsque ses r\u00e9sultats le permettent.<\/td>\n<td data-wrap-id=\"table-cell-efxif\">Distribue une partie de ses profits \u00e0 un petit groupe d\u2019actionnaires sous forme de <a href=\"https:\/\/www.caissealliance.com\/fr\/particulier\/jeunesse\/vocabulaire-de-la-finance\/\" target=\"_blank\" rel=\"noopener noreferrer\" data-gc-link=\"https:\/\/www.caissealliance.com\/?p=1893\">dividendes<\/a>.<\/td>\n<\/tr>\n<\/tbody>\n<\/table>\n<p>&nbsp;<\/p>\n","protected":false},"excerpt":{"rendered":"<p>\ufeff Les caisses et les banques sont les deux principaux types d&#8217;institutions financi\u00e8res qui offrent des services bancaires aux particuliers. C&#8217;est essentiellement le mod\u00e8le coop\u00e9ratif qui distingue une caisse d&#8217;une banque. Alors qu&#8217;une banque est d\u00e9tenue et administr\u00e9e par quelques actionnaires, une caisse appartient \u00e0 ses membres. En tant que membre d&#8217;une Caisse, vous pouvez [&#8230;]<\/p>\n","protected":false},"author":1,"featured_media":0,"parent":2294,"menu_order":6,"comment_status":"closed","ping_status":"closed","template":"","meta":{"_acf_changed":false,"_monsterinsights_skip_tracking":false,"_monsterinsights_sitenote_active":false,"_monsterinsights_sitenote_note":"","_monsterinsights_sitenote_category":0,"footnotes":""},"class_list":["post-2327","page","type-page","status-publish","hentry","section-ma-caisse"],"acf":[],"yoast_head":"<!-- This site is optimized with the Yoast SEO plugin v27.3 - https:\/\/yoast.com\/product\/yoast-seo-wordpress\/ -->\n<title>Pourquoi choisir une caisse plut\u00f4t qu&#039;une banque? | Caisse Alliance<\/title>\n<meta name=\"robots\" content=\"index, follow, max-snippet:-1, max-image-preview:large, max-video-preview:-1\" \/>\n<link rel=\"canonical\" href=\"https:\/\/www.caissealliance.com\/fr\/ma-caisse\/qui-nous-sommes\/pourquoi-choisir-une-caisse-vs-banque\/\" \/>\n<meta property=\"og:locale\" content=\"fr_FR\" \/>\n<meta property=\"og:type\" content=\"article\" \/>\n<meta property=\"og:title\" content=\"Pourquoi choisir une caisse plut\u00f4t qu&#039;une banque? | Caisse Alliance\" \/>\n<meta property=\"og:description\" content=\"\ufeff Les caisses et les banques sont les deux principaux types d&#8217;institutions financi\u00e8res qui offrent des services bancaires aux particuliers. C&#8217;est essentiellement le mod\u00e8le coop\u00e9ratif qui distingue une caisse d&#8217;une banque. Alors qu&#8217;une banque est d\u00e9tenue et administr\u00e9e par quelques actionnaires, une caisse appartient \u00e0 ses membres. En tant que membre d&#8217;une Caisse, vous pouvez [...]\" \/>\n<meta property=\"og:url\" content=\"https:\/\/www.caissealliance.com\/fr\/ma-caisse\/qui-nous-sommes\/pourquoi-choisir-une-caisse-vs-banque\/\" \/>\n<meta property=\"og:site_name\" content=\"Caisse Alliance\" \/>\n<meta property=\"article:modified_time\" content=\"2021-05-05T17:36:11+00:00\" \/>\n<meta name=\"twitter:card\" content=\"summary_large_image\" \/>\n<meta name=\"twitter:label1\" content=\"Dur\u00e9e de lecture estim\u00e9e\" \/>\n\t<meta name=\"twitter:data1\" content=\"2 minutes\" \/>\n<script type=\"application\/ld+json\" class=\"yoast-schema-graph\">{\"@context\":\"https:\\\/\\\/schema.org\",\"@graph\":[{\"@type\":\"WebPage\",\"@id\":\"https:\\\/\\\/www.caissealliance.com\\\/fr\\\/ma-caisse\\\/qui-nous-sommes\\\/pourquoi-choisir-une-caisse-vs-banque\\\/\",\"url\":\"https:\\\/\\\/www.caissealliance.com\\\/fr\\\/ma-caisse\\\/qui-nous-sommes\\\/pourquoi-choisir-une-caisse-vs-banque\\\/\",\"name\":\"Pourquoi choisir une caisse plut\u00f4t qu'une banque? | Caisse Alliance\",\"isPartOf\":{\"@id\":\"https:\\\/\\\/www.caissealliance.com\\\/fr\\\/#website\"},\"datePublished\":\"2019-04-08T15:53:52+00:00\",\"dateModified\":\"2021-05-05T17:36:11+00:00\",\"breadcrumb\":{\"@id\":\"https:\\\/\\\/www.caissealliance.com\\\/fr\\\/ma-caisse\\\/qui-nous-sommes\\\/pourquoi-choisir-une-caisse-vs-banque\\\/#breadcrumb\"},\"inLanguage\":\"fr-FR\",\"potentialAction\":[{\"@type\":\"ReadAction\",\"target\":[\"https:\\\/\\\/www.caissealliance.com\\\/fr\\\/ma-caisse\\\/qui-nous-sommes\\\/pourquoi-choisir-une-caisse-vs-banque\\\/\"]}]},{\"@type\":\"BreadcrumbList\",\"@id\":\"https:\\\/\\\/www.caissealliance.com\\\/fr\\\/ma-caisse\\\/qui-nous-sommes\\\/pourquoi-choisir-une-caisse-vs-banque\\\/#breadcrumb\",\"itemListElement\":[{\"@type\":\"ListItem\",\"position\":1,\"name\":\"Home\",\"item\":\"https:\\\/\\\/www.caissealliance.com\\\/fr\\\/\"},{\"@type\":\"ListItem\",\"position\":2,\"name\":\"Ma Caisse\",\"item\":\"https:\\\/\\\/www.caissealliance.com\\\/fr\\\/ma-caisse\\\/\"},{\"@type\":\"ListItem\",\"position\":3,\"name\":\"Qui nous sommes\",\"item\":\"https:\\\/\\\/www.caissealliance.com\\\/fr\\\/ma-caisse\\\/qui-nous-sommes\\\/\"},{\"@type\":\"ListItem\",\"position\":4,\"name\":\"Pourquoi choisir une caisse plut\u00f4t qu&rsquo;une banque?\"}]},{\"@type\":\"WebSite\",\"@id\":\"https:\\\/\\\/www.caissealliance.com\\\/fr\\\/#website\",\"url\":\"https:\\\/\\\/www.caissealliance.com\\\/fr\\\/\",\"name\":\"Caisse Alliance\",\"description\":\"Site Web de la Caisse Alliance\",\"potentialAction\":[{\"@type\":\"SearchAction\",\"target\":{\"@type\":\"EntryPoint\",\"urlTemplate\":\"https:\\\/\\\/www.caissealliance.com\\\/fr\\\/?s={search_term_string}\"},\"query-input\":{\"@type\":\"PropertyValueSpecification\",\"valueRequired\":true,\"valueName\":\"search_term_string\"}}],\"inLanguage\":\"fr-FR\"}]}<\/script>\n<!-- \/ Yoast SEO plugin. -->","yoast_head_json":{"title":"Pourquoi choisir une caisse plut\u00f4t qu'une banque? | Caisse Alliance","robots":{"index":"index","follow":"follow","max-snippet":"max-snippet:-1","max-image-preview":"max-image-preview:large","max-video-preview":"max-video-preview:-1"},"canonical":"https:\/\/www.caissealliance.com\/fr\/ma-caisse\/qui-nous-sommes\/pourquoi-choisir-une-caisse-vs-banque\/","og_locale":"fr_FR","og_type":"article","og_title":"Pourquoi choisir une caisse plut\u00f4t qu'une banque? | Caisse Alliance","og_description":"\ufeff Les caisses et les banques sont les deux principaux types d&#8217;institutions financi\u00e8res qui offrent des services bancaires aux particuliers. C&#8217;est essentiellement le mod\u00e8le coop\u00e9ratif qui distingue une caisse d&#8217;une banque. Alors qu&#8217;une banque est d\u00e9tenue et administr\u00e9e par quelques actionnaires, une caisse appartient \u00e0 ses membres. En tant que membre d&#8217;une Caisse, vous pouvez [...]","og_url":"https:\/\/www.caissealliance.com\/fr\/ma-caisse\/qui-nous-sommes\/pourquoi-choisir-une-caisse-vs-banque\/","og_site_name":"Caisse Alliance","article_modified_time":"2021-05-05T17:36:11+00:00","twitter_card":"summary_large_image","twitter_misc":{"Dur\u00e9e de lecture estim\u00e9e":"2 minutes"},"schema":{"@context":"https:\/\/schema.org","@graph":[{"@type":"WebPage","@id":"https:\/\/www.caissealliance.com\/fr\/ma-caisse\/qui-nous-sommes\/pourquoi-choisir-une-caisse-vs-banque\/","url":"https:\/\/www.caissealliance.com\/fr\/ma-caisse\/qui-nous-sommes\/pourquoi-choisir-une-caisse-vs-banque\/","name":"Pourquoi choisir une caisse plut\u00f4t qu'une banque? | Caisse Alliance","isPartOf":{"@id":"https:\/\/www.caissealliance.com\/fr\/#website"},"datePublished":"2019-04-08T15:53:52+00:00","dateModified":"2021-05-05T17:36:11+00:00","breadcrumb":{"@id":"https:\/\/www.caissealliance.com\/fr\/ma-caisse\/qui-nous-sommes\/pourquoi-choisir-une-caisse-vs-banque\/#breadcrumb"},"inLanguage":"fr-FR","potentialAction":[{"@type":"ReadAction","target":["https:\/\/www.caissealliance.com\/fr\/ma-caisse\/qui-nous-sommes\/pourquoi-choisir-une-caisse-vs-banque\/"]}]},{"@type":"BreadcrumbList","@id":"https:\/\/www.caissealliance.com\/fr\/ma-caisse\/qui-nous-sommes\/pourquoi-choisir-une-caisse-vs-banque\/#breadcrumb","itemListElement":[{"@type":"ListItem","position":1,"name":"Home","item":"https:\/\/www.caissealliance.com\/fr\/"},{"@type":"ListItem","position":2,"name":"Ma Caisse","item":"https:\/\/www.caissealliance.com\/fr\/ma-caisse\/"},{"@type":"ListItem","position":3,"name":"Qui nous sommes","item":"https:\/\/www.caissealliance.com\/fr\/ma-caisse\/qui-nous-sommes\/"},{"@type":"ListItem","position":4,"name":"Pourquoi choisir une caisse plut\u00f4t qu&rsquo;une banque?"}]},{"@type":"WebSite","@id":"https:\/\/www.caissealliance.com\/fr\/#website","url":"https:\/\/www.caissealliance.com\/fr\/","name":"Caisse Alliance","description":"Site Web de la Caisse Alliance","potentialAction":[{"@type":"SearchAction","target":{"@type":"EntryPoint","urlTemplate":"https:\/\/www.caissealliance.com\/fr\/?s={search_term_string}"},"query-input":{"@type":"PropertyValueSpecification","valueRequired":true,"valueName":"search_term_string"}}],"inLanguage":"fr-FR"}]}},"publishpress_future_action":{"enabled":false,"date":"2026-04-23 08:18:53","action":"change-status","newStatus":"draft","terms":[],"taxonomy":"section","extraData":[]},"publishpress_future_workflow_manual_trigger":{"enabledWorkflows":[]},"_links":{"self":[{"href":"https:\/\/www.caissealliance.com\/fr\/wp-json\/wp\/v2\/pages\/2327","targetHints":{"allow":["GET"]}}],"collection":[{"href":"https:\/\/www.caissealliance.com\/fr\/wp-json\/wp\/v2\/pages"}],"about":[{"href":"https:\/\/www.caissealliance.com\/fr\/wp-json\/wp\/v2\/types\/page"}],"author":[{"embeddable":true,"href":"https:\/\/www.caissealliance.com\/fr\/wp-json\/wp\/v2\/users\/1"}],"replies":[{"embeddable":true,"href":"https:\/\/www.caissealliance.com\/fr\/wp-json\/wp\/v2\/comments?post=2327"}],"version-history":[{"count":10,"href":"https:\/\/www.caissealliance.com\/fr\/wp-json\/wp\/v2\/pages\/2327\/revisions"}],"predecessor-version":[{"id":12494,"href":"https:\/\/www.caissealliance.com\/fr\/wp-json\/wp\/v2\/pages\/2327\/revisions\/12494"}],"up":[{"embeddable":true,"href":"https:\/\/www.caissealliance.com\/fr\/wp-json\/wp\/v2\/pages\/2294"}],"wp:attachment":[{"href":"https:\/\/www.caissealliance.com\/fr\/wp-json\/wp\/v2\/media?parent=2327"}],"curies":[{"name":"wp","href":"https:\/\/api.w.org\/{rel}","templated":true}]}}