{"id":2323,"date":"2019-04-08T11:53:46","date_gmt":"2019-04-08T15:53:46","guid":{"rendered":"http:\/\/caissealliance.absoludev.ca\/projets-et-realisations\/"},"modified":"2024-09-26T09:18:10","modified_gmt":"2024-09-26T13:18:10","slug":"projets-et-realisations","status":"publish","type":"page","link":"https:\/\/www.caissealliance.com\/fr\/ma-caisse\/implication-sociale\/projets-et-realisations\/","title":{"rendered":"Projets et r\u00e9alisations"},"content":{"rendered":"<h1>Projets et r\u00e9alisations<\/h1>\n<h2>Votre Caisse, c&#8217;est bien plus qu&#8217;une institution financi\u00e8re<\/h2>\n<h3>Nous sommes fiers de vous pr\u00e9senter ce bilan qui t\u00e9moigne des actions concr\u00e8tes men\u00e9es cette ann\u00e9e pour soutenir le\u00a0d\u00e9veloppement de nos communaut\u00e9s.<\/h3>\n<p>La rentabilit\u00e9 d\u2019une coop\u00e9rative n\u2019est pas une fin, mais un moyen. Notre v\u00e9ritable objectif : toujours mieux servir les int\u00e9r\u00eats de nos membres. Nous sommes convaincus que les int\u00e9r\u00eats de nos membres et ceux de leurs communaut\u00e9s sont \u00e9troitement li\u00e9s.<\/p>\n<p>Il nous para\u00eet donc essentiel de soutenir le d\u00e9veloppement d&#8217;organisations locales qu&#8217;elles soit \u00e0 vocation culturelle, sociale, \u00e9ducative, sportive, m\u00e9dicale, \u00e9conomique ou communautaire.<\/p>\n<p>Nous sommes fiers que notre performance financi\u00e8re nous ait permis encore cette ann\u00e9e de contribuer \u00e0 l\u2019essor de communaut\u00e9s d&#8217;un bout \u00e0 l&#8217;autre de l&#8217;Ontario.<\/p>\n","protected":false},"excerpt":{"rendered":"<p>La rentabilit\u00e9 d\u2019une coop\u00e9rative n\u2019est pas une fin, mais un moyen. Notre v\u00e9ritable objectif : toujours mieux servir les int\u00e9r\u00eats de nos membres. Nous sommes convaincus que les int\u00e9r\u00eats de nos membres et ceux de leurs communaut\u00e9s sont \u00e9troitement li\u00e9s. Il nous para\u00eet donc essentiel de soutenir le d\u00e9veloppement d&#8217;organisations locales qu&#8217;elles soit \u00e0 vocation [&#8230;]<\/p>\n","protected":false},"author":1,"featured_media":0,"parent":2302,"menu_order":3,"comment_status":"closed","ping_status":"closed","template":"","meta":{"_acf_changed":false,"_monsterinsights_skip_tracking":false,"_monsterinsights_sitenote_active":false,"_monsterinsights_sitenote_note":"","_monsterinsights_sitenote_category":0,"footnotes":""},"class_list":["post-2323","page","type-page","status-publish","hentry","section-ma-caisse"],"acf":[],"yoast_head":"<!-- This site is optimized with the Yoast SEO plugin v27.3 - https:\/\/yoast.com\/product\/yoast-seo-wordpress\/ -->\n<title>Projets et r\u00e9alisations | Caisse Alliance<\/title>\n<meta name=\"robots\" content=\"index, follow, max-snippet:-1, max-image-preview:large, max-video-preview:-1\" \/>\n<link rel=\"canonical\" href=\"https:\/\/www.caissealliance.com\/fr\/ma-caisse\/implication-sociale\/projets-et-realisations\/\" \/>\n<meta property=\"og:locale\" content=\"fr_FR\" \/>\n<meta property=\"og:type\" content=\"article\" \/>\n<meta property=\"og:title\" content=\"Projets et r\u00e9alisations | Caisse Alliance\" \/>\n<meta property=\"og:description\" content=\"La rentabilit\u00e9 d\u2019une coop\u00e9rative n\u2019est pas une fin, mais un moyen. Notre v\u00e9ritable objectif : toujours mieux servir les int\u00e9r\u00eats de nos membres. Nous sommes convaincus que les int\u00e9r\u00eats de nos membres et ceux de leurs communaut\u00e9s sont \u00e9troitement li\u00e9s. Il nous para\u00eet donc essentiel de soutenir le d\u00e9veloppement d&#8217;organisations locales qu&#8217;elles soit \u00e0 vocation [...]\" \/>\n<meta property=\"og:url\" content=\"https:\/\/www.caissealliance.com\/fr\/ma-caisse\/implication-sociale\/projets-et-realisations\/\" \/>\n<meta property=\"og:site_name\" content=\"Caisse Alliance\" \/>\n<meta property=\"article:modified_time\" content=\"2024-09-26T13:18:10+00:00\" \/>\n<meta name=\"twitter:card\" content=\"summary_large_image\" \/>\n<meta name=\"twitter:label1\" content=\"Dur\u00e9e de lecture estim\u00e9e\" \/>\n\t<meta name=\"twitter:data1\" content=\"1 minute\" \/>\n<script type=\"application\/ld+json\" class=\"yoast-schema-graph\">{\"@context\":\"https:\\\/\\\/schema.org\",\"@graph\":[{\"@type\":\"WebPage\",\"@id\":\"https:\\\/\\\/www.caissealliance.com\\\/fr\\\/ma-caisse\\\/implication-sociale\\\/projets-et-realisations\\\/\",\"url\":\"https:\\\/\\\/www.caissealliance.com\\\/fr\\\/ma-caisse\\\/implication-sociale\\\/projets-et-realisations\\\/\",\"name\":\"Projets et r\u00e9alisations | Caisse Alliance\",\"isPartOf\":{\"@id\":\"https:\\\/\\\/www.caissealliance.com\\\/fr\\\/#website\"},\"datePublished\":\"2019-04-08T15:53:46+00:00\",\"dateModified\":\"2024-09-26T13:18:10+00:00\",\"breadcrumb\":{\"@id\":\"https:\\\/\\\/www.caissealliance.com\\\/fr\\\/ma-caisse\\\/implication-sociale\\\/projets-et-realisations\\\/#breadcrumb\"},\"inLanguage\":\"fr-FR\",\"potentialAction\":[{\"@type\":\"ReadAction\",\"target\":[\"https:\\\/\\\/www.caissealliance.com\\\/fr\\\/ma-caisse\\\/implication-sociale\\\/projets-et-realisations\\\/\"]}]},{\"@type\":\"BreadcrumbList\",\"@id\":\"https:\\\/\\\/www.caissealliance.com\\\/fr\\\/ma-caisse\\\/implication-sociale\\\/projets-et-realisations\\\/#breadcrumb\",\"itemListElement\":[{\"@type\":\"ListItem\",\"position\":1,\"name\":\"Home\",\"item\":\"https:\\\/\\\/www.caissealliance.com\\\/fr\\\/\"},{\"@type\":\"ListItem\",\"position\":2,\"name\":\"Ma Caisse\",\"item\":\"https:\\\/\\\/www.caissealliance.com\\\/fr\\\/ma-caisse\\\/\"},{\"@type\":\"ListItem\",\"position\":3,\"name\":\"Implication sociale\",\"item\":\"https:\\\/\\\/www.caissealliance.com\\\/fr\\\/ma-caisse\\\/implication-sociale\\\/\"},{\"@type\":\"ListItem\",\"position\":4,\"name\":\"Projets et r\u00e9alisations\"}]},{\"@type\":\"WebSite\",\"@id\":\"https:\\\/\\\/www.caissealliance.com\\\/fr\\\/#website\",\"url\":\"https:\\\/\\\/www.caissealliance.com\\\/fr\\\/\",\"name\":\"Caisse Alliance\",\"description\":\"Site Web de la Caisse Alliance\",\"potentialAction\":[{\"@type\":\"SearchAction\",\"target\":{\"@type\":\"EntryPoint\",\"urlTemplate\":\"https:\\\/\\\/www.caissealliance.com\\\/fr\\\/?s={search_term_string}\"},\"query-input\":{\"@type\":\"PropertyValueSpecification\",\"valueRequired\":true,\"valueName\":\"search_term_string\"}}],\"inLanguage\":\"fr-FR\"}]}<\/script>\n<!-- \/ Yoast SEO plugin. -->","yoast_head_json":{"title":"Projets et r\u00e9alisations | Caisse Alliance","robots":{"index":"index","follow":"follow","max-snippet":"max-snippet:-1","max-image-preview":"max-image-preview:large","max-video-preview":"max-video-preview:-1"},"canonical":"https:\/\/www.caissealliance.com\/fr\/ma-caisse\/implication-sociale\/projets-et-realisations\/","og_locale":"fr_FR","og_type":"article","og_title":"Projets et r\u00e9alisations | Caisse Alliance","og_description":"La rentabilit\u00e9 d\u2019une coop\u00e9rative n\u2019est pas une fin, mais un moyen. Notre v\u00e9ritable objectif : toujours mieux servir les int\u00e9r\u00eats de nos membres. Nous sommes convaincus que les int\u00e9r\u00eats de nos membres et ceux de leurs communaut\u00e9s sont \u00e9troitement li\u00e9s. Il nous para\u00eet donc essentiel de soutenir le d\u00e9veloppement d&#8217;organisations locales qu&#8217;elles soit \u00e0 vocation [...]","og_url":"https:\/\/www.caissealliance.com\/fr\/ma-caisse\/implication-sociale\/projets-et-realisations\/","og_site_name":"Caisse Alliance","article_modified_time":"2024-09-26T13:18:10+00:00","twitter_card":"summary_large_image","twitter_misc":{"Dur\u00e9e de lecture estim\u00e9e":"1 minute"},"schema":{"@context":"https:\/\/schema.org","@graph":[{"@type":"WebPage","@id":"https:\/\/www.caissealliance.com\/fr\/ma-caisse\/implication-sociale\/projets-et-realisations\/","url":"https:\/\/www.caissealliance.com\/fr\/ma-caisse\/implication-sociale\/projets-et-realisations\/","name":"Projets et r\u00e9alisations | Caisse Alliance","isPartOf":{"@id":"https:\/\/www.caissealliance.com\/fr\/#website"},"datePublished":"2019-04-08T15:53:46+00:00","dateModified":"2024-09-26T13:18:10+00:00","breadcrumb":{"@id":"https:\/\/www.caissealliance.com\/fr\/ma-caisse\/implication-sociale\/projets-et-realisations\/#breadcrumb"},"inLanguage":"fr-FR","potentialAction":[{"@type":"ReadAction","target":["https:\/\/www.caissealliance.com\/fr\/ma-caisse\/implication-sociale\/projets-et-realisations\/"]}]},{"@type":"BreadcrumbList","@id":"https:\/\/www.caissealliance.com\/fr\/ma-caisse\/implication-sociale\/projets-et-realisations\/#breadcrumb","itemListElement":[{"@type":"ListItem","position":1,"name":"Home","item":"https:\/\/www.caissealliance.com\/fr\/"},{"@type":"ListItem","position":2,"name":"Ma Caisse","item":"https:\/\/www.caissealliance.com\/fr\/ma-caisse\/"},{"@type":"ListItem","position":3,"name":"Implication sociale","item":"https:\/\/www.caissealliance.com\/fr\/ma-caisse\/implication-sociale\/"},{"@type":"ListItem","position":4,"name":"Projets et r\u00e9alisations"}]},{"@type":"WebSite","@id":"https:\/\/www.caissealliance.com\/fr\/#website","url":"https:\/\/www.caissealliance.com\/fr\/","name":"Caisse Alliance","description":"Site Web de la Caisse Alliance","potentialAction":[{"@type":"SearchAction","target":{"@type":"EntryPoint","urlTemplate":"https:\/\/www.caissealliance.com\/fr\/?s={search_term_string}"},"query-input":{"@type":"PropertyValueSpecification","valueRequired":true,"valueName":"search_term_string"}}],"inLanguage":"fr-FR"}]}},"publishpress_future_action":{"enabled":false,"date":"2026-04-22 17:56:12","action":"change-status","newStatus":"draft","terms":[],"taxonomy":"section","extraData":[]},"publishpress_future_workflow_manual_trigger":{"enabledWorkflows":[]},"_links":{"self":[{"href":"https:\/\/www.caissealliance.com\/fr\/wp-json\/wp\/v2\/pages\/2323","targetHints":{"allow":["GET"]}}],"collection":[{"href":"https:\/\/www.caissealliance.com\/fr\/wp-json\/wp\/v2\/pages"}],"about":[{"href":"https:\/\/www.caissealliance.com\/fr\/wp-json\/wp\/v2\/types\/page"}],"author":[{"embeddable":true,"href":"https:\/\/www.caissealliance.com\/fr\/wp-json\/wp\/v2\/users\/1"}],"replies":[{"embeddable":true,"href":"https:\/\/www.caissealliance.com\/fr\/wp-json\/wp\/v2\/comments?post=2323"}],"version-history":[{"count":26,"href":"https:\/\/www.caissealliance.com\/fr\/wp-json\/wp\/v2\/pages\/2323\/revisions"}],"predecessor-version":[{"id":12370,"href":"https:\/\/www.caissealliance.com\/fr\/wp-json\/wp\/v2\/pages\/2323\/revisions\/12370"}],"up":[{"embeddable":true,"href":"https:\/\/www.caissealliance.com\/fr\/wp-json\/wp\/v2\/pages\/2302"}],"wp:attachment":[{"href":"https:\/\/www.caissealliance.com\/fr\/wp-json\/wp\/v2\/media?parent=2323"}],"curies":[{"name":"wp","href":"https:\/\/api.w.org\/{rel}","templated":true}]}}