{"id":2321,"date":"2019-04-08T11:52:53","date_gmt":"2019-04-08T15:52:53","guid":{"rendered":"http:\/\/caissealliance.absoludev.ca\/quest-ce-que-la-ristourne\/"},"modified":"2026-03-27T09:48:08","modified_gmt":"2026-03-27T13:48:08","slug":"quest-ce-que-la-ristourne","status":"publish","type":"page","link":"https:\/\/www.caissealliance.com\/fr\/ma-caisse\/qui-nous-sommes\/quest-ce-que-la-ristourne\/","title":{"rendered":"Qu\u2019est-ce que la ristourne?"},"content":{"rendered":"<h1>Qu\u2019est-ce que la ristourne?<\/h1>\n<p>La ristourne est un montant d\u2019argent qui est vers\u00e9, \u00e0 certaines conditions, par une caisse \u00e0 ses membres \u00e0 la fin d\u2019un exercice financier. D\u2019o\u00f9 vient cet argent? Des exc\u00e9dents faits par la caisse, qui peuvent \u00eatre \u00ab retourn\u00e9s \u00bb en partie aux membres propri\u00e9taires.<\/p>\n<p>Pourquoi une ristourne? Tout simplement parce qu\u2019\u00e0 titre de coop\u00e9rative de services financiers, la caisse est guid\u00e9e par des principes propres aux organisations coop\u00e9ratives. Le partage des r\u00e9sultats avec les membres en est un exemple.<\/p>\n<p>Lorsque des ristournes sont vers\u00e9es, le montant que le membre re\u00e7oit d\u00e9pend directement du volume des affaires qu\u2019il fait avec sa caisse au cours de l\u2019ann\u00e9e. Autrement dit, plus un membre utilise les produits et services de sa caisse, plus il en est gagnant!<\/p>\n<p><img fetchpriority=\"high\" decoding=\"async\" class=\"alignnone wp-image-36178 size-full\" src=\"https:\/\/www.caissealliance.com\/wp-content\/uploads\/ristourne-banner-webpage-FR.jpg\" alt=\"\" width=\"1800\" height=\"631\" srcset=\"https:\/\/www.caissealliance.com\/wp-content\/uploads\/ristourne-banner-webpage-FR.jpg 1800w, https:\/\/www.caissealliance.com\/wp-content\/uploads\/ristourne-banner-webpage-FR-300x105.jpg 300w, https:\/\/www.caissealliance.com\/wp-content\/uploads\/ristourne-banner-webpage-FR-1024x359.jpg 1024w, https:\/\/www.caissealliance.com\/wp-content\/uploads\/ristourne-banner-webpage-FR-768x269.jpg 768w, https:\/\/www.caissealliance.com\/wp-content\/uploads\/ristourne-banner-webpage-FR-1536x538.jpg 1536w, https:\/\/www.caissealliance.com\/wp-content\/uploads\/ristourne-banner-webpage-FR-250x88.jpg 250w, https:\/\/www.caissealliance.com\/wp-content\/uploads\/ristourne-banner-webpage-FR-600x210.jpg 600w\" sizes=\"(max-width: 1800px) 100vw, 1800px\" \/><\/p>\n<p>En 2026, la Caisse Alliance a redistribu\u00e9 <strong>3,4 M$<\/strong> en ristournes \u00e0 ses membres et ses communaut\u00e9s. <a href=\"https:\/\/www.caissealliance.com\/wp-content\/uploads\/CA-Ristourne-One-Pager-2026-FR.pdf\">Voir la distribution.<\/a><\/p>\n<p><a href=\"https:\/\/www.caissealliance.com\/wp-content\/uploads\/ristourne-reglements-2026-fr.pdf\">Consulter les r\u00e8glements du concours<\/a><\/p>\n<p>La ristourne est une fa\u00e7on de redistribuer les r\u00e9sultats \u00e0 nos membres. Mais au-del\u00e0 du montant re\u00e7u, nous souhaitons mieux comprendre ce qu\u2019elle repr\u00e9sente pour vous. Prenez quelques minutes pour r\u00e9pondre \u00e0 notre <a href=\"https:\/\/www.caissealliance.com\/fr\/sondage-ristourne-2026\/\"><strong>court sondage<\/strong><\/a> et nous dire qu\u2019est-ce que la ristourne signifie pour vous et comment nous pourrions am\u00e9liorer votre exp\u00e9rience comme membre.<\/p>\n<p>&nbsp;<\/p>\n<h2><strong>Pour verser une ristourne, la caisse doit remplir trois conditions :<\/strong><\/h2>\n<ol>\n<li data-gc-list-depth=\"1\" data-gc-list-style=\"ordered\"><strong>Elle doit avoir r\u00e9alis\u00e9 des exc\u00e9dents au cours du dernier exercice financier.<\/strong><br \/>\nCes exc\u00e9dents peuvent \u00eatre compar\u00e9s aux b\u00e9n\u00e9fices nets d\u2019une soci\u00e9t\u00e9 \u00e0 capital-actions, \u00e0 une diff\u00e9rence pr\u00e8s : la coop\u00e9rative n\u2019a pas pour but de faire r\u00e9aliser des profits \u00e0 un petit nombre d\u2019actionnaires.<\/li>\n<li data-gc-list-depth=\"1\" data-gc-list-style=\"ordered\"><strong>Sa capitalisation (avoir propre) doit \u00eatre suffisante.<br \/>\n<\/strong>La loi oblige la caisse \u00e0 maintenir un niveau de capitalisation qui garantit sa solidit\u00e9 financi\u00e8re. Avant de verser des ristournes, la caisse doit donc s\u2019assurer que ses besoins de fonds propres sont combl\u00e9s.<\/li>\n<li data-gc-list-depth=\"1\" data-gc-list-style=\"ordered\"><strong>Les membres du Conseil d\u2019administration doivent avoir d\u00e9cid\u00e9 de ristourner une partie des exc\u00e9dents r\u00e9alis\u00e9s.<\/strong><br \/>\nCe sont les membres du Conseil d\u2019administration qui d\u00e9cident s\u2019il y aura versement de ristournes et qui, le cas \u00e9ch\u00e9ant, d\u00e9terminent les conditions et les modalit\u00e9s de versement. Ils peuvent aussi d\u00e9cider de verser une partie des ristournes \u00e0 des fins collectives (projets du milieu).<\/li>\n<\/ol>\n<h2><strong>Produits et services pouvant faire l\u2019objet d\u2019une ristourne<\/strong><\/h2>\n<p>Les ristournes sont vers\u00e9es sur les pr\u00eats hypoth\u00e9caires, les pr\u00eats personnels, les d\u00e9p\u00f4ts d\u2019\u00e9pargne \u00e0 terme et les r\u00e9gimes d\u2019\u00e9pargne \u00e0 imposition diff\u00e9r\u00e9e.<\/p>\n<h2><strong>Qui y a droit?<\/strong><\/h2>\n<p>Il faut d\u2019abord avoir \u00e9t\u00e9 membre de la caisse au cours de l\u2019exercice financier pour toucher une ristourne. On devient membre de la caisse en versant une part de qualification (part sociale) de 10 $ \u00e0 l\u2019ouverture de son compte.<\/p>\n<p>Comme membre de la caisse, vous avez droit de parole \u00e0 l\u2019assembl\u00e9e g\u00e9n\u00e9rale annuelle. Vous pouvez \u00e9lire les dirigeants de la caisse et participer \u00e0 la prise de d\u00e9cision selon la r\u00e8gle \u00ab une personne, un vote \u00bb. Parmi les d\u00e9cisions \u00e0 prendre, il y a la r\u00e9partition des exc\u00e9dents et, \u00e9ventuellement, la distribution de ristournes.<\/p>\n<h2><strong>Il existe deux sortes de ristourne :<\/strong><\/h2>\n<ul>\n<li data-gc-list-depth=\"1\" data-gc-list-style=\"bullet\">La ristourne individuelle est un montant vers\u00e9 personnellement \u00e0 chacun des membres, particuliers et entreprises, en proportion de l\u2019utilisation qu\u2019il a fait des produits et des services de sa coop\u00e9rative.<\/li>\n<li data-gc-list-depth=\"1\" data-gc-list-style=\"bullet\">La ristourne vers\u00e9e \u00e0 la collectivit\u00e9 correspond \u00e0 un montant vir\u00e9 \u00e0 un fonds afin de soutenir des projets qui contribueront au d\u00e9veloppement du milieu.<\/li>\n<\/ul>\n<p><a href=\"https:\/\/www.caissealliance.com\/fr\/faq\/ristournes-questions-frequentes\/\" target=\"_blank\" rel=\"noopener noreferrer\" data-gc-link=\"https:\/\/absolu2.gathercontent.com\/item\/8434256\">Questions fr\u00e9quentes sur la ristourne (FAQ)<\/a><\/p>\n","protected":false},"excerpt":{"rendered":"<p>La ristourne est un montant d\u2019argent qui est vers\u00e9, \u00e0 certaines conditions, par une caisse \u00e0 ses membres \u00e0 la fin d\u2019un exercice financier. D\u2019o\u00f9 vient cet argent? Des exc\u00e9dents faits par la caisse, qui peuvent \u00eatre \u00ab retourn\u00e9s \u00bb en partie aux membres propri\u00e9taires. Pourquoi une ristourne? Tout simplement parce qu\u2019\u00e0 titre de coop\u00e9rative [&#8230;]<\/p>\n","protected":false},"author":1,"featured_media":0,"parent":2294,"menu_order":3,"comment_status":"closed","ping_status":"closed","template":"","meta":{"_acf_changed":false,"_monsterinsights_skip_tracking":false,"_monsterinsights_sitenote_active":false,"_monsterinsights_sitenote_note":"","_monsterinsights_sitenote_category":0,"footnotes":""},"class_list":["post-2321","page","type-page","status-publish","hentry","section-ma-caisse"],"acf":[],"yoast_head":"<!-- This site is optimized with the Yoast SEO plugin v27.3 - https:\/\/yoast.com\/product\/yoast-seo-wordpress\/ -->\n<title>Qu\u2019est-ce que la ristourne? | Caisse Alliance<\/title>\n<meta name=\"robots\" content=\"index, follow, max-snippet:-1, max-image-preview:large, max-video-preview:-1\" \/>\n<link rel=\"canonical\" href=\"https:\/\/www.caissealliance.com\/fr\/ma-caisse\/qui-nous-sommes\/quest-ce-que-la-ristourne\/\" \/>\n<meta property=\"og:locale\" content=\"fr_FR\" \/>\n<meta property=\"og:type\" content=\"article\" \/>\n<meta property=\"og:title\" content=\"Qu\u2019est-ce que la ristourne? | Caisse Alliance\" \/>\n<meta property=\"og:description\" content=\"La ristourne est un montant d\u2019argent qui est vers\u00e9, \u00e0 certaines conditions, par une caisse \u00e0 ses membres \u00e0 la fin d\u2019un exercice financier. D\u2019o\u00f9 vient cet argent? Des exc\u00e9dents faits par la caisse, qui peuvent \u00eatre \u00ab retourn\u00e9s \u00bb en partie aux membres propri\u00e9taires. Pourquoi une ristourne? Tout simplement parce qu\u2019\u00e0 titre de coop\u00e9rative [...]\" \/>\n<meta property=\"og:url\" content=\"https:\/\/www.caissealliance.com\/fr\/ma-caisse\/qui-nous-sommes\/quest-ce-que-la-ristourne\/\" \/>\n<meta property=\"og:site_name\" content=\"Caisse Alliance\" \/>\n<meta property=\"article:modified_time\" content=\"2026-03-27T13:48:08+00:00\" \/>\n<meta property=\"og:image\" content=\"https:\/\/www.caissealliance.com\/wp-content\/uploads\/ristourne-banner-webpage-FR.jpg\" \/>\n\t<meta property=\"og:image:width\" content=\"1800\" \/>\n\t<meta property=\"og:image:height\" content=\"631\" \/>\n\t<meta property=\"og:image:type\" content=\"image\/jpeg\" \/>\n<meta name=\"twitter:card\" content=\"summary_large_image\" \/>\n<meta name=\"twitter:label1\" content=\"Dur\u00e9e de lecture estim\u00e9e\" \/>\n\t<meta name=\"twitter:data1\" content=\"3 minutes\" \/>\n<script type=\"application\/ld+json\" class=\"yoast-schema-graph\">{\"@context\":\"https:\\\/\\\/schema.org\",\"@graph\":[{\"@type\":\"WebPage\",\"@id\":\"https:\\\/\\\/www.caissealliance.com\\\/fr\\\/ma-caisse\\\/qui-nous-sommes\\\/quest-ce-que-la-ristourne\\\/\",\"url\":\"https:\\\/\\\/www.caissealliance.com\\\/fr\\\/ma-caisse\\\/qui-nous-sommes\\\/quest-ce-que-la-ristourne\\\/\",\"name\":\"Qu\u2019est-ce que la ristourne? | Caisse Alliance\",\"isPartOf\":{\"@id\":\"https:\\\/\\\/www.caissealliance.com\\\/fr\\\/#website\"},\"primaryImageOfPage\":{\"@id\":\"https:\\\/\\\/www.caissealliance.com\\\/fr\\\/ma-caisse\\\/qui-nous-sommes\\\/quest-ce-que-la-ristourne\\\/#primaryimage\"},\"image\":{\"@id\":\"https:\\\/\\\/www.caissealliance.com\\\/fr\\\/ma-caisse\\\/qui-nous-sommes\\\/quest-ce-que-la-ristourne\\\/#primaryimage\"},\"thumbnailUrl\":\"https:\\\/\\\/www.caissealliance.com\\\/wp-content\\\/uploads\\\/ristourne-banner-webpage-FR.jpg\",\"datePublished\":\"2019-04-08T15:52:53+00:00\",\"dateModified\":\"2026-03-27T13:48:08+00:00\",\"breadcrumb\":{\"@id\":\"https:\\\/\\\/www.caissealliance.com\\\/fr\\\/ma-caisse\\\/qui-nous-sommes\\\/quest-ce-que-la-ristourne\\\/#breadcrumb\"},\"inLanguage\":\"fr-FR\",\"potentialAction\":[{\"@type\":\"ReadAction\",\"target\":[\"https:\\\/\\\/www.caissealliance.com\\\/fr\\\/ma-caisse\\\/qui-nous-sommes\\\/quest-ce-que-la-ristourne\\\/\"]}]},{\"@type\":\"ImageObject\",\"inLanguage\":\"fr-FR\",\"@id\":\"https:\\\/\\\/www.caissealliance.com\\\/fr\\\/ma-caisse\\\/qui-nous-sommes\\\/quest-ce-que-la-ristourne\\\/#primaryimage\",\"url\":\"https:\\\/\\\/www.caissealliance.com\\\/wp-content\\\/uploads\\\/ristourne-banner-webpage-FR.jpg\",\"contentUrl\":\"https:\\\/\\\/www.caissealliance.com\\\/wp-content\\\/uploads\\\/ristourne-banner-webpage-FR.jpg\"},{\"@type\":\"BreadcrumbList\",\"@id\":\"https:\\\/\\\/www.caissealliance.com\\\/fr\\\/ma-caisse\\\/qui-nous-sommes\\\/quest-ce-que-la-ristourne\\\/#breadcrumb\",\"itemListElement\":[{\"@type\":\"ListItem\",\"position\":1,\"name\":\"Home\",\"item\":\"https:\\\/\\\/www.caissealliance.com\\\/fr\\\/\"},{\"@type\":\"ListItem\",\"position\":2,\"name\":\"Ma Caisse\",\"item\":\"https:\\\/\\\/www.caissealliance.com\\\/fr\\\/ma-caisse\\\/\"},{\"@type\":\"ListItem\",\"position\":3,\"name\":\"Qui nous sommes\",\"item\":\"https:\\\/\\\/www.caissealliance.com\\\/fr\\\/ma-caisse\\\/qui-nous-sommes\\\/\"},{\"@type\":\"ListItem\",\"position\":4,\"name\":\"Qu\u2019est-ce que la ristourne?\"}]},{\"@type\":\"WebSite\",\"@id\":\"https:\\\/\\\/www.caissealliance.com\\\/fr\\\/#website\",\"url\":\"https:\\\/\\\/www.caissealliance.com\\\/fr\\\/\",\"name\":\"Caisse Alliance\",\"description\":\"Site Web de la Caisse Alliance\",\"potentialAction\":[{\"@type\":\"SearchAction\",\"target\":{\"@type\":\"EntryPoint\",\"urlTemplate\":\"https:\\\/\\\/www.caissealliance.com\\\/fr\\\/?s={search_term_string}\"},\"query-input\":{\"@type\":\"PropertyValueSpecification\",\"valueRequired\":true,\"valueName\":\"search_term_string\"}}],\"inLanguage\":\"fr-FR\"}]}<\/script>\n<!-- \/ Yoast SEO plugin. -->","yoast_head_json":{"title":"Qu\u2019est-ce que la ristourne? | Caisse Alliance","robots":{"index":"index","follow":"follow","max-snippet":"max-snippet:-1","max-image-preview":"max-image-preview:large","max-video-preview":"max-video-preview:-1"},"canonical":"https:\/\/www.caissealliance.com\/fr\/ma-caisse\/qui-nous-sommes\/quest-ce-que-la-ristourne\/","og_locale":"fr_FR","og_type":"article","og_title":"Qu\u2019est-ce que la ristourne? | Caisse Alliance","og_description":"La ristourne est un montant d\u2019argent qui est vers\u00e9, \u00e0 certaines conditions, par une caisse \u00e0 ses membres \u00e0 la fin d\u2019un exercice financier. D\u2019o\u00f9 vient cet argent? Des exc\u00e9dents faits par la caisse, qui peuvent \u00eatre \u00ab retourn\u00e9s \u00bb en partie aux membres propri\u00e9taires. Pourquoi une ristourne? Tout simplement parce qu\u2019\u00e0 titre de coop\u00e9rative [...]","og_url":"https:\/\/www.caissealliance.com\/fr\/ma-caisse\/qui-nous-sommes\/quest-ce-que-la-ristourne\/","og_site_name":"Caisse Alliance","article_modified_time":"2026-03-27T13:48:08+00:00","og_image":[{"width":1800,"height":631,"url":"https:\/\/www.caissealliance.com\/wp-content\/uploads\/ristourne-banner-webpage-FR.jpg","type":"image\/jpeg"}],"twitter_card":"summary_large_image","twitter_misc":{"Dur\u00e9e de lecture estim\u00e9e":"3 minutes"},"schema":{"@context":"https:\/\/schema.org","@graph":[{"@type":"WebPage","@id":"https:\/\/www.caissealliance.com\/fr\/ma-caisse\/qui-nous-sommes\/quest-ce-que-la-ristourne\/","url":"https:\/\/www.caissealliance.com\/fr\/ma-caisse\/qui-nous-sommes\/quest-ce-que-la-ristourne\/","name":"Qu\u2019est-ce que la ristourne? | Caisse Alliance","isPartOf":{"@id":"https:\/\/www.caissealliance.com\/fr\/#website"},"primaryImageOfPage":{"@id":"https:\/\/www.caissealliance.com\/fr\/ma-caisse\/qui-nous-sommes\/quest-ce-que-la-ristourne\/#primaryimage"},"image":{"@id":"https:\/\/www.caissealliance.com\/fr\/ma-caisse\/qui-nous-sommes\/quest-ce-que-la-ristourne\/#primaryimage"},"thumbnailUrl":"https:\/\/www.caissealliance.com\/wp-content\/uploads\/ristourne-banner-webpage-FR.jpg","datePublished":"2019-04-08T15:52:53+00:00","dateModified":"2026-03-27T13:48:08+00:00","breadcrumb":{"@id":"https:\/\/www.caissealliance.com\/fr\/ma-caisse\/qui-nous-sommes\/quest-ce-que-la-ristourne\/#breadcrumb"},"inLanguage":"fr-FR","potentialAction":[{"@type":"ReadAction","target":["https:\/\/www.caissealliance.com\/fr\/ma-caisse\/qui-nous-sommes\/quest-ce-que-la-ristourne\/"]}]},{"@type":"ImageObject","inLanguage":"fr-FR","@id":"https:\/\/www.caissealliance.com\/fr\/ma-caisse\/qui-nous-sommes\/quest-ce-que-la-ristourne\/#primaryimage","url":"https:\/\/www.caissealliance.com\/wp-content\/uploads\/ristourne-banner-webpage-FR.jpg","contentUrl":"https:\/\/www.caissealliance.com\/wp-content\/uploads\/ristourne-banner-webpage-FR.jpg"},{"@type":"BreadcrumbList","@id":"https:\/\/www.caissealliance.com\/fr\/ma-caisse\/qui-nous-sommes\/quest-ce-que-la-ristourne\/#breadcrumb","itemListElement":[{"@type":"ListItem","position":1,"name":"Home","item":"https:\/\/www.caissealliance.com\/fr\/"},{"@type":"ListItem","position":2,"name":"Ma Caisse","item":"https:\/\/www.caissealliance.com\/fr\/ma-caisse\/"},{"@type":"ListItem","position":3,"name":"Qui nous sommes","item":"https:\/\/www.caissealliance.com\/fr\/ma-caisse\/qui-nous-sommes\/"},{"@type":"ListItem","position":4,"name":"Qu\u2019est-ce que la ristourne?"}]},{"@type":"WebSite","@id":"https:\/\/www.caissealliance.com\/fr\/#website","url":"https:\/\/www.caissealliance.com\/fr\/","name":"Caisse Alliance","description":"Site Web de la Caisse Alliance","potentialAction":[{"@type":"SearchAction","target":{"@type":"EntryPoint","urlTemplate":"https:\/\/www.caissealliance.com\/fr\/?s={search_term_string}"},"query-input":{"@type":"PropertyValueSpecification","valueRequired":true,"valueName":"search_term_string"}}],"inLanguage":"fr-FR"}]}},"publishpress_future_action":{"enabled":false,"date":"2026-04-25 22:47:55","action":"change-status","newStatus":"draft","terms":[],"taxonomy":"section","extraData":[]},"publishpress_future_workflow_manual_trigger":{"enabledWorkflows":[]},"_links":{"self":[{"href":"https:\/\/www.caissealliance.com\/fr\/wp-json\/wp\/v2\/pages\/2321","targetHints":{"allow":["GET"]}}],"collection":[{"href":"https:\/\/www.caissealliance.com\/fr\/wp-json\/wp\/v2\/pages"}],"about":[{"href":"https:\/\/www.caissealliance.com\/fr\/wp-json\/wp\/v2\/types\/page"}],"author":[{"embeddable":true,"href":"https:\/\/www.caissealliance.com\/fr\/wp-json\/wp\/v2\/users\/1"}],"replies":[{"embeddable":true,"href":"https:\/\/www.caissealliance.com\/fr\/wp-json\/wp\/v2\/comments?post=2321"}],"version-history":[{"count":16,"href":"https:\/\/www.caissealliance.com\/fr\/wp-json\/wp\/v2\/pages\/2321\/revisions"}],"predecessor-version":[{"id":36303,"href":"https:\/\/www.caissealliance.com\/fr\/wp-json\/wp\/v2\/pages\/2321\/revisions\/36303"}],"up":[{"embeddable":true,"href":"https:\/\/www.caissealliance.com\/fr\/wp-json\/wp\/v2\/pages\/2294"}],"wp:attachment":[{"href":"https:\/\/www.caissealliance.com\/fr\/wp-json\/wp\/v2\/media?parent=2321"}],"curies":[{"name":"wp","href":"https:\/\/api.w.org\/{rel}","templated":true}]}}