{"id":2319,"date":"2019-04-08T11:52:50","date_gmt":"2019-04-08T15:52:50","guid":{"rendered":"http:\/\/caissealliance.absoludev.ca\/conseil-dadministration-fonctionnement\/"},"modified":"2025-11-19T11:34:27","modified_gmt":"2025-11-19T16:34:27","slug":"conseil-administration-comite-verification","status":"publish","type":"page","link":"https:\/\/www.caissealliance.com\/fr\/ma-caisse\/qui-nous-sommes\/structure-democratique\/conseil-administration-comite-verification\/","title":{"rendered":"Conseil d&#8217;administration et comit\u00e9 de v\u00e9rification"},"content":{"rendered":"\t\t<div data-elementor-type=\"wp-page\" data-elementor-id=\"2319\" class=\"elementor elementor-2319\" data-elementor-post-type=\"page\">\n\t\t\t\t\t\t<section class=\"elementor-section elementor-top-section elementor-element elementor-element-dcf3866 elementor-section-boxed elementor-section-height-default elementor-section-height-default\" data-id=\"dcf3866\" data-element_type=\"section\" data-e-type=\"section\">\n\t\t\t\t\t\t<div class=\"elementor-container elementor-column-gap-default\">\n\t\t\t\t\t<div class=\"elementor-column elementor-col-100 elementor-top-column elementor-element elementor-element-aeb4733\" data-id=\"aeb4733\" data-element_type=\"column\" data-e-type=\"column\">\n\t\t\t<div class=\"elementor-widget-wrap elementor-element-populated\">\n\t\t\t\t\t\t<div class=\"elementor-element elementor-element-66316e0 elementor-widget elementor-widget-image\" data-id=\"66316e0\" data-element_type=\"widget\" data-e-type=\"widget\" data-widget_type=\"image.default\">\n\t\t\t\t<div class=\"elementor-widget-container\">\n\t\t\t\t\t\t\t\t\t\t\t\t\t\t\t<img fetchpriority=\"high\" decoding=\"async\" width=\"1024\" height=\"576\" src=\"https:\/\/www.caissealliance.com\/wp-content\/uploads\/CA-1024x576.jpg\" class=\"attachment-large size-large wp-image-26892\" alt=\"\" srcset=\"https:\/\/www.caissealliance.com\/wp-content\/uploads\/CA-1024x576.jpg 1024w, https:\/\/www.caissealliance.com\/wp-content\/uploads\/CA-300x169.jpg 300w, https:\/\/www.caissealliance.com\/wp-content\/uploads\/CA-768x432.jpg 768w, https:\/\/www.caissealliance.com\/wp-content\/uploads\/CA-1536x864.jpg 1536w, https:\/\/www.caissealliance.com\/wp-content\/uploads\/CA-2048x1152.jpg 2048w, https:\/\/www.caissealliance.com\/wp-content\/uploads\/CA-250x141.jpg 250w\" sizes=\"(max-width: 1024px) 100vw, 1024px\" \/>\t\t\t\t\t\t\t\t\t\t\t\t\t\t\t<\/div>\n\t\t\t\t<\/div>\n\t\t\t\t<div class=\"elementor-element elementor-element-8381e6d elementor-widget elementor-widget-text-editor\" data-id=\"8381e6d\" data-element_type=\"widget\" data-e-type=\"widget\" data-widget_type=\"text-editor.default\">\n\t\t\t\t<div class=\"elementor-widget-container\">\n\t\t\t\t\t\t\t\t\t<h2 style=\"margin-top: 55px;\">Les administrateurs \u00e9lus<\/h2><p style=\"text-align: justify;\">Vous pouvez manifester votre int\u00e9r\u00eat pour devenir un administrateur \u00e9lu \u00e0 n\u2019importe quel moment. N\u2019h\u00e9sitez pas \u00e0 en parler \u00e0 un administrateur d\u00e9j\u00e0 en place, \u00e0 la direction r\u00e9gionale de la Caisse ou \u00e0 un employ\u00e9 qui saura vous guider.<\/p><p style=\"text-align: justify;\">Pour devenir administrateur \u00e9lu, il suffit de proposer sa candidature \u00e0 l\u2019un des postes disponibles durant la p\u00e9riode de mise en candidature. Les administrateurs ne sont pas nomm\u00e9s par la direction r\u00e9gionale ou par le conseil d\u2019administration, ils sont \u00e9lus par les d\u00e9l\u00e9gu\u00e9s, qui eux sont \u00e9lus par les membres. Il y a 36 d\u00e9l\u00e9gu\u00e9s, soit six d\u00e9l\u00e9gu\u00e9s pour chacune des six r\u00e9gions desservies par la Caisse Alliance.<\/p><p><strong>La structure d\u00e9mocratique d<\/strong><strong>e la Caisse :<\/strong><\/p><ul><li data-gc-list-depth=\"1\" data-gc-list-style=\"bullet\">Le conseil d\u2019administration<\/li><li data-gc-list-depth=\"1\" data-gc-list-style=\"bullet\">Le comit\u00e9 de v\u00e9rification<\/li><\/ul><h2>Le conseil d\u2019administration<\/h2><p style=\"text-align: justify;\">Le conseil d&#8217;administration est form\u00e9 de 12 membres \u00e9lus par des d\u00e9l\u00e9gu\u00e9s &#8211; \u00e9lus par les membres &#8211; r\u00e9unis en assembl\u00e9e g\u00e9n\u00e9rale annuelle. Outre les r\u00e9unions sp\u00e9cifiques du conseil, les administrateurs travaillent occasionnellement en comit\u00e9s pour approfondir certains dossiers.<\/p><p>Le travail ne manque pas! Parmi ses principales responsabilit\u00e9s, le conseil d\u2019administration :<\/p><ul><li data-gc-list-depth=\"1\" data-gc-list-style=\"bullet\">s\u2019assure de l\u2019int\u00e9gration des valeurs coop\u00e9ratives dans les pratiques de la Caisse;<\/li><li data-gc-list-depth=\"1\" data-gc-list-style=\"bullet\">\u00e9tablit les orientations et les politiques de la Caisse ainsi que son plan d\u2019affaires et son budget de fonctionnement;<\/li><li data-gc-list-depth=\"1\" data-gc-list-style=\"bullet\">embauche et encadre la personne qui assume les responsabilit\u00e9s de direction g\u00e9n\u00e9rale de la Caisse;<\/li><li data-gc-list-depth=\"1\" data-gc-list-style=\"bullet\">contr\u00f4le la gestion financi\u00e8re et la gestion des risques de la Caisse;<\/li><li data-gc-list-depth=\"1\" data-gc-list-style=\"bullet\">s\u2019assure de la satisfaction des membres;<\/li><li data-gc-list-depth=\"1\" data-gc-list-style=\"bullet\">repr\u00e9sente la Caisse dans la communaut\u00e9.<\/li><\/ul>\t\t\t\t\t\t\t\t<\/div>\n\t\t\t\t<\/div>\n\t\t\t\t<div class=\"elementor-element elementor-element-f43610e elementor-widget elementor-widget-text-editor\" data-id=\"f43610e\" data-element_type=\"widget\" data-e-type=\"widget\" data-widget_type=\"text-editor.default\">\n\t\t\t\t<div class=\"elementor-widget-container\">\n\t\t\t\t\t\t\t\t\t<p><strong>Mandat des administrateurs de la Caisse Alliance<\/strong><\/p><table width=\"650\"><tbody><tr><td width=\"214\"><p><strong>Nom<\/strong><\/p><\/td><td width=\"214\"><p><strong>R\u00e9gion<\/strong><\/p><\/td><td width=\"214\"><p><strong>Fin de mandat<\/strong><\/p><\/td><\/tr><tr><td width=\"214\"><p>Kevin Cloutier<\/p><\/td><td width=\"214\"><p>Nipissing-Est<\/p><\/td><td width=\"214\"><p>2027<\/p><\/td><\/tr><tr><td width=\"214\"><p>Pierrette Desrochers<\/p><\/td><td width=\"214\"><p>Nipissing-Ouest<\/p><\/td><td width=\"214\"><p>2027<\/p><\/td><\/tr><tr><td width=\"214\"><p>St\u00e9phane Gallant<\/p><\/td><td width=\"214\"><p>Nord-Est<\/p><\/td><td width=\"214\"><p>2027<\/p><\/td><\/tr><tr><td width=\"214\"><p>Olivier Cabana<\/p><\/td><td width=\"214\"><p>Nord-Ouest<\/p><\/td><td width=\"214\"><p>2027<\/p><\/td><\/tr><tr><td width=\"214\"><p>Gr\u00e9goire Lefebvre<\/p><\/td><td width=\"214\"><p>Nipissing-Est<\/p><\/td><td width=\"214\"><p>2025<\/p><\/td><\/tr><tr><td width=\"214\"><p>Paul Levesque<\/p><\/td><td width=\"214\"><p>Nipissing-Centre<\/p><\/td><td width=\"214\"><p>2025<\/p><\/td><\/tr><tr><td width=\"214\"><p>Andr\u00e9 Lefebvre<\/p><\/td><td width=\"214\"><p>Nipissing-Ouest<\/p><\/td><td width=\"214\"><p>2025<\/p><\/td><\/tr><tr><td width=\"214\"><p>Sonia T. Gravel<\/p><\/td><td width=\"214\"><p>Nord-Centre<\/p><\/td><td width=\"214\"><p>2025<\/p><\/td><\/tr><tr><td width=\"214\"><p>Kenneth Paquette<\/p><\/td><td width=\"214\"><p>Nipissing-Centre<\/p><\/td><td width=\"214\"><p>2026<\/p><\/td><\/tr><tr><td width=\"214\"><p>Yves Poitras<\/p><\/td><td width=\"214\"><p>Nord-Est<\/p><\/td><td width=\"214\"><p>2026<\/p><\/td><\/tr><tr><td width=\"214\"><p>Martin Rancourt<\/p><\/td><td width=\"214\"><p>Nord-Centre<\/p><\/td><td width=\"214\"><p>2026<\/p><\/td><\/tr><tr><td width=\"214\"><p>Diane Macameau Plourde<\/p><\/td><td width=\"214\"><p>Nord-Ouest<\/p><\/td><td width=\"214\"><p>2026<\/p><\/td><\/tr><\/tbody><\/table><h2>Le comit\u00e9 de v\u00e9rification<\/h2><p>Le comit\u00e9 de v\u00e9rification de la Caisse doit s\u2019assurer :<\/p><ul><li data-gc-list-depth=\"1\" data-gc-list-style=\"bullet\">du respect des valeurs, des principes et des r\u00e8gles du code d\u2019\u00e9thique et du code de d\u00e9ontologie;<\/li><li data-gc-list-depth=\"1\" data-gc-list-style=\"bullet\">de l\u2019exercice des droits et responsabilit\u00e9s d\u00e9mocratiques \u00e0 l\u2019int\u00e9rieur de la Caisse;<\/li><li data-gc-list-depth=\"1\" data-gc-list-style=\"bullet\">que la Caisse s\u2019acquitte de ses responsabilit\u00e9s d\u2019\u00e9ducation coop\u00e9rative, \u00e9conomique et financi\u00e8re;<\/li><li data-gc-list-depth=\"1\" data-gc-list-style=\"bullet\">de la qualit\u00e9 de la collaboration de la Caisse avec les autres caisses et les autres organisations coop\u00e9ratives de son milieu;<\/li><li data-gc-list-depth=\"1\" data-gc-list-style=\"bullet\">que l\u2019engagement de la Caisse se r\u00e9alise d\u2019une mani\u00e8re efficace et conforme \u00e0 ses valeurs;<\/li><li data-gc-list-depth=\"1\" data-gc-list-style=\"bullet\">de l\u2019int\u00e9gration des valeurs coop\u00e9ratives et permanentes dans les pratiques commerciales et les pratiques de gestion de la Caisse.<\/li><\/ul><p><strong>Comit\u00e9 de v\u00e9rification<\/strong><\/p><table><tbody><tr><td width=\"332\"><p>Nom<\/p><\/td><td width=\"292\"><p>R\u00f4le<\/p><\/td><\/tr><tr><td width=\"332\"><p>Olivier Cabana<\/p><\/td><td width=\"292\"><p>Pr\u00e9sident<\/p><\/td><\/tr><tr><td width=\"332\"><p>Diane Macameau Plourde<\/p><\/td><td width=\"292\"><p>Administratrice<\/p><\/td><\/tr><tr><td width=\"332\"><p>Kenneth Paquette<\/p><\/td><td width=\"292\"><p>Administrateur<\/p><\/td><\/tr><tr><td width=\"332\"><p>Paul Levesque<\/p><\/td><td width=\"292\"><p>Administrateur<\/p><\/td><\/tr><tr><td width=\"332\"><p>St\u00e9phane Gallant<\/p><\/td><td width=\"292\"><p>Administrateur<\/p><\/td><\/tr><\/tbody><\/table>\t\t\t\t\t\t\t\t<\/div>\n\t\t\t\t<\/div>\n\t\t\t\t\t<\/div>\n\t\t<\/div>\n\t\t\t\t\t<\/div>\n\t\t<\/section>\n\t\t<div class=\"elementor-element elementor-element-0c4b12e e-flex e-con-boxed e-con e-parent\" data-id=\"0c4b12e\" data-element_type=\"container\" data-e-type=\"container\">\n\t\t\t\t\t<div class=\"e-con-inner\">\n\t\t\t\t<div class=\"elementor-element elementor-element-133b867 elementor-widget elementor-widget-text-editor\" data-id=\"133b867\" data-element_type=\"widget\" data-e-type=\"widget\" data-widget_type=\"text-editor.default\">\n\t\t\t\t<div class=\"elementor-widget-container\">\n\t\t\t\t\t\t\t\t\t<p><a href=\"https:\/\/www.caissealliance.com\/wp-content\/uploads\/Trousse-CA-2026-1-1.pdf\" target=\"_blank\" rel=\"noopener\">Information suppl\u00e9mentaire\u00a0<\/a><\/p><p><a href=\"https:\/\/www.caissealliance.com\/wp-content\/uploads\/Formulaire-de-mise-en-candidature-2.pdf\" target=\"_blank\" rel=\"noopener\">Formulaire de mise en candidature<\/a><\/p>\t\t\t\t\t\t\t\t<\/div>\n\t\t\t\t<\/div>\n\t\t\t\t\t<\/div>\n\t\t\t\t<\/div>\n\t\t\t\t<\/div>\n\t\t","protected":false},"excerpt":{"rendered":"<p>Vous pouvez manifester votre int\u00e9r\u00eat pour devenir un administrateur \u00e9lu \u00e0 n\u2019importe quel moment. N\u2019h\u00e9sitez pas \u00e0 en parler \u00e0 un administrateur d\u00e9j\u00e0 en place, \u00e0 la direction r\u00e9gionale de la Caisse ou \u00e0 un employ\u00e9 qui saura vous guider. Pour devenir administrateur \u00e9lu, il suffit de proposer sa candidature \u00e0 l\u2019un des postes disponibles [&#8230;]<\/p>\n","protected":false},"author":1,"featured_media":16720,"parent":2300,"menu_order":1,"comment_status":"closed","ping_status":"closed","template":"","meta":{"_acf_changed":false,"_monsterinsights_skip_tracking":false,"_monsterinsights_sitenote_active":false,"_monsterinsights_sitenote_note":"","_monsterinsights_sitenote_category":0,"footnotes":""},"class_list":["post-2319","page","type-page","status-publish","has-post-thumbnail","hentry","section-ma-caisse"],"acf":[],"yoast_head":"<!-- This site is optimized with the Yoast SEO plugin v27.3 - https:\/\/yoast.com\/product\/yoast-seo-wordpress\/ -->\n<title>Conseil d&#039;administration et comit\u00e9 de v\u00e9rification | Caisse Alliance<\/title>\n<meta name=\"robots\" content=\"index, follow, max-snippet:-1, max-image-preview:large, max-video-preview:-1\" \/>\n<link rel=\"canonical\" href=\"https:\/\/www.caissealliance.com\/fr\/ma-caisse\/qui-nous-sommes\/structure-democratique\/conseil-administration-comite-verification\/\" \/>\n<meta property=\"og:locale\" content=\"fr_FR\" \/>\n<meta property=\"og:type\" content=\"article\" \/>\n<meta property=\"og:title\" content=\"Conseil d&#039;administration et comit\u00e9 de v\u00e9rification | Caisse Alliance\" \/>\n<meta property=\"og:description\" content=\"Vous pouvez manifester votre int\u00e9r\u00eat pour devenir un administrateur \u00e9lu \u00e0 n\u2019importe quel moment. N\u2019h\u00e9sitez pas \u00e0 en parler \u00e0 un administrateur d\u00e9j\u00e0 en place, \u00e0 la direction r\u00e9gionale de la Caisse ou \u00e0 un employ\u00e9 qui saura vous guider. Pour devenir administrateur \u00e9lu, il suffit de proposer sa candidature \u00e0 l\u2019un des postes disponibles [...]\" \/>\n<meta property=\"og:url\" content=\"https:\/\/www.caissealliance.com\/fr\/ma-caisse\/qui-nous-sommes\/structure-democratique\/conseil-administration-comite-verification\/\" \/>\n<meta property=\"og:site_name\" content=\"Caisse Alliance\" \/>\n<meta property=\"article:modified_time\" content=\"2025-11-19T16:34:27+00:00\" \/>\n<meta property=\"og:image\" content=\"https:\/\/www.caissealliance.com\/wp-content\/uploads\/shutterstock_426185632.jpg\" \/>\n\t<meta property=\"og:image:width\" content=\"1000\" \/>\n\t<meta property=\"og:image:height\" content=\"667\" \/>\n\t<meta property=\"og:image:type\" content=\"image\/jpeg\" \/>\n<meta name=\"twitter:card\" content=\"summary_large_image\" \/>\n<meta name=\"twitter:label1\" content=\"Dur\u00e9e de lecture estim\u00e9e\" \/>\n\t<meta name=\"twitter:data1\" content=\"3 minutes\" \/>\n<script type=\"application\/ld+json\" class=\"yoast-schema-graph\">{\"@context\":\"https:\\\/\\\/schema.org\",\"@graph\":[{\"@type\":\"WebPage\",\"@id\":\"https:\\\/\\\/www.caissealliance.com\\\/fr\\\/ma-caisse\\\/qui-nous-sommes\\\/structure-democratique\\\/conseil-administration-comite-verification\\\/\",\"url\":\"https:\\\/\\\/www.caissealliance.com\\\/fr\\\/ma-caisse\\\/qui-nous-sommes\\\/structure-democratique\\\/conseil-administration-comite-verification\\\/\",\"name\":\"Conseil d'administration et comit\u00e9 de v\u00e9rification | Caisse Alliance\",\"isPartOf\":{\"@id\":\"https:\\\/\\\/www.caissealliance.com\\\/fr\\\/#website\"},\"primaryImageOfPage\":{\"@id\":\"https:\\\/\\\/www.caissealliance.com\\\/fr\\\/ma-caisse\\\/qui-nous-sommes\\\/structure-democratique\\\/conseil-administration-comite-verification\\\/#primaryimage\"},\"image\":{\"@id\":\"https:\\\/\\\/www.caissealliance.com\\\/fr\\\/ma-caisse\\\/qui-nous-sommes\\\/structure-democratique\\\/conseil-administration-comite-verification\\\/#primaryimage\"},\"thumbnailUrl\":\"https:\\\/\\\/www.caissealliance.com\\\/wp-content\\\/uploads\\\/shutterstock_426185632.jpg\",\"datePublished\":\"2019-04-08T15:52:50+00:00\",\"dateModified\":\"2025-11-19T16:34:27+00:00\",\"breadcrumb\":{\"@id\":\"https:\\\/\\\/www.caissealliance.com\\\/fr\\\/ma-caisse\\\/qui-nous-sommes\\\/structure-democratique\\\/conseil-administration-comite-verification\\\/#breadcrumb\"},\"inLanguage\":\"fr-FR\",\"potentialAction\":[{\"@type\":\"ReadAction\",\"target\":[\"https:\\\/\\\/www.caissealliance.com\\\/fr\\\/ma-caisse\\\/qui-nous-sommes\\\/structure-democratique\\\/conseil-administration-comite-verification\\\/\"]}]},{\"@type\":\"ImageObject\",\"inLanguage\":\"fr-FR\",\"@id\":\"https:\\\/\\\/www.caissealliance.com\\\/fr\\\/ma-caisse\\\/qui-nous-sommes\\\/structure-democratique\\\/conseil-administration-comite-verification\\\/#primaryimage\",\"url\":\"https:\\\/\\\/www.caissealliance.com\\\/wp-content\\\/uploads\\\/shutterstock_426185632.jpg\",\"contentUrl\":\"https:\\\/\\\/www.caissealliance.com\\\/wp-content\\\/uploads\\\/shutterstock_426185632.jpg\",\"width\":1000,\"height\":667},{\"@type\":\"BreadcrumbList\",\"@id\":\"https:\\\/\\\/www.caissealliance.com\\\/fr\\\/ma-caisse\\\/qui-nous-sommes\\\/structure-democratique\\\/conseil-administration-comite-verification\\\/#breadcrumb\",\"itemListElement\":[{\"@type\":\"ListItem\",\"position\":1,\"name\":\"Home\",\"item\":\"https:\\\/\\\/www.caissealliance.com\\\/fr\\\/\"},{\"@type\":\"ListItem\",\"position\":2,\"name\":\"Ma Caisse\",\"item\":\"https:\\\/\\\/www.caissealliance.com\\\/fr\\\/ma-caisse\\\/\"},{\"@type\":\"ListItem\",\"position\":3,\"name\":\"Qui nous sommes\",\"item\":\"https:\\\/\\\/www.caissealliance.com\\\/fr\\\/ma-caisse\\\/qui-nous-sommes\\\/\"},{\"@type\":\"ListItem\",\"position\":4,\"name\":\"Structure d\u00e9mocratique\",\"item\":\"https:\\\/\\\/www.caissealliance.com\\\/fr\\\/ma-caisse\\\/qui-nous-sommes\\\/structure-democratique\\\/\"},{\"@type\":\"ListItem\",\"position\":5,\"name\":\"Conseil d&#8217;administration et comit\u00e9 de v\u00e9rification\"}]},{\"@type\":\"WebSite\",\"@id\":\"https:\\\/\\\/www.caissealliance.com\\\/fr\\\/#website\",\"url\":\"https:\\\/\\\/www.caissealliance.com\\\/fr\\\/\",\"name\":\"Caisse Alliance\",\"description\":\"Site Web de la Caisse Alliance\",\"potentialAction\":[{\"@type\":\"SearchAction\",\"target\":{\"@type\":\"EntryPoint\",\"urlTemplate\":\"https:\\\/\\\/www.caissealliance.com\\\/fr\\\/?s={search_term_string}\"},\"query-input\":{\"@type\":\"PropertyValueSpecification\",\"valueRequired\":true,\"valueName\":\"search_term_string\"}}],\"inLanguage\":\"fr-FR\"}]}<\/script>\n<!-- \/ Yoast SEO plugin. -->","yoast_head_json":{"title":"Conseil d'administration et comit\u00e9 de v\u00e9rification | Caisse Alliance","robots":{"index":"index","follow":"follow","max-snippet":"max-snippet:-1","max-image-preview":"max-image-preview:large","max-video-preview":"max-video-preview:-1"},"canonical":"https:\/\/www.caissealliance.com\/fr\/ma-caisse\/qui-nous-sommes\/structure-democratique\/conseil-administration-comite-verification\/","og_locale":"fr_FR","og_type":"article","og_title":"Conseil d'administration et comit\u00e9 de v\u00e9rification | Caisse Alliance","og_description":"Vous pouvez manifester votre int\u00e9r\u00eat pour devenir un administrateur \u00e9lu \u00e0 n\u2019importe quel moment. N\u2019h\u00e9sitez pas \u00e0 en parler \u00e0 un administrateur d\u00e9j\u00e0 en place, \u00e0 la direction r\u00e9gionale de la Caisse ou \u00e0 un employ\u00e9 qui saura vous guider. Pour devenir administrateur \u00e9lu, il suffit de proposer sa candidature \u00e0 l\u2019un des postes disponibles [...]","og_url":"https:\/\/www.caissealliance.com\/fr\/ma-caisse\/qui-nous-sommes\/structure-democratique\/conseil-administration-comite-verification\/","og_site_name":"Caisse Alliance","article_modified_time":"2025-11-19T16:34:27+00:00","og_image":[{"width":1000,"height":667,"url":"https:\/\/www.caissealliance.com\/wp-content\/uploads\/shutterstock_426185632.jpg","type":"image\/jpeg"}],"twitter_card":"summary_large_image","twitter_misc":{"Dur\u00e9e de lecture estim\u00e9e":"3 minutes"},"schema":{"@context":"https:\/\/schema.org","@graph":[{"@type":"WebPage","@id":"https:\/\/www.caissealliance.com\/fr\/ma-caisse\/qui-nous-sommes\/structure-democratique\/conseil-administration-comite-verification\/","url":"https:\/\/www.caissealliance.com\/fr\/ma-caisse\/qui-nous-sommes\/structure-democratique\/conseil-administration-comite-verification\/","name":"Conseil d'administration et comit\u00e9 de v\u00e9rification | Caisse Alliance","isPartOf":{"@id":"https:\/\/www.caissealliance.com\/fr\/#website"},"primaryImageOfPage":{"@id":"https:\/\/www.caissealliance.com\/fr\/ma-caisse\/qui-nous-sommes\/structure-democratique\/conseil-administration-comite-verification\/#primaryimage"},"image":{"@id":"https:\/\/www.caissealliance.com\/fr\/ma-caisse\/qui-nous-sommes\/structure-democratique\/conseil-administration-comite-verification\/#primaryimage"},"thumbnailUrl":"https:\/\/www.caissealliance.com\/wp-content\/uploads\/shutterstock_426185632.jpg","datePublished":"2019-04-08T15:52:50+00:00","dateModified":"2025-11-19T16:34:27+00:00","breadcrumb":{"@id":"https:\/\/www.caissealliance.com\/fr\/ma-caisse\/qui-nous-sommes\/structure-democratique\/conseil-administration-comite-verification\/#breadcrumb"},"inLanguage":"fr-FR","potentialAction":[{"@type":"ReadAction","target":["https:\/\/www.caissealliance.com\/fr\/ma-caisse\/qui-nous-sommes\/structure-democratique\/conseil-administration-comite-verification\/"]}]},{"@type":"ImageObject","inLanguage":"fr-FR","@id":"https:\/\/www.caissealliance.com\/fr\/ma-caisse\/qui-nous-sommes\/structure-democratique\/conseil-administration-comite-verification\/#primaryimage","url":"https:\/\/www.caissealliance.com\/wp-content\/uploads\/shutterstock_426185632.jpg","contentUrl":"https:\/\/www.caissealliance.com\/wp-content\/uploads\/shutterstock_426185632.jpg","width":1000,"height":667},{"@type":"BreadcrumbList","@id":"https:\/\/www.caissealliance.com\/fr\/ma-caisse\/qui-nous-sommes\/structure-democratique\/conseil-administration-comite-verification\/#breadcrumb","itemListElement":[{"@type":"ListItem","position":1,"name":"Home","item":"https:\/\/www.caissealliance.com\/fr\/"},{"@type":"ListItem","position":2,"name":"Ma Caisse","item":"https:\/\/www.caissealliance.com\/fr\/ma-caisse\/"},{"@type":"ListItem","position":3,"name":"Qui nous sommes","item":"https:\/\/www.caissealliance.com\/fr\/ma-caisse\/qui-nous-sommes\/"},{"@type":"ListItem","position":4,"name":"Structure d\u00e9mocratique","item":"https:\/\/www.caissealliance.com\/fr\/ma-caisse\/qui-nous-sommes\/structure-democratique\/"},{"@type":"ListItem","position":5,"name":"Conseil d&#8217;administration et comit\u00e9 de v\u00e9rification"}]},{"@type":"WebSite","@id":"https:\/\/www.caissealliance.com\/fr\/#website","url":"https:\/\/www.caissealliance.com\/fr\/","name":"Caisse Alliance","description":"Site Web de la Caisse Alliance","potentialAction":[{"@type":"SearchAction","target":{"@type":"EntryPoint","urlTemplate":"https:\/\/www.caissealliance.com\/fr\/?s={search_term_string}"},"query-input":{"@type":"PropertyValueSpecification","valueRequired":true,"valueName":"search_term_string"}}],"inLanguage":"fr-FR"}]}},"publishpress_future_action":{"enabled":false,"date":"2026-04-23 14:50:21","action":"change-status","newStatus":"draft","terms":[],"taxonomy":"section","extraData":[]},"publishpress_future_workflow_manual_trigger":{"enabledWorkflows":[]},"_links":{"self":[{"href":"https:\/\/www.caissealliance.com\/fr\/wp-json\/wp\/v2\/pages\/2319","targetHints":{"allow":["GET"]}}],"collection":[{"href":"https:\/\/www.caissealliance.com\/fr\/wp-json\/wp\/v2\/pages"}],"about":[{"href":"https:\/\/www.caissealliance.com\/fr\/wp-json\/wp\/v2\/types\/page"}],"author":[{"embeddable":true,"href":"https:\/\/www.caissealliance.com\/fr\/wp-json\/wp\/v2\/users\/1"}],"replies":[{"embeddable":true,"href":"https:\/\/www.caissealliance.com\/fr\/wp-json\/wp\/v2\/comments?post=2319"}],"version-history":[{"count":91,"href":"https:\/\/www.caissealliance.com\/fr\/wp-json\/wp\/v2\/pages\/2319\/revisions"}],"predecessor-version":[{"id":34655,"href":"https:\/\/www.caissealliance.com\/fr\/wp-json\/wp\/v2\/pages\/2319\/revisions\/34655"}],"up":[{"embeddable":true,"href":"https:\/\/www.caissealliance.com\/fr\/wp-json\/wp\/v2\/pages\/2300"}],"wp:featuredmedia":[{"embeddable":true,"href":"https:\/\/www.caissealliance.com\/fr\/wp-json\/wp\/v2\/media\/16720"}],"wp:attachment":[{"href":"https:\/\/www.caissealliance.com\/fr\/wp-json\/wp\/v2\/media?parent=2319"}],"curies":[{"name":"wp","href":"https:\/\/api.w.org\/{rel}","templated":true}]}}