{"id":2311,"date":"2019-04-08T11:47:34","date_gmt":"2019-04-08T15:47:34","guid":{"rendered":"http:\/\/caissealliance.absoludev.ca\/les-objectifs-de-la-caisse\/"},"modified":"2019-05-08T15:33:44","modified_gmt":"2019-05-08T19:33:44","slug":"les-objectifs-de-la-caisse","status":"publish","type":"page","link":"https:\/\/www.caissealliance.com\/fr\/ma-caisse\/qui-nous-sommes\/notre-caisse\/les-objectifs-de-la-caisse\/","title":{"rendered":"Les objectifs de la Caisse"},"content":{"rendered":"<h1>Les objectifs de la caisse<\/h1>\n<p>En tant que coop\u00e9rative de services financiers, votre Caisse poursuit des objectifs qui la distinguent nettement des autres institutions financi\u00e8res :<\/p>\n<ul>\n<li data-gc-list-depth=\"1\" data-gc-list-style=\"bullet\">fournir, aux meilleures conditions possibles, les services et les conseils financiers dont les membres ont besoin;<\/li>\n<li data-gc-list-depth=\"1\" data-gc-list-style=\"bullet\">contribuer \u00e0 l\u2019\u00e9ducation coop\u00e9rative, \u00e9conomique et financi\u00e8re des membres, donc leur fournir les moyens de se prendre en main;<\/li>\n<li data-gc-list-depth=\"1\" data-gc-list-style=\"bullet\">promouvoir et soutenir le d\u00e9veloppement de la communaut\u00e9.<\/li>\n<\/ul>\n<h2><strong>La recherche de rentabilit\u00e9, mais dans un but diff\u00e9rent<br \/>\n<\/strong><\/h2>\n<p>Toute entreprise doit \u00eatre rentable pour durer. C\u2019est pourquoi votre Caisse populaire doit s\u2019aligner, elle aussi, sur les prix et les conditions du march\u00e9. Votre Caisse vise la rentabilit\u00e9 afin de mieux r\u00e9pondre aux besoins de ses membres. Votre Caisse met l\u2019argent au service du d\u00e9veloppement humain. Elle donne ainsi aux gens la possibilit\u00e9 d\u2019exercer un meilleur contr\u00f4le sur leurs conditions de vie.<\/p>\n","protected":false},"excerpt":{"rendered":"<p>En tant que coop\u00e9rative de services financiers, votre Caisse poursuit des objectifs qui la distinguent nettement des autres institutions financi\u00e8res : fournir, aux meilleures conditions possibles, les services et les conseils financiers dont les membres ont besoin; contribuer \u00e0 l\u2019\u00e9ducation coop\u00e9rative, \u00e9conomique et financi\u00e8re des membres, donc leur fournir les moyens de se prendre en [&#8230;]<\/p>\n","protected":false},"author":1,"featured_media":0,"parent":2297,"menu_order":6,"comment_status":"closed","ping_status":"closed","template":"","meta":{"_acf_changed":false,"_monsterinsights_skip_tracking":false,"_monsterinsights_sitenote_active":false,"_monsterinsights_sitenote_note":"","_monsterinsights_sitenote_category":0,"footnotes":""},"class_list":["post-2311","page","type-page","status-publish","hentry","section-ma-caisse"],"acf":[],"yoast_head":"<!-- This site is optimized with the Yoast SEO plugin v27.4 - https:\/\/yoast.com\/product\/yoast-seo-wordpress\/ -->\n<title>Les objectifs de la Caisse | Caisse Alliance<\/title>\n<meta name=\"robots\" content=\"index, follow, max-snippet:-1, max-image-preview:large, max-video-preview:-1\" \/>\n<link rel=\"canonical\" href=\"https:\/\/www.caissealliance.com\/fr\/ma-caisse\/qui-nous-sommes\/notre-caisse\/les-objectifs-de-la-caisse\/\" \/>\n<meta property=\"og:locale\" content=\"fr_FR\" \/>\n<meta property=\"og:type\" content=\"article\" \/>\n<meta property=\"og:title\" content=\"Les objectifs de la Caisse | Caisse Alliance\" \/>\n<meta property=\"og:description\" content=\"En tant que coop\u00e9rative de services financiers, votre Caisse poursuit des objectifs qui la distinguent nettement des autres institutions financi\u00e8res : fournir, aux meilleures conditions possibles, les services et les conseils financiers dont les membres ont besoin; contribuer \u00e0 l\u2019\u00e9ducation coop\u00e9rative, \u00e9conomique et financi\u00e8re des membres, donc leur fournir les moyens de se prendre en [...]\" \/>\n<meta property=\"og:url\" content=\"https:\/\/www.caissealliance.com\/fr\/ma-caisse\/qui-nous-sommes\/notre-caisse\/les-objectifs-de-la-caisse\/\" \/>\n<meta property=\"og:site_name\" content=\"Caisse Alliance\" \/>\n<meta property=\"article:modified_time\" content=\"2019-05-08T19:33:44+00:00\" \/>\n<meta name=\"twitter:card\" content=\"summary_large_image\" \/>\n<meta name=\"twitter:label1\" content=\"Dur\u00e9e de lecture estim\u00e9e\" \/>\n\t<meta name=\"twitter:data1\" content=\"1 minute\" \/>\n<script type=\"application\/ld+json\" class=\"yoast-schema-graph\">{\"@context\":\"https:\\\/\\\/schema.org\",\"@graph\":[{\"@type\":\"WebPage\",\"@id\":\"https:\\\/\\\/www.caissealliance.com\\\/fr\\\/ma-caisse\\\/qui-nous-sommes\\\/notre-caisse\\\/les-objectifs-de-la-caisse\\\/\",\"url\":\"https:\\\/\\\/www.caissealliance.com\\\/fr\\\/ma-caisse\\\/qui-nous-sommes\\\/notre-caisse\\\/les-objectifs-de-la-caisse\\\/\",\"name\":\"Les objectifs de la Caisse | Caisse Alliance\",\"isPartOf\":{\"@id\":\"https:\\\/\\\/www.caissealliance.com\\\/fr\\\/#website\"},\"datePublished\":\"2019-04-08T15:47:34+00:00\",\"dateModified\":\"2019-05-08T19:33:44+00:00\",\"breadcrumb\":{\"@id\":\"https:\\\/\\\/www.caissealliance.com\\\/fr\\\/ma-caisse\\\/qui-nous-sommes\\\/notre-caisse\\\/les-objectifs-de-la-caisse\\\/#breadcrumb\"},\"inLanguage\":\"fr-FR\",\"potentialAction\":[{\"@type\":\"ReadAction\",\"target\":[\"https:\\\/\\\/www.caissealliance.com\\\/fr\\\/ma-caisse\\\/qui-nous-sommes\\\/notre-caisse\\\/les-objectifs-de-la-caisse\\\/\"]}]},{\"@type\":\"BreadcrumbList\",\"@id\":\"https:\\\/\\\/www.caissealliance.com\\\/fr\\\/ma-caisse\\\/qui-nous-sommes\\\/notre-caisse\\\/les-objectifs-de-la-caisse\\\/#breadcrumb\",\"itemListElement\":[{\"@type\":\"ListItem\",\"position\":1,\"name\":\"Home\",\"item\":\"https:\\\/\\\/www.caissealliance.com\\\/fr\\\/\"},{\"@type\":\"ListItem\",\"position\":2,\"name\":\"Ma Caisse\",\"item\":\"https:\\\/\\\/www.caissealliance.com\\\/fr\\\/ma-caisse\\\/\"},{\"@type\":\"ListItem\",\"position\":3,\"name\":\"Qui nous sommes\",\"item\":\"https:\\\/\\\/www.caissealliance.com\\\/fr\\\/ma-caisse\\\/qui-nous-sommes\\\/\"},{\"@type\":\"ListItem\",\"position\":4,\"name\":\"Notre Caisse\",\"item\":\"https:\\\/\\\/www.caissealliance.com\\\/fr\\\/ma-caisse\\\/qui-nous-sommes\\\/notre-caisse\\\/\"},{\"@type\":\"ListItem\",\"position\":5,\"name\":\"Les objectifs de la Caisse\"}]},{\"@type\":\"WebSite\",\"@id\":\"https:\\\/\\\/www.caissealliance.com\\\/fr\\\/#website\",\"url\":\"https:\\\/\\\/www.caissealliance.com\\\/fr\\\/\",\"name\":\"Caisse Alliance\",\"description\":\"Site Web de la Caisse Alliance\",\"potentialAction\":[{\"@type\":\"SearchAction\",\"target\":{\"@type\":\"EntryPoint\",\"urlTemplate\":\"https:\\\/\\\/www.caissealliance.com\\\/fr\\\/?s={search_term_string}\"},\"query-input\":{\"@type\":\"PropertyValueSpecification\",\"valueRequired\":true,\"valueName\":\"search_term_string\"}}],\"inLanguage\":\"fr-FR\"}]}<\/script>\n<!-- \/ Yoast SEO plugin. -->","yoast_head_json":{"title":"Les objectifs de la Caisse | Caisse Alliance","robots":{"index":"index","follow":"follow","max-snippet":"max-snippet:-1","max-image-preview":"max-image-preview:large","max-video-preview":"max-video-preview:-1"},"canonical":"https:\/\/www.caissealliance.com\/fr\/ma-caisse\/qui-nous-sommes\/notre-caisse\/les-objectifs-de-la-caisse\/","og_locale":"fr_FR","og_type":"article","og_title":"Les objectifs de la Caisse | Caisse Alliance","og_description":"En tant que coop\u00e9rative de services financiers, votre Caisse poursuit des objectifs qui la distinguent nettement des autres institutions financi\u00e8res : fournir, aux meilleures conditions possibles, les services et les conseils financiers dont les membres ont besoin; contribuer \u00e0 l\u2019\u00e9ducation coop\u00e9rative, \u00e9conomique et financi\u00e8re des membres, donc leur fournir les moyens de se prendre en [...]","og_url":"https:\/\/www.caissealliance.com\/fr\/ma-caisse\/qui-nous-sommes\/notre-caisse\/les-objectifs-de-la-caisse\/","og_site_name":"Caisse Alliance","article_modified_time":"2019-05-08T19:33:44+00:00","twitter_card":"summary_large_image","twitter_misc":{"Dur\u00e9e de lecture estim\u00e9e":"1 minute"},"schema":{"@context":"https:\/\/schema.org","@graph":[{"@type":"WebPage","@id":"https:\/\/www.caissealliance.com\/fr\/ma-caisse\/qui-nous-sommes\/notre-caisse\/les-objectifs-de-la-caisse\/","url":"https:\/\/www.caissealliance.com\/fr\/ma-caisse\/qui-nous-sommes\/notre-caisse\/les-objectifs-de-la-caisse\/","name":"Les objectifs de la Caisse | Caisse Alliance","isPartOf":{"@id":"https:\/\/www.caissealliance.com\/fr\/#website"},"datePublished":"2019-04-08T15:47:34+00:00","dateModified":"2019-05-08T19:33:44+00:00","breadcrumb":{"@id":"https:\/\/www.caissealliance.com\/fr\/ma-caisse\/qui-nous-sommes\/notre-caisse\/les-objectifs-de-la-caisse\/#breadcrumb"},"inLanguage":"fr-FR","potentialAction":[{"@type":"ReadAction","target":["https:\/\/www.caissealliance.com\/fr\/ma-caisse\/qui-nous-sommes\/notre-caisse\/les-objectifs-de-la-caisse\/"]}]},{"@type":"BreadcrumbList","@id":"https:\/\/www.caissealliance.com\/fr\/ma-caisse\/qui-nous-sommes\/notre-caisse\/les-objectifs-de-la-caisse\/#breadcrumb","itemListElement":[{"@type":"ListItem","position":1,"name":"Home","item":"https:\/\/www.caissealliance.com\/fr\/"},{"@type":"ListItem","position":2,"name":"Ma Caisse","item":"https:\/\/www.caissealliance.com\/fr\/ma-caisse\/"},{"@type":"ListItem","position":3,"name":"Qui nous sommes","item":"https:\/\/www.caissealliance.com\/fr\/ma-caisse\/qui-nous-sommes\/"},{"@type":"ListItem","position":4,"name":"Notre Caisse","item":"https:\/\/www.caissealliance.com\/fr\/ma-caisse\/qui-nous-sommes\/notre-caisse\/"},{"@type":"ListItem","position":5,"name":"Les objectifs de la Caisse"}]},{"@type":"WebSite","@id":"https:\/\/www.caissealliance.com\/fr\/#website","url":"https:\/\/www.caissealliance.com\/fr\/","name":"Caisse Alliance","description":"Site Web de la Caisse Alliance","potentialAction":[{"@type":"SearchAction","target":{"@type":"EntryPoint","urlTemplate":"https:\/\/www.caissealliance.com\/fr\/?s={search_term_string}"},"query-input":{"@type":"PropertyValueSpecification","valueRequired":true,"valueName":"search_term_string"}}],"inLanguage":"fr-FR"}]}},"publishpress_future_action":{"enabled":false,"date":"2026-05-03 15:15:24","action":"change-status","newStatus":"draft","terms":[],"taxonomy":"section","extraData":[]},"publishpress_future_workflow_manual_trigger":{"enabledWorkflows":[]},"_links":{"self":[{"href":"https:\/\/www.caissealliance.com\/fr\/wp-json\/wp\/v2\/pages\/2311","targetHints":{"allow":["GET"]}}],"collection":[{"href":"https:\/\/www.caissealliance.com\/fr\/wp-json\/wp\/v2\/pages"}],"about":[{"href":"https:\/\/www.caissealliance.com\/fr\/wp-json\/wp\/v2\/types\/page"}],"author":[{"embeddable":true,"href":"https:\/\/www.caissealliance.com\/fr\/wp-json\/wp\/v2\/users\/1"}],"replies":[{"embeddable":true,"href":"https:\/\/www.caissealliance.com\/fr\/wp-json\/wp\/v2\/comments?post=2311"}],"version-history":[{"count":4,"href":"https:\/\/www.caissealliance.com\/fr\/wp-json\/wp\/v2\/pages\/2311\/revisions"}],"predecessor-version":[{"id":4471,"href":"https:\/\/www.caissealliance.com\/fr\/wp-json\/wp\/v2\/pages\/2311\/revisions\/4471"}],"up":[{"embeddable":true,"href":"https:\/\/www.caissealliance.com\/fr\/wp-json\/wp\/v2\/pages\/2297"}],"wp:attachment":[{"href":"https:\/\/www.caissealliance.com\/fr\/wp-json\/wp\/v2\/media?parent=2311"}],"curies":[{"name":"wp","href":"https:\/\/api.w.org\/{rel}","templated":true}]}}