{"id":2309,"date":"2019-04-08T11:47:31","date_gmt":"2019-04-08T15:47:31","guid":{"rendered":"http:\/\/caissealliance.absoludev.ca\/protection-de-nos-membres\/"},"modified":"2023-09-05T10:18:03","modified_gmt":"2023-09-05T14:18:03","slug":"protection-de-nos-membres","status":"publish","type":"page","link":"https:\/\/www.caissealliance.com\/fr\/ma-caisse\/qui-nous-sommes\/notre-caisse\/protection-de-nos-membres\/","title":{"rendered":"Protection de nos membres"},"content":{"rendered":"<h1>Protection de nos membres<\/h1>\n<h2><strong>La protection de vos renseignements personnels<\/strong><\/h2>\n<p>La Caisse Alliance respecte de nombreuses r\u00e8gles afin de prot\u00e9ger vos renseignements personnels :<\/p>\n<ol>\n<li data-gc-list-depth=\"1\" data-gc-list-style=\"ordered\">Nous ne divulguons aucune information vous concernant sans d\u2019abord avoir obtenu votre accord.<\/li>\n<li data-gc-list-depth=\"1\" data-gc-list-style=\"ordered\">Aucun employ\u00e9 n\u2019est autoris\u00e9 \u00e0 vous demander votre mot de passe ou votre num\u00e9ro d\u2019identification personnel (NIP).<\/li>\n<li data-gc-list-depth=\"1\" data-gc-list-style=\"ordered\">Nous vous recommandons de ne pas divulguer vos renseignements personnels au t\u00e9l\u00e9phone, tels que votre num\u00e9ro de carte de d\u00e9bit, votre date de naissance ou votre num\u00e9ro d\u2019assurance sociale, sauf lors de la proc\u00e9dure d\u2019authentification habituelle lorsque <strong>vous<\/strong> nous contactez.<\/li>\n<li data-gc-list-depth=\"1\" data-gc-list-style=\"ordered\">Il n\u2019est pas dans les pratiques de la Caisse Alliance de solliciter ses membres, par courriel ou autrement, pour obtenir des renseignements confidentiels les concernant.<\/li>\n<\/ol>\n<h2><\/h2>\n<h2><strong>La Caisse agit contre la fraude<\/strong><\/h2>\n<p><strong><em>\u00c0 la Caisse Alliance, prot\u00e9ger nos membres contre la fraude est une priorit\u00e9. Voici ce que nous faisons pour assurer votre tranquillit\u00e9 d\u2019esprit.<\/em><\/strong><\/p>\n<h3><strong>Fraude par hame\u00e7onnage (<em>phishing<\/em>)<\/strong><\/h3>\n<p>Nos syst\u00e8mes de surveillance nous permettent d\u2019agir rapidement en cas de d\u00e9tection de courriels frauduleux. De plus, nous prenons en charge chaque courriel d\u2019apparence frauduleuse que vous nous soumettez.<\/p>\n<p><strong>Pour en savoir plus sur l<\/strong><a href=\"https:\/\/www.caissealliance.com\/fr\/faq\/questions-frequentes-sur-lhameconnage\/\" target=\"_blank\" rel=\"noopener noreferrer\" data-gc-link=\"https:\/\/www.caissealliance.com\/?p=1703\"><strong>\u2018hame\u00e7onnage<\/strong><\/a><\/p>\n<h3><\/h3>\n<h3><strong>Fraude par carte de d\u00e9bit et par carte de cr\u00e9dit (clonage)<\/strong><\/h3>\n<p>Dans les cas de perte ou de vol, nous d\u00e9sactivons votre carte de d\u00e9bit aussit\u00f4t que vous nous avisez. Une nouvelle Carte de d\u00e9bit vous sera remise.<\/p>\n<p>Canada et \u00c9tats-Unis : 1 866 779-2667<\/p>\n<p>Nous nous sommes \u00e9galement dot\u00e9s de syst\u00e8mes de s\u00e9curit\u00e9 suppl\u00e9mentaires qui ont pour but de v\u00e9rifier votre identit\u00e9 lorsque vous utilisez votre Carte de d\u00e9bit au guichet automatique. Pour certaines transactions, votre date de naissance peut vous \u00eatre demand\u00e9e. Cette mesure s\u2019ajoute \u00e0 la saisie de votre num\u00e9ro d\u2019identification personnel (NIP).<\/p>\n<p><strong>Pour en savoir plus sur <\/strong><a href=\"https:\/\/www.caissealliance.com\/fr\/faq\/questions-frequentes-sur-la-fraude-par-carte-de-debit-et-carte-de-credit\/\" target=\"_blank\" rel=\"noopener noreferrer\" data-gc-link=\"https:\/\/www.caissealliance.com\/?p=1667\"><strong>la fraude par carte de d\u00e9bit et de cr\u00e9dit<\/strong><\/a><\/p>\n<h3><\/h3>\n<h3><strong>Fraude par virus informatiques<\/strong><\/h3>\n<p>Nous faisons tout pour maintenir un haut niveau de s\u00e9curit\u00e9 dans nos syst\u00e8mes. Par contre, rien ne saurait remplacer votre vigilance lorsque vous effectuez des transactions avec Allia Internet.<\/p>\n<p>Voici quelques suggestions pour vous permettre de tester la s\u00e9curit\u00e9 de votre ordinateur et de mesurer vos connaissances.<\/p>\n<ul>\n<li data-gc-list-depth=\"1\" data-gc-list-style=\"bullet\">Informez-vous de la proc\u00e9dure \u00e0 suivre si vous croyez que votre ordinateur a \u00e9t\u00e9 infect\u00e9 par un virus informatique.<\/li>\n<li data-gc-list-depth=\"1\" data-gc-list-style=\"bullet\">Assurez-vous de prot\u00e9ger ad\u00e9quatement votre ordinateur contre les virus informatiques.<\/li>\n<\/ul>\n<p><strong>Pour en savoir plus sur <\/strong><a href=\"https:\/\/www.caissealliance.com\/fr\/faq\/questions-frequentes-sur-la-fraude-par-virus-informatique\/\" target=\"_blank\" rel=\"noopener noreferrer\" data-gc-link=\"https:\/\/www.caissealliance.com\/?p=1753\"><strong>la fraude par virus informatiques<\/strong><\/a><\/p>\n<h3><\/h3>\n<h3><strong>Le vol d\u2019identit\u00e9<\/strong><\/h3>\n<p>La Caisse Alliance applique plusieurs mesures visant \u00e0 prot\u00e9ger vos renseignements personnels et vos transactions :<\/p>\n<p>Nous ne divulguons aucune information vous concernant sans avoir d\u2019abord obtenu votre accord.<\/p>\n<p>La Caisse Alliance\u00a0n&#8217;est\u00a0pas\u00a0autoris\u00e9e\u00a0\u00e0 vous demander votre mot de passe ou votre num\u00e9ro d\u2019identification personnel (NIP).<\/p>\n<p>Aucun employ\u00e9 de la Caisse Alliance ne peut vous demander des renseignements personnels au t\u00e9l\u00e9phone, tels que votre num\u00e9ro de carte de d\u00e9bit, votre date de naissance ou votre num\u00e9ro d\u2019assurance sociale, sauf lors de la proc\u00e9dure d\u2019authentification habituelle, lorsque\u00a0vous\u00a0nous contactez.<\/p>\n<p>La plupart des ch\u00e8ques personnels offerts \u00e0 la Caisse Alliance\u00a0incluent le service MonIdentit\u00e9MC du fournisseur Interch\u00e8ques qui assure d\u2019obtenir l\u2019aide voulue en cas de vol d\u2019identit\u00e9.<\/p>\n<p>De plus, il n\u2019est pas dans nos pratiques de solliciter nos membres, par courriel ou autrement, pour obtenir des renseignements confidentiels les concernant.<\/p>\n<p><strong>Pour en savoir plus sur <\/strong><a href=\"https:\/\/www.caissealliance.com\/fr\/faq\/questions-frequentes-sur-le-vol-didentite\/\" target=\"_blank\" rel=\"noopener noreferrer\" data-gc-link=\"https:\/\/www.caissealliance.com\/?p=1687\"><strong>le vol d\u2019identit\u00e9<\/strong><\/a><\/p>\n<h3><\/h3>\n<h3><strong>La fraude par ch\u00e8que<\/strong><\/h3>\n<p>Les ch\u00e8ques de la caisse Alliance int\u00e8grent de multiples \u00e9l\u00e9ments de s\u00e9curit\u00e9 conformes aux meilleures pratiques et aux standards de l\u2019Association canadienne des paiements.<\/p>\n<p><strong>Pour en savoir plus sur <\/strong><a href=\"https:\/\/www.caissealliance.com\/fr\/faq\/questions-frequentes-sur-la-fraude-par-cheque\/\" target=\"_blank\" rel=\"noopener noreferrer\" data-gc-link=\"https:\/\/www.caissealliance.com\/?p=1657\"><strong>la fraude par ch\u00e8que<\/strong><\/a><\/p>\n<h3><\/h3>\n<h3><strong>Fraudes non technologiques<\/strong><\/h3>\n<p>Diff\u00e9rentes tactiques frauduleuses ont cours pr\u00e9sentement. Bien que ces fraudes ne soient pas li\u00e9es directement au monde financier, nous vous offrons des conseils pratiques pour vous en prot\u00e9ger.<\/p>\n<p><strong>Pour en savoir plus sur <\/strong><a href=\"https:\/\/www.caissealliance.com\/fr\/particulier\/securite-en-ligne\/fraudes-non-technologiques\/\" target=\"_blank\" rel=\"noopener noreferrer\" data-gc-link=\"https:\/\/www.caissealliance.com\/?p=1715\"><strong>les autres types de fraudes<\/strong><\/a><\/p>\n<p>&nbsp;<\/p>\n","protected":false},"excerpt":{"rendered":"<p>La Caisse Alliance respecte de nombreuses r\u00e8gles afin de prot\u00e9ger vos renseignements personnels : Nous ne divulguons aucune information vous concernant sans d\u2019abord avoir obtenu votre accord. Aucun employ\u00e9 n\u2019est autoris\u00e9 \u00e0 vous demander votre mot de passe ou votre num\u00e9ro d\u2019identification personnel (NIP). Nous vous recommandons de ne pas divulguer vos renseignements personnels au [&#8230;]<\/p>\n","protected":false},"author":1,"featured_media":0,"parent":2297,"menu_order":4,"comment_status":"closed","ping_status":"closed","template":"","meta":{"_acf_changed":false,"_monsterinsights_skip_tracking":false,"_monsterinsights_sitenote_active":false,"_monsterinsights_sitenote_note":"","_monsterinsights_sitenote_category":0,"footnotes":""},"class_list":["post-2309","page","type-page","status-publish","hentry","section-ma-caisse"],"acf":[],"yoast_head":"<!-- This site is optimized with the Yoast SEO plugin v27.4 - https:\/\/yoast.com\/product\/yoast-seo-wordpress\/ -->\n<title>Protection de nos membres | Caisse Alliance<\/title>\n<meta name=\"robots\" content=\"index, follow, max-snippet:-1, max-image-preview:large, max-video-preview:-1\" \/>\n<link rel=\"canonical\" href=\"https:\/\/www.caissealliance.com\/fr\/ma-caisse\/qui-nous-sommes\/notre-caisse\/protection-de-nos-membres\/\" \/>\n<meta property=\"og:locale\" content=\"fr_FR\" \/>\n<meta property=\"og:type\" content=\"article\" \/>\n<meta property=\"og:title\" content=\"Protection de nos membres | Caisse Alliance\" \/>\n<meta property=\"og:description\" content=\"La Caisse Alliance respecte de nombreuses r\u00e8gles afin de prot\u00e9ger vos renseignements personnels : Nous ne divulguons aucune information vous concernant sans d\u2019abord avoir obtenu votre accord. Aucun employ\u00e9 n\u2019est autoris\u00e9 \u00e0 vous demander votre mot de passe ou votre num\u00e9ro d\u2019identification personnel (NIP). Nous vous recommandons de ne pas divulguer vos renseignements personnels au [...]\" \/>\n<meta property=\"og:url\" content=\"https:\/\/www.caissealliance.com\/fr\/ma-caisse\/qui-nous-sommes\/notre-caisse\/protection-de-nos-membres\/\" \/>\n<meta property=\"og:site_name\" content=\"Caisse Alliance\" \/>\n<meta property=\"article:modified_time\" content=\"2023-09-05T14:18:03+00:00\" \/>\n<meta name=\"twitter:card\" content=\"summary_large_image\" \/>\n<meta name=\"twitter:label1\" content=\"Dur\u00e9e de lecture estim\u00e9e\" \/>\n\t<meta name=\"twitter:data1\" content=\"4 minutes\" \/>\n<script type=\"application\/ld+json\" class=\"yoast-schema-graph\">{\"@context\":\"https:\\\/\\\/schema.org\",\"@graph\":[{\"@type\":\"WebPage\",\"@id\":\"https:\\\/\\\/www.caissealliance.com\\\/fr\\\/ma-caisse\\\/qui-nous-sommes\\\/notre-caisse\\\/protection-de-nos-membres\\\/\",\"url\":\"https:\\\/\\\/www.caissealliance.com\\\/fr\\\/ma-caisse\\\/qui-nous-sommes\\\/notre-caisse\\\/protection-de-nos-membres\\\/\",\"name\":\"Protection de nos membres | Caisse Alliance\",\"isPartOf\":{\"@id\":\"https:\\\/\\\/www.caissealliance.com\\\/fr\\\/#website\"},\"datePublished\":\"2019-04-08T15:47:31+00:00\",\"dateModified\":\"2023-09-05T14:18:03+00:00\",\"breadcrumb\":{\"@id\":\"https:\\\/\\\/www.caissealliance.com\\\/fr\\\/ma-caisse\\\/qui-nous-sommes\\\/notre-caisse\\\/protection-de-nos-membres\\\/#breadcrumb\"},\"inLanguage\":\"fr-FR\",\"potentialAction\":[{\"@type\":\"ReadAction\",\"target\":[\"https:\\\/\\\/www.caissealliance.com\\\/fr\\\/ma-caisse\\\/qui-nous-sommes\\\/notre-caisse\\\/protection-de-nos-membres\\\/\"]}]},{\"@type\":\"BreadcrumbList\",\"@id\":\"https:\\\/\\\/www.caissealliance.com\\\/fr\\\/ma-caisse\\\/qui-nous-sommes\\\/notre-caisse\\\/protection-de-nos-membres\\\/#breadcrumb\",\"itemListElement\":[{\"@type\":\"ListItem\",\"position\":1,\"name\":\"Home\",\"item\":\"https:\\\/\\\/www.caissealliance.com\\\/fr\\\/\"},{\"@type\":\"ListItem\",\"position\":2,\"name\":\"Ma Caisse\",\"item\":\"https:\\\/\\\/www.caissealliance.com\\\/fr\\\/ma-caisse\\\/\"},{\"@type\":\"ListItem\",\"position\":3,\"name\":\"Qui nous sommes\",\"item\":\"https:\\\/\\\/www.caissealliance.com\\\/fr\\\/ma-caisse\\\/qui-nous-sommes\\\/\"},{\"@type\":\"ListItem\",\"position\":4,\"name\":\"Notre Caisse\",\"item\":\"https:\\\/\\\/www.caissealliance.com\\\/fr\\\/ma-caisse\\\/qui-nous-sommes\\\/notre-caisse\\\/\"},{\"@type\":\"ListItem\",\"position\":5,\"name\":\"Protection de nos membres\"}]},{\"@type\":\"WebSite\",\"@id\":\"https:\\\/\\\/www.caissealliance.com\\\/fr\\\/#website\",\"url\":\"https:\\\/\\\/www.caissealliance.com\\\/fr\\\/\",\"name\":\"Caisse Alliance\",\"description\":\"Site Web de la Caisse Alliance\",\"potentialAction\":[{\"@type\":\"SearchAction\",\"target\":{\"@type\":\"EntryPoint\",\"urlTemplate\":\"https:\\\/\\\/www.caissealliance.com\\\/fr\\\/?s={search_term_string}\"},\"query-input\":{\"@type\":\"PropertyValueSpecification\",\"valueRequired\":true,\"valueName\":\"search_term_string\"}}],\"inLanguage\":\"fr-FR\"}]}<\/script>\n<!-- \/ Yoast SEO plugin. -->","yoast_head_json":{"title":"Protection de nos membres | Caisse Alliance","robots":{"index":"index","follow":"follow","max-snippet":"max-snippet:-1","max-image-preview":"max-image-preview:large","max-video-preview":"max-video-preview:-1"},"canonical":"https:\/\/www.caissealliance.com\/fr\/ma-caisse\/qui-nous-sommes\/notre-caisse\/protection-de-nos-membres\/","og_locale":"fr_FR","og_type":"article","og_title":"Protection de nos membres | Caisse Alliance","og_description":"La Caisse Alliance respecte de nombreuses r\u00e8gles afin de prot\u00e9ger vos renseignements personnels : Nous ne divulguons aucune information vous concernant sans d\u2019abord avoir obtenu votre accord. Aucun employ\u00e9 n\u2019est autoris\u00e9 \u00e0 vous demander votre mot de passe ou votre num\u00e9ro d\u2019identification personnel (NIP). Nous vous recommandons de ne pas divulguer vos renseignements personnels au [...]","og_url":"https:\/\/www.caissealliance.com\/fr\/ma-caisse\/qui-nous-sommes\/notre-caisse\/protection-de-nos-membres\/","og_site_name":"Caisse Alliance","article_modified_time":"2023-09-05T14:18:03+00:00","twitter_card":"summary_large_image","twitter_misc":{"Dur\u00e9e de lecture estim\u00e9e":"4 minutes"},"schema":{"@context":"https:\/\/schema.org","@graph":[{"@type":"WebPage","@id":"https:\/\/www.caissealliance.com\/fr\/ma-caisse\/qui-nous-sommes\/notre-caisse\/protection-de-nos-membres\/","url":"https:\/\/www.caissealliance.com\/fr\/ma-caisse\/qui-nous-sommes\/notre-caisse\/protection-de-nos-membres\/","name":"Protection de nos membres | Caisse Alliance","isPartOf":{"@id":"https:\/\/www.caissealliance.com\/fr\/#website"},"datePublished":"2019-04-08T15:47:31+00:00","dateModified":"2023-09-05T14:18:03+00:00","breadcrumb":{"@id":"https:\/\/www.caissealliance.com\/fr\/ma-caisse\/qui-nous-sommes\/notre-caisse\/protection-de-nos-membres\/#breadcrumb"},"inLanguage":"fr-FR","potentialAction":[{"@type":"ReadAction","target":["https:\/\/www.caissealliance.com\/fr\/ma-caisse\/qui-nous-sommes\/notre-caisse\/protection-de-nos-membres\/"]}]},{"@type":"BreadcrumbList","@id":"https:\/\/www.caissealliance.com\/fr\/ma-caisse\/qui-nous-sommes\/notre-caisse\/protection-de-nos-membres\/#breadcrumb","itemListElement":[{"@type":"ListItem","position":1,"name":"Home","item":"https:\/\/www.caissealliance.com\/fr\/"},{"@type":"ListItem","position":2,"name":"Ma Caisse","item":"https:\/\/www.caissealliance.com\/fr\/ma-caisse\/"},{"@type":"ListItem","position":3,"name":"Qui nous sommes","item":"https:\/\/www.caissealliance.com\/fr\/ma-caisse\/qui-nous-sommes\/"},{"@type":"ListItem","position":4,"name":"Notre Caisse","item":"https:\/\/www.caissealliance.com\/fr\/ma-caisse\/qui-nous-sommes\/notre-caisse\/"},{"@type":"ListItem","position":5,"name":"Protection de nos membres"}]},{"@type":"WebSite","@id":"https:\/\/www.caissealliance.com\/fr\/#website","url":"https:\/\/www.caissealliance.com\/fr\/","name":"Caisse Alliance","description":"Site Web de la Caisse Alliance","potentialAction":[{"@type":"SearchAction","target":{"@type":"EntryPoint","urlTemplate":"https:\/\/www.caissealliance.com\/fr\/?s={search_term_string}"},"query-input":{"@type":"PropertyValueSpecification","valueRequired":true,"valueName":"search_term_string"}}],"inLanguage":"fr-FR"}]}},"publishpress_future_action":{"enabled":false,"date":"2026-05-03 14:59:25","action":"change-status","newStatus":"draft","terms":[],"taxonomy":"section","extraData":[]},"publishpress_future_workflow_manual_trigger":{"enabledWorkflows":[]},"_links":{"self":[{"href":"https:\/\/www.caissealliance.com\/fr\/wp-json\/wp\/v2\/pages\/2309","targetHints":{"allow":["GET"]}}],"collection":[{"href":"https:\/\/www.caissealliance.com\/fr\/wp-json\/wp\/v2\/pages"}],"about":[{"href":"https:\/\/www.caissealliance.com\/fr\/wp-json\/wp\/v2\/types\/page"}],"author":[{"embeddable":true,"href":"https:\/\/www.caissealliance.com\/fr\/wp-json\/wp\/v2\/users\/1"}],"replies":[{"embeddable":true,"href":"https:\/\/www.caissealliance.com\/fr\/wp-json\/wp\/v2\/comments?post=2309"}],"version-history":[{"count":10,"href":"https:\/\/www.caissealliance.com\/fr\/wp-json\/wp\/v2\/pages\/2309\/revisions"}],"predecessor-version":[{"id":20004,"href":"https:\/\/www.caissealliance.com\/fr\/wp-json\/wp\/v2\/pages\/2309\/revisions\/20004"}],"up":[{"embeddable":true,"href":"https:\/\/www.caissealliance.com\/fr\/wp-json\/wp\/v2\/pages\/2297"}],"wp:attachment":[{"href":"https:\/\/www.caissealliance.com\/fr\/wp-json\/wp\/v2\/media?parent=2309"}],"curies":[{"name":"wp","href":"https:\/\/api.w.org\/{rel}","templated":true}]}}