{"id":2308,"date":"2019-04-08T11:47:29","date_gmt":"2019-04-08T15:47:29","guid":{"rendered":"http:\/\/caissealliance.absoludev.ca\/accessibilite-de-nos-services\/"},"modified":"2025-07-15T12:30:44","modified_gmt":"2025-07-15T16:30:44","slug":"accessibilite-de-nos-services","status":"publish","type":"page","link":"https:\/\/www.caissealliance.com\/fr\/ma-caisse\/qui-nous-sommes\/notre-caisse\/accessibilite-de-nos-services\/","title":{"rendered":"Accessibilit\u00e9 de nos services"},"content":{"rendered":"\t\t<div data-elementor-type=\"wp-page\" data-elementor-id=\"2308\" class=\"elementor elementor-2308\" data-elementor-post-type=\"page\">\n\t\t\t\t<div class=\"elementor-element elementor-element-35995985 e-flex e-con-boxed e-con e-parent\" data-id=\"35995985\" data-element_type=\"container\" data-e-type=\"container\">\n\t\t\t\t\t<div class=\"e-con-inner\">\n\t\t\t\t<div class=\"elementor-element elementor-element-7bf0e7d1 elementor-widget elementor-widget-text-editor\" data-id=\"7bf0e7d1\" data-element_type=\"widget\" data-e-type=\"widget\" data-widget_type=\"text-editor.default\">\n\t\t\t\t<div class=\"elementor-widget-container\">\n\t\t\t\t\t\t\t\t\t<h2><strong>L\u2019accessibilit\u00e9 est de grande importance pour votre Caisse<br \/><\/strong><\/h2><p>Si la Caisse Alliance existe, c\u2019est d\u2019abord pour que chacun, dans ses\u00a0collectivit\u00e9s, puisse obtenir les services financiers dont il a besoin. L\u2019accessibilit\u00e9 a d\u00e9termin\u00e9 le d\u00e9veloppement du Mouvement au fil des ann\u00e9es et influenc\u00e9 ses priorit\u00e9s.<\/p><p>Organisation d\u00e9mocratique \u00e0 l\u2019\u00e9coute de ses membres, votre Caisse a toujours eu \u00e0 c\u0153ur de rendre ses installations accessibles. De nombreuses initiatives ont \u00e9t\u00e9 prises pour aplanir les obstacles qui auraient pu emp\u00eacher les membres souffrant de handicaps de b\u00e9n\u00e9ficier de ses services.<\/p><p>Voici quelques \u00e9l\u00e9ments qui t\u00e9moignent de l\u2019engagement constant de votre Caisse \u00e0 l\u2019\u00e9gard de l\u2019accessibilit\u00e9.<\/p><h3><strong>Accessibilit\u00e9 des immeubles<\/strong><\/h3><p>Toute construction d\u2019un nouveau\u00a0centre de services et toute r\u00e9novation importante incluent automatiquement l\u2019am\u00e9nagement d\u2019installations permettant l\u2019acc\u00e8s aux personnes \u00e0 mobilit\u00e9 r\u00e9duite, selon les normes \u00e9tablies, y compris le stationnement.<\/p><h3><strong>Accessibilit\u00e9 des guichets automatiques<\/strong><\/h3><p>Les guichets automatiques (en Ontario, au Qu\u00e9bec et au Nouveau Brunswick) exploit\u00e9s par le r\u00e9seau des caisses populaires sont accessibles aux personnes \u00e0 mobilit\u00e9 r\u00e9duite, de petite taille ou non-voyantes.<\/p><p>Les guichets adapt\u00e9s se distinguent par des composantes (clavier, \u00e9cran, boutons) plac\u00e9es plus bas, une barre de r\u00e9tention et par des tablettes pratiques permettant aux personnes \u00e0 mobilit\u00e9 r\u00e9duite et de petite taille d\u2019effectuer leurs transactions en toute s\u00e9curit\u00e9.<\/p><h3><strong>Accessibilit\u00e9 offerte par d\u2019autres modes de paiement<\/strong><\/h3><p>De nombreux services et solutions en ligne peuvent \u00eatre utiles aux personnes qui ne se d\u00e9placent pas beaucoup. Qu\u2019on pense \u00e0 la possibilit\u00e9 de payer ses factures par Internet ou par t\u00e9l\u00e9phone, de recevoir ses factures au moyen de postel, de faire des achats sans sortir de chez soi en payant avec une carte de cr\u00e9dit; qu\u2019on pense au paiement et au retrait direct, aux terminaux au point de vente (TPV), etc. En fin de compte, ces modes d\u2019acc\u00e8s virtuels favorisent les membres dont la mobilit\u00e9 est r\u00e9duite : ils y gagnent en autonomie sans y perdre en s\u00e9curit\u00e9.<\/p>\t\t\t\t\t\t\t\t<\/div>\n\t\t\t\t<\/div>\n\t\t\t\t\t<\/div>\n\t\t\t\t<\/div>\n\t\t<div class=\"elementor-element elementor-element-3586e72 e-flex e-con-boxed e-con e-parent\" data-id=\"3586e72\" data-element_type=\"container\" data-e-type=\"container\">\n\t\t\t\t\t<div class=\"e-con-inner\">\n\t\t\t\t<div class=\"elementor-element elementor-element-e9d4a47 elementor-align-left elementor-widget elementor-widget-button\" data-id=\"e9d4a47\" data-element_type=\"widget\" data-e-type=\"widget\" data-widget_type=\"button.default\">\n\t\t\t\t<div class=\"elementor-widget-container\">\n\t\t\t\t\t\t\t\t\t<div class=\"elementor-button-wrapper\">\n\t\t\t\t\t<a class=\"elementor-button elementor-button-link elementor-size-sm\" href=\"https:\/\/www.caissealliance.com\/wp-content\/uploads\/CA-Plan-pluriannuel-en-matiere-daccessibilite-2023-2027-2.pdf\" target=\"_blank\">\n\t\t\t\t\t\t<span class=\"elementor-button-content-wrapper\">\n\t\t\t\t\t\t\t\t\t<span class=\"elementor-button-text\">Plan pluriannuel en mati\u00e8re d'accessibilit\u00e9<\/span>\n\t\t\t\t\t<\/span>\n\t\t\t\t\t<\/a>\n\t\t\t\t<\/div>\n\t\t\t\t\t\t\t\t<\/div>\n\t\t\t\t<\/div>\n\t\t\t\t\t<\/div>\n\t\t\t\t<\/div>\n\t\t<div class=\"elementor-element elementor-element-d628208 e-flex e-con-boxed e-con e-parent\" data-id=\"d628208\" data-element_type=\"container\" data-e-type=\"container\">\n\t\t\t\t\t<div class=\"e-con-inner\">\n\t\t\t\t<div class=\"elementor-element elementor-element-40c6257 elementor-widget elementor-widget-button\" data-id=\"40c6257\" data-element_type=\"widget\" data-e-type=\"widget\" data-widget_type=\"button.default\">\n\t\t\t\t<div class=\"elementor-widget-container\">\n\t\t\t\t\t\t\t\t\t<div class=\"elementor-button-wrapper\">\n\t\t\t\t\t<a class=\"elementor-button elementor-button-link elementor-size-sm\" href=\"https:\/\/www.caissealliance.com\/wp-content\/uploads\/Politique-daccessibilite-2025-FR.pdf\" target=\"_blank\">\n\t\t\t\t\t\t<span class=\"elementor-button-content-wrapper\">\n\t\t\t\t\t\t\t\t\t<span class=\"elementor-button-text\">Politique d'accessibilit\u00e9<\/span>\n\t\t\t\t\t<\/span>\n\t\t\t\t\t<\/a>\n\t\t\t\t<\/div>\n\t\t\t\t\t\t\t\t<\/div>\n\t\t\t\t<\/div>\n\t\t\t\t\t<\/div>\n\t\t\t\t<\/div>\n\t\t\t\t<\/div>\n\t\t","protected":false},"excerpt":{"rendered":"<p>Si la Caisse Alliance existe, c\u2019est d\u2019abord pour que chacun, dans ses\u00a0collectivit\u00e9s, puisse obtenir les services financiers dont il a besoin. L\u2019accessibilit\u00e9 a d\u00e9termin\u00e9 le d\u00e9veloppement du Mouvement au fil des ann\u00e9es et influenc\u00e9 ses priorit\u00e9s. Organisation d\u00e9mocratique \u00e0 l\u2019\u00e9coute de ses membres, votre Caisse a toujours eu \u00e0 c\u0153ur de rendre ses installations accessibles. [&#8230;]<\/p>\n","protected":false},"author":1,"featured_media":0,"parent":2297,"menu_order":3,"comment_status":"closed","ping_status":"closed","template":"","meta":{"_acf_changed":false,"_monsterinsights_skip_tracking":false,"_monsterinsights_sitenote_active":false,"_monsterinsights_sitenote_note":"","_monsterinsights_sitenote_category":0,"footnotes":""},"class_list":["post-2308","page","type-page","status-publish","hentry","section-ma-caisse"],"acf":[],"yoast_head":"<!-- This site is optimized with the Yoast SEO plugin v27.4 - https:\/\/yoast.com\/product\/yoast-seo-wordpress\/ -->\n<title>Accessibilit\u00e9 de nos services | Caisse Alliance<\/title>\n<meta name=\"robots\" content=\"index, follow, max-snippet:-1, max-image-preview:large, max-video-preview:-1\" \/>\n<link rel=\"canonical\" href=\"https:\/\/www.caissealliance.com\/fr\/ma-caisse\/qui-nous-sommes\/notre-caisse\/accessibilite-de-nos-services\/\" \/>\n<meta property=\"og:locale\" content=\"fr_FR\" \/>\n<meta property=\"og:type\" content=\"article\" \/>\n<meta property=\"og:title\" content=\"Accessibilit\u00e9 de nos services | Caisse Alliance\" \/>\n<meta property=\"og:description\" content=\"Si la Caisse Alliance existe, c\u2019est d\u2019abord pour que chacun, dans ses\u00a0collectivit\u00e9s, puisse obtenir les services financiers dont il a besoin. L\u2019accessibilit\u00e9 a d\u00e9termin\u00e9 le d\u00e9veloppement du Mouvement au fil des ann\u00e9es et influenc\u00e9 ses priorit\u00e9s. Organisation d\u00e9mocratique \u00e0 l\u2019\u00e9coute de ses membres, votre Caisse a toujours eu \u00e0 c\u0153ur de rendre ses installations accessibles. [...]\" \/>\n<meta property=\"og:url\" content=\"https:\/\/www.caissealliance.com\/fr\/ma-caisse\/qui-nous-sommes\/notre-caisse\/accessibilite-de-nos-services\/\" \/>\n<meta property=\"og:site_name\" content=\"Caisse Alliance\" \/>\n<meta property=\"article:modified_time\" content=\"2025-07-15T16:30:44+00:00\" \/>\n<meta name=\"twitter:card\" content=\"summary_large_image\" \/>\n<meta name=\"twitter:label1\" content=\"Dur\u00e9e de lecture estim\u00e9e\" \/>\n\t<meta name=\"twitter:data1\" content=\"2 minutes\" \/>\n<script type=\"application\/ld+json\" class=\"yoast-schema-graph\">{\"@context\":\"https:\\\/\\\/schema.org\",\"@graph\":[{\"@type\":\"WebPage\",\"@id\":\"https:\\\/\\\/www.caissealliance.com\\\/fr\\\/ma-caisse\\\/qui-nous-sommes\\\/notre-caisse\\\/accessibilite-de-nos-services\\\/\",\"url\":\"https:\\\/\\\/www.caissealliance.com\\\/fr\\\/ma-caisse\\\/qui-nous-sommes\\\/notre-caisse\\\/accessibilite-de-nos-services\\\/\",\"name\":\"Accessibilit\u00e9 de nos services | Caisse Alliance\",\"isPartOf\":{\"@id\":\"https:\\\/\\\/www.caissealliance.com\\\/fr\\\/#website\"},\"datePublished\":\"2019-04-08T15:47:29+00:00\",\"dateModified\":\"2025-07-15T16:30:44+00:00\",\"breadcrumb\":{\"@id\":\"https:\\\/\\\/www.caissealliance.com\\\/fr\\\/ma-caisse\\\/qui-nous-sommes\\\/notre-caisse\\\/accessibilite-de-nos-services\\\/#breadcrumb\"},\"inLanguage\":\"fr-FR\",\"potentialAction\":[{\"@type\":\"ReadAction\",\"target\":[\"https:\\\/\\\/www.caissealliance.com\\\/fr\\\/ma-caisse\\\/qui-nous-sommes\\\/notre-caisse\\\/accessibilite-de-nos-services\\\/\"]}]},{\"@type\":\"BreadcrumbList\",\"@id\":\"https:\\\/\\\/www.caissealliance.com\\\/fr\\\/ma-caisse\\\/qui-nous-sommes\\\/notre-caisse\\\/accessibilite-de-nos-services\\\/#breadcrumb\",\"itemListElement\":[{\"@type\":\"ListItem\",\"position\":1,\"name\":\"Home\",\"item\":\"https:\\\/\\\/www.caissealliance.com\\\/fr\\\/\"},{\"@type\":\"ListItem\",\"position\":2,\"name\":\"Ma Caisse\",\"item\":\"https:\\\/\\\/www.caissealliance.com\\\/fr\\\/ma-caisse\\\/\"},{\"@type\":\"ListItem\",\"position\":3,\"name\":\"Qui nous sommes\",\"item\":\"https:\\\/\\\/www.caissealliance.com\\\/fr\\\/ma-caisse\\\/qui-nous-sommes\\\/\"},{\"@type\":\"ListItem\",\"position\":4,\"name\":\"Notre Caisse\",\"item\":\"https:\\\/\\\/www.caissealliance.com\\\/fr\\\/ma-caisse\\\/qui-nous-sommes\\\/notre-caisse\\\/\"},{\"@type\":\"ListItem\",\"position\":5,\"name\":\"Accessibilit\u00e9 de nos services\"}]},{\"@type\":\"WebSite\",\"@id\":\"https:\\\/\\\/www.caissealliance.com\\\/fr\\\/#website\",\"url\":\"https:\\\/\\\/www.caissealliance.com\\\/fr\\\/\",\"name\":\"Caisse Alliance\",\"description\":\"Site Web de la Caisse Alliance\",\"potentialAction\":[{\"@type\":\"SearchAction\",\"target\":{\"@type\":\"EntryPoint\",\"urlTemplate\":\"https:\\\/\\\/www.caissealliance.com\\\/fr\\\/?s={search_term_string}\"},\"query-input\":{\"@type\":\"PropertyValueSpecification\",\"valueRequired\":true,\"valueName\":\"search_term_string\"}}],\"inLanguage\":\"fr-FR\"}]}<\/script>\n<!-- \/ Yoast SEO plugin. -->","yoast_head_json":{"title":"Accessibilit\u00e9 de nos services | Caisse Alliance","robots":{"index":"index","follow":"follow","max-snippet":"max-snippet:-1","max-image-preview":"max-image-preview:large","max-video-preview":"max-video-preview:-1"},"canonical":"https:\/\/www.caissealliance.com\/fr\/ma-caisse\/qui-nous-sommes\/notre-caisse\/accessibilite-de-nos-services\/","og_locale":"fr_FR","og_type":"article","og_title":"Accessibilit\u00e9 de nos services | Caisse Alliance","og_description":"Si la Caisse Alliance existe, c\u2019est d\u2019abord pour que chacun, dans ses\u00a0collectivit\u00e9s, puisse obtenir les services financiers dont il a besoin. L\u2019accessibilit\u00e9 a d\u00e9termin\u00e9 le d\u00e9veloppement du Mouvement au fil des ann\u00e9es et influenc\u00e9 ses priorit\u00e9s. Organisation d\u00e9mocratique \u00e0 l\u2019\u00e9coute de ses membres, votre Caisse a toujours eu \u00e0 c\u0153ur de rendre ses installations accessibles. [...]","og_url":"https:\/\/www.caissealliance.com\/fr\/ma-caisse\/qui-nous-sommes\/notre-caisse\/accessibilite-de-nos-services\/","og_site_name":"Caisse Alliance","article_modified_time":"2025-07-15T16:30:44+00:00","twitter_card":"summary_large_image","twitter_misc":{"Dur\u00e9e de lecture estim\u00e9e":"2 minutes"},"schema":{"@context":"https:\/\/schema.org","@graph":[{"@type":"WebPage","@id":"https:\/\/www.caissealliance.com\/fr\/ma-caisse\/qui-nous-sommes\/notre-caisse\/accessibilite-de-nos-services\/","url":"https:\/\/www.caissealliance.com\/fr\/ma-caisse\/qui-nous-sommes\/notre-caisse\/accessibilite-de-nos-services\/","name":"Accessibilit\u00e9 de nos services | Caisse Alliance","isPartOf":{"@id":"https:\/\/www.caissealliance.com\/fr\/#website"},"datePublished":"2019-04-08T15:47:29+00:00","dateModified":"2025-07-15T16:30:44+00:00","breadcrumb":{"@id":"https:\/\/www.caissealliance.com\/fr\/ma-caisse\/qui-nous-sommes\/notre-caisse\/accessibilite-de-nos-services\/#breadcrumb"},"inLanguage":"fr-FR","potentialAction":[{"@type":"ReadAction","target":["https:\/\/www.caissealliance.com\/fr\/ma-caisse\/qui-nous-sommes\/notre-caisse\/accessibilite-de-nos-services\/"]}]},{"@type":"BreadcrumbList","@id":"https:\/\/www.caissealliance.com\/fr\/ma-caisse\/qui-nous-sommes\/notre-caisse\/accessibilite-de-nos-services\/#breadcrumb","itemListElement":[{"@type":"ListItem","position":1,"name":"Home","item":"https:\/\/www.caissealliance.com\/fr\/"},{"@type":"ListItem","position":2,"name":"Ma Caisse","item":"https:\/\/www.caissealliance.com\/fr\/ma-caisse\/"},{"@type":"ListItem","position":3,"name":"Qui nous sommes","item":"https:\/\/www.caissealliance.com\/fr\/ma-caisse\/qui-nous-sommes\/"},{"@type":"ListItem","position":4,"name":"Notre Caisse","item":"https:\/\/www.caissealliance.com\/fr\/ma-caisse\/qui-nous-sommes\/notre-caisse\/"},{"@type":"ListItem","position":5,"name":"Accessibilit\u00e9 de nos services"}]},{"@type":"WebSite","@id":"https:\/\/www.caissealliance.com\/fr\/#website","url":"https:\/\/www.caissealliance.com\/fr\/","name":"Caisse Alliance","description":"Site Web de la Caisse Alliance","potentialAction":[{"@type":"SearchAction","target":{"@type":"EntryPoint","urlTemplate":"https:\/\/www.caissealliance.com\/fr\/?s={search_term_string}"},"query-input":{"@type":"PropertyValueSpecification","valueRequired":true,"valueName":"search_term_string"}}],"inLanguage":"fr-FR"}]}},"publishpress_future_action":{"enabled":false,"date":"2026-05-03 15:16:26","action":"change-status","newStatus":"draft","terms":[],"taxonomy":"section","extraData":[]},"publishpress_future_workflow_manual_trigger":{"enabledWorkflows":[]},"_links":{"self":[{"href":"https:\/\/www.caissealliance.com\/fr\/wp-json\/wp\/v2\/pages\/2308","targetHints":{"allow":["GET"]}}],"collection":[{"href":"https:\/\/www.caissealliance.com\/fr\/wp-json\/wp\/v2\/pages"}],"about":[{"href":"https:\/\/www.caissealliance.com\/fr\/wp-json\/wp\/v2\/types\/page"}],"author":[{"embeddable":true,"href":"https:\/\/www.caissealliance.com\/fr\/wp-json\/wp\/v2\/users\/1"}],"replies":[{"embeddable":true,"href":"https:\/\/www.caissealliance.com\/fr\/wp-json\/wp\/v2\/comments?post=2308"}],"version-history":[{"count":25,"href":"https:\/\/www.caissealliance.com\/fr\/wp-json\/wp\/v2\/pages\/2308\/revisions"}],"predecessor-version":[{"id":33223,"href":"https:\/\/www.caissealliance.com\/fr\/wp-json\/wp\/v2\/pages\/2308\/revisions\/33223"}],"up":[{"embeddable":true,"href":"https:\/\/www.caissealliance.com\/fr\/wp-json\/wp\/v2\/pages\/2297"}],"wp:attachment":[{"href":"https:\/\/www.caissealliance.com\/fr\/wp-json\/wp\/v2\/media?parent=2308"}],"curies":[{"name":"wp","href":"https:\/\/api.w.org\/{rel}","templated":true}]}}