{"id":2307,"date":"2019-04-08T11:47:28","date_gmt":"2019-04-08T15:47:28","guid":{"rendered":"http:\/\/caissealliance.absoludev.ca\/historique-de-lalliance\/"},"modified":"2022-07-07T13:21:00","modified_gmt":"2022-07-07T17:21:00","slug":"notre-histoire","status":"publish","type":"page","link":"https:\/\/www.caissealliance.com\/fr\/ma-caisse\/qui-nous-sommes\/notre-caisse\/notre-histoire\/","title":{"rendered":"Notre histoire"},"content":{"rendered":"<h1>Notre histoire<\/h1>\n<p><strong>INFORMATIONS COURANTES<br \/>\n<\/strong><br \/>\n<strong>Pr\u00e9sident et chef de la direction :<\/strong> M. Pierre Dorval<br \/>\n<strong>Pr\u00e9sident :<\/strong> M. Gr\u00e9goire Lefebvre<\/p>\n<p><img fetchpriority=\"high\" decoding=\"async\" class=\"alignnone size-full wp-image-7526\" src=\"https:\/\/www.caissealliance.com\/wp-content\/uploads\/25ans.jpg\" alt=\"\" width=\"200\" height=\"253\" srcset=\"https:\/\/www.caissealliance.com\/wp-content\/uploads\/25ans.jpg 200w, https:\/\/www.caissealliance.com\/wp-content\/uploads\/25ans-198x250.jpg 198w\" sizes=\"(max-width: 200px) 100vw, 200px\" \/><\/p>\n<p><a href=\"https:\/\/www.caissealliance.com\/wp-content\/uploads\/25e_Alliance.pdf\">25e_Alliance<\/a><\/p>\n<p>T\u00e9l\u00e9charger notre livre qui repr\u00e9sente 25 ans de succ\u00e8s du r\u00e9seau des caisses populaires membres de L\u2019Alliance des caisses populaires de l\u2019Ontario limit\u00e9e.<br \/>\n(2.2 Mo)<\/p>\n<p><img \/><img decoding=\"async\" class=\"alignnone wp-image-7528 size-medium\" src=\"https:\/\/www.caissealliance.com\/wp-content\/uploads\/Alliance-35-ans-232x300.jpg\" alt=\"\" width=\"232\" height=\"300\" srcset=\"https:\/\/www.caissealliance.com\/wp-content\/uploads\/Alliance-35-ans-232x300.jpg 232w, https:\/\/www.caissealliance.com\/wp-content\/uploads\/Alliance-35-ans-768x994.jpg 768w, https:\/\/www.caissealliance.com\/wp-content\/uploads\/Alliance-35-ans-791x1024.jpg 791w, https:\/\/www.caissealliance.com\/wp-content\/uploads\/Alliance-35-ans-193x250.jpg 193w\" sizes=\"(max-width: 232px) 100vw, 232px\" \/><\/p>\n<p><a href=\"https:\/\/www.caissealliance.com\/wp-content\/uploads\/Alliance-35-ans-Livret.pdf\">Alliance 35 ans<\/a><\/p>\n<p><img decoding=\"async\" class=\"alignnone wp-image-7530 size-medium\" src=\"https:\/\/www.caissealliance.com\/wp-content\/uploads\/Alliance-Rapport-Annuel-2015-232x300-232x300.jpg\" alt=\"\" width=\"232\" height=\"300\" srcset=\"https:\/\/www.caissealliance.com\/wp-content\/uploads\/Alliance-Rapport-Annuel-2015-232x300.jpg 232w, https:\/\/www.caissealliance.com\/wp-content\/uploads\/Alliance-Rapport-Annuel-2015-232x300-193x250.jpg 193w\" sizes=\"(max-width: 232px) 100vw, 232px\" \/><\/p>\n<p><a href=\"https:\/\/www.caissealliance.com\/wp-content\/uploads\/Alliance-Rapport-Annuel-Inte\u0301rieur-2015.pdf\">Alliance Rapport Annuel Int\u00e9rieur 2015<\/a><\/p>\n<p>&nbsp;<\/p>\n","protected":false},"excerpt":{"rendered":"<p>INFORMATIONS COURANTES Pr\u00e9sident et chef de la direction : M. Pierre Dorval Pr\u00e9sident : M. Gr\u00e9goire Lefebvre 25e_Alliance T\u00e9l\u00e9charger notre livre qui repr\u00e9sente 25 ans de succ\u00e8s du r\u00e9seau des caisses populaires membres de L\u2019Alliance des caisses populaires de l\u2019Ontario limit\u00e9e. (2.2 Mo) Alliance 35 ans Alliance Rapport Annuel Int\u00e9rieur 2015 &nbsp;<\/p>\n","protected":false},"author":1,"featured_media":0,"parent":2297,"menu_order":2,"comment_status":"closed","ping_status":"closed","template":"","meta":{"_acf_changed":false,"_monsterinsights_skip_tracking":false,"_monsterinsights_sitenote_active":false,"_monsterinsights_sitenote_note":"","_monsterinsights_sitenote_category":0,"footnotes":""},"class_list":["post-2307","page","type-page","status-publish","hentry","section-ma-caisse"],"acf":[],"yoast_head":"<!-- This site is optimized with the Yoast SEO plugin v27.4 - https:\/\/yoast.com\/product\/yoast-seo-wordpress\/ -->\n<title>Notre histoire | Caisse Alliance<\/title>\n<meta name=\"robots\" content=\"index, follow, max-snippet:-1, max-image-preview:large, max-video-preview:-1\" \/>\n<link rel=\"canonical\" href=\"https:\/\/www.caissealliance.com\/fr\/ma-caisse\/qui-nous-sommes\/notre-caisse\/notre-histoire\/\" \/>\n<meta property=\"og:locale\" content=\"fr_FR\" \/>\n<meta property=\"og:type\" content=\"article\" \/>\n<meta property=\"og:title\" content=\"Notre histoire | Caisse Alliance\" \/>\n<meta property=\"og:description\" content=\"INFORMATIONS COURANTES Pr\u00e9sident et chef de la direction : M. Pierre Dorval Pr\u00e9sident : M. Gr\u00e9goire Lefebvre 25e_Alliance T\u00e9l\u00e9charger notre livre qui repr\u00e9sente 25 ans de succ\u00e8s du r\u00e9seau des caisses populaires membres de L\u2019Alliance des caisses populaires de l\u2019Ontario limit\u00e9e. (2.2 Mo) Alliance 35 ans Alliance Rapport Annuel Int\u00e9rieur 2015 &nbsp;\" \/>\n<meta property=\"og:url\" content=\"https:\/\/www.caissealliance.com\/fr\/ma-caisse\/qui-nous-sommes\/notre-caisse\/notre-histoire\/\" \/>\n<meta property=\"og:site_name\" content=\"Caisse Alliance\" \/>\n<meta property=\"article:modified_time\" content=\"2022-07-07T17:21:00+00:00\" \/>\n<meta property=\"og:image\" content=\"https:\/\/www.caissealliance.com\/wp-content\/uploads\/25ans.jpg\" \/>\n<meta name=\"twitter:card\" content=\"summary_large_image\" \/>\n<script type=\"application\/ld+json\" class=\"yoast-schema-graph\">{\"@context\":\"https:\\\/\\\/schema.org\",\"@graph\":[{\"@type\":\"WebPage\",\"@id\":\"https:\\\/\\\/www.caissealliance.com\\\/fr\\\/ma-caisse\\\/qui-nous-sommes\\\/notre-caisse\\\/notre-histoire\\\/\",\"url\":\"https:\\\/\\\/www.caissealliance.com\\\/fr\\\/ma-caisse\\\/qui-nous-sommes\\\/notre-caisse\\\/notre-histoire\\\/\",\"name\":\"Notre histoire | Caisse Alliance\",\"isPartOf\":{\"@id\":\"https:\\\/\\\/www.caissealliance.com\\\/fr\\\/#website\"},\"primaryImageOfPage\":{\"@id\":\"https:\\\/\\\/www.caissealliance.com\\\/fr\\\/ma-caisse\\\/qui-nous-sommes\\\/notre-caisse\\\/notre-histoire\\\/#primaryimage\"},\"image\":{\"@id\":\"https:\\\/\\\/www.caissealliance.com\\\/fr\\\/ma-caisse\\\/qui-nous-sommes\\\/notre-caisse\\\/notre-histoire\\\/#primaryimage\"},\"thumbnailUrl\":\"https:\\\/\\\/www.caissealliance.com\\\/wp-content\\\/uploads\\\/25ans.jpg\",\"datePublished\":\"2019-04-08T15:47:28+00:00\",\"dateModified\":\"2022-07-07T17:21:00+00:00\",\"breadcrumb\":{\"@id\":\"https:\\\/\\\/www.caissealliance.com\\\/fr\\\/ma-caisse\\\/qui-nous-sommes\\\/notre-caisse\\\/notre-histoire\\\/#breadcrumb\"},\"inLanguage\":\"fr-FR\",\"potentialAction\":[{\"@type\":\"ReadAction\",\"target\":[\"https:\\\/\\\/www.caissealliance.com\\\/fr\\\/ma-caisse\\\/qui-nous-sommes\\\/notre-caisse\\\/notre-histoire\\\/\"]}]},{\"@type\":\"ImageObject\",\"inLanguage\":\"fr-FR\",\"@id\":\"https:\\\/\\\/www.caissealliance.com\\\/fr\\\/ma-caisse\\\/qui-nous-sommes\\\/notre-caisse\\\/notre-histoire\\\/#primaryimage\",\"url\":\"https:\\\/\\\/www.caissealliance.com\\\/wp-content\\\/uploads\\\/25ans.jpg\",\"contentUrl\":\"https:\\\/\\\/www.caissealliance.com\\\/wp-content\\\/uploads\\\/25ans.jpg\"},{\"@type\":\"BreadcrumbList\",\"@id\":\"https:\\\/\\\/www.caissealliance.com\\\/fr\\\/ma-caisse\\\/qui-nous-sommes\\\/notre-caisse\\\/notre-histoire\\\/#breadcrumb\",\"itemListElement\":[{\"@type\":\"ListItem\",\"position\":1,\"name\":\"Home\",\"item\":\"https:\\\/\\\/www.caissealliance.com\\\/fr\\\/\"},{\"@type\":\"ListItem\",\"position\":2,\"name\":\"Ma Caisse\",\"item\":\"https:\\\/\\\/www.caissealliance.com\\\/fr\\\/ma-caisse\\\/\"},{\"@type\":\"ListItem\",\"position\":3,\"name\":\"Qui nous sommes\",\"item\":\"https:\\\/\\\/www.caissealliance.com\\\/fr\\\/ma-caisse\\\/qui-nous-sommes\\\/\"},{\"@type\":\"ListItem\",\"position\":4,\"name\":\"Notre Caisse\",\"item\":\"https:\\\/\\\/www.caissealliance.com\\\/fr\\\/ma-caisse\\\/qui-nous-sommes\\\/notre-caisse\\\/\"},{\"@type\":\"ListItem\",\"position\":5,\"name\":\"Notre histoire\"}]},{\"@type\":\"WebSite\",\"@id\":\"https:\\\/\\\/www.caissealliance.com\\\/fr\\\/#website\",\"url\":\"https:\\\/\\\/www.caissealliance.com\\\/fr\\\/\",\"name\":\"Caisse Alliance\",\"description\":\"Site Web de la Caisse Alliance\",\"potentialAction\":[{\"@type\":\"SearchAction\",\"target\":{\"@type\":\"EntryPoint\",\"urlTemplate\":\"https:\\\/\\\/www.caissealliance.com\\\/fr\\\/?s={search_term_string}\"},\"query-input\":{\"@type\":\"PropertyValueSpecification\",\"valueRequired\":true,\"valueName\":\"search_term_string\"}}],\"inLanguage\":\"fr-FR\"}]}<\/script>\n<!-- \/ Yoast SEO plugin. -->","yoast_head_json":{"title":"Notre histoire | Caisse Alliance","robots":{"index":"index","follow":"follow","max-snippet":"max-snippet:-1","max-image-preview":"max-image-preview:large","max-video-preview":"max-video-preview:-1"},"canonical":"https:\/\/www.caissealliance.com\/fr\/ma-caisse\/qui-nous-sommes\/notre-caisse\/notre-histoire\/","og_locale":"fr_FR","og_type":"article","og_title":"Notre histoire | Caisse Alliance","og_description":"INFORMATIONS COURANTES Pr\u00e9sident et chef de la direction : M. Pierre Dorval Pr\u00e9sident : M. Gr\u00e9goire Lefebvre 25e_Alliance T\u00e9l\u00e9charger notre livre qui repr\u00e9sente 25 ans de succ\u00e8s du r\u00e9seau des caisses populaires membres de L\u2019Alliance des caisses populaires de l\u2019Ontario limit\u00e9e. (2.2 Mo) Alliance 35 ans Alliance Rapport Annuel Int\u00e9rieur 2015 &nbsp;","og_url":"https:\/\/www.caissealliance.com\/fr\/ma-caisse\/qui-nous-sommes\/notre-caisse\/notre-histoire\/","og_site_name":"Caisse Alliance","article_modified_time":"2022-07-07T17:21:00+00:00","og_image":[{"url":"https:\/\/www.caissealliance.com\/wp-content\/uploads\/25ans.jpg","type":"","width":"","height":""}],"twitter_card":"summary_large_image","schema":{"@context":"https:\/\/schema.org","@graph":[{"@type":"WebPage","@id":"https:\/\/www.caissealliance.com\/fr\/ma-caisse\/qui-nous-sommes\/notre-caisse\/notre-histoire\/","url":"https:\/\/www.caissealliance.com\/fr\/ma-caisse\/qui-nous-sommes\/notre-caisse\/notre-histoire\/","name":"Notre histoire | Caisse Alliance","isPartOf":{"@id":"https:\/\/www.caissealliance.com\/fr\/#website"},"primaryImageOfPage":{"@id":"https:\/\/www.caissealliance.com\/fr\/ma-caisse\/qui-nous-sommes\/notre-caisse\/notre-histoire\/#primaryimage"},"image":{"@id":"https:\/\/www.caissealliance.com\/fr\/ma-caisse\/qui-nous-sommes\/notre-caisse\/notre-histoire\/#primaryimage"},"thumbnailUrl":"https:\/\/www.caissealliance.com\/wp-content\/uploads\/25ans.jpg","datePublished":"2019-04-08T15:47:28+00:00","dateModified":"2022-07-07T17:21:00+00:00","breadcrumb":{"@id":"https:\/\/www.caissealliance.com\/fr\/ma-caisse\/qui-nous-sommes\/notre-caisse\/notre-histoire\/#breadcrumb"},"inLanguage":"fr-FR","potentialAction":[{"@type":"ReadAction","target":["https:\/\/www.caissealliance.com\/fr\/ma-caisse\/qui-nous-sommes\/notre-caisse\/notre-histoire\/"]}]},{"@type":"ImageObject","inLanguage":"fr-FR","@id":"https:\/\/www.caissealliance.com\/fr\/ma-caisse\/qui-nous-sommes\/notre-caisse\/notre-histoire\/#primaryimage","url":"https:\/\/www.caissealliance.com\/wp-content\/uploads\/25ans.jpg","contentUrl":"https:\/\/www.caissealliance.com\/wp-content\/uploads\/25ans.jpg"},{"@type":"BreadcrumbList","@id":"https:\/\/www.caissealliance.com\/fr\/ma-caisse\/qui-nous-sommes\/notre-caisse\/notre-histoire\/#breadcrumb","itemListElement":[{"@type":"ListItem","position":1,"name":"Home","item":"https:\/\/www.caissealliance.com\/fr\/"},{"@type":"ListItem","position":2,"name":"Ma Caisse","item":"https:\/\/www.caissealliance.com\/fr\/ma-caisse\/"},{"@type":"ListItem","position":3,"name":"Qui nous sommes","item":"https:\/\/www.caissealliance.com\/fr\/ma-caisse\/qui-nous-sommes\/"},{"@type":"ListItem","position":4,"name":"Notre Caisse","item":"https:\/\/www.caissealliance.com\/fr\/ma-caisse\/qui-nous-sommes\/notre-caisse\/"},{"@type":"ListItem","position":5,"name":"Notre histoire"}]},{"@type":"WebSite","@id":"https:\/\/www.caissealliance.com\/fr\/#website","url":"https:\/\/www.caissealliance.com\/fr\/","name":"Caisse Alliance","description":"Site Web de la Caisse Alliance","potentialAction":[{"@type":"SearchAction","target":{"@type":"EntryPoint","urlTemplate":"https:\/\/www.caissealliance.com\/fr\/?s={search_term_string}"},"query-input":{"@type":"PropertyValueSpecification","valueRequired":true,"valueName":"search_term_string"}}],"inLanguage":"fr-FR"}]}},"publishpress_future_action":{"enabled":false,"date":"2026-05-03 16:36:11","action":"change-status","newStatus":"draft","terms":[],"taxonomy":"section","extraData":[]},"publishpress_future_workflow_manual_trigger":{"enabledWorkflows":[]},"_links":{"self":[{"href":"https:\/\/www.caissealliance.com\/fr\/wp-json\/wp\/v2\/pages\/2307","targetHints":{"allow":["GET"]}}],"collection":[{"href":"https:\/\/www.caissealliance.com\/fr\/wp-json\/wp\/v2\/pages"}],"about":[{"href":"https:\/\/www.caissealliance.com\/fr\/wp-json\/wp\/v2\/types\/page"}],"author":[{"embeddable":true,"href":"https:\/\/www.caissealliance.com\/fr\/wp-json\/wp\/v2\/users\/1"}],"replies":[{"embeddable":true,"href":"https:\/\/www.caissealliance.com\/fr\/wp-json\/wp\/v2\/comments?post=2307"}],"version-history":[{"count":11,"href":"https:\/\/www.caissealliance.com\/fr\/wp-json\/wp\/v2\/pages\/2307\/revisions"}],"predecessor-version":[{"id":15512,"href":"https:\/\/www.caissealliance.com\/fr\/wp-json\/wp\/v2\/pages\/2307\/revisions\/15512"}],"up":[{"embeddable":true,"href":"https:\/\/www.caissealliance.com\/fr\/wp-json\/wp\/v2\/pages\/2297"}],"wp:attachment":[{"href":"https:\/\/www.caissealliance.com\/fr\/wp-json\/wp\/v2\/media?parent=2307"}],"curies":[{"name":"wp","href":"https:\/\/api.w.org\/{rel}","templated":true}]}}