{"id":2306,"date":"2019-04-08T11:47:26","date_gmt":"2019-04-08T15:47:26","guid":{"rendered":"http:\/\/caissealliance.absoludev.ca\/mission-valeurs-et-priorites\/"},"modified":"2026-03-18T14:08:58","modified_gmt":"2026-03-18T18:08:58","slug":"mission-valeurs-et-priorites","status":"publish","type":"page","link":"https:\/\/www.caissealliance.com\/fr\/ma-caisse\/qui-nous-sommes\/notre-caisse\/mission-valeurs-et-priorites\/","title":{"rendered":"Raison d&#8217;\u00eatre, valeurs et priorit\u00e9s"},"content":{"rendered":"<h1><strong>Notre vision d\u2019avenir<\/strong><\/h1>\n<h2><strong>Notre raison d&#8217;\u00eatre<\/strong><\/h2>\n<p>Au c\u0153ur du d\u00e9veloppement de nos communaut\u00e9s, nous contribuons au succ\u00e8s de nos membres gr\u00e2ce \u00e0 nos valeurs coop\u00e9ratives, \u00e0 la qualit\u00e9 de notre offre et \u00e0 l\u2019excellence de nos services. Nous sommes&#8230;<\/p>\n<p><strong>Humains. Disponibles. Branch\u00e9s.<\/strong><\/p>\n<h2><strong>Notre vision\u00a0<\/strong><\/h2>\n<p>Avec une <b>\u00e9quipe d\u00e9di\u00e9e <\/b>et des <b>solutions num\u00e9riques modernes<\/b>, la Caisse Alliance est le <b>partenaire financier privil\u00e9gi\u00e9 <\/b>et le <b>moteur \u00e9conomique cl\u00e9 <\/b>dans ses communaut\u00e9s.<\/p>\n<h2><strong>Nos 8 grandes valeurs<\/strong><\/h2>\n<h3>Expertise, performance et qualit\u00e9 de nos produits et services<\/h3>\n<p>Nous mettons en commun nos expertises et nos ressources afin de faire profiter l\u2019ensemble de nos membres. Nous offrons des solutions, des produits et des services flexibles et de qualit\u00e9. Nous travaillons \u00e0 faire \u00e9voluer nos outils et fa\u00e7ons de faire, notamment en lien avec le num\u00e9rique, de mani\u00e8re \u00e0 r\u00e9pondre \u00e0 leurs attentes et besoins.<\/p>\n<h3>Respect et \u00e9coute des besoins des membres<\/h3>\n<p>Nous sommes accessibles et attentifs aux besoins \u00e9volutifs de nos membres, actuels et futurs. Nous travaillons \u00e0 gagner et maintenir la confiance de nos membres afin de les aider \u00e0 atteindre leurs ambitions. Nous donnons une voix \u00e0 tous et veillons au maintien de la vie d\u00e9mocratique exerc\u00e9e par nos membres.<\/p>\n<h3>Int\u00e9grit\u00e9, honn\u00eatet\u00e9 et transparence<\/h3>\n<p>Nous prenons nos d\u00e9cisions dans l\u2019int\u00e9r\u00eat de nos membres et communaut\u00e9s avant tout. Nous veillons au respect des bonnes pratiques d\u2019affaires et de gestion, et nous engageons \u00e0 toujours communiquer des informations qui soient exactes, compl\u00e8tes et en temps opportun.<\/p>\n<h3>\u00c9coute des communaut\u00e9s et coop\u00e9ration<\/h3>\n<p>Nous avons \u00e0 c\u0153ur le d\u00e9veloppement de nos communaut\u00e9s, et c\u2019est pourquoi nous nous impliquons activement et durablement aupr\u00e8s d\u2019elles afin de faire vivre notre distinction coop\u00e9rative au quotidien. Comme acteur socio\u00e9conomique, le d\u00e9veloppement durable et la mise en place de pratiques associ\u00e9es sont au c\u0153ur de nos priorit\u00e9s.<\/p>\n<h3>Engagement<\/h3>\n<p>Nous nous investissons individuellement et collectivement. Nous croyons que l\u2019engagement de tous est le pilier des relations que nous entretenons avec nos membres.<\/p>\n<h3>Collaboration et ouverture<\/h3>\n<p>Nous faisons en sorte qu\u2019il soit facile et agr\u00e9able de travailler avec nous. Nous collaborons \u00e9troitement avec nos partenaires, et ce, tout en s\u2019assurant de conserver notre autonomie et notre ind\u00e9pendance d\u2019esprit.<\/p>\n<h3>Respect de notre h\u00e9ritage<\/h3>\n<p>Nous sommes une institution financi\u00e8re aux origines franco-ontariennes. Nous construisons l\u2019avenir en capitalisant sur qui nous sommes, le chemin que nous avons parcouru et les succ\u00e8s que nous avons v\u00e9cus.<\/p>\n<h3>Travail d\u2019\u00e9quipe, valorisation et mieux-\u00eatre de nos employ\u00e9s<\/h3>\n<p>Nous croyons fermement en la richesse que repr\u00e9sentent nos employ\u00e9s, car ils sont au c\u0153ur de nos succ\u00e8s et des relations avec nos membres. Le travail d\u2019\u00e9quipe est \u00e0 la base de nos strat\u00e9gies et c\u2019est pourquoi nous investissons constamment dans le d\u00e9veloppement et la responsabilisation de nos employ\u00e9s.<\/p>\n<h2><strong>Notre promesse<\/strong><\/h2>\n<ul>\n<li>Offrir des services financiers bilingues de haute qualit\u00e9.<\/li>\n<li>Assurer la satisfaction de nos membres.<\/li>\n<li>Mettre \u00e0 la disposition des membres un personnel form\u00e9 qui saura les servir avec compassion, honn\u00eatet\u00e9 et confidentialit\u00e9.<\/li>\n<li>Encourager la transparence, le respect, la courtoisie et l\u2019inclusion lors de toutes initiatives de la Caisse.<\/li>\n<li>Respecter les principes coop\u00e9ratifs.<\/li>\n<li>Solliciter les commentaires de nos membres et y r\u00e9pondre rapidement.<\/li>\n<li>Faire parvenir un accus\u00e9 de r\u00e9ception, indiquant un \u00e9ch\u00e9ancier, \u00e0 l\u2019int\u00e9rieur d\u2019une (1) journ\u00e9e ouvrable, sauf sous exception, suivant toutes demandes de soutien.<\/li>\n<\/ul>\n<h3>Objectifs sp\u00e9cifiques<\/h3>\n<table style=\"border-collapse: collapse; width: 100%;\" border=\"1\">\n<tbody>\n<tr>\n<td style=\"width: 31.6647%;\" width=\"244\" data-lowconfidence=\"1\" data-bottom=\"4.222483\" data-right=\"24.627422\" data-top=\"0.728012\" data-left=\"0.726527\">PROMESSES<\/td>\n<td style=\"width: 31.9059%;\" width=\"246\" data-lowconfidence=\"1\" data-bottom=\"4.222483\" data-right=\"56.371090\" data-top=\"0.728012\" data-left=\"24.627422\">OBJECTIFS<\/td>\n<td style=\"width: 36.4294%;\" width=\"246\" data-lowconfidence=\"1\" data-bottom=\"4.222483\" data-right=\"98.789116\" data-top=\"0.728012\" data-left=\"56.371090\">INDICATEURS DE SUCC\u00c8S<\/td>\n<\/tr>\n<tr>\n<td style=\"width: 31.6647%;\" width=\"244\" data-lowconfidence=\"1\" data-bottom=\"21.549215\" data-right=\"24.627422\" data-top=\"4.222483\" data-left=\"0.726527\">Offrir des services financiers de haute qualit\u00e9 \u00e0 tous nos membres en mettant \u00e0 leur disposition un personnel form\u00e9 qui sait servir avec compassion, honn\u00eatet\u00e9 et confidentialit\u00e9.<\/td>\n<td style=\"width: 31.9059%;\" width=\"246\" data-lowconfidence=\"1\" data-bottom=\"21.549215\" data-right=\"56.371090\" data-top=\"4.222483\" data-left=\"24.627422\">\n<p>Assurer la formation de tout le personnel de la Caisse annuellement.<\/p>\n<p>G\u00e9rer sa propre \u00c9cole de formation assurant ainsi l&#8217;\u00e9volution professionnelle des employ\u00e9s<\/td>\n<td style=\"width: 36.4294%;\" width=\"246\" data-lowconfidence=\"1\" data-bottom=\"21.549215\" data-right=\"98.789116\" data-top=\"4.222483\" data-left=\"56.371090\">Obliger annuellement tout le personnel \u00e0 compl\u00e9ter des formations de base.<\/td>\n<\/tr>\n<tr>\n<td style=\"width: 31.6647%;\" width=\"244\" data-lowconfidence=\"1\" data-bottom=\"44.554455\" data-right=\"24.627422\" data-top=\"21.549215\" data-left=\"0.726527\">Respecter les principes coop\u00e9ratifs.<\/td>\n<td style=\"width: 31.9059%;\" width=\"246\" data-lowconfidence=\"1\" data-bottom=\"44.554455\" data-right=\"56.371090\" data-top=\"21.549215\" data-left=\"24.627422\">S&#8217;assurer que les 7 principes coop\u00e9ratifs soient connus et mis en application au quotidien.<\/td>\n<td style=\"width: 36.4294%;\" width=\"246\" data-lowconfidence=\"1\" data-bottom=\"44.554455\" data-right=\"98.789116\" data-top=\"21.549215\" data-left=\"56.371090\">Pr\u00e9senter les 7 principes coop\u00e9ratifs \u00e0 tous les nouveaux employ\u00e9s lors de la formation initiale et dans le cursus de l&#8217;\u00c9cole de formation de la Caisse. <a href=\"https:\/\/www.caissealliance.com\/ fr\/ma-caisse\/implication-sociale\/les-principes-cooperatifs-de-la-caisse\/\">Les 7 principes coop\u00e9ratifs<\/a><\/td>\n<\/tr>\n<tr>\n<td style=\"width: 31.6647%;\" width=\"244\" data-lowconfidence=\"1\" data-bottom=\"66.278389\" data-right=\"24.627422\" data-top=\"44.554455\" data-left=\"0.726527\">Encourager la transparence, le respect, la courtoisie et l&#8217;inclusion lors de toutes initiatives.<\/td>\n<td style=\"width: 31.9059%;\" width=\"246\" data-lowconfidence=\"1\" data-bottom=\"66.278389\" data-right=\"56.371090\" data-top=\"44.554455\" data-left=\"24.627422\">D\u00e9velopper le Code de conduite du march\u00e9 (CCM) et la Politique sur l&#8217;\u00e9quit\u00e9, la diversit\u00e9 et l&#8217;inclusion (EDI).<\/td>\n<td style=\"width: 36.4294%;\" width=\"246\" data-lowconfidence=\"1\" data-bottom=\"66.278389\" data-right=\"98.789116\" data-top=\"44.554455\" data-left=\"56.371090\">\n<p>Mettre le CCM et la Politique EDI \u00e0 la disposition des membres.<\/p>\n<p><a href=\"https:\/\/www.caissealliance.com\/fr\/code-de-conduite-du-marche\/\">Code de conduite du march\u00e9<\/a><\/p>\n<p><a href=\"https:\/\/www.caissealliance.com\/fr\/ma-caisse\/qui-nous-sommes\/rapports\/\">Rapport annuel et \u00e9tats financiers<\/a><\/td>\n<\/tr>\n<tr>\n<td style=\"width: 31.6647%;\" width=\"244\" data-lowconfidence=\"1\" data-bottom=\"97.670349\" data-right=\"24.627422\" data-top=\"66.278389\" data-left=\"0.726527\">Assurer la satisfaction de nos membres en sollicitant les commentaires et en y r\u00e9pondant rapidement.<\/td>\n<td style=\"width: 31.9059%;\" width=\"246\" data-lowconfidence=\"1\" data-bottom=\"97.670349\" data-right=\"56.371090\" data-top=\"66.278389\" data-left=\"24.627422\">\n<p>Analyser les plaintes re\u00e7ues. Coordonner une Assembl\u00e9e g\u00e9n\u00e9rale annuelle (AGA) et des Assembl\u00e9es de groupes de soci\u00e9taires (AGS) permettant la r\u00e9ception d&#8217;information et le droit de vote en ce qui concerne les strat\u00e9gies de la Caisse.<\/p>\n<p>Publier des sondages mesurant la satisfaction des membres.<\/td>\n<td style=\"width: 36.4294%;\" width=\"246\" data-lowconfidence=\"1\" data-bottom=\"97.670349\" data-right=\"98.789116\" data-top=\"66.278389\" data-left=\"56.371090\">\n<p>Solliciter les commentaires des membres et y r\u00e9pondre rapidement.<\/p>\n<p><a href=\"https:\/\/www.caissealliance.com\/fr\/ma-caisse\/qui-nous-sommes\/assemblee-generale-annuelle\/\">Information AGA<\/a><\/p>\n<p><a href=\"https:\/\/www.caissealliance.com\/fr\/ma-caisse\/quinous-sommes\/notre-caisse\/mission-valeurs-et-priorites\/\">Notre Caisse<\/a><\/td>\n<\/tr>\n<\/tbody>\n<\/table>\n<p><a href=\"https:\/\/www.caissealliance.com\/wp-content\/uploads\/Charte-des-services-aux-membres-2026-FR.pdf\">Voir la charte de services aux membres (PDF)<\/a><\/p>\n<p><iframe title=\"Bilan social 2025 - Caisse Alliance\" width=\"500\" height=\"281\" src=\"https:\/\/www.youtube.com\/embed\/-_gTRv1Sd8g?feature=oembed\" frameborder=\"0\" allow=\"accelerometer; autoplay; clipboard-write; encrypted-media; gyroscope; picture-in-picture; web-share\" referrerpolicy=\"strict-origin-when-cross-origin\" allowfullscreen><\/iframe><\/p>\n<p>&nbsp;<\/p>\n","protected":false},"excerpt":{"rendered":"<p>Au c\u0153ur du d\u00e9veloppement de nos communaut\u00e9s, nous contribuons au succ\u00e8s de nos membres gr\u00e2ce \u00e0 nos valeurs coop\u00e9ratives, \u00e0 la qualit\u00e9 de notre offre et \u00e0 l\u2019excellence de nos services. Nous sommes&#8230; Humains. Disponibles. Branch\u00e9s. Avec une \u00e9quipe d\u00e9di\u00e9e et des solutions num\u00e9riques modernes, la Caisse Alliance est le partenaire financier privil\u00e9gi\u00e9 et le [&#8230;]<\/p>\n","protected":false},"author":1,"featured_media":0,"parent":2297,"menu_order":1,"comment_status":"closed","ping_status":"closed","template":"","meta":{"_acf_changed":false,"_monsterinsights_skip_tracking":false,"_monsterinsights_sitenote_active":false,"_monsterinsights_sitenote_note":"","_monsterinsights_sitenote_category":0,"footnotes":""},"class_list":["post-2306","page","type-page","status-publish","hentry","section-ma-caisse"],"acf":[],"yoast_head":"<!-- This site is optimized with the Yoast SEO plugin v27.3 - https:\/\/yoast.com\/product\/yoast-seo-wordpress\/ -->\n<title>Raison d&#039;\u00eatre, valeurs et priorit\u00e9s | Caisse Alliance<\/title>\n<meta name=\"robots\" content=\"index, follow, max-snippet:-1, max-image-preview:large, max-video-preview:-1\" \/>\n<link rel=\"canonical\" href=\"https:\/\/www.caissealliance.com\/fr\/ma-caisse\/qui-nous-sommes\/notre-caisse\/mission-valeurs-et-priorites\/\" \/>\n<meta property=\"og:locale\" content=\"fr_FR\" \/>\n<meta property=\"og:type\" content=\"article\" \/>\n<meta property=\"og:title\" content=\"Raison d&#039;\u00eatre, valeurs et priorit\u00e9s | Caisse Alliance\" \/>\n<meta property=\"og:description\" content=\"Au c\u0153ur du d\u00e9veloppement de nos communaut\u00e9s, nous contribuons au succ\u00e8s de nos membres gr\u00e2ce \u00e0 nos valeurs coop\u00e9ratives, \u00e0 la qualit\u00e9 de notre offre et \u00e0 l\u2019excellence de nos services. Nous sommes&#8230; Humains. Disponibles. Branch\u00e9s. Avec une \u00e9quipe d\u00e9di\u00e9e et des solutions num\u00e9riques modernes, la Caisse Alliance est le partenaire financier privil\u00e9gi\u00e9 et le [...]\" \/>\n<meta property=\"og:url\" content=\"https:\/\/www.caissealliance.com\/fr\/ma-caisse\/qui-nous-sommes\/notre-caisse\/mission-valeurs-et-priorites\/\" \/>\n<meta property=\"og:site_name\" content=\"Caisse Alliance\" \/>\n<meta property=\"article:modified_time\" content=\"2026-03-18T18:08:58+00:00\" \/>\n<meta name=\"twitter:card\" content=\"summary_large_image\" \/>\n<meta name=\"twitter:label1\" content=\"Dur\u00e9e de lecture estim\u00e9e\" \/>\n\t<meta name=\"twitter:data1\" content=\"4 minutes\" \/>\n<script type=\"application\/ld+json\" class=\"yoast-schema-graph\">{\"@context\":\"https:\\\/\\\/schema.org\",\"@graph\":[{\"@type\":\"WebPage\",\"@id\":\"https:\\\/\\\/www.caissealliance.com\\\/fr\\\/ma-caisse\\\/qui-nous-sommes\\\/notre-caisse\\\/mission-valeurs-et-priorites\\\/\",\"url\":\"https:\\\/\\\/www.caissealliance.com\\\/fr\\\/ma-caisse\\\/qui-nous-sommes\\\/notre-caisse\\\/mission-valeurs-et-priorites\\\/\",\"name\":\"Raison d'\u00eatre, valeurs et priorit\u00e9s | Caisse Alliance\",\"isPartOf\":{\"@id\":\"https:\\\/\\\/www.caissealliance.com\\\/fr\\\/#website\"},\"datePublished\":\"2019-04-08T15:47:26+00:00\",\"dateModified\":\"2026-03-18T18:08:58+00:00\",\"breadcrumb\":{\"@id\":\"https:\\\/\\\/www.caissealliance.com\\\/fr\\\/ma-caisse\\\/qui-nous-sommes\\\/notre-caisse\\\/mission-valeurs-et-priorites\\\/#breadcrumb\"},\"inLanguage\":\"fr-FR\",\"potentialAction\":[{\"@type\":\"ReadAction\",\"target\":[\"https:\\\/\\\/www.caissealliance.com\\\/fr\\\/ma-caisse\\\/qui-nous-sommes\\\/notre-caisse\\\/mission-valeurs-et-priorites\\\/\"]}]},{\"@type\":\"BreadcrumbList\",\"@id\":\"https:\\\/\\\/www.caissealliance.com\\\/fr\\\/ma-caisse\\\/qui-nous-sommes\\\/notre-caisse\\\/mission-valeurs-et-priorites\\\/#breadcrumb\",\"itemListElement\":[{\"@type\":\"ListItem\",\"position\":1,\"name\":\"Home\",\"item\":\"https:\\\/\\\/www.caissealliance.com\\\/fr\\\/\"},{\"@type\":\"ListItem\",\"position\":2,\"name\":\"Ma Caisse\",\"item\":\"https:\\\/\\\/www.caissealliance.com\\\/fr\\\/ma-caisse\\\/\"},{\"@type\":\"ListItem\",\"position\":3,\"name\":\"Qui nous sommes\",\"item\":\"https:\\\/\\\/www.caissealliance.com\\\/fr\\\/ma-caisse\\\/qui-nous-sommes\\\/\"},{\"@type\":\"ListItem\",\"position\":4,\"name\":\"Notre Caisse\",\"item\":\"https:\\\/\\\/www.caissealliance.com\\\/fr\\\/ma-caisse\\\/qui-nous-sommes\\\/notre-caisse\\\/\"},{\"@type\":\"ListItem\",\"position\":5,\"name\":\"Raison d&#8217;\u00eatre, valeurs et priorit\u00e9s\"}]},{\"@type\":\"WebSite\",\"@id\":\"https:\\\/\\\/www.caissealliance.com\\\/fr\\\/#website\",\"url\":\"https:\\\/\\\/www.caissealliance.com\\\/fr\\\/\",\"name\":\"Caisse Alliance\",\"description\":\"Site Web de la Caisse Alliance\",\"potentialAction\":[{\"@type\":\"SearchAction\",\"target\":{\"@type\":\"EntryPoint\",\"urlTemplate\":\"https:\\\/\\\/www.caissealliance.com\\\/fr\\\/?s={search_term_string}\"},\"query-input\":{\"@type\":\"PropertyValueSpecification\",\"valueRequired\":true,\"valueName\":\"search_term_string\"}}],\"inLanguage\":\"fr-FR\"}]}<\/script>\n<!-- \/ Yoast SEO plugin. -->","yoast_head_json":{"title":"Raison d'\u00eatre, valeurs et priorit\u00e9s | Caisse Alliance","robots":{"index":"index","follow":"follow","max-snippet":"max-snippet:-1","max-image-preview":"max-image-preview:large","max-video-preview":"max-video-preview:-1"},"canonical":"https:\/\/www.caissealliance.com\/fr\/ma-caisse\/qui-nous-sommes\/notre-caisse\/mission-valeurs-et-priorites\/","og_locale":"fr_FR","og_type":"article","og_title":"Raison d'\u00eatre, valeurs et priorit\u00e9s | Caisse Alliance","og_description":"Au c\u0153ur du d\u00e9veloppement de nos communaut\u00e9s, nous contribuons au succ\u00e8s de nos membres gr\u00e2ce \u00e0 nos valeurs coop\u00e9ratives, \u00e0 la qualit\u00e9 de notre offre et \u00e0 l\u2019excellence de nos services. Nous sommes&#8230; Humains. Disponibles. Branch\u00e9s. Avec une \u00e9quipe d\u00e9di\u00e9e et des solutions num\u00e9riques modernes, la Caisse Alliance est le partenaire financier privil\u00e9gi\u00e9 et le [...]","og_url":"https:\/\/www.caissealliance.com\/fr\/ma-caisse\/qui-nous-sommes\/notre-caisse\/mission-valeurs-et-priorites\/","og_site_name":"Caisse Alliance","article_modified_time":"2026-03-18T18:08:58+00:00","twitter_card":"summary_large_image","twitter_misc":{"Dur\u00e9e de lecture estim\u00e9e":"4 minutes"},"schema":{"@context":"https:\/\/schema.org","@graph":[{"@type":"WebPage","@id":"https:\/\/www.caissealliance.com\/fr\/ma-caisse\/qui-nous-sommes\/notre-caisse\/mission-valeurs-et-priorites\/","url":"https:\/\/www.caissealliance.com\/fr\/ma-caisse\/qui-nous-sommes\/notre-caisse\/mission-valeurs-et-priorites\/","name":"Raison d'\u00eatre, valeurs et priorit\u00e9s | Caisse Alliance","isPartOf":{"@id":"https:\/\/www.caissealliance.com\/fr\/#website"},"datePublished":"2019-04-08T15:47:26+00:00","dateModified":"2026-03-18T18:08:58+00:00","breadcrumb":{"@id":"https:\/\/www.caissealliance.com\/fr\/ma-caisse\/qui-nous-sommes\/notre-caisse\/mission-valeurs-et-priorites\/#breadcrumb"},"inLanguage":"fr-FR","potentialAction":[{"@type":"ReadAction","target":["https:\/\/www.caissealliance.com\/fr\/ma-caisse\/qui-nous-sommes\/notre-caisse\/mission-valeurs-et-priorites\/"]}]},{"@type":"BreadcrumbList","@id":"https:\/\/www.caissealliance.com\/fr\/ma-caisse\/qui-nous-sommes\/notre-caisse\/mission-valeurs-et-priorites\/#breadcrumb","itemListElement":[{"@type":"ListItem","position":1,"name":"Home","item":"https:\/\/www.caissealliance.com\/fr\/"},{"@type":"ListItem","position":2,"name":"Ma Caisse","item":"https:\/\/www.caissealliance.com\/fr\/ma-caisse\/"},{"@type":"ListItem","position":3,"name":"Qui nous sommes","item":"https:\/\/www.caissealliance.com\/fr\/ma-caisse\/qui-nous-sommes\/"},{"@type":"ListItem","position":4,"name":"Notre Caisse","item":"https:\/\/www.caissealliance.com\/fr\/ma-caisse\/qui-nous-sommes\/notre-caisse\/"},{"@type":"ListItem","position":5,"name":"Raison d&#8217;\u00eatre, valeurs et priorit\u00e9s"}]},{"@type":"WebSite","@id":"https:\/\/www.caissealliance.com\/fr\/#website","url":"https:\/\/www.caissealliance.com\/fr\/","name":"Caisse Alliance","description":"Site Web de la Caisse Alliance","potentialAction":[{"@type":"SearchAction","target":{"@type":"EntryPoint","urlTemplate":"https:\/\/www.caissealliance.com\/fr\/?s={search_term_string}"},"query-input":{"@type":"PropertyValueSpecification","valueRequired":true,"valueName":"search_term_string"}}],"inLanguage":"fr-FR"}]}},"publishpress_future_action":{"enabled":false,"date":"2026-04-23 08:45:14","action":"change-status","newStatus":"draft","terms":[],"taxonomy":"section","extraData":[]},"publishpress_future_workflow_manual_trigger":{"enabledWorkflows":[]},"_links":{"self":[{"href":"https:\/\/www.caissealliance.com\/fr\/wp-json\/wp\/v2\/pages\/2306","targetHints":{"allow":["GET"]}}],"collection":[{"href":"https:\/\/www.caissealliance.com\/fr\/wp-json\/wp\/v2\/pages"}],"about":[{"href":"https:\/\/www.caissealliance.com\/fr\/wp-json\/wp\/v2\/types\/page"}],"author":[{"embeddable":true,"href":"https:\/\/www.caissealliance.com\/fr\/wp-json\/wp\/v2\/users\/1"}],"replies":[{"embeddable":true,"href":"https:\/\/www.caissealliance.com\/fr\/wp-json\/wp\/v2\/comments?post=2306"}],"version-history":[{"count":11,"href":"https:\/\/www.caissealliance.com\/fr\/wp-json\/wp\/v2\/pages\/2306\/revisions"}],"predecessor-version":[{"id":36145,"href":"https:\/\/www.caissealliance.com\/fr\/wp-json\/wp\/v2\/pages\/2306\/revisions\/36145"}],"up":[{"embeddable":true,"href":"https:\/\/www.caissealliance.com\/fr\/wp-json\/wp\/v2\/pages\/2297"}],"wp:attachment":[{"href":"https:\/\/www.caissealliance.com\/fr\/wp-json\/wp\/v2\/media?parent=2306"}],"curies":[{"name":"wp","href":"https:\/\/api.w.org\/{rel}","templated":true}]}}