{"id":2186,"date":"2019-04-05T09:04:48","date_gmt":"2019-04-05T13:04:48","guid":{"rendered":"http:\/\/caissealliance.absoludev.ca\/conditions-dutilisation-de-la-fonction-dalertes\/"},"modified":"2019-05-15T11:47:13","modified_gmt":"2019-05-15T15:47:13","slug":"conditions-dutilisation-de-la-fonction-dalertes","status":"publish","type":"page","link":"https:\/\/www.caissealliance.com\/fr\/conditions-dutilisation-et-notes-legales\/conditions-dutilisation-de-la-fonction-dalertes\/","title":{"rendered":"Conditions d\u2019utilisation de la Fonction d\u2019alertes"},"content":{"rendered":"<h1>Conditions d\u2019utilisation de la Fonction d\u2019alertes<\/h1>\n<p>Je confirme avoir v\u00e9rifi\u00e9 les informations relatives aux param\u00e8tres d\u2019envoi de la fonction d\u2019alertes et vouloir m\u2019y inscrire. Je comprends et je reconnais que :<\/p>\n<ul>\n<li data-gc-list-depth=\"1\" data-gc-list-style=\"bullet\">Selon l\u2019entente avec mon fournisseur cellulaire ou Internet, les frais li\u00e9s \u00e0 la r\u00e9ception de messages textes, de notifications et de lecture de courriels par Internet sont \u00e0 ma charge;<\/li>\n<li data-gc-list-depth=\"1\" data-gc-list-style=\"bullet\">La Caisse populaire Alliance n\u2019est pas responsable de toute perte ni de tout dommage que je pourrais subir en cas d\u2019erreur dans la saisie de mes param\u00e8tres d\u2019envoi ou d\u2019omission de les modifier en temps utile;<\/li>\n<li data-gc-list-depth=\"1\" data-gc-list-style=\"bullet\">La Caisse populaire Alliance n\u2019est pas responsable de toute erreur de r\u00e9ception ou de transmission d\u2019un message texte, d\u2019une notification ou d\u2019un courriel caus\u00e9e par mon fournisseur de t\u00e9l\u00e9phone mobile ou de services Internet;<\/li>\n<li data-gc-list-depth=\"1\" data-gc-list-style=\"bullet\">Je suis responsable de la protection de la confidentialit\u00e9 des alertes qui me sont transmises.<\/li>\n<\/ul>\n<p>Toute information que vous nous fournissez nous est transmise par lien s\u00e9curis\u00e9.<\/p>\n","protected":false},"excerpt":{"rendered":"<p>Je confirme avoir v\u00e9rifi\u00e9 les informations relatives aux param\u00e8tres d\u2019envoi de la fonction d\u2019alertes et vouloir m\u2019y inscrire. Je comprends et je reconnais que : Selon l\u2019entente avec mon fournisseur cellulaire ou Internet, les frais li\u00e9s \u00e0 la r\u00e9ception de messages textes, de notifications et de lecture de courriels par Internet sont \u00e0 ma charge; [&#8230;]<\/p>\n","protected":false},"author":1,"featured_media":0,"parent":2178,"menu_order":8,"comment_status":"closed","ping_status":"closed","template":"page_full.php","meta":{"_acf_changed":false,"_monsterinsights_skip_tracking":false,"_monsterinsights_sitenote_active":false,"_monsterinsights_sitenote_note":"","_monsterinsights_sitenote_category":0,"footnotes":""},"class_list":["post-2186","page","type-page","status-publish","hentry","section-pied-de-page"],"acf":[],"yoast_head":"<!-- This site is optimized with the Yoast SEO plugin v27.3 - https:\/\/yoast.com\/product\/yoast-seo-wordpress\/ -->\n<title>Conditions d\u2019utilisation de la Fonction d\u2019alertes | Caisse Alliance<\/title>\n<meta name=\"robots\" content=\"index, follow, max-snippet:-1, max-image-preview:large, max-video-preview:-1\" \/>\n<link rel=\"canonical\" href=\"https:\/\/www.caissealliance.com\/fr\/conditions-dutilisation-et-notes-legales\/conditions-dutilisation-de-la-fonction-dalertes\/\" \/>\n<meta property=\"og:locale\" content=\"fr_FR\" \/>\n<meta property=\"og:type\" content=\"article\" \/>\n<meta property=\"og:title\" content=\"Conditions d\u2019utilisation de la Fonction d\u2019alertes | Caisse Alliance\" \/>\n<meta property=\"og:description\" content=\"Je confirme avoir v\u00e9rifi\u00e9 les informations relatives aux param\u00e8tres d\u2019envoi de la fonction d\u2019alertes et vouloir m\u2019y inscrire. Je comprends et je reconnais que : Selon l\u2019entente avec mon fournisseur cellulaire ou Internet, les frais li\u00e9s \u00e0 la r\u00e9ception de messages textes, de notifications et de lecture de courriels par Internet sont \u00e0 ma charge; [...]\" \/>\n<meta property=\"og:url\" content=\"https:\/\/www.caissealliance.com\/fr\/conditions-dutilisation-et-notes-legales\/conditions-dutilisation-de-la-fonction-dalertes\/\" \/>\n<meta property=\"og:site_name\" content=\"Caisse Alliance\" \/>\n<meta property=\"article:modified_time\" content=\"2019-05-15T15:47:13+00:00\" \/>\n<meta name=\"twitter:card\" content=\"summary_large_image\" \/>\n<meta name=\"twitter:label1\" content=\"Dur\u00e9e de lecture estim\u00e9e\" \/>\n\t<meta name=\"twitter:data1\" content=\"1 minute\" \/>\n<script type=\"application\/ld+json\" class=\"yoast-schema-graph\">{\"@context\":\"https:\\\/\\\/schema.org\",\"@graph\":[{\"@type\":\"WebPage\",\"@id\":\"https:\\\/\\\/www.caissealliance.com\\\/fr\\\/conditions-dutilisation-et-notes-legales\\\/conditions-dutilisation-de-la-fonction-dalertes\\\/\",\"url\":\"https:\\\/\\\/www.caissealliance.com\\\/fr\\\/conditions-dutilisation-et-notes-legales\\\/conditions-dutilisation-de-la-fonction-dalertes\\\/\",\"name\":\"Conditions d\u2019utilisation de la Fonction d\u2019alertes | Caisse Alliance\",\"isPartOf\":{\"@id\":\"https:\\\/\\\/www.caissealliance.com\\\/fr\\\/#website\"},\"datePublished\":\"2019-04-05T13:04:48+00:00\",\"dateModified\":\"2019-05-15T15:47:13+00:00\",\"breadcrumb\":{\"@id\":\"https:\\\/\\\/www.caissealliance.com\\\/fr\\\/conditions-dutilisation-et-notes-legales\\\/conditions-dutilisation-de-la-fonction-dalertes\\\/#breadcrumb\"},\"inLanguage\":\"fr-FR\",\"potentialAction\":[{\"@type\":\"ReadAction\",\"target\":[\"https:\\\/\\\/www.caissealliance.com\\\/fr\\\/conditions-dutilisation-et-notes-legales\\\/conditions-dutilisation-de-la-fonction-dalertes\\\/\"]}]},{\"@type\":\"BreadcrumbList\",\"@id\":\"https:\\\/\\\/www.caissealliance.com\\\/fr\\\/conditions-dutilisation-et-notes-legales\\\/conditions-dutilisation-de-la-fonction-dalertes\\\/#breadcrumb\",\"itemListElement\":[{\"@type\":\"ListItem\",\"position\":1,\"name\":\"Home\",\"item\":\"https:\\\/\\\/www.caissealliance.com\\\/fr\\\/\"},{\"@type\":\"ListItem\",\"position\":2,\"name\":\"Conditions d\u2019utilisation et notes l\u00e9gales\",\"item\":\"https:\\\/\\\/www.caissealliance.com\\\/fr\\\/terms-of-use-and-legal-notes\\\/\"},{\"@type\":\"ListItem\",\"position\":3,\"name\":\"Conditions d\u2019utilisation de la Fonction d\u2019alertes\"}]},{\"@type\":\"WebSite\",\"@id\":\"https:\\\/\\\/www.caissealliance.com\\\/fr\\\/#website\",\"url\":\"https:\\\/\\\/www.caissealliance.com\\\/fr\\\/\",\"name\":\"Caisse Alliance\",\"description\":\"Site Web de la Caisse Alliance\",\"potentialAction\":[{\"@type\":\"SearchAction\",\"target\":{\"@type\":\"EntryPoint\",\"urlTemplate\":\"https:\\\/\\\/www.caissealliance.com\\\/fr\\\/?s={search_term_string}\"},\"query-input\":{\"@type\":\"PropertyValueSpecification\",\"valueRequired\":true,\"valueName\":\"search_term_string\"}}],\"inLanguage\":\"fr-FR\"}]}<\/script>\n<!-- \/ Yoast SEO plugin. -->","yoast_head_json":{"title":"Conditions d\u2019utilisation de la Fonction d\u2019alertes | Caisse Alliance","robots":{"index":"index","follow":"follow","max-snippet":"max-snippet:-1","max-image-preview":"max-image-preview:large","max-video-preview":"max-video-preview:-1"},"canonical":"https:\/\/www.caissealliance.com\/fr\/conditions-dutilisation-et-notes-legales\/conditions-dutilisation-de-la-fonction-dalertes\/","og_locale":"fr_FR","og_type":"article","og_title":"Conditions d\u2019utilisation de la Fonction d\u2019alertes | Caisse Alliance","og_description":"Je confirme avoir v\u00e9rifi\u00e9 les informations relatives aux param\u00e8tres d\u2019envoi de la fonction d\u2019alertes et vouloir m\u2019y inscrire. Je comprends et je reconnais que : Selon l\u2019entente avec mon fournisseur cellulaire ou Internet, les frais li\u00e9s \u00e0 la r\u00e9ception de messages textes, de notifications et de lecture de courriels par Internet sont \u00e0 ma charge; [...]","og_url":"https:\/\/www.caissealliance.com\/fr\/conditions-dutilisation-et-notes-legales\/conditions-dutilisation-de-la-fonction-dalertes\/","og_site_name":"Caisse Alliance","article_modified_time":"2019-05-15T15:47:13+00:00","twitter_card":"summary_large_image","twitter_misc":{"Dur\u00e9e de lecture estim\u00e9e":"1 minute"},"schema":{"@context":"https:\/\/schema.org","@graph":[{"@type":"WebPage","@id":"https:\/\/www.caissealliance.com\/fr\/conditions-dutilisation-et-notes-legales\/conditions-dutilisation-de-la-fonction-dalertes\/","url":"https:\/\/www.caissealliance.com\/fr\/conditions-dutilisation-et-notes-legales\/conditions-dutilisation-de-la-fonction-dalertes\/","name":"Conditions d\u2019utilisation de la Fonction d\u2019alertes | Caisse Alliance","isPartOf":{"@id":"https:\/\/www.caissealliance.com\/fr\/#website"},"datePublished":"2019-04-05T13:04:48+00:00","dateModified":"2019-05-15T15:47:13+00:00","breadcrumb":{"@id":"https:\/\/www.caissealliance.com\/fr\/conditions-dutilisation-et-notes-legales\/conditions-dutilisation-de-la-fonction-dalertes\/#breadcrumb"},"inLanguage":"fr-FR","potentialAction":[{"@type":"ReadAction","target":["https:\/\/www.caissealliance.com\/fr\/conditions-dutilisation-et-notes-legales\/conditions-dutilisation-de-la-fonction-dalertes\/"]}]},{"@type":"BreadcrumbList","@id":"https:\/\/www.caissealliance.com\/fr\/conditions-dutilisation-et-notes-legales\/conditions-dutilisation-de-la-fonction-dalertes\/#breadcrumb","itemListElement":[{"@type":"ListItem","position":1,"name":"Home","item":"https:\/\/www.caissealliance.com\/fr\/"},{"@type":"ListItem","position":2,"name":"Conditions d\u2019utilisation et notes l\u00e9gales","item":"https:\/\/www.caissealliance.com\/fr\/terms-of-use-and-legal-notes\/"},{"@type":"ListItem","position":3,"name":"Conditions d\u2019utilisation de la Fonction d\u2019alertes"}]},{"@type":"WebSite","@id":"https:\/\/www.caissealliance.com\/fr\/#website","url":"https:\/\/www.caissealliance.com\/fr\/","name":"Caisse Alliance","description":"Site Web de la Caisse Alliance","potentialAction":[{"@type":"SearchAction","target":{"@type":"EntryPoint","urlTemplate":"https:\/\/www.caissealliance.com\/fr\/?s={search_term_string}"},"query-input":{"@type":"PropertyValueSpecification","valueRequired":true,"valueName":"search_term_string"}}],"inLanguage":"fr-FR"}]}},"publishpress_future_action":{"enabled":false,"date":"2026-04-26 02:28:29","action":"change-status","newStatus":"draft","terms":[],"taxonomy":"section","extraData":[]},"publishpress_future_workflow_manual_trigger":{"enabledWorkflows":[]},"_links":{"self":[{"href":"https:\/\/www.caissealliance.com\/fr\/wp-json\/wp\/v2\/pages\/2186","targetHints":{"allow":["GET"]}}],"collection":[{"href":"https:\/\/www.caissealliance.com\/fr\/wp-json\/wp\/v2\/pages"}],"about":[{"href":"https:\/\/www.caissealliance.com\/fr\/wp-json\/wp\/v2\/types\/page"}],"author":[{"embeddable":true,"href":"https:\/\/www.caissealliance.com\/fr\/wp-json\/wp\/v2\/users\/1"}],"replies":[{"embeddable":true,"href":"https:\/\/www.caissealliance.com\/fr\/wp-json\/wp\/v2\/comments?post=2186"}],"version-history":[{"count":4,"href":"https:\/\/www.caissealliance.com\/fr\/wp-json\/wp\/v2\/pages\/2186\/revisions"}],"predecessor-version":[{"id":5161,"href":"https:\/\/www.caissealliance.com\/fr\/wp-json\/wp\/v2\/pages\/2186\/revisions\/5161"}],"up":[{"embeddable":true,"href":"https:\/\/www.caissealliance.com\/fr\/wp-json\/wp\/v2\/pages\/2178"}],"wp:attachment":[{"href":"https:\/\/www.caissealliance.com\/fr\/wp-json\/wp\/v2\/media?parent=2186"}],"curies":[{"name":"wp","href":"https:\/\/api.w.org\/{rel}","templated":true}]}}