{"id":2185,"date":"2019-04-05T09:04:46","date_gmt":"2019-04-05T13:04:46","guid":{"rendered":"http:\/\/caissealliance.absoludev.ca\/convention-postel\/"},"modified":"2023-09-05T09:06:38","modified_gmt":"2023-09-05T13:06:38","slug":"convention-postel","status":"publish","type":"page","link":"https:\/\/www.caissealliance.com\/fr\/conditions-dutilisation-et-notes-legales\/convention-postel\/","title":{"rendered":"Convention postel"},"content":{"rendered":"<h1>Convention postel<\/h1>\n<h2><strong>Conditions d\u2019utilisation du service de r\u00e9ception de documents \u00e9lectroniques postel<\/strong><\/h2>\n<p>Ajout aux conditions d\u2019utilisation de la Carte de d\u00e9bit \u2013 particuliers<\/p>\n<p>La Caisse Alliance offre le service postel (ci-apr\u00e8s nomm\u00e9 \u00ab le Service \u00bb) permettant la pr\u00e9sentation \u00e9lectronique de factures et de tout document connexe. Veuillez lire attentivement les dispositions \u00e9nonc\u00e9es ci-dessous avant de vous inscrire au Service.<\/p>\n<p>En m\u2019inscrivant au Service, j\u2019accepte d\u2019\u00eatre li\u00e9 par les conditions ci-apr\u00e8s mentionn\u00e9es :<\/p>\n<ol>\n<li data-gc-list-depth=\"1\" data-gc-list-style=\"ordered\"><strong>Carte de d\u00e9bit<\/strong><br \/>\nJe suis d\u00e9j\u00e0 titulaire d\u2019une Carte de d\u00e9bit et je connais les conditions d\u2019utilisation de cette derni\u00e8re. J\u2019utilise le service Allia et je connais les conditions qui s\u2019y rattachent. Je reconnais que les conditions applicables \u00e0 la Carte de d\u00e9bit et au service Allia s\u2019appliquent \u00e9galement au Service.<\/li>\n<li data-gc-list-depth=\"1\" data-gc-list-style=\"ordered\"><strong>Appareil accessible<\/strong><br \/>\nJe reconnais que l\u2019ordinateur utilis\u00e9 est un appareil accessible au sens des conditions d\u2019utilisation de la Carte de d\u00e9bit.<\/li>\n<li data-gc-list-depth=\"1\" data-gc-list-style=\"ordered\"><strong>Responsabilit\u00e9<\/strong><br \/>\nJe conviens que la Caisse Alliance n\u2019assume aucune responsabilit\u00e9 quant \u00e0 la relation d\u2019affaires que je pourrais avoir avec le fournisseur dont je re\u00e7ois les factures ou des documents par l\u2019interm\u00e9diaire du Service. Je reconnais que tout litige relatif \u00e0 la proc\u00e9dure de facturation et au contenu de la facture ou d\u2019un document sera r\u00e9gl\u00e9 directement avec le fournisseur.<\/li>\n<li data-gc-list-depth=\"1\" data-gc-list-style=\"ordered\"><strong>Divulgation de renseignements<\/strong><br \/>\nJ\u2019autorise la Caisse Alliance \u00e0 divulguer \u00e0 mon fournisseur de service les renseignements n\u00e9cessaires au bon fonctionnement du Service.<\/li>\n<li data-gc-list-depth=\"1\" data-gc-list-style=\"ordered\"><strong>Retrait du Service<\/strong><br \/>\nJe peux mettre fin \u00e0 l\u2019utilisation du Service en tout temps en utilisant la fonction d\u00e9sign\u00e9e \u00e0 cet effet dans Allia. La Caisse Alliance est alors d\u00e9gag\u00e9e de toute responsabilit\u00e9 pour toute pr\u00e9sentation subs\u00e9quente de factures ou documents. Il m\u2019appartient d\u2019aviser mon fournisseur de service que je n\u2019utiliserai plus le Service. La Caisse Alliance se r\u00e9serve le droit de mettre fin au Service en tout temps.<\/li>\n<li data-gc-list-depth=\"1\" data-gc-list-style=\"ordered\"><strong>Lois applicables<\/strong><br \/>\nLa pr\u00e9sente convention est r\u00e9dig\u00e9e conform\u00e9ment aux lois de l\u2019Ontario et doit \u00eatre interpr\u00e9t\u00e9e en fonction de ces derni\u00e8res et soumise exclusivement \u00e0 ses tribunaux.<\/li>\n<\/ol>\n","protected":false},"excerpt":{"rendered":"<p>Ajout aux conditions d\u2019utilisation de la Carte de d\u00e9bit \u2013 particuliers La Caisse Alliance offre le service postel (ci-apr\u00e8s nomm\u00e9 \u00ab le Service \u00bb) permettant la pr\u00e9sentation \u00e9lectronique de factures et de tout document connexe. Veuillez lire attentivement les dispositions \u00e9nonc\u00e9es ci-dessous avant de vous inscrire au Service. En m\u2019inscrivant au Service, j\u2019accepte d\u2019\u00eatre li\u00e9 [&#8230;]<\/p>\n","protected":false},"author":1,"featured_media":0,"parent":2178,"menu_order":7,"comment_status":"closed","ping_status":"closed","template":"page_full.php","meta":{"_acf_changed":false,"_monsterinsights_skip_tracking":false,"_monsterinsights_sitenote_active":false,"_monsterinsights_sitenote_note":"","_monsterinsights_sitenote_category":0,"footnotes":""},"class_list":["post-2185","page","type-page","status-publish","hentry","section-pied-de-page"],"acf":[],"yoast_head":"<!-- This site is optimized with the Yoast SEO plugin v27.3 - https:\/\/yoast.com\/product\/yoast-seo-wordpress\/ -->\n<title>Convention postel | Caisse Alliance<\/title>\n<meta name=\"robots\" content=\"index, follow, max-snippet:-1, max-image-preview:large, max-video-preview:-1\" \/>\n<link rel=\"canonical\" href=\"https:\/\/www.caissealliance.com\/fr\/conditions-dutilisation-et-notes-legales\/convention-postel\/\" \/>\n<meta property=\"og:locale\" content=\"fr_FR\" \/>\n<meta property=\"og:type\" content=\"article\" \/>\n<meta property=\"og:title\" content=\"Convention postel | Caisse Alliance\" \/>\n<meta property=\"og:description\" content=\"Ajout aux conditions d\u2019utilisation de la Carte de d\u00e9bit \u2013 particuliers La Caisse Alliance offre le service postel (ci-apr\u00e8s nomm\u00e9 \u00ab le Service \u00bb) permettant la pr\u00e9sentation \u00e9lectronique de factures et de tout document connexe. Veuillez lire attentivement les dispositions \u00e9nonc\u00e9es ci-dessous avant de vous inscrire au Service. En m\u2019inscrivant au Service, j\u2019accepte d\u2019\u00eatre li\u00e9 [...]\" \/>\n<meta property=\"og:url\" content=\"https:\/\/www.caissealliance.com\/fr\/conditions-dutilisation-et-notes-legales\/convention-postel\/\" \/>\n<meta property=\"og:site_name\" content=\"Caisse Alliance\" \/>\n<meta property=\"article:modified_time\" content=\"2023-09-05T13:06:38+00:00\" \/>\n<meta name=\"twitter:card\" content=\"summary_large_image\" \/>\n<meta name=\"twitter:label1\" content=\"Dur\u00e9e de lecture estim\u00e9e\" \/>\n\t<meta name=\"twitter:data1\" content=\"2 minutes\" \/>\n<script type=\"application\/ld+json\" class=\"yoast-schema-graph\">{\"@context\":\"https:\\\/\\\/schema.org\",\"@graph\":[{\"@type\":\"WebPage\",\"@id\":\"https:\\\/\\\/www.caissealliance.com\\\/fr\\\/conditions-dutilisation-et-notes-legales\\\/convention-postel\\\/\",\"url\":\"https:\\\/\\\/www.caissealliance.com\\\/fr\\\/conditions-dutilisation-et-notes-legales\\\/convention-postel\\\/\",\"name\":\"Convention postel | Caisse Alliance\",\"isPartOf\":{\"@id\":\"https:\\\/\\\/www.caissealliance.com\\\/fr\\\/#website\"},\"datePublished\":\"2019-04-05T13:04:46+00:00\",\"dateModified\":\"2023-09-05T13:06:38+00:00\",\"breadcrumb\":{\"@id\":\"https:\\\/\\\/www.caissealliance.com\\\/fr\\\/conditions-dutilisation-et-notes-legales\\\/convention-postel\\\/#breadcrumb\"},\"inLanguage\":\"fr-FR\",\"potentialAction\":[{\"@type\":\"ReadAction\",\"target\":[\"https:\\\/\\\/www.caissealliance.com\\\/fr\\\/conditions-dutilisation-et-notes-legales\\\/convention-postel\\\/\"]}]},{\"@type\":\"BreadcrumbList\",\"@id\":\"https:\\\/\\\/www.caissealliance.com\\\/fr\\\/conditions-dutilisation-et-notes-legales\\\/convention-postel\\\/#breadcrumb\",\"itemListElement\":[{\"@type\":\"ListItem\",\"position\":1,\"name\":\"Home\",\"item\":\"https:\\\/\\\/www.caissealliance.com\\\/fr\\\/\"},{\"@type\":\"ListItem\",\"position\":2,\"name\":\"Conditions d\u2019utilisation et notes l\u00e9gales\",\"item\":\"https:\\\/\\\/www.caissealliance.com\\\/fr\\\/terms-of-use-and-legal-notes\\\/\"},{\"@type\":\"ListItem\",\"position\":3,\"name\":\"Convention postel\"}]},{\"@type\":\"WebSite\",\"@id\":\"https:\\\/\\\/www.caissealliance.com\\\/fr\\\/#website\",\"url\":\"https:\\\/\\\/www.caissealliance.com\\\/fr\\\/\",\"name\":\"Caisse Alliance\",\"description\":\"Site Web de la Caisse Alliance\",\"potentialAction\":[{\"@type\":\"SearchAction\",\"target\":{\"@type\":\"EntryPoint\",\"urlTemplate\":\"https:\\\/\\\/www.caissealliance.com\\\/fr\\\/?s={search_term_string}\"},\"query-input\":{\"@type\":\"PropertyValueSpecification\",\"valueRequired\":true,\"valueName\":\"search_term_string\"}}],\"inLanguage\":\"fr-FR\"}]}<\/script>\n<!-- \/ Yoast SEO plugin. -->","yoast_head_json":{"title":"Convention postel | Caisse Alliance","robots":{"index":"index","follow":"follow","max-snippet":"max-snippet:-1","max-image-preview":"max-image-preview:large","max-video-preview":"max-video-preview:-1"},"canonical":"https:\/\/www.caissealliance.com\/fr\/conditions-dutilisation-et-notes-legales\/convention-postel\/","og_locale":"fr_FR","og_type":"article","og_title":"Convention postel | Caisse Alliance","og_description":"Ajout aux conditions d\u2019utilisation de la Carte de d\u00e9bit \u2013 particuliers La Caisse Alliance offre le service postel (ci-apr\u00e8s nomm\u00e9 \u00ab le Service \u00bb) permettant la pr\u00e9sentation \u00e9lectronique de factures et de tout document connexe. Veuillez lire attentivement les dispositions \u00e9nonc\u00e9es ci-dessous avant de vous inscrire au Service. En m\u2019inscrivant au Service, j\u2019accepte d\u2019\u00eatre li\u00e9 [...]","og_url":"https:\/\/www.caissealliance.com\/fr\/conditions-dutilisation-et-notes-legales\/convention-postel\/","og_site_name":"Caisse Alliance","article_modified_time":"2023-09-05T13:06:38+00:00","twitter_card":"summary_large_image","twitter_misc":{"Dur\u00e9e de lecture estim\u00e9e":"2 minutes"},"schema":{"@context":"https:\/\/schema.org","@graph":[{"@type":"WebPage","@id":"https:\/\/www.caissealliance.com\/fr\/conditions-dutilisation-et-notes-legales\/convention-postel\/","url":"https:\/\/www.caissealliance.com\/fr\/conditions-dutilisation-et-notes-legales\/convention-postel\/","name":"Convention postel | Caisse Alliance","isPartOf":{"@id":"https:\/\/www.caissealliance.com\/fr\/#website"},"datePublished":"2019-04-05T13:04:46+00:00","dateModified":"2023-09-05T13:06:38+00:00","breadcrumb":{"@id":"https:\/\/www.caissealliance.com\/fr\/conditions-dutilisation-et-notes-legales\/convention-postel\/#breadcrumb"},"inLanguage":"fr-FR","potentialAction":[{"@type":"ReadAction","target":["https:\/\/www.caissealliance.com\/fr\/conditions-dutilisation-et-notes-legales\/convention-postel\/"]}]},{"@type":"BreadcrumbList","@id":"https:\/\/www.caissealliance.com\/fr\/conditions-dutilisation-et-notes-legales\/convention-postel\/#breadcrumb","itemListElement":[{"@type":"ListItem","position":1,"name":"Home","item":"https:\/\/www.caissealliance.com\/fr\/"},{"@type":"ListItem","position":2,"name":"Conditions d\u2019utilisation et notes l\u00e9gales","item":"https:\/\/www.caissealliance.com\/fr\/terms-of-use-and-legal-notes\/"},{"@type":"ListItem","position":3,"name":"Convention postel"}]},{"@type":"WebSite","@id":"https:\/\/www.caissealliance.com\/fr\/#website","url":"https:\/\/www.caissealliance.com\/fr\/","name":"Caisse Alliance","description":"Site Web de la Caisse Alliance","potentialAction":[{"@type":"SearchAction","target":{"@type":"EntryPoint","urlTemplate":"https:\/\/www.caissealliance.com\/fr\/?s={search_term_string}"},"query-input":{"@type":"PropertyValueSpecification","valueRequired":true,"valueName":"search_term_string"}}],"inLanguage":"fr-FR"}]}},"publishpress_future_action":{"enabled":false,"date":"2026-04-26 02:28:17","action":"change-status","newStatus":"draft","terms":[],"taxonomy":"section","extraData":[]},"publishpress_future_workflow_manual_trigger":{"enabledWorkflows":[]},"_links":{"self":[{"href":"https:\/\/www.caissealliance.com\/fr\/wp-json\/wp\/v2\/pages\/2185","targetHints":{"allow":["GET"]}}],"collection":[{"href":"https:\/\/www.caissealliance.com\/fr\/wp-json\/wp\/v2\/pages"}],"about":[{"href":"https:\/\/www.caissealliance.com\/fr\/wp-json\/wp\/v2\/types\/page"}],"author":[{"embeddable":true,"href":"https:\/\/www.caissealliance.com\/fr\/wp-json\/wp\/v2\/users\/1"}],"replies":[{"embeddable":true,"href":"https:\/\/www.caissealliance.com\/fr\/wp-json\/wp\/v2\/comments?post=2185"}],"version-history":[{"count":7,"href":"https:\/\/www.caissealliance.com\/fr\/wp-json\/wp\/v2\/pages\/2185\/revisions"}],"predecessor-version":[{"id":19952,"href":"https:\/\/www.caissealliance.com\/fr\/wp-json\/wp\/v2\/pages\/2185\/revisions\/19952"}],"up":[{"embeddable":true,"href":"https:\/\/www.caissealliance.com\/fr\/wp-json\/wp\/v2\/pages\/2178"}],"wp:attachment":[{"href":"https:\/\/www.caissealliance.com\/fr\/wp-json\/wp\/v2\/media?parent=2185"}],"curies":[{"name":"wp","href":"https:\/\/api.w.org\/{rel}","templated":true}]}}