{"id":2182,"date":"2019-04-05T09:04:42","date_gmt":"2019-04-05T13:04:42","guid":{"rendered":"http:\/\/caissealliance.absoludev.ca\/liste-nationale-de-numeros-de-telecommunication-exclus-lnnte\/"},"modified":"2024-02-05T12:33:34","modified_gmt":"2024-02-05T17:33:34","slug":"liste-nationale-de-numeros-de-telecommunication-exclus-lnnte","status":"publish","type":"page","link":"https:\/\/www.caissealliance.com\/fr\/liste-nationale-de-numeros-de-telecommunication-exclus-lnnte\/","title":{"rendered":"Liste nationale de num\u00e9ros de t\u00e9l\u00e9communication exclus (LNNTE)"},"content":{"rendered":"<h1>Liste nationale de num\u00e9ros de t\u00e9l\u00e9communication exclus (LNNTE)<\/h1>\n<p>Le <strong>30 septembre 2008<\/strong>, le Conseil de la radiodiffusion et des t\u00e9l\u00e9communications canadiennes (CRTC) lan\u00e7ait la \u00ab Liste nationale de num\u00e9ros de t\u00e9l\u00e9communication exclus (LNNTE) \u00bb. Cette liste vise \u00e0 r\u00e9duire le nombre d\u2019appels et de t\u00e9l\u00e9copies de t\u00e9l\u00e9marketing non sollicit\u00e9s que re\u00e7oivent les particuliers canadiens*.<\/p>\n<p>Afin de respecter le choix de ses membres et clients en ce domaine, la Caisse populaire a pris toutes les dispositions n\u00e9cessaires pour rendre ses r\u00e8gles internes de t\u00e9l\u00e9marketing conformes \u00e0 la nouvelle r\u00e9glementation relative \u00e0 la LNNTE.<\/p>\n<h2><strong>Composantes de la Caisse populaire avec lesquelles vous n\u2019\u00eates pas en relation d\u2019affaires<\/strong><\/h2>\n<p>Si vous d\u00e9sirez ne plus recevoir d\u2019appels de t\u00e9l\u00e9marketing de l\u2019une ou l\u2019autre des composantes de la Caisse populaire avec lesquelles vous n\u2019\u00eates pas en relation d\u2019affaires**, vous pouvez faire inscrire vos num\u00e9ros de t\u00e9l\u00e9phone (domicile, cellulaire, t\u00e9l\u00e9copieur) sur la LNNTE :<\/p>\n<ul>\n<li data-gc-list-depth=\"1\" data-gc-list-style=\"bullet\">par t\u00e9l\u00e9phone, en composant le 1 866 580-3625; ou<\/li>\n<li data-gc-list-depth=\"1\" data-gc-list-style=\"bullet\">par Internet, \u00e0 l\u2019adresse <a href=\"https:\/\/lnnte-dncl.gc.ca\/\" target=\"_blank\" rel=\"noopener noreferrer\" data-gc-link=\"https:\/\/lnnte-dncl.gc.ca\/\">https:\/\/lnnte-dncl.gc.ca\/<\/a><\/li>\n<\/ul>\n<p>Cette inscription est valide pour une p\u00e9riode de 3 ans.<\/p>\n<h2><strong>Composantes de la Caisse populaire avec lesquelles vous entretenez une relation d\u2019affaires<\/strong><\/h2>\n<p>Si vous d\u00e9sirez \u00eatre exclu de toutes communications \u00e0 des fins de marketing, veuillez communiquer avec le centre de services avec lequel vous \u00eates en relation d\u2019affaires.<\/p>\n<p><a href=\"https:\/\/www.caissealliance.com\/fr\/points-de-services\/\">Trouver les coordonn\u00e9es d\u2019un\u00a0centre de services<\/a><\/p>\n<h2><strong>Appels autoris\u00e9s<\/strong><\/h2>\n<p>Les appels de service et de recherche n\u2019\u00e9tant pas consid\u00e9r\u00e9s comme des appels de t\u00e9l\u00e9marketing par la nouvelle r\u00e9glementation, nos composantes pourront vous contacter par t\u00e9l\u00e9phone :<\/p>\n<ul>\n<li data-gc-list-depth=\"1\" data-gc-list-style=\"bullet\">\u00e0 des fins administratives associ\u00e9es \u00e0 la gestion de vos comptes; ou<\/li>\n<li data-gc-list-depth=\"1\" data-gc-list-style=\"bullet\">pour discuter avec vous du renouvellement d\u2019un produit financier dont vous \u00eates d\u00e9tenteur.<\/li>\n<\/ul>\n<h2><strong>D\u00e9lai de traitement des demandes<\/strong><\/h2>\n<p>Conform\u00e9ment \u00e0 la nouvelle r\u00e9glementation, un d\u00e9lai de traitement d\u2019un <strong>maximum de 31 jours<\/strong> \u00e0 la suite de votre demande d\u2019exclusion est requis pour effectuer la mise \u00e0 jour de nos syst\u00e8mes. Vous pourriez donc continuer \u00e0 recevoir des appels de t\u00e9l\u00e9marketing pendant cette p\u00e9riode. Si cela se produisait, veuillez nous en excuser.<\/p>\n<p><strong>Pour plus d\u2019information, consulter <\/strong><a href=\"https:\/\/www.lnnte-dncl.gc.ca\/\" target=\"_blank\" rel=\"noopener noreferrer\" data-gc-link=\"https:\/\/www.lnnte-dncl.gc.ca\/\"><strong>le site du CRTC<\/strong><\/a><\/p>\n<p>* Les entreprises qui re\u00e7oivent des appels et des t\u00e9l\u00e9copies de t\u00e9l\u00e9marketing ne sont pas vis\u00e9es par la r\u00e9glementation relative \u00e0 la LNNTE.<\/p>\n<p>** Une entreprise avec laquelle vous avez fait affaire au cours des 18 derniers mois est consid\u00e9r\u00e9e avoir un lien avec vous et a donc le droit de vous t\u00e9l\u00e9phoner.<\/p>\n<p>&nbsp;<\/p>\n","protected":false},"excerpt":{"rendered":"<p>Le 30 septembre 2008, le Conseil de la radiodiffusion et des t\u00e9l\u00e9communications canadiennes (CRTC) lan\u00e7ait la \u00ab Liste nationale de num\u00e9ros de t\u00e9l\u00e9communication exclus (LNNTE) \u00bb. Cette liste vise \u00e0 r\u00e9duire le nombre d\u2019appels et de t\u00e9l\u00e9copies de t\u00e9l\u00e9marketing non sollicit\u00e9s que re\u00e7oivent les particuliers canadiens*. Afin de respecter le choix de ses membres et [&#8230;]<\/p>\n","protected":false},"author":1,"featured_media":0,"parent":0,"menu_order":279,"comment_status":"closed","ping_status":"closed","template":"page_full.php","meta":{"_acf_changed":false,"_monsterinsights_skip_tracking":false,"_monsterinsights_sitenote_active":false,"_monsterinsights_sitenote_note":"","_monsterinsights_sitenote_category":0,"footnotes":""},"class_list":["post-2182","page","type-page","status-publish","hentry"],"acf":[],"yoast_head":"<!-- This site is optimized with the Yoast SEO plugin v27.3 - https:\/\/yoast.com\/product\/yoast-seo-wordpress\/ -->\n<title>Liste nationale de num\u00e9ros de t\u00e9l\u00e9communication exclus (LNNTE) | Caisse Alliance<\/title>\n<meta name=\"robots\" content=\"index, follow, max-snippet:-1, max-image-preview:large, max-video-preview:-1\" \/>\n<link rel=\"canonical\" href=\"https:\/\/www.caissealliance.com\/fr\/liste-nationale-de-numeros-de-telecommunication-exclus-lnnte\/\" \/>\n<meta property=\"og:locale\" content=\"fr_FR\" \/>\n<meta property=\"og:type\" content=\"article\" \/>\n<meta property=\"og:title\" content=\"Liste nationale de num\u00e9ros de t\u00e9l\u00e9communication exclus (LNNTE) | Caisse Alliance\" \/>\n<meta property=\"og:description\" content=\"Le 30 septembre 2008, le Conseil de la radiodiffusion et des t\u00e9l\u00e9communications canadiennes (CRTC) lan\u00e7ait la \u00ab Liste nationale de num\u00e9ros de t\u00e9l\u00e9communication exclus (LNNTE) \u00bb. Cette liste vise \u00e0 r\u00e9duire le nombre d\u2019appels et de t\u00e9l\u00e9copies de t\u00e9l\u00e9marketing non sollicit\u00e9s que re\u00e7oivent les particuliers canadiens*. Afin de respecter le choix de ses membres et [...]\" \/>\n<meta property=\"og:url\" content=\"https:\/\/www.caissealliance.com\/fr\/liste-nationale-de-numeros-de-telecommunication-exclus-lnnte\/\" \/>\n<meta property=\"og:site_name\" content=\"Caisse Alliance\" \/>\n<meta property=\"article:modified_time\" content=\"2024-02-05T17:33:34+00:00\" \/>\n<meta name=\"twitter:card\" content=\"summary_large_image\" \/>\n<meta name=\"twitter:label1\" content=\"Dur\u00e9e de lecture estim\u00e9e\" \/>\n\t<meta name=\"twitter:data1\" content=\"2 minutes\" \/>\n<script type=\"application\/ld+json\" class=\"yoast-schema-graph\">{\"@context\":\"https:\\\/\\\/schema.org\",\"@graph\":[{\"@type\":\"WebPage\",\"@id\":\"https:\\\/\\\/www.caissealliance.com\\\/fr\\\/liste-nationale-de-numeros-de-telecommunication-exclus-lnnte\\\/\",\"url\":\"https:\\\/\\\/www.caissealliance.com\\\/fr\\\/liste-nationale-de-numeros-de-telecommunication-exclus-lnnte\\\/\",\"name\":\"Liste nationale de num\u00e9ros de t\u00e9l\u00e9communication exclus (LNNTE) | Caisse Alliance\",\"isPartOf\":{\"@id\":\"https:\\\/\\\/www.caissealliance.com\\\/fr\\\/#website\"},\"datePublished\":\"2019-04-05T13:04:42+00:00\",\"dateModified\":\"2024-02-05T17:33:34+00:00\",\"breadcrumb\":{\"@id\":\"https:\\\/\\\/www.caissealliance.com\\\/fr\\\/liste-nationale-de-numeros-de-telecommunication-exclus-lnnte\\\/#breadcrumb\"},\"inLanguage\":\"fr-FR\",\"potentialAction\":[{\"@type\":\"ReadAction\",\"target\":[\"https:\\\/\\\/www.caissealliance.com\\\/fr\\\/liste-nationale-de-numeros-de-telecommunication-exclus-lnnte\\\/\"]}]},{\"@type\":\"BreadcrumbList\",\"@id\":\"https:\\\/\\\/www.caissealliance.com\\\/fr\\\/liste-nationale-de-numeros-de-telecommunication-exclus-lnnte\\\/#breadcrumb\",\"itemListElement\":[{\"@type\":\"ListItem\",\"position\":1,\"name\":\"Home\",\"item\":\"https:\\\/\\\/www.caissealliance.com\\\/fr\\\/\"},{\"@type\":\"ListItem\",\"position\":2,\"name\":\"Liste nationale de num\u00e9ros de t\u00e9l\u00e9communication exclus (LNNTE)\"}]},{\"@type\":\"WebSite\",\"@id\":\"https:\\\/\\\/www.caissealliance.com\\\/fr\\\/#website\",\"url\":\"https:\\\/\\\/www.caissealliance.com\\\/fr\\\/\",\"name\":\"Caisse Alliance\",\"description\":\"Site Web de la Caisse Alliance\",\"potentialAction\":[{\"@type\":\"SearchAction\",\"target\":{\"@type\":\"EntryPoint\",\"urlTemplate\":\"https:\\\/\\\/www.caissealliance.com\\\/fr\\\/?s={search_term_string}\"},\"query-input\":{\"@type\":\"PropertyValueSpecification\",\"valueRequired\":true,\"valueName\":\"search_term_string\"}}],\"inLanguage\":\"fr-FR\"}]}<\/script>\n<!-- \/ Yoast SEO plugin. -->","yoast_head_json":{"title":"Liste nationale de num\u00e9ros de t\u00e9l\u00e9communication exclus (LNNTE) | Caisse Alliance","robots":{"index":"index","follow":"follow","max-snippet":"max-snippet:-1","max-image-preview":"max-image-preview:large","max-video-preview":"max-video-preview:-1"},"canonical":"https:\/\/www.caissealliance.com\/fr\/liste-nationale-de-numeros-de-telecommunication-exclus-lnnte\/","og_locale":"fr_FR","og_type":"article","og_title":"Liste nationale de num\u00e9ros de t\u00e9l\u00e9communication exclus (LNNTE) | Caisse Alliance","og_description":"Le 30 septembre 2008, le Conseil de la radiodiffusion et des t\u00e9l\u00e9communications canadiennes (CRTC) lan\u00e7ait la \u00ab Liste nationale de num\u00e9ros de t\u00e9l\u00e9communication exclus (LNNTE) \u00bb. Cette liste vise \u00e0 r\u00e9duire le nombre d\u2019appels et de t\u00e9l\u00e9copies de t\u00e9l\u00e9marketing non sollicit\u00e9s que re\u00e7oivent les particuliers canadiens*. Afin de respecter le choix de ses membres et [...]","og_url":"https:\/\/www.caissealliance.com\/fr\/liste-nationale-de-numeros-de-telecommunication-exclus-lnnte\/","og_site_name":"Caisse Alliance","article_modified_time":"2024-02-05T17:33:34+00:00","twitter_card":"summary_large_image","twitter_misc":{"Dur\u00e9e de lecture estim\u00e9e":"2 minutes"},"schema":{"@context":"https:\/\/schema.org","@graph":[{"@type":"WebPage","@id":"https:\/\/www.caissealliance.com\/fr\/liste-nationale-de-numeros-de-telecommunication-exclus-lnnte\/","url":"https:\/\/www.caissealliance.com\/fr\/liste-nationale-de-numeros-de-telecommunication-exclus-lnnte\/","name":"Liste nationale de num\u00e9ros de t\u00e9l\u00e9communication exclus (LNNTE) | Caisse Alliance","isPartOf":{"@id":"https:\/\/www.caissealliance.com\/fr\/#website"},"datePublished":"2019-04-05T13:04:42+00:00","dateModified":"2024-02-05T17:33:34+00:00","breadcrumb":{"@id":"https:\/\/www.caissealliance.com\/fr\/liste-nationale-de-numeros-de-telecommunication-exclus-lnnte\/#breadcrumb"},"inLanguage":"fr-FR","potentialAction":[{"@type":"ReadAction","target":["https:\/\/www.caissealliance.com\/fr\/liste-nationale-de-numeros-de-telecommunication-exclus-lnnte\/"]}]},{"@type":"BreadcrumbList","@id":"https:\/\/www.caissealliance.com\/fr\/liste-nationale-de-numeros-de-telecommunication-exclus-lnnte\/#breadcrumb","itemListElement":[{"@type":"ListItem","position":1,"name":"Home","item":"https:\/\/www.caissealliance.com\/fr\/"},{"@type":"ListItem","position":2,"name":"Liste nationale de num\u00e9ros de t\u00e9l\u00e9communication exclus (LNNTE)"}]},{"@type":"WebSite","@id":"https:\/\/www.caissealliance.com\/fr\/#website","url":"https:\/\/www.caissealliance.com\/fr\/","name":"Caisse Alliance","description":"Site Web de la Caisse Alliance","potentialAction":[{"@type":"SearchAction","target":{"@type":"EntryPoint","urlTemplate":"https:\/\/www.caissealliance.com\/fr\/?s={search_term_string}"},"query-input":{"@type":"PropertyValueSpecification","valueRequired":true,"valueName":"search_term_string"}}],"inLanguage":"fr-FR"}]}},"publishpress_future_action":{"enabled":false,"date":"2026-04-23 11:42:20","action":"change-status","newStatus":"draft","terms":[],"taxonomy":"section","extraData":[]},"publishpress_future_workflow_manual_trigger":{"enabledWorkflows":[]},"_links":{"self":[{"href":"https:\/\/www.caissealliance.com\/fr\/wp-json\/wp\/v2\/pages\/2182","targetHints":{"allow":["GET"]}}],"collection":[{"href":"https:\/\/www.caissealliance.com\/fr\/wp-json\/wp\/v2\/pages"}],"about":[{"href":"https:\/\/www.caissealliance.com\/fr\/wp-json\/wp\/v2\/types\/page"}],"author":[{"embeddable":true,"href":"https:\/\/www.caissealliance.com\/fr\/wp-json\/wp\/v2\/users\/1"}],"replies":[{"embeddable":true,"href":"https:\/\/www.caissealliance.com\/fr\/wp-json\/wp\/v2\/comments?post=2182"}],"version-history":[{"count":5,"href":"https:\/\/www.caissealliance.com\/fr\/wp-json\/wp\/v2\/pages\/2182\/revisions"}],"predecessor-version":[{"id":6261,"href":"https:\/\/www.caissealliance.com\/fr\/wp-json\/wp\/v2\/pages\/2182\/revisions\/6261"}],"wp:attachment":[{"href":"https:\/\/www.caissealliance.com\/fr\/wp-json\/wp\/v2\/media?parent=2182"}],"curies":[{"name":"wp","href":"https:\/\/api.w.org\/{rel}","templated":true}]}}