{"id":2176,"date":"2019-04-05T09:04:33","date_gmt":"2019-04-05T13:04:33","guid":{"rendered":"http:\/\/caissealliance.absoludev.ca\/confidentialite\/"},"modified":"2024-02-05T12:33:34","modified_gmt":"2024-02-05T17:33:34","slug":"confidentialite","status":"publish","type":"page","link":"https:\/\/www.caissealliance.com\/fr\/confidentialite\/","title":{"rendered":"Confidentialit\u00e9"},"content":{"rendered":"<h1>Confidentialit\u00e9<\/h1>\n<p>La Caisse Alliance est assujettie aux lois f\u00e9d\u00e9rales et provinciales en mati\u00e8re de protection des renseignements personnels, notamment \u00e0 la <em>Loi sur la protection des renseignements personnels et sur les documents \u00e9lectroniques<\/em> et \u00e0 la <em>Loi sur la protection des renseignements personnels dans le secteur priv\u00e9<\/em>.<\/p>\n<p>Aussi, la Caisse Alliance prend tr\u00e8s au s\u00e9rieux toutes les questions relatives \u00e0 la confidentialit\u00e9 et prend les mesures n\u00e9cessaires pour respecter ces lois.<\/p>\n<p>Par renseignement personnel, nous entendons tout renseignement sur vous que vous nous fournissez de fa\u00e7on volontaire et qui permet de vous identifier.<\/p>\n<h2>La protection des renseignements personnels dans caissealliance.com<\/h2>\n<p>Les renseignements personnels recueillis dans caissealliance.com sont confidentiels; seul le personnel autoris\u00e9 \u00e0 donner suite aux demandes pour lesquelles ils sont fournis y a acc\u00e8s. En aucun temps ces renseignements ne seront rendus publics ou vendus ni communiqu\u00e9s \u00e0 des tiers sans votre consentement, sauf pour assurer le service auquel vous \u00eates inscrit ou pour donner effet \u00e0 une ordonnance du tribunal.<\/p>\n<h2>\u00c0 quelles fins recueillons-nous des renseignements personnels dans caissealliance.com?<\/h2>\n<p>Les renseignements personnels que nous recueillons sur vous dans caissealliance.com servent uniquement \u00e0 donner suite aux demandes en ligne de services ou produits financiers ou d\u2019estimation que vous nous adressez.<\/p>\n<h2>Outils en ligne et renseignements personnels<\/h2>\n<p>En relation avec l\u2019offre de certains produits financiers, caissealliance.com vous propose d\u2019utiliser des outils en ligne.<\/p>\n<h2>Utilisation de fichiers t\u00e9moins (<em>cookies<\/em>)<\/h2>\n<p>Des fichiers t\u00e9moins sont utilis\u00e9s dans caissealliance.com. Ces fichiers permettent d\u2019identifier votre logiciel de navigation d\u2019une visite \u00e0 l\u2019autre et d\u2019une page \u00e0 l\u2019autre \u00e0 l\u2019int\u00e9rieur d\u2019une session de fa\u00e7on \u00e0 faciliter votre acc\u00e8s au site et votre navigation \u00e0 l\u2019int\u00e9rieur de celui-ci. Les fichiers t\u00e9moins ne peuvent \u00eatre lus que par le site Web qui le transmet \u00e0 votre ordinateur. Pour en conna\u00eetre davantage, <a href=\"https:\/\/www.caissealliance.com\/fr\/faq\/procedure-pour-accepter-les-temoins-cookies\/\">cliquez ici<\/a>.<\/p>\n<p>Lorsque vous acc\u00e9dez au module transactionnel Allia, un fichier t\u00e9moin est automatiquement cr\u00e9\u00e9 dans votre ordinateur. Notre serveur a acc\u00e8s \u00e0 ce fichier, dans lequel sont conserv\u00e9s des renseignements permettant de vous identifier et de faciliter votre navigation.<\/p>\n<h2>Liens vers les sites Web de tiers<\/h2>\n<p>Pour votre commodit\u00e9, caissealliance.com vous propose des liens vers des sites ou des parties de sites de tiers. La Caisse Alliance n&#8217;a aucun contr\u00f4le sur le contenu et l\u2019exploitation de ces sites ni sur leurs pratiques en mati\u00e8re de confidentialit\u00e9. Par cons\u00e9quent, tout renseignement personnel que vous transmettez par l\u2019interm\u00e9diaire de ces sites est assujetti \u00e0 la politique de protection de la vie priv\u00e9e de ces derniers. Il est donc de votre responsabilit\u00e9 d\u2019en prendre connaissance afin d\u2019assurer la protection des renseignements qui vous concernent.<\/p>\n<h2>Politique d\u2019envois de courriel<\/h2>\n<p>Il n\u2019est pas dans les pratiques de la Caisse Alliance de solliciter ses membres, par courriel ou autrement, pour obtenir des renseignements confidentiels les concernant.<\/p>\n<h2>Protection de la vie priv\u00e9e<\/h2>\n<p>La Caisse Alliance respecte de nombreuses r\u00e8gles afin de prot\u00e9ger vos renseignements personnels :<\/p>\n<ul>\n<li data-gc-list-depth=\"1\" data-gc-list-style=\"bullet\">Nous ne divulguons aucune information vous concernant sans d\u2019abord avoir obtenu votre accord.<\/li>\n<li data-gc-list-depth=\"1\" data-gc-list-style=\"bullet\">Aucun employ\u00e9 de la Caisse Alliance n&#8217;est autoris\u00e9 \u00e0 vous demander votre mot de passe ou votre num\u00e9ro d\u2019identification personnel (NIP).<\/li>\n<li data-gc-list-depth=\"1\" data-gc-list-style=\"bullet\">Aucun employ\u00e9 de la Caisse Alliance ne peut vous demander des renseignements personnels au t\u00e9l\u00e9phone, telles que votre num\u00e9ro de carte de d\u00e9bit, votre date de naissance ou votre num\u00e9ro d\u2019assurance sociale, sauf lors de la proc\u00e9dure d\u2019authentification habituelle lorsque <strong>vous<\/strong> nous contactez.<\/li>\n<li data-gc-list-depth=\"1\" data-gc-list-style=\"bullet\">La Caisse Alliance a ajust\u00e9 ses <a href=\"https:\/\/www.caissealliance.com\/fr\/liste-nationale-de-numeros-de-telecommunication-exclus-lnnte\/\">r\u00e8gles internes de t\u00e9l\u00e9marketing<\/a> afin de les rendre conformes \u00e0 la r\u00e9glementation relative \u00e0 la \u00ab Liste nationale de num\u00e9ros de t\u00e9l\u00e9communication exclus (LNNTE) \u00bb.<\/li>\n<\/ul>\n<h2><strong>Utilisation de fichiers t\u00e9moins (<em>cookies<\/em>)<\/strong><\/h2>\n<p>Des fichiers t\u00e9moins sont utilis\u00e9s dans le site www.caissealliance.com. Ces fichiers permettent d\u2019identifier votre navigateur d\u2019une visite \u00e0 l\u2019autre et d\u2019une page \u00e0 l\u2019autre, de fa\u00e7on \u00e0 faciliter votre acc\u00e8s au site et votre navigation \u00e0 l\u2019int\u00e9rieur de ce dernier. Les fichiers t\u00e9moins ne peuvent \u00eatre \u00e9lus que par le site Web qui le transmet \u00e0 votre ordinateur.<\/p>\n<p>Lorsque vous acc\u00e9dez \u00e0 Allia, un fichier t\u00e9moin est automatiquement cr\u00e9\u00e9 dans votre ordinateur. Notre serveur a acc\u00e8s \u00e0 ce fichier, dans lequel sont conserv\u00e9s des renseignements permettant de vous identifier et de faciliter votre navigation.<\/p>\n<h2><strong>Il existe deux types de t\u00e9moins:<\/strong><\/h2>\n<ol>\n<li data-gc-list-depth=\"1\" data-gc-list-style=\"ordered\"><strong>Le t\u00e9moin volatil (de la session) :<\/strong> celui-ci n\u2019est pas stock\u00e9 sur votre disque dur, mais gard\u00e9 en m\u00e9moire pour la dur\u00e9e de votre session. Il permet de vous identifier et il est supprim\u00e9 lorsque vous quittez Allia.<\/li>\n<li data-gc-list-depth=\"1\" data-gc-list-style=\"ordered\"><strong>Le t\u00e9moin persistant :<\/strong> celui-ci est stock\u00e9 sur votre ordinateur et sera r\u00e9cup\u00e9r\u00e9 \u00e0 votre prochaine visite. Notez que les t\u00e9moins sont des fichiers texte con\u00e7us de mani\u00e8re \u00e0 emp\u00eacher l\u2019entreposage des virus ou de toute autre donn\u00e9e pr\u00e9sentant un risque.<\/li>\n<\/ol>\n<p>Pour \u00eatre en mesure d\u2019utiliser Allia, votre navigateur doit accepter les t\u00e9moins. Si votre navigateur est configur\u00e9 pour refuser les t\u00e9moins, il suffit de suivre la <a href=\"https:\/\/www.caissealliance.com\/fr\/faq\/procedure-pour-accepter-les-temoins-cookies\/\" target=\"_blank\" rel=\"noopener noreferrer\" data-gc-link=\"https:\/\/www.caissealliance.com\/?p=1679\">proc\u00e9dure<\/a> requise pour en modifier les param\u00e8tres.<\/p>\n<h2><strong>Personne responsable:<\/strong><\/h2>\n<p>Maryse Gauvin<strong><br \/>\n<\/strong><\/p>\n","protected":false},"excerpt":{"rendered":"<p>La Caisse Alliance est assujettie aux lois f\u00e9d\u00e9rales et provinciales en mati\u00e8re de protection des renseignements personnels, notamment \u00e0 la Loi sur la protection des renseignements personnels et sur les documents \u00e9lectroniques et \u00e0 la Loi sur la protection des renseignements personnels dans le secteur priv\u00e9. Aussi, la Caisse Alliance prend tr\u00e8s au s\u00e9rieux toutes [&#8230;]<\/p>\n","protected":false},"author":1,"featured_media":0,"parent":0,"menu_order":275,"comment_status":"closed","ping_status":"closed","template":"page_full.php","meta":{"_acf_changed":false,"_monsterinsights_skip_tracking":false,"_monsterinsights_sitenote_active":false,"_monsterinsights_sitenote_note":"","_monsterinsights_sitenote_category":0,"footnotes":""},"class_list":["post-2176","page","type-page","status-publish","hentry","section-pied-de-page"],"acf":[],"yoast_head":"<!-- This site is optimized with the Yoast SEO plugin v27.4 - https:\/\/yoast.com\/product\/yoast-seo-wordpress\/ -->\n<title>Confidentialit\u00e9 | Caisse Alliance<\/title>\n<meta name=\"robots\" content=\"index, follow, max-snippet:-1, max-image-preview:large, max-video-preview:-1\" \/>\n<link rel=\"canonical\" href=\"https:\/\/www.caissealliance.com\/fr\/confidentialite\/\" \/>\n<meta property=\"og:locale\" content=\"fr_FR\" \/>\n<meta property=\"og:type\" content=\"article\" \/>\n<meta property=\"og:title\" content=\"Confidentialit\u00e9 | Caisse Alliance\" \/>\n<meta property=\"og:description\" content=\"La Caisse Alliance est assujettie aux lois f\u00e9d\u00e9rales et provinciales en mati\u00e8re de protection des renseignements personnels, notamment \u00e0 la Loi sur la protection des renseignements personnels et sur les documents \u00e9lectroniques et \u00e0 la Loi sur la protection des renseignements personnels dans le secteur priv\u00e9. Aussi, la Caisse Alliance prend tr\u00e8s au s\u00e9rieux toutes [...]\" \/>\n<meta property=\"og:url\" content=\"https:\/\/www.caissealliance.com\/fr\/confidentialite\/\" \/>\n<meta property=\"og:site_name\" content=\"Caisse Alliance\" \/>\n<meta property=\"article:modified_time\" content=\"2024-02-05T17:33:34+00:00\" \/>\n<meta name=\"twitter:card\" content=\"summary_large_image\" \/>\n<meta name=\"twitter:label1\" content=\"Dur\u00e9e de lecture estim\u00e9e\" \/>\n\t<meta name=\"twitter:data1\" content=\"5 minutes\" \/>\n<script type=\"application\/ld+json\" class=\"yoast-schema-graph\">{\"@context\":\"https:\\\/\\\/schema.org\",\"@graph\":[{\"@type\":\"WebPage\",\"@id\":\"https:\\\/\\\/www.caissealliance.com\\\/fr\\\/confidentialite\\\/\",\"url\":\"https:\\\/\\\/www.caissealliance.com\\\/fr\\\/confidentialite\\\/\",\"name\":\"Confidentialit\u00e9 | Caisse Alliance\",\"isPartOf\":{\"@id\":\"https:\\\/\\\/www.caissealliance.com\\\/fr\\\/#website\"},\"datePublished\":\"2019-04-05T13:04:33+00:00\",\"dateModified\":\"2024-02-05T17:33:34+00:00\",\"breadcrumb\":{\"@id\":\"https:\\\/\\\/www.caissealliance.com\\\/fr\\\/confidentialite\\\/#breadcrumb\"},\"inLanguage\":\"fr-FR\",\"potentialAction\":[{\"@type\":\"ReadAction\",\"target\":[\"https:\\\/\\\/www.caissealliance.com\\\/fr\\\/confidentialite\\\/\"]}]},{\"@type\":\"BreadcrumbList\",\"@id\":\"https:\\\/\\\/www.caissealliance.com\\\/fr\\\/confidentialite\\\/#breadcrumb\",\"itemListElement\":[{\"@type\":\"ListItem\",\"position\":1,\"name\":\"Home\",\"item\":\"https:\\\/\\\/www.caissealliance.com\\\/fr\\\/\"},{\"@type\":\"ListItem\",\"position\":2,\"name\":\"Confidentialit\u00e9\"}]},{\"@type\":\"WebSite\",\"@id\":\"https:\\\/\\\/www.caissealliance.com\\\/fr\\\/#website\",\"url\":\"https:\\\/\\\/www.caissealliance.com\\\/fr\\\/\",\"name\":\"Caisse Alliance\",\"description\":\"Site Web de la Caisse Alliance\",\"potentialAction\":[{\"@type\":\"SearchAction\",\"target\":{\"@type\":\"EntryPoint\",\"urlTemplate\":\"https:\\\/\\\/www.caissealliance.com\\\/fr\\\/?s={search_term_string}\"},\"query-input\":{\"@type\":\"PropertyValueSpecification\",\"valueRequired\":true,\"valueName\":\"search_term_string\"}}],\"inLanguage\":\"fr-FR\"}]}<\/script>\n<!-- \/ Yoast SEO plugin. -->","yoast_head_json":{"title":"Confidentialit\u00e9 | Caisse Alliance","robots":{"index":"index","follow":"follow","max-snippet":"max-snippet:-1","max-image-preview":"max-image-preview:large","max-video-preview":"max-video-preview:-1"},"canonical":"https:\/\/www.caissealliance.com\/fr\/confidentialite\/","og_locale":"fr_FR","og_type":"article","og_title":"Confidentialit\u00e9 | Caisse Alliance","og_description":"La Caisse Alliance est assujettie aux lois f\u00e9d\u00e9rales et provinciales en mati\u00e8re de protection des renseignements personnels, notamment \u00e0 la Loi sur la protection des renseignements personnels et sur les documents \u00e9lectroniques et \u00e0 la Loi sur la protection des renseignements personnels dans le secteur priv\u00e9. Aussi, la Caisse Alliance prend tr\u00e8s au s\u00e9rieux toutes [...]","og_url":"https:\/\/www.caissealliance.com\/fr\/confidentialite\/","og_site_name":"Caisse Alliance","article_modified_time":"2024-02-05T17:33:34+00:00","twitter_card":"summary_large_image","twitter_misc":{"Dur\u00e9e de lecture estim\u00e9e":"5 minutes"},"schema":{"@context":"https:\/\/schema.org","@graph":[{"@type":"WebPage","@id":"https:\/\/www.caissealliance.com\/fr\/confidentialite\/","url":"https:\/\/www.caissealliance.com\/fr\/confidentialite\/","name":"Confidentialit\u00e9 | Caisse Alliance","isPartOf":{"@id":"https:\/\/www.caissealliance.com\/fr\/#website"},"datePublished":"2019-04-05T13:04:33+00:00","dateModified":"2024-02-05T17:33:34+00:00","breadcrumb":{"@id":"https:\/\/www.caissealliance.com\/fr\/confidentialite\/#breadcrumb"},"inLanguage":"fr-FR","potentialAction":[{"@type":"ReadAction","target":["https:\/\/www.caissealliance.com\/fr\/confidentialite\/"]}]},{"@type":"BreadcrumbList","@id":"https:\/\/www.caissealliance.com\/fr\/confidentialite\/#breadcrumb","itemListElement":[{"@type":"ListItem","position":1,"name":"Home","item":"https:\/\/www.caissealliance.com\/fr\/"},{"@type":"ListItem","position":2,"name":"Confidentialit\u00e9"}]},{"@type":"WebSite","@id":"https:\/\/www.caissealliance.com\/fr\/#website","url":"https:\/\/www.caissealliance.com\/fr\/","name":"Caisse Alliance","description":"Site Web de la Caisse Alliance","potentialAction":[{"@type":"SearchAction","target":{"@type":"EntryPoint","urlTemplate":"https:\/\/www.caissealliance.com\/fr\/?s={search_term_string}"},"query-input":{"@type":"PropertyValueSpecification","valueRequired":true,"valueName":"search_term_string"}}],"inLanguage":"fr-FR"}]}},"publishpress_future_action":{"enabled":false,"date":"2026-05-05 23:23:28","action":"change-status","newStatus":"draft","terms":[],"taxonomy":"section","extraData":[]},"publishpress_future_workflow_manual_trigger":{"enabledWorkflows":[]},"_links":{"self":[{"href":"https:\/\/www.caissealliance.com\/fr\/wp-json\/wp\/v2\/pages\/2176","targetHints":{"allow":["GET"]}}],"collection":[{"href":"https:\/\/www.caissealliance.com\/fr\/wp-json\/wp\/v2\/pages"}],"about":[{"href":"https:\/\/www.caissealliance.com\/fr\/wp-json\/wp\/v2\/types\/page"}],"author":[{"embeddable":true,"href":"https:\/\/www.caissealliance.com\/fr\/wp-json\/wp\/v2\/users\/1"}],"replies":[{"embeddable":true,"href":"https:\/\/www.caissealliance.com\/fr\/wp-json\/wp\/v2\/comments?post=2176"}],"version-history":[{"count":17,"href":"https:\/\/www.caissealliance.com\/fr\/wp-json\/wp\/v2\/pages\/2176\/revisions"}],"predecessor-version":[{"id":21934,"href":"https:\/\/www.caissealliance.com\/fr\/wp-json\/wp\/v2\/pages\/2176\/revisions\/21934"}],"wp:attachment":[{"href":"https:\/\/www.caissealliance.com\/fr\/wp-json\/wp\/v2\/media?parent=2176"}],"curies":[{"name":"wp","href":"https:\/\/api.w.org\/{rel}","templated":true}]}}