{"id":21216,"date":"2023-08-17T14:10:52","date_gmt":"2023-08-17T18:10:52","guid":{"rendered":"https:\/\/www.caissealliance.com\/?page_id=21216"},"modified":"2025-12-19T08:38:31","modified_gmt":"2025-12-19T13:38:31","slug":"conditions-dutilisation-dapple-pay","status":"publish","type":"page","link":"https:\/\/www.caissealliance.com\/fr\/conditions-dutilisation-dapple-pay\/","title":{"rendered":"Conditions d&#8217;utilisation d&#8217;Apple Pay"},"content":{"rendered":"<h1>Introduction<\/h1>\n<p>Les pr\u00e9sentes conditions d&#8217;utilisation r\u00e9gissent votre utilisation du service Apple Pay pour effectuer un paiement avec une carte de d\u00e9bit \u00e9ligible de la Caisse Alliance\u00a0(\u00ab carte \u00bb) sur tout appareil Apple prenant en charge l&#8217;utilisation d&#8217;Apple Pay (\u00ab appareil \u00bb).<\/p>\n<p>Veuillez lire attentivement les pr\u00e9sentes conditions d&#8217;utilisation. Les pr\u00e9sentes conditions d&#8217;utilisation constituent un accord juridique entre vous et nous. Si vous ajoutez, activez ou utilisez votre carte pour l&#8217;utilisation d&#8217;Apple Pay, cela signifie que vous acceptez les pr\u00e9sentes Conditions d&#8217;utilisation. Dans les pr\u00e9sentes Conditions d&#8217;utilisation, \u00ab vous \u00bb et \u00ab votre \u00bb d\u00e9signent chaque membre de la coop\u00e9rative d&#8217;\u00e9pargne et de cr\u00e9dit \u00e0 qui une carte de la coop\u00e9rative d&#8217;\u00e9pargne et de cr\u00e9dit a \u00e9t\u00e9 d\u00e9livr\u00e9e. \u00ab Nous \u00bb, \u00ab notre \u00bb et \u00ab nos \u00bb d\u00e9signent la Caisse Alliance.<\/p>\n<h2>Autres documents et accords<\/h2>\n<p>Les pr\u00e9sentes conditions d&#8217;utilisation s&#8217;ajoutent et compl\u00e8tent tous les autres accords conclus entre la Caisse Alliance et le membre concernant les produits et services de la Caisse Alliance. En cas de conflit ou d&#8217;incoh\u00e9rence entre les pr\u00e9sentes Conditions d&#8217;utilisation et les autres accords, les pr\u00e9sentes Conditions d&#8217;utilisation auront la priorit\u00e9 et pr\u00e9vaudront en ce qui concerne le service Apple Pay.<\/p>\n<p>Vous comprenez que votre utilisation d&#8217;Apple Pay sera \u00e9galement soumise \u00e0 des accords ou conditions d&#8217;utilisation avec Apple Inc. et d&#8217;autres tiers (tels que votre op\u00e9rateur de t\u00e9l\u00e9phonie mobile et les sites web et services d&#8217;autres tiers int\u00e9gr\u00e9s dans Apple Pay).<\/p>\n<h2>Utilisation des cartes dans Apple Pay<\/h2>\n<p>Si vous souhaitez ajouter une carte \u00e0 Apple Pay, vous devez suivre les proc\u00e9dures adopt\u00e9es par Apple, toute instruction fournie par nous et toute autre proc\u00e9dure adopt\u00e9e par Apple ou nous-m\u00eames. Vous comprenez que nous pouvons ne pas ajouter une carte \u00e0 Apple Pay si nous ne pouvons pas v\u00e9rifier la carte, si votre compte n&#8217;est pas en r\u00e8gle, si nous soup\u00e7onnons qu&#8217;il peut y avoir une fraude associ\u00e9e \u00e0 votre carte ou pour toute autre raison que nous d\u00e9terminons \u00e0 notre seule discr\u00e9tion. Apple Pay vous permet d&#8217;effectuer des achats avec votre carte partout o\u00f9 Apple Pay est accept\u00e9. Il se peut qu&#8217;Apple Pay ne soit pas accept\u00e9 dans tous les endroits o\u00f9 votre carte est accept\u00e9e.<\/p>\n<h2>Retrait, blocage ou suspension de la carte<\/h2>\n<p>Nous pouvons ne pas autoriser l&#8217;ajout d&#8217;une carte \u00e0 Apple Pay, ou nous pouvons retirer, suspendre ou annuler votre acc\u00e8s \u00e0 Apple Pay \u00e0 tout moment, si nous ne pouvons pas v\u00e9rifier la carte, si nous soup\u00e7onnons qu&#8217;il peut y avoir une fraude associ\u00e9e \u00e0 l&#8217;utilisation de la carte, si votre compte n&#8217;est pas en r\u00e8gle, si les lois applicables changent, ou pour toute autre raison que nous d\u00e9terminons \u00e0 notre seule discr\u00e9tion.<\/p>\n<p>Vous pouvez suspendre, supprimer ou r\u00e9activer une carte d&#8217;Apple Pay en suivant les proc\u00e9dures d&#8217;Apple pour la suspension, la suppression ou la r\u00e9activation. Dans certaines circonstances, votre carte peut \u00eatre suspendue ou supprim\u00e9e d&#8217;Apple Pay par Apple.<\/p>\n<h2>Limite maximale en dollars<\/h2>\n<p>Les r\u00e9seaux de paiement, les commer\u00e7ants ou nous-m\u00eames pouvons \u00e9tablir des limites de transaction de temps \u00e0 autre, \u00e0 leur ou \u00e0 notre discr\u00e9tion. Par cons\u00e9quent, il se peut que vous ne puissiez pas utiliser Apple Pay pour effectuer une transaction qui d\u00e9passe ces limites.<\/p>\n<h2>Frais applicables<\/h2>\n<p>Nous ne vous facturons pas de frais pour l&#8217;ajout d&#8217;une carte \u00e0 Apple Pay. Veuillez consulter le contrat de votre carte pour conna\u00eetre les frais applicables ou les autres frais associ\u00e9s \u00e0 votre carte.<\/p>\n<p>Votre op\u00e9rateur ou fournisseur de services mobiles, Apple ou d&#8217;autres tiers peuvent vous facturer des frais de service li\u00e9s \u00e0 l&#8217;utilisation de votre appareil ou d&#8217;Apple Pay.<\/p>\n<h2>S\u00e9curit\u00e9<\/h2>\n<p>Vous devez nous contacter imm\u00e9diatement en cas de perte ou de vol de votre carte, de perte ou de vol de votre appareil, ou si votre compte carte est compromis. Si vous obtenez un nouvel appareil, vous devez supprimer toutes vos cartes et autres informations personnelles de votre ancien appareil.<\/p>\n<p>Vous \u00eates tenu de nous contacter imm\u00e9diatement en cas d&#8217;erreur ou si vous soup\u00e7onnez une fraude avec votre carte. Nous r\u00e9soudrons toute erreur potentielle ou tout achat frauduleux conform\u00e9ment \u00e0 la convention de compte applicable.<\/p>\n<p>Vous acceptez de prot\u00e9ger et de garder confidentiels votre identifiant Apple et vos mots de passe Apple. Si vous partagez ces identifiants avec d&#8217;autres personnes, celles-ci pourront acc\u00e9der \u00e0 Apple Pay et effectuer des achats avec votre carte ou obtenir vos informations personnelles.<\/p>\n<p>Avant d&#8217;utiliser Apple Pay, vous devez vous assurer que seuls vos identifiants sont enregistr\u00e9s sur votre appareil, car ils seront alors consid\u00e9r\u00e9s comme autoris\u00e9s \u00e0 effectuer des transactions li\u00e9es \u00e0 votre carte. Si les identifiants d&#8217;une autre personne sont utilis\u00e9s pour d\u00e9verrouiller votre appareil ou effectuer des transactions, ces derni\u00e8res seront consid\u00e9r\u00e9es comme autoris\u00e9es par vous.<\/p>\n<p>Il vous est interdit d&#8217;utiliser Apple Pay sur un appareil dont vous savez ou avez des raisons de penser que la s\u00e9curit\u00e9 ou l&#8217;int\u00e9grit\u00e9 a \u00e9t\u00e9 compromise (par exemple, lorsque l&#8217;appareil a \u00e9t\u00e9 &#8220;root\u00e9&#8221; ou que ses m\u00e9canismes de s\u00e9curit\u00e9 ont \u00e9t\u00e9 contourn\u00e9s).<\/p>\n<p>Apple est responsable de la s\u00e9curit\u00e9 des informations fournies \u00e0 Apple ou stock\u00e9es dans Apple Pay.<\/p>\n<h2>Responsabilit\u00e9 en cas de perte<\/h2>\n<p>Vous \u00eates seul responsable de toutes les transactions de compte effectu\u00e9es \u00e0 l&#8217;aide de votre carte et trait\u00e9es par Apple Pay. Vous \u00eates responsable de l&#8217;exhaustivit\u00e9 et de l&#8217;exactitude des informations de compte que vous entrez dans Apple Pay. Seul le membre individuel dont le nom est associ\u00e9 \u00e0 la carte doit ajouter la carte \u00e0 Apple Pay.<\/p>\n<h2>Confidentialit\u00e9<\/h2>\n<p>Vous consentez \u00e0 la collecte, \u00e0 l&#8217;utilisation et \u00e0 la divulgation de vos informations personnelles de temps \u00e0 autre, conform\u00e9ment \u00e0 notre politique de confidentialit\u00e9, disponible sur notre site web. Nous pouvons partager ou recevoir d&#8217;Apple les informations raisonnablement n\u00e9cessaires pour d\u00e9terminer votre \u00e9ligibilit\u00e9, votre inscription et votre utilisation d&#8217;Apple Pay et de toute fonctionnalit\u00e9 Apple Pay que vous pouvez s\u00e9lectionner (par exemple, votre nom et des d\u00e9tails tels que le num\u00e9ro de carte et la date d&#8217;expiration).<\/p>\n<p>Apple peut regrouper vos informations ou les rendre anonymes aux fins \u00e9nonc\u00e9es dans sa politique de confidentialit\u00e9 ou ses conditions d&#8217;utilisation. Afin de vous prot\u00e9ger et de nous prot\u00e9ger contre les erreurs et les activit\u00e9s criminelles, Apple et nous pouvons partager des informations raisonnablement n\u00e9cessaires \u00e0 des fins telles que la d\u00e9tection et la pr\u00e9vention des fraudes (par exemple, informer Apple si vous nous informez de la perte ou du vol d&#8217;un appareil).<\/p>\n<h2>Communications<\/h2>\n<p>Vous acceptez de recevoir des communications de notre part, y compris des courriels \u00e0 l&#8217;adresse \u00e9lectronique ou des messages textuels au num\u00e9ro de t\u00e9l\u00e9phone mobile que vous avez fourni en relation avec votre compte de carte. Ces communications porteront sur l&#8217;utilisation de votre (vos) carte(s) dans Apple Pay. Vous acceptez de mettre \u00e0 jour vos coordonn\u00e9es lorsqu&#8217;elles changent en nous contactant.Vous pouvez \u00e9galement nous contacter si vous souhaitez retirer votre consentement \u00e0 recevoir ces communications, mais cela peut avoir pour cons\u00e9quence de vous emp\u00eacher de continuer \u00e0 utiliser votre\/vos carte(s) dans Apple Pay.<\/p>\n<p>Absence de garantie et exclusion de responsabilit\u00e9 :Aux fins de la pr\u00e9sente section, \u00ab Caisse Alliance \u00bb d\u00e9signe Caisse Alliance\u00a0et ses agents, entrepreneurs et prestataires de services, ainsi que chacune de leurs filiales respectives. Les dispositions \u00e9nonc\u00e9es dans la pr\u00e9sente section resteront en vigueur apr\u00e8s la r\u00e9siliation des pr\u00e9sentes conditions d&#8217;utilisation.<\/p>\n<p>Le service Apple Pay est fourni par Apple et la Caisse Alliance n&#8217;est pas responsable de son utilisation ou de son fonctionnement. Vous reconnaissez et acceptez que la Caisse Alliance ne fasse aucune d\u00e9claration, garantie ou condition relative \u00e0 Apple Pay de quelque nature que ce soit, et en particulier, la Caisse Alliance\u00a0ne garantit pas : (a) l&#8217;op\u00e9rabilit\u00e9 ou la fonctionnalit\u00e9 d&#8217;Apple Pay ou qu&#8217;Apple Pay sera disponible pour effectuer une transaction ; (b) qu&#8217;un marchand particulier sera un marchand participant auquel Apple Pay est disponible ; (c) qu&#8217;Apple Pay r\u00e9pondra \u00e0 vos exigences ou que le fonctionnement d&#8217;Apple Pay sera ininterrompu ou sans erreur ; et (d) la disponibilit\u00e9 ou l&#8217;op\u00e9rabilit\u00e9 des r\u00e9seaux sans fil de n&#8217;importe quel appareil.<\/p>\n<p>La Caisse Alliance\u00a0ne sera en aucun cas responsable d&#8217;Apple Pay, y compris, sans limitation, de la vente, de la distribution ou de l&#8217;utilisation d&#8217;Apple Pay, ou de la performance ou de la non-performance d&#8217;Apple Pay, ou de toute perte, blessure ou d\u00e9sagr\u00e9ment que vous subissez. Vous pouvez envisager de conserver votre carte physique avec vous pour l&#8217;utiliser au cas o\u00f9 vous ne pourriez pas effectuer de transactions Apple Pay.<\/p>\n<h2>Modifications des Conditions d&#8217;utilisation<\/h2>\n<p>Nous pouvons modifier les pr\u00e9sentes Conditions d&#8217;utilisation ou les accords associ\u00e9s \u00e0 l&#8217;utilisation de votre carte avec Apple Pay. Vous acceptez toute modification des pr\u00e9sentes Conditions d&#8217;utilisation ou des accords associ\u00e9s \u00e0 l&#8217;utilisation de votre carte ou de votre compte en continuant \u00e0 utiliser votre carte avec Apple Pay. Si vous n&#8217;acceptez pas les Conditions d&#8217;utilisation ou le(s) contrat(s) r\u00e9vis\u00e9(s), vous devez supprimer votre carte d&#8217;Apple Pay.<\/p>\n<h2>Nous contacter<\/h2>\n<p>Vous pouvez nous contacter pour tout ce qui concerne votre carte ou les pr\u00e9sentes Conditions d&#8217;utilisation en appelant le num\u00e9ro de t\u00e9l\u00e9phone figurant sur notre site web.<\/p>\n<p>Si vous avez des questions, des r\u00e9clamations ou des litiges concernant Apple Pay, vous devez contacter Apple.<\/p>\n","protected":false},"excerpt":{"rendered":"<p>Les pr\u00e9sentes conditions d&#8217;utilisation r\u00e9gissent votre utilisation du service Apple Pay pour effectuer un paiement avec une carte de d\u00e9bit \u00e9ligible de la Caisse Alliance\u00a0(\u00ab carte \u00bb) sur tout appareil Apple prenant en charge l&#8217;utilisation d&#8217;Apple Pay (\u00ab appareil \u00bb). Veuillez lire attentivement les pr\u00e9sentes conditions d&#8217;utilisation. Les pr\u00e9sentes conditions d&#8217;utilisation constituent un accord juridique [&#8230;]<\/p>\n","protected":false},"author":13,"featured_media":0,"parent":0,"menu_order":100,"comment_status":"closed","ping_status":"closed","template":"","meta":{"_acf_changed":false,"_monsterinsights_skip_tracking":false,"_monsterinsights_sitenote_active":false,"_monsterinsights_sitenote_note":"","_monsterinsights_sitenote_category":0,"footnotes":""},"class_list":["post-21216","page","type-page","status-publish","hentry"],"acf":[],"yoast_head":"<!-- This site is optimized with the Yoast SEO plugin v27.3 - https:\/\/yoast.com\/product\/yoast-seo-wordpress\/ -->\n<title>Conditions d&#039;utilisation d&#039;Apple Pay | Caisse Alliance<\/title>\n<meta name=\"robots\" content=\"index, follow, max-snippet:-1, max-image-preview:large, max-video-preview:-1\" \/>\n<link rel=\"canonical\" href=\"https:\/\/www.caissealliance.com\/fr\/conditions-dutilisation-dapple-pay\/\" \/>\n<meta property=\"og:locale\" content=\"fr_FR\" \/>\n<meta property=\"og:type\" content=\"article\" \/>\n<meta property=\"og:title\" content=\"Conditions d&#039;utilisation d&#039;Apple Pay | Caisse Alliance\" \/>\n<meta property=\"og:description\" content=\"Les pr\u00e9sentes conditions d&#8217;utilisation r\u00e9gissent votre utilisation du service Apple Pay pour effectuer un paiement avec une carte de d\u00e9bit \u00e9ligible de la Caisse Alliance\u00a0(\u00ab carte \u00bb) sur tout appareil Apple prenant en charge l&#8217;utilisation d&#8217;Apple Pay (\u00ab appareil \u00bb). Veuillez lire attentivement les pr\u00e9sentes conditions d&#8217;utilisation. Les pr\u00e9sentes conditions d&#8217;utilisation constituent un accord juridique [...]\" \/>\n<meta property=\"og:url\" content=\"https:\/\/www.caissealliance.com\/fr\/conditions-dutilisation-dapple-pay\/\" \/>\n<meta property=\"og:site_name\" content=\"Caisse Alliance\" \/>\n<meta property=\"article:modified_time\" content=\"2025-12-19T13:38:31+00:00\" \/>\n<meta name=\"twitter:card\" content=\"summary_large_image\" \/>\n<meta name=\"twitter:label1\" content=\"Dur\u00e9e de lecture estim\u00e9e\" \/>\n\t<meta name=\"twitter:data1\" content=\"8 minutes\" \/>\n<script type=\"application\/ld+json\" class=\"yoast-schema-graph\">{\"@context\":\"https:\\\/\\\/schema.org\",\"@graph\":[{\"@type\":\"WebPage\",\"@id\":\"https:\\\/\\\/www.caissealliance.com\\\/fr\\\/conditions-dutilisation-dapple-pay\\\/\",\"url\":\"https:\\\/\\\/www.caissealliance.com\\\/fr\\\/conditions-dutilisation-dapple-pay\\\/\",\"name\":\"Conditions d'utilisation d'Apple Pay | Caisse Alliance\",\"isPartOf\":{\"@id\":\"https:\\\/\\\/www.caissealliance.com\\\/fr\\\/#website\"},\"datePublished\":\"2023-08-17T18:10:52+00:00\",\"dateModified\":\"2025-12-19T13:38:31+00:00\",\"breadcrumb\":{\"@id\":\"https:\\\/\\\/www.caissealliance.com\\\/fr\\\/conditions-dutilisation-dapple-pay\\\/#breadcrumb\"},\"inLanguage\":\"fr-FR\",\"potentialAction\":[{\"@type\":\"ReadAction\",\"target\":[\"https:\\\/\\\/www.caissealliance.com\\\/fr\\\/conditions-dutilisation-dapple-pay\\\/\"]}]},{\"@type\":\"BreadcrumbList\",\"@id\":\"https:\\\/\\\/www.caissealliance.com\\\/fr\\\/conditions-dutilisation-dapple-pay\\\/#breadcrumb\",\"itemListElement\":[{\"@type\":\"ListItem\",\"position\":1,\"name\":\"Home\",\"item\":\"https:\\\/\\\/www.caissealliance.com\\\/fr\\\/\"},{\"@type\":\"ListItem\",\"position\":2,\"name\":\"Conditions d&#8217;utilisation d&#8217;Apple Pay\"}]},{\"@type\":\"WebSite\",\"@id\":\"https:\\\/\\\/www.caissealliance.com\\\/fr\\\/#website\",\"url\":\"https:\\\/\\\/www.caissealliance.com\\\/fr\\\/\",\"name\":\"Caisse Alliance\",\"description\":\"Site Web de la Caisse Alliance\",\"potentialAction\":[{\"@type\":\"SearchAction\",\"target\":{\"@type\":\"EntryPoint\",\"urlTemplate\":\"https:\\\/\\\/www.caissealliance.com\\\/fr\\\/?s={search_term_string}\"},\"query-input\":{\"@type\":\"PropertyValueSpecification\",\"valueRequired\":true,\"valueName\":\"search_term_string\"}}],\"inLanguage\":\"fr-FR\"}]}<\/script>\n<!-- \/ Yoast SEO plugin. -->","yoast_head_json":{"title":"Conditions d'utilisation d'Apple Pay | Caisse Alliance","robots":{"index":"index","follow":"follow","max-snippet":"max-snippet:-1","max-image-preview":"max-image-preview:large","max-video-preview":"max-video-preview:-1"},"canonical":"https:\/\/www.caissealliance.com\/fr\/conditions-dutilisation-dapple-pay\/","og_locale":"fr_FR","og_type":"article","og_title":"Conditions d'utilisation d'Apple Pay | Caisse Alliance","og_description":"Les pr\u00e9sentes conditions d&#8217;utilisation r\u00e9gissent votre utilisation du service Apple Pay pour effectuer un paiement avec une carte de d\u00e9bit \u00e9ligible de la Caisse Alliance\u00a0(\u00ab carte \u00bb) sur tout appareil Apple prenant en charge l&#8217;utilisation d&#8217;Apple Pay (\u00ab appareil \u00bb). Veuillez lire attentivement les pr\u00e9sentes conditions d&#8217;utilisation. Les pr\u00e9sentes conditions d&#8217;utilisation constituent un accord juridique [...]","og_url":"https:\/\/www.caissealliance.com\/fr\/conditions-dutilisation-dapple-pay\/","og_site_name":"Caisse Alliance","article_modified_time":"2025-12-19T13:38:31+00:00","twitter_card":"summary_large_image","twitter_misc":{"Dur\u00e9e de lecture estim\u00e9e":"8 minutes"},"schema":{"@context":"https:\/\/schema.org","@graph":[{"@type":"WebPage","@id":"https:\/\/www.caissealliance.com\/fr\/conditions-dutilisation-dapple-pay\/","url":"https:\/\/www.caissealliance.com\/fr\/conditions-dutilisation-dapple-pay\/","name":"Conditions d'utilisation d'Apple Pay | Caisse Alliance","isPartOf":{"@id":"https:\/\/www.caissealliance.com\/fr\/#website"},"datePublished":"2023-08-17T18:10:52+00:00","dateModified":"2025-12-19T13:38:31+00:00","breadcrumb":{"@id":"https:\/\/www.caissealliance.com\/fr\/conditions-dutilisation-dapple-pay\/#breadcrumb"},"inLanguage":"fr-FR","potentialAction":[{"@type":"ReadAction","target":["https:\/\/www.caissealliance.com\/fr\/conditions-dutilisation-dapple-pay\/"]}]},{"@type":"BreadcrumbList","@id":"https:\/\/www.caissealliance.com\/fr\/conditions-dutilisation-dapple-pay\/#breadcrumb","itemListElement":[{"@type":"ListItem","position":1,"name":"Home","item":"https:\/\/www.caissealliance.com\/fr\/"},{"@type":"ListItem","position":2,"name":"Conditions d&#8217;utilisation d&#8217;Apple Pay"}]},{"@type":"WebSite","@id":"https:\/\/www.caissealliance.com\/fr\/#website","url":"https:\/\/www.caissealliance.com\/fr\/","name":"Caisse Alliance","description":"Site Web de la Caisse Alliance","potentialAction":[{"@type":"SearchAction","target":{"@type":"EntryPoint","urlTemplate":"https:\/\/www.caissealliance.com\/fr\/?s={search_term_string}"},"query-input":{"@type":"PropertyValueSpecification","valueRequired":true,"valueName":"search_term_string"}}],"inLanguage":"fr-FR"}]}},"publishpress_future_action":{"enabled":false,"date":"2026-04-26 00:56:28","action":"change-status","newStatus":"draft","terms":[],"taxonomy":"section","extraData":[]},"publishpress_future_workflow_manual_trigger":{"enabledWorkflows":[]},"_links":{"self":[{"href":"https:\/\/www.caissealliance.com\/fr\/wp-json\/wp\/v2\/pages\/21216","targetHints":{"allow":["GET"]}}],"collection":[{"href":"https:\/\/www.caissealliance.com\/fr\/wp-json\/wp\/v2\/pages"}],"about":[{"href":"https:\/\/www.caissealliance.com\/fr\/wp-json\/wp\/v2\/types\/page"}],"author":[{"embeddable":true,"href":"https:\/\/www.caissealliance.com\/fr\/wp-json\/wp\/v2\/users\/13"}],"replies":[{"embeddable":true,"href":"https:\/\/www.caissealliance.com\/fr\/wp-json\/wp\/v2\/comments?post=21216"}],"version-history":[{"count":3,"href":"https:\/\/www.caissealliance.com\/fr\/wp-json\/wp\/v2\/pages\/21216\/revisions"}],"predecessor-version":[{"id":21219,"href":"https:\/\/www.caissealliance.com\/fr\/wp-json\/wp\/v2\/pages\/21216\/revisions\/21219"}],"wp:attachment":[{"href":"https:\/\/www.caissealliance.com\/fr\/wp-json\/wp\/v2\/media?parent=21216"}],"curies":[{"name":"wp","href":"https:\/\/api.w.org\/{rel}","templated":true}]}}