{"id":21039,"date":"2023-08-12T12:57:08","date_gmt":"2023-08-12T16:57:08","guid":{"rendered":"https:\/\/www.caissealliance.com\/?page_id=21039"},"modified":"2025-01-29T16:54:59","modified_gmt":"2025-01-29T21:54:59","slug":"the-exchangeetacculink","status":"publish","type":"page","link":"https:\/\/www.caissealliance.com\/fr\/the-exchangeetacculink\/","title":{"rendered":"THE EXCHANGE \u00ae et ACCULINK\u00ae"},"content":{"rendered":"<h1 style=\"text-align: center;\"><strong>Les r\u00e9seaux THE EXCHANGE \u00ae et ACCULINK\u00ae <\/strong><\/h1>\n<p>Les membres voyageant \u00e0 travers le Canada peuvent facilement trouver des guichets automatiques sans frais de surcharge sur les r\u00e9seaux THE EXCHANGE\u00ae et ACCULINK\u00ae. Si vous voyagez au Canada dans l\u2019atlantique, en Ontario ou en Colombie-Britannique, prenez connaissance des informations THE EXCHANGE\u00ae ci-dessous et si vous voyagez en Alberta, en Saskatchewan et au Manitoba, des guichets automatiques suppl\u00e9mentaires peuvent \u00eatre localis\u00e9s en vous r\u00e9f\u00e9rant aux informations du r\u00e9seau ACCULINK\u00ae. Ensemble, ces deux r\u00e9seaux offrent aux membres plus de 3 200 guichets automatiques sans surcharge \u00e0 travers le Canada.<\/p>\n<h2><strong>Le r\u00e9seau de guichets ACCULINK\u00ae<\/strong><\/h2>\n<p><img decoding=\"async\" class=\"size-full wp-image-21043 alignleft\" src=\"https:\/\/www.caissealliance.com\/wp-content\/uploads\/acculink.jpg\" alt=\"\" width=\"142\" height=\"141\" \/><\/p>\n<p>&nbsp;<\/p>\n<p>Les coop\u00e9ratives de cr\u00e9dit canadiennes appartiennent \u00e0 la Coop\u00e9rative EFT Development Association (CEDA) et participent au r\u00e9seau <strong>ACCULINK\u00ae ATM<\/strong>. ACCULINK\u00ae est le nom de marque du service exclusif de guichets sans frais suppl\u00e9mentaires du syst\u00e8me des caisses populaires qui connecte et prend en charge plus de 1800 guichets automatiques des caisses populaires, plus de 380 caisses populaires et plus de 5,000,000 de membres.<\/p>\n<p>Ce r\u00e9seau fournit aux membres de nombreux services sans avoir \u00e0 se soucier de payer des frais suppl\u00e9mentaires (les frais de compte standard s\u2019appliquent toujours), notamment :<\/p>\n<ul>\n<li>Les retraits dans les limites du montant maximum quotidien tel que sp\u00e9cifi\u00e9 par la caisse populaire du membre \u00e0 tous les guichets automatiques de pleine fonction et de distribution des billets<\/li>\n<li>Les d\u00e9p\u00f4ts, y compris les esp\u00e8ces, les ch\u00e8ques et autres effets n\u00e9gociables \u00e0 vos comptes \u00e0 tous les guichets automatiques plein service<\/li>\n<li>Modifications du num\u00e9ro d\u2019identification personnel (NIP) \u00e0 tous les guichets automatiques qui ont la fonctionnalit\u00e9 puce (chip)<\/li>\n<li>Transfert de fonds entre comptes \u00e0 tous les guichets pleins service ainsi que ceux qui n\u2019acceptent pas les d\u00e9p\u00f4ts<\/li>\n<li>Demande de solde du compte disponible sur les comptes \u00e0 tous les guichets plein service ainsi que ceux qui n\u2019acceptent pas les d\u00e9p\u00f4ts<\/li>\n<\/ul>\n<h4><strong>Trois fa\u00e7ons de trouver les guichets automatiques ACCULINK\u00ae au Canada<\/strong><\/h4>\n<ul>\n<li>Recherchez le logo ACCULINK\u00ae sur les guichets automatiques.<\/li>\n<li>Recherche en ligne :\u00a0<a href=\"http:\/\/locator.cucentral.com\/\">http:\/\/locator.cucentral.com<\/a><\/li>\n<\/ul>\n<p>Pour utiliser le localisateur, remplissez le champ &#8220;Rechercher par adresse&#8221; (entrez le nom d&#8217;une ville\/lieu) et cliquez sur &#8220;Rechercher&#8221;. Les succursales et les guichets automatiques s&#8217;afficheront pour l&#8217;emplacement s\u00e9lectionn\u00e9. Votre recherche peut \u00eatre r\u00e9tr\u00e9cie en v\u00e9rifiant les options de filtre et en cliquant sur &#8220;Appliquer les filtres&#8221;.<\/p>\n<ul>\n<li>T\u00e9l\u00e9chargez l&#8217;application \u00ab Canadian Credit Union Branch and ATM Locator \u00bb.<\/li>\n<\/ul>\n<p>Cette application mobile offerte gratuitement, permet aux membres de trouver des succursales et des guichets automatiques disponibles sur le service ACCULINK\u00ae et le r\u00e9seau THE EXCHANGE\u00ae partout au Canada. L&#8217;application est disponible pour vos t\u00e9l\u00e9phones intelligents iPhone\u00ae, BlackBerry\u00ae, Android\u2122 ou Windows\u00ae. Le syst\u00e8me de positionnement global (GPS) de l&#8217;application fournit une carte interactive et des directions \u00e0 partir de votre emplacement actuel jusqu&#8217;\u00e0 votre succursale\/guichet automatique de votre choix. Il affiche des informations suppl\u00e9mentaires, notamment les heures d&#8217;ouverture des agences\/guichets automatiques et les services disponibles.<\/p>\n<h2 style=\"text-align: left;\"><strong>\u00a0<\/strong><strong>Le r\u00e9seau de guichets THE EXCHANGE\u00ae<\/strong><\/h2>\n<h1 style=\"text-align: center;\"><strong style=\"font-size: 16px;\"><img decoding=\"async\" class=\"alignnone size-full wp-image-21047 alignleft\" src=\"https:\/\/www.caissealliance.com\/wp-content\/uploads\/the-exchange.jpg\" alt=\"\" width=\"241\" height=\"154\" \/><\/strong><\/h1>\n<h1 style=\"text-align: left;\"><strong>\u00a0 <\/strong><\/h1>\n<p><strong>THE EXCHANGE<\/strong>\u00ae est un r\u00e9seau compos\u00e9 principalement de coop\u00e9ratives de cr\u00e9dit et de certaines banques qui se sont r\u00e9unies et ont convenu d&#8217;offrir des retraits, des d\u00e9p\u00f4ts et des changements de NIP sans frais suppl\u00e9mentaires aux titulaires de carte partag\u00e9s entre leurs institutions \u00e0 2 000 guichets automatiques partout au Canada.<\/p>\n<h4><strong>Trois fa\u00e7ons de trouver les guichets automatiques THE EXCHANGE\u00ae au Canada<\/strong><\/h4>\n<ul>\n<li>Recherchez le logo THE EXCHANGE\u00ae sur les guichets automatiques.<\/li>\n<li>Recherchez en ligne en <a href=\"https:\/\/www.theexchangenetwork.ca\/fr\/find-an-atm\/\" target=\"_blank\" rel=\"noopener\">cliquant ici<\/a>.<\/li>\n<li>R\u00e9seau THE EXCHANGE <a href=\"https:\/\/www.theexchangenetwork.ca\/Find-An-ATM.aspx\">R\u00e9seau THE EXCHANGE &#8211; Trouvez un guichet (theexchangenetwork.ca)<\/a><\/li>\n<li>T\u00e9l\u00e9chargez l&#8217;application &#8220;Exchange ATM Locator&#8221;<\/li>\n<\/ul>\n<p>Cette application est disponible sur Andro\u00efde, Blackberry et iPhone (non disponible sur les smartphones Windows). L&#8217;application localisera plus de 2 400 guichets automatiques sans frais suppl\u00e9mentaires et affichera les d\u00e9tails incluant\u00a0: disponibilit\u00e9 des d\u00e9p\u00f4ts, heures d\u2019affaires, possibilit\u00e9 de modification de votre NIP, langues disponibles, directions et carte g\u00e9ographique interactive.<\/p>\n<p><strong>Voyager \u00e0 l&#8217;ext\u00e9rieur du Canada<\/strong> : The EXCHANGE (\u00c9tats-Unis), ACCEL\u00ae et les r\u00e9seaux Cirrus\u00ae<\/p>\n<p>Lorsque vous voyagez \u00e0 l&#8217;ext\u00e9rieur du Canada, vous pouvez acc\u00e9der \u00e0 votre argent en recherchant le r\u00e9seau ACCEL POS, The EXCHANGE aux \u00c9tats-Unis ou les logos Cirrus US et logos International Network. Bien que vous puissiez encourir des frais d&#8217;utilisation suppl\u00e9mentaires dans certains cas, ces services pratiques sont en place pour vous fournir un acc\u00e8s instantan\u00e9 \u00e0 votre argent.<\/p>\n<p><strong>\u00a0<\/strong><strong>Comparaison des r\u00e9seaux de guichets\u00a0(Canada)<\/strong><\/p>\n<table width=\"509\">\n<tbody>\n<tr>\n<td style=\"width: 165.262px;\"><strong>\u00a0<\/strong><\/td>\n<td style=\"width: 128.012px;\">\u00a0\u00a0<img decoding=\"async\" class=\"alignnone size-medium wp-image-21047\" src=\"https:\/\/www.caissealliance.com\/wp-content\/uploads\/the-exchange.jpg\" alt=\"\" width=\"241\" height=\"154\" \/><\/td>\n<td style=\"width: 96.4125px;\"><img loading=\"lazy\" decoding=\"async\" class=\"alignnone size-full wp-image-21043\" src=\"https:\/\/www.caissealliance.com\/wp-content\/uploads\/acculink.jpg\" alt=\"\" width=\"142\" height=\"141\" \/><\/td>\n<td style=\"width: 95.3125px;\"><img loading=\"lazy\" decoding=\"async\" class=\"alignnone size-medium wp-image-21045\" src=\"https:\/\/www.caissealliance.com\/wp-content\/uploads\/interact.jpg\" alt=\"\" width=\"117\" height=\"117\" \/><\/td>\n<\/tr>\n<tr>\n<td style=\"width: 165.262px;\"><strong>ATM Network<br \/>\n<\/strong>Cliquez sur le nom du r\u00e9seau pour visionner les emplacements des guichets<\/td>\n<td style=\"width: 128.012px;\"><a href=\"http:\/\/www.the-exchange.ca\/default.aspx?PageID=1042&amp;LangID=en\">THE EXCHANGE\u00ae<\/a><\/td>\n<td style=\"width: 96.4125px;\"><a href=\"http:\/\/locator.cucentral.com\/\">ACCULINK<\/a><\/td>\n<td style=\"width: 95.3125px;\"><a href=\"http:\/\/www.interac.ca\/index.php\/en\/\">INTERAC<\/a><\/td>\n<\/tr>\n<tr>\n<td style=\"width: 165.262px;\"><strong>D\u00e9p\u00f4ts<\/strong><\/td>\n<td style=\"width: 128.012px;\">O<\/td>\n<td style=\"width: 96.4125px;\">O<\/td>\n<td style=\"width: 95.3125px;\"><\/td>\n<\/tr>\n<tr>\n<td style=\"width: 165.262px;\"><strong>Retraits<\/strong><\/td>\n<td style=\"width: 128.012px;\">O<\/td>\n<td style=\"width: 96.4125px;\">O<\/td>\n<td style=\"width: 95.3125px;\">N<\/td>\n<\/tr>\n<tr>\n<td style=\"width: 165.262px;\"><strong>Transferts<\/strong><\/td>\n<td style=\"width: 128.012px;\">O<\/td>\n<td style=\"width: 96.4125px;\">O<\/td>\n<td style=\"width: 95.3125px;\"><\/td>\n<\/tr>\n<tr>\n<td style=\"width: 165.262px;\"><strong>Info solde<\/strong><\/td>\n<td style=\"width: 128.012px;\">O<\/td>\n<td style=\"width: 96.4125px;\">O<\/td>\n<td style=\"width: 95.3125px;\">N*<\/td>\n<\/tr>\n<tr>\n<td style=\"width: 165.262px;\"><strong>Changement du NIP<\/strong><\/td>\n<td style=\"width: 128.012px;\">O<\/td>\n<td style=\"width: 96.4125px;\">O<\/td>\n<td style=\"width: 95.3125px;\"><\/td>\n<\/tr>\n<tr>\n<td style=\"width: 165.262px;\"><strong>Retrait rapide<\/strong><\/td>\n<td style=\"width: 128.012px;\">O<\/td>\n<td style=\"width: 96.4125px;\">O<\/td>\n<td style=\"width: 95.3125px;\"><\/td>\n<\/tr>\n<tr>\n<td style=\"width: 165.262px;\"><strong>\u00c9tendu du r\u00e9seau<\/strong><\/td>\n<td style=\"width: 128.012px;\">Canada<\/td>\n<td style=\"width: 96.4125px;\">Canada<\/td>\n<td style=\"width: 95.3125px;\">Canada<\/td>\n<\/tr>\n<\/tbody>\n<\/table>\n<p><strong>\u00a0<\/strong><\/p>\n<p><strong>Comparaison des r\u00e9seaux (Internationaux)<\/strong><\/p>\n<table style=\"height: 466px; width: 509px;\" width=\"509\">\n<tbody>\n<tr style=\"height: 106px;\">\n<td style=\"width: 150px; height: 106px;\" width=\"146\"><\/td>\n<td style=\"width: 168px; height: 106px;\" width=\"117\"><img loading=\"lazy\" decoding=\"async\" class=\"size-full wp-image-21047 aligncenter\" src=\"https:\/\/www.caissealliance.com\/wp-content\/uploads\/the-exchange.jpg\" alt=\"\" width=\"241\" height=\"154\" \/><\/td>\n<td style=\"width: 98px; height: 106px;\" width=\"87\"><img loading=\"lazy\" decoding=\"async\" class=\" wp-image-21049 aligncenter\" src=\"https:\/\/www.caissealliance.com\/wp-content\/uploads\/cirrus.jpg\" alt=\"\" width=\"74\" height=\"48\" \/><\/td>\n<td style=\"width: 104px; height: 106px;\"><img loading=\"lazy\" decoding=\"async\" class=\"alignnone wp-image-21051\" src=\"https:\/\/www.caissealliance.com\/wp-content\/uploads\/nyce.jpg\" alt=\"\" width=\"99\" height=\"41\" \/><\/td>\n<\/tr>\n<tr style=\"height: 144px;\">\n<td style=\"width: 150px; height: 144px;\" width=\"146\"><strong>ATM Network<br \/>\n<\/strong>Cliquez sur le r\u00e9seau pour visionner les emplacements des guichets<\/td>\n<td style=\"width: 168px; height: 144px;\"><a href=\"https:\/\/www.accelexchange.com\/atmLocator.aspx\">ACCEL\/EXCHANGE\u00ae<\/a><\/td>\n<td style=\"width: 98px; height: 144px;\"><a href=\"http:\/\/www.mastercard.us\/cardholder-services\/atm-locator.html\">Cirrus<\/a><\/td>\n<td style=\"width: 104px; height: 144px;\"><a href=\"http:\/\/www.nyce.net\/consumers\/retailerlist\/popularretailers\/index.htm\">NYCE<\/a><\/td>\n<\/tr>\n<tr style=\"height: 24px;\">\n<td style=\"width: 150px; height: 24px;\" width=\"146\"><strong>D\u00e9p\u00f4ts<\/strong><\/td>\n<td style=\"width: 168px; height: 24px;\"><\/td>\n<td style=\"width: 98px; height: 24px;\"><\/td>\n<td style=\"width: 104px; height: 24px;\"><\/td>\n<\/tr>\n<tr style=\"height: 24px;\">\n<td style=\"width: 150px; height: 24px;\" width=\"146\"><strong>Retraits<\/strong><\/td>\n<td style=\"width: 168px; height: 24px;\">O<\/td>\n<td style=\"width: 98px; height: 24px;\">O<\/td>\n<td style=\"width: 104px; height: 24px;\">O<\/td>\n<\/tr>\n<tr style=\"height: 24px;\">\n<td style=\"width: 150px; height: 24px;\" width=\"146\"><strong>Transferts<\/strong><\/td>\n<td style=\"width: 168px; height: 24px;\"><\/td>\n<td style=\"width: 98px; height: 24px;\"><\/td>\n<td style=\"width: 104px; height: 24px;\"><\/td>\n<\/tr>\n<tr style=\"height: 24px;\">\n<td style=\"width: 150px; height: 24px;\" width=\"146\"><strong>Info solde<\/strong><\/td>\n<td style=\"width: 168px; height: 24px;\"><\/td>\n<td style=\"width: 98px; height: 24px;\">O*<\/td>\n<td style=\"width: 104px; height: 24px;\"><\/td>\n<\/tr>\n<tr style=\"height: 48px;\">\n<td style=\"width: 150px; height: 48px;\" width=\"146\"><strong>Changement de NIP <\/strong><\/td>\n<td style=\"width: 168px; height: 48px;\"><\/td>\n<td style=\"width: 98px; height: 48px;\"><\/td>\n<td style=\"width: 104px; height: 48px;\"><\/td>\n<\/tr>\n<tr style=\"height: 24px;\">\n<td style=\"width: 150px; height: 24px;\" width=\"146\"><strong>Retrait rapide<\/strong><\/td>\n<td style=\"width: 168px; height: 24px;\"><\/td>\n<td style=\"width: 98px; height: 24px;\"><\/td>\n<td style=\"width: 104px; height: 24px;\"><\/td>\n<\/tr>\n<tr style=\"height: 48px;\">\n<td style=\"width: 150px; height: 48px;\" width=\"146\"><strong>\u00c9tendu du r\u00e9seau<\/strong><\/td>\n<td style=\"width: 168px; height: 48px;\">\u00c9tats- Unis<\/td>\n<td style=\"width: 98px; height: 48px;\">International<\/td>\n<td style=\"width: 104px; height: 48px;\">\u00c9tats- Unis<\/td>\n<\/tr>\n<\/tbody>\n<\/table>\n<p class=\"notice\">*Certains re\u00e7us de transaction peuvent contenir des soldes de compte<\/p>\n<p class=\"notice\">\u00aeMEMBER CARD &amp; Design sont des marques de certification d\u00e9pos\u00e9es appartenant \u00e0 la Centrale des caisses de cr\u00e9dit du Canada, utilis\u00e9es sous licence<\/p>\n<p class=\"notice\">\u00aeACCULINK est une marque de commerce d\u00e9pos\u00e9e appartenant \u00e0 la Centrale des caisses de cr\u00e9dit du Canada, utilis\u00e9e sous licence.<\/p>\n<p class=\"notice\">\u00ae THE EXCHANGE est une marque d\u00e9pos\u00e9e de Fiserv Inc., utilis\u00e9e sous licence au Canada par FICANEX Services Limited Partnership<\/p>\n<p class=\"notice\">\u00aeDING FREE &amp; Design sont des marques d\u00e9pos\u00e9es de Central 1 Credit Union, utilis\u00e9es sous licence.<\/p>\n<p class=\"notice\">\u00aeMarque de commerce d&#8217;Interac Inc. Utilis\u00e9e sous licence.<\/p>\n<p class=\"notice\">\u00aeLa marque Cirrus est une marque d\u00e9pos\u00e9e de Mastercard International Incorporated, utilis\u00e9e sous licence<\/p>\n<p>&nbsp;<\/p>\n<p>Partout au Canada, les membres des coop\u00e9ratives de cr\u00e9dit peuvent acc\u00e9der \u00e0 jusqu&#8217;\u00e0 5 226 guichets automatiques sans frais gr\u00e2ce au service partag\u00e9 ACCULINK et au r\u00e9seau THE EXCHANGE*. C&#8217;est un r\u00e9seau de guichets automatiques plus grand que la plupart des grandes banques\u00a0!<\/p>\n<p>\u00ab Ding-free \u00bb signifie que les membres ne paient aucuns frais suppl\u00e9mentaires aux caisses populaires et autres guichets automatiques participants partout au Canada pour les retraits, les d\u00e9p\u00f4ts et les demandes de solde.<\/p>\n<h4><strong>Comment puis-je en trouver un ?<\/strong><\/h4>\n<p>Notre application de localisation gratuite \u00ab\u00a0ding free\u00a0\u00bb, disponible pour les appareils iPhone et Android, facilite la recherche de guichets automatiques sans frais suppl\u00e9mentaires lors de vos d\u00e9placements et affiche le r\u00e9seau de guichets automatiques sans frais disponibles pour votre caisse populaire.<\/p>\n<p><a class=\"bouton-vert-fonce\" href=\"https:\/\/ding-free.ca\/\">https:\/\/ding-free.ca\/<\/a>\u00a0 <a class=\"bouton-vert-fonce\" href=\"https:\/\/ccua.com\/about-credit-unions\/ding-free-atms\/\"><strong>Ding Free ATMs<\/strong><\/a><\/p>\n<p class=\"notice\">*Remarque\u00a0: Toutes les coop\u00e9ratives de cr\u00e9dit ne font pas partie du r\u00e9seau THE EXCHANGE.<\/p>\n<p>&nbsp;<\/p>\n","protected":false},"excerpt":{"rendered":"<p>Les membres voyageant \u00e0 travers le Canada peuvent facilement trouver des guichets automatiques sans frais de surcharge sur les r\u00e9seaux THE EXCHANGE\u00ae et ACCULINK\u00ae. Si vous voyagez au Canada dans l\u2019atlantique, en Ontario ou en Colombie-Britannique, prenez connaissance des informations THE EXCHANGE\u00ae ci-dessous et si vous voyagez en Alberta, en Saskatchewan et au Manitoba, des [&#8230;]<\/p>\n","protected":false},"author":13,"featured_media":0,"parent":0,"menu_order":348,"comment_status":"closed","ping_status":"closed","template":"","meta":{"_acf_changed":false,"_monsterinsights_skip_tracking":false,"_monsterinsights_sitenote_active":false,"_monsterinsights_sitenote_note":"","_monsterinsights_sitenote_category":0,"footnotes":""},"class_list":["post-21039","page","type-page","status-publish","hentry"],"acf":[],"yoast_head":"<!-- This site is optimized with the Yoast SEO plugin v27.5 - https:\/\/yoast.com\/product\/yoast-seo-wordpress\/ -->\n<title>THE EXCHANGE \u00ae et ACCULINK\u00ae | Caisse Alliance<\/title>\n<meta name=\"robots\" content=\"index, follow, max-snippet:-1, max-image-preview:large, max-video-preview:-1\" \/>\n<link rel=\"canonical\" href=\"https:\/\/www.caissealliance.com\/fr\/the-exchangeetacculink\/\" \/>\n<meta property=\"og:locale\" content=\"fr_FR\" \/>\n<meta property=\"og:type\" content=\"article\" \/>\n<meta property=\"og:title\" content=\"THE EXCHANGE \u00ae et ACCULINK\u00ae | Caisse Alliance\" \/>\n<meta property=\"og:description\" content=\"Les membres voyageant \u00e0 travers le Canada peuvent facilement trouver des guichets automatiques sans frais de surcharge sur les r\u00e9seaux THE EXCHANGE\u00ae et ACCULINK\u00ae. Si vous voyagez au Canada dans l\u2019atlantique, en Ontario ou en Colombie-Britannique, prenez connaissance des informations THE EXCHANGE\u00ae ci-dessous et si vous voyagez en Alberta, en Saskatchewan et au Manitoba, des [...]\" \/>\n<meta property=\"og:url\" content=\"https:\/\/www.caissealliance.com\/fr\/the-exchangeetacculink\/\" \/>\n<meta property=\"og:site_name\" content=\"Caisse Alliance\" \/>\n<meta property=\"article:modified_time\" content=\"2025-01-29T21:54:59+00:00\" \/>\n<meta property=\"og:image\" content=\"https:\/\/www.caissealliance.com\/wp-content\/uploads\/acculink.jpg\" \/>\n\t<meta property=\"og:image:width\" content=\"142\" \/>\n\t<meta property=\"og:image:height\" content=\"141\" \/>\n\t<meta property=\"og:image:type\" content=\"image\/jpeg\" \/>\n<meta name=\"twitter:card\" content=\"summary_large_image\" \/>\n<meta name=\"twitter:label1\" content=\"Dur\u00e9e de lecture estim\u00e9e\" \/>\n\t<meta name=\"twitter:data1\" content=\"7 minutes\" \/>\n<script type=\"application\/ld+json\" class=\"yoast-schema-graph\">{\"@context\":\"https:\\\/\\\/schema.org\",\"@graph\":[{\"@type\":\"WebPage\",\"@id\":\"https:\\\/\\\/www.caissealliance.com\\\/fr\\\/the-exchangeetacculink\\\/\",\"url\":\"https:\\\/\\\/www.caissealliance.com\\\/fr\\\/the-exchangeetacculink\\\/\",\"name\":\"THE EXCHANGE \u00ae et ACCULINK\u00ae | Caisse Alliance\",\"isPartOf\":{\"@id\":\"https:\\\/\\\/www.caissealliance.com\\\/fr\\\/#website\"},\"primaryImageOfPage\":{\"@id\":\"https:\\\/\\\/www.caissealliance.com\\\/fr\\\/the-exchangeetacculink\\\/#primaryimage\"},\"image\":{\"@id\":\"https:\\\/\\\/www.caissealliance.com\\\/fr\\\/the-exchangeetacculink\\\/#primaryimage\"},\"thumbnailUrl\":\"https:\\\/\\\/www.caissealliance.com\\\/wp-content\\\/uploads\\\/acculink.jpg\",\"datePublished\":\"2023-08-12T16:57:08+00:00\",\"dateModified\":\"2025-01-29T21:54:59+00:00\",\"breadcrumb\":{\"@id\":\"https:\\\/\\\/www.caissealliance.com\\\/fr\\\/the-exchangeetacculink\\\/#breadcrumb\"},\"inLanguage\":\"fr-FR\",\"potentialAction\":[{\"@type\":\"ReadAction\",\"target\":[\"https:\\\/\\\/www.caissealliance.com\\\/fr\\\/the-exchangeetacculink\\\/\"]}]},{\"@type\":\"ImageObject\",\"inLanguage\":\"fr-FR\",\"@id\":\"https:\\\/\\\/www.caissealliance.com\\\/fr\\\/the-exchangeetacculink\\\/#primaryimage\",\"url\":\"https:\\\/\\\/www.caissealliance.com\\\/wp-content\\\/uploads\\\/acculink.jpg\",\"contentUrl\":\"https:\\\/\\\/www.caissealliance.com\\\/wp-content\\\/uploads\\\/acculink.jpg\"},{\"@type\":\"BreadcrumbList\",\"@id\":\"https:\\\/\\\/www.caissealliance.com\\\/fr\\\/the-exchangeetacculink\\\/#breadcrumb\",\"itemListElement\":[{\"@type\":\"ListItem\",\"position\":1,\"name\":\"Home\",\"item\":\"https:\\\/\\\/www.caissealliance.com\\\/fr\\\/\"},{\"@type\":\"ListItem\",\"position\":2,\"name\":\"THE EXCHANGE \u00ae et ACCULINK\u00ae\"}]},{\"@type\":\"WebSite\",\"@id\":\"https:\\\/\\\/www.caissealliance.com\\\/fr\\\/#website\",\"url\":\"https:\\\/\\\/www.caissealliance.com\\\/fr\\\/\",\"name\":\"Caisse Alliance\",\"description\":\"Site Web de la Caisse Alliance\",\"potentialAction\":[{\"@type\":\"SearchAction\",\"target\":{\"@type\":\"EntryPoint\",\"urlTemplate\":\"https:\\\/\\\/www.caissealliance.com\\\/fr\\\/?s={search_term_string}\"},\"query-input\":{\"@type\":\"PropertyValueSpecification\",\"valueRequired\":true,\"valueName\":\"search_term_string\"}}],\"inLanguage\":\"fr-FR\"}]}<\/script>\n<!-- \/ Yoast SEO plugin. -->","yoast_head_json":{"title":"THE EXCHANGE \u00ae et ACCULINK\u00ae | Caisse Alliance","robots":{"index":"index","follow":"follow","max-snippet":"max-snippet:-1","max-image-preview":"max-image-preview:large","max-video-preview":"max-video-preview:-1"},"canonical":"https:\/\/www.caissealliance.com\/fr\/the-exchangeetacculink\/","og_locale":"fr_FR","og_type":"article","og_title":"THE EXCHANGE \u00ae et ACCULINK\u00ae | Caisse Alliance","og_description":"Les membres voyageant \u00e0 travers le Canada peuvent facilement trouver des guichets automatiques sans frais de surcharge sur les r\u00e9seaux THE EXCHANGE\u00ae et ACCULINK\u00ae. Si vous voyagez au Canada dans l\u2019atlantique, en Ontario ou en Colombie-Britannique, prenez connaissance des informations THE EXCHANGE\u00ae ci-dessous et si vous voyagez en Alberta, en Saskatchewan et au Manitoba, des [...]","og_url":"https:\/\/www.caissealliance.com\/fr\/the-exchangeetacculink\/","og_site_name":"Caisse Alliance","article_modified_time":"2025-01-29T21:54:59+00:00","og_image":[{"width":142,"height":141,"url":"https:\/\/www.caissealliance.com\/wp-content\/uploads\/acculink.jpg","type":"image\/jpeg"}],"twitter_card":"summary_large_image","twitter_misc":{"Dur\u00e9e de lecture estim\u00e9e":"7 minutes"},"schema":{"@context":"https:\/\/schema.org","@graph":[{"@type":"WebPage","@id":"https:\/\/www.caissealliance.com\/fr\/the-exchangeetacculink\/","url":"https:\/\/www.caissealliance.com\/fr\/the-exchangeetacculink\/","name":"THE EXCHANGE \u00ae et ACCULINK\u00ae | Caisse Alliance","isPartOf":{"@id":"https:\/\/www.caissealliance.com\/fr\/#website"},"primaryImageOfPage":{"@id":"https:\/\/www.caissealliance.com\/fr\/the-exchangeetacculink\/#primaryimage"},"image":{"@id":"https:\/\/www.caissealliance.com\/fr\/the-exchangeetacculink\/#primaryimage"},"thumbnailUrl":"https:\/\/www.caissealliance.com\/wp-content\/uploads\/acculink.jpg","datePublished":"2023-08-12T16:57:08+00:00","dateModified":"2025-01-29T21:54:59+00:00","breadcrumb":{"@id":"https:\/\/www.caissealliance.com\/fr\/the-exchangeetacculink\/#breadcrumb"},"inLanguage":"fr-FR","potentialAction":[{"@type":"ReadAction","target":["https:\/\/www.caissealliance.com\/fr\/the-exchangeetacculink\/"]}]},{"@type":"ImageObject","inLanguage":"fr-FR","@id":"https:\/\/www.caissealliance.com\/fr\/the-exchangeetacculink\/#primaryimage","url":"https:\/\/www.caissealliance.com\/wp-content\/uploads\/acculink.jpg","contentUrl":"https:\/\/www.caissealliance.com\/wp-content\/uploads\/acculink.jpg"},{"@type":"BreadcrumbList","@id":"https:\/\/www.caissealliance.com\/fr\/the-exchangeetacculink\/#breadcrumb","itemListElement":[{"@type":"ListItem","position":1,"name":"Home","item":"https:\/\/www.caissealliance.com\/fr\/"},{"@type":"ListItem","position":2,"name":"THE EXCHANGE \u00ae et ACCULINK\u00ae"}]},{"@type":"WebSite","@id":"https:\/\/www.caissealliance.com\/fr\/#website","url":"https:\/\/www.caissealliance.com\/fr\/","name":"Caisse Alliance","description":"Site Web de la Caisse Alliance","potentialAction":[{"@type":"SearchAction","target":{"@type":"EntryPoint","urlTemplate":"https:\/\/www.caissealliance.com\/fr\/?s={search_term_string}"},"query-input":{"@type":"PropertyValueSpecification","valueRequired":true,"valueName":"search_term_string"}}],"inLanguage":"fr-FR"}]}},"publishpress_future_action":{"enabled":false,"date":"2026-05-17 12:04:24","action":"change-status","newStatus":"draft","terms":[],"taxonomy":"section","extraData":[]},"publishpress_future_workflow_manual_trigger":{"enabledWorkflows":[]},"_links":{"self":[{"href":"https:\/\/www.caissealliance.com\/fr\/wp-json\/wp\/v2\/pages\/21039","targetHints":{"allow":["GET"]}}],"collection":[{"href":"https:\/\/www.caissealliance.com\/fr\/wp-json\/wp\/v2\/pages"}],"about":[{"href":"https:\/\/www.caissealliance.com\/fr\/wp-json\/wp\/v2\/types\/page"}],"author":[{"embeddable":true,"href":"https:\/\/www.caissealliance.com\/fr\/wp-json\/wp\/v2\/users\/13"}],"replies":[{"embeddable":true,"href":"https:\/\/www.caissealliance.com\/fr\/wp-json\/wp\/v2\/comments?post=21039"}],"version-history":[{"count":12,"href":"https:\/\/www.caissealliance.com\/fr\/wp-json\/wp\/v2\/pages\/21039\/revisions"}],"predecessor-version":[{"id":30847,"href":"https:\/\/www.caissealliance.com\/fr\/wp-json\/wp\/v2\/pages\/21039\/revisions\/30847"}],"wp:attachment":[{"href":"https:\/\/www.caissealliance.com\/fr\/wp-json\/wp\/v2\/media?parent=21039"}],"curies":[{"name":"wp","href":"https:\/\/api.w.org\/{rel}","templated":true}]}}