{"id":20212,"date":"2023-06-26T10:36:27","date_gmt":"2023-06-26T14:36:27","guid":{"rendered":"https:\/\/www.caissealliance.com\/?page_id=20212"},"modified":"2026-01-30T14:56:46","modified_gmt":"2026-01-30T19:56:46","slug":"fonds-vert","status":"publish","type":"page","link":"https:\/\/www.caissealliance.com\/fr\/ma-caisse\/implication-sociale\/fonds-communautaires-dons-et-commandites\/fonds-vert\/","title":{"rendered":"Fonds vert"},"content":{"rendered":"\t\t<div data-elementor-type=\"wp-page\" data-elementor-id=\"20212\" class=\"elementor elementor-20212\" data-elementor-post-type=\"page\">\n\t\t\t\t<div class=\"elementor-element elementor-element-55b6b64b e-flex e-con-boxed e-con e-parent\" data-id=\"55b6b64b\" data-element_type=\"container\" data-e-type=\"container\">\n\t\t\t\t\t<div class=\"e-con-inner\">\n\t\t\t\t<div class=\"elementor-element elementor-element-73d413c2 elementor-widget elementor-widget-text-editor\" data-id=\"73d413c2\" data-element_type=\"widget\" data-e-type=\"widget\" data-widget_type=\"text-editor.default\">\n\t\t\t\t<div class=\"elementor-widget-container\">\n\t\t\t\t\t\t\t\t\t<h2>Fonds vert<\/h2><p>Depuis l&#8217;inauguration de notre politique et de notre comit\u00e9 de d\u00e9veloppement durable en d\u00e9cembre 2021, la Caisse Alliance d\u00e9sire soutenir financi\u00e8rement les projets et innovations \u00e9cologiques dans nos communaut\u00e9s. Le Fonds vert de la Caisse Alliance donne la chance \u00e0 quiconque dans nos r\u00e9gions de faire une demande d\u2019aide financi\u00e8re afin de mettre sur pied, ou pour investir davantage, dans un projet environnemental.<\/p><p>Un montant de 50 000 $\u00a0sera allou\u00e9 \u00e0 ce fonds tous les ans.<\/p><p>Les organismes demandeurs peuvent faire demande \u00e0 ce fonds d\u00e8s aujourd&#8217;hui.<\/p><p><a role=\"button\" href=\"https:\/\/www.caissealliance.com\/wp-content\/uploads\/Guide-du-demandeur-1.pdf\"><br \/>Guide du demandeur<br \/><\/a><a role=\"button\" href=\"https:\/\/www.caissealliance.com\/fr\/formulaire-de-demande-fonds-vert\/\"><br \/>Remplir et soumettre le formulaire de demande en ligne<br \/><\/a><a role=\"button\" href=\"https:\/\/www.caissealliance.com\/wp-content\/uploads\/Formulaire-de-demande-Fonds-vert-1.pdf\" target=\"_blank\" rel=\"noopener\"><br \/>T\u00e9l\u00e9charger le formulaire de demande<br \/><\/a><\/p><h4>La distribution de ces fonds est sous la responsabilit\u00e9 des membres des comit\u00e9s coop\u00e9ratifs r\u00e9gionaux.\u00a0 Ils sont l\u00e0 pour d\u00e9cider quels projets seront privil\u00e9gi\u00e9s,\u00a0 r\u00e9pondant le plus possible \u00e0 la mission des diff\u00e9rents fonds et aux valeurs de la Caisse.<\/h4><p>Consultez notre politique de d\u00e9velopppement durable :<br \/><div class=\"_df_book df-container df-loading \" id=\"df_20214\"  wpoptions=\"true\" ><\/div><script data-cfasync=\"false\">var option_df_20214 = {\"outline\":[],\"forceFit\":\"true\",\"autoEnableOutline\":\"false\",\"autoEnableThumbnail\":\"false\",\"overwritePDFOutline\":\"false\",\"direction\":\"1\",\"pageMode\":\"0\",\"source\":\"https:\\\/\\\/www.caissealliance.com\\\/wp-content\\\/uploads\\\/Politique-de-developpement-durable-01-2023.pdf\",\"wpOptions\":\"true\"}; if(window.DFLIP && DFLIP.parseBooks){DFLIP.parseBooks();}<\/script><\/p>\t\t\t\t\t\t\t\t<\/div>\n\t\t\t\t<\/div>\n\t\t\t\t\t<\/div>\n\t\t\t\t<\/div>\n\t\t\t\t<\/div>\n\t\t","protected":false},"excerpt":{"rendered":"<p>Depuis l&#8217;inauguration de notre politique et de notre comit\u00e9 de d\u00e9veloppement durable en d\u00e9cembre 2021, la Caisse Alliance d\u00e9sire soutenir financi\u00e8rement les projets et innovations \u00e9cologiques dans nos communaut\u00e9s. Le Fonds vert de la Caisse Alliance donne la chance \u00e0 quiconque dans nos r\u00e9gions de faire une demande d\u2019aide financi\u00e8re afin de mettre sur pied, [&#8230;]<\/p>\n","protected":false},"author":13,"featured_media":17579,"parent":15393,"menu_order":3,"comment_status":"closed","ping_status":"closed","template":"","meta":{"_acf_changed":false,"_monsterinsights_skip_tracking":false,"_monsterinsights_sitenote_active":false,"_monsterinsights_sitenote_note":"","_monsterinsights_sitenote_category":0,"footnotes":""},"class_list":["post-20212","page","type-page","status-publish","has-post-thumbnail","hentry","section-ma-caisse"],"acf":[],"yoast_head":"<!-- This site is optimized with the Yoast SEO plugin v27.3 - https:\/\/yoast.com\/product\/yoast-seo-wordpress\/ -->\n<title>Fonds vert | Caisse Alliance<\/title>\n<meta name=\"robots\" content=\"index, follow, max-snippet:-1, max-image-preview:large, max-video-preview:-1\" \/>\n<link rel=\"canonical\" href=\"https:\/\/www.caissealliance.com\/fr\/ma-caisse\/implication-sociale\/fonds-communautaires-dons-et-commandites\/fonds-vert\/\" \/>\n<meta property=\"og:locale\" content=\"fr_FR\" \/>\n<meta property=\"og:type\" content=\"article\" \/>\n<meta property=\"og:title\" content=\"Fonds vert | Caisse Alliance\" \/>\n<meta property=\"og:description\" content=\"Depuis l&#8217;inauguration de notre politique et de notre comit\u00e9 de d\u00e9veloppement durable en d\u00e9cembre 2021, la Caisse Alliance d\u00e9sire soutenir financi\u00e8rement les projets et innovations \u00e9cologiques dans nos communaut\u00e9s. Le Fonds vert de la Caisse Alliance donne la chance \u00e0 quiconque dans nos r\u00e9gions de faire une demande d\u2019aide financi\u00e8re afin de mettre sur pied, [...]\" \/>\n<meta property=\"og:url\" content=\"https:\/\/www.caissealliance.com\/fr\/ma-caisse\/implication-sociale\/fonds-communautaires-dons-et-commandites\/fonds-vert\/\" \/>\n<meta property=\"og:site_name\" content=\"Caisse Alliance\" \/>\n<meta property=\"article:modified_time\" content=\"2026-01-30T19:56:46+00:00\" \/>\n<meta property=\"og:image\" content=\"https:\/\/www.caissealliance.com\/wp-content\/uploads\/Slidder-fonds-vert-scaled.jpg\" \/>\n\t<meta property=\"og:image:width\" content=\"2560\" \/>\n\t<meta property=\"og:image:height\" content=\"874\" \/>\n\t<meta property=\"og:image:type\" content=\"image\/jpeg\" \/>\n<meta name=\"twitter:card\" content=\"summary_large_image\" \/>\n<meta name=\"twitter:label1\" content=\"Dur\u00e9e de lecture estim\u00e9e\" \/>\n\t<meta name=\"twitter:data1\" content=\"1 minute\" \/>\n<script type=\"application\/ld+json\" class=\"yoast-schema-graph\">{\"@context\":\"https:\\\/\\\/schema.org\",\"@graph\":[{\"@type\":\"WebPage\",\"@id\":\"https:\\\/\\\/www.caissealliance.com\\\/fr\\\/ma-caisse\\\/implication-sociale\\\/fonds-communautaires-dons-et-commandites\\\/fonds-vert\\\/\",\"url\":\"https:\\\/\\\/www.caissealliance.com\\\/fr\\\/ma-caisse\\\/implication-sociale\\\/fonds-communautaires-dons-et-commandites\\\/fonds-vert\\\/\",\"name\":\"Fonds vert | Caisse Alliance\",\"isPartOf\":{\"@id\":\"https:\\\/\\\/www.caissealliance.com\\\/fr\\\/#website\"},\"primaryImageOfPage\":{\"@id\":\"https:\\\/\\\/www.caissealliance.com\\\/fr\\\/ma-caisse\\\/implication-sociale\\\/fonds-communautaires-dons-et-commandites\\\/fonds-vert\\\/#primaryimage\"},\"image\":{\"@id\":\"https:\\\/\\\/www.caissealliance.com\\\/fr\\\/ma-caisse\\\/implication-sociale\\\/fonds-communautaires-dons-et-commandites\\\/fonds-vert\\\/#primaryimage\"},\"thumbnailUrl\":\"https:\\\/\\\/www.caissealliance.com\\\/wp-content\\\/uploads\\\/Slidder-fonds-vert-scaled.jpg\",\"datePublished\":\"2023-06-26T14:36:27+00:00\",\"dateModified\":\"2026-01-30T19:56:46+00:00\",\"breadcrumb\":{\"@id\":\"https:\\\/\\\/www.caissealliance.com\\\/fr\\\/ma-caisse\\\/implication-sociale\\\/fonds-communautaires-dons-et-commandites\\\/fonds-vert\\\/#breadcrumb\"},\"inLanguage\":\"fr-FR\",\"potentialAction\":[{\"@type\":\"ReadAction\",\"target\":[\"https:\\\/\\\/www.caissealliance.com\\\/fr\\\/ma-caisse\\\/implication-sociale\\\/fonds-communautaires-dons-et-commandites\\\/fonds-vert\\\/\"]}]},{\"@type\":\"ImageObject\",\"inLanguage\":\"fr-FR\",\"@id\":\"https:\\\/\\\/www.caissealliance.com\\\/fr\\\/ma-caisse\\\/implication-sociale\\\/fonds-communautaires-dons-et-commandites\\\/fonds-vert\\\/#primaryimage\",\"url\":\"https:\\\/\\\/www.caissealliance.com\\\/wp-content\\\/uploads\\\/Slidder-fonds-vert-scaled.jpg\",\"contentUrl\":\"https:\\\/\\\/www.caissealliance.com\\\/wp-content\\\/uploads\\\/Slidder-fonds-vert-scaled.jpg\",\"width\":2560,\"height\":874,\"caption\":\"Eco friendly, green company culture concept. Carbon neutral and net zero target. Sustainable enviroment and business. Build green community. Hand holds wooden cubes with eco globe on grey background.\"},{\"@type\":\"BreadcrumbList\",\"@id\":\"https:\\\/\\\/www.caissealliance.com\\\/fr\\\/ma-caisse\\\/implication-sociale\\\/fonds-communautaires-dons-et-commandites\\\/fonds-vert\\\/#breadcrumb\",\"itemListElement\":[{\"@type\":\"ListItem\",\"position\":1,\"name\":\"Home\",\"item\":\"https:\\\/\\\/www.caissealliance.com\\\/fr\\\/\"},{\"@type\":\"ListItem\",\"position\":2,\"name\":\"Ma Caisse\",\"item\":\"https:\\\/\\\/www.caissealliance.com\\\/fr\\\/ma-caisse\\\/\"},{\"@type\":\"ListItem\",\"position\":3,\"name\":\"Implication sociale\",\"item\":\"https:\\\/\\\/www.caissealliance.com\\\/fr\\\/ma-caisse\\\/implication-sociale\\\/\"},{\"@type\":\"ListItem\",\"position\":4,\"name\":\"Fonds communautaires, dons et commandites\",\"item\":\"https:\\\/\\\/www.caissealliance.com\\\/fr\\\/ma-caisse\\\/implication-sociale\\\/fonds-communautaires-dons-et-commandites\\\/\"},{\"@type\":\"ListItem\",\"position\":5,\"name\":\"Fonds vert\"}]},{\"@type\":\"WebSite\",\"@id\":\"https:\\\/\\\/www.caissealliance.com\\\/fr\\\/#website\",\"url\":\"https:\\\/\\\/www.caissealliance.com\\\/fr\\\/\",\"name\":\"Caisse Alliance\",\"description\":\"Site Web de la Caisse Alliance\",\"potentialAction\":[{\"@type\":\"SearchAction\",\"target\":{\"@type\":\"EntryPoint\",\"urlTemplate\":\"https:\\\/\\\/www.caissealliance.com\\\/fr\\\/?s={search_term_string}\"},\"query-input\":{\"@type\":\"PropertyValueSpecification\",\"valueRequired\":true,\"valueName\":\"search_term_string\"}}],\"inLanguage\":\"fr-FR\"}]}<\/script>\n<!-- \/ Yoast SEO plugin. -->","yoast_head_json":{"title":"Fonds vert | Caisse Alliance","robots":{"index":"index","follow":"follow","max-snippet":"max-snippet:-1","max-image-preview":"max-image-preview:large","max-video-preview":"max-video-preview:-1"},"canonical":"https:\/\/www.caissealliance.com\/fr\/ma-caisse\/implication-sociale\/fonds-communautaires-dons-et-commandites\/fonds-vert\/","og_locale":"fr_FR","og_type":"article","og_title":"Fonds vert | Caisse Alliance","og_description":"Depuis l&#8217;inauguration de notre politique et de notre comit\u00e9 de d\u00e9veloppement durable en d\u00e9cembre 2021, la Caisse Alliance d\u00e9sire soutenir financi\u00e8rement les projets et innovations \u00e9cologiques dans nos communaut\u00e9s. Le Fonds vert de la Caisse Alliance donne la chance \u00e0 quiconque dans nos r\u00e9gions de faire une demande d\u2019aide financi\u00e8re afin de mettre sur pied, [...]","og_url":"https:\/\/www.caissealliance.com\/fr\/ma-caisse\/implication-sociale\/fonds-communautaires-dons-et-commandites\/fonds-vert\/","og_site_name":"Caisse Alliance","article_modified_time":"2026-01-30T19:56:46+00:00","og_image":[{"width":2560,"height":874,"url":"https:\/\/www.caissealliance.com\/wp-content\/uploads\/Slidder-fonds-vert-scaled.jpg","type":"image\/jpeg"}],"twitter_card":"summary_large_image","twitter_misc":{"Dur\u00e9e de lecture estim\u00e9e":"1 minute"},"schema":{"@context":"https:\/\/schema.org","@graph":[{"@type":"WebPage","@id":"https:\/\/www.caissealliance.com\/fr\/ma-caisse\/implication-sociale\/fonds-communautaires-dons-et-commandites\/fonds-vert\/","url":"https:\/\/www.caissealliance.com\/fr\/ma-caisse\/implication-sociale\/fonds-communautaires-dons-et-commandites\/fonds-vert\/","name":"Fonds vert | Caisse Alliance","isPartOf":{"@id":"https:\/\/www.caissealliance.com\/fr\/#website"},"primaryImageOfPage":{"@id":"https:\/\/www.caissealliance.com\/fr\/ma-caisse\/implication-sociale\/fonds-communautaires-dons-et-commandites\/fonds-vert\/#primaryimage"},"image":{"@id":"https:\/\/www.caissealliance.com\/fr\/ma-caisse\/implication-sociale\/fonds-communautaires-dons-et-commandites\/fonds-vert\/#primaryimage"},"thumbnailUrl":"https:\/\/www.caissealliance.com\/wp-content\/uploads\/Slidder-fonds-vert-scaled.jpg","datePublished":"2023-06-26T14:36:27+00:00","dateModified":"2026-01-30T19:56:46+00:00","breadcrumb":{"@id":"https:\/\/www.caissealliance.com\/fr\/ma-caisse\/implication-sociale\/fonds-communautaires-dons-et-commandites\/fonds-vert\/#breadcrumb"},"inLanguage":"fr-FR","potentialAction":[{"@type":"ReadAction","target":["https:\/\/www.caissealliance.com\/fr\/ma-caisse\/implication-sociale\/fonds-communautaires-dons-et-commandites\/fonds-vert\/"]}]},{"@type":"ImageObject","inLanguage":"fr-FR","@id":"https:\/\/www.caissealliance.com\/fr\/ma-caisse\/implication-sociale\/fonds-communautaires-dons-et-commandites\/fonds-vert\/#primaryimage","url":"https:\/\/www.caissealliance.com\/wp-content\/uploads\/Slidder-fonds-vert-scaled.jpg","contentUrl":"https:\/\/www.caissealliance.com\/wp-content\/uploads\/Slidder-fonds-vert-scaled.jpg","width":2560,"height":874,"caption":"Eco friendly, green company culture concept. Carbon neutral and net zero target. Sustainable enviroment and business. Build green community. Hand holds wooden cubes with eco globe on grey background."},{"@type":"BreadcrumbList","@id":"https:\/\/www.caissealliance.com\/fr\/ma-caisse\/implication-sociale\/fonds-communautaires-dons-et-commandites\/fonds-vert\/#breadcrumb","itemListElement":[{"@type":"ListItem","position":1,"name":"Home","item":"https:\/\/www.caissealliance.com\/fr\/"},{"@type":"ListItem","position":2,"name":"Ma Caisse","item":"https:\/\/www.caissealliance.com\/fr\/ma-caisse\/"},{"@type":"ListItem","position":3,"name":"Implication sociale","item":"https:\/\/www.caissealliance.com\/fr\/ma-caisse\/implication-sociale\/"},{"@type":"ListItem","position":4,"name":"Fonds communautaires, dons et commandites","item":"https:\/\/www.caissealliance.com\/fr\/ma-caisse\/implication-sociale\/fonds-communautaires-dons-et-commandites\/"},{"@type":"ListItem","position":5,"name":"Fonds vert"}]},{"@type":"WebSite","@id":"https:\/\/www.caissealliance.com\/fr\/#website","url":"https:\/\/www.caissealliance.com\/fr\/","name":"Caisse Alliance","description":"Site Web de la Caisse Alliance","potentialAction":[{"@type":"SearchAction","target":{"@type":"EntryPoint","urlTemplate":"https:\/\/www.caissealliance.com\/fr\/?s={search_term_string}"},"query-input":{"@type":"PropertyValueSpecification","valueRequired":true,"valueName":"search_term_string"}}],"inLanguage":"fr-FR"}]}},"publishpress_future_action":{"enabled":false,"date":"2026-04-23 11:21:43","action":"change-status","newStatus":"draft","terms":[],"taxonomy":"section","extraData":[]},"publishpress_future_workflow_manual_trigger":{"enabledWorkflows":[]},"_links":{"self":[{"href":"https:\/\/www.caissealliance.com\/fr\/wp-json\/wp\/v2\/pages\/20212","targetHints":{"allow":["GET"]}}],"collection":[{"href":"https:\/\/www.caissealliance.com\/fr\/wp-json\/wp\/v2\/pages"}],"about":[{"href":"https:\/\/www.caissealliance.com\/fr\/wp-json\/wp\/v2\/types\/page"}],"author":[{"embeddable":true,"href":"https:\/\/www.caissealliance.com\/fr\/wp-json\/wp\/v2\/users\/13"}],"replies":[{"embeddable":true,"href":"https:\/\/www.caissealliance.com\/fr\/wp-json\/wp\/v2\/comments?post=20212"}],"version-history":[{"count":35,"href":"https:\/\/www.caissealliance.com\/fr\/wp-json\/wp\/v2\/pages\/20212\/revisions"}],"predecessor-version":[{"id":35873,"href":"https:\/\/www.caissealliance.com\/fr\/wp-json\/wp\/v2\/pages\/20212\/revisions\/35873"}],"up":[{"embeddable":true,"href":"https:\/\/www.caissealliance.com\/fr\/wp-json\/wp\/v2\/pages\/15393"}],"wp:featuredmedia":[{"embeddable":true,"href":"https:\/\/www.caissealliance.com\/fr\/wp-json\/wp\/v2\/media\/17579"}],"wp:attachment":[{"href":"https:\/\/www.caissealliance.com\/fr\/wp-json\/wp\/v2\/media?parent=20212"}],"curies":[{"name":"wp","href":"https:\/\/api.w.org\/{rel}","templated":true}]}}