{"id":20206,"date":"2023-06-26T10:33:39","date_gmt":"2023-06-26T14:33:39","guid":{"rendered":"https:\/\/www.caissealliance.com\/?page_id=20206"},"modified":"2024-11-08T15:00:53","modified_gmt":"2024-11-08T20:00:53","slug":"fonds-de-la-caisse-alliance","status":"publish","type":"page","link":"https:\/\/www.caissealliance.com\/fr\/ma-caisse\/implication-sociale\/fonds-communautaires-dons-et-commandites\/fonds-de-la-caisse-alliance\/","title":{"rendered":"Fonds de la Caisse Alliance"},"content":{"rendered":"<h2>Fonds de la Caisse Alliance<\/h2>\n<p>Le mandat du Fonds de la Caisse Alliance (Fonds) est de participer \u00e0 la r\u00e9alisation de projets structurants ayant un impact communautaire positif \u00e0 long terme pour un maximum de personnes. Une contribution financi\u00e8re est accord\u00e9e par le Fonds \u00e0 un groupe, un organisme ou une association sans but lucratif, dans le but de r\u00e9aliser un projet communautaire structurant.<\/p>\n<p>Puisque le Fonds vise \u00e0 avoir un impact significatif dans la r\u00e9alisation de projets structurants, il favorisera les projets demandant une contribution du Fonds de 10 000 $ ou plus. Les projets qui requi\u00e8rent des sommes inf\u00e9rieures \u00e0 10 000 $ devraient habituellement pr\u00e9senter une demande de dons directement \u00e0 leur centre de services.<\/p>\n<p>Les organismes demandeurs peuvent faire demande \u00e0 ce fonds d\u00e8s aujourd&#8217;hui.<\/p>\n<p><a role=\"button\" href=\"https:\/\/www.caissealliance.com\/wp-content\/uploads\/Guide-du-demandeur.pdf\"><br \/>\nGuide du demandeur<br \/>\n<\/a><br \/>\n<a role=\"button\" href=\"https:\/\/www.caissealliance.com\/fr\/formulaire-de-demande-fonds-de-la-caisse-alliance\/\"><br \/>\nRemplir et soumettre le formulaire de demande en ligne<br \/>\n<\/a><br \/>\n<a role=\"button\" href=\"https:\/\/www.caissealliance.com\/wp-content\/uploads\/Formulaire-de-demande-Fonds-de-la-Caisse-Alliance-FR.pdf\"><br \/>\nT\u00e9l\u00e9charger le formulaire de demande<\/a><\/p>\n<p>&nbsp;<\/p>\n<h4>La distribution de ces fonds est sous la responsabilit\u00e9 des membres des comit\u00e9s coop\u00e9ratifs r\u00e9gionaux.\u00a0 Ils sont l\u00e0 pour d\u00e9cider quels projets seront privil\u00e9gi\u00e9s,\u00a0 r\u00e9pondant le plus possible \u00e0 la mission des diff\u00e9rents fonds et aux valeurs de la Caisse.<\/h4>\n","protected":false},"excerpt":{"rendered":"<p>Le mandat du Fonds de la Caisse Alliance (Fonds) est de participer \u00e0 la r\u00e9alisation de projets structurants ayant un impact communautaire positif \u00e0 long terme pour un maximum de personnes. Une contribution financi\u00e8re est accord\u00e9e par le Fonds \u00e0 un groupe, un organisme ou une association sans but lucratif, dans le but de r\u00e9aliser [&#8230;]<\/p>\n","protected":false},"author":13,"featured_media":16288,"parent":15393,"menu_order":2,"comment_status":"closed","ping_status":"closed","template":"","meta":{"_acf_changed":false,"_monsterinsights_skip_tracking":false,"_monsterinsights_sitenote_active":false,"_monsterinsights_sitenote_note":"","_monsterinsights_sitenote_category":0,"footnotes":""},"class_list":["post-20206","page","type-page","status-publish","has-post-thumbnail","hentry","section-ma-caisse"],"acf":[],"yoast_head":"<!-- This site is optimized with the Yoast SEO plugin v27.3 - https:\/\/yoast.com\/product\/yoast-seo-wordpress\/ -->\n<title>Fonds de la Caisse Alliance | Caisse Alliance<\/title>\n<meta name=\"robots\" content=\"index, follow, max-snippet:-1, max-image-preview:large, max-video-preview:-1\" \/>\n<link rel=\"canonical\" href=\"https:\/\/www.caissealliance.com\/fr\/ma-caisse\/implication-sociale\/fonds-communautaires-dons-et-commandites\/fonds-de-la-caisse-alliance\/\" \/>\n<meta property=\"og:locale\" content=\"fr_FR\" \/>\n<meta property=\"og:type\" content=\"article\" \/>\n<meta property=\"og:title\" content=\"Fonds de la Caisse Alliance | Caisse Alliance\" \/>\n<meta property=\"og:description\" content=\"Le mandat du Fonds de la Caisse Alliance (Fonds) est de participer \u00e0 la r\u00e9alisation de projets structurants ayant un impact communautaire positif \u00e0 long terme pour un maximum de personnes. Une contribution financi\u00e8re est accord\u00e9e par le Fonds \u00e0 un groupe, un organisme ou une association sans but lucratif, dans le but de r\u00e9aliser [...]\" \/>\n<meta property=\"og:url\" content=\"https:\/\/www.caissealliance.com\/fr\/ma-caisse\/implication-sociale\/fonds-communautaires-dons-et-commandites\/fonds-de-la-caisse-alliance\/\" \/>\n<meta property=\"og:site_name\" content=\"Caisse Alliance\" \/>\n<meta property=\"article:modified_time\" content=\"2024-11-08T20:00:53+00:00\" \/>\n<meta property=\"og:image\" content=\"https:\/\/www.caissealliance.com\/wp-content\/uploads\/hands.jpg\" \/>\n\t<meta property=\"og:image:width\" content=\"613\" \/>\n\t<meta property=\"og:image:height\" content=\"483\" \/>\n\t<meta property=\"og:image:type\" content=\"image\/jpeg\" \/>\n<meta name=\"twitter:card\" content=\"summary_large_image\" \/>\n<meta name=\"twitter:label1\" content=\"Dur\u00e9e de lecture estim\u00e9e\" \/>\n\t<meta name=\"twitter:data1\" content=\"1 minute\" \/>\n<script type=\"application\/ld+json\" class=\"yoast-schema-graph\">{\"@context\":\"https:\\\/\\\/schema.org\",\"@graph\":[{\"@type\":\"WebPage\",\"@id\":\"https:\\\/\\\/www.caissealliance.com\\\/fr\\\/ma-caisse\\\/implication-sociale\\\/fonds-communautaires-dons-et-commandites\\\/fonds-de-la-caisse-alliance\\\/\",\"url\":\"https:\\\/\\\/www.caissealliance.com\\\/fr\\\/ma-caisse\\\/implication-sociale\\\/fonds-communautaires-dons-et-commandites\\\/fonds-de-la-caisse-alliance\\\/\",\"name\":\"Fonds de la Caisse Alliance | Caisse Alliance\",\"isPartOf\":{\"@id\":\"https:\\\/\\\/www.caissealliance.com\\\/fr\\\/#website\"},\"primaryImageOfPage\":{\"@id\":\"https:\\\/\\\/www.caissealliance.com\\\/fr\\\/ma-caisse\\\/implication-sociale\\\/fonds-communautaires-dons-et-commandites\\\/fonds-de-la-caisse-alliance\\\/#primaryimage\"},\"image\":{\"@id\":\"https:\\\/\\\/www.caissealliance.com\\\/fr\\\/ma-caisse\\\/implication-sociale\\\/fonds-communautaires-dons-et-commandites\\\/fonds-de-la-caisse-alliance\\\/#primaryimage\"},\"thumbnailUrl\":\"https:\\\/\\\/www.caissealliance.com\\\/wp-content\\\/uploads\\\/hands.jpg\",\"datePublished\":\"2023-06-26T14:33:39+00:00\",\"dateModified\":\"2024-11-08T20:00:53+00:00\",\"breadcrumb\":{\"@id\":\"https:\\\/\\\/www.caissealliance.com\\\/fr\\\/ma-caisse\\\/implication-sociale\\\/fonds-communautaires-dons-et-commandites\\\/fonds-de-la-caisse-alliance\\\/#breadcrumb\"},\"inLanguage\":\"fr-FR\",\"potentialAction\":[{\"@type\":\"ReadAction\",\"target\":[\"https:\\\/\\\/www.caissealliance.com\\\/fr\\\/ma-caisse\\\/implication-sociale\\\/fonds-communautaires-dons-et-commandites\\\/fonds-de-la-caisse-alliance\\\/\"]}]},{\"@type\":\"ImageObject\",\"inLanguage\":\"fr-FR\",\"@id\":\"https:\\\/\\\/www.caissealliance.com\\\/fr\\\/ma-caisse\\\/implication-sociale\\\/fonds-communautaires-dons-et-commandites\\\/fonds-de-la-caisse-alliance\\\/#primaryimage\",\"url\":\"https:\\\/\\\/www.caissealliance.com\\\/wp-content\\\/uploads\\\/hands.jpg\",\"contentUrl\":\"https:\\\/\\\/www.caissealliance.com\\\/wp-content\\\/uploads\\\/hands.jpg\",\"width\":613,\"height\":483},{\"@type\":\"BreadcrumbList\",\"@id\":\"https:\\\/\\\/www.caissealliance.com\\\/fr\\\/ma-caisse\\\/implication-sociale\\\/fonds-communautaires-dons-et-commandites\\\/fonds-de-la-caisse-alliance\\\/#breadcrumb\",\"itemListElement\":[{\"@type\":\"ListItem\",\"position\":1,\"name\":\"Home\",\"item\":\"https:\\\/\\\/www.caissealliance.com\\\/fr\\\/\"},{\"@type\":\"ListItem\",\"position\":2,\"name\":\"Ma Caisse\",\"item\":\"https:\\\/\\\/www.caissealliance.com\\\/fr\\\/ma-caisse\\\/\"},{\"@type\":\"ListItem\",\"position\":3,\"name\":\"Implication sociale\",\"item\":\"https:\\\/\\\/www.caissealliance.com\\\/fr\\\/ma-caisse\\\/implication-sociale\\\/\"},{\"@type\":\"ListItem\",\"position\":4,\"name\":\"Fonds communautaires, dons et commandites\",\"item\":\"https:\\\/\\\/www.caissealliance.com\\\/fr\\\/ma-caisse\\\/implication-sociale\\\/fonds-communautaires-dons-et-commandites\\\/\"},{\"@type\":\"ListItem\",\"position\":5,\"name\":\"Fonds de la Caisse Alliance\"}]},{\"@type\":\"WebSite\",\"@id\":\"https:\\\/\\\/www.caissealliance.com\\\/fr\\\/#website\",\"url\":\"https:\\\/\\\/www.caissealliance.com\\\/fr\\\/\",\"name\":\"Caisse Alliance\",\"description\":\"Site Web de la Caisse Alliance\",\"potentialAction\":[{\"@type\":\"SearchAction\",\"target\":{\"@type\":\"EntryPoint\",\"urlTemplate\":\"https:\\\/\\\/www.caissealliance.com\\\/fr\\\/?s={search_term_string}\"},\"query-input\":{\"@type\":\"PropertyValueSpecification\",\"valueRequired\":true,\"valueName\":\"search_term_string\"}}],\"inLanguage\":\"fr-FR\"}]}<\/script>\n<!-- \/ Yoast SEO plugin. -->","yoast_head_json":{"title":"Fonds de la Caisse Alliance | Caisse Alliance","robots":{"index":"index","follow":"follow","max-snippet":"max-snippet:-1","max-image-preview":"max-image-preview:large","max-video-preview":"max-video-preview:-1"},"canonical":"https:\/\/www.caissealliance.com\/fr\/ma-caisse\/implication-sociale\/fonds-communautaires-dons-et-commandites\/fonds-de-la-caisse-alliance\/","og_locale":"fr_FR","og_type":"article","og_title":"Fonds de la Caisse Alliance | Caisse Alliance","og_description":"Le mandat du Fonds de la Caisse Alliance (Fonds) est de participer \u00e0 la r\u00e9alisation de projets structurants ayant un impact communautaire positif \u00e0 long terme pour un maximum de personnes. Une contribution financi\u00e8re est accord\u00e9e par le Fonds \u00e0 un groupe, un organisme ou une association sans but lucratif, dans le but de r\u00e9aliser [...]","og_url":"https:\/\/www.caissealliance.com\/fr\/ma-caisse\/implication-sociale\/fonds-communautaires-dons-et-commandites\/fonds-de-la-caisse-alliance\/","og_site_name":"Caisse Alliance","article_modified_time":"2024-11-08T20:00:53+00:00","og_image":[{"width":613,"height":483,"url":"https:\/\/www.caissealliance.com\/wp-content\/uploads\/hands.jpg","type":"image\/jpeg"}],"twitter_card":"summary_large_image","twitter_misc":{"Dur\u00e9e de lecture estim\u00e9e":"1 minute"},"schema":{"@context":"https:\/\/schema.org","@graph":[{"@type":"WebPage","@id":"https:\/\/www.caissealliance.com\/fr\/ma-caisse\/implication-sociale\/fonds-communautaires-dons-et-commandites\/fonds-de-la-caisse-alliance\/","url":"https:\/\/www.caissealliance.com\/fr\/ma-caisse\/implication-sociale\/fonds-communautaires-dons-et-commandites\/fonds-de-la-caisse-alliance\/","name":"Fonds de la Caisse Alliance | Caisse Alliance","isPartOf":{"@id":"https:\/\/www.caissealliance.com\/fr\/#website"},"primaryImageOfPage":{"@id":"https:\/\/www.caissealliance.com\/fr\/ma-caisse\/implication-sociale\/fonds-communautaires-dons-et-commandites\/fonds-de-la-caisse-alliance\/#primaryimage"},"image":{"@id":"https:\/\/www.caissealliance.com\/fr\/ma-caisse\/implication-sociale\/fonds-communautaires-dons-et-commandites\/fonds-de-la-caisse-alliance\/#primaryimage"},"thumbnailUrl":"https:\/\/www.caissealliance.com\/wp-content\/uploads\/hands.jpg","datePublished":"2023-06-26T14:33:39+00:00","dateModified":"2024-11-08T20:00:53+00:00","breadcrumb":{"@id":"https:\/\/www.caissealliance.com\/fr\/ma-caisse\/implication-sociale\/fonds-communautaires-dons-et-commandites\/fonds-de-la-caisse-alliance\/#breadcrumb"},"inLanguage":"fr-FR","potentialAction":[{"@type":"ReadAction","target":["https:\/\/www.caissealliance.com\/fr\/ma-caisse\/implication-sociale\/fonds-communautaires-dons-et-commandites\/fonds-de-la-caisse-alliance\/"]}]},{"@type":"ImageObject","inLanguage":"fr-FR","@id":"https:\/\/www.caissealliance.com\/fr\/ma-caisse\/implication-sociale\/fonds-communautaires-dons-et-commandites\/fonds-de-la-caisse-alliance\/#primaryimage","url":"https:\/\/www.caissealliance.com\/wp-content\/uploads\/hands.jpg","contentUrl":"https:\/\/www.caissealliance.com\/wp-content\/uploads\/hands.jpg","width":613,"height":483},{"@type":"BreadcrumbList","@id":"https:\/\/www.caissealliance.com\/fr\/ma-caisse\/implication-sociale\/fonds-communautaires-dons-et-commandites\/fonds-de-la-caisse-alliance\/#breadcrumb","itemListElement":[{"@type":"ListItem","position":1,"name":"Home","item":"https:\/\/www.caissealliance.com\/fr\/"},{"@type":"ListItem","position":2,"name":"Ma Caisse","item":"https:\/\/www.caissealliance.com\/fr\/ma-caisse\/"},{"@type":"ListItem","position":3,"name":"Implication sociale","item":"https:\/\/www.caissealliance.com\/fr\/ma-caisse\/implication-sociale\/"},{"@type":"ListItem","position":4,"name":"Fonds communautaires, dons et commandites","item":"https:\/\/www.caissealliance.com\/fr\/ma-caisse\/implication-sociale\/fonds-communautaires-dons-et-commandites\/"},{"@type":"ListItem","position":5,"name":"Fonds de la Caisse Alliance"}]},{"@type":"WebSite","@id":"https:\/\/www.caissealliance.com\/fr\/#website","url":"https:\/\/www.caissealliance.com\/fr\/","name":"Caisse Alliance","description":"Site Web de la Caisse Alliance","potentialAction":[{"@type":"SearchAction","target":{"@type":"EntryPoint","urlTemplate":"https:\/\/www.caissealliance.com\/fr\/?s={search_term_string}"},"query-input":{"@type":"PropertyValueSpecification","valueRequired":true,"valueName":"search_term_string"}}],"inLanguage":"fr-FR"}]}},"publishpress_future_action":{"enabled":false,"date":"2026-04-23 11:22:01","action":"change-status","newStatus":"draft","terms":[],"taxonomy":"section","extraData":[]},"publishpress_future_workflow_manual_trigger":{"enabledWorkflows":[]},"_links":{"self":[{"href":"https:\/\/www.caissealliance.com\/fr\/wp-json\/wp\/v2\/pages\/20206","targetHints":{"allow":["GET"]}}],"collection":[{"href":"https:\/\/www.caissealliance.com\/fr\/wp-json\/wp\/v2\/pages"}],"about":[{"href":"https:\/\/www.caissealliance.com\/fr\/wp-json\/wp\/v2\/types\/page"}],"author":[{"embeddable":true,"href":"https:\/\/www.caissealliance.com\/fr\/wp-json\/wp\/v2\/users\/13"}],"replies":[{"embeddable":true,"href":"https:\/\/www.caissealliance.com\/fr\/wp-json\/wp\/v2\/comments?post=20206"}],"version-history":[{"count":3,"href":"https:\/\/www.caissealliance.com\/fr\/wp-json\/wp\/v2\/pages\/20206\/revisions"}],"predecessor-version":[{"id":26093,"href":"https:\/\/www.caissealliance.com\/fr\/wp-json\/wp\/v2\/pages\/20206\/revisions\/26093"}],"up":[{"embeddable":true,"href":"https:\/\/www.caissealliance.com\/fr\/wp-json\/wp\/v2\/pages\/15393"}],"wp:featuredmedia":[{"embeddable":true,"href":"https:\/\/www.caissealliance.com\/fr\/wp-json\/wp\/v2\/media\/16288"}],"wp:attachment":[{"href":"https:\/\/www.caissealliance.com\/fr\/wp-json\/wp\/v2\/media?parent=20206"}],"curies":[{"name":"wp","href":"https:\/\/api.w.org\/{rel}","templated":true}]}}