{"id":20020,"date":"2023-06-22T11:45:45","date_gmt":"2023-06-22T15:45:45","guid":{"rendered":"https:\/\/www.caissealliance.com\/?page_id=20020"},"modified":"2025-11-10T14:36:38","modified_gmt":"2025-11-10T19:36:38","slug":"allia","status":"publish","type":"page","link":"https:\/\/www.caissealliance.com\/fr\/allia\/","title":{"rendered":"Allia"},"content":{"rendered":"<h2 id=\"avis-importants\"><strong>AVIS IMPORTANTS<\/strong><\/h2>\n<p>Vous pouvez consulter nos avis r\u00e9cents et nos mises \u00e0 jour importantes concernant nos produits, nos services et les services bancaires en ligne Allia.<\/p>\n<p>Restez inform\u00e9 des travaux de maintenance pr\u00e9vus, des mises \u00e0 jour et des autres annonces susceptibles d&#8217;avoir une incidence sur votre exp\u00e9rience en tant que membre.<\/p>\n<p>&nbsp;<\/p>\n","protected":false},"excerpt":{"rendered":"<p>Vous pouvez consulter nos avis r\u00e9cents et nos mises \u00e0 jour importantes concernant nos produits, nos services et les services bancaires en ligne Allia. Restez inform\u00e9 des travaux de maintenance pr\u00e9vus, des mises \u00e0 jour et des autres annonces susceptibles d&#8217;avoir une incidence sur votre exp\u00e9rience en tant que membre. &nbsp;<\/p>\n","protected":false},"author":1,"featured_media":0,"parent":0,"menu_order":282,"comment_status":"closed","ping_status":"closed","template":"page_landing.php","meta":{"_acf_changed":false,"_monsterinsights_skip_tracking":false,"_monsterinsights_sitenote_active":false,"_monsterinsights_sitenote_note":"","_monsterinsights_sitenote_category":0,"footnotes":""},"class_list":["post-20020","page","type-page","status-publish","hentry"],"acf":[],"yoast_head":"<!-- This site is optimized with the Yoast SEO plugin v27.3 - https:\/\/yoast.com\/product\/yoast-seo-wordpress\/ -->\n<title>Allia | Caisse Alliance<\/title>\n<meta name=\"robots\" content=\"index, follow, max-snippet:-1, max-image-preview:large, max-video-preview:-1\" \/>\n<link rel=\"canonical\" href=\"https:\/\/www.caissealliance.com\/fr\/allia\/\" \/>\n<meta property=\"og:locale\" content=\"fr_FR\" \/>\n<meta property=\"og:type\" content=\"article\" \/>\n<meta property=\"og:title\" content=\"Allia | Caisse Alliance\" \/>\n<meta property=\"og:description\" content=\"Vous pouvez consulter nos avis r\u00e9cents et nos mises \u00e0 jour importantes concernant nos produits, nos services et les services bancaires en ligne Allia. Restez inform\u00e9 des travaux de maintenance pr\u00e9vus, des mises \u00e0 jour et des autres annonces susceptibles d&#8217;avoir une incidence sur votre exp\u00e9rience en tant que membre. &nbsp;\" \/>\n<meta property=\"og:url\" content=\"https:\/\/www.caissealliance.com\/fr\/allia\/\" \/>\n<meta property=\"og:site_name\" content=\"Caisse Alliance\" \/>\n<meta property=\"article:modified_time\" content=\"2025-11-10T19:36:38+00:00\" \/>\n<meta name=\"twitter:card\" content=\"summary_large_image\" \/>\n<meta name=\"twitter:label1\" content=\"Dur\u00e9e de lecture estim\u00e9e\" \/>\n\t<meta name=\"twitter:data1\" content=\"1 minute\" \/>\n<script type=\"application\/ld+json\" class=\"yoast-schema-graph\">{\"@context\":\"https:\\\/\\\/schema.org\",\"@graph\":[{\"@type\":\"WebPage\",\"@id\":\"https:\\\/\\\/www.caissealliance.com\\\/fr\\\/allia\\\/\",\"url\":\"https:\\\/\\\/www.caissealliance.com\\\/fr\\\/allia\\\/\",\"name\":\"Allia | Caisse Alliance\",\"isPartOf\":{\"@id\":\"https:\\\/\\\/www.caissealliance.com\\\/fr\\\/#website\"},\"datePublished\":\"2023-06-22T15:45:45+00:00\",\"dateModified\":\"2025-11-10T19:36:38+00:00\",\"breadcrumb\":{\"@id\":\"https:\\\/\\\/www.caissealliance.com\\\/fr\\\/allia\\\/#breadcrumb\"},\"inLanguage\":\"fr-FR\",\"potentialAction\":[{\"@type\":\"ReadAction\",\"target\":[\"https:\\\/\\\/www.caissealliance.com\\\/fr\\\/allia\\\/\"]}]},{\"@type\":\"BreadcrumbList\",\"@id\":\"https:\\\/\\\/www.caissealliance.com\\\/fr\\\/allia\\\/#breadcrumb\",\"itemListElement\":[{\"@type\":\"ListItem\",\"position\":1,\"name\":\"Home\",\"item\":\"https:\\\/\\\/www.caissealliance.com\\\/fr\\\/\"},{\"@type\":\"ListItem\",\"position\":2,\"name\":\"Allia\"}]},{\"@type\":\"WebSite\",\"@id\":\"https:\\\/\\\/www.caissealliance.com\\\/fr\\\/#website\",\"url\":\"https:\\\/\\\/www.caissealliance.com\\\/fr\\\/\",\"name\":\"Caisse Alliance\",\"description\":\"Site Web de la Caisse Alliance\",\"potentialAction\":[{\"@type\":\"SearchAction\",\"target\":{\"@type\":\"EntryPoint\",\"urlTemplate\":\"https:\\\/\\\/www.caissealliance.com\\\/fr\\\/?s={search_term_string}\"},\"query-input\":{\"@type\":\"PropertyValueSpecification\",\"valueRequired\":true,\"valueName\":\"search_term_string\"}}],\"inLanguage\":\"fr-FR\"}]}<\/script>\n<!-- \/ Yoast SEO plugin. -->","yoast_head_json":{"title":"Allia | Caisse Alliance","robots":{"index":"index","follow":"follow","max-snippet":"max-snippet:-1","max-image-preview":"max-image-preview:large","max-video-preview":"max-video-preview:-1"},"canonical":"https:\/\/www.caissealliance.com\/fr\/allia\/","og_locale":"fr_FR","og_type":"article","og_title":"Allia | Caisse Alliance","og_description":"Vous pouvez consulter nos avis r\u00e9cents et nos mises \u00e0 jour importantes concernant nos produits, nos services et les services bancaires en ligne Allia. Restez inform\u00e9 des travaux de maintenance pr\u00e9vus, des mises \u00e0 jour et des autres annonces susceptibles d&#8217;avoir une incidence sur votre exp\u00e9rience en tant que membre. &nbsp;","og_url":"https:\/\/www.caissealliance.com\/fr\/allia\/","og_site_name":"Caisse Alliance","article_modified_time":"2025-11-10T19:36:38+00:00","twitter_card":"summary_large_image","twitter_misc":{"Dur\u00e9e de lecture estim\u00e9e":"1 minute"},"schema":{"@context":"https:\/\/schema.org","@graph":[{"@type":"WebPage","@id":"https:\/\/www.caissealliance.com\/fr\/allia\/","url":"https:\/\/www.caissealliance.com\/fr\/allia\/","name":"Allia | Caisse Alliance","isPartOf":{"@id":"https:\/\/www.caissealliance.com\/fr\/#website"},"datePublished":"2023-06-22T15:45:45+00:00","dateModified":"2025-11-10T19:36:38+00:00","breadcrumb":{"@id":"https:\/\/www.caissealliance.com\/fr\/allia\/#breadcrumb"},"inLanguage":"fr-FR","potentialAction":[{"@type":"ReadAction","target":["https:\/\/www.caissealliance.com\/fr\/allia\/"]}]},{"@type":"BreadcrumbList","@id":"https:\/\/www.caissealliance.com\/fr\/allia\/#breadcrumb","itemListElement":[{"@type":"ListItem","position":1,"name":"Home","item":"https:\/\/www.caissealliance.com\/fr\/"},{"@type":"ListItem","position":2,"name":"Allia"}]},{"@type":"WebSite","@id":"https:\/\/www.caissealliance.com\/fr\/#website","url":"https:\/\/www.caissealliance.com\/fr\/","name":"Caisse Alliance","description":"Site Web de la Caisse Alliance","potentialAction":[{"@type":"SearchAction","target":{"@type":"EntryPoint","urlTemplate":"https:\/\/www.caissealliance.com\/fr\/?s={search_term_string}"},"query-input":{"@type":"PropertyValueSpecification","valueRequired":true,"valueName":"search_term_string"}}],"inLanguage":"fr-FR"}]}},"publishpress_future_action":{"enabled":false,"date":"2026-04-23 13:38:42","action":"change-status","newStatus":"draft","terms":[],"taxonomy":"section","extraData":[]},"publishpress_future_workflow_manual_trigger":{"enabledWorkflows":[]},"_links":{"self":[{"href":"https:\/\/www.caissealliance.com\/fr\/wp-json\/wp\/v2\/pages\/20020","targetHints":{"allow":["GET"]}}],"collection":[{"href":"https:\/\/www.caissealliance.com\/fr\/wp-json\/wp\/v2\/pages"}],"about":[{"href":"https:\/\/www.caissealliance.com\/fr\/wp-json\/wp\/v2\/types\/page"}],"author":[{"embeddable":true,"href":"https:\/\/www.caissealliance.com\/fr\/wp-json\/wp\/v2\/users\/1"}],"replies":[{"embeddable":true,"href":"https:\/\/www.caissealliance.com\/fr\/wp-json\/wp\/v2\/comments?post=20020"}],"version-history":[{"count":421,"href":"https:\/\/www.caissealliance.com\/fr\/wp-json\/wp\/v2\/pages\/20020\/revisions"}],"predecessor-version":[{"id":34490,"href":"https:\/\/www.caissealliance.com\/fr\/wp-json\/wp\/v2\/pages\/20020\/revisions\/34490"}],"wp:attachment":[{"href":"https:\/\/www.caissealliance.com\/fr\/wp-json\/wp\/v2\/media?parent=20020"}],"curies":[{"name":"wp","href":"https:\/\/api.w.org\/{rel}","templated":true}]}}