{"id":19605,"date":"2023-05-08T14:53:02","date_gmt":"2023-05-08T18:53:02","guid":{"rendered":"https:\/\/www.caissealliance.com\/?page_id=19605"},"modified":"2026-04-13T15:15:19","modified_gmt":"2026-04-13T19:15:19","slug":"reglements-du-concours","status":"publish","type":"page","link":"https:\/\/www.caissealliance.com\/fr\/promo-preautorisation-hypothecaire\/reglements-du-concours\/","title":{"rendered":"R\u00e8glements du concours &#8211; Pr\u00e9autorisation pour un pr\u00eat hypoth\u00e9caire"},"content":{"rendered":"<h1>Concours | Pr\u00e9autorisation pour un pr\u00eat hypoth\u00e9caire<\/h1>\n<h3><span data-contrast=\"auto\">APER\u00c7U<\/span><span data-ccp-props=\"{&quot;201341983&quot;:0,&quot;335559739&quot;:160,&quot;335559740&quot;:259}\">\u00a0<\/span><\/h3>\n<p><span data-contrast=\"auto\">La Caisse vous offre de simplifier le processus d&#8217;achat d&#8217;une maison en soumettant une demande de pr\u00e9autorisation en ligne, afin de faire le premier pas vers une nouvelle maison, plus rapidement.\u00a0<\/span><\/p>\n<h3><span data-contrast=\"auto\">1 \u2013 DUR\u00c9E DU CONCOURS<\/span><span data-ccp-props=\"{&quot;201341983&quot;:0,&quot;335559739&quot;:160,&quot;335559740&quot;:259}\">\u00a0<\/span><\/h3>\n<p><span data-contrast=\"auto\">Le concours d\u00e9bute le mercredi 15 avril 2026 \u00e0 midi, et se termine le mardi 30 juin 2026, \u00e0 minuit. En participant, vous confirmez avoir lu et accept\u00e9 les modalit\u00e9s et conditions du pr\u00e9sent concours \u00e9nonc\u00e9es ci-dessous.<\/span><span data-ccp-props=\"{&quot;201341983&quot;:0,&quot;335559739&quot;:160,&quot;335559740&quot;:259}\">\u00a0<\/span><\/p>\n<h3><span data-contrast=\"auto\">2 \u2013 ORGANISATION DU CONCOURS<\/span><span data-ccp-props=\"{&quot;201341983&quot;:0,&quot;335559739&quot;:160,&quot;335559740&quot;:259}\">\u00a0<\/span><\/h3>\n<p><span data-contrast=\"auto\">La Caisse Alliance est l\u2019organisatrice de ce concours.<\/span><span data-ccp-props=\"{&quot;201341983&quot;:0,&quot;335559739&quot;:160,&quot;335559740&quot;:259}\">\u00a0<\/span><\/p>\n<h3><span data-contrast=\"auto\">3 \u2013 ADMISSIBILIT\u00c9<\/span><span data-ccp-props=\"{&quot;201341983&quot;:0,&quot;335559739&quot;:160,&quot;335559740&quot;:259}\">\u00a0<\/span><\/h3>\n<p><span data-contrast=\"auto\">Tous les r\u00e9sidents ontariens sont admissibles.<\/span><\/p>\n<p><span data-contrast=\"auto\">Les employ\u00e9s de la Caisse Alliance et les membres de leur famille imm\u00e9diate ainsi que les membres du conseil d\u2019administration de la Caisse Alliance ne sont pas admissibles.<\/span><span data-ccp-props=\"{&quot;201341983&quot;:0,&quot;335559739&quot;:160,&quot;335559740&quot;:259}\">\u00a0<\/span><\/p>\n<h3><span data-contrast=\"auto\">4 \u2013 COMMENT PARTICIPER<\/span><span data-ccp-props=\"{&quot;201341983&quot;:0,&quot;335559739&quot;:160,&quot;335559740&quot;:259}\">\u00a0<\/span><\/h3>\n<p><span data-contrast=\"auto\">Soumettre une <a href=\"https:\/\/www.caissealliance.com\/fr\/promo-preautorisation-hypothecaire\/\">demande de pr\u00e9autorisation<\/a> pour un pr\u00eat hypoth\u00e9caire en ligne.<\/span><\/p>\n<p><span data-contrast=\"auto\">Ce concours est exclusivement offert en ligne.<\/span><span data-ccp-props=\"{&quot;201341983&quot;:0,&quot;335559739&quot;:160,&quot;335559740&quot;:259}\">\u00a0<\/span><\/p>\n<h3><span data-contrast=\"auto\">5 \u2013 PRIX<\/span><span data-ccp-props=\"{&quot;201341983&quot;:0,&quot;335559739&quot;:160,&quot;335559740&quot;:259}\">\u00a0<\/span><\/h3>\n<p><span data-contrast=\"auto\">Il y a (1) prix \u00e0 gagner. Le prix offert est une Carte Compliments COOP d&#8217;une valeur de 1 000 $ \u00e0 d\u00e9penser chez les marchants locaux participants.\u00a0<\/span><\/p>\n<p><span data-contrast=\"auto\">Les participants ne peuvent participer qu\u2019une seule fois et ne sont admissibles qu\u2019\u00e0 un seul prix.<\/span><span data-ccp-props=\"{&quot;201341983&quot;:0,&quot;335559739&quot;:160,&quot;335559740&quot;:259}\">\u00a0<\/span><\/p>\n<h3><span data-contrast=\"auto\">6 \u2013 R\u00c8GLES G\u00c9N\u00c9RALES<\/span><span data-ccp-props=\"{&quot;201341983&quot;:0,&quot;335559739&quot;:160,&quot;335559740&quot;:259}\">\u00a0<\/span><\/h3>\n<p><span data-contrast=\"auto\">Le concours est en vigueur du mercredi 15 avril 2026, \u00e0 midi, jusqu&#8217;au mardi 30 juin 2026, \u00e0 minuit.<\/span><\/p>\n<p><span data-contrast=\"auto\">Le nom du gagnant sera pig\u00e9 au hasard parmi tous les participants ayant rempli le formulaire en ligne entre le mercredi 15 avril 2026 \u00e0 midi, et le mardi 30 juin 2026, \u00e0 minuit. L&#8217;admissibilit\u00e9 sera v\u00e9rifi\u00e9e et confirm\u00e9e afin de d\u00e9clarer le participant gagnant. <\/span>Pour recevoir le prix, le participant doit r\u00e9pondre aux crit\u00e8res d&#8217;admissibilit\u00e9 mentionn\u00e9s au point 3 ainsi que :<\/p>\n<ul>\n<li>Avoir soumis une demande de pr\u00e9autorisation en ligne;<\/li>\n<li>avoir rencontr\u00e9 un conseiller (en personne, par t\u00e9l\u00e9phone ou en ligne) avant le 30 juin 2026.<\/li>\n<\/ul>\n<p><span data-contrast=\"auto\">La Caisse Alliance communiquera avec le gagnant par t\u00e9l\u00e9phone ou par courriel.<\/span><\/p>\n<p><span data-contrast=\"auto\">Le gagnant sera annonc\u00e9 sur les m\u00e9dias sociaux de la Caisse Alliance.\u00a0\u00c0 des fins de promotion et de diffusion des r\u00e9sultats du concours, tous les participants acceptent que la Caisse Alliance utilise, sans aucune forme de r\u00e9mun\u00e9ration, leur pr\u00e9nom, leur nom, leur commentaire et leur photo.<\/span><span data-ccp-props=\"{&quot;201341983&quot;:0,&quot;335559739&quot;:160,&quot;335559740&quot;:259}\">\u00a0<\/span><\/p>\n","protected":false},"excerpt":{"rendered":"<p>La Caisse vous offre de simplifier le processus d&#8217;achat d&#8217;une maison en soumettant une demande de pr\u00e9autorisation en ligne, afin de faire le premier pas vers une nouvelle maison, plus rapidement.\u00a0 Le concours d\u00e9bute le mercredi 15 avril 2026 \u00e0 midi, et se termine le mardi 30 juin 2026, \u00e0 minuit. En participant, vous confirmez [&#8230;]<\/p>\n","protected":false},"author":13,"featured_media":0,"parent":36166,"menu_order":339,"comment_status":"closed","ping_status":"closed","template":"page_full.php","meta":{"_acf_changed":false,"_monsterinsights_skip_tracking":false,"_monsterinsights_sitenote_active":false,"_monsterinsights_sitenote_note":"","_monsterinsights_sitenote_category":0,"footnotes":""},"class_list":["post-19605","page","type-page","status-publish","hentry"],"acf":[],"yoast_head":"<!-- This site is optimized with the Yoast SEO plugin v27.3 - https:\/\/yoast.com\/product\/yoast-seo-wordpress\/ -->\n<title>R\u00e8glements du concours - Pr\u00e9autorisation pour un pr\u00eat hypoth\u00e9caire | Caisse Alliance<\/title>\n<meta name=\"robots\" content=\"index, follow, max-snippet:-1, max-image-preview:large, max-video-preview:-1\" \/>\n<link rel=\"canonical\" href=\"https:\/\/www.caissealliance.com\/fr\/promo-preautorisation-hypothecaire\/reglements-du-concours\/\" \/>\n<meta property=\"og:locale\" content=\"fr_FR\" \/>\n<meta property=\"og:type\" content=\"article\" \/>\n<meta property=\"og:title\" content=\"R\u00e8glements du concours - Pr\u00e9autorisation pour un pr\u00eat hypoth\u00e9caire | Caisse Alliance\" \/>\n<meta property=\"og:description\" content=\"La Caisse vous offre de simplifier le processus d&#8217;achat d&#8217;une maison en soumettant une demande de pr\u00e9autorisation en ligne, afin de faire le premier pas vers une nouvelle maison, plus rapidement.\u00a0 Le concours d\u00e9bute le mercredi 15 avril 2026 \u00e0 midi, et se termine le mardi 30 juin 2026, \u00e0 minuit. En participant, vous confirmez [...]\" \/>\n<meta property=\"og:url\" content=\"https:\/\/www.caissealliance.com\/fr\/promo-preautorisation-hypothecaire\/reglements-du-concours\/\" \/>\n<meta property=\"og:site_name\" content=\"Caisse Alliance\" \/>\n<meta property=\"article:modified_time\" content=\"2026-04-13T19:15:19+00:00\" \/>\n<meta name=\"twitter:card\" content=\"summary_large_image\" \/>\n<meta name=\"twitter:label1\" content=\"Dur\u00e9e de lecture estim\u00e9e\" \/>\n\t<meta name=\"twitter:data1\" content=\"2 minutes\" \/>\n<script type=\"application\/ld+json\" class=\"yoast-schema-graph\">{\"@context\":\"https:\\\/\\\/schema.org\",\"@graph\":[{\"@type\":\"WebPage\",\"@id\":\"https:\\\/\\\/www.caissealliance.com\\\/fr\\\/promo-preautorisation-hypothecaire\\\/reglements-du-concours\\\/\",\"url\":\"https:\\\/\\\/www.caissealliance.com\\\/fr\\\/promo-preautorisation-hypothecaire\\\/reglements-du-concours\\\/\",\"name\":\"R\u00e8glements du concours - Pr\u00e9autorisation pour un pr\u00eat hypoth\u00e9caire | Caisse Alliance\",\"isPartOf\":{\"@id\":\"https:\\\/\\\/www.caissealliance.com\\\/fr\\\/#website\"},\"datePublished\":\"2023-05-08T18:53:02+00:00\",\"dateModified\":\"2026-04-13T19:15:19+00:00\",\"breadcrumb\":{\"@id\":\"https:\\\/\\\/www.caissealliance.com\\\/fr\\\/promo-preautorisation-hypothecaire\\\/reglements-du-concours\\\/#breadcrumb\"},\"inLanguage\":\"fr-FR\",\"potentialAction\":[{\"@type\":\"ReadAction\",\"target\":[\"https:\\\/\\\/www.caissealliance.com\\\/fr\\\/promo-preautorisation-hypothecaire\\\/reglements-du-concours\\\/\"]}]},{\"@type\":\"BreadcrumbList\",\"@id\":\"https:\\\/\\\/www.caissealliance.com\\\/fr\\\/promo-preautorisation-hypothecaire\\\/reglements-du-concours\\\/#breadcrumb\",\"itemListElement\":[{\"@type\":\"ListItem\",\"position\":1,\"name\":\"Home\",\"item\":\"https:\\\/\\\/www.caissealliance.com\\\/fr\\\/\"},{\"@type\":\"ListItem\",\"position\":2,\"name\":\"Pr\u00e9autorisation hypoth\u00e9caire\",\"item\":\"https:\\\/\\\/www.caissealliance.com\\\/fr\\\/promo-preautorisation-hypothecaire\\\/\"},{\"@type\":\"ListItem\",\"position\":3,\"name\":\"R\u00e8glements du concours &#8211; Pr\u00e9autorisation pour un pr\u00eat hypoth\u00e9caire\"}]},{\"@type\":\"WebSite\",\"@id\":\"https:\\\/\\\/www.caissealliance.com\\\/fr\\\/#website\",\"url\":\"https:\\\/\\\/www.caissealliance.com\\\/fr\\\/\",\"name\":\"Caisse Alliance\",\"description\":\"Site Web de la Caisse Alliance\",\"potentialAction\":[{\"@type\":\"SearchAction\",\"target\":{\"@type\":\"EntryPoint\",\"urlTemplate\":\"https:\\\/\\\/www.caissealliance.com\\\/fr\\\/?s={search_term_string}\"},\"query-input\":{\"@type\":\"PropertyValueSpecification\",\"valueRequired\":true,\"valueName\":\"search_term_string\"}}],\"inLanguage\":\"fr-FR\"}]}<\/script>\n<!-- \/ Yoast SEO plugin. -->","yoast_head_json":{"title":"R\u00e8glements du concours - Pr\u00e9autorisation pour un pr\u00eat hypoth\u00e9caire | Caisse Alliance","robots":{"index":"index","follow":"follow","max-snippet":"max-snippet:-1","max-image-preview":"max-image-preview:large","max-video-preview":"max-video-preview:-1"},"canonical":"https:\/\/www.caissealliance.com\/fr\/promo-preautorisation-hypothecaire\/reglements-du-concours\/","og_locale":"fr_FR","og_type":"article","og_title":"R\u00e8glements du concours - Pr\u00e9autorisation pour un pr\u00eat hypoth\u00e9caire | Caisse Alliance","og_description":"La Caisse vous offre de simplifier le processus d&#8217;achat d&#8217;une maison en soumettant une demande de pr\u00e9autorisation en ligne, afin de faire le premier pas vers une nouvelle maison, plus rapidement.\u00a0 Le concours d\u00e9bute le mercredi 15 avril 2026 \u00e0 midi, et se termine le mardi 30 juin 2026, \u00e0 minuit. En participant, vous confirmez [...]","og_url":"https:\/\/www.caissealliance.com\/fr\/promo-preautorisation-hypothecaire\/reglements-du-concours\/","og_site_name":"Caisse Alliance","article_modified_time":"2026-04-13T19:15:19+00:00","twitter_card":"summary_large_image","twitter_misc":{"Dur\u00e9e de lecture estim\u00e9e":"2 minutes"},"schema":{"@context":"https:\/\/schema.org","@graph":[{"@type":"WebPage","@id":"https:\/\/www.caissealliance.com\/fr\/promo-preautorisation-hypothecaire\/reglements-du-concours\/","url":"https:\/\/www.caissealliance.com\/fr\/promo-preautorisation-hypothecaire\/reglements-du-concours\/","name":"R\u00e8glements du concours - Pr\u00e9autorisation pour un pr\u00eat hypoth\u00e9caire | Caisse Alliance","isPartOf":{"@id":"https:\/\/www.caissealliance.com\/fr\/#website"},"datePublished":"2023-05-08T18:53:02+00:00","dateModified":"2026-04-13T19:15:19+00:00","breadcrumb":{"@id":"https:\/\/www.caissealliance.com\/fr\/promo-preautorisation-hypothecaire\/reglements-du-concours\/#breadcrumb"},"inLanguage":"fr-FR","potentialAction":[{"@type":"ReadAction","target":["https:\/\/www.caissealliance.com\/fr\/promo-preautorisation-hypothecaire\/reglements-du-concours\/"]}]},{"@type":"BreadcrumbList","@id":"https:\/\/www.caissealliance.com\/fr\/promo-preautorisation-hypothecaire\/reglements-du-concours\/#breadcrumb","itemListElement":[{"@type":"ListItem","position":1,"name":"Home","item":"https:\/\/www.caissealliance.com\/fr\/"},{"@type":"ListItem","position":2,"name":"Pr\u00e9autorisation hypoth\u00e9caire","item":"https:\/\/www.caissealliance.com\/fr\/promo-preautorisation-hypothecaire\/"},{"@type":"ListItem","position":3,"name":"R\u00e8glements du concours &#8211; Pr\u00e9autorisation pour un pr\u00eat hypoth\u00e9caire"}]},{"@type":"WebSite","@id":"https:\/\/www.caissealliance.com\/fr\/#website","url":"https:\/\/www.caissealliance.com\/fr\/","name":"Caisse Alliance","description":"Site Web de la Caisse Alliance","potentialAction":[{"@type":"SearchAction","target":{"@type":"EntryPoint","urlTemplate":"https:\/\/www.caissealliance.com\/fr\/?s={search_term_string}"},"query-input":{"@type":"PropertyValueSpecification","valueRequired":true,"valueName":"search_term_string"}}],"inLanguage":"fr-FR"}]}},"publishpress_future_action":{"enabled":false,"date":"2026-04-22 20:34:07","action":"change-status","newStatus":"draft","terms":[],"taxonomy":"section","extraData":[]},"publishpress_future_workflow_manual_trigger":{"enabledWorkflows":[]},"_links":{"self":[{"href":"https:\/\/www.caissealliance.com\/fr\/wp-json\/wp\/v2\/pages\/19605","targetHints":{"allow":["GET"]}}],"collection":[{"href":"https:\/\/www.caissealliance.com\/fr\/wp-json\/wp\/v2\/pages"}],"about":[{"href":"https:\/\/www.caissealliance.com\/fr\/wp-json\/wp\/v2\/types\/page"}],"author":[{"embeddable":true,"href":"https:\/\/www.caissealliance.com\/fr\/wp-json\/wp\/v2\/users\/13"}],"replies":[{"embeddable":true,"href":"https:\/\/www.caissealliance.com\/fr\/wp-json\/wp\/v2\/comments?post=19605"}],"version-history":[{"count":4,"href":"https:\/\/www.caissealliance.com\/fr\/wp-json\/wp\/v2\/pages\/19605\/revisions"}],"predecessor-version":[{"id":36111,"href":"https:\/\/www.caissealliance.com\/fr\/wp-json\/wp\/v2\/pages\/19605\/revisions\/36111"}],"up":[{"embeddable":true,"href":"https:\/\/www.caissealliance.com\/fr\/wp-json\/wp\/v2\/pages\/36166"}],"wp:attachment":[{"href":"https:\/\/www.caissealliance.com\/fr\/wp-json\/wp\/v2\/media?parent=19605"}],"curies":[{"name":"wp","href":"https:\/\/api.w.org\/{rel}","templated":true}]}}