{"id":1954,"date":"2019-03-27T10:06:56","date_gmt":"2019-03-27T14:06:56","guid":{"rendered":"http:\/\/caissealliance.absoludev.ca\/?page_id=1954"},"modified":"2024-07-11T08:54:06","modified_gmt":"2024-07-11T12:54:06","slug":"demande-douverture-de-compte-en-ligne","status":"publish","type":"page","link":"https:\/\/www.caissealliance.com\/fr\/demande-douverture-de-compte-en-ligne\/","title":{"rendered":"Devenir membre"},"content":{"rendered":"<h1>Demande d&#8217;ouverture de compte en ligne<\/h1>\n<p><strong>Choisissez une institution financi\u00e8re o\u00f9 il est possible de parler \u00e0 une vraie personne et o\u00f9 vos projets sont au coeur des d\u00e9cisions.<\/strong><\/p>\n<div class = \"widget_pied_page\">\t\t\t<div class=\"textwidget\"><h2>Un processus simple et rapide<\/h2>\n<div class=\"les_\u00e9tapes\">\n<div class=\"une_etape premiere\">\n<div class=\"ico\"><a href=\"https:\/\/www.caissealliance.com\/wp-content\/uploads\/ico_5min.svg\"><img decoding=\"async\" class=\"alignnone size-full wp-image-32902\" src=\"https:\/\/www.caissealliance.com\/wp-content\/uploads\/ico_5min.svg\" alt=\"\" width=\"74\" height=\"84\" \/><\/a><\/div>\n<div class=\"texte\">Compl\u00e9ter la demande en seulement 5 minutes<\/div>\n<\/div>\n<div class=\"une_etape deuxieme\">\n<div class=\"ico\"><img decoding=\"async\" class=\"alignnone size-full wp-image-1961\" src=\"https:\/\/www.caissealliance.com\/wp-content\/uploads\/ico_aide.svg\" alt=\"\" \/><\/div>\n<div class=\"texte\">On vous appellera<\/div>\n<\/div>\n<div class=\"une_etape troisieme\">\n<div class=\"ico\"><img decoding=\"async\" class=\"alignnone size-full wp-image-4067\" src=\"https:\/\/www.caissealliance.com\/wp-content\/uploads\/ico_finaliser-caisse.svg\" alt=\"\" \/><\/div>\n<div class=\"texte\">Finaliser le tout en caisse<\/div>\n<\/div>\n<div class=\"une_etape quatrieme\">\n<div class=\"ico\"><img decoding=\"async\" class=\"alignnone size-full wp-image-4065\" src=\"https:\/\/www.caissealliance.com\/wp-content\/uploads\/ico_devenez-membre.svg\" alt=\"\" \/><\/div>\n<div class=\"texte\">Devenir membre<\/div>\n<\/div>\n<\/div>\n<\/div>\n\t\t<\/div>\n<h2>Compl\u00e9tez le formulaire ci-dessous et nous nous ferons un plaisir de vous r\u00e9pondre dans les plus bref d\u00e9lais.<\/h2>\n\n<div class=\"wpcf7 no-js\" id=\"wpcf7-f1955-o1\" lang=\"fr-FR\" dir=\"ltr\" data-wpcf7-id=\"1955\">\n<div class=\"screen-reader-response\"><p role=\"status\" aria-live=\"polite\" aria-atomic=\"true\"><\/p> <ul><\/ul><\/div>\n<form action=\"\/fr\/wp-json\/wp\/v2\/pages\/1954#wpcf7-f1955-o1\" method=\"post\" class=\"wpcf7-form init\" aria-label=\"Formulaire de contact\" novalidate=\"novalidate\" data-status=\"init\">\n<fieldset class=\"hidden-fields-container\"><input type=\"hidden\" name=\"_wpcf7\" value=\"1955\" \/><input type=\"hidden\" name=\"_wpcf7_version\" value=\"6.1.5\" \/><input type=\"hidden\" name=\"_wpcf7_locale\" value=\"fr_FR\" \/><input type=\"hidden\" name=\"_wpcf7_unit_tag\" value=\"wpcf7-f1955-o1\" \/><input type=\"hidden\" name=\"_wpcf7_container_post\" value=\"0\" \/><input type=\"hidden\" name=\"_wpcf7_posted_data_hash\" value=\"\" \/>\n<\/fieldset>\n<h3>Citoyennet\u00e9\n<\/h3>\n<hr \/>\n<div class=\"limit_width\">\n\t<p><label class=\"notbottom\" for=\"radio-resident\">R\u00e9sidez-vous au Canada?* <\/label><span class=\"wpcf7-form-control-wrap\" data-name=\"radio-resident\"><span class=\"wpcf7-form-control wpcf7-radio\" id=\"radio-resident\"><span class=\"wpcf7-list-item first\"><label><input type=\"radio\" name=\"radio-resident\" value=\"Oui\" \/><span class=\"wpcf7-list-item-label\">Oui<\/span><\/label><\/span><span class=\"wpcf7-list-item last\"><label><input type=\"radio\" name=\"radio-resident\" value=\"Non, j&#039;immigre bient\u00f4t au Canada\" \/><span class=\"wpcf7-list-item-label\">Non, j&#039;immigre bient\u00f4t au Canada<\/span><\/label><\/span><\/span><\/span>\n\t<\/p>\n\t<p class=\"full\"><br \/>\nSi vous r\u00e9pondez oui, poursuivez.\n\t<\/p>\n\t<p>Si vous r\u00e9pondez non, \u00e0 votre arriv\u00e9e au Canada, nous vous invitons \u00e0 vous pr\u00e9senter \u00e0 la Caisse avec deux pi\u00e8ces d'identit\u00e9 reconnues, y compris votre passeport, pour effectuer une ouverture de compte. Pour toute question ou demande, nous vous prions de communiquer avec l\u2019un de nos centres de services. Nous serons ravis de vous guider.\n\t<\/p>\n<\/div>\n<h3>Centre de services\n<\/h3>\n<hr \/>\n<div class=\"limit_width\">\n\t<p><label class=\"notbottom\" for=\"centre-de-service\">S\u00e9lectionnez un centre de services*<\/label><span class=\"wpcf7-form-control-wrap\" data-name=\"centre-de-service\"><select class=\"wpcf7-form-control wpcf7-select wpcf7-validates-as-required\" id=\"centre-de-service\" aria-required=\"true\" aria-invalid=\"false\" name=\"centre-de-service\"><option value=\"\">&#8212;Veuillez choisir une option&#8212;<\/option><option value=\"Alban\">Alban<\/option><option value=\"Argyle\">Argyle<\/option><option value=\"Bonfield\">Bonfield<\/option><option value=\"Fauquier\">Fauquier<\/option><option value=\"Field\">Field<\/option><option value=\"Hearst\">Hearst<\/option><option value=\"Iroquois Falls\">Iroquois Falls<\/option><option value=\"Kapuskasing\">Kapuskasing<\/option><option value=\"Longlac\">Longlac<\/option><option value=\"Markstay\">Markstay<\/option><option value=\"Mattawa\">Mattawa<\/option><option value=\"Mattice\">Mattice<\/option><option value=\"Moonbeam\">Moonbeam<\/option><option value=\"No\u00eblville\">No\u00eblville<\/option><option value=\"North Bay\">North Bay<\/option><option value=\"Opasatika\">Opasatika<\/option><option value=\"Smooth Rock Falls\">Smooth Rock Falls<\/option><option value=\"St-Charles\">St-Charles<\/option><option value=\"Sturgeon Falls\">Sturgeon Falls<\/option><option value=\"Timmins\">Timmins<\/option><option value=\"Val Gagn\u00e9\">Val Gagn\u00e9<\/option><option value=\"Val Rita\">Val Rita<\/option><option value=\"Verner\">Verner<\/option><option value=\"Warren\">Warren<\/option><option value=\"West Ferris\">West Ferris<\/option><\/select><\/span>\n\t<\/p>\n<\/div>\n<h3>Vos informations\n<\/h3>\n<hr \/>\n<div class=\"limit_width\">\n\t<p><label for=\"your-prenom\">Pr\u00e9nom*<\/label><span class=\"wpcf7-form-control-wrap\" data-name=\"your-prenom\"><input size=\"40\" maxlength=\"400\" class=\"wpcf7-form-control wpcf7-text wpcf7-validates-as-required\" id=\"your-prenom\" aria-required=\"true\" aria-invalid=\"false\" value=\"\" type=\"text\" name=\"your-prenom\" \/><\/span>\n\t<\/p>\n\t<p><label for=\"your-nom\">Nom*<\/label><span class=\"wpcf7-form-control-wrap\" data-name=\"your-nom\"><input size=\"40\" maxlength=\"400\" class=\"wpcf7-form-control wpcf7-text wpcf7-validates-as-required\" id=\"your-nom\" aria-required=\"true\" aria-invalid=\"false\" value=\"\" type=\"text\" name=\"your-nom\" \/><\/span>\n\t<\/p>\n\t<p><label class=\"notbottom\" for=\"date-naissance\">Date de naissance (facultatif)<\/label><span class=\"wpcf7-form-control-wrap\" data-name=\"date-naissance\"><input class=\"wpcf7-form-control wpcf7-date wpcf7-validates-as-date\" id=\"date-naissance\" aria-invalid=\"false\" value=\"\" type=\"date\" name=\"date-naissance\" \/><\/span>\n\t<\/p>\n\t<p><label class=\"notbottom\" for=\"radio-sexe\">Sexe (facultatif)<\/label><span class=\"wpcf7-form-control-wrap\" data-name=\"radio-sexe\"><span class=\"wpcf7-form-control wpcf7-radio inline\" id=\"radio-sexe\"><span class=\"wpcf7-list-item first\"><label><input type=\"radio\" name=\"radio-sexe\" value=\"Masculin\" \/><span class=\"wpcf7-list-item-label\">Masculin<\/span><\/label><\/span><span class=\"wpcf7-list-item last\"><label><input type=\"radio\" name=\"radio-sexe\" value=\"F\u00e9minin\" \/><span class=\"wpcf7-list-item-label\">F\u00e9minin<\/span><\/label><\/span><\/span><\/span>\n\t<\/p>\n\t<p><label for=\"your-adresse\">Adresse civile*<\/label><span class=\"wpcf7-form-control-wrap\" data-name=\"your-adresse\"><input size=\"40\" maxlength=\"400\" class=\"wpcf7-form-control wpcf7-text wpcf7-validates-as-required\" id=\"your-adresse\" aria-required=\"true\" aria-invalid=\"false\" value=\"\" type=\"text\" name=\"your-adresse\" \/><\/span>\n\t<\/p>\n\t<p><label for=\"your-ville\">Ville*<\/label><span class=\"wpcf7-form-control-wrap\" data-name=\"your-ville\"><input size=\"40\" maxlength=\"400\" class=\"wpcf7-form-control wpcf7-text wpcf7-validates-as-required\" id=\"your-ville\" aria-required=\"true\" aria-invalid=\"false\" value=\"\" type=\"text\" name=\"your-ville\" \/><\/span>\n\t<\/p>\n\t<p><label for=\"your-province\">Province<\/label><span class=\"wpcf7-form-control-wrap\" data-name=\"your-province\"><input size=\"40\" maxlength=\"400\" class=\"wpcf7-form-control wpcf7-text wpcf7-validates-as-required\" id=\"your-province\" readonly=\"readonly\" aria-required=\"true\" aria-invalid=\"false\" value=\"Ontario\" type=\"text\" name=\"your-province\" \/><\/span>\n\t<\/p>\n\t<p><label for=\"your-code-postal\">Code postal*<\/label><span class=\"wpcf7-form-control-wrap\" data-name=\"your-code-postal\"><input size=\"40\" maxlength=\"400\" class=\"wpcf7-form-control wpcf7-text wpcf7-validates-as-required\" id=\"your-code-postal\" aria-required=\"true\" aria-invalid=\"false\" value=\"\" type=\"text\" name=\"your-code-postal\" \/><\/span>\n\t<\/p>\n\t<p><label for=\"telephone\">T\u00e9l\u00e9phone*<\/label><span class=\"wpcf7-form-control-wrap\" data-name=\"telephone\"><input size=\"40\" maxlength=\"400\" class=\"wpcf7-form-control wpcf7-tel wpcf7-validates-as-required wpcf7-text wpcf7-validates-as-tel\" id=\"telephone\" aria-required=\"true\" aria-invalid=\"false\" value=\"\" type=\"tel\" name=\"telephone\" \/><\/span>\n\t<\/p>\n\t<p><label for=\"your-email\">Adresse courriel (facultatif)<\/label><span class=\"wpcf7-form-control-wrap\" data-name=\"your-email\"><input size=\"40\" maxlength=\"400\" class=\"wpcf7-form-control wpcf7-email wpcf7-text wpcf7-validates-as-email\" id=\"your-email\" aria-invalid=\"false\" value=\"\" type=\"email\" name=\"your-email\" \/><\/span>\n\t<\/p>\n<\/div>\n<hr \/>\n<p class=\"full\"><br \/>\n<input class=\"wpcf7-form-control wpcf7-submit has-spinner\" type=\"submit\" value=\"Envoyer\" \/>\n<\/p><div class=\"wpcf7-response-output\" aria-hidden=\"true\"><\/div>\n<\/form>\n<\/div>\n\n","protected":false},"excerpt":{"rendered":"<p>Choisissez une institution financi\u00e8re o\u00f9 il est possible de parler \u00e0 une vraie personne et o\u00f9 vos projets sont au coeur des d\u00e9cisions.<\/p>\n","protected":false},"author":1,"featured_media":0,"parent":0,"menu_order":316,"comment_status":"closed","ping_status":"closed","template":"page_full.php","meta":{"_acf_changed":false,"_monsterinsights_skip_tracking":false,"_monsterinsights_sitenote_active":false,"_monsterinsights_sitenote_note":"","_monsterinsights_sitenote_category":0,"footnotes":""},"class_list":["post-1954","page","type-page","status-publish","hentry"],"acf":[],"yoast_head":"<!-- This site is optimized with the Yoast SEO plugin v27.5 - https:\/\/yoast.com\/product\/yoast-seo-wordpress\/ -->\n<title>Devenir membre | Caisse Alliance<\/title>\n<meta name=\"robots\" content=\"index, follow, max-snippet:-1, max-image-preview:large, max-video-preview:-1\" \/>\n<link rel=\"canonical\" href=\"https:\/\/www.caissealliance.com\/fr\/demande-douverture-de-compte-en-ligne\/\" \/>\n<meta property=\"og:locale\" content=\"fr_FR\" \/>\n<meta property=\"og:type\" content=\"article\" \/>\n<meta property=\"og:title\" content=\"Devenir membre | Caisse Alliance\" \/>\n<meta property=\"og:description\" content=\"Choisissez une institution financi\u00e8re o\u00f9 il est possible de parler \u00e0 une vraie personne et o\u00f9 vos projets sont au coeur des d\u00e9cisions.\" \/>\n<meta property=\"og:url\" content=\"https:\/\/www.caissealliance.com\/fr\/demande-douverture-de-compte-en-ligne\/\" \/>\n<meta property=\"og:site_name\" content=\"Caisse Alliance\" \/>\n<meta property=\"article:modified_time\" content=\"2024-07-11T12:54:06+00:00\" \/>\n<meta name=\"twitter:card\" content=\"summary_large_image\" \/>\n<meta name=\"twitter:label1\" content=\"Dur\u00e9e de lecture estim\u00e9e\" \/>\n\t<meta name=\"twitter:data1\" content=\"1 minute\" \/>\n<script type=\"application\/ld+json\" class=\"yoast-schema-graph\">{\"@context\":\"https:\\\/\\\/schema.org\",\"@graph\":[{\"@type\":\"WebPage\",\"@id\":\"https:\\\/\\\/www.caissealliance.com\\\/fr\\\/demande-douverture-de-compte-en-ligne\\\/\",\"url\":\"https:\\\/\\\/www.caissealliance.com\\\/fr\\\/demande-douverture-de-compte-en-ligne\\\/\",\"name\":\"Devenir membre | Caisse Alliance\",\"isPartOf\":{\"@id\":\"https:\\\/\\\/www.caissealliance.com\\\/fr\\\/#website\"},\"datePublished\":\"2019-03-27T14:06:56+00:00\",\"dateModified\":\"2024-07-11T12:54:06+00:00\",\"breadcrumb\":{\"@id\":\"https:\\\/\\\/www.caissealliance.com\\\/fr\\\/demande-douverture-de-compte-en-ligne\\\/#breadcrumb\"},\"inLanguage\":\"fr-FR\",\"potentialAction\":[{\"@type\":\"ReadAction\",\"target\":[\"https:\\\/\\\/www.caissealliance.com\\\/fr\\\/demande-douverture-de-compte-en-ligne\\\/\"]}]},{\"@type\":\"BreadcrumbList\",\"@id\":\"https:\\\/\\\/www.caissealliance.com\\\/fr\\\/demande-douverture-de-compte-en-ligne\\\/#breadcrumb\",\"itemListElement\":[{\"@type\":\"ListItem\",\"position\":1,\"name\":\"Home\",\"item\":\"https:\\\/\\\/www.caissealliance.com\\\/fr\\\/\"},{\"@type\":\"ListItem\",\"position\":2,\"name\":\"Devenir membre\"}]},{\"@type\":\"WebSite\",\"@id\":\"https:\\\/\\\/www.caissealliance.com\\\/fr\\\/#website\",\"url\":\"https:\\\/\\\/www.caissealliance.com\\\/fr\\\/\",\"name\":\"Caisse Alliance\",\"description\":\"Site Web de la Caisse Alliance\",\"potentialAction\":[{\"@type\":\"SearchAction\",\"target\":{\"@type\":\"EntryPoint\",\"urlTemplate\":\"https:\\\/\\\/www.caissealliance.com\\\/fr\\\/?s={search_term_string}\"},\"query-input\":{\"@type\":\"PropertyValueSpecification\",\"valueRequired\":true,\"valueName\":\"search_term_string\"}}],\"inLanguage\":\"fr-FR\"}]}<\/script>\n<!-- \/ Yoast SEO plugin. -->","yoast_head_json":{"title":"Devenir membre | Caisse Alliance","robots":{"index":"index","follow":"follow","max-snippet":"max-snippet:-1","max-image-preview":"max-image-preview:large","max-video-preview":"max-video-preview:-1"},"canonical":"https:\/\/www.caissealliance.com\/fr\/demande-douverture-de-compte-en-ligne\/","og_locale":"fr_FR","og_type":"article","og_title":"Devenir membre | Caisse Alliance","og_description":"Choisissez une institution financi\u00e8re o\u00f9 il est possible de parler \u00e0 une vraie personne et o\u00f9 vos projets sont au coeur des d\u00e9cisions.","og_url":"https:\/\/www.caissealliance.com\/fr\/demande-douverture-de-compte-en-ligne\/","og_site_name":"Caisse Alliance","article_modified_time":"2024-07-11T12:54:06+00:00","twitter_card":"summary_large_image","twitter_misc":{"Dur\u00e9e de lecture estim\u00e9e":"1 minute"},"schema":{"@context":"https:\/\/schema.org","@graph":[{"@type":"WebPage","@id":"https:\/\/www.caissealliance.com\/fr\/demande-douverture-de-compte-en-ligne\/","url":"https:\/\/www.caissealliance.com\/fr\/demande-douverture-de-compte-en-ligne\/","name":"Devenir membre | Caisse Alliance","isPartOf":{"@id":"https:\/\/www.caissealliance.com\/fr\/#website"},"datePublished":"2019-03-27T14:06:56+00:00","dateModified":"2024-07-11T12:54:06+00:00","breadcrumb":{"@id":"https:\/\/www.caissealliance.com\/fr\/demande-douverture-de-compte-en-ligne\/#breadcrumb"},"inLanguage":"fr-FR","potentialAction":[{"@type":"ReadAction","target":["https:\/\/www.caissealliance.com\/fr\/demande-douverture-de-compte-en-ligne\/"]}]},{"@type":"BreadcrumbList","@id":"https:\/\/www.caissealliance.com\/fr\/demande-douverture-de-compte-en-ligne\/#breadcrumb","itemListElement":[{"@type":"ListItem","position":1,"name":"Home","item":"https:\/\/www.caissealliance.com\/fr\/"},{"@type":"ListItem","position":2,"name":"Devenir membre"}]},{"@type":"WebSite","@id":"https:\/\/www.caissealliance.com\/fr\/#website","url":"https:\/\/www.caissealliance.com\/fr\/","name":"Caisse Alliance","description":"Site Web de la Caisse Alliance","potentialAction":[{"@type":"SearchAction","target":{"@type":"EntryPoint","urlTemplate":"https:\/\/www.caissealliance.com\/fr\/?s={search_term_string}"},"query-input":{"@type":"PropertyValueSpecification","valueRequired":true,"valueName":"search_term_string"}}],"inLanguage":"fr-FR"}]}},"publishpress_future_action":{"enabled":false,"date":"2026-05-13 08:38:18","action":"change-status","newStatus":"draft","terms":[],"taxonomy":"section","extraData":[]},"publishpress_future_workflow_manual_trigger":{"enabledWorkflows":[]},"_links":{"self":[{"href":"https:\/\/www.caissealliance.com\/fr\/wp-json\/wp\/v2\/pages\/1954","targetHints":{"allow":["GET"]}}],"collection":[{"href":"https:\/\/www.caissealliance.com\/fr\/wp-json\/wp\/v2\/pages"}],"about":[{"href":"https:\/\/www.caissealliance.com\/fr\/wp-json\/wp\/v2\/types\/page"}],"author":[{"embeddable":true,"href":"https:\/\/www.caissealliance.com\/fr\/wp-json\/wp\/v2\/users\/1"}],"replies":[{"embeddable":true,"href":"https:\/\/www.caissealliance.com\/fr\/wp-json\/wp\/v2\/comments?post=1954"}],"version-history":[{"count":9,"href":"https:\/\/www.caissealliance.com\/fr\/wp-json\/wp\/v2\/pages\/1954\/revisions"}],"predecessor-version":[{"id":4075,"href":"https:\/\/www.caissealliance.com\/fr\/wp-json\/wp\/v2\/pages\/1954\/revisions\/4075"}],"wp:attachment":[{"href":"https:\/\/www.caissealliance.com\/fr\/wp-json\/wp\/v2\/media?parent=1954"}],"curies":[{"name":"wp","href":"https:\/\/api.w.org\/{rel}","templated":true}]}}