{"id":1935,"date":"2019-03-22T13:04:19","date_gmt":"2019-03-22T17:04:19","guid":{"rendered":"http:\/\/caissealliance.absoludev.ca\/depot-mobile-entreprises\/"},"modified":"2024-12-16T14:26:25","modified_gmt":"2024-12-16T19:26:25","slug":"depot-mobile-entreprises","status":"publish","type":"page","link":"https:\/\/www.caissealliance.com\/fr\/entreprises\/services\/services-mobiles-entreprise\/depot-mobile-entreprises\/","title":{"rendered":"D\u00e9p\u00f4t mobile \u2013 Entreprises"},"content":{"rendered":"<h1>D\u00e9p\u00f4t mobile \u2013 Entreprises<\/h1>\n<p>Gr\u00e2ce \u00e0 la fonctionnalit\u00e9 du d\u00e9p\u00f4t mobile, vous ou vos d\u00e9l\u00e9gu\u00e9s pouvez d\u00e9poser un ch\u00e8que sans avoir \u00e0 vous d\u00e9placer en centre de services ou au guichet automatique. C&#8217;est simple et rapide!<\/p>\n<p><strong>Comment \u00e7a fonctionne?<\/strong><\/p>\n<ol>\n<li>Vous trouverez la fonctionnalit\u00e9 du d\u00e9p\u00f4t mobile dans votre application d&#8217;Allia.<\/li>\n<li>Consultez notre <a href=\"https:\/\/app.guideflow.com\/player\/5pvjzwziwp\">d\u00e9mo interactive<\/a> pour conna\u00eetre les \u00e9tapes.<\/li>\n<\/ol>\n<p><strong>Ce qu\u2019il faut savoir<\/strong><\/p>\n<ul>\n<li>La majorit\u00e9 des ch\u00e8ques sont admissibles au d\u00e9p\u00f4t mobile.<\/li>\n<li>Le ch\u00e8que \u00e0 d\u00e9poser doit \u00eatre en devise canadienne et doit provenir d\u2019une institution financi\u00e8re canadienne.<\/li>\n<li>Lorsque vous d\u00e9posez un ch\u00e8que \u00e0 l\u2019aide du d\u00e9p\u00f4t mobile, vous devez conserver votre ch\u00e8que durant 90 jours et le d\u00e9truire dans les 120 jours. Apr\u00e8s avoir confirm\u00e9 le tout, \u00e9crivez \u00ab D\u00e9pos\u00e9 \u00bb au recto du ch\u00e8que pour vous rappeler qu\u2019il a \u00e9t\u00e9 d\u00e9pos\u00e9. Rangez le ch\u00e8que dans un endroit s\u00fbr au cas o\u00f9 on vous demanderait de fournir l\u2019original pour une raison ou une autre.<\/li>\n<li>Les r\u00e8gles applicables au niveau de la p\u00e9riode de retenue des fonds d\u00e9pos\u00e9s sont les m\u00eames que pour les ch\u00e8ques d\u00e9pos\u00e9s en centre de services<sup>(5)<\/sup>.<\/li>\n<li><strong>Il n\u2019y a pas de limite au montant des d\u00e9p\u00f4ts mobiles.\u00a0<\/strong><\/li>\n<li><strong>Il n\u2019y a aucuns frais li\u00e9s \u00e0 cette fonctionnalit\u00e9.<\/strong><\/li>\n<\/ul>\n","protected":false},"excerpt":{"rendered":"<p>Gr\u00e2ce \u00e0 la fonctionnalit\u00e9 du d\u00e9p\u00f4t mobile, vous ou vos d\u00e9l\u00e9gu\u00e9s pouvez d\u00e9poser un ch\u00e8que sans avoir \u00e0 vous d\u00e9placer en centre de services ou au guichet automatique. C&#8217;est simple et rapide! Comment \u00e7a fonctionne? Vous trouverez la fonctionnalit\u00e9 du d\u00e9p\u00f4t mobile dans votre application d&#8217;Allia. Consultez notre d\u00e9mo interactive pour conna\u00eetre les \u00e9tapes. Ce [&#8230;]<\/p>\n","protected":false},"author":1,"featured_media":0,"parent":1816,"menu_order":1,"comment_status":"closed","ping_status":"closed","template":"","meta":{"_acf_changed":false,"_monsterinsights_skip_tracking":false,"_monsterinsights_sitenote_active":false,"_monsterinsights_sitenote_note":"","_monsterinsights_sitenote_category":0,"footnotes":""},"class_list":["post-1935","page","type-page","status-publish","hentry","section-services-entreprise"],"acf":[],"yoast_head":"<!-- This site is optimized with the Yoast SEO plugin v27.4 - https:\/\/yoast.com\/product\/yoast-seo-wordpress\/ -->\n<title>D\u00e9p\u00f4t mobile \u2013 Entreprises | Caisse Alliance<\/title>\n<meta name=\"robots\" content=\"index, follow, max-snippet:-1, max-image-preview:large, max-video-preview:-1\" \/>\n<link rel=\"canonical\" href=\"https:\/\/www.caissealliance.com\/fr\/entreprises\/services\/services-mobiles-entreprise\/depot-mobile-entreprises\/\" \/>\n<meta property=\"og:locale\" content=\"fr_FR\" \/>\n<meta property=\"og:type\" content=\"article\" \/>\n<meta property=\"og:title\" content=\"D\u00e9p\u00f4t mobile \u2013 Entreprises | Caisse Alliance\" \/>\n<meta property=\"og:description\" content=\"Gr\u00e2ce \u00e0 la fonctionnalit\u00e9 du d\u00e9p\u00f4t mobile, vous ou vos d\u00e9l\u00e9gu\u00e9s pouvez d\u00e9poser un ch\u00e8que sans avoir \u00e0 vous d\u00e9placer en centre de services ou au guichet automatique. C&#8217;est simple et rapide! Comment \u00e7a fonctionne? Vous trouverez la fonctionnalit\u00e9 du d\u00e9p\u00f4t mobile dans votre application d&#8217;Allia. Consultez notre d\u00e9mo interactive pour conna\u00eetre les \u00e9tapes. Ce [...]\" \/>\n<meta property=\"og:url\" content=\"https:\/\/www.caissealliance.com\/fr\/entreprises\/services\/services-mobiles-entreprise\/depot-mobile-entreprises\/\" \/>\n<meta property=\"og:site_name\" content=\"Caisse Alliance\" \/>\n<meta property=\"article:modified_time\" content=\"2024-12-16T19:26:25+00:00\" \/>\n<meta name=\"twitter:card\" content=\"summary_large_image\" \/>\n<meta name=\"twitter:label1\" content=\"Dur\u00e9e de lecture estim\u00e9e\" \/>\n\t<meta name=\"twitter:data1\" content=\"2 minutes\" \/>\n<script type=\"application\/ld+json\" class=\"yoast-schema-graph\">{\"@context\":\"https:\\\/\\\/schema.org\",\"@graph\":[{\"@type\":\"WebPage\",\"@id\":\"https:\\\/\\\/www.caissealliance.com\\\/fr\\\/entreprises\\\/services\\\/services-mobiles-entreprise\\\/depot-mobile-entreprises\\\/\",\"url\":\"https:\\\/\\\/www.caissealliance.com\\\/fr\\\/entreprises\\\/services\\\/services-mobiles-entreprise\\\/depot-mobile-entreprises\\\/\",\"name\":\"D\u00e9p\u00f4t mobile \u2013 Entreprises | Caisse Alliance\",\"isPartOf\":{\"@id\":\"https:\\\/\\\/www.caissealliance.com\\\/fr\\\/#website\"},\"datePublished\":\"2019-03-22T17:04:19+00:00\",\"dateModified\":\"2024-12-16T19:26:25+00:00\",\"breadcrumb\":{\"@id\":\"https:\\\/\\\/www.caissealliance.com\\\/fr\\\/entreprises\\\/services\\\/services-mobiles-entreprise\\\/depot-mobile-entreprises\\\/#breadcrumb\"},\"inLanguage\":\"fr-FR\",\"potentialAction\":[{\"@type\":\"ReadAction\",\"target\":[\"https:\\\/\\\/www.caissealliance.com\\\/fr\\\/entreprises\\\/services\\\/services-mobiles-entreprise\\\/depot-mobile-entreprises\\\/\"]}]},{\"@type\":\"BreadcrumbList\",\"@id\":\"https:\\\/\\\/www.caissealliance.com\\\/fr\\\/entreprises\\\/services\\\/services-mobiles-entreprise\\\/depot-mobile-entreprises\\\/#breadcrumb\",\"itemListElement\":[{\"@type\":\"ListItem\",\"position\":1,\"name\":\"Home\",\"item\":\"https:\\\/\\\/www.caissealliance.com\\\/fr\\\/\"},{\"@type\":\"ListItem\",\"position\":2,\"name\":\"Entreprises\",\"item\":\"https:\\\/\\\/www.caissealliance.com\\\/fr\\\/entreprises\\\/\"},{\"@type\":\"ListItem\",\"position\":3,\"name\":\"Services\",\"item\":\"https:\\\/\\\/www.caissealliance.com\\\/fr\\\/entreprises\\\/services\\\/\"},{\"@type\":\"ListItem\",\"position\":4,\"name\":\"Services mobiles\",\"item\":\"https:\\\/\\\/www.caissealliance.com\\\/fr\\\/entreprises\\\/services\\\/services-mobiles-entreprise\\\/\"},{\"@type\":\"ListItem\",\"position\":5,\"name\":\"D\u00e9p\u00f4t mobile \u2013 Entreprises\"}]},{\"@type\":\"WebSite\",\"@id\":\"https:\\\/\\\/www.caissealliance.com\\\/fr\\\/#website\",\"url\":\"https:\\\/\\\/www.caissealliance.com\\\/fr\\\/\",\"name\":\"Caisse Alliance\",\"description\":\"Site Web de la Caisse Alliance\",\"potentialAction\":[{\"@type\":\"SearchAction\",\"target\":{\"@type\":\"EntryPoint\",\"urlTemplate\":\"https:\\\/\\\/www.caissealliance.com\\\/fr\\\/?s={search_term_string}\"},\"query-input\":{\"@type\":\"PropertyValueSpecification\",\"valueRequired\":true,\"valueName\":\"search_term_string\"}}],\"inLanguage\":\"fr-FR\"}]}<\/script>\n<!-- \/ Yoast SEO plugin. -->","yoast_head_json":{"title":"D\u00e9p\u00f4t mobile \u2013 Entreprises | Caisse Alliance","robots":{"index":"index","follow":"follow","max-snippet":"max-snippet:-1","max-image-preview":"max-image-preview:large","max-video-preview":"max-video-preview:-1"},"canonical":"https:\/\/www.caissealliance.com\/fr\/entreprises\/services\/services-mobiles-entreprise\/depot-mobile-entreprises\/","og_locale":"fr_FR","og_type":"article","og_title":"D\u00e9p\u00f4t mobile \u2013 Entreprises | Caisse Alliance","og_description":"Gr\u00e2ce \u00e0 la fonctionnalit\u00e9 du d\u00e9p\u00f4t mobile, vous ou vos d\u00e9l\u00e9gu\u00e9s pouvez d\u00e9poser un ch\u00e8que sans avoir \u00e0 vous d\u00e9placer en centre de services ou au guichet automatique. C&#8217;est simple et rapide! Comment \u00e7a fonctionne? Vous trouverez la fonctionnalit\u00e9 du d\u00e9p\u00f4t mobile dans votre application d&#8217;Allia. Consultez notre d\u00e9mo interactive pour conna\u00eetre les \u00e9tapes. Ce [...]","og_url":"https:\/\/www.caissealliance.com\/fr\/entreprises\/services\/services-mobiles-entreprise\/depot-mobile-entreprises\/","og_site_name":"Caisse Alliance","article_modified_time":"2024-12-16T19:26:25+00:00","twitter_card":"summary_large_image","twitter_misc":{"Dur\u00e9e de lecture estim\u00e9e":"2 minutes"},"schema":{"@context":"https:\/\/schema.org","@graph":[{"@type":"WebPage","@id":"https:\/\/www.caissealliance.com\/fr\/entreprises\/services\/services-mobiles-entreprise\/depot-mobile-entreprises\/","url":"https:\/\/www.caissealliance.com\/fr\/entreprises\/services\/services-mobiles-entreprise\/depot-mobile-entreprises\/","name":"D\u00e9p\u00f4t mobile \u2013 Entreprises | Caisse Alliance","isPartOf":{"@id":"https:\/\/www.caissealliance.com\/fr\/#website"},"datePublished":"2019-03-22T17:04:19+00:00","dateModified":"2024-12-16T19:26:25+00:00","breadcrumb":{"@id":"https:\/\/www.caissealliance.com\/fr\/entreprises\/services\/services-mobiles-entreprise\/depot-mobile-entreprises\/#breadcrumb"},"inLanguage":"fr-FR","potentialAction":[{"@type":"ReadAction","target":["https:\/\/www.caissealliance.com\/fr\/entreprises\/services\/services-mobiles-entreprise\/depot-mobile-entreprises\/"]}]},{"@type":"BreadcrumbList","@id":"https:\/\/www.caissealliance.com\/fr\/entreprises\/services\/services-mobiles-entreprise\/depot-mobile-entreprises\/#breadcrumb","itemListElement":[{"@type":"ListItem","position":1,"name":"Home","item":"https:\/\/www.caissealliance.com\/fr\/"},{"@type":"ListItem","position":2,"name":"Entreprises","item":"https:\/\/www.caissealliance.com\/fr\/entreprises\/"},{"@type":"ListItem","position":3,"name":"Services","item":"https:\/\/www.caissealliance.com\/fr\/entreprises\/services\/"},{"@type":"ListItem","position":4,"name":"Services mobiles","item":"https:\/\/www.caissealliance.com\/fr\/entreprises\/services\/services-mobiles-entreprise\/"},{"@type":"ListItem","position":5,"name":"D\u00e9p\u00f4t mobile \u2013 Entreprises"}]},{"@type":"WebSite","@id":"https:\/\/www.caissealliance.com\/fr\/#website","url":"https:\/\/www.caissealliance.com\/fr\/","name":"Caisse Alliance","description":"Site Web de la Caisse Alliance","potentialAction":[{"@type":"SearchAction","target":{"@type":"EntryPoint","urlTemplate":"https:\/\/www.caissealliance.com\/fr\/?s={search_term_string}"},"query-input":{"@type":"PropertyValueSpecification","valueRequired":true,"valueName":"search_term_string"}}],"inLanguage":"fr-FR"}]}},"publishpress_future_action":{"enabled":false,"date":"2026-05-06 16:45:50","action":"change-status","newStatus":"draft","terms":[],"taxonomy":"section","extraData":[]},"publishpress_future_workflow_manual_trigger":{"enabledWorkflows":[]},"_links":{"self":[{"href":"https:\/\/www.caissealliance.com\/fr\/wp-json\/wp\/v2\/pages\/1935","targetHints":{"allow":["GET"]}}],"collection":[{"href":"https:\/\/www.caissealliance.com\/fr\/wp-json\/wp\/v2\/pages"}],"about":[{"href":"https:\/\/www.caissealliance.com\/fr\/wp-json\/wp\/v2\/types\/page"}],"author":[{"embeddable":true,"href":"https:\/\/www.caissealliance.com\/fr\/wp-json\/wp\/v2\/users\/1"}],"replies":[{"embeddable":true,"href":"https:\/\/www.caissealliance.com\/fr\/wp-json\/wp\/v2\/comments?post=1935"}],"version-history":[{"count":12,"href":"https:\/\/www.caissealliance.com\/fr\/wp-json\/wp\/v2\/pages\/1935\/revisions"}],"predecessor-version":[{"id":30349,"href":"https:\/\/www.caissealliance.com\/fr\/wp-json\/wp\/v2\/pages\/1935\/revisions\/30349"}],"up":[{"embeddable":true,"href":"https:\/\/www.caissealliance.com\/fr\/wp-json\/wp\/v2\/pages\/1816"}],"wp:attachment":[{"href":"https:\/\/www.caissealliance.com\/fr\/wp-json\/wp\/v2\/media?parent=1935"}],"curies":[{"name":"wp","href":"https:\/\/api.w.org\/{rel}","templated":true}]}}