{"id":1934,"date":"2019-03-22T13:04:17","date_gmt":"2019-03-22T17:04:17","guid":{"rendered":"http:\/\/caissealliance.absoludev.ca\/programmes-de-credit-aux-entreprises\/"},"modified":"2021-06-03T08:36:15","modified_gmt":"2021-06-03T12:36:15","slug":"programmes-de-credit-aux-entreprises","status":"publish","type":"page","link":"https:\/\/www.caissealliance.com\/fr\/entreprises\/services\/autres-services-pour-entrepreneurs\/programmes-de-credit-aux-entreprises\/","title":{"rendered":"Programmes de cr\u00e9dit aux entreprises"},"content":{"rendered":"<h1>Programmes de cr\u00e9dit aux entreprises<\/h1>\n<p>Dans le cadre du Plan d\u2019action \u00e9conomique du Canada, et pour faciliter l\u2019acc\u00e8s des entreprises au cr\u00e9dit en p\u00e9riode d\u2019incertitude \u00e9conomique, le gouvernement f\u00e9d\u00e9ral a cr\u00e9\u00e9 le Programme de cr\u00e9dit aux entreprises (PCE).<\/p>\n<p>Exportation et d\u00e9veloppement Canada (EDC) et la Banque de d\u00e9veloppement du Canada (BDC) collaboreront avec la Caisse Alliance et d&#8217;autres institutions financi\u00e8res du secteur priv\u00e9 afin de consentir des pr\u00eats et d\u2019autres formes de cr\u00e9dit aux entreprises solvables \u00e0 l\u2019int\u00e9rieur de ce programme.<\/p>\n<h2><strong>\u00c0 propos du programme<\/strong><\/h2>\n<p>Par l\u2019entremise du Programme de cr\u00e9dit aux entreprises, EDC et la BDC fourniront au moins 5 milliards de dollars au titre de pr\u00eats additionnels et d\u2019autres mesures de soutien et d\u2019am\u00e9lioration du financement, aux taux du march\u00e9, aux entreprises dot\u00e9es de mod\u00e8les op\u00e9rationnels viables dont l\u2019acc\u00e8s au cr\u00e9dit serait par ailleurs limit\u00e9.<\/p>\n<h2><strong>Qui est admissible?<\/strong><\/h2>\n<p>Toute entreprise canadienne solvable \u00e0 la recherche de financement pour soutenir ses op\u00e9rations et pr\u00e9server des emplois peut pr\u00e9senter une demande. Les entreprises canadiennes devraient d\u2019abord communiquer avec leur directeur de compte de la Caisse Alliance pour d\u00e9terminer comment le Programme de cr\u00e9dit aux entreprises peut s\u2019appliquer \u00e0 leur situation. Dans certains cas, elles seront invit\u00e9es \u00e0 s\u2019adresser \u00e0 la BDC ou \u00e0 EDC. Les entreprises peuvent aussi choisir de contacter directement la BDC ou EDC si elles ont une relation d\u2019affaires \u00e9tablie avec ces organismes.<\/p>\n<h2><strong>Pour en savoir plus<\/strong><\/h2>\n<p>Consultez les sites de la <a href=\"https:\/\/www.bdc.ca\/fr\/pages\/accueil.aspx\" target=\"_blank\" rel=\"noopener noreferrer\" data-gc-link=\"https:\/\/www.bdc.ca\/fr\/pages\/accueil.aspx\">Banque de d\u00e9veloppement du Canada<\/a>, <a href=\"https:\/\/www.edc.ca\/fr\/accueil.html\" target=\"_blank\" rel=\"noopener noreferrer\" data-gc-link=\"http:\/\/www.edc.ca\/fr\/\">d\u2019Exportation et d\u00e9veloppement Canada<\/a> ou du <a href=\"https:\/\/www.canada.ca\/fr\/ministere-finances.html\" target=\"_blank\" rel=\"noopener noreferrer\" data-gc-link=\"http:\/\/www.fin.gc.ca\/bcap-pce\/index-fra.asp\">Minist\u00e8re des Finances du Canada<\/a>.<\/p>\n<p>&nbsp;<\/p>\n","protected":false},"excerpt":{"rendered":"<p>Dans le cadre du Plan d\u2019action \u00e9conomique du Canada, et pour faciliter l\u2019acc\u00e8s des entreprises au cr\u00e9dit en p\u00e9riode d\u2019incertitude \u00e9conomique, le gouvernement f\u00e9d\u00e9ral a cr\u00e9\u00e9 le Programme de cr\u00e9dit aux entreprises (PCE). Exportation et d\u00e9veloppement Canada (EDC) et la Banque de d\u00e9veloppement du Canada (BDC) collaboreront avec la Caisse Alliance et d&#8217;autres institutions financi\u00e8res [&#8230;]<\/p>\n","protected":false},"author":1,"featured_media":0,"parent":1819,"menu_order":1,"comment_status":"closed","ping_status":"closed","template":"","meta":{"_acf_changed":false,"_monsterinsights_skip_tracking":false,"_monsterinsights_sitenote_active":false,"_monsterinsights_sitenote_note":"","_monsterinsights_sitenote_category":0,"footnotes":""},"class_list":["post-1934","page","type-page","status-publish","hentry","section-services-entreprise"],"acf":[],"yoast_head":"<!-- This site is optimized with the Yoast SEO plugin v27.4 - https:\/\/yoast.com\/product\/yoast-seo-wordpress\/ -->\n<title>Programmes de cr\u00e9dit aux entreprises | Caisse Alliance<\/title>\n<meta name=\"robots\" content=\"index, follow, max-snippet:-1, max-image-preview:large, max-video-preview:-1\" \/>\n<link rel=\"canonical\" href=\"https:\/\/www.caissealliance.com\/fr\/entreprises\/services\/autres-services-pour-entrepreneurs\/programmes-de-credit-aux-entreprises\/\" \/>\n<meta property=\"og:locale\" content=\"fr_FR\" \/>\n<meta property=\"og:type\" content=\"article\" \/>\n<meta property=\"og:title\" content=\"Programmes de cr\u00e9dit aux entreprises | Caisse Alliance\" \/>\n<meta property=\"og:description\" content=\"Dans le cadre du Plan d\u2019action \u00e9conomique du Canada, et pour faciliter l\u2019acc\u00e8s des entreprises au cr\u00e9dit en p\u00e9riode d\u2019incertitude \u00e9conomique, le gouvernement f\u00e9d\u00e9ral a cr\u00e9\u00e9 le Programme de cr\u00e9dit aux entreprises (PCE). Exportation et d\u00e9veloppement Canada (EDC) et la Banque de d\u00e9veloppement du Canada (BDC) collaboreront avec la Caisse Alliance et d&#8217;autres institutions financi\u00e8res [...]\" \/>\n<meta property=\"og:url\" content=\"https:\/\/www.caissealliance.com\/fr\/entreprises\/services\/autres-services-pour-entrepreneurs\/programmes-de-credit-aux-entreprises\/\" \/>\n<meta property=\"og:site_name\" content=\"Caisse Alliance\" \/>\n<meta property=\"article:modified_time\" content=\"2021-06-03T12:36:15+00:00\" \/>\n<meta name=\"twitter:card\" content=\"summary_large_image\" \/>\n<meta name=\"twitter:label1\" content=\"Dur\u00e9e de lecture estim\u00e9e\" \/>\n\t<meta name=\"twitter:data1\" content=\"1 minute\" \/>\n<script type=\"application\/ld+json\" class=\"yoast-schema-graph\">{\"@context\":\"https:\\\/\\\/schema.org\",\"@graph\":[{\"@type\":\"WebPage\",\"@id\":\"https:\\\/\\\/www.caissealliance.com\\\/fr\\\/entreprises\\\/services\\\/autres-services-pour-entrepreneurs\\\/programmes-de-credit-aux-entreprises\\\/\",\"url\":\"https:\\\/\\\/www.caissealliance.com\\\/fr\\\/entreprises\\\/services\\\/autres-services-pour-entrepreneurs\\\/programmes-de-credit-aux-entreprises\\\/\",\"name\":\"Programmes de cr\u00e9dit aux entreprises | Caisse Alliance\",\"isPartOf\":{\"@id\":\"https:\\\/\\\/www.caissealliance.com\\\/fr\\\/#website\"},\"datePublished\":\"2019-03-22T17:04:17+00:00\",\"dateModified\":\"2021-06-03T12:36:15+00:00\",\"breadcrumb\":{\"@id\":\"https:\\\/\\\/www.caissealliance.com\\\/fr\\\/entreprises\\\/services\\\/autres-services-pour-entrepreneurs\\\/programmes-de-credit-aux-entreprises\\\/#breadcrumb\"},\"inLanguage\":\"fr-FR\",\"potentialAction\":[{\"@type\":\"ReadAction\",\"target\":[\"https:\\\/\\\/www.caissealliance.com\\\/fr\\\/entreprises\\\/services\\\/autres-services-pour-entrepreneurs\\\/programmes-de-credit-aux-entreprises\\\/\"]}]},{\"@type\":\"BreadcrumbList\",\"@id\":\"https:\\\/\\\/www.caissealliance.com\\\/fr\\\/entreprises\\\/services\\\/autres-services-pour-entrepreneurs\\\/programmes-de-credit-aux-entreprises\\\/#breadcrumb\",\"itemListElement\":[{\"@type\":\"ListItem\",\"position\":1,\"name\":\"Home\",\"item\":\"https:\\\/\\\/www.caissealliance.com\\\/fr\\\/\"},{\"@type\":\"ListItem\",\"position\":2,\"name\":\"Entreprises\",\"item\":\"https:\\\/\\\/www.caissealliance.com\\\/fr\\\/entreprises\\\/\"},{\"@type\":\"ListItem\",\"position\":3,\"name\":\"Services\",\"item\":\"https:\\\/\\\/www.caissealliance.com\\\/fr\\\/entreprises\\\/services\\\/\"},{\"@type\":\"ListItem\",\"position\":4,\"name\":\"Autres services pour entrepreneurs\",\"item\":\"https:\\\/\\\/www.caissealliance.com\\\/fr\\\/entreprises\\\/services\\\/autres-services-pour-entrepreneurs\\\/\"},{\"@type\":\"ListItem\",\"position\":5,\"name\":\"Programmes de cr\u00e9dit aux entreprises\"}]},{\"@type\":\"WebSite\",\"@id\":\"https:\\\/\\\/www.caissealliance.com\\\/fr\\\/#website\",\"url\":\"https:\\\/\\\/www.caissealliance.com\\\/fr\\\/\",\"name\":\"Caisse Alliance\",\"description\":\"Site Web de la Caisse Alliance\",\"potentialAction\":[{\"@type\":\"SearchAction\",\"target\":{\"@type\":\"EntryPoint\",\"urlTemplate\":\"https:\\\/\\\/www.caissealliance.com\\\/fr\\\/?s={search_term_string}\"},\"query-input\":{\"@type\":\"PropertyValueSpecification\",\"valueRequired\":true,\"valueName\":\"search_term_string\"}}],\"inLanguage\":\"fr-FR\"}]}<\/script>\n<!-- \/ Yoast SEO plugin. -->","yoast_head_json":{"title":"Programmes de cr\u00e9dit aux entreprises | Caisse Alliance","robots":{"index":"index","follow":"follow","max-snippet":"max-snippet:-1","max-image-preview":"max-image-preview:large","max-video-preview":"max-video-preview:-1"},"canonical":"https:\/\/www.caissealliance.com\/fr\/entreprises\/services\/autres-services-pour-entrepreneurs\/programmes-de-credit-aux-entreprises\/","og_locale":"fr_FR","og_type":"article","og_title":"Programmes de cr\u00e9dit aux entreprises | Caisse Alliance","og_description":"Dans le cadre du Plan d\u2019action \u00e9conomique du Canada, et pour faciliter l\u2019acc\u00e8s des entreprises au cr\u00e9dit en p\u00e9riode d\u2019incertitude \u00e9conomique, le gouvernement f\u00e9d\u00e9ral a cr\u00e9\u00e9 le Programme de cr\u00e9dit aux entreprises (PCE). Exportation et d\u00e9veloppement Canada (EDC) et la Banque de d\u00e9veloppement du Canada (BDC) collaboreront avec la Caisse Alliance et d&#8217;autres institutions financi\u00e8res [...]","og_url":"https:\/\/www.caissealliance.com\/fr\/entreprises\/services\/autres-services-pour-entrepreneurs\/programmes-de-credit-aux-entreprises\/","og_site_name":"Caisse Alliance","article_modified_time":"2021-06-03T12:36:15+00:00","twitter_card":"summary_large_image","twitter_misc":{"Dur\u00e9e de lecture estim\u00e9e":"1 minute"},"schema":{"@context":"https:\/\/schema.org","@graph":[{"@type":"WebPage","@id":"https:\/\/www.caissealliance.com\/fr\/entreprises\/services\/autres-services-pour-entrepreneurs\/programmes-de-credit-aux-entreprises\/","url":"https:\/\/www.caissealliance.com\/fr\/entreprises\/services\/autres-services-pour-entrepreneurs\/programmes-de-credit-aux-entreprises\/","name":"Programmes de cr\u00e9dit aux entreprises | Caisse Alliance","isPartOf":{"@id":"https:\/\/www.caissealliance.com\/fr\/#website"},"datePublished":"2019-03-22T17:04:17+00:00","dateModified":"2021-06-03T12:36:15+00:00","breadcrumb":{"@id":"https:\/\/www.caissealliance.com\/fr\/entreprises\/services\/autres-services-pour-entrepreneurs\/programmes-de-credit-aux-entreprises\/#breadcrumb"},"inLanguage":"fr-FR","potentialAction":[{"@type":"ReadAction","target":["https:\/\/www.caissealliance.com\/fr\/entreprises\/services\/autres-services-pour-entrepreneurs\/programmes-de-credit-aux-entreprises\/"]}]},{"@type":"BreadcrumbList","@id":"https:\/\/www.caissealliance.com\/fr\/entreprises\/services\/autres-services-pour-entrepreneurs\/programmes-de-credit-aux-entreprises\/#breadcrumb","itemListElement":[{"@type":"ListItem","position":1,"name":"Home","item":"https:\/\/www.caissealliance.com\/fr\/"},{"@type":"ListItem","position":2,"name":"Entreprises","item":"https:\/\/www.caissealliance.com\/fr\/entreprises\/"},{"@type":"ListItem","position":3,"name":"Services","item":"https:\/\/www.caissealliance.com\/fr\/entreprises\/services\/"},{"@type":"ListItem","position":4,"name":"Autres services pour entrepreneurs","item":"https:\/\/www.caissealliance.com\/fr\/entreprises\/services\/autres-services-pour-entrepreneurs\/"},{"@type":"ListItem","position":5,"name":"Programmes de cr\u00e9dit aux entreprises"}]},{"@type":"WebSite","@id":"https:\/\/www.caissealliance.com\/fr\/#website","url":"https:\/\/www.caissealliance.com\/fr\/","name":"Caisse Alliance","description":"Site Web de la Caisse Alliance","potentialAction":[{"@type":"SearchAction","target":{"@type":"EntryPoint","urlTemplate":"https:\/\/www.caissealliance.com\/fr\/?s={search_term_string}"},"query-input":{"@type":"PropertyValueSpecification","valueRequired":true,"valueName":"search_term_string"}}],"inLanguage":"fr-FR"}]}},"publishpress_future_action":{"enabled":false,"date":"2026-05-06 15:37:18","action":"change-status","newStatus":"draft","terms":[],"taxonomy":"section","extraData":[]},"publishpress_future_workflow_manual_trigger":{"enabledWorkflows":[]},"_links":{"self":[{"href":"https:\/\/www.caissealliance.com\/fr\/wp-json\/wp\/v2\/pages\/1934","targetHints":{"allow":["GET"]}}],"collection":[{"href":"https:\/\/www.caissealliance.com\/fr\/wp-json\/wp\/v2\/pages"}],"about":[{"href":"https:\/\/www.caissealliance.com\/fr\/wp-json\/wp\/v2\/types\/page"}],"author":[{"embeddable":true,"href":"https:\/\/www.caissealliance.com\/fr\/wp-json\/wp\/v2\/users\/1"}],"replies":[{"embeddable":true,"href":"https:\/\/www.caissealliance.com\/fr\/wp-json\/wp\/v2\/comments?post=1934"}],"version-history":[{"count":9,"href":"https:\/\/www.caissealliance.com\/fr\/wp-json\/wp\/v2\/pages\/1934\/revisions"}],"predecessor-version":[{"id":12710,"href":"https:\/\/www.caissealliance.com\/fr\/wp-json\/wp\/v2\/pages\/1934\/revisions\/12710"}],"up":[{"embeddable":true,"href":"https:\/\/www.caissealliance.com\/fr\/wp-json\/wp\/v2\/pages\/1819"}],"wp:attachment":[{"href":"https:\/\/www.caissealliance.com\/fr\/wp-json\/wp\/v2\/media?parent=1934"}],"curies":[{"name":"wp","href":"https:\/\/api.w.org\/{rel}","templated":true}]}}