{"id":1914,"date":"2019-03-22T12:53:42","date_gmt":"2019-03-22T16:53:42","guid":{"rendered":"http:\/\/caissealliance.absoludev.ca\/reer-collectif\/"},"modified":"2019-04-24T12:22:52","modified_gmt":"2019-04-24T16:22:52","slug":"reer-collectif","status":"publish","type":"page","link":"https:\/\/www.caissealliance.com\/fr\/entreprises\/services\/solutions-pour-employeurs\/reer-collectif\/","title":{"rendered":"REER collectif"},"content":{"rendered":"<h1>REER collectif<\/h1>\n<p><em>Nous pouvons \u00e9galement vous offrir les services compl\u00e9mentaires suivants gr\u00e2ce \u00e0 des ententes de services avec certains partenaires. Si vous d\u00e9sirez obtenir plus de renseignements, veuillez communiquer avec un conseiller \u00e0 votre Caisse populaire.<\/em><\/p>\n<p>Regroupement de REER individuels dont l\u2019administration est centralis\u00e9e. Chaque participant peut se constituer un capital en pr\u00e9vision de la retraite \u00e0 un taux avantageux. Le REER collectif peut compl\u00e9ter un r\u00e9gime de retraite d\u2019entreprise ou un r\u00e9gime d\u2019\u00e9pargne-retraite autonome.<\/p>\n<h2><strong>Avantages pour votre entreprise<\/strong><\/h2>\n<ul>\n<li data-gc-list-depth=\"1\" data-gc-list-style=\"bullet\">Frais d\u2019administration et de gestion flexibles et comp\u00e9titifs.<\/li>\n<li data-gc-list-depth=\"1\" data-gc-list-style=\"bullet\">Gestion simplifi\u00e9e permettant de r\u00e9duire les t\u00e2ches administratives.<\/li>\n<li data-gc-list-depth=\"1\" data-gc-list-style=\"bullet\">All\u00e8gement fiscal : les cotisations de l\u2019employeur sont consid\u00e9r\u00e9es comme une d\u00e9pense de salaire, donc elles sont d\u00e9ductibles d\u2019imp\u00f4t.<\/li>\n<li data-gc-list-depth=\"1\" data-gc-list-style=\"bullet\">Cotisation facultative de la part de l\u2019employeur.<\/li>\n<li data-gc-list-depth=\"1\" data-gc-list-style=\"bullet\">Une seule personne ressource assign\u00e9e \u00e0 votre entreprise.<\/li>\n<li data-gc-list-depth=\"1\" data-gc-list-style=\"bullet\">Plusieurs choix de mode de transmission des cotisations.<\/li>\n<\/ul>\n<h2><strong>Avantages pour vos employ\u00e9s<\/strong><\/h2>\n<ul>\n<li data-gc-list-depth=\"1\" data-gc-list-style=\"bullet\">R\u00e9duction imm\u00e9diate d\u2019imp\u00f4t : les cotisations sont d\u00e9duites du salaire brut des participants.<\/li>\n<li data-gc-list-depth=\"1\" data-gc-list-style=\"bullet\">Cumul des cotisations \u00e0 l\u2019abri de l\u2019imp\u00f4t.<\/li>\n<li data-gc-list-depth=\"1\" data-gc-list-style=\"bullet\">Les sommes investies dans un REER ne sont pas immobilis\u00e9es.<\/li>\n<li data-gc-list-depth=\"1\" data-gc-list-style=\"bullet\">Choix de placement d\u00e9termin\u00e9 par le participant.<\/li>\n<li data-gc-list-depth=\"1\" data-gc-list-style=\"bullet\">Options de placement nombreuses et vari\u00e9es.<\/li>\n<li data-gc-list-depth=\"1\" data-gc-list-style=\"bullet\">Frais de gestion concurrentiels.<\/li>\n<li data-gc-list-depth=\"1\" data-gc-list-style=\"bullet\">Possibilit\u00e9 d\u2019investir dans le REER collectif du conjoint.<\/li>\n<li data-gc-list-depth=\"1\" data-gc-list-style=\"bullet\">Possibilit\u00e9 pour vos employ\u00e9s de transf\u00e9rer des sommes immobilis\u00e9es dans un compte de retraite immobilis\u00e9 (CRI) collectif.<\/li>\n<\/ul>\n<p>&nbsp;<\/p>\n<p>&nbsp;<\/p>\n","protected":false},"excerpt":{"rendered":"<p>Nous pouvons \u00e9galement vous offrir les services compl\u00e9mentaires suivants gr\u00e2ce \u00e0 des ententes de services avec certains partenaires. Si vous d\u00e9sirez obtenir plus de renseignements, veuillez communiquer avec un conseiller \u00e0 votre Caisse populaire. Regroupement de REER individuels dont l\u2019administration est centralis\u00e9e. Chaque participant peut se constituer un capital en pr\u00e9vision de la retraite \u00e0 [&#8230;]<\/p>\n","protected":false},"author":1,"featured_media":0,"parent":1814,"menu_order":5,"comment_status":"closed","ping_status":"closed","template":"","meta":{"_acf_changed":false,"_monsterinsights_skip_tracking":false,"_monsterinsights_sitenote_active":false,"_monsterinsights_sitenote_note":"","_monsterinsights_sitenote_category":0,"footnotes":""},"class_list":["post-1914","page","type-page","status-publish","hentry","section-services-entreprise"],"acf":[],"yoast_head":"<!-- This site is optimized with the Yoast SEO plugin v27.4 - https:\/\/yoast.com\/product\/yoast-seo-wordpress\/ -->\n<title>REER collectif | Caisse Alliance<\/title>\n<meta name=\"robots\" content=\"index, follow, max-snippet:-1, max-image-preview:large, max-video-preview:-1\" \/>\n<link rel=\"canonical\" href=\"https:\/\/www.caissealliance.com\/fr\/entreprises\/services\/solutions-pour-employeurs\/reer-collectif\/\" \/>\n<meta property=\"og:locale\" content=\"fr_FR\" \/>\n<meta property=\"og:type\" content=\"article\" \/>\n<meta property=\"og:title\" content=\"REER collectif | Caisse Alliance\" \/>\n<meta property=\"og:description\" content=\"Nous pouvons \u00e9galement vous offrir les services compl\u00e9mentaires suivants gr\u00e2ce \u00e0 des ententes de services avec certains partenaires. Si vous d\u00e9sirez obtenir plus de renseignements, veuillez communiquer avec un conseiller \u00e0 votre Caisse populaire. Regroupement de REER individuels dont l\u2019administration est centralis\u00e9e. Chaque participant peut se constituer un capital en pr\u00e9vision de la retraite \u00e0 [...]\" \/>\n<meta property=\"og:url\" content=\"https:\/\/www.caissealliance.com\/fr\/entreprises\/services\/solutions-pour-employeurs\/reer-collectif\/\" \/>\n<meta property=\"og:site_name\" content=\"Caisse Alliance\" \/>\n<meta property=\"article:modified_time\" content=\"2019-04-24T16:22:52+00:00\" \/>\n<meta name=\"twitter:card\" content=\"summary_large_image\" \/>\n<meta name=\"twitter:label1\" content=\"Dur\u00e9e de lecture estim\u00e9e\" \/>\n\t<meta name=\"twitter:data1\" content=\"1 minute\" \/>\n<script type=\"application\/ld+json\" class=\"yoast-schema-graph\">{\"@context\":\"https:\\\/\\\/schema.org\",\"@graph\":[{\"@type\":\"WebPage\",\"@id\":\"https:\\\/\\\/www.caissealliance.com\\\/fr\\\/entreprises\\\/services\\\/solutions-pour-employeurs\\\/reer-collectif\\\/\",\"url\":\"https:\\\/\\\/www.caissealliance.com\\\/fr\\\/entreprises\\\/services\\\/solutions-pour-employeurs\\\/reer-collectif\\\/\",\"name\":\"REER collectif | Caisse Alliance\",\"isPartOf\":{\"@id\":\"https:\\\/\\\/www.caissealliance.com\\\/fr\\\/#website\"},\"datePublished\":\"2019-03-22T16:53:42+00:00\",\"dateModified\":\"2019-04-24T16:22:52+00:00\",\"breadcrumb\":{\"@id\":\"https:\\\/\\\/www.caissealliance.com\\\/fr\\\/entreprises\\\/services\\\/solutions-pour-employeurs\\\/reer-collectif\\\/#breadcrumb\"},\"inLanguage\":\"fr-FR\",\"potentialAction\":[{\"@type\":\"ReadAction\",\"target\":[\"https:\\\/\\\/www.caissealliance.com\\\/fr\\\/entreprises\\\/services\\\/solutions-pour-employeurs\\\/reer-collectif\\\/\"]}]},{\"@type\":\"BreadcrumbList\",\"@id\":\"https:\\\/\\\/www.caissealliance.com\\\/fr\\\/entreprises\\\/services\\\/solutions-pour-employeurs\\\/reer-collectif\\\/#breadcrumb\",\"itemListElement\":[{\"@type\":\"ListItem\",\"position\":1,\"name\":\"Home\",\"item\":\"https:\\\/\\\/www.caissealliance.com\\\/fr\\\/\"},{\"@type\":\"ListItem\",\"position\":2,\"name\":\"Entreprises\",\"item\":\"https:\\\/\\\/www.caissealliance.com\\\/fr\\\/entreprises\\\/\"},{\"@type\":\"ListItem\",\"position\":3,\"name\":\"Services\",\"item\":\"https:\\\/\\\/www.caissealliance.com\\\/fr\\\/entreprises\\\/services\\\/\"},{\"@type\":\"ListItem\",\"position\":4,\"name\":\"Solutions pour employeurs\",\"item\":\"https:\\\/\\\/www.caissealliance.com\\\/fr\\\/entreprises\\\/services\\\/solutions-pour-employeurs\\\/\"},{\"@type\":\"ListItem\",\"position\":5,\"name\":\"REER collectif\"}]},{\"@type\":\"WebSite\",\"@id\":\"https:\\\/\\\/www.caissealliance.com\\\/fr\\\/#website\",\"url\":\"https:\\\/\\\/www.caissealliance.com\\\/fr\\\/\",\"name\":\"Caisse Alliance\",\"description\":\"Site Web de la Caisse Alliance\",\"potentialAction\":[{\"@type\":\"SearchAction\",\"target\":{\"@type\":\"EntryPoint\",\"urlTemplate\":\"https:\\\/\\\/www.caissealliance.com\\\/fr\\\/?s={search_term_string}\"},\"query-input\":{\"@type\":\"PropertyValueSpecification\",\"valueRequired\":true,\"valueName\":\"search_term_string\"}}],\"inLanguage\":\"fr-FR\"}]}<\/script>\n<!-- \/ Yoast SEO plugin. -->","yoast_head_json":{"title":"REER collectif | Caisse Alliance","robots":{"index":"index","follow":"follow","max-snippet":"max-snippet:-1","max-image-preview":"max-image-preview:large","max-video-preview":"max-video-preview:-1"},"canonical":"https:\/\/www.caissealliance.com\/fr\/entreprises\/services\/solutions-pour-employeurs\/reer-collectif\/","og_locale":"fr_FR","og_type":"article","og_title":"REER collectif | Caisse Alliance","og_description":"Nous pouvons \u00e9galement vous offrir les services compl\u00e9mentaires suivants gr\u00e2ce \u00e0 des ententes de services avec certains partenaires. Si vous d\u00e9sirez obtenir plus de renseignements, veuillez communiquer avec un conseiller \u00e0 votre Caisse populaire. Regroupement de REER individuels dont l\u2019administration est centralis\u00e9e. Chaque participant peut se constituer un capital en pr\u00e9vision de la retraite \u00e0 [...]","og_url":"https:\/\/www.caissealliance.com\/fr\/entreprises\/services\/solutions-pour-employeurs\/reer-collectif\/","og_site_name":"Caisse Alliance","article_modified_time":"2019-04-24T16:22:52+00:00","twitter_card":"summary_large_image","twitter_misc":{"Dur\u00e9e de lecture estim\u00e9e":"1 minute"},"schema":{"@context":"https:\/\/schema.org","@graph":[{"@type":"WebPage","@id":"https:\/\/www.caissealliance.com\/fr\/entreprises\/services\/solutions-pour-employeurs\/reer-collectif\/","url":"https:\/\/www.caissealliance.com\/fr\/entreprises\/services\/solutions-pour-employeurs\/reer-collectif\/","name":"REER collectif | Caisse Alliance","isPartOf":{"@id":"https:\/\/www.caissealliance.com\/fr\/#website"},"datePublished":"2019-03-22T16:53:42+00:00","dateModified":"2019-04-24T16:22:52+00:00","breadcrumb":{"@id":"https:\/\/www.caissealliance.com\/fr\/entreprises\/services\/solutions-pour-employeurs\/reer-collectif\/#breadcrumb"},"inLanguage":"fr-FR","potentialAction":[{"@type":"ReadAction","target":["https:\/\/www.caissealliance.com\/fr\/entreprises\/services\/solutions-pour-employeurs\/reer-collectif\/"]}]},{"@type":"BreadcrumbList","@id":"https:\/\/www.caissealliance.com\/fr\/entreprises\/services\/solutions-pour-employeurs\/reer-collectif\/#breadcrumb","itemListElement":[{"@type":"ListItem","position":1,"name":"Home","item":"https:\/\/www.caissealliance.com\/fr\/"},{"@type":"ListItem","position":2,"name":"Entreprises","item":"https:\/\/www.caissealliance.com\/fr\/entreprises\/"},{"@type":"ListItem","position":3,"name":"Services","item":"https:\/\/www.caissealliance.com\/fr\/entreprises\/services\/"},{"@type":"ListItem","position":4,"name":"Solutions pour employeurs","item":"https:\/\/www.caissealliance.com\/fr\/entreprises\/services\/solutions-pour-employeurs\/"},{"@type":"ListItem","position":5,"name":"REER collectif"}]},{"@type":"WebSite","@id":"https:\/\/www.caissealliance.com\/fr\/#website","url":"https:\/\/www.caissealliance.com\/fr\/","name":"Caisse Alliance","description":"Site Web de la Caisse Alliance","potentialAction":[{"@type":"SearchAction","target":{"@type":"EntryPoint","urlTemplate":"https:\/\/www.caissealliance.com\/fr\/?s={search_term_string}"},"query-input":{"@type":"PropertyValueSpecification","valueRequired":true,"valueName":"search_term_string"}}],"inLanguage":"fr-FR"}]}},"publishpress_future_action":{"enabled":false,"date":"2026-05-06 15:37:19","action":"change-status","newStatus":"draft","terms":[],"taxonomy":"section","extraData":[]},"publishpress_future_workflow_manual_trigger":{"enabledWorkflows":[]},"_links":{"self":[{"href":"https:\/\/www.caissealliance.com\/fr\/wp-json\/wp\/v2\/pages\/1914","targetHints":{"allow":["GET"]}}],"collection":[{"href":"https:\/\/www.caissealliance.com\/fr\/wp-json\/wp\/v2\/pages"}],"about":[{"href":"https:\/\/www.caissealliance.com\/fr\/wp-json\/wp\/v2\/types\/page"}],"author":[{"embeddable":true,"href":"https:\/\/www.caissealliance.com\/fr\/wp-json\/wp\/v2\/users\/1"}],"replies":[{"embeddable":true,"href":"https:\/\/www.caissealliance.com\/fr\/wp-json\/wp\/v2\/comments?post=1914"}],"version-history":[{"count":2,"href":"https:\/\/www.caissealliance.com\/fr\/wp-json\/wp\/v2\/pages\/1914\/revisions"}],"predecessor-version":[{"id":3188,"href":"https:\/\/www.caissealliance.com\/fr\/wp-json\/wp\/v2\/pages\/1914\/revisions\/3188"}],"up":[{"embeddable":true,"href":"https:\/\/www.caissealliance.com\/fr\/wp-json\/wp\/v2\/pages\/1814"}],"wp:attachment":[{"href":"https:\/\/www.caissealliance.com\/fr\/wp-json\/wp\/v2\/media?parent=1914"}],"curies":[{"name":"wp","href":"https:\/\/api.w.org\/{rel}","templated":true}]}}